{"id":136126,"date":"2023-06-12T11:40:57","date_gmt":"2023-06-12T09:40:57","guid":{"rendered":"https:\/\/ueberlebenskunst.at\/survivalshop\/?post_type=product&#038;p=136126"},"modified":"2026-02-03T09:50:52","modified_gmt":"2026-02-03T08:50:52","slug":"k4-lampenhalterung-fuer-olight-i3e-eos","status":"publish","type":"product","link":"https:\/\/ueberlebenskunst.at\/survivalshop\/shop\/k4-lampenhalterung-fuer-olight-i3e-eos\/","title":{"rendered":"K4 Lampenhalterung f\u00fcr Kydexscheide Olight i3E EOS"},"content":{"rendered":"<p>Diese K4 Universalhalterung ist auf herk\u00f6mmliche Kydexscheiden mit einer maximalen St\u00e4rke von 4mm montierbar und bietet dir die M\u00f6glichkeit die beliebte EDC Lampe der Firma Olight, konkret das Modell &#8220;i3E EOS&#8221; zu montieren. Dies ist besonders f\u00fcr kleine EDC Messer eine interessante Kombination. Warum? Weil du neben der scharfen Klinge auch die M\u00f6glichkeit hast die so wichtige Funktion Licht immer mit dabei zu haben &#8211; wahre Every Day Carry eben!<\/p>\n<p>Dieser Holster kann auf Kydexscheiden mithilfe des mitgelieferten Schraubmaterials einfach mit wenigen Handgriffen montiert werden. Zudem ist der montierbare Holster mit den meisten Kydexscheiden kompatibel. Wir schaffen dies durch den Einsatz von Lampenl\u00f6chern, die eine flexible Montage erlauben. Die Olight i3E EOS ist in dieser Halterung fest montiert und hat auch kopf\u00fcber immer perfekten Halt und das stellt sicher, dass du deine Lampe immer dabeihaben kannst.<\/p>\n<p>Wir wollen darauf hinweisen, dass im Lieferumfang nur die Made in Austria in der Reini Rossmann hergestellte Halterung f\u00fcr Kydex enthalten ist. Die Lampe ist ausdr\u00fccklich NICHT im Lieferumfang enthalten.<\/p>\n<p>Vielleicht interessiert dich auch unsere<a href=\"https:\/\/ueberlebenskunst.at\/survivalshop\/shop\/k4-edc-lampenhalterung-fuer-olight-i3e-eos\/\" target=\"_blank\" rel=\"noopener\"> K4 Every Day Carry Lampenhalterung f\u00fcr die Olight i3E EOS<\/a>.<\/p>\n<h3><strong>Produktdaten:<\/strong><\/h3>\n<ul>\n<li>Gewicht: 11 g<\/li>\n<li>Abmessungen: 24 x 35 x 68 mm<\/li>\n<li>f\u00fcr Feuerst\u00e4hle mit 8 mm Durchmesser<\/li>\n<\/ul>\n<h3><strong>Passt auf:<\/strong><\/h3>\n<ul>\n<li>Scheiden mit ca. 4 mm St\u00e4rke<\/li>\n<\/ul>\n<h3><strong>Passendes Zubeh\u00f6r:<\/strong><\/h3>\n<ul>\n<li><a href=\"https:\/\/ueberlebenskunst.at\/survivalshop\/shop\/k4-2er-schraubenset-9mm\/\" target=\"_blank\" rel=\"noopener\">Ersatzschrauben 7 mm<\/a><\/li>\n<\/ul>\n<h3><strong>Lieferumfang:<\/strong><\/h3>\n<ul>\n<li>Lampenhalter inkl. Montageschrauben (OHNE Lampe)<\/li>\n<li><strong>Achtung: auf den Produktbildern befindet sich optionales Zubeh\u00f6r, das im Lieferumfang NICHT enthalten ist.<\/strong><\/li>\n<\/ul>\n<h3><strong>Bedienungs- &amp; Pflegeanleitung:<\/strong><\/h3>\n<ul>\n<li>Die Reinigung mit Wasser und Seife ist m\u00f6glich.<\/li>\n<li>Du solltest die Steckscheide nicht direkt in die N\u00e4he von Feuer oder anderen Hitzequellen legen!<\/li>\n<li>Wird deine Steckscheide \u00fcber l\u00e4ngere Zeit sehr kalten Temperaturen unter 0 \u00b0C ausgesetzt, solltest du<br \/>\nin dem Moment darauf achten, dass keine starken Belastungen darauf einwirken.<\/li>\n<\/ul>\n<p>Unsere Produkte sind nicht f\u00fcr Kinder unter 3 Jahren geeignet. Es besteht Verschluckungsgefahr.<\/p>\n<p><a href=\"https:\/\/ueberlebenskunst.at\/survivalshop\/wp-content\/uploads\/2021\/11\/Logo_Kinder.png\"><img decoding=\"async\" class=\"alignnone size-medium wp-image-179571\" src=\"https:\/\/ueberlebenskunst.at\/survivalshop\/wp-content\/uploads\/2021\/11\/Logo_Kinder-300x126.png\" alt=\"\" width=\"300\" height=\"126\" srcset=\"https:\/\/ueberlebenskunst.at\/survivalshop\/wp-content\/uploads\/2021\/11\/Logo_Kinder-300x126.png 300w, https:\/\/ueberlebenskunst.at\/survivalshop\/wp-content\/uploads\/2021\/11\/Logo_Kinder-64x27.png 64w, https:\/\/ueberlebenskunst.at\/survivalshop\/wp-content\/uploads\/2021\/11\/Logo_Kinder.png 401w\" sizes=\"(max-width: 300px) 100vw, 300px\" \/><\/a><\/p>\n<p><span style=\"color: #99cc00;\">Du willst das Produkt in einer anderen Farbe? Schick uns eine E-Mail an shop@ueberlebenskunst.at und wir pr\u00fcfen, ob dein Farbwunsch\u00a0m\u00f6glich\u00a0ist.<\/span><\/p>\n","protected":false},"excerpt":{"rendered":"<p>Diese K4 Universalhalterung ist auf herk\u00f6mmliche Kydexscheiden mit einer maximalen St\u00e4rke von 4mm montierbar und bietet dir die M\u00f6glichkeit die beliebte EDC Lampe der Firma Olight, konkret das Modell &#8220;i3E EOS&#8221; zu montieren. Dies ist besonders f\u00fcr kleine EDC Messer eine interessante Kombination. Warum? Weil du neben der scharfen Klinge auch die M\u00f6glichkeit hast die [&hellip;]<\/p>\n","protected":false},"featured_media":136187,"comment_status":"open","ping_status":"closed","template":"","meta":{"_acf_changed":false},"product_brand":[],"product_cat":[1790],"product_tag":[1256,1255,1653],"class_list":{"0":"post-136126","1":"product","2":"type-product","3":"status-publish","4":"has-post-thumbnail","6":"product_cat-knives-4","7":"product_tag-k4","8":"product_tag-knives4","9":"product_tag-olight","11":"first","12":"instock","13":"taxable","14":"shipping-taxable","15":"purchasable","16":"product-type-simple"},"acf":[],"yoast_head":"<!-- This site is optimized with the Yoast SEO plugin v27.1.1 - https:\/\/yoast.com\/product\/yoast-seo-wordpress\/ -->\n<title>K4 Lampenhalterung f\u00fcr Kydexscheide Olight i3E EOS - Reini Rossmann - Survival Shop<\/title>\n<meta name=\"robots\" content=\"index, follow, max-snippet:-1, max-image-preview:large, max-video-preview:-1\" \/>\n<link rel=\"canonical\" href=\"https:\/\/ueberlebenskunst.at\/survivalshop\/shop\/k4-lampenhalterung-fuer-olight-i3e-eos\/\" \/>\n<meta property=\"og:locale\" content=\"de_DE\" \/>\n<meta property=\"og:type\" content=\"article\" \/>\n<meta property=\"og:title\" content=\"K4 Lampenhalterung f\u00fcr Kydexscheide Olight i3E EOS - Reini Rossmann - Survival Shop\" \/>\n<meta property=\"og:description\" content=\"Diese K4 Universalhalterung ist auf herk\u00f6mmliche Kydexscheiden mit einer maximalen St\u00e4rke von 4mm montierbar und bietet dir die M\u00f6glichkeit die beliebte EDC Lampe der Firma Olight, konkret das Modell &#8220;i3E EOS&#8221; zu montieren. Dies ist besonders f\u00fcr kleine EDC Messer eine interessante Kombination. Warum? Weil du neben der scharfen Klinge auch die M\u00f6glichkeit hast die [&hellip;]\" \/>\n<meta property=\"og:url\" content=\"https:\/\/ueberlebenskunst.at\/survivalshop\/shop\/k4-lampenhalterung-fuer-olight-i3e-eos\/\" \/>\n<meta property=\"og:site_name\" content=\"Reini Rossmann - Survival Shop\" \/>\n<meta property=\"article:publisher\" content=\"https:\/\/www.facebook.com\/survival24.org\/\" \/>\n<meta property=\"article:modified_time\" content=\"2026-02-03T08:50:52+00:00\" \/>\n<meta property=\"og:image\" content=\"https:\/\/ueberlebenskunst.at\/survivalshop\/wp-content\/uploads\/2023\/06\/K4_Lampenhalterung_Olight_i3E_EOS_sk.jpg\" \/>\n\t<meta property=\"og:image:width\" content=\"400\" \/>\n\t<meta property=\"og:image:height\" content=\"400\" \/>\n\t<meta property=\"og:image:type\" content=\"image\/jpeg\" \/>\n<meta name=\"twitter:card\" content=\"summary_large_image\" \/>\n<meta name=\"twitter:label1\" content=\"Gesch\u00e4tzte Lesezeit\" \/>\n\t<meta name=\"twitter:data1\" content=\"3\u00a0Minuten\" \/>\n<script type=\"application\/ld+json\" class=\"yoast-schema-graph\">{\"@context\":\"https:\/\/schema.org\",\"@graph\":[{\"@type\":\"WebPage\",\"@id\":\"https:\/\/ueberlebenskunst.at\/survivalshop\/shop\/k4-lampenhalterung-fuer-olight-i3e-eos\/\",\"url\":\"https:\/\/ueberlebenskunst.at\/survivalshop\/shop\/k4-lampenhalterung-fuer-olight-i3e-eos\/\",\"name\":\"K4 Lampenhalterung f\u00fcr Kydexscheide Olight i3E EOS - Reini Rossmann - Survival Shop\",\"isPartOf\":{\"@id\":\"https:\/\/ueberlebenskunst.at\/survivalshop\/#website\"},\"primaryImageOfPage\":{\"@id\":\"https:\/\/ueberlebenskunst.at\/survivalshop\/shop\/k4-lampenhalterung-fuer-olight-i3e-eos\/#primaryimage\"},\"image\":{\"@id\":\"https:\/\/ueberlebenskunst.at\/survivalshop\/shop\/k4-lampenhalterung-fuer-olight-i3e-eos\/#primaryimage\"},\"thumbnailUrl\":\"https:\/\/ueberlebenskunst.at\/survivalshop\/wp-content\/uploads\/2023\/06\/K4_Lampenhalterung_Olight_i3E_EOS_sk.jpg\",\"datePublished\":\"2023-06-12T09:40:57+00:00\",\"dateModified\":\"2026-02-03T08:50:52+00:00\",\"breadcrumb\":{\"@id\":\"https:\/\/ueberlebenskunst.at\/survivalshop\/shop\/k4-lampenhalterung-fuer-olight-i3e-eos\/#breadcrumb\"},\"inLanguage\":\"de\",\"potentialAction\":[{\"@type\":\"ReadAction\",\"target\":[\"https:\/\/ueberlebenskunst.at\/survivalshop\/shop\/k4-lampenhalterung-fuer-olight-i3e-eos\/\"]}]},{\"@type\":\"ImageObject\",\"inLanguage\":\"de\",\"@id\":\"https:\/\/ueberlebenskunst.at\/survivalshop\/shop\/k4-lampenhalterung-fuer-olight-i3e-eos\/#primaryimage\",\"url\":\"https:\/\/ueberlebenskunst.at\/survivalshop\/wp-content\/uploads\/2023\/06\/K4_Lampenhalterung_Olight_i3E_EOS_sk.jpg\",\"contentUrl\":\"https:\/\/ueberlebenskunst.at\/survivalshop\/wp-content\/uploads\/2023\/06\/K4_Lampenhalterung_Olight_i3E_EOS_sk.jpg\",\"width\":400,\"height\":400},{\"@type\":\"BreadcrumbList\",\"@id\":\"https:\/\/ueberlebenskunst.at\/survivalshop\/shop\/k4-lampenhalterung-fuer-olight-i3e-eos\/#breadcrumb\",\"itemListElement\":[{\"@type\":\"ListItem\",\"position\":1,\"name\":\"Startseite\",\"item\":\"https:\/\/ueberlebenskunst.at\/survivalshop\/\"},{\"@type\":\"ListItem\",\"position\":2,\"name\":\"Shop\",\"item\":\"https:\/\/ueberlebenskunst.at\/survivalshop\/shop\/\"},{\"@type\":\"ListItem\",\"position\":3,\"name\":\"K4 Lampenhalterung f\u00fcr Kydexscheide Olight i3E EOS\"}]},{\"@type\":\"WebSite\",\"@id\":\"https:\/\/ueberlebenskunst.at\/survivalshop\/#website\",\"url\":\"https:\/\/ueberlebenskunst.at\/survivalshop\/\",\"name\":\"Reini Rossmann - Survival Shop\",\"description\":\"Survival Shop f\u00fcr Survival, Bushcraft und Prepper\",\"potentialAction\":[{\"@type\":\"SearchAction\",\"target\":{\"@type\":\"EntryPoint\",\"urlTemplate\":\"https:\/\/ueberlebenskunst.at\/survivalshop\/?s={search_term_string}\"},\"query-input\":{\"@type\":\"PropertyValueSpecification\",\"valueRequired\":true,\"valueName\":\"search_term_string\"}}],\"inLanguage\":\"de\"}]}<\/script>\n<!-- \/ Yoast SEO plugin. -->","yoast_head_json":{"title":"K4 Lampenhalterung f\u00fcr Kydexscheide Olight i3E EOS - Reini Rossmann - Survival Shop","robots":{"index":"index","follow":"follow","max-snippet":"max-snippet:-1","max-image-preview":"max-image-preview:large","max-video-preview":"max-video-preview:-1"},"canonical":"https:\/\/ueberlebenskunst.at\/survivalshop\/shop\/k4-lampenhalterung-fuer-olight-i3e-eos\/","og_locale":"de_DE","og_type":"article","og_title":"K4 Lampenhalterung f\u00fcr Kydexscheide Olight i3E EOS - Reini Rossmann - Survival Shop","og_description":"Diese K4 Universalhalterung ist auf herk\u00f6mmliche Kydexscheiden mit einer maximalen St\u00e4rke von 4mm montierbar und bietet dir die M\u00f6glichkeit die beliebte EDC Lampe der Firma Olight, konkret das Modell &#8220;i3E EOS&#8221; zu montieren. Dies ist besonders f\u00fcr kleine EDC Messer eine interessante Kombination. Warum? Weil du neben der scharfen Klinge auch die M\u00f6glichkeit hast die [&hellip;]","og_url":"https:\/\/ueberlebenskunst.at\/survivalshop\/shop\/k4-lampenhalterung-fuer-olight-i3e-eos\/","og_site_name":"Reini Rossmann - Survival Shop","article_publisher":"https:\/\/www.facebook.com\/survival24.org\/","article_modified_time":"2026-02-03T08:50:52+00:00","og_image":[{"width":400,"height":400,"url":"https:\/\/ueberlebenskunst.at\/survivalshop\/wp-content\/uploads\/2023\/06\/K4_Lampenhalterung_Olight_i3E_EOS_sk.jpg","type":"image\/jpeg"}],"twitter_card":"summary_large_image","twitter_misc":{"Gesch\u00e4tzte Lesezeit":"3\u00a0Minuten"},"schema":{"@context":"https:\/\/schema.org","@graph":[{"@type":"WebPage","@id":"https:\/\/ueberlebenskunst.at\/survivalshop\/shop\/k4-lampenhalterung-fuer-olight-i3e-eos\/","url":"https:\/\/ueberlebenskunst.at\/survivalshop\/shop\/k4-lampenhalterung-fuer-olight-i3e-eos\/","name":"K4 Lampenhalterung f\u00fcr Kydexscheide Olight i3E EOS - Reini Rossmann - Survival Shop","isPartOf":{"@id":"https:\/\/ueberlebenskunst.at\/survivalshop\/#website"},"primaryImageOfPage":{"@id":"https:\/\/ueberlebenskunst.at\/survivalshop\/shop\/k4-lampenhalterung-fuer-olight-i3e-eos\/#primaryimage"},"image":{"@id":"https:\/\/ueberlebenskunst.at\/survivalshop\/shop\/k4-lampenhalterung-fuer-olight-i3e-eos\/#primaryimage"},"thumbnailUrl":"https:\/\/ueberlebenskunst.at\/survivalshop\/wp-content\/uploads\/2023\/06\/K4_Lampenhalterung_Olight_i3E_EOS_sk.jpg","datePublished":"2023-06-12T09:40:57+00:00","dateModified":"2026-02-03T08:50:52+00:00","breadcrumb":{"@id":"https:\/\/ueberlebenskunst.at\/survivalshop\/shop\/k4-lampenhalterung-fuer-olight-i3e-eos\/#breadcrumb"},"inLanguage":"de","potentialAction":[{"@type":"ReadAction","target":["https:\/\/ueberlebenskunst.at\/survivalshop\/shop\/k4-lampenhalterung-fuer-olight-i3e-eos\/"]}]},{"@type":"ImageObject","inLanguage":"de","@id":"https:\/\/ueberlebenskunst.at\/survivalshop\/shop\/k4-lampenhalterung-fuer-olight-i3e-eos\/#primaryimage","url":"https:\/\/ueberlebenskunst.at\/survivalshop\/wp-content\/uploads\/2023\/06\/K4_Lampenhalterung_Olight_i3E_EOS_sk.jpg","contentUrl":"https:\/\/ueberlebenskunst.at\/survivalshop\/wp-content\/uploads\/2023\/06\/K4_Lampenhalterung_Olight_i3E_EOS_sk.jpg","width":400,"height":400},{"@type":"BreadcrumbList","@id":"https:\/\/ueberlebenskunst.at\/survivalshop\/shop\/k4-lampenhalterung-fuer-olight-i3e-eos\/#breadcrumb","itemListElement":[{"@type":"ListItem","position":1,"name":"Startseite","item":"https:\/\/ueberlebenskunst.at\/survivalshop\/"},{"@type":"ListItem","position":2,"name":"Shop","item":"https:\/\/ueberlebenskunst.at\/survivalshop\/shop\/"},{"@type":"ListItem","position":3,"name":"K4 Lampenhalterung f\u00fcr Kydexscheide Olight i3E EOS"}]},{"@type":"WebSite","@id":"https:\/\/ueberlebenskunst.at\/survivalshop\/#website","url":"https:\/\/ueberlebenskunst.at\/survivalshop\/","name":"Reini Rossmann - Survival Shop","description":"Survival Shop f\u00fcr Survival, Bushcraft und Prepper","potentialAction":[{"@type":"SearchAction","target":{"@type":"EntryPoint","urlTemplate":"https:\/\/ueberlebenskunst.at\/survivalshop\/?s={search_term_string}"},"query-input":{"@type":"PropertyValueSpecification","valueRequired":true,"valueName":"search_term_string"}}],"inLanguage":"de"}]}},"_links":{"self":[{"href":"https:\/\/ueberlebenskunst.at\/survivalshop\/wp-json\/wp\/v2\/product\/136126","targetHints":{"allow":["GET"]}}],"collection":[{"href":"https:\/\/ueberlebenskunst.at\/survivalshop\/wp-json\/wp\/v2\/product"}],"about":[{"href":"https:\/\/ueberlebenskunst.at\/survivalshop\/wp-json\/wp\/v2\/types\/product"}],"replies":[{"embeddable":true,"href":"https:\/\/ueberlebenskunst.at\/survivalshop\/wp-json\/wp\/v2\/comments?post=136126"}],"wp:featuredmedia":[{"embeddable":true,"href":"https:\/\/ueberlebenskunst.at\/survivalshop\/wp-json\/wp\/v2\/media\/136187"}],"wp:attachment":[{"href":"https:\/\/ueberlebenskunst.at\/survivalshop\/wp-json\/wp\/v2\/media?parent=136126"}],"wp:term":[{"taxonomy":"product_brand","embeddable":true,"href":"https:\/\/ueberlebenskunst.at\/survivalshop\/wp-json\/wp\/v2\/product_brand?post=136126"},{"taxonomy":"product_cat","embeddable":true,"href":"https:\/\/ueberlebenskunst.at\/survivalshop\/wp-json\/wp\/v2\/product_cat?post=136126"},{"taxonomy":"product_tag","embeddable":true,"href":"https:\/\/ueberlebenskunst.at\/survivalshop\/wp-json\/wp\/v2\/product_tag?post=136126"}],"curies":[{"name":"wp","href":"https:\/\/api.w.org\/{rel}","templated":true}]}}