{"id":136125,"date":"2023-06-12T11:15:11","date_gmt":"2023-06-12T09:15:11","guid":{"rendered":"https:\/\/ueberlebenskunst.at\/survivalshop\/?post_type=product&#038;p=136125"},"modified":"2025-06-26T20:42:00","modified_gmt":"2025-06-26T18:42:00","slug":"k4-feuerstahlhalter-fuer-wolfgangsmesser-w-scandi","status":"publish","type":"product","link":"https:\/\/ueberlebenskunst.at\/survivalshop\/shop\/k4-feuerstahlhalter-fuer-wolfgangsmesser-w-scandi\/","title":{"rendered":"K4 Feuerstahlhalter inkl. Feuerstahl f\u00fcr Wolfgangsmesser W-SCANDI"},"content":{"rendered":"<p>Unser K4 Feuerstahlhalter f\u00fcr Wolfgangsmesser Modell &#8220;W-SCANDI&#8221; ist die perfekte Erg\u00e4nzung f\u00fcr das sehr beliebte Outdoor-Messer von der Firma Wolfgangs. Der Feuerstahlhalter gemacht in \u00d6sterreich in der Reini Rossmann Werkstatt ist passgenau f\u00fcr die Kunststoffscheide des Wolfgangsmesser W-SCANDI und kann mithilfe der im Lieferumfang enthaltenen Montageschrauben leicht montiert und auch fixiert werden.<\/p>\n<p>Im Lieferumfang ist ein passender Feuerstahl enthalten, der mittels Flexicord in Position gehalten wird. Somit ist sichergestellt, dass der Feuerstahl stets mit dem Messer fix verbunden ist und immer am K\u00f6rper getragen werden kann.<\/p>\n<p>Bitte beachte, dass diese K4 Feuerstahlhalterung nur mit dem Modell W-SCANDI der Firma Wolfgangs kompatibel ist.<\/p>\n<h3><strong>Produktdaten:<\/strong><\/h3>\n<ul>\n<li>Gewicht: 8 g<\/li>\n<li>Abmessungen: 14 x 26 x 68 mm<\/li>\n<li>F\u00fcr Feuerst\u00e4hle mit 8 mm Durchmesser<\/li>\n<\/ul>\n<h3><strong>Passt auf:<\/strong><\/h3>\n<ul>\n<li>Wolfgangs Messer W-SCANDI<\/li>\n<\/ul>\n<h3><strong>Passendes Zubeh\u00f6r (extra erh\u00e4ltlich):<\/strong><\/h3>\n<ul>\n<li>Unsere Universalhalter wie z. B. <a href=\"https:\/\/ueberlebenskunst.at\/survivalshop\/shop\/universal-feuerstahlhalter\/\" target=\"_blank\" rel=\"noopener\">FHUNI<\/a><\/li>\n<li><a href=\"https:\/\/ueberlebenskunst.at\/survivalshop\/shop\/reini-rossmann-irbis-messer\/\" target=\"_blank\" rel=\"noopener\">Irbis<\/a><\/li>\n<\/ul>\n<h3><strong>Lieferumfang:<\/strong><\/h3>\n<ul>\n<li>Feuerstahlhalter inkl. Feuerstahl inkl. Montageschrauben<\/li>\n<li><strong>Achtung: auf den Produktbildern befindet sich optionales Zubeh\u00f6r, das im Lieferumfang NICHT enthalten ist.<\/strong><\/li>\n<\/ul>\n<h3><strong>Bedienungs- &amp; Pflegeanleitung:<\/strong><\/h3>\n<ul>\n<li>Die Reinigung mit Wasser und Seife ist m\u00f6glich.<\/li>\n<li>Du solltest die Steckscheide nicht direkt in die N\u00e4he von Feuer oder anderen Hitzequellen legen!<\/li>\n<li>Wird deine Steckscheide \u00fcber l\u00e4ngere Zeit sehr kalten Temperaturen unter 0 \u00b0C ausgesetzt, solltest du<br \/>\nin dem Moment darauf achten, dass keine starken Belastungen darauf einwirken.<\/li>\n<\/ul>\n<p>Unsere Produkte sind nicht f\u00fcr Kinder unter 3 Jahren geeignet. Es besteht Verschluckungsgefahr.<\/p>\n<p><span style=\"color: #99cc00;\">Du willst das Produkt in einer anderen Farbe? Schick uns eine E-Mail an shop@ueberlebenskunst.at und wir pr\u00fcfen, ob dein Farbwunsch\u00a0m\u00f6glich\u00a0ist.<\/span><\/p>\n","protected":false},"excerpt":{"rendered":"<p>Unser K4 Feuerstahlhalter f\u00fcr Wolfgangsmesser Modell &#8220;W-SCANDI&#8221; ist die perfekte Erg\u00e4nzung f\u00fcr das sehr beliebte Outdoor-Messer von der Firma Wolfgangs. Der Feuerstahlhalter gemacht in \u00d6sterreich in der Reini Rossmann Werkstatt ist passgenau f\u00fcr die Kunststoffscheide des Wolfgangsmesser W-SCANDI und kann mithilfe der im Lieferumfang enthaltenen Montageschrauben leicht montiert und auch fixiert werden. Im Lieferumfang ist [&hellip;]<\/p>\n","protected":false},"featured_media":136192,"comment_status":"open","ping_status":"closed","template":"","meta":{"_acf_changed":false},"product_brand":[],"product_cat":[1945],"product_tag":[1651,1256,1255,1652],"class_list":{"0":"post-136125","1":"product","2":"type-product","3":"status-publish","4":"has-post-thumbnail","6":"product_cat-survivalausruestung","7":"product_tag-feuerstahlhalterung","8":"product_tag-k4","9":"product_tag-knives4","10":"product_tag-wolfgangsmesser","12":"first","13":"instock","14":"taxable","15":"shipping-taxable","16":"purchasable","17":"product-type-simple"},"acf":[],"yoast_head":"<!-- This site is optimized with the Yoast SEO plugin v27.1.1 - https:\/\/yoast.com\/product\/yoast-seo-wordpress\/ -->\n<title>K4 Feuerstahlhalter inkl. Feuerstahl f\u00fcr Wolfgangsmesser W-SCANDI - Reini Rossmann - Survival Shop<\/title>\n<meta name=\"robots\" content=\"index, follow, max-snippet:-1, max-image-preview:large, max-video-preview:-1\" \/>\n<link rel=\"canonical\" href=\"https:\/\/ueberlebenskunst.at\/survivalshop\/shop\/k4-feuerstahlhalter-fuer-wolfgangsmesser-w-scandi\/\" \/>\n<meta property=\"og:locale\" content=\"de_DE\" \/>\n<meta property=\"og:type\" content=\"article\" \/>\n<meta property=\"og:title\" content=\"K4 Feuerstahlhalter inkl. Feuerstahl f\u00fcr Wolfgangsmesser W-SCANDI - Reini Rossmann - Survival Shop\" \/>\n<meta property=\"og:description\" content=\"Unser K4 Feuerstahlhalter f\u00fcr Wolfgangsmesser Modell &#8220;W-SCANDI&#8221; ist die perfekte Erg\u00e4nzung f\u00fcr das sehr beliebte Outdoor-Messer von der Firma Wolfgangs. Der Feuerstahlhalter gemacht in \u00d6sterreich in der Reini Rossmann Werkstatt ist passgenau f\u00fcr die Kunststoffscheide des Wolfgangsmesser W-SCANDI und kann mithilfe der im Lieferumfang enthaltenen Montageschrauben leicht montiert und auch fixiert werden. Im Lieferumfang ist [&hellip;]\" \/>\n<meta property=\"og:url\" content=\"https:\/\/ueberlebenskunst.at\/survivalshop\/shop\/k4-feuerstahlhalter-fuer-wolfgangsmesser-w-scandi\/\" \/>\n<meta property=\"og:site_name\" content=\"Reini Rossmann - Survival Shop\" \/>\n<meta property=\"article:publisher\" content=\"https:\/\/www.facebook.com\/survival24.org\/\" \/>\n<meta property=\"article:modified_time\" content=\"2025-06-26T18:42:00+00:00\" \/>\n<meta property=\"og:image\" content=\"https:\/\/ueberlebenskunst.at\/survivalshop\/wp-content\/uploads\/2023\/06\/K4_Universal_Feuerstahl_Halterung_Wolfgangsmesser_W-SCANDI_sk-1.jpg\" \/>\n\t<meta property=\"og:image:width\" content=\"400\" \/>\n\t<meta property=\"og:image:height\" content=\"400\" \/>\n\t<meta property=\"og:image:type\" content=\"image\/jpeg\" \/>\n<meta name=\"twitter:card\" content=\"summary_large_image\" \/>\n<meta name=\"twitter:label1\" content=\"Gesch\u00e4tzte Lesezeit\" \/>\n\t<meta name=\"twitter:data1\" content=\"2\u00a0Minuten\" \/>\n<script type=\"application\/ld+json\" class=\"yoast-schema-graph\">{\"@context\":\"https:\/\/schema.org\",\"@graph\":[{\"@type\":\"WebPage\",\"@id\":\"https:\/\/ueberlebenskunst.at\/survivalshop\/shop\/k4-feuerstahlhalter-fuer-wolfgangsmesser-w-scandi\/\",\"url\":\"https:\/\/ueberlebenskunst.at\/survivalshop\/shop\/k4-feuerstahlhalter-fuer-wolfgangsmesser-w-scandi\/\",\"name\":\"K4 Feuerstahlhalter inkl. Feuerstahl f\u00fcr Wolfgangsmesser W-SCANDI - Reini Rossmann - Survival Shop\",\"isPartOf\":{\"@id\":\"https:\/\/ueberlebenskunst.at\/survivalshop\/#website\"},\"primaryImageOfPage\":{\"@id\":\"https:\/\/ueberlebenskunst.at\/survivalshop\/shop\/k4-feuerstahlhalter-fuer-wolfgangsmesser-w-scandi\/#primaryimage\"},\"image\":{\"@id\":\"https:\/\/ueberlebenskunst.at\/survivalshop\/shop\/k4-feuerstahlhalter-fuer-wolfgangsmesser-w-scandi\/#primaryimage\"},\"thumbnailUrl\":\"https:\/\/ueberlebenskunst.at\/survivalshop\/wp-content\/uploads\/2023\/06\/K4_Universal_Feuerstahl_Halterung_Wolfgangsmesser_W-SCANDI_sk-1.jpg\",\"datePublished\":\"2023-06-12T09:15:11+00:00\",\"dateModified\":\"2025-06-26T18:42:00+00:00\",\"breadcrumb\":{\"@id\":\"https:\/\/ueberlebenskunst.at\/survivalshop\/shop\/k4-feuerstahlhalter-fuer-wolfgangsmesser-w-scandi\/#breadcrumb\"},\"inLanguage\":\"de\",\"potentialAction\":[{\"@type\":\"ReadAction\",\"target\":[\"https:\/\/ueberlebenskunst.at\/survivalshop\/shop\/k4-feuerstahlhalter-fuer-wolfgangsmesser-w-scandi\/\"]}]},{\"@type\":\"ImageObject\",\"inLanguage\":\"de\",\"@id\":\"https:\/\/ueberlebenskunst.at\/survivalshop\/shop\/k4-feuerstahlhalter-fuer-wolfgangsmesser-w-scandi\/#primaryimage\",\"url\":\"https:\/\/ueberlebenskunst.at\/survivalshop\/wp-content\/uploads\/2023\/06\/K4_Universal_Feuerstahl_Halterung_Wolfgangsmesser_W-SCANDI_sk-1.jpg\",\"contentUrl\":\"https:\/\/ueberlebenskunst.at\/survivalshop\/wp-content\/uploads\/2023\/06\/K4_Universal_Feuerstahl_Halterung_Wolfgangsmesser_W-SCANDI_sk-1.jpg\",\"width\":400,\"height\":400},{\"@type\":\"BreadcrumbList\",\"@id\":\"https:\/\/ueberlebenskunst.at\/survivalshop\/shop\/k4-feuerstahlhalter-fuer-wolfgangsmesser-w-scandi\/#breadcrumb\",\"itemListElement\":[{\"@type\":\"ListItem\",\"position\":1,\"name\":\"Startseite\",\"item\":\"https:\/\/ueberlebenskunst.at\/survivalshop\/\"},{\"@type\":\"ListItem\",\"position\":2,\"name\":\"Shop\",\"item\":\"https:\/\/ueberlebenskunst.at\/survivalshop\/shop\/\"},{\"@type\":\"ListItem\",\"position\":3,\"name\":\"K4 Feuerstahlhalter inkl. Feuerstahl f\u00fcr Wolfgangsmesser W-SCANDI\"}]},{\"@type\":\"WebSite\",\"@id\":\"https:\/\/ueberlebenskunst.at\/survivalshop\/#website\",\"url\":\"https:\/\/ueberlebenskunst.at\/survivalshop\/\",\"name\":\"Reini Rossmann - Survival Shop\",\"description\":\"Survival Shop f\u00fcr Survival, Bushcraft und Prepper\",\"potentialAction\":[{\"@type\":\"SearchAction\",\"target\":{\"@type\":\"EntryPoint\",\"urlTemplate\":\"https:\/\/ueberlebenskunst.at\/survivalshop\/?s={search_term_string}\"},\"query-input\":{\"@type\":\"PropertyValueSpecification\",\"valueRequired\":true,\"valueName\":\"search_term_string\"}}],\"inLanguage\":\"de\"}]}<\/script>\n<!-- \/ Yoast SEO plugin. -->","yoast_head_json":{"title":"K4 Feuerstahlhalter inkl. Feuerstahl f\u00fcr Wolfgangsmesser W-SCANDI - Reini Rossmann - Survival Shop","robots":{"index":"index","follow":"follow","max-snippet":"max-snippet:-1","max-image-preview":"max-image-preview:large","max-video-preview":"max-video-preview:-1"},"canonical":"https:\/\/ueberlebenskunst.at\/survivalshop\/shop\/k4-feuerstahlhalter-fuer-wolfgangsmesser-w-scandi\/","og_locale":"de_DE","og_type":"article","og_title":"K4 Feuerstahlhalter inkl. Feuerstahl f\u00fcr Wolfgangsmesser W-SCANDI - Reini Rossmann - Survival Shop","og_description":"Unser K4 Feuerstahlhalter f\u00fcr Wolfgangsmesser Modell &#8220;W-SCANDI&#8221; ist die perfekte Erg\u00e4nzung f\u00fcr das sehr beliebte Outdoor-Messer von der Firma Wolfgangs. Der Feuerstahlhalter gemacht in \u00d6sterreich in der Reini Rossmann Werkstatt ist passgenau f\u00fcr die Kunststoffscheide des Wolfgangsmesser W-SCANDI und kann mithilfe der im Lieferumfang enthaltenen Montageschrauben leicht montiert und auch fixiert werden. Im Lieferumfang ist [&hellip;]","og_url":"https:\/\/ueberlebenskunst.at\/survivalshop\/shop\/k4-feuerstahlhalter-fuer-wolfgangsmesser-w-scandi\/","og_site_name":"Reini Rossmann - Survival Shop","article_publisher":"https:\/\/www.facebook.com\/survival24.org\/","article_modified_time":"2025-06-26T18:42:00+00:00","og_image":[{"width":400,"height":400,"url":"https:\/\/ueberlebenskunst.at\/survivalshop\/wp-content\/uploads\/2023\/06\/K4_Universal_Feuerstahl_Halterung_Wolfgangsmesser_W-SCANDI_sk-1.jpg","type":"image\/jpeg"}],"twitter_card":"summary_large_image","twitter_misc":{"Gesch\u00e4tzte Lesezeit":"2\u00a0Minuten"},"schema":{"@context":"https:\/\/schema.org","@graph":[{"@type":"WebPage","@id":"https:\/\/ueberlebenskunst.at\/survivalshop\/shop\/k4-feuerstahlhalter-fuer-wolfgangsmesser-w-scandi\/","url":"https:\/\/ueberlebenskunst.at\/survivalshop\/shop\/k4-feuerstahlhalter-fuer-wolfgangsmesser-w-scandi\/","name":"K4 Feuerstahlhalter inkl. Feuerstahl f\u00fcr Wolfgangsmesser W-SCANDI - Reini Rossmann - Survival Shop","isPartOf":{"@id":"https:\/\/ueberlebenskunst.at\/survivalshop\/#website"},"primaryImageOfPage":{"@id":"https:\/\/ueberlebenskunst.at\/survivalshop\/shop\/k4-feuerstahlhalter-fuer-wolfgangsmesser-w-scandi\/#primaryimage"},"image":{"@id":"https:\/\/ueberlebenskunst.at\/survivalshop\/shop\/k4-feuerstahlhalter-fuer-wolfgangsmesser-w-scandi\/#primaryimage"},"thumbnailUrl":"https:\/\/ueberlebenskunst.at\/survivalshop\/wp-content\/uploads\/2023\/06\/K4_Universal_Feuerstahl_Halterung_Wolfgangsmesser_W-SCANDI_sk-1.jpg","datePublished":"2023-06-12T09:15:11+00:00","dateModified":"2025-06-26T18:42:00+00:00","breadcrumb":{"@id":"https:\/\/ueberlebenskunst.at\/survivalshop\/shop\/k4-feuerstahlhalter-fuer-wolfgangsmesser-w-scandi\/#breadcrumb"},"inLanguage":"de","potentialAction":[{"@type":"ReadAction","target":["https:\/\/ueberlebenskunst.at\/survivalshop\/shop\/k4-feuerstahlhalter-fuer-wolfgangsmesser-w-scandi\/"]}]},{"@type":"ImageObject","inLanguage":"de","@id":"https:\/\/ueberlebenskunst.at\/survivalshop\/shop\/k4-feuerstahlhalter-fuer-wolfgangsmesser-w-scandi\/#primaryimage","url":"https:\/\/ueberlebenskunst.at\/survivalshop\/wp-content\/uploads\/2023\/06\/K4_Universal_Feuerstahl_Halterung_Wolfgangsmesser_W-SCANDI_sk-1.jpg","contentUrl":"https:\/\/ueberlebenskunst.at\/survivalshop\/wp-content\/uploads\/2023\/06\/K4_Universal_Feuerstahl_Halterung_Wolfgangsmesser_W-SCANDI_sk-1.jpg","width":400,"height":400},{"@type":"BreadcrumbList","@id":"https:\/\/ueberlebenskunst.at\/survivalshop\/shop\/k4-feuerstahlhalter-fuer-wolfgangsmesser-w-scandi\/#breadcrumb","itemListElement":[{"@type":"ListItem","position":1,"name":"Startseite","item":"https:\/\/ueberlebenskunst.at\/survivalshop\/"},{"@type":"ListItem","position":2,"name":"Shop","item":"https:\/\/ueberlebenskunst.at\/survivalshop\/shop\/"},{"@type":"ListItem","position":3,"name":"K4 Feuerstahlhalter inkl. Feuerstahl f\u00fcr Wolfgangsmesser W-SCANDI"}]},{"@type":"WebSite","@id":"https:\/\/ueberlebenskunst.at\/survivalshop\/#website","url":"https:\/\/ueberlebenskunst.at\/survivalshop\/","name":"Reini Rossmann - Survival Shop","description":"Survival Shop f\u00fcr Survival, Bushcraft und Prepper","potentialAction":[{"@type":"SearchAction","target":{"@type":"EntryPoint","urlTemplate":"https:\/\/ueberlebenskunst.at\/survivalshop\/?s={search_term_string}"},"query-input":{"@type":"PropertyValueSpecification","valueRequired":true,"valueName":"search_term_string"}}],"inLanguage":"de"}]}},"_links":{"self":[{"href":"https:\/\/ueberlebenskunst.at\/survivalshop\/wp-json\/wp\/v2\/product\/136125","targetHints":{"allow":["GET"]}}],"collection":[{"href":"https:\/\/ueberlebenskunst.at\/survivalshop\/wp-json\/wp\/v2\/product"}],"about":[{"href":"https:\/\/ueberlebenskunst.at\/survivalshop\/wp-json\/wp\/v2\/types\/product"}],"replies":[{"embeddable":true,"href":"https:\/\/ueberlebenskunst.at\/survivalshop\/wp-json\/wp\/v2\/comments?post=136125"}],"wp:featuredmedia":[{"embeddable":true,"href":"https:\/\/ueberlebenskunst.at\/survivalshop\/wp-json\/wp\/v2\/media\/136192"}],"wp:attachment":[{"href":"https:\/\/ueberlebenskunst.at\/survivalshop\/wp-json\/wp\/v2\/media?parent=136125"}],"wp:term":[{"taxonomy":"product_brand","embeddable":true,"href":"https:\/\/ueberlebenskunst.at\/survivalshop\/wp-json\/wp\/v2\/product_brand?post=136125"},{"taxonomy":"product_cat","embeddable":true,"href":"https:\/\/ueberlebenskunst.at\/survivalshop\/wp-json\/wp\/v2\/product_cat?post=136125"},{"taxonomy":"product_tag","embeddable":true,"href":"https:\/\/ueberlebenskunst.at\/survivalshop\/wp-json\/wp\/v2\/product_tag?post=136125"}],"curies":[{"name":"wp","href":"https:\/\/api.w.org\/{rel}","templated":true}]}}