{"id":136102,"date":"2023-06-12T10:04:47","date_gmt":"2023-06-12T08:04:47","guid":{"rendered":"https:\/\/ueberlebenskunst.at\/survivalshop\/?post_type=product&#038;p=136102"},"modified":"2026-02-16T07:11:30","modified_gmt":"2026-02-16T06:11:30","slug":"dual-knife-sharpener","status":"publish","type":"product","link":"https:\/\/ueberlebenskunst.at\/survivalshop\/shop\/dual-knife-sharpener\/","title":{"rendered":"Victorinox Dual Sharpener Messerschleifer"},"content":{"rendered":"<p>Messersch\u00e4rfer mit Doppelfunktion: Die perfekte, tragbare L\u00f6sung zum Sch\u00e4rfen all deiner Messer mit gerader Klinge, mit Schleifstein f\u00fcr den Grobschliff und Keramikpl\u00e4ttchen f\u00fcr den Feinschliff. Nie mehr stumpfe Klingen \u2013 der elegante und einfach zu bedienende Messersch\u00e4rfer h\u00e4lt dein Messer so scharf wie am ersten Tag. Das elegante Werkzeug verf\u00fcgt \u00fcber Keramikpl\u00e4ttchen und einen Schleifstein. Dabei ist es nicht gr\u00f6\u00dfer als ein Kugelschreiber. Halte ihn in der N\u00e4he, und du bist f\u00fcr alle Eventualit\u00e4ten bereit.<\/p>\n<h3>Produktdaten:<\/h3>\n<ul>\n<li>H\u00f6he: 18 mm<\/li>\n<li>L\u00e4nge: 144 mm<\/li>\n<li>Breite: 20 mm<\/li>\n<li>Gewicht: 40 g<\/li>\n<\/ul>\n<h3>Passendes, extra erh\u00e4ltliches Zubeh\u00f6r:<\/h3>\n<p><a href=\"https:\/\/ueberlebenskunst.at\/survivalshop\/shop\/k4-universal-halterung-fuer-victorinox-dual-messerschleifer\/\" target=\"_blank\" rel=\"noopener\">K4 Universal Halterung f\u00fcr Victorinox Dual Messerschleifer<\/a><\/p>\n","protected":false},"excerpt":{"rendered":"<p>Messersch\u00e4rfer mit Doppelfunktion: Die perfekte, tragbare L\u00f6sung zum Sch\u00e4rfen all deiner Messer mit gerader Klinge, mit Schleifstein f\u00fcr den Grobschliff und Keramikpl\u00e4ttchen f\u00fcr den Feinschliff. Nie mehr stumpfe Klingen \u2013 der elegante und einfach zu bedienende Messersch\u00e4rfer h\u00e4lt dein Messer so scharf wie am ersten Tag. Das elegante Werkzeug verf\u00fcgt \u00fcber Keramikpl\u00e4ttchen und einen Schleifstein. [&hellip;]<\/p>\n","protected":false},"featured_media":136130,"comment_status":"open","ping_status":"closed","template":"","meta":{"_acf_changed":false},"product_brand":[],"product_cat":[1100],"product_tag":[1739,1654,1147],"class_list":{"0":"post-136102","1":"product","2":"type-product","3":"status-publish","4":"has-post-thumbnail","6":"product_cat-schaerfegeraete","7":"product_tag-dualsharp","8":"product_tag-messerschaerfer","9":"product_tag-victorinox","11":"first","12":"outofstock","13":"taxable","14":"shipping-taxable","15":"purchasable","16":"product-type-simple"},"acf":[],"yoast_head":"<!-- This site is optimized with the Yoast SEO plugin v27.1.1 - https:\/\/yoast.com\/product\/yoast-seo-wordpress\/ -->\n<title>Victorinox Dual Sharpener Messerschleifer - Reini Rossmann - Survival Shop<\/title>\n<meta name=\"robots\" content=\"index, follow, max-snippet:-1, max-image-preview:large, max-video-preview:-1\" \/>\n<link rel=\"canonical\" href=\"https:\/\/ueberlebenskunst.at\/survivalshop\/shop\/dual-knife-sharpener\/\" \/>\n<meta property=\"og:locale\" content=\"de_DE\" \/>\n<meta property=\"og:type\" content=\"article\" \/>\n<meta property=\"og:title\" content=\"Victorinox Dual Sharpener Messerschleifer - Reini Rossmann - Survival Shop\" \/>\n<meta property=\"og:description\" content=\"Messersch\u00e4rfer mit Doppelfunktion: Die perfekte, tragbare L\u00f6sung zum Sch\u00e4rfen all deiner Messer mit gerader Klinge, mit Schleifstein f\u00fcr den Grobschliff und Keramikpl\u00e4ttchen f\u00fcr den Feinschliff. Nie mehr stumpfe Klingen \u2013 der elegante und einfach zu bedienende Messersch\u00e4rfer h\u00e4lt dein Messer so scharf wie am ersten Tag. Das elegante Werkzeug verf\u00fcgt \u00fcber Keramikpl\u00e4ttchen und einen Schleifstein. [&hellip;]\" \/>\n<meta property=\"og:url\" content=\"https:\/\/ueberlebenskunst.at\/survivalshop\/shop\/dual-knife-sharpener\/\" \/>\n<meta property=\"og:site_name\" content=\"Reini Rossmann - Survival Shop\" \/>\n<meta property=\"article:publisher\" content=\"https:\/\/www.facebook.com\/survival24.org\/\" \/>\n<meta property=\"article:modified_time\" content=\"2026-02-16T06:11:30+00:00\" \/>\n<meta property=\"og:image\" content=\"https:\/\/ueberlebenskunst.at\/survivalshop\/wp-content\/uploads\/2023\/06\/DualMesserschaerfer.jpg\" \/>\n\t<meta property=\"og:image:width\" content=\"400\" \/>\n\t<meta property=\"og:image:height\" content=\"350\" \/>\n\t<meta property=\"og:image:type\" content=\"image\/jpeg\" \/>\n<meta name=\"twitter:card\" content=\"summary_large_image\" \/>\n<meta name=\"twitter:label1\" content=\"Gesch\u00e4tzte Lesezeit\" \/>\n\t<meta name=\"twitter:data1\" content=\"1\u00a0Minute\" \/>\n<script type=\"application\/ld+json\" class=\"yoast-schema-graph\">{\"@context\":\"https:\/\/schema.org\",\"@graph\":[{\"@type\":\"WebPage\",\"@id\":\"https:\/\/ueberlebenskunst.at\/survivalshop\/shop\/dual-knife-sharpener\/\",\"url\":\"https:\/\/ueberlebenskunst.at\/survivalshop\/shop\/dual-knife-sharpener\/\",\"name\":\"Victorinox Dual Sharpener Messerschleifer - Reini Rossmann - Survival Shop\",\"isPartOf\":{\"@id\":\"https:\/\/ueberlebenskunst.at\/survivalshop\/#website\"},\"primaryImageOfPage\":{\"@id\":\"https:\/\/ueberlebenskunst.at\/survivalshop\/shop\/dual-knife-sharpener\/#primaryimage\"},\"image\":{\"@id\":\"https:\/\/ueberlebenskunst.at\/survivalshop\/shop\/dual-knife-sharpener\/#primaryimage\"},\"thumbnailUrl\":\"https:\/\/ueberlebenskunst.at\/survivalshop\/wp-content\/uploads\/2023\/06\/DualMesserschaerfer.jpg\",\"datePublished\":\"2023-06-12T08:04:47+00:00\",\"dateModified\":\"2026-02-16T06:11:30+00:00\",\"breadcrumb\":{\"@id\":\"https:\/\/ueberlebenskunst.at\/survivalshop\/shop\/dual-knife-sharpener\/#breadcrumb\"},\"inLanguage\":\"de\",\"potentialAction\":[{\"@type\":\"ReadAction\",\"target\":[\"https:\/\/ueberlebenskunst.at\/survivalshop\/shop\/dual-knife-sharpener\/\"]}]},{\"@type\":\"ImageObject\",\"inLanguage\":\"de\",\"@id\":\"https:\/\/ueberlebenskunst.at\/survivalshop\/shop\/dual-knife-sharpener\/#primaryimage\",\"url\":\"https:\/\/ueberlebenskunst.at\/survivalshop\/wp-content\/uploads\/2023\/06\/DualMesserschaerfer.jpg\",\"contentUrl\":\"https:\/\/ueberlebenskunst.at\/survivalshop\/wp-content\/uploads\/2023\/06\/DualMesserschaerfer.jpg\",\"width\":400,\"height\":350},{\"@type\":\"BreadcrumbList\",\"@id\":\"https:\/\/ueberlebenskunst.at\/survivalshop\/shop\/dual-knife-sharpener\/#breadcrumb\",\"itemListElement\":[{\"@type\":\"ListItem\",\"position\":1,\"name\":\"Startseite\",\"item\":\"https:\/\/ueberlebenskunst.at\/survivalshop\/\"},{\"@type\":\"ListItem\",\"position\":2,\"name\":\"Shop\",\"item\":\"https:\/\/ueberlebenskunst.at\/survivalshop\/shop\/\"},{\"@type\":\"ListItem\",\"position\":3,\"name\":\"Victorinox Dual Sharpener Messerschleifer\"}]},{\"@type\":\"WebSite\",\"@id\":\"https:\/\/ueberlebenskunst.at\/survivalshop\/#website\",\"url\":\"https:\/\/ueberlebenskunst.at\/survivalshop\/\",\"name\":\"Reini Rossmann - Survival Shop\",\"description\":\"Survival Shop f\u00fcr Survival, Bushcraft und Prepper\",\"potentialAction\":[{\"@type\":\"SearchAction\",\"target\":{\"@type\":\"EntryPoint\",\"urlTemplate\":\"https:\/\/ueberlebenskunst.at\/survivalshop\/?s={search_term_string}\"},\"query-input\":{\"@type\":\"PropertyValueSpecification\",\"valueRequired\":true,\"valueName\":\"search_term_string\"}}],\"inLanguage\":\"de\"}]}<\/script>\n<!-- \/ Yoast SEO plugin. -->","yoast_head_json":{"title":"Victorinox Dual Sharpener Messerschleifer - Reini Rossmann - Survival Shop","robots":{"index":"index","follow":"follow","max-snippet":"max-snippet:-1","max-image-preview":"max-image-preview:large","max-video-preview":"max-video-preview:-1"},"canonical":"https:\/\/ueberlebenskunst.at\/survivalshop\/shop\/dual-knife-sharpener\/","og_locale":"de_DE","og_type":"article","og_title":"Victorinox Dual Sharpener Messerschleifer - Reini Rossmann - Survival Shop","og_description":"Messersch\u00e4rfer mit Doppelfunktion: Die perfekte, tragbare L\u00f6sung zum Sch\u00e4rfen all deiner Messer mit gerader Klinge, mit Schleifstein f\u00fcr den Grobschliff und Keramikpl\u00e4ttchen f\u00fcr den Feinschliff. Nie mehr stumpfe Klingen \u2013 der elegante und einfach zu bedienende Messersch\u00e4rfer h\u00e4lt dein Messer so scharf wie am ersten Tag. Das elegante Werkzeug verf\u00fcgt \u00fcber Keramikpl\u00e4ttchen und einen Schleifstein. [&hellip;]","og_url":"https:\/\/ueberlebenskunst.at\/survivalshop\/shop\/dual-knife-sharpener\/","og_site_name":"Reini Rossmann - Survival Shop","article_publisher":"https:\/\/www.facebook.com\/survival24.org\/","article_modified_time":"2026-02-16T06:11:30+00:00","og_image":[{"width":400,"height":350,"url":"https:\/\/ueberlebenskunst.at\/survivalshop\/wp-content\/uploads\/2023\/06\/DualMesserschaerfer.jpg","type":"image\/jpeg"}],"twitter_card":"summary_large_image","twitter_misc":{"Gesch\u00e4tzte Lesezeit":"1\u00a0Minute"},"schema":{"@context":"https:\/\/schema.org","@graph":[{"@type":"WebPage","@id":"https:\/\/ueberlebenskunst.at\/survivalshop\/shop\/dual-knife-sharpener\/","url":"https:\/\/ueberlebenskunst.at\/survivalshop\/shop\/dual-knife-sharpener\/","name":"Victorinox Dual Sharpener Messerschleifer - Reini Rossmann - Survival Shop","isPartOf":{"@id":"https:\/\/ueberlebenskunst.at\/survivalshop\/#website"},"primaryImageOfPage":{"@id":"https:\/\/ueberlebenskunst.at\/survivalshop\/shop\/dual-knife-sharpener\/#primaryimage"},"image":{"@id":"https:\/\/ueberlebenskunst.at\/survivalshop\/shop\/dual-knife-sharpener\/#primaryimage"},"thumbnailUrl":"https:\/\/ueberlebenskunst.at\/survivalshop\/wp-content\/uploads\/2023\/06\/DualMesserschaerfer.jpg","datePublished":"2023-06-12T08:04:47+00:00","dateModified":"2026-02-16T06:11:30+00:00","breadcrumb":{"@id":"https:\/\/ueberlebenskunst.at\/survivalshop\/shop\/dual-knife-sharpener\/#breadcrumb"},"inLanguage":"de","potentialAction":[{"@type":"ReadAction","target":["https:\/\/ueberlebenskunst.at\/survivalshop\/shop\/dual-knife-sharpener\/"]}]},{"@type":"ImageObject","inLanguage":"de","@id":"https:\/\/ueberlebenskunst.at\/survivalshop\/shop\/dual-knife-sharpener\/#primaryimage","url":"https:\/\/ueberlebenskunst.at\/survivalshop\/wp-content\/uploads\/2023\/06\/DualMesserschaerfer.jpg","contentUrl":"https:\/\/ueberlebenskunst.at\/survivalshop\/wp-content\/uploads\/2023\/06\/DualMesserschaerfer.jpg","width":400,"height":350},{"@type":"BreadcrumbList","@id":"https:\/\/ueberlebenskunst.at\/survivalshop\/shop\/dual-knife-sharpener\/#breadcrumb","itemListElement":[{"@type":"ListItem","position":1,"name":"Startseite","item":"https:\/\/ueberlebenskunst.at\/survivalshop\/"},{"@type":"ListItem","position":2,"name":"Shop","item":"https:\/\/ueberlebenskunst.at\/survivalshop\/shop\/"},{"@type":"ListItem","position":3,"name":"Victorinox Dual Sharpener Messerschleifer"}]},{"@type":"WebSite","@id":"https:\/\/ueberlebenskunst.at\/survivalshop\/#website","url":"https:\/\/ueberlebenskunst.at\/survivalshop\/","name":"Reini Rossmann - Survival Shop","description":"Survival Shop f\u00fcr Survival, Bushcraft und Prepper","potentialAction":[{"@type":"SearchAction","target":{"@type":"EntryPoint","urlTemplate":"https:\/\/ueberlebenskunst.at\/survivalshop\/?s={search_term_string}"},"query-input":{"@type":"PropertyValueSpecification","valueRequired":true,"valueName":"search_term_string"}}],"inLanguage":"de"}]}},"_links":{"self":[{"href":"https:\/\/ueberlebenskunst.at\/survivalshop\/wp-json\/wp\/v2\/product\/136102","targetHints":{"allow":["GET"]}}],"collection":[{"href":"https:\/\/ueberlebenskunst.at\/survivalshop\/wp-json\/wp\/v2\/product"}],"about":[{"href":"https:\/\/ueberlebenskunst.at\/survivalshop\/wp-json\/wp\/v2\/types\/product"}],"replies":[{"embeddable":true,"href":"https:\/\/ueberlebenskunst.at\/survivalshop\/wp-json\/wp\/v2\/comments?post=136102"}],"wp:featuredmedia":[{"embeddable":true,"href":"https:\/\/ueberlebenskunst.at\/survivalshop\/wp-json\/wp\/v2\/media\/136130"}],"wp:attachment":[{"href":"https:\/\/ueberlebenskunst.at\/survivalshop\/wp-json\/wp\/v2\/media?parent=136102"}],"wp:term":[{"taxonomy":"product_brand","embeddable":true,"href":"https:\/\/ueberlebenskunst.at\/survivalshop\/wp-json\/wp\/v2\/product_brand?post=136102"},{"taxonomy":"product_cat","embeddable":true,"href":"https:\/\/ueberlebenskunst.at\/survivalshop\/wp-json\/wp\/v2\/product_cat?post=136102"},{"taxonomy":"product_tag","embeddable":true,"href":"https:\/\/ueberlebenskunst.at\/survivalshop\/wp-json\/wp\/v2\/product_tag?post=136102"}],"curies":[{"name":"wp","href":"https:\/\/api.w.org\/{rel}","templated":true}]}}