{"id":135539,"date":"2023-05-30T10:19:31","date_gmt":"2023-05-30T08:19:31","guid":{"rendered":"https:\/\/ueberlebenskunst.at\/survivalshop\/?post_type=product&#038;p=135539"},"modified":"2026-04-20T13:18:01","modified_gmt":"2026-04-20T11:18:01","slug":"k4-guertelscheide-fuer-camper-climber","status":"publish","type":"product","link":"https:\/\/ueberlebenskunst.at\/survivalshop\/shop\/k4-guertelscheide-fuer-camper-climber\/","title":{"rendered":"K4 G\u00fcrtelscheide f\u00fcr Victorinox Camper \/ Climber"},"content":{"rendered":"<p>Unsere K4 &#8211; G\u00fcrtelscheide ist ideal, um dein Camper \/ Climber Messer direkt am Mann zu tragen.<br \/>\nUnsere Kunststoff-Scheiden sind Made in Austria (direkt aus der Werkstatt von Reini Rossmann) und bieten sicheren Halt f\u00fcr dein Messer.<br \/>\nBei diesen Steckscheiden ist es dank der ausgekl\u00fcgelten G\u00fcrtelschlaufe auch m\u00f6glich das Messer mittels Kugelkette oder Karabiner (nicht im Lieferumfang)<br \/>\nbefestigen zu k\u00f6nnen.<\/p>\n<h3>Technische Daten im Detail:<\/h3>\n<ul>\n<li>Gewicht: 22 g<\/li>\n<li>H\u00f6he \/ Breite \/ Tiefe: ca. 30 \/ 33 \/ 65 mm<\/li>\n<li>Material: TPU mit RoHS, REACH und FDA Zertifikat und frei von Silikonen<\/li>\n<\/ul>\n<h3>Kompatibel mit folgenden Messern:<\/h3>\n<ul>\n<li>Climber 1.3703<\/li>\n<li>Camper 1.3613<\/li>\n<\/ul>\n<h3>Lieferumfang:<\/h3>\n<ul>\n<li>Steck-Scheide. Das Messer ist nicht dabei.<\/li>\n<\/ul>\n<h3>Bedienungs- &amp; Pflegeanleitung:<\/h3>\n<ul>\n<li>Die Reinigung mit Wasser und Seife ist m\u00f6glich.<\/li>\n<li>Du solltest die Steckscheide nicht direkt in die N\u00e4he von Feuer oder anderen Hitzequellen legen!<\/li>\n<li>Wird deine Steckscheide \u00fcber l\u00e4ngere Zeit sehr kalten Temperaturen unter 0 \u00b0C ausgesetzt, solltest du<br \/>\nin dem Moment darauf achten, dass keine starken Belastungen darauf einwirken.<\/li>\n<\/ul>\n<p>Unsere Produkte sind nicht f\u00fcr Kinder unter 3 Jahren geeignet. Es besteht Verschluckungsgefahr.<\/p>\n<p><a href=\"https:\/\/ueberlebenskunst.at\/survivalshop\/wp-content\/uploads\/2021\/11\/Logo_Kinder.png\"><img decoding=\"async\" class=\"alignnone size-medium wp-image-179571\" src=\"https:\/\/ueberlebenskunst.at\/survivalshop\/wp-content\/uploads\/2021\/11\/Logo_Kinder-300x126.png\" alt=\"\" width=\"300\" height=\"126\" srcset=\"https:\/\/ueberlebenskunst.at\/survivalshop\/wp-content\/uploads\/2021\/11\/Logo_Kinder-300x126.png 300w, https:\/\/ueberlebenskunst.at\/survivalshop\/wp-content\/uploads\/2021\/11\/Logo_Kinder-64x27.png 64w, https:\/\/ueberlebenskunst.at\/survivalshop\/wp-content\/uploads\/2021\/11\/Logo_Kinder.png 401w\" sizes=\"(max-width: 300px) 100vw, 300px\" \/><\/a><\/p>\n<p><span style=\"color: #99cc00;\">Du willst das Produkt in einer anderen Farbe? Schick uns eine E-Mail an shop@ueberlebenskunst.at und wir pr\u00fcfen, ob dein Farbwunsch\u00a0m\u00f6glich\u00a0ist.<\/span><\/p>\n<p>&nbsp;<\/p>\n","protected":false},"excerpt":{"rendered":"<p>Unsere K4 &#8211; G\u00fcrtelscheide ist ideal, um dein Camper \/ Climber Messer direkt am Mann zu tragen. Unsere Kunststoff-Scheiden sind Made in Austria (direkt aus der Werkstatt von Reini Rossmann) und bieten sicheren Halt f\u00fcr dein Messer. Bei diesen Steckscheiden ist es dank der ausgekl\u00fcgelten G\u00fcrtelschlaufe auch m\u00f6glich das Messer mittels Kugelkette oder Karabiner (nicht [&hellip;]<\/p>\n","protected":false},"featured_media":135811,"comment_status":"open","ping_status":"closed","template":"","meta":{"_acf_changed":false},"product_brand":[],"product_cat":[2389],"product_tag":[1256,1255,1147],"class_list":{"0":"post-135539","1":"product","2":"type-product","3":"status-publish","4":"has-post-thumbnail","6":"product_cat-flohmarkt","7":"product_tag-k4","8":"product_tag-knives4","9":"product_tag-victorinox","11":"first","12":"instock","13":"sale","14":"taxable","15":"shipping-taxable","16":"purchasable","17":"product-type-simple"},"acf":[],"yoast_head":"<!-- This site is optimized with the Yoast SEO plugin v27.1.1 - https:\/\/yoast.com\/product\/yoast-seo-wordpress\/ -->\n<title>K4 G\u00fcrtelscheide f\u00fcr Victorinox Camper \/ Climber<\/title>\n<meta name=\"description\" content=\"Unsere All Day Carry Scheiden sind ideal, um dein Victorinox Messer zu einem Neckknife zu machen. Unsere Kunststoff-Scheiden sind Made in Austria.\" \/>\n<meta name=\"robots\" content=\"index, follow, max-snippet:-1, max-image-preview:large, max-video-preview:-1\" \/>\n<link rel=\"canonical\" href=\"https:\/\/ueberlebenskunst.at\/survivalshop\/shop\/k4-guertelscheide-fuer-camper-climber\/\" \/>\n<meta property=\"og:locale\" content=\"de_DE\" \/>\n<meta property=\"og:type\" content=\"article\" \/>\n<meta property=\"og:title\" content=\"K4 G\u00fcrtelscheide f\u00fcr Victorinox Camper \/ Climber\" \/>\n<meta property=\"og:description\" content=\"Unsere All Day Carry Scheiden sind ideal, um dein Victorinox Messer zu einem Neckknife zu machen. Unsere Kunststoff-Scheiden sind Made in Austria.\" \/>\n<meta property=\"og:url\" content=\"https:\/\/ueberlebenskunst.at\/survivalshop\/shop\/k4-guertelscheide-fuer-camper-climber\/\" \/>\n<meta property=\"og:site_name\" content=\"Reini Rossmann - Survival Shop\" \/>\n<meta property=\"article:publisher\" content=\"https:\/\/www.facebook.com\/survival24.org\/\" \/>\n<meta property=\"article:modified_time\" content=\"2026-04-20T11:18:01+00:00\" \/>\n<meta property=\"og:image\" content=\"https:\/\/ueberlebenskunst.at\/survivalshop\/wp-content\/uploads\/2023\/05\/K4_Guertelscheide_Camper_Climber_V_CA01_Messer_Text_sk.jpg\" \/>\n\t<meta property=\"og:image:width\" content=\"400\" \/>\n\t<meta property=\"og:image:height\" content=\"400\" \/>\n\t<meta property=\"og:image:type\" content=\"image\/jpeg\" \/>\n<meta name=\"twitter:card\" content=\"summary_large_image\" \/>\n<meta name=\"twitter:label1\" content=\"Gesch\u00e4tzte Lesezeit\" \/>\n\t<meta name=\"twitter:data1\" content=\"2\u00a0Minuten\" \/>\n<script type=\"application\/ld+json\" class=\"yoast-schema-graph\">{\"@context\":\"https:\/\/schema.org\",\"@graph\":[{\"@type\":\"WebPage\",\"@id\":\"https:\/\/ueberlebenskunst.at\/survivalshop\/shop\/k4-guertelscheide-fuer-camper-climber\/\",\"url\":\"https:\/\/ueberlebenskunst.at\/survivalshop\/shop\/k4-guertelscheide-fuer-camper-climber\/\",\"name\":\"K4 G\u00fcrtelscheide f\u00fcr Victorinox Camper \/ Climber\",\"isPartOf\":{\"@id\":\"https:\/\/ueberlebenskunst.at\/survivalshop\/#website\"},\"primaryImageOfPage\":{\"@id\":\"https:\/\/ueberlebenskunst.at\/survivalshop\/shop\/k4-guertelscheide-fuer-camper-climber\/#primaryimage\"},\"image\":{\"@id\":\"https:\/\/ueberlebenskunst.at\/survivalshop\/shop\/k4-guertelscheide-fuer-camper-climber\/#primaryimage\"},\"thumbnailUrl\":\"https:\/\/ueberlebenskunst.at\/survivalshop\/wp-content\/uploads\/2023\/05\/K4_Guertelscheide_Camper_Climber_V_CA01_Messer_Text_sk.jpg\",\"datePublished\":\"2023-05-30T08:19:31+00:00\",\"dateModified\":\"2026-04-20T11:18:01+00:00\",\"description\":\"Unsere All Day Carry Scheiden sind ideal, um dein Victorinox Messer zu einem Neckknife zu machen. Unsere Kunststoff-Scheiden sind Made in Austria.\",\"breadcrumb\":{\"@id\":\"https:\/\/ueberlebenskunst.at\/survivalshop\/shop\/k4-guertelscheide-fuer-camper-climber\/#breadcrumb\"},\"inLanguage\":\"de\",\"potentialAction\":[{\"@type\":\"ReadAction\",\"target\":[\"https:\/\/ueberlebenskunst.at\/survivalshop\/shop\/k4-guertelscheide-fuer-camper-climber\/\"]}]},{\"@type\":\"ImageObject\",\"inLanguage\":\"de\",\"@id\":\"https:\/\/ueberlebenskunst.at\/survivalshop\/shop\/k4-guertelscheide-fuer-camper-climber\/#primaryimage\",\"url\":\"https:\/\/ueberlebenskunst.at\/survivalshop\/wp-content\/uploads\/2023\/05\/K4_Guertelscheide_Camper_Climber_V_CA01_Messer_Text_sk.jpg\",\"contentUrl\":\"https:\/\/ueberlebenskunst.at\/survivalshop\/wp-content\/uploads\/2023\/05\/K4_Guertelscheide_Camper_Climber_V_CA01_Messer_Text_sk.jpg\",\"width\":400,\"height\":400},{\"@type\":\"BreadcrumbList\",\"@id\":\"https:\/\/ueberlebenskunst.at\/survivalshop\/shop\/k4-guertelscheide-fuer-camper-climber\/#breadcrumb\",\"itemListElement\":[{\"@type\":\"ListItem\",\"position\":1,\"name\":\"Startseite\",\"item\":\"https:\/\/ueberlebenskunst.at\/survivalshop\/\"},{\"@type\":\"ListItem\",\"position\":2,\"name\":\"Shop\",\"item\":\"https:\/\/ueberlebenskunst.at\/survivalshop\/shop\/\"},{\"@type\":\"ListItem\",\"position\":3,\"name\":\"K4 G\u00fcrtelscheide f\u00fcr Victorinox Camper \/ Climber\"}]},{\"@type\":\"WebSite\",\"@id\":\"https:\/\/ueberlebenskunst.at\/survivalshop\/#website\",\"url\":\"https:\/\/ueberlebenskunst.at\/survivalshop\/\",\"name\":\"Reini Rossmann - Survival Shop\",\"description\":\"Survival Shop f\u00fcr Survival, Bushcraft und Prepper\",\"potentialAction\":[{\"@type\":\"SearchAction\",\"target\":{\"@type\":\"EntryPoint\",\"urlTemplate\":\"https:\/\/ueberlebenskunst.at\/survivalshop\/?s={search_term_string}\"},\"query-input\":{\"@type\":\"PropertyValueSpecification\",\"valueRequired\":true,\"valueName\":\"search_term_string\"}}],\"inLanguage\":\"de\"}]}<\/script>\n<!-- \/ Yoast SEO plugin. -->","yoast_head_json":{"title":"K4 G\u00fcrtelscheide f\u00fcr Victorinox Camper \/ Climber","description":"Unsere All Day Carry Scheiden sind ideal, um dein Victorinox Messer zu einem Neckknife zu machen. Unsere Kunststoff-Scheiden sind Made in Austria.","robots":{"index":"index","follow":"follow","max-snippet":"max-snippet:-1","max-image-preview":"max-image-preview:large","max-video-preview":"max-video-preview:-1"},"canonical":"https:\/\/ueberlebenskunst.at\/survivalshop\/shop\/k4-guertelscheide-fuer-camper-climber\/","og_locale":"de_DE","og_type":"article","og_title":"K4 G\u00fcrtelscheide f\u00fcr Victorinox Camper \/ Climber","og_description":"Unsere All Day Carry Scheiden sind ideal, um dein Victorinox Messer zu einem Neckknife zu machen. Unsere Kunststoff-Scheiden sind Made in Austria.","og_url":"https:\/\/ueberlebenskunst.at\/survivalshop\/shop\/k4-guertelscheide-fuer-camper-climber\/","og_site_name":"Reini Rossmann - Survival Shop","article_publisher":"https:\/\/www.facebook.com\/survival24.org\/","article_modified_time":"2026-04-20T11:18:01+00:00","og_image":[{"width":400,"height":400,"url":"https:\/\/ueberlebenskunst.at\/survivalshop\/wp-content\/uploads\/2023\/05\/K4_Guertelscheide_Camper_Climber_V_CA01_Messer_Text_sk.jpg","type":"image\/jpeg"}],"twitter_card":"summary_large_image","twitter_misc":{"Gesch\u00e4tzte Lesezeit":"2\u00a0Minuten"},"schema":{"@context":"https:\/\/schema.org","@graph":[{"@type":"WebPage","@id":"https:\/\/ueberlebenskunst.at\/survivalshop\/shop\/k4-guertelscheide-fuer-camper-climber\/","url":"https:\/\/ueberlebenskunst.at\/survivalshop\/shop\/k4-guertelscheide-fuer-camper-climber\/","name":"K4 G\u00fcrtelscheide f\u00fcr Victorinox Camper \/ Climber","isPartOf":{"@id":"https:\/\/ueberlebenskunst.at\/survivalshop\/#website"},"primaryImageOfPage":{"@id":"https:\/\/ueberlebenskunst.at\/survivalshop\/shop\/k4-guertelscheide-fuer-camper-climber\/#primaryimage"},"image":{"@id":"https:\/\/ueberlebenskunst.at\/survivalshop\/shop\/k4-guertelscheide-fuer-camper-climber\/#primaryimage"},"thumbnailUrl":"https:\/\/ueberlebenskunst.at\/survivalshop\/wp-content\/uploads\/2023\/05\/K4_Guertelscheide_Camper_Climber_V_CA01_Messer_Text_sk.jpg","datePublished":"2023-05-30T08:19:31+00:00","dateModified":"2026-04-20T11:18:01+00:00","description":"Unsere All Day Carry Scheiden sind ideal, um dein Victorinox Messer zu einem Neckknife zu machen. Unsere Kunststoff-Scheiden sind Made in Austria.","breadcrumb":{"@id":"https:\/\/ueberlebenskunst.at\/survivalshop\/shop\/k4-guertelscheide-fuer-camper-climber\/#breadcrumb"},"inLanguage":"de","potentialAction":[{"@type":"ReadAction","target":["https:\/\/ueberlebenskunst.at\/survivalshop\/shop\/k4-guertelscheide-fuer-camper-climber\/"]}]},{"@type":"ImageObject","inLanguage":"de","@id":"https:\/\/ueberlebenskunst.at\/survivalshop\/shop\/k4-guertelscheide-fuer-camper-climber\/#primaryimage","url":"https:\/\/ueberlebenskunst.at\/survivalshop\/wp-content\/uploads\/2023\/05\/K4_Guertelscheide_Camper_Climber_V_CA01_Messer_Text_sk.jpg","contentUrl":"https:\/\/ueberlebenskunst.at\/survivalshop\/wp-content\/uploads\/2023\/05\/K4_Guertelscheide_Camper_Climber_V_CA01_Messer_Text_sk.jpg","width":400,"height":400},{"@type":"BreadcrumbList","@id":"https:\/\/ueberlebenskunst.at\/survivalshop\/shop\/k4-guertelscheide-fuer-camper-climber\/#breadcrumb","itemListElement":[{"@type":"ListItem","position":1,"name":"Startseite","item":"https:\/\/ueberlebenskunst.at\/survivalshop\/"},{"@type":"ListItem","position":2,"name":"Shop","item":"https:\/\/ueberlebenskunst.at\/survivalshop\/shop\/"},{"@type":"ListItem","position":3,"name":"K4 G\u00fcrtelscheide f\u00fcr Victorinox Camper \/ Climber"}]},{"@type":"WebSite","@id":"https:\/\/ueberlebenskunst.at\/survivalshop\/#website","url":"https:\/\/ueberlebenskunst.at\/survivalshop\/","name":"Reini Rossmann - Survival Shop","description":"Survival Shop f\u00fcr Survival, Bushcraft und Prepper","potentialAction":[{"@type":"SearchAction","target":{"@type":"EntryPoint","urlTemplate":"https:\/\/ueberlebenskunst.at\/survivalshop\/?s={search_term_string}"},"query-input":{"@type":"PropertyValueSpecification","valueRequired":true,"valueName":"search_term_string"}}],"inLanguage":"de"}]}},"_links":{"self":[{"href":"https:\/\/ueberlebenskunst.at\/survivalshop\/wp-json\/wp\/v2\/product\/135539","targetHints":{"allow":["GET"]}}],"collection":[{"href":"https:\/\/ueberlebenskunst.at\/survivalshop\/wp-json\/wp\/v2\/product"}],"about":[{"href":"https:\/\/ueberlebenskunst.at\/survivalshop\/wp-json\/wp\/v2\/types\/product"}],"replies":[{"embeddable":true,"href":"https:\/\/ueberlebenskunst.at\/survivalshop\/wp-json\/wp\/v2\/comments?post=135539"}],"wp:featuredmedia":[{"embeddable":true,"href":"https:\/\/ueberlebenskunst.at\/survivalshop\/wp-json\/wp\/v2\/media\/135811"}],"wp:attachment":[{"href":"https:\/\/ueberlebenskunst.at\/survivalshop\/wp-json\/wp\/v2\/media?parent=135539"}],"wp:term":[{"taxonomy":"product_brand","embeddable":true,"href":"https:\/\/ueberlebenskunst.at\/survivalshop\/wp-json\/wp\/v2\/product_brand?post=135539"},{"taxonomy":"product_cat","embeddable":true,"href":"https:\/\/ueberlebenskunst.at\/survivalshop\/wp-json\/wp\/v2\/product_cat?post=135539"},{"taxonomy":"product_tag","embeddable":true,"href":"https:\/\/ueberlebenskunst.at\/survivalshop\/wp-json\/wp\/v2\/product_tag?post=135539"}],"curies":[{"name":"wp","href":"https:\/\/api.w.org\/{rel}","templated":true}]}}