{"id":135241,"date":"2023-05-25T10:45:42","date_gmt":"2023-05-25T08:45:42","guid":{"rendered":"https:\/\/ueberlebenskunst.at\/survivalshop\/?post_type=product&#038;p=135241"},"modified":"2026-04-10T15:43:01","modified_gmt":"2026-04-10T13:43:01","slug":"k4-adc-holster-fuer-crkt-williams-tactical-key-chain-tool","status":"publish","type":"product","link":"https:\/\/ueberlebenskunst.at\/survivalshop\/shop\/k4-adc-holster-fuer-crkt-williams-tactical-key-chain-tool\/","title":{"rendered":"K4 ADC Holster f\u00fcr CRKT Williams Tactical Key Chain Tool"},"content":{"rendered":"<p>Dieser Every Day Carry Holster f\u00fcr das beliebte<a href=\"https:\/\/ueberlebenskunst.at\/survivalshop\/shop\/crkt-williams-tactical-key\/\" target=\"_blank\" rel=\"noopener\"> CRKT Williams Tactical Tool<\/a> und GSG-9 ist die ideale Erg\u00e4nzung, um diesen wie ein Neck Knife um den Hals zu tragen oder aber als Pocket Carry im Hosensack gesichert mitzuf\u00fchren. Der gro\u00dfe Vorteil bei diesem Holster ist, dass der Phillips Schraubenzieher versteckt ist und somit im Hosensack nicht zu stechen beginnt \ud83d\ude42<\/p>\n<p>Der K4 EDC Holster ist so dimensioniert, dass er das Tactical Key Chain Tool perfekt h\u00e4lt, das bedeutet zum Ziehen ben\u00f6tigst du beide H\u00e4nde. Ein einh\u00e4ndiges Ziehen ist nicht vorgesehen. Warum? Weil wir sicherstellen wollen, dass das Tool zu 100 % in allen Situationen gut gesichert gef\u00fchrt werden kann.<\/p>\n<p>Dieser Holster kommt aus der Reini Rossmann Werkstatt und ist somit Made in Austria.<\/p>\n<p>Du kannst zwischen zwei Varianten w\u00e4hlen:<\/p>\n<ul>\n<li>mit Rautenmuster<\/li>\n<li>im Fuzzy Stil<\/li>\n<\/ul>\n<h3><strong>Produktdaten:<\/strong><\/h3>\n<ul>\n<li>Gewicht: 12 g<\/li>\n<li>Abmessungen: 14 x 17 x 61 mm<\/li>\n<\/ul>\n<h3>Passendes, extra erh\u00e4ltliches Zubeh\u00f6r:<\/h3>\n<ul>\n<li><a href=\"https:\/\/ueberlebenskunst.at\/survivalshop\/shop\/k4-adc-holster-fuer-crkt-williams-tactical-key-chain-tool\/\" target=\"_blank\" rel=\"noopener\">CRKT Williams Tactical Key Chain Tool<\/a> Schraubendreher<\/li>\n<\/ul>\n<h3><strong>Lieferumfang:<\/strong><\/h3>\n<ul>\n<li>ADC Halterung inkl. Kugelkette (ohne Messer), 1 Schl\u00fcsselring Durchmesser 2,5 cm<\/li>\n<li><strong>ACHTUNG: auf den Produktbildern befindet sich optionales Zubeh\u00f6r, das im Lieferumfang NICHT enthalten ist.<\/strong><\/li>\n<\/ul>\n<h3><strong>Bedienungs- &amp; Pflegeanleitung:<\/strong><\/h3>\n<ul>\n<li>Die Reinigung mit Wasser und Seife ist m\u00f6glich.<\/li>\n<li>Du solltest die Steckscheide nicht direkt in die N\u00e4he von Feuer oder anderen Hitzequellen legen!<\/li>\n<li>Wird deine Steckscheide \u00fcber l\u00e4ngere Zeit sehr kalten Temperaturen unter 0 \u00b0C ausgesetzt, solltest du<br \/>\nin dem Moment darauf achten, dass keine starken Belastungen darauf einwirken.<\/li>\n<\/ul>\n<p>Unsere Produkte sind nicht f\u00fcr Kinder unter 3 Jahren geeignet. Es besteht Verschluckungsgefahr.<\/p>\n<p><a href=\"https:\/\/ueberlebenskunst.at\/survivalshop\/wp-content\/uploads\/2021\/11\/Logo_Kinder.png\"><img decoding=\"async\" class=\"alignnone size-medium wp-image-179571\" src=\"https:\/\/ueberlebenskunst.at\/survivalshop\/wp-content\/uploads\/2021\/11\/Logo_Kinder-300x126.png\" alt=\"\" width=\"300\" height=\"126\" srcset=\"https:\/\/ueberlebenskunst.at\/survivalshop\/wp-content\/uploads\/2021\/11\/Logo_Kinder-300x126.png 300w, https:\/\/ueberlebenskunst.at\/survivalshop\/wp-content\/uploads\/2021\/11\/Logo_Kinder-64x27.png 64w, https:\/\/ueberlebenskunst.at\/survivalshop\/wp-content\/uploads\/2021\/11\/Logo_Kinder.png 401w\" sizes=\"(max-width: 300px) 100vw, 300px\" \/><\/a><\/p>\n<p><span style=\"color: #99cc00;\">Du willst das Produkt in einer anderen Farbe? Schick uns eine E-Mail an shop@ueberlebenskunst.at und wir pr\u00fcfen, ob dein Farbwunsch\u00a0m\u00f6glich\u00a0ist.<\/span><\/p>\n","protected":false},"excerpt":{"rendered":"<p>Dieser Every Day Carry Holster f\u00fcr das beliebte CRKT Williams Tactical Tool und GSG-9 ist die ideale Erg\u00e4nzung, um diesen wie ein Neck Knife um den Hals zu tragen oder aber als Pocket Carry im Hosensack gesichert mitzuf\u00fchren. Der gro\u00dfe Vorteil bei diesem Holster ist, dass der Phillips Schraubenzieher versteckt ist und somit im Hosensack [&hellip;]<\/p>\n","protected":false},"featured_media":165109,"comment_status":"open","ping_status":"closed","template":"","meta":{"_acf_changed":false},"product_brand":[],"product_cat":[1945],"product_tag":[1667,762,1256,1255,2051],"class_list":{"0":"post-135241","1":"product","2":"type-product","3":"status-publish","4":"has-post-thumbnail","6":"product_cat-survivalausruestung","7":"product_tag-adc","8":"product_tag-crkt","9":"product_tag-k4","10":"product_tag-knives4","11":"product_tag-schluesselbund-edc","13":"first","14":"instock","15":"taxable","16":"shipping-taxable","17":"purchasable","18":"product-type-variable","19":"has-default-attributes"},"acf":[],"yoast_head":"<!-- This site is optimized with the Yoast SEO plugin v27.1.1 - https:\/\/yoast.com\/product\/yoast-seo-wordpress\/ -->\n<title>K4 ADC Holster f\u00fcr CRKT Williams Tactical Key Chain Tool - Reini Rossmann - Survival Shop<\/title>\n<meta name=\"robots\" content=\"index, follow, max-snippet:-1, max-image-preview:large, max-video-preview:-1\" \/>\n<link rel=\"canonical\" href=\"https:\/\/ueberlebenskunst.at\/survivalshop\/shop\/k4-adc-holster-fuer-crkt-williams-tactical-key-chain-tool\/\" \/>\n<meta property=\"og:locale\" content=\"de_DE\" \/>\n<meta property=\"og:type\" content=\"article\" \/>\n<meta property=\"og:title\" content=\"K4 ADC Holster f\u00fcr CRKT Williams Tactical Key Chain Tool - Reini Rossmann - Survival Shop\" \/>\n<meta property=\"og:description\" content=\"Dieser Every Day Carry Holster f\u00fcr das beliebte CRKT Williams Tactical Tool und GSG-9 ist die ideale Erg\u00e4nzung, um diesen wie ein Neck Knife um den Hals zu tragen oder aber als Pocket Carry im Hosensack gesichert mitzuf\u00fchren. Der gro\u00dfe Vorteil bei diesem Holster ist, dass der Phillips Schraubenzieher versteckt ist und somit im Hosensack [&hellip;]\" \/>\n<meta property=\"og:url\" content=\"https:\/\/ueberlebenskunst.at\/survivalshop\/shop\/k4-adc-holster-fuer-crkt-williams-tactical-key-chain-tool\/\" \/>\n<meta property=\"og:site_name\" content=\"Reini Rossmann - Survival Shop\" \/>\n<meta property=\"article:publisher\" content=\"https:\/\/www.facebook.com\/survival24.org\/\" \/>\n<meta property=\"article:modified_time\" content=\"2026-04-10T13:43:01+00:00\" \/>\n<meta property=\"og:image\" content=\"https:\/\/ueberlebenskunst.at\/survivalshop\/wp-content\/uploads\/2023\/05\/K4_ADC_Holster_CRKT_Williams_Tactical_Key_Chain_Tool_Schluesselbund_sk.jpg\" \/>\n\t<meta property=\"og:image:width\" content=\"400\" \/>\n\t<meta property=\"og:image:height\" content=\"400\" \/>\n\t<meta property=\"og:image:type\" content=\"image\/jpeg\" \/>\n<meta name=\"twitter:card\" content=\"summary_large_image\" \/>\n<meta name=\"twitter:label1\" content=\"Gesch\u00e4tzte Lesezeit\" \/>\n\t<meta name=\"twitter:data1\" content=\"2\u00a0Minuten\" \/>\n<script type=\"application\/ld+json\" class=\"yoast-schema-graph\">{\"@context\":\"https:\/\/schema.org\",\"@graph\":[{\"@type\":\"WebPage\",\"@id\":\"https:\/\/ueberlebenskunst.at\/survivalshop\/shop\/k4-adc-holster-fuer-crkt-williams-tactical-key-chain-tool\/\",\"url\":\"https:\/\/ueberlebenskunst.at\/survivalshop\/shop\/k4-adc-holster-fuer-crkt-williams-tactical-key-chain-tool\/\",\"name\":\"K4 ADC Holster f\u00fcr CRKT Williams Tactical Key Chain Tool - Reini Rossmann - Survival Shop\",\"isPartOf\":{\"@id\":\"https:\/\/ueberlebenskunst.at\/survivalshop\/#website\"},\"primaryImageOfPage\":{\"@id\":\"https:\/\/ueberlebenskunst.at\/survivalshop\/shop\/k4-adc-holster-fuer-crkt-williams-tactical-key-chain-tool\/#primaryimage\"},\"image\":{\"@id\":\"https:\/\/ueberlebenskunst.at\/survivalshop\/shop\/k4-adc-holster-fuer-crkt-williams-tactical-key-chain-tool\/#primaryimage\"},\"thumbnailUrl\":\"https:\/\/ueberlebenskunst.at\/survivalshop\/wp-content\/uploads\/2023\/05\/K4_ADC_Holster_CRKT_Williams_Tactical_Key_Chain_Tool_Schluesselbund_sk.jpg\",\"datePublished\":\"2023-05-25T08:45:42+00:00\",\"dateModified\":\"2026-04-10T13:43:01+00:00\",\"breadcrumb\":{\"@id\":\"https:\/\/ueberlebenskunst.at\/survivalshop\/shop\/k4-adc-holster-fuer-crkt-williams-tactical-key-chain-tool\/#breadcrumb\"},\"inLanguage\":\"de\",\"potentialAction\":[{\"@type\":\"ReadAction\",\"target\":[\"https:\/\/ueberlebenskunst.at\/survivalshop\/shop\/k4-adc-holster-fuer-crkt-williams-tactical-key-chain-tool\/\"]}]},{\"@type\":\"ImageObject\",\"inLanguage\":\"de\",\"@id\":\"https:\/\/ueberlebenskunst.at\/survivalshop\/shop\/k4-adc-holster-fuer-crkt-williams-tactical-key-chain-tool\/#primaryimage\",\"url\":\"https:\/\/ueberlebenskunst.at\/survivalshop\/wp-content\/uploads\/2023\/05\/K4_ADC_Holster_CRKT_Williams_Tactical_Key_Chain_Tool_Schluesselbund_sk.jpg\",\"contentUrl\":\"https:\/\/ueberlebenskunst.at\/survivalshop\/wp-content\/uploads\/2023\/05\/K4_ADC_Holster_CRKT_Williams_Tactical_Key_Chain_Tool_Schluesselbund_sk.jpg\",\"width\":400,\"height\":400},{\"@type\":\"BreadcrumbList\",\"@id\":\"https:\/\/ueberlebenskunst.at\/survivalshop\/shop\/k4-adc-holster-fuer-crkt-williams-tactical-key-chain-tool\/#breadcrumb\",\"itemListElement\":[{\"@type\":\"ListItem\",\"position\":1,\"name\":\"Startseite\",\"item\":\"https:\/\/ueberlebenskunst.at\/survivalshop\/\"},{\"@type\":\"ListItem\",\"position\":2,\"name\":\"Shop\",\"item\":\"https:\/\/ueberlebenskunst.at\/survivalshop\/shop\/\"},{\"@type\":\"ListItem\",\"position\":3,\"name\":\"K4 ADC Holster f\u00fcr CRKT Williams Tactical Key Chain Tool\"}]},{\"@type\":\"WebSite\",\"@id\":\"https:\/\/ueberlebenskunst.at\/survivalshop\/#website\",\"url\":\"https:\/\/ueberlebenskunst.at\/survivalshop\/\",\"name\":\"Reini Rossmann - Survival Shop\",\"description\":\"Survival Shop f\u00fcr Survival, Bushcraft und Prepper\",\"potentialAction\":[{\"@type\":\"SearchAction\",\"target\":{\"@type\":\"EntryPoint\",\"urlTemplate\":\"https:\/\/ueberlebenskunst.at\/survivalshop\/?s={search_term_string}\"},\"query-input\":{\"@type\":\"PropertyValueSpecification\",\"valueRequired\":true,\"valueName\":\"search_term_string\"}}],\"inLanguage\":\"de\"}]}<\/script>\n<!-- \/ Yoast SEO plugin. -->","yoast_head_json":{"title":"K4 ADC Holster f\u00fcr CRKT Williams Tactical Key Chain Tool - Reini Rossmann - Survival Shop","robots":{"index":"index","follow":"follow","max-snippet":"max-snippet:-1","max-image-preview":"max-image-preview:large","max-video-preview":"max-video-preview:-1"},"canonical":"https:\/\/ueberlebenskunst.at\/survivalshop\/shop\/k4-adc-holster-fuer-crkt-williams-tactical-key-chain-tool\/","og_locale":"de_DE","og_type":"article","og_title":"K4 ADC Holster f\u00fcr CRKT Williams Tactical Key Chain Tool - Reini Rossmann - Survival Shop","og_description":"Dieser Every Day Carry Holster f\u00fcr das beliebte CRKT Williams Tactical Tool und GSG-9 ist die ideale Erg\u00e4nzung, um diesen wie ein Neck Knife um den Hals zu tragen oder aber als Pocket Carry im Hosensack gesichert mitzuf\u00fchren. Der gro\u00dfe Vorteil bei diesem Holster ist, dass der Phillips Schraubenzieher versteckt ist und somit im Hosensack [&hellip;]","og_url":"https:\/\/ueberlebenskunst.at\/survivalshop\/shop\/k4-adc-holster-fuer-crkt-williams-tactical-key-chain-tool\/","og_site_name":"Reini Rossmann - Survival Shop","article_publisher":"https:\/\/www.facebook.com\/survival24.org\/","article_modified_time":"2026-04-10T13:43:01+00:00","og_image":[{"width":400,"height":400,"url":"https:\/\/ueberlebenskunst.at\/survivalshop\/wp-content\/uploads\/2023\/05\/K4_ADC_Holster_CRKT_Williams_Tactical_Key_Chain_Tool_Schluesselbund_sk.jpg","type":"image\/jpeg"}],"twitter_card":"summary_large_image","twitter_misc":{"Gesch\u00e4tzte Lesezeit":"2\u00a0Minuten"},"schema":{"@context":"https:\/\/schema.org","@graph":[{"@type":"WebPage","@id":"https:\/\/ueberlebenskunst.at\/survivalshop\/shop\/k4-adc-holster-fuer-crkt-williams-tactical-key-chain-tool\/","url":"https:\/\/ueberlebenskunst.at\/survivalshop\/shop\/k4-adc-holster-fuer-crkt-williams-tactical-key-chain-tool\/","name":"K4 ADC Holster f\u00fcr CRKT Williams Tactical Key Chain Tool - Reini Rossmann - Survival Shop","isPartOf":{"@id":"https:\/\/ueberlebenskunst.at\/survivalshop\/#website"},"primaryImageOfPage":{"@id":"https:\/\/ueberlebenskunst.at\/survivalshop\/shop\/k4-adc-holster-fuer-crkt-williams-tactical-key-chain-tool\/#primaryimage"},"image":{"@id":"https:\/\/ueberlebenskunst.at\/survivalshop\/shop\/k4-adc-holster-fuer-crkt-williams-tactical-key-chain-tool\/#primaryimage"},"thumbnailUrl":"https:\/\/ueberlebenskunst.at\/survivalshop\/wp-content\/uploads\/2023\/05\/K4_ADC_Holster_CRKT_Williams_Tactical_Key_Chain_Tool_Schluesselbund_sk.jpg","datePublished":"2023-05-25T08:45:42+00:00","dateModified":"2026-04-10T13:43:01+00:00","breadcrumb":{"@id":"https:\/\/ueberlebenskunst.at\/survivalshop\/shop\/k4-adc-holster-fuer-crkt-williams-tactical-key-chain-tool\/#breadcrumb"},"inLanguage":"de","potentialAction":[{"@type":"ReadAction","target":["https:\/\/ueberlebenskunst.at\/survivalshop\/shop\/k4-adc-holster-fuer-crkt-williams-tactical-key-chain-tool\/"]}]},{"@type":"ImageObject","inLanguage":"de","@id":"https:\/\/ueberlebenskunst.at\/survivalshop\/shop\/k4-adc-holster-fuer-crkt-williams-tactical-key-chain-tool\/#primaryimage","url":"https:\/\/ueberlebenskunst.at\/survivalshop\/wp-content\/uploads\/2023\/05\/K4_ADC_Holster_CRKT_Williams_Tactical_Key_Chain_Tool_Schluesselbund_sk.jpg","contentUrl":"https:\/\/ueberlebenskunst.at\/survivalshop\/wp-content\/uploads\/2023\/05\/K4_ADC_Holster_CRKT_Williams_Tactical_Key_Chain_Tool_Schluesselbund_sk.jpg","width":400,"height":400},{"@type":"BreadcrumbList","@id":"https:\/\/ueberlebenskunst.at\/survivalshop\/shop\/k4-adc-holster-fuer-crkt-williams-tactical-key-chain-tool\/#breadcrumb","itemListElement":[{"@type":"ListItem","position":1,"name":"Startseite","item":"https:\/\/ueberlebenskunst.at\/survivalshop\/"},{"@type":"ListItem","position":2,"name":"Shop","item":"https:\/\/ueberlebenskunst.at\/survivalshop\/shop\/"},{"@type":"ListItem","position":3,"name":"K4 ADC Holster f\u00fcr CRKT Williams Tactical Key Chain Tool"}]},{"@type":"WebSite","@id":"https:\/\/ueberlebenskunst.at\/survivalshop\/#website","url":"https:\/\/ueberlebenskunst.at\/survivalshop\/","name":"Reini Rossmann - Survival Shop","description":"Survival Shop f\u00fcr Survival, Bushcraft und Prepper","potentialAction":[{"@type":"SearchAction","target":{"@type":"EntryPoint","urlTemplate":"https:\/\/ueberlebenskunst.at\/survivalshop\/?s={search_term_string}"},"query-input":{"@type":"PropertyValueSpecification","valueRequired":true,"valueName":"search_term_string"}}],"inLanguage":"de"}]}},"_links":{"self":[{"href":"https:\/\/ueberlebenskunst.at\/survivalshop\/wp-json\/wp\/v2\/product\/135241","targetHints":{"allow":["GET"]}}],"collection":[{"href":"https:\/\/ueberlebenskunst.at\/survivalshop\/wp-json\/wp\/v2\/product"}],"about":[{"href":"https:\/\/ueberlebenskunst.at\/survivalshop\/wp-json\/wp\/v2\/types\/product"}],"replies":[{"embeddable":true,"href":"https:\/\/ueberlebenskunst.at\/survivalshop\/wp-json\/wp\/v2\/comments?post=135241"}],"wp:featuredmedia":[{"embeddable":true,"href":"https:\/\/ueberlebenskunst.at\/survivalshop\/wp-json\/wp\/v2\/media\/165109"}],"wp:attachment":[{"href":"https:\/\/ueberlebenskunst.at\/survivalshop\/wp-json\/wp\/v2\/media?parent=135241"}],"wp:term":[{"taxonomy":"product_brand","embeddable":true,"href":"https:\/\/ueberlebenskunst.at\/survivalshop\/wp-json\/wp\/v2\/product_brand?post=135241"},{"taxonomy":"product_cat","embeddable":true,"href":"https:\/\/ueberlebenskunst.at\/survivalshop\/wp-json\/wp\/v2\/product_cat?post=135241"},{"taxonomy":"product_tag","embeddable":true,"href":"https:\/\/ueberlebenskunst.at\/survivalshop\/wp-json\/wp\/v2\/product_tag?post=135241"}],"curies":[{"name":"wp","href":"https:\/\/api.w.org\/{rel}","templated":true}]}}