{"id":135239,"date":"2023-05-25T10:00:22","date_gmt":"2023-05-25T08:00:22","guid":{"rendered":"https:\/\/ueberlebenskunst.at\/survivalshop\/?post_type=product&#038;p=135239"},"modified":"2025-06-26T20:12:08","modified_gmt":"2025-06-26T18:12:08","slug":"k4-pocket-carry-fuer-tb-outdoor-unboxer","status":"publish","type":"product","link":"https:\/\/ueberlebenskunst.at\/survivalshop\/shop\/k4-pocket-carry-fuer-tb-outdoor-unboxer\/","title":{"rendered":"K4 Pocket Carry f\u00fcr TB Outdoor Unboxer"},"content":{"rendered":"<p>Die K4 Pocket Carry f\u00fcr das 42a konforme TB Outdoor Unboxer ist die ideale Erg\u00e4nzung, um das Messer einerseits im Hosensack, aber auch als Neck Knife zu benutzen. Das TB Outdoor Unboxer kommt aus Frankreich und ist aufgrund des Slipjoints 100%ig 42a konform. Trotz des Einhandmechanismus ist das Messer nicht fixierend und somit auch im Alltag ohne Probleme zu f\u00fchren. Dies war der Grund daf\u00fcr, um diesem coolen EDC Klappmesser einen eigenen Pocket Carry Holster zu verabreichen.<\/p>\n<p>Gemacht in der Reini Rossmann Werkstatt in \u00d6sterreich ist diese Halterung eine Bereicherung f\u00fcr all jene, die Every Day Carry hochschreiben. Welche Trageweisen stehen dir zur Verf\u00fcgung? Erstens als Pocket Carry, das bedeutet eine Sicherung des Messers im Hosensack. Durch die mitgelieferte Kugelkette kannst du das Messer am G\u00fcrtel oder an der G\u00fcrtelschlaufe fixieren und gleichzeitig das Messer bei Gebrauch aus dem Holster ziehen. Das sichert dein Messer und gibt dir dennoch volle Flexibilit\u00e4t. Eine weitere Variante ist als Neck Carry. Was bedeutet das? Durch die mitgelieferte Kugelkette kannst du den Holster um den Hals tragen und so das Messer als sichtbares Neck Knife tragen. Oder wenn du magst und eher im Every Day Carry Survival unterwegs bist unterhalb der Kleidung direkt am K\u00f6rper tragen, um so sicherzustellen, dass du jederzeit Zugriff auf eine scharfe und praktikable Klinge hast. Concealed Carry sozusagen!<\/p>\n<p>Der K4 Pocket Carry Holster ist passgenau f\u00fcr das TB Outdoor Unboxer produziert und sorgt h\u00f6chste Sicherheit und garantiert viel Spa\u00df im Every Day Carry.<\/p>\n<h3><strong>Produktdaten:<\/strong><\/h3>\n<ul>\n<li>Gewicht: 13 g<\/li>\n<li>Abmessungen: 17 x 33 x 35 mm<\/li>\n<\/ul>\n<h3><strong>Passt auf: <\/strong><\/h3>\n<ul>\n<li>TB Outdoor Unboxer<\/li>\n<\/ul>\n<h3><strong>Lieferumfang:<\/strong><\/h3>\n<ul>\n<li>ADC Halterung ink. Kugelkette (ohne Messer)<\/li>\n<li><strong>ACHTUNG: auf den Produktbildern befindet sich optionales Zubeh\u00f6r, das im Lieferumfang NICHT enthalten ist.<\/strong><\/li>\n<\/ul>\n<h3><strong>Bedienungs- &amp; Pflegeanleitung:<\/strong><\/h3>\n<ul>\n<li>Die Reinigung mit Wasser und Seife ist m\u00f6glich.<\/li>\n<li>Du solltest die Steckscheide nicht direkt in die N\u00e4he von Feuer oder anderen Hitzequellen legen!<\/li>\n<li>Wird deine Steckscheide \u00fcber l\u00e4ngere Zeit sehr kalten Temperaturen unter 0 \u00b0C ausgesetzt, solltest du<br \/>\nin dem Moment darauf achten, dass keine starken Belastungen darauf einwirken.<\/li>\n<\/ul>\n<p>Unsere Produkte sind nicht f\u00fcr Kinder unter 3 Jahren geeignet. Es besteht Verschluckungsgefahr.<\/p>\n<p><a href=\"https:\/\/ueberlebenskunst.at\/survivalshop\/wp-content\/uploads\/2021\/11\/Logo_Kinder.png\"><img decoding=\"async\" class=\"alignnone wp-image-179571\" src=\"https:\/\/ueberlebenskunst.at\/survivalshop\/wp-content\/uploads\/2021\/11\/Logo_Kinder-300x126.png\" alt=\"\" width=\"226\" height=\"95\" srcset=\"https:\/\/ueberlebenskunst.at\/survivalshop\/wp-content\/uploads\/2021\/11\/Logo_Kinder-300x126.png 300w, https:\/\/ueberlebenskunst.at\/survivalshop\/wp-content\/uploads\/2021\/11\/Logo_Kinder-64x27.png 64w, https:\/\/ueberlebenskunst.at\/survivalshop\/wp-content\/uploads\/2021\/11\/Logo_Kinder.png 401w\" sizes=\"(max-width: 226px) 100vw, 226px\" \/><\/a><\/p>\n<p><span style=\"color: #99cc00;\">Du willst das Produkt in einer anderen Farbe? Schick uns eine E-Mail an shop@ueberlebenskunst.at und wir pr\u00fcfen, ob dein Farbwunsch\u00a0m\u00f6glich\u00a0ist.<\/span><\/p>\n","protected":false},"excerpt":{"rendered":"<p>Die K4 Pocket Carry f\u00fcr das 42a konforme TB Outdoor Unboxer ist die ideale Erg\u00e4nzung, um das Messer einerseits im Hosensack, aber auch als Neck Knife zu benutzen. Das TB Outdoor Unboxer kommt aus Frankreich und ist aufgrund des Slipjoints 100%ig 42a konform. Trotz des Einhandmechanismus ist das Messer nicht fixierend und somit auch im [&hellip;]<\/p>\n","protected":false},"featured_media":135872,"comment_status":"open","ping_status":"closed","template":"","meta":{"_acf_changed":false},"product_brand":[],"product_cat":[1945],"product_tag":[1667,1256,1255,1634,1635],"class_list":{"0":"post-135239","1":"product","2":"type-product","3":"status-publish","4":"has-post-thumbnail","6":"product_cat-survivalausruestung","7":"product_tag-adc","8":"product_tag-k4","9":"product_tag-knives4","10":"product_tag-pocket-carry","11":"product_tag-tb-outdoor","13":"first","14":"instock","15":"taxable","16":"shipping-taxable","17":"purchasable","18":"product-type-simple"},"acf":[],"yoast_head":"<!-- This site is optimized with the Yoast SEO plugin v27.1.1 - https:\/\/yoast.com\/product\/yoast-seo-wordpress\/ -->\n<title>K4 Pocket Carry f\u00fcr TB Outdoor Unboxer - Reini Rossmann - Survival Shop<\/title>\n<meta name=\"robots\" content=\"index, follow, max-snippet:-1, max-image-preview:large, max-video-preview:-1\" \/>\n<link rel=\"canonical\" href=\"https:\/\/ueberlebenskunst.at\/survivalshop\/shop\/k4-pocket-carry-fuer-tb-outdoor-unboxer\/\" \/>\n<meta property=\"og:locale\" content=\"de_DE\" \/>\n<meta property=\"og:type\" content=\"article\" \/>\n<meta property=\"og:title\" content=\"K4 Pocket Carry f\u00fcr TB Outdoor Unboxer - Reini Rossmann - Survival Shop\" \/>\n<meta property=\"og:description\" content=\"Die K4 Pocket Carry f\u00fcr das 42a konforme TB Outdoor Unboxer ist die ideale Erg\u00e4nzung, um das Messer einerseits im Hosensack, aber auch als Neck Knife zu benutzen. Das TB Outdoor Unboxer kommt aus Frankreich und ist aufgrund des Slipjoints 100%ig 42a konform. Trotz des Einhandmechanismus ist das Messer nicht fixierend und somit auch im [&hellip;]\" \/>\n<meta property=\"og:url\" content=\"https:\/\/ueberlebenskunst.at\/survivalshop\/shop\/k4-pocket-carry-fuer-tb-outdoor-unboxer\/\" \/>\n<meta property=\"og:site_name\" content=\"Reini Rossmann - Survival Shop\" \/>\n<meta property=\"article:publisher\" content=\"https:\/\/www.facebook.com\/survival24.org\/\" \/>\n<meta property=\"article:modified_time\" content=\"2025-06-26T18:12:08+00:00\" \/>\n<meta property=\"og:image\" content=\"https:\/\/ueberlebenskunst.at\/survivalshop\/wp-content\/uploads\/2023\/05\/ADC_All-Day-Carry_Messer_Pocket-Carry_Halterung_TB-Unboxer_TBUB91_Kette_liegend_ab.jpg\" \/>\n\t<meta property=\"og:image:width\" content=\"400\" \/>\n\t<meta property=\"og:image:height\" content=\"400\" \/>\n\t<meta property=\"og:image:type\" content=\"image\/jpeg\" \/>\n<meta name=\"twitter:card\" content=\"summary_large_image\" \/>\n<meta name=\"twitter:label1\" content=\"Gesch\u00e4tzte Lesezeit\" \/>\n\t<meta name=\"twitter:data1\" content=\"3\u00a0Minuten\" \/>\n<script type=\"application\/ld+json\" class=\"yoast-schema-graph\">{\"@context\":\"https:\/\/schema.org\",\"@graph\":[{\"@type\":\"WebPage\",\"@id\":\"https:\/\/ueberlebenskunst.at\/survivalshop\/shop\/k4-pocket-carry-fuer-tb-outdoor-unboxer\/\",\"url\":\"https:\/\/ueberlebenskunst.at\/survivalshop\/shop\/k4-pocket-carry-fuer-tb-outdoor-unboxer\/\",\"name\":\"K4 Pocket Carry f\u00fcr TB Outdoor Unboxer - Reini Rossmann - Survival Shop\",\"isPartOf\":{\"@id\":\"https:\/\/ueberlebenskunst.at\/survivalshop\/#website\"},\"primaryImageOfPage\":{\"@id\":\"https:\/\/ueberlebenskunst.at\/survivalshop\/shop\/k4-pocket-carry-fuer-tb-outdoor-unboxer\/#primaryimage\"},\"image\":{\"@id\":\"https:\/\/ueberlebenskunst.at\/survivalshop\/shop\/k4-pocket-carry-fuer-tb-outdoor-unboxer\/#primaryimage\"},\"thumbnailUrl\":\"https:\/\/ueberlebenskunst.at\/survivalshop\/wp-content\/uploads\/2023\/05\/ADC_All-Day-Carry_Messer_Pocket-Carry_Halterung_TB-Unboxer_TBUB91_Kette_liegend_ab.jpg\",\"datePublished\":\"2023-05-25T08:00:22+00:00\",\"dateModified\":\"2025-06-26T18:12:08+00:00\",\"breadcrumb\":{\"@id\":\"https:\/\/ueberlebenskunst.at\/survivalshop\/shop\/k4-pocket-carry-fuer-tb-outdoor-unboxer\/#breadcrumb\"},\"inLanguage\":\"de\",\"potentialAction\":[{\"@type\":\"ReadAction\",\"target\":[\"https:\/\/ueberlebenskunst.at\/survivalshop\/shop\/k4-pocket-carry-fuer-tb-outdoor-unboxer\/\"]}]},{\"@type\":\"ImageObject\",\"inLanguage\":\"de\",\"@id\":\"https:\/\/ueberlebenskunst.at\/survivalshop\/shop\/k4-pocket-carry-fuer-tb-outdoor-unboxer\/#primaryimage\",\"url\":\"https:\/\/ueberlebenskunst.at\/survivalshop\/wp-content\/uploads\/2023\/05\/ADC_All-Day-Carry_Messer_Pocket-Carry_Halterung_TB-Unboxer_TBUB91_Kette_liegend_ab.jpg\",\"contentUrl\":\"https:\/\/ueberlebenskunst.at\/survivalshop\/wp-content\/uploads\/2023\/05\/ADC_All-Day-Carry_Messer_Pocket-Carry_Halterung_TB-Unboxer_TBUB91_Kette_liegend_ab.jpg\",\"width\":400,\"height\":400},{\"@type\":\"BreadcrumbList\",\"@id\":\"https:\/\/ueberlebenskunst.at\/survivalshop\/shop\/k4-pocket-carry-fuer-tb-outdoor-unboxer\/#breadcrumb\",\"itemListElement\":[{\"@type\":\"ListItem\",\"position\":1,\"name\":\"Startseite\",\"item\":\"https:\/\/ueberlebenskunst.at\/survivalshop\/\"},{\"@type\":\"ListItem\",\"position\":2,\"name\":\"Shop\",\"item\":\"https:\/\/ueberlebenskunst.at\/survivalshop\/shop\/\"},{\"@type\":\"ListItem\",\"position\":3,\"name\":\"K4 Pocket Carry f\u00fcr TB Outdoor Unboxer\"}]},{\"@type\":\"WebSite\",\"@id\":\"https:\/\/ueberlebenskunst.at\/survivalshop\/#website\",\"url\":\"https:\/\/ueberlebenskunst.at\/survivalshop\/\",\"name\":\"Reini Rossmann - Survival Shop\",\"description\":\"Survival Shop f\u00fcr Survival, Bushcraft und Prepper\",\"potentialAction\":[{\"@type\":\"SearchAction\",\"target\":{\"@type\":\"EntryPoint\",\"urlTemplate\":\"https:\/\/ueberlebenskunst.at\/survivalshop\/?s={search_term_string}\"},\"query-input\":{\"@type\":\"PropertyValueSpecification\",\"valueRequired\":true,\"valueName\":\"search_term_string\"}}],\"inLanguage\":\"de\"}]}<\/script>\n<!-- \/ Yoast SEO plugin. -->","yoast_head_json":{"title":"K4 Pocket Carry f\u00fcr TB Outdoor Unboxer - Reini Rossmann - Survival Shop","robots":{"index":"index","follow":"follow","max-snippet":"max-snippet:-1","max-image-preview":"max-image-preview:large","max-video-preview":"max-video-preview:-1"},"canonical":"https:\/\/ueberlebenskunst.at\/survivalshop\/shop\/k4-pocket-carry-fuer-tb-outdoor-unboxer\/","og_locale":"de_DE","og_type":"article","og_title":"K4 Pocket Carry f\u00fcr TB Outdoor Unboxer - Reini Rossmann - Survival Shop","og_description":"Die K4 Pocket Carry f\u00fcr das 42a konforme TB Outdoor Unboxer ist die ideale Erg\u00e4nzung, um das Messer einerseits im Hosensack, aber auch als Neck Knife zu benutzen. Das TB Outdoor Unboxer kommt aus Frankreich und ist aufgrund des Slipjoints 100%ig 42a konform. Trotz des Einhandmechanismus ist das Messer nicht fixierend und somit auch im [&hellip;]","og_url":"https:\/\/ueberlebenskunst.at\/survivalshop\/shop\/k4-pocket-carry-fuer-tb-outdoor-unboxer\/","og_site_name":"Reini Rossmann - Survival Shop","article_publisher":"https:\/\/www.facebook.com\/survival24.org\/","article_modified_time":"2025-06-26T18:12:08+00:00","og_image":[{"width":400,"height":400,"url":"https:\/\/ueberlebenskunst.at\/survivalshop\/wp-content\/uploads\/2023\/05\/ADC_All-Day-Carry_Messer_Pocket-Carry_Halterung_TB-Unboxer_TBUB91_Kette_liegend_ab.jpg","type":"image\/jpeg"}],"twitter_card":"summary_large_image","twitter_misc":{"Gesch\u00e4tzte Lesezeit":"3\u00a0Minuten"},"schema":{"@context":"https:\/\/schema.org","@graph":[{"@type":"WebPage","@id":"https:\/\/ueberlebenskunst.at\/survivalshop\/shop\/k4-pocket-carry-fuer-tb-outdoor-unboxer\/","url":"https:\/\/ueberlebenskunst.at\/survivalshop\/shop\/k4-pocket-carry-fuer-tb-outdoor-unboxer\/","name":"K4 Pocket Carry f\u00fcr TB Outdoor Unboxer - Reini Rossmann - Survival Shop","isPartOf":{"@id":"https:\/\/ueberlebenskunst.at\/survivalshop\/#website"},"primaryImageOfPage":{"@id":"https:\/\/ueberlebenskunst.at\/survivalshop\/shop\/k4-pocket-carry-fuer-tb-outdoor-unboxer\/#primaryimage"},"image":{"@id":"https:\/\/ueberlebenskunst.at\/survivalshop\/shop\/k4-pocket-carry-fuer-tb-outdoor-unboxer\/#primaryimage"},"thumbnailUrl":"https:\/\/ueberlebenskunst.at\/survivalshop\/wp-content\/uploads\/2023\/05\/ADC_All-Day-Carry_Messer_Pocket-Carry_Halterung_TB-Unboxer_TBUB91_Kette_liegend_ab.jpg","datePublished":"2023-05-25T08:00:22+00:00","dateModified":"2025-06-26T18:12:08+00:00","breadcrumb":{"@id":"https:\/\/ueberlebenskunst.at\/survivalshop\/shop\/k4-pocket-carry-fuer-tb-outdoor-unboxer\/#breadcrumb"},"inLanguage":"de","potentialAction":[{"@type":"ReadAction","target":["https:\/\/ueberlebenskunst.at\/survivalshop\/shop\/k4-pocket-carry-fuer-tb-outdoor-unboxer\/"]}]},{"@type":"ImageObject","inLanguage":"de","@id":"https:\/\/ueberlebenskunst.at\/survivalshop\/shop\/k4-pocket-carry-fuer-tb-outdoor-unboxer\/#primaryimage","url":"https:\/\/ueberlebenskunst.at\/survivalshop\/wp-content\/uploads\/2023\/05\/ADC_All-Day-Carry_Messer_Pocket-Carry_Halterung_TB-Unboxer_TBUB91_Kette_liegend_ab.jpg","contentUrl":"https:\/\/ueberlebenskunst.at\/survivalshop\/wp-content\/uploads\/2023\/05\/ADC_All-Day-Carry_Messer_Pocket-Carry_Halterung_TB-Unboxer_TBUB91_Kette_liegend_ab.jpg","width":400,"height":400},{"@type":"BreadcrumbList","@id":"https:\/\/ueberlebenskunst.at\/survivalshop\/shop\/k4-pocket-carry-fuer-tb-outdoor-unboxer\/#breadcrumb","itemListElement":[{"@type":"ListItem","position":1,"name":"Startseite","item":"https:\/\/ueberlebenskunst.at\/survivalshop\/"},{"@type":"ListItem","position":2,"name":"Shop","item":"https:\/\/ueberlebenskunst.at\/survivalshop\/shop\/"},{"@type":"ListItem","position":3,"name":"K4 Pocket Carry f\u00fcr TB Outdoor Unboxer"}]},{"@type":"WebSite","@id":"https:\/\/ueberlebenskunst.at\/survivalshop\/#website","url":"https:\/\/ueberlebenskunst.at\/survivalshop\/","name":"Reini Rossmann - Survival Shop","description":"Survival Shop f\u00fcr Survival, Bushcraft und Prepper","potentialAction":[{"@type":"SearchAction","target":{"@type":"EntryPoint","urlTemplate":"https:\/\/ueberlebenskunst.at\/survivalshop\/?s={search_term_string}"},"query-input":{"@type":"PropertyValueSpecification","valueRequired":true,"valueName":"search_term_string"}}],"inLanguage":"de"}]}},"_links":{"self":[{"href":"https:\/\/ueberlebenskunst.at\/survivalshop\/wp-json\/wp\/v2\/product\/135239","targetHints":{"allow":["GET"]}}],"collection":[{"href":"https:\/\/ueberlebenskunst.at\/survivalshop\/wp-json\/wp\/v2\/product"}],"about":[{"href":"https:\/\/ueberlebenskunst.at\/survivalshop\/wp-json\/wp\/v2\/types\/product"}],"replies":[{"embeddable":true,"href":"https:\/\/ueberlebenskunst.at\/survivalshop\/wp-json\/wp\/v2\/comments?post=135239"}],"wp:featuredmedia":[{"embeddable":true,"href":"https:\/\/ueberlebenskunst.at\/survivalshop\/wp-json\/wp\/v2\/media\/135872"}],"wp:attachment":[{"href":"https:\/\/ueberlebenskunst.at\/survivalshop\/wp-json\/wp\/v2\/media?parent=135239"}],"wp:term":[{"taxonomy":"product_brand","embeddable":true,"href":"https:\/\/ueberlebenskunst.at\/survivalshop\/wp-json\/wp\/v2\/product_brand?post=135239"},{"taxonomy":"product_cat","embeddable":true,"href":"https:\/\/ueberlebenskunst.at\/survivalshop\/wp-json\/wp\/v2\/product_cat?post=135239"},{"taxonomy":"product_tag","embeddable":true,"href":"https:\/\/ueberlebenskunst.at\/survivalshop\/wp-json\/wp\/v2\/product_tag?post=135239"}],"curies":[{"name":"wp","href":"https:\/\/api.w.org\/{rel}","templated":true}]}}