{"id":135225,"date":"2023-05-25T08:56:53","date_gmt":"2023-05-25T06:56:53","guid":{"rendered":"https:\/\/ueberlebenskunst.at\/survivalshop\/?post_type=product&#038;p=135225"},"modified":"2026-03-27T18:26:35","modified_gmt":"2026-03-27T17:26:35","slug":"k4-edc-holster-fuer-boeker-atlas-backlock","status":"publish","type":"product","link":"https:\/\/ueberlebenskunst.at\/survivalshop\/shop\/k4-edc-holster-fuer-boeker-atlas-backlock\/","title":{"rendered":"K4 EDC Holster f\u00fcr B\u00f6ker Atlas BackLock"},"content":{"rendered":"<p>Unser K4 Every Day Carry Holster f\u00fcr das brandneue B\u00f6ker Atlas BackLock ist der ideale Begleiter, um dein 42a konformes Taschenmesser entweder als Neck Knife oder als Sicherung im Hosensack zu tragen &#8211; also ein Pocket Carry!<strong><br \/>\n<\/strong><\/p>\n<p>Dieser Holster ist mit allen Versionen des B\u00f6ker Atlas BackLocks kompatibel.<\/p>\n<p>Durch die mitgelieferte Kugelkette kannst du das Messer als Neck Knife bei dir tragen. Das ist entweder im Alltag interessant oder auch, wenn es dir um Every Day Survival geht. Was ist damit gemeint? Du kannst das Messer unter der Kleidung tragen. Das bedeutet verdeckt und unauff\u00e4llig, aber du hast dennoch immer eine Klinge zur Verf\u00fcgung.<\/p>\n<p>Eine andere M\u00f6glichkeit ist den Holster als Pocket Carry zu benutzen. Das bedeutet du hast das Messer im Hosensack gesichert und kannst dann durch die mitgelieferte Kugelkette oder eine von dir selbst angebrachte Schnur (Paracord, Reepschnur oder anderes Schnurmaterial, das aber im Lieferumfang nicht enthalten ist) das Messer sichern, indem du die Kugelkette am G\u00fcrtel oder einer G\u00fcrtelschlaufe befestigst und dann das Messer einfach sichern kannst. Der gro\u00dfe Vorteil ist dabei, dass das Messer aus dem EDC-Holster gezogen werden kann, f\u00fcr die Arbeiten benutzt und dann nach deren Abschluss wieder in den Hoster zur\u00fcckgesteckt werden kann.<\/p>\n<p>Designt und auch gemacht in \u00d6sterreich in der Reini Rossmann Werkstatt.<\/p>\n<h3><strong>Produktdaten:<\/strong><\/h3>\n<ul>\n<li>Gewicht: 8 g<\/li>\n<li>Abmessungen: 11 x 30 x 31 mm<\/li>\n<\/ul>\n<h3><strong>Passt auf: <\/strong><\/h3>\n<ul>\n<li><a href=\"https:\/\/ueberlebenskunst.at\/survivalshop\/shop\/boeker-atlas-backlock\/\">B\u00f6ker Atlas BackLock<\/a><\/li>\n<\/ul>\n<h3><strong>Lieferumfang:<\/strong><\/h3>\n<ul>\n<li>ADC Halterung ink. Kugelkette (ohne Messer)<\/li>\n<li><strong>ACHTUNG: auf den Produktbildern befindet sich optionales Zubeh\u00f6r, das im Lieferumfang NICHT enthalten ist.<\/strong><\/li>\n<\/ul>\n<h3><strong>Bedienungs- &amp; Pflegeanleitung:<\/strong><\/h3>\n<ul>\n<li>Die Reinigung mit Wasser und Seife ist m\u00f6glich.<\/li>\n<li>Du solltest die Steckscheide nicht direkt in die N\u00e4he von Feuer oder anderen Hitzequellen legen!<\/li>\n<li>Wird deine Steckscheide \u00fcber l\u00e4ngere Zeit sehr kalten Temperaturen unter 0 \u00b0C ausgesetzt, solltest du<br \/>\nin dem Moment darauf achten, dass keine starken Belastungen darauf einwirken.<\/li>\n<\/ul>\n<p>Unsere Produkte sind nicht f\u00fcr Kinder unter 3 Jahren geeignet. Es besteht Verschluckungsgefahr.<\/p>\n<p><a href=\"https:\/\/ueberlebenskunst.at\/survivalshop\/wp-content\/uploads\/2021\/11\/Logo_Kinder.png\"><img decoding=\"async\" class=\"alignnone size-medium wp-image-179571\" src=\"https:\/\/ueberlebenskunst.at\/survivalshop\/wp-content\/uploads\/2021\/11\/Logo_Kinder-300x126.png\" alt=\"\" width=\"300\" height=\"126\" srcset=\"https:\/\/ueberlebenskunst.at\/survivalshop\/wp-content\/uploads\/2021\/11\/Logo_Kinder-300x126.png 300w, https:\/\/ueberlebenskunst.at\/survivalshop\/wp-content\/uploads\/2021\/11\/Logo_Kinder-64x27.png 64w, https:\/\/ueberlebenskunst.at\/survivalshop\/wp-content\/uploads\/2021\/11\/Logo_Kinder.png 401w\" sizes=\"(max-width: 300px) 100vw, 300px\" \/><\/a><\/p>\n<p><span style=\"color: #99cc00;\">Du willst das Produkt in einer anderen Farbe? Schick uns eine E-Mail an shop@ueberlebenskunst.at und wir pr\u00fcfen, ob dein Farbwunsch\u00a0m\u00f6glich\u00a0ist.<\/span><\/p>\n","protected":false},"excerpt":{"rendered":"<p>Unser K4 Every Day Carry Holster f\u00fcr das brandneue B\u00f6ker Atlas BackLock ist der ideale Begleiter, um dein 42a konformes Taschenmesser entweder als Neck Knife oder als Sicherung im Hosensack zu tragen &#8211; also ein Pocket Carry! Dieser Holster ist mit allen Versionen des B\u00f6ker Atlas BackLocks kompatibel. Durch die mitgelieferte Kugelkette kannst du das [&hellip;]<\/p>\n","protected":false},"featured_media":135870,"comment_status":"open","ping_status":"closed","template":"","meta":{"_acf_changed":false},"product_brand":[],"product_cat":[1945],"product_tag":[1667,1630,1256,1255,1634],"class_list":{"0":"post-135225","1":"product","2":"type-product","3":"status-publish","4":"has-post-thumbnail","6":"product_cat-survivalausruestung","7":"product_tag-adc","8":"product_tag-boeker-atlas","9":"product_tag-k4","10":"product_tag-knives4","11":"product_tag-pocket-carry","13":"first","14":"instock","15":"taxable","16":"shipping-taxable","17":"purchasable","18":"product-type-simple"},"acf":[],"yoast_head":"<!-- This site is optimized with the Yoast SEO plugin v27.1.1 - https:\/\/yoast.com\/product\/yoast-seo-wordpress\/ -->\n<title>K4 EDC Holster f\u00fcr B\u00f6ker Atlas BackLock - Reini Rossmann - Survival Shop<\/title>\n<meta name=\"robots\" content=\"index, follow, max-snippet:-1, max-image-preview:large, max-video-preview:-1\" \/>\n<link rel=\"canonical\" href=\"https:\/\/ueberlebenskunst.at\/survivalshop\/shop\/k4-edc-holster-fuer-boeker-atlas-backlock\/\" \/>\n<meta property=\"og:locale\" content=\"de_DE\" \/>\n<meta property=\"og:type\" content=\"article\" \/>\n<meta property=\"og:title\" content=\"K4 EDC Holster f\u00fcr B\u00f6ker Atlas BackLock - Reini Rossmann - Survival Shop\" \/>\n<meta property=\"og:description\" content=\"Unser K4 Every Day Carry Holster f\u00fcr das brandneue B\u00f6ker Atlas BackLock ist der ideale Begleiter, um dein 42a konformes Taschenmesser entweder als Neck Knife oder als Sicherung im Hosensack zu tragen &#8211; also ein Pocket Carry! Dieser Holster ist mit allen Versionen des B\u00f6ker Atlas BackLocks kompatibel. Durch die mitgelieferte Kugelkette kannst du das [&hellip;]\" \/>\n<meta property=\"og:url\" content=\"https:\/\/ueberlebenskunst.at\/survivalshop\/shop\/k4-edc-holster-fuer-boeker-atlas-backlock\/\" \/>\n<meta property=\"og:site_name\" content=\"Reini Rossmann - Survival Shop\" \/>\n<meta property=\"article:publisher\" content=\"https:\/\/www.facebook.com\/survival24.org\/\" \/>\n<meta property=\"article:modified_time\" content=\"2026-03-27T17:26:35+00:00\" \/>\n<meta property=\"og:image\" content=\"https:\/\/ueberlebenskunst.at\/survivalshop\/wp-content\/uploads\/2023\/05\/ADC_All-Day-Carry_Messer_Pocket-Carry_Halterung_Boeker-Atlas_BAN91_Kette_liegend_ab.jpg\" \/>\n\t<meta property=\"og:image:width\" content=\"400\" \/>\n\t<meta property=\"og:image:height\" content=\"400\" \/>\n\t<meta property=\"og:image:type\" content=\"image\/jpeg\" \/>\n<meta name=\"twitter:card\" content=\"summary_large_image\" \/>\n<meta name=\"twitter:label1\" content=\"Gesch\u00e4tzte Lesezeit\" \/>\n\t<meta name=\"twitter:data1\" content=\"3\u00a0Minuten\" \/>\n<script type=\"application\/ld+json\" class=\"yoast-schema-graph\">{\"@context\":\"https:\/\/schema.org\",\"@graph\":[{\"@type\":\"WebPage\",\"@id\":\"https:\/\/ueberlebenskunst.at\/survivalshop\/shop\/k4-edc-holster-fuer-boeker-atlas-backlock\/\",\"url\":\"https:\/\/ueberlebenskunst.at\/survivalshop\/shop\/k4-edc-holster-fuer-boeker-atlas-backlock\/\",\"name\":\"K4 EDC Holster f\u00fcr B\u00f6ker Atlas BackLock - Reini Rossmann - Survival Shop\",\"isPartOf\":{\"@id\":\"https:\/\/ueberlebenskunst.at\/survivalshop\/#website\"},\"primaryImageOfPage\":{\"@id\":\"https:\/\/ueberlebenskunst.at\/survivalshop\/shop\/k4-edc-holster-fuer-boeker-atlas-backlock\/#primaryimage\"},\"image\":{\"@id\":\"https:\/\/ueberlebenskunst.at\/survivalshop\/shop\/k4-edc-holster-fuer-boeker-atlas-backlock\/#primaryimage\"},\"thumbnailUrl\":\"https:\/\/ueberlebenskunst.at\/survivalshop\/wp-content\/uploads\/2023\/05\/ADC_All-Day-Carry_Messer_Pocket-Carry_Halterung_Boeker-Atlas_BAN91_Kette_liegend_ab.jpg\",\"datePublished\":\"2023-05-25T06:56:53+00:00\",\"dateModified\":\"2026-03-27T17:26:35+00:00\",\"breadcrumb\":{\"@id\":\"https:\/\/ueberlebenskunst.at\/survivalshop\/shop\/k4-edc-holster-fuer-boeker-atlas-backlock\/#breadcrumb\"},\"inLanguage\":\"de\",\"potentialAction\":[{\"@type\":\"ReadAction\",\"target\":[\"https:\/\/ueberlebenskunst.at\/survivalshop\/shop\/k4-edc-holster-fuer-boeker-atlas-backlock\/\"]}]},{\"@type\":\"ImageObject\",\"inLanguage\":\"de\",\"@id\":\"https:\/\/ueberlebenskunst.at\/survivalshop\/shop\/k4-edc-holster-fuer-boeker-atlas-backlock\/#primaryimage\",\"url\":\"https:\/\/ueberlebenskunst.at\/survivalshop\/wp-content\/uploads\/2023\/05\/ADC_All-Day-Carry_Messer_Pocket-Carry_Halterung_Boeker-Atlas_BAN91_Kette_liegend_ab.jpg\",\"contentUrl\":\"https:\/\/ueberlebenskunst.at\/survivalshop\/wp-content\/uploads\/2023\/05\/ADC_All-Day-Carry_Messer_Pocket-Carry_Halterung_Boeker-Atlas_BAN91_Kette_liegend_ab.jpg\",\"width\":400,\"height\":400},{\"@type\":\"BreadcrumbList\",\"@id\":\"https:\/\/ueberlebenskunst.at\/survivalshop\/shop\/k4-edc-holster-fuer-boeker-atlas-backlock\/#breadcrumb\",\"itemListElement\":[{\"@type\":\"ListItem\",\"position\":1,\"name\":\"Startseite\",\"item\":\"https:\/\/ueberlebenskunst.at\/survivalshop\/\"},{\"@type\":\"ListItem\",\"position\":2,\"name\":\"Shop\",\"item\":\"https:\/\/ueberlebenskunst.at\/survivalshop\/shop\/\"},{\"@type\":\"ListItem\",\"position\":3,\"name\":\"K4 EDC Holster f\u00fcr B\u00f6ker Atlas BackLock\"}]},{\"@type\":\"WebSite\",\"@id\":\"https:\/\/ueberlebenskunst.at\/survivalshop\/#website\",\"url\":\"https:\/\/ueberlebenskunst.at\/survivalshop\/\",\"name\":\"Reini Rossmann - Survival Shop\",\"description\":\"Survival Shop f\u00fcr Survival, Bushcraft und Prepper\",\"potentialAction\":[{\"@type\":\"SearchAction\",\"target\":{\"@type\":\"EntryPoint\",\"urlTemplate\":\"https:\/\/ueberlebenskunst.at\/survivalshop\/?s={search_term_string}\"},\"query-input\":{\"@type\":\"PropertyValueSpecification\",\"valueRequired\":true,\"valueName\":\"search_term_string\"}}],\"inLanguage\":\"de\"}]}<\/script>\n<!-- \/ Yoast SEO plugin. -->","yoast_head_json":{"title":"K4 EDC Holster f\u00fcr B\u00f6ker Atlas BackLock - Reini Rossmann - Survival Shop","robots":{"index":"index","follow":"follow","max-snippet":"max-snippet:-1","max-image-preview":"max-image-preview:large","max-video-preview":"max-video-preview:-1"},"canonical":"https:\/\/ueberlebenskunst.at\/survivalshop\/shop\/k4-edc-holster-fuer-boeker-atlas-backlock\/","og_locale":"de_DE","og_type":"article","og_title":"K4 EDC Holster f\u00fcr B\u00f6ker Atlas BackLock - Reini Rossmann - Survival Shop","og_description":"Unser K4 Every Day Carry Holster f\u00fcr das brandneue B\u00f6ker Atlas BackLock ist der ideale Begleiter, um dein 42a konformes Taschenmesser entweder als Neck Knife oder als Sicherung im Hosensack zu tragen &#8211; also ein Pocket Carry! Dieser Holster ist mit allen Versionen des B\u00f6ker Atlas BackLocks kompatibel. Durch die mitgelieferte Kugelkette kannst du das [&hellip;]","og_url":"https:\/\/ueberlebenskunst.at\/survivalshop\/shop\/k4-edc-holster-fuer-boeker-atlas-backlock\/","og_site_name":"Reini Rossmann - Survival Shop","article_publisher":"https:\/\/www.facebook.com\/survival24.org\/","article_modified_time":"2026-03-27T17:26:35+00:00","og_image":[{"width":400,"height":400,"url":"https:\/\/ueberlebenskunst.at\/survivalshop\/wp-content\/uploads\/2023\/05\/ADC_All-Day-Carry_Messer_Pocket-Carry_Halterung_Boeker-Atlas_BAN91_Kette_liegend_ab.jpg","type":"image\/jpeg"}],"twitter_card":"summary_large_image","twitter_misc":{"Gesch\u00e4tzte Lesezeit":"3\u00a0Minuten"},"schema":{"@context":"https:\/\/schema.org","@graph":[{"@type":"WebPage","@id":"https:\/\/ueberlebenskunst.at\/survivalshop\/shop\/k4-edc-holster-fuer-boeker-atlas-backlock\/","url":"https:\/\/ueberlebenskunst.at\/survivalshop\/shop\/k4-edc-holster-fuer-boeker-atlas-backlock\/","name":"K4 EDC Holster f\u00fcr B\u00f6ker Atlas BackLock - Reini Rossmann - Survival Shop","isPartOf":{"@id":"https:\/\/ueberlebenskunst.at\/survivalshop\/#website"},"primaryImageOfPage":{"@id":"https:\/\/ueberlebenskunst.at\/survivalshop\/shop\/k4-edc-holster-fuer-boeker-atlas-backlock\/#primaryimage"},"image":{"@id":"https:\/\/ueberlebenskunst.at\/survivalshop\/shop\/k4-edc-holster-fuer-boeker-atlas-backlock\/#primaryimage"},"thumbnailUrl":"https:\/\/ueberlebenskunst.at\/survivalshop\/wp-content\/uploads\/2023\/05\/ADC_All-Day-Carry_Messer_Pocket-Carry_Halterung_Boeker-Atlas_BAN91_Kette_liegend_ab.jpg","datePublished":"2023-05-25T06:56:53+00:00","dateModified":"2026-03-27T17:26:35+00:00","breadcrumb":{"@id":"https:\/\/ueberlebenskunst.at\/survivalshop\/shop\/k4-edc-holster-fuer-boeker-atlas-backlock\/#breadcrumb"},"inLanguage":"de","potentialAction":[{"@type":"ReadAction","target":["https:\/\/ueberlebenskunst.at\/survivalshop\/shop\/k4-edc-holster-fuer-boeker-atlas-backlock\/"]}]},{"@type":"ImageObject","inLanguage":"de","@id":"https:\/\/ueberlebenskunst.at\/survivalshop\/shop\/k4-edc-holster-fuer-boeker-atlas-backlock\/#primaryimage","url":"https:\/\/ueberlebenskunst.at\/survivalshop\/wp-content\/uploads\/2023\/05\/ADC_All-Day-Carry_Messer_Pocket-Carry_Halterung_Boeker-Atlas_BAN91_Kette_liegend_ab.jpg","contentUrl":"https:\/\/ueberlebenskunst.at\/survivalshop\/wp-content\/uploads\/2023\/05\/ADC_All-Day-Carry_Messer_Pocket-Carry_Halterung_Boeker-Atlas_BAN91_Kette_liegend_ab.jpg","width":400,"height":400},{"@type":"BreadcrumbList","@id":"https:\/\/ueberlebenskunst.at\/survivalshop\/shop\/k4-edc-holster-fuer-boeker-atlas-backlock\/#breadcrumb","itemListElement":[{"@type":"ListItem","position":1,"name":"Startseite","item":"https:\/\/ueberlebenskunst.at\/survivalshop\/"},{"@type":"ListItem","position":2,"name":"Shop","item":"https:\/\/ueberlebenskunst.at\/survivalshop\/shop\/"},{"@type":"ListItem","position":3,"name":"K4 EDC Holster f\u00fcr B\u00f6ker Atlas BackLock"}]},{"@type":"WebSite","@id":"https:\/\/ueberlebenskunst.at\/survivalshop\/#website","url":"https:\/\/ueberlebenskunst.at\/survivalshop\/","name":"Reini Rossmann - Survival Shop","description":"Survival Shop f\u00fcr Survival, Bushcraft und Prepper","potentialAction":[{"@type":"SearchAction","target":{"@type":"EntryPoint","urlTemplate":"https:\/\/ueberlebenskunst.at\/survivalshop\/?s={search_term_string}"},"query-input":{"@type":"PropertyValueSpecification","valueRequired":true,"valueName":"search_term_string"}}],"inLanguage":"de"}]}},"_links":{"self":[{"href":"https:\/\/ueberlebenskunst.at\/survivalshop\/wp-json\/wp\/v2\/product\/135225","targetHints":{"allow":["GET"]}}],"collection":[{"href":"https:\/\/ueberlebenskunst.at\/survivalshop\/wp-json\/wp\/v2\/product"}],"about":[{"href":"https:\/\/ueberlebenskunst.at\/survivalshop\/wp-json\/wp\/v2\/types\/product"}],"replies":[{"embeddable":true,"href":"https:\/\/ueberlebenskunst.at\/survivalshop\/wp-json\/wp\/v2\/comments?post=135225"}],"wp:featuredmedia":[{"embeddable":true,"href":"https:\/\/ueberlebenskunst.at\/survivalshop\/wp-json\/wp\/v2\/media\/135870"}],"wp:attachment":[{"href":"https:\/\/ueberlebenskunst.at\/survivalshop\/wp-json\/wp\/v2\/media?parent=135225"}],"wp:term":[{"taxonomy":"product_brand","embeddable":true,"href":"https:\/\/ueberlebenskunst.at\/survivalshop\/wp-json\/wp\/v2\/product_brand?post=135225"},{"taxonomy":"product_cat","embeddable":true,"href":"https:\/\/ueberlebenskunst.at\/survivalshop\/wp-json\/wp\/v2\/product_cat?post=135225"},{"taxonomy":"product_tag","embeddable":true,"href":"https:\/\/ueberlebenskunst.at\/survivalshop\/wp-json\/wp\/v2\/product_tag?post=135225"}],"curies":[{"name":"wp","href":"https:\/\/api.w.org\/{rel}","templated":true}]}}