{"id":135159,"date":"2023-05-24T06:38:36","date_gmt":"2023-05-24T04:38:36","guid":{"rendered":"https:\/\/ueberlebenskunst.at\/survivalshop\/?post_type=product&#038;p=135159"},"modified":"2025-06-26T20:43:16","modified_gmt":"2025-06-26T18:43:16","slug":"k4-beaver-halterung-fuer-swiss-champ","status":"publish","type":"product","link":"https:\/\/ueberlebenskunst.at\/survivalshop\/shop\/k4-beaver-halterung-fuer-swiss-champ\/","title":{"rendered":"K4 Beaver Halterung f\u00fcr Victorinox Swiss Champ"},"content":{"rendered":"<p>Die K4 Beaver Halterung f\u00fcr das Victorinox Swiss Champ ist ideale Erg\u00e4nzung um deinen <a href=\"https:\/\/ueberlebenskunst.at\/survivalshop\/shop\/reini-rossmann-messer-bushcraft-beaver\/\" target=\"_blank\" rel=\"noopener\">Bushcraft Beaver<\/a> oder <a href=\"https:\/\/ueberlebenskunst.at\/survivalshop\/shop\/reini-rossmann-survival-beaver\/\" target=\"_blank\" rel=\"noopener\">Survival Beaver<\/a> mit einem Multi-Tool auszustatten.<\/p>\n<p>Die Halterung sieht vor, dass du dein Swiss Champ im Frontbereich der Kydexscheide jederzeit mit dir f\u00fchren kannst und dieses gleichzeitig 100%ig gesichert ist. Das erweitert deine M\u00f6glichkeiten und macht aus deinem Bushcraft oder Survival Beaver auch indirekt ein Multi-Tool. Die Montage ist kinderleicht und kann durch die mitgelieferten Montagematerialien sehr einfach durchgef\u00fchrt werden. Kydexscheiden von anderen Herstellern sind m\u00f6glicherweise auch kompatibel, jedoch k\u00f6nnen wir dies nicht garantieren. Die K4 Beaver Halterung f\u00fcr Victorinox Swiss Champ (interne Artikelnummer bei Victorinox 1.6795) wir in der Reini Rossmann Werkstatt in \u00d6sterreich produziert.<\/p>\n<p>Wenn du dir Sorgen machst, dass das Swiss Champ m\u00f6glicherweise in dem Holster nicht 100%ig sitzt, k\u00f6nnen wir dich beruhigen. Durch das mitgelieferte Flexi-Cord kannst du noch zus\u00e4tzliche Sicherheit herstellen, indem du das Flexi-Cord mit der \u00d6se des Swiss Champs einh\u00e4ngst und dann auf der K4 Beaver Halterung fixierst. Somit ist es so gut wie ausgeschlossen, dass dein Swiss Champ verloren geht.<\/p>\n<h3><strong>Produktdaten<\/strong><\/h3>\n<ul>\n<li>Gewicht: 44 g<\/li>\n<li>Abmessungen: 46 x 70 x 70 mm<\/li>\n<\/ul>\n<h3><strong>Passt auf:<\/strong><\/h3>\n<ul>\n<li><a href=\"https:\/\/ueberlebenskunst.at\/survivalshop\/shop\/reini-rossmann-messer-bushcraft-beaver\/\" target=\"_blank\" rel=\"noopener\">Beaver<\/a> und <a href=\"https:\/\/ueberlebenskunst.at\/survivalshop\/shop\/reini-rossmann-survival-beaver\/\" target=\"_blank\" rel=\"noopener\">Survival Beaver<\/a><\/li>\n<\/ul>\n<h3><strong>Passendes Zubeh\u00f6r:<\/strong><\/h3>\n<ul>\n<li>Unsere Universalhalter wie z. B. <a href=\"https:\/\/ueberlebenskunst.at\/survivalshop\/shop\/universal-feuerstahlhalter\/\" target=\"_blank\" rel=\"noopener\">FHUNI<\/a><\/li>\n<\/ul>\n<h3><strong>Lieferumfang:<\/strong><\/h3>\n<ul>\n<li>Messerscheide<\/li>\n<\/ul>\n<h3><strong>Bedienungs- &amp; Pflegeanleitung:<\/strong><\/h3>\n<ul>\n<li>Die Reinigung mit Wasser und Seife ist m\u00f6glich.<\/li>\n<li>Du solltest die Steckscheide nicht direkt in die N\u00e4he von Feuer oder anderen Hitzequellen legen!<\/li>\n<li>Wird deine Steckscheide \u00fcber l\u00e4ngere Zeit sehr kalten Temperaturen unter 0 \u00b0C ausgesetzt, solltest du<br \/>\nin dem Moment darauf achten, dass keine starken Belastungen darauf einwirken.<\/li>\n<\/ul>\n<p>Unsere Produkte sind nicht f\u00fcr Kinder unter 3 Jahren geeignet. Es besteht Verschluckungsgefahr.<\/p>\n<p><span style=\"color: #99cc00;\">Du willst das Produkt in einer anderen Farbe? Schick uns eine E-Mail an shop@ueberlebenskunst.at und wir pr\u00fcfen, ob dein Farbwunsch\u00a0m\u00f6glich\u00a0ist.<\/span><\/p>\n","protected":false},"excerpt":{"rendered":"<p>Die K4 Beaver Halterung f\u00fcr das Victorinox Swiss Champ ist ideale Erg\u00e4nzung um deinen Bushcraft Beaver oder Survival Beaver mit einem Multi-Tool auszustatten. Die Halterung sieht vor, dass du dein Swiss Champ im Frontbereich der Kydexscheide jederzeit mit dir f\u00fchren kannst und dieses gleichzeitig 100%ig gesichert ist. Das erweitert deine M\u00f6glichkeiten und macht aus deinem [&hellip;]<\/p>\n","protected":false},"featured_media":136339,"comment_status":"open","ping_status":"closed","template":"","meta":{"_acf_changed":false},"product_brand":[],"product_cat":[1945],"product_tag":[1455,1256,1627,1147],"class_list":{"0":"post-135159","1":"product","2":"type-product","3":"status-publish","4":"has-post-thumbnail","6":"product_cat-survivalausruestung","7":"product_tag-beaver","8":"product_tag-k4","9":"product_tag-swiss-champ","10":"product_tag-victorinox","12":"first","13":"instock","14":"taxable","15":"shipping-taxable","16":"purchasable","17":"product-type-simple"},"acf":[],"yoast_head":"<!-- This site is optimized with the Yoast SEO plugin v27.1.1 - https:\/\/yoast.com\/product\/yoast-seo-wordpress\/ -->\n<title>K4 Beaver Halterung f\u00fcr Victorinox Swiss Champ - Reini Rossmann - Survival Shop<\/title>\n<meta name=\"robots\" content=\"index, follow, max-snippet:-1, max-image-preview:large, max-video-preview:-1\" \/>\n<link rel=\"canonical\" href=\"https:\/\/ueberlebenskunst.at\/survivalshop\/shop\/k4-beaver-halterung-fuer-swiss-champ\/\" \/>\n<meta property=\"og:locale\" content=\"de_DE\" \/>\n<meta property=\"og:type\" content=\"article\" \/>\n<meta property=\"og:title\" content=\"K4 Beaver Halterung f\u00fcr Victorinox Swiss Champ - Reini Rossmann - Survival Shop\" \/>\n<meta property=\"og:description\" content=\"Die K4 Beaver Halterung f\u00fcr das Victorinox Swiss Champ ist ideale Erg\u00e4nzung um deinen Bushcraft Beaver oder Survival Beaver mit einem Multi-Tool auszustatten. Die Halterung sieht vor, dass du dein Swiss Champ im Frontbereich der Kydexscheide jederzeit mit dir f\u00fchren kannst und dieses gleichzeitig 100%ig gesichert ist. Das erweitert deine M\u00f6glichkeiten und macht aus deinem [&hellip;]\" \/>\n<meta property=\"og:url\" content=\"https:\/\/ueberlebenskunst.at\/survivalshop\/shop\/k4-beaver-halterung-fuer-swiss-champ\/\" \/>\n<meta property=\"og:site_name\" content=\"Reini Rossmann - Survival Shop\" \/>\n<meta property=\"article:publisher\" content=\"https:\/\/www.facebook.com\/survival24.org\/\" \/>\n<meta property=\"article:modified_time\" content=\"2025-06-26T18:43:16+00:00\" \/>\n<meta property=\"og:image\" content=\"https:\/\/ueberlebenskunst.at\/survivalshop\/wp-content\/uploads\/2023\/05\/K4_Beaver_Halterung_Swiss_Champ_Messer_sk.jpg\" \/>\n\t<meta property=\"og:image:width\" content=\"400\" \/>\n\t<meta property=\"og:image:height\" content=\"400\" \/>\n\t<meta property=\"og:image:type\" content=\"image\/jpeg\" \/>\n<meta name=\"twitter:card\" content=\"summary_large_image\" \/>\n<meta name=\"twitter:label1\" content=\"Gesch\u00e4tzte Lesezeit\" \/>\n\t<meta name=\"twitter:data1\" content=\"2\u00a0Minuten\" \/>\n<script type=\"application\/ld+json\" class=\"yoast-schema-graph\">{\"@context\":\"https:\/\/schema.org\",\"@graph\":[{\"@type\":\"WebPage\",\"@id\":\"https:\/\/ueberlebenskunst.at\/survivalshop\/shop\/k4-beaver-halterung-fuer-swiss-champ\/\",\"url\":\"https:\/\/ueberlebenskunst.at\/survivalshop\/shop\/k4-beaver-halterung-fuer-swiss-champ\/\",\"name\":\"K4 Beaver Halterung f\u00fcr Victorinox Swiss Champ - Reini Rossmann - Survival Shop\",\"isPartOf\":{\"@id\":\"https:\/\/ueberlebenskunst.at\/survivalshop\/#website\"},\"primaryImageOfPage\":{\"@id\":\"https:\/\/ueberlebenskunst.at\/survivalshop\/shop\/k4-beaver-halterung-fuer-swiss-champ\/#primaryimage\"},\"image\":{\"@id\":\"https:\/\/ueberlebenskunst.at\/survivalshop\/shop\/k4-beaver-halterung-fuer-swiss-champ\/#primaryimage\"},\"thumbnailUrl\":\"https:\/\/ueberlebenskunst.at\/survivalshop\/wp-content\/uploads\/2023\/05\/K4_Beaver_Halterung_Swiss_Champ_Messer_sk.jpg\",\"datePublished\":\"2023-05-24T04:38:36+00:00\",\"dateModified\":\"2025-06-26T18:43:16+00:00\",\"breadcrumb\":{\"@id\":\"https:\/\/ueberlebenskunst.at\/survivalshop\/shop\/k4-beaver-halterung-fuer-swiss-champ\/#breadcrumb\"},\"inLanguage\":\"de\",\"potentialAction\":[{\"@type\":\"ReadAction\",\"target\":[\"https:\/\/ueberlebenskunst.at\/survivalshop\/shop\/k4-beaver-halterung-fuer-swiss-champ\/\"]}]},{\"@type\":\"ImageObject\",\"inLanguage\":\"de\",\"@id\":\"https:\/\/ueberlebenskunst.at\/survivalshop\/shop\/k4-beaver-halterung-fuer-swiss-champ\/#primaryimage\",\"url\":\"https:\/\/ueberlebenskunst.at\/survivalshop\/wp-content\/uploads\/2023\/05\/K4_Beaver_Halterung_Swiss_Champ_Messer_sk.jpg\",\"contentUrl\":\"https:\/\/ueberlebenskunst.at\/survivalshop\/wp-content\/uploads\/2023\/05\/K4_Beaver_Halterung_Swiss_Champ_Messer_sk.jpg\",\"width\":400,\"height\":400},{\"@type\":\"BreadcrumbList\",\"@id\":\"https:\/\/ueberlebenskunst.at\/survivalshop\/shop\/k4-beaver-halterung-fuer-swiss-champ\/#breadcrumb\",\"itemListElement\":[{\"@type\":\"ListItem\",\"position\":1,\"name\":\"Startseite\",\"item\":\"https:\/\/ueberlebenskunst.at\/survivalshop\/\"},{\"@type\":\"ListItem\",\"position\":2,\"name\":\"Shop\",\"item\":\"https:\/\/ueberlebenskunst.at\/survivalshop\/shop\/\"},{\"@type\":\"ListItem\",\"position\":3,\"name\":\"K4 Beaver Halterung f\u00fcr Victorinox Swiss Champ\"}]},{\"@type\":\"WebSite\",\"@id\":\"https:\/\/ueberlebenskunst.at\/survivalshop\/#website\",\"url\":\"https:\/\/ueberlebenskunst.at\/survivalshop\/\",\"name\":\"Reini Rossmann - Survival Shop\",\"description\":\"Survival Shop f\u00fcr Survival, Bushcraft und Prepper\",\"potentialAction\":[{\"@type\":\"SearchAction\",\"target\":{\"@type\":\"EntryPoint\",\"urlTemplate\":\"https:\/\/ueberlebenskunst.at\/survivalshop\/?s={search_term_string}\"},\"query-input\":{\"@type\":\"PropertyValueSpecification\",\"valueRequired\":true,\"valueName\":\"search_term_string\"}}],\"inLanguage\":\"de\"}]}<\/script>\n<!-- \/ Yoast SEO plugin. -->","yoast_head_json":{"title":"K4 Beaver Halterung f\u00fcr Victorinox Swiss Champ - Reini Rossmann - Survival Shop","robots":{"index":"index","follow":"follow","max-snippet":"max-snippet:-1","max-image-preview":"max-image-preview:large","max-video-preview":"max-video-preview:-1"},"canonical":"https:\/\/ueberlebenskunst.at\/survivalshop\/shop\/k4-beaver-halterung-fuer-swiss-champ\/","og_locale":"de_DE","og_type":"article","og_title":"K4 Beaver Halterung f\u00fcr Victorinox Swiss Champ - Reini Rossmann - Survival Shop","og_description":"Die K4 Beaver Halterung f\u00fcr das Victorinox Swiss Champ ist ideale Erg\u00e4nzung um deinen Bushcraft Beaver oder Survival Beaver mit einem Multi-Tool auszustatten. Die Halterung sieht vor, dass du dein Swiss Champ im Frontbereich der Kydexscheide jederzeit mit dir f\u00fchren kannst und dieses gleichzeitig 100%ig gesichert ist. Das erweitert deine M\u00f6glichkeiten und macht aus deinem [&hellip;]","og_url":"https:\/\/ueberlebenskunst.at\/survivalshop\/shop\/k4-beaver-halterung-fuer-swiss-champ\/","og_site_name":"Reini Rossmann - Survival Shop","article_publisher":"https:\/\/www.facebook.com\/survival24.org\/","article_modified_time":"2025-06-26T18:43:16+00:00","og_image":[{"width":400,"height":400,"url":"https:\/\/ueberlebenskunst.at\/survivalshop\/wp-content\/uploads\/2023\/05\/K4_Beaver_Halterung_Swiss_Champ_Messer_sk.jpg","type":"image\/jpeg"}],"twitter_card":"summary_large_image","twitter_misc":{"Gesch\u00e4tzte Lesezeit":"2\u00a0Minuten"},"schema":{"@context":"https:\/\/schema.org","@graph":[{"@type":"WebPage","@id":"https:\/\/ueberlebenskunst.at\/survivalshop\/shop\/k4-beaver-halterung-fuer-swiss-champ\/","url":"https:\/\/ueberlebenskunst.at\/survivalshop\/shop\/k4-beaver-halterung-fuer-swiss-champ\/","name":"K4 Beaver Halterung f\u00fcr Victorinox Swiss Champ - Reini Rossmann - Survival Shop","isPartOf":{"@id":"https:\/\/ueberlebenskunst.at\/survivalshop\/#website"},"primaryImageOfPage":{"@id":"https:\/\/ueberlebenskunst.at\/survivalshop\/shop\/k4-beaver-halterung-fuer-swiss-champ\/#primaryimage"},"image":{"@id":"https:\/\/ueberlebenskunst.at\/survivalshop\/shop\/k4-beaver-halterung-fuer-swiss-champ\/#primaryimage"},"thumbnailUrl":"https:\/\/ueberlebenskunst.at\/survivalshop\/wp-content\/uploads\/2023\/05\/K4_Beaver_Halterung_Swiss_Champ_Messer_sk.jpg","datePublished":"2023-05-24T04:38:36+00:00","dateModified":"2025-06-26T18:43:16+00:00","breadcrumb":{"@id":"https:\/\/ueberlebenskunst.at\/survivalshop\/shop\/k4-beaver-halterung-fuer-swiss-champ\/#breadcrumb"},"inLanguage":"de","potentialAction":[{"@type":"ReadAction","target":["https:\/\/ueberlebenskunst.at\/survivalshop\/shop\/k4-beaver-halterung-fuer-swiss-champ\/"]}]},{"@type":"ImageObject","inLanguage":"de","@id":"https:\/\/ueberlebenskunst.at\/survivalshop\/shop\/k4-beaver-halterung-fuer-swiss-champ\/#primaryimage","url":"https:\/\/ueberlebenskunst.at\/survivalshop\/wp-content\/uploads\/2023\/05\/K4_Beaver_Halterung_Swiss_Champ_Messer_sk.jpg","contentUrl":"https:\/\/ueberlebenskunst.at\/survivalshop\/wp-content\/uploads\/2023\/05\/K4_Beaver_Halterung_Swiss_Champ_Messer_sk.jpg","width":400,"height":400},{"@type":"BreadcrumbList","@id":"https:\/\/ueberlebenskunst.at\/survivalshop\/shop\/k4-beaver-halterung-fuer-swiss-champ\/#breadcrumb","itemListElement":[{"@type":"ListItem","position":1,"name":"Startseite","item":"https:\/\/ueberlebenskunst.at\/survivalshop\/"},{"@type":"ListItem","position":2,"name":"Shop","item":"https:\/\/ueberlebenskunst.at\/survivalshop\/shop\/"},{"@type":"ListItem","position":3,"name":"K4 Beaver Halterung f\u00fcr Victorinox Swiss Champ"}]},{"@type":"WebSite","@id":"https:\/\/ueberlebenskunst.at\/survivalshop\/#website","url":"https:\/\/ueberlebenskunst.at\/survivalshop\/","name":"Reini Rossmann - Survival Shop","description":"Survival Shop f\u00fcr Survival, Bushcraft und Prepper","potentialAction":[{"@type":"SearchAction","target":{"@type":"EntryPoint","urlTemplate":"https:\/\/ueberlebenskunst.at\/survivalshop\/?s={search_term_string}"},"query-input":{"@type":"PropertyValueSpecification","valueRequired":true,"valueName":"search_term_string"}}],"inLanguage":"de"}]}},"_links":{"self":[{"href":"https:\/\/ueberlebenskunst.at\/survivalshop\/wp-json\/wp\/v2\/product\/135159","targetHints":{"allow":["GET"]}}],"collection":[{"href":"https:\/\/ueberlebenskunst.at\/survivalshop\/wp-json\/wp\/v2\/product"}],"about":[{"href":"https:\/\/ueberlebenskunst.at\/survivalshop\/wp-json\/wp\/v2\/types\/product"}],"replies":[{"embeddable":true,"href":"https:\/\/ueberlebenskunst.at\/survivalshop\/wp-json\/wp\/v2\/comments?post=135159"}],"wp:featuredmedia":[{"embeddable":true,"href":"https:\/\/ueberlebenskunst.at\/survivalshop\/wp-json\/wp\/v2\/media\/136339"}],"wp:attachment":[{"href":"https:\/\/ueberlebenskunst.at\/survivalshop\/wp-json\/wp\/v2\/media?parent=135159"}],"wp:term":[{"taxonomy":"product_brand","embeddable":true,"href":"https:\/\/ueberlebenskunst.at\/survivalshop\/wp-json\/wp\/v2\/product_brand?post=135159"},{"taxonomy":"product_cat","embeddable":true,"href":"https:\/\/ueberlebenskunst.at\/survivalshop\/wp-json\/wp\/v2\/product_cat?post=135159"},{"taxonomy":"product_tag","embeddable":true,"href":"https:\/\/ueberlebenskunst.at\/survivalshop\/wp-json\/wp\/v2\/product_tag?post=135159"}],"curies":[{"name":"wp","href":"https:\/\/api.w.org\/{rel}","templated":true}]}}