{"id":135094,"date":"2023-05-23T06:31:40","date_gmt":"2023-05-23T04:31:40","guid":{"rendered":"https:\/\/ueberlebenskunst.at\/survivalshop\/?post_type=product&#038;p=135094"},"modified":"2025-11-29T00:22:10","modified_gmt":"2025-11-28T23:22:10","slug":"k4-adc-feuerstahlhalter","status":"publish","type":"product","link":"https:\/\/ueberlebenskunst.at\/survivalshop\/shop\/k4-adc-feuerstahlhalter\/","title":{"rendered":"Survival EDC Feuerstahlhalter inkl. Feuerstahl"},"content":{"rendered":"<p>Dieser Holster ist die ideale Erg\u00e4nzung f\u00fcr jeden Survivalisten! Warum? Mit dem Survival EDC Feuerstahlhalter hast du die M\u00f6glichkeit den Feuerstahl direkt am K\u00f6rper zu sichern. Das kann auf 2 unterschiedliche M\u00f6glichkeiten passieren: 1. direkt um den Hals getragen. Du kannst den Feuerstahl unter der Kleidung direkt am K\u00f6rper tragen und so kannst du sicherstellen, dass du in jeder Situation einen voll funktionsf\u00e4higen Feuerstahl zur Verf\u00fcgung hast. 2. als Sicherung im Hosensack. Durch die mitgelieferte Kugelkette oder durch eine von dir selbstangebrachte Paracordschnur kannst du den Feuerstahl im Hosensack sichern. Gleichzeitig ist der Feuerstahl aber auch jederzeit einsatzbereit, weil du ihn ja aus dem EDC Holster leicht ziehen kannst. Nach Gebrauch einfach wieder zur\u00fcckstecken und dann ist dein Feuerstahl wieder gesichert.<\/p>\n<p>Es gibt auch noch eine 3. M\u00f6glichkeit: durch die 2 L\u00f6cher, die bei dem Feuerstahlhalter angebracht sind, ist es auch m\u00f6glich f\u00fcr Neck Knives an Kugelketten oder selbstangebrachten Paracordleinen den Feuerstahl zu montieren.<\/p>\n<p>Der Survival EDC Feuerstahlhalter inkl. K4 Feuerstahl ist Made in Austria und wird in der Reini Rossmann Werkstatt hergestellt. Nat\u00fcrlich sind alle Feuerst\u00e4hle mit einem 8 mm Durchmesser kompatibel, sofern sie die Mindestl\u00e4nge aufweisen, um in den Holster zu passen.<\/p>\n<p>Ein Muss f\u00fcr jeden Survivalisten, der nach dem Motto lebt One is like non &#8211; oder zu gut Deutsch: Eins ist wie keins!<\/p>\n<h3>Produktdaten:<\/h3>\n<ul>\n<li>Gewicht: 4 g<\/li>\n<li>Gesamt: 36 g<\/li>\n<li>Abmessungen: 18 x 23 x 50 mm<\/li>\n<li>Montageabmessungen: f\u00fcr Feuerstahl mit 8 mm Durchmesser<\/li>\n<\/ul>\n<h3>Passendes, extra erh\u00e4ltliches Zubeh\u00f6r:<\/h3>\n<ul>\n<li><a href=\"https:\/\/ueberlebenskunst.at\/survivalshop\/shop\/k4-ersatz-feuerstahl-mit-flexiband\/\" target=\"_blank\" rel=\"noopener\">Ersatz Feuerstahl<\/a><\/li>\n<\/ul>\n<h3>Lieferumfang:<\/h3>\n<ul>\n<li>K4 ADC Feuerstahlhalter inkl. Kugelkette und Feuerstahl<\/li>\n<li><strong>Achtung: auf den Produktbildern befindet sich optionales Zubeh\u00f6r, das im Lieferumfang NICHT enthalten ist.<\/strong><\/li>\n<\/ul>\n<h3>Bedienungs- &amp; Pflegeanleitung:<\/h3>\n<p>Die Reinigung mit Wasser ist m\u00f6glich.<br \/>\nDu solltest das Produkt nicht direkt in die N\u00e4he von Feuer oder anderen Hitzequellen legen!<br \/>\nWird es \u00fcber l\u00e4ngere Zeit sehr kalten Temperaturen unter 0 \u00b0C ausgesetzt, solltest du in dem Moment darauf achten, dass keine starken Belastungen darauf einwirken.<\/p>\n<p>Unsere Produkte sind nicht f\u00fcr Kinder unter 3 Jahren geeignet. Es besteht Verschluckungsgefahr.<\/p>\n<p><a href=\"https:\/\/ueberlebenskunst.at\/survivalshop\/wp-content\/uploads\/2021\/11\/Logo_Kinder.png\"><img decoding=\"async\" class=\"alignnone size-medium wp-image-179571\" src=\"https:\/\/ueberlebenskunst.at\/survivalshop\/wp-content\/uploads\/2021\/11\/Logo_Kinder-300x126.png\" alt=\"\" width=\"300\" height=\"126\" srcset=\"https:\/\/ueberlebenskunst.at\/survivalshop\/wp-content\/uploads\/2021\/11\/Logo_Kinder-300x126.png 300w, https:\/\/ueberlebenskunst.at\/survivalshop\/wp-content\/uploads\/2021\/11\/Logo_Kinder-64x27.png 64w, https:\/\/ueberlebenskunst.at\/survivalshop\/wp-content\/uploads\/2021\/11\/Logo_Kinder.png 401w\" sizes=\"(max-width: 300px) 100vw, 300px\" \/><\/a><\/p>\n<p><span style=\"color: #99cc00;\">Du willst das Produkt in einer anderen Farbe? Schick uns eine E-Mail an shop@ueberlebenskunst.at und wir pr\u00fcfen, ob dein Farbwunsch\u00a0m\u00f6glich\u00a0ist.<\/span><\/p>\n","protected":false},"excerpt":{"rendered":"<p>Dieser Holster ist die ideale Erg\u00e4nzung f\u00fcr jeden Survivalisten! Warum? Mit dem Survival EDC Feuerstahlhalter hast du die M\u00f6glichkeit den Feuerstahl direkt am K\u00f6rper zu sichern. Das kann auf 2 unterschiedliche M\u00f6glichkeiten passieren: 1. direkt um den Hals getragen. Du kannst den Feuerstahl unter der Kleidung direkt am K\u00f6rper tragen und so kannst du sicherstellen, [&hellip;]<\/p>\n","protected":false},"featured_media":146079,"comment_status":"open","ping_status":"closed","template":"","meta":{"_acf_changed":false},"product_brand":[],"product_cat":[1945],"product_tag":[236,2051],"class_list":{"0":"post-135094","1":"product","2":"type-product","3":"status-publish","4":"has-post-thumbnail","6":"product_cat-survivalausruestung","7":"product_tag-feuerstahl","8":"product_tag-schluesselbund-edc","10":"first","11":"instock","12":"taxable","13":"shipping-taxable","14":"purchasable","15":"product-type-simple"},"acf":[],"yoast_head":"<!-- This site is optimized with the Yoast SEO plugin v27.1.1 - https:\/\/yoast.com\/product\/yoast-seo-wordpress\/ -->\n<title>Survival EDC Feuerstahlhalter inkl. Feuerstahl - Reini Rossmann - Survival Shop<\/title>\n<meta name=\"robots\" content=\"index, follow, max-snippet:-1, max-image-preview:large, max-video-preview:-1\" \/>\n<link rel=\"canonical\" href=\"https:\/\/ueberlebenskunst.at\/survivalshop\/shop\/k4-adc-feuerstahlhalter\/\" \/>\n<meta property=\"og:locale\" content=\"de_DE\" \/>\n<meta property=\"og:type\" content=\"article\" \/>\n<meta property=\"og:title\" content=\"Survival EDC Feuerstahlhalter inkl. Feuerstahl - Reini Rossmann - Survival Shop\" \/>\n<meta property=\"og:description\" content=\"Dieser Holster ist die ideale Erg\u00e4nzung f\u00fcr jeden Survivalisten! Warum? Mit dem Survival EDC Feuerstahlhalter hast du die M\u00f6glichkeit den Feuerstahl direkt am K\u00f6rper zu sichern. Das kann auf 2 unterschiedliche M\u00f6glichkeiten passieren: 1. direkt um den Hals getragen. Du kannst den Feuerstahl unter der Kleidung direkt am K\u00f6rper tragen und so kannst du sicherstellen, [&hellip;]\" \/>\n<meta property=\"og:url\" content=\"https:\/\/ueberlebenskunst.at\/survivalshop\/shop\/k4-adc-feuerstahlhalter\/\" \/>\n<meta property=\"og:site_name\" content=\"Reini Rossmann - Survival Shop\" \/>\n<meta property=\"article:publisher\" content=\"https:\/\/www.facebook.com\/survival24.org\/\" \/>\n<meta property=\"article:modified_time\" content=\"2025-11-28T23:22:10+00:00\" \/>\n<meta property=\"og:image\" content=\"https:\/\/ueberlebenskunst.at\/survivalshop\/wp-content\/uploads\/2023\/05\/Survival_EDC_Feuerstahlhalter_inkl_Feuerstahl_FHADC_Schluesselbund_sk.jpg\" \/>\n\t<meta property=\"og:image:width\" content=\"400\" \/>\n\t<meta property=\"og:image:height\" content=\"400\" \/>\n\t<meta property=\"og:image:type\" content=\"image\/jpeg\" \/>\n<meta name=\"twitter:card\" content=\"summary_large_image\" \/>\n<meta name=\"twitter:label1\" content=\"Gesch\u00e4tzte Lesezeit\" \/>\n\t<meta name=\"twitter:data1\" content=\"3\u00a0Minuten\" \/>\n<script type=\"application\/ld+json\" class=\"yoast-schema-graph\">{\"@context\":\"https:\/\/schema.org\",\"@graph\":[{\"@type\":\"WebPage\",\"@id\":\"https:\/\/ueberlebenskunst.at\/survivalshop\/shop\/k4-adc-feuerstahlhalter\/\",\"url\":\"https:\/\/ueberlebenskunst.at\/survivalshop\/shop\/k4-adc-feuerstahlhalter\/\",\"name\":\"Survival EDC Feuerstahlhalter inkl. Feuerstahl - Reini Rossmann - Survival Shop\",\"isPartOf\":{\"@id\":\"https:\/\/ueberlebenskunst.at\/survivalshop\/#website\"},\"primaryImageOfPage\":{\"@id\":\"https:\/\/ueberlebenskunst.at\/survivalshop\/shop\/k4-adc-feuerstahlhalter\/#primaryimage\"},\"image\":{\"@id\":\"https:\/\/ueberlebenskunst.at\/survivalshop\/shop\/k4-adc-feuerstahlhalter\/#primaryimage\"},\"thumbnailUrl\":\"https:\/\/ueberlebenskunst.at\/survivalshop\/wp-content\/uploads\/2023\/05\/Survival_EDC_Feuerstahlhalter_inkl_Feuerstahl_FHADC_Schluesselbund_sk.jpg\",\"datePublished\":\"2023-05-23T04:31:40+00:00\",\"dateModified\":\"2025-11-28T23:22:10+00:00\",\"breadcrumb\":{\"@id\":\"https:\/\/ueberlebenskunst.at\/survivalshop\/shop\/k4-adc-feuerstahlhalter\/#breadcrumb\"},\"inLanguage\":\"de\",\"potentialAction\":[{\"@type\":\"ReadAction\",\"target\":[\"https:\/\/ueberlebenskunst.at\/survivalshop\/shop\/k4-adc-feuerstahlhalter\/\"]}]},{\"@type\":\"ImageObject\",\"inLanguage\":\"de\",\"@id\":\"https:\/\/ueberlebenskunst.at\/survivalshop\/shop\/k4-adc-feuerstahlhalter\/#primaryimage\",\"url\":\"https:\/\/ueberlebenskunst.at\/survivalshop\/wp-content\/uploads\/2023\/05\/Survival_EDC_Feuerstahlhalter_inkl_Feuerstahl_FHADC_Schluesselbund_sk.jpg\",\"contentUrl\":\"https:\/\/ueberlebenskunst.at\/survivalshop\/wp-content\/uploads\/2023\/05\/Survival_EDC_Feuerstahlhalter_inkl_Feuerstahl_FHADC_Schluesselbund_sk.jpg\",\"width\":400,\"height\":400},{\"@type\":\"BreadcrumbList\",\"@id\":\"https:\/\/ueberlebenskunst.at\/survivalshop\/shop\/k4-adc-feuerstahlhalter\/#breadcrumb\",\"itemListElement\":[{\"@type\":\"ListItem\",\"position\":1,\"name\":\"Startseite\",\"item\":\"https:\/\/ueberlebenskunst.at\/survivalshop\/\"},{\"@type\":\"ListItem\",\"position\":2,\"name\":\"Shop\",\"item\":\"https:\/\/ueberlebenskunst.at\/survivalshop\/shop\/\"},{\"@type\":\"ListItem\",\"position\":3,\"name\":\"Survival EDC Feuerstahlhalter inkl. Feuerstahl\"}]},{\"@type\":\"WebSite\",\"@id\":\"https:\/\/ueberlebenskunst.at\/survivalshop\/#website\",\"url\":\"https:\/\/ueberlebenskunst.at\/survivalshop\/\",\"name\":\"Reini Rossmann - Survival Shop\",\"description\":\"Survival Shop f\u00fcr Survival, Bushcraft und Prepper\",\"potentialAction\":[{\"@type\":\"SearchAction\",\"target\":{\"@type\":\"EntryPoint\",\"urlTemplate\":\"https:\/\/ueberlebenskunst.at\/survivalshop\/?s={search_term_string}\"},\"query-input\":{\"@type\":\"PropertyValueSpecification\",\"valueRequired\":true,\"valueName\":\"search_term_string\"}}],\"inLanguage\":\"de\"}]}<\/script>\n<!-- \/ Yoast SEO plugin. -->","yoast_head_json":{"title":"Survival EDC Feuerstahlhalter inkl. Feuerstahl - Reini Rossmann - Survival Shop","robots":{"index":"index","follow":"follow","max-snippet":"max-snippet:-1","max-image-preview":"max-image-preview:large","max-video-preview":"max-video-preview:-1"},"canonical":"https:\/\/ueberlebenskunst.at\/survivalshop\/shop\/k4-adc-feuerstahlhalter\/","og_locale":"de_DE","og_type":"article","og_title":"Survival EDC Feuerstahlhalter inkl. Feuerstahl - Reini Rossmann - Survival Shop","og_description":"Dieser Holster ist die ideale Erg\u00e4nzung f\u00fcr jeden Survivalisten! Warum? Mit dem Survival EDC Feuerstahlhalter hast du die M\u00f6glichkeit den Feuerstahl direkt am K\u00f6rper zu sichern. Das kann auf 2 unterschiedliche M\u00f6glichkeiten passieren: 1. direkt um den Hals getragen. Du kannst den Feuerstahl unter der Kleidung direkt am K\u00f6rper tragen und so kannst du sicherstellen, [&hellip;]","og_url":"https:\/\/ueberlebenskunst.at\/survivalshop\/shop\/k4-adc-feuerstahlhalter\/","og_site_name":"Reini Rossmann - Survival Shop","article_publisher":"https:\/\/www.facebook.com\/survival24.org\/","article_modified_time":"2025-11-28T23:22:10+00:00","og_image":[{"width":400,"height":400,"url":"https:\/\/ueberlebenskunst.at\/survivalshop\/wp-content\/uploads\/2023\/05\/Survival_EDC_Feuerstahlhalter_inkl_Feuerstahl_FHADC_Schluesselbund_sk.jpg","type":"image\/jpeg"}],"twitter_card":"summary_large_image","twitter_misc":{"Gesch\u00e4tzte Lesezeit":"3\u00a0Minuten"},"schema":{"@context":"https:\/\/schema.org","@graph":[{"@type":"WebPage","@id":"https:\/\/ueberlebenskunst.at\/survivalshop\/shop\/k4-adc-feuerstahlhalter\/","url":"https:\/\/ueberlebenskunst.at\/survivalshop\/shop\/k4-adc-feuerstahlhalter\/","name":"Survival EDC Feuerstahlhalter inkl. Feuerstahl - Reini Rossmann - Survival Shop","isPartOf":{"@id":"https:\/\/ueberlebenskunst.at\/survivalshop\/#website"},"primaryImageOfPage":{"@id":"https:\/\/ueberlebenskunst.at\/survivalshop\/shop\/k4-adc-feuerstahlhalter\/#primaryimage"},"image":{"@id":"https:\/\/ueberlebenskunst.at\/survivalshop\/shop\/k4-adc-feuerstahlhalter\/#primaryimage"},"thumbnailUrl":"https:\/\/ueberlebenskunst.at\/survivalshop\/wp-content\/uploads\/2023\/05\/Survival_EDC_Feuerstahlhalter_inkl_Feuerstahl_FHADC_Schluesselbund_sk.jpg","datePublished":"2023-05-23T04:31:40+00:00","dateModified":"2025-11-28T23:22:10+00:00","breadcrumb":{"@id":"https:\/\/ueberlebenskunst.at\/survivalshop\/shop\/k4-adc-feuerstahlhalter\/#breadcrumb"},"inLanguage":"de","potentialAction":[{"@type":"ReadAction","target":["https:\/\/ueberlebenskunst.at\/survivalshop\/shop\/k4-adc-feuerstahlhalter\/"]}]},{"@type":"ImageObject","inLanguage":"de","@id":"https:\/\/ueberlebenskunst.at\/survivalshop\/shop\/k4-adc-feuerstahlhalter\/#primaryimage","url":"https:\/\/ueberlebenskunst.at\/survivalshop\/wp-content\/uploads\/2023\/05\/Survival_EDC_Feuerstahlhalter_inkl_Feuerstahl_FHADC_Schluesselbund_sk.jpg","contentUrl":"https:\/\/ueberlebenskunst.at\/survivalshop\/wp-content\/uploads\/2023\/05\/Survival_EDC_Feuerstahlhalter_inkl_Feuerstahl_FHADC_Schluesselbund_sk.jpg","width":400,"height":400},{"@type":"BreadcrumbList","@id":"https:\/\/ueberlebenskunst.at\/survivalshop\/shop\/k4-adc-feuerstahlhalter\/#breadcrumb","itemListElement":[{"@type":"ListItem","position":1,"name":"Startseite","item":"https:\/\/ueberlebenskunst.at\/survivalshop\/"},{"@type":"ListItem","position":2,"name":"Shop","item":"https:\/\/ueberlebenskunst.at\/survivalshop\/shop\/"},{"@type":"ListItem","position":3,"name":"Survival EDC Feuerstahlhalter inkl. Feuerstahl"}]},{"@type":"WebSite","@id":"https:\/\/ueberlebenskunst.at\/survivalshop\/#website","url":"https:\/\/ueberlebenskunst.at\/survivalshop\/","name":"Reini Rossmann - Survival Shop","description":"Survival Shop f\u00fcr Survival, Bushcraft und Prepper","potentialAction":[{"@type":"SearchAction","target":{"@type":"EntryPoint","urlTemplate":"https:\/\/ueberlebenskunst.at\/survivalshop\/?s={search_term_string}"},"query-input":{"@type":"PropertyValueSpecification","valueRequired":true,"valueName":"search_term_string"}}],"inLanguage":"de"}]}},"_links":{"self":[{"href":"https:\/\/ueberlebenskunst.at\/survivalshop\/wp-json\/wp\/v2\/product\/135094","targetHints":{"allow":["GET"]}}],"collection":[{"href":"https:\/\/ueberlebenskunst.at\/survivalshop\/wp-json\/wp\/v2\/product"}],"about":[{"href":"https:\/\/ueberlebenskunst.at\/survivalshop\/wp-json\/wp\/v2\/types\/product"}],"replies":[{"embeddable":true,"href":"https:\/\/ueberlebenskunst.at\/survivalshop\/wp-json\/wp\/v2\/comments?post=135094"}],"wp:featuredmedia":[{"embeddable":true,"href":"https:\/\/ueberlebenskunst.at\/survivalshop\/wp-json\/wp\/v2\/media\/146079"}],"wp:attachment":[{"href":"https:\/\/ueberlebenskunst.at\/survivalshop\/wp-json\/wp\/v2\/media?parent=135094"}],"wp:term":[{"taxonomy":"product_brand","embeddable":true,"href":"https:\/\/ueberlebenskunst.at\/survivalshop\/wp-json\/wp\/v2\/product_brand?post=135094"},{"taxonomy":"product_cat","embeddable":true,"href":"https:\/\/ueberlebenskunst.at\/survivalshop\/wp-json\/wp\/v2\/product_cat?post=135094"},{"taxonomy":"product_tag","embeddable":true,"href":"https:\/\/ueberlebenskunst.at\/survivalshop\/wp-json\/wp\/v2\/product_tag?post=135094"}],"curies":[{"name":"wp","href":"https:\/\/api.w.org\/{rel}","templated":true}]}}