{"id":1350,"date":"2014-06-17T21:47:10","date_gmt":"2014-06-17T19:47:10","guid":{"rendered":"https:\/\/ueberlebenskunst.at\/survivalshop\/survivalshop\/?post_type=product&#038;p=1350"},"modified":"2025-06-05T11:02:42","modified_gmt":"2025-06-05T09:02:42","slug":"faellkniven-a1-armee-survival-messer","status":"seo-produkt","type":"product","link":"https:\/\/ueberlebenskunst.at\/survivalshop\/shop\/faellkniven-a1-armee-survival-messer\/","title":{"rendered":"F\u00e4llkniven A1 Armee Survival Messer"},"content":{"rendered":"<p><strong>Technische Daten:<\/strong><\/p>\n<ul>\n<li>16 cm Klingenl\u00e4nge &#8211; gro\u00df genug f\u00fcr alle Outdoor Aktivit\u00e4ten.<\/li>\n<li>6 mm Klingenst\u00e4rke &#8211; \u00e4u\u00dferst robust und im Survival-Gebrauch praktisch &#8220;unkaputtbar&#8221;.<\/li>\n<li>Schnitthaltiger VG10 Stahl<\/li>\n<li>310 Gramm leicht &#8211;\u00a0 dieses Gewicht ist f\u00fcr ein Messer dieser Gr\u00f6\u00dfe wahrlich gering.<\/li>\n<li>28 cm Gesamtl\u00e4nge<\/li>\n<\/ul>\n<p><strong>Lieferumfang:<\/strong><\/p>\n<ul>\n<li>mit Kunststoff Zytelscheide<\/li>\n<\/ul>\n<p><a href=\"https:\/\/ueberlebenskunst.at\/survivalshop\/survivalshop\/wp-content\/uploads\/2014\/06\/F\u00e4llkniven-A1.png\" target=\"_blank\" rel=\"noopener noreferrer\"><img decoding=\"async\" class=\"alignnone wp-image-1516 size-medium\" src=\"https:\/\/ueberlebenskunst.at\/survivalshop\/survivalshop\/wp-content\/uploads\/2014\/06\/F\u00e4llkniven-A1-300x240.png\" alt=\"F\u00e4llkniven A1\" width=\"300\" height=\"240\" srcset=\"https:\/\/ueberlebenskunst.at\/survivalshop\/wp-content\/uploads\/2014\/06\/F\u00e4llkniven-A1-300x241.png 300w, https:\/\/ueberlebenskunst.at\/survivalshop\/wp-content\/uploads\/2014\/06\/F\u00e4llkniven-A1-600x482.png 600w, https:\/\/ueberlebenskunst.at\/survivalshop\/wp-content\/uploads\/2014\/06\/F\u00e4llkniven-A1.png 722w\" sizes=\"(max-width: 300px) 100vw, 300px\" \/><\/a><\/p>\n<p>&nbsp;<\/p>\n","protected":false},"excerpt":{"rendered":"<p>Das Survival Messer f\u00fcr den harten Einsatz! An die Anforderungen des schwedischen Milit\u00e4rs angepasst macht das A1 Alles mit was im Survival Fall wichtig ist. Schnitzen, Hacken und Spalten.<br \/>\nNicht umsonst wird das F\u00e4llkniven A1 als Allround Messer im Bugout Bag f\u00fcr das Urban Survival empfohlen.<\/p>\n","protected":false},"featured_media":1352,"comment_status":"open","ping_status":"closed","template":"","meta":{"_acf_changed":false},"product_brand":[],"product_cat":[426],"product_tag":[133],"class_list":{"0":"post-1350","1":"product","2":"type-product","3":"status-seo-produkt","4":"has-post-thumbnail","6":"product_cat-unkategorisiert","7":"product_tag-faellkniven","8":"pa_farbe-black","9":"pa_farbe-standard","11":"first","12":"outofstock","13":"taxable","14":"shipping-taxable","15":"product-type-variable"},"acf":[],"yoast_head":"<!-- This site is optimized with the Yoast SEO plugin v27.1.1 - https:\/\/yoast.com\/product\/yoast-seo-wordpress\/ -->\n<title>F\u00e4llkniven A1 Armee Survival Messer - Reini Rossmann - Survival Shop<\/title>\n<meta name=\"robots\" content=\"index, follow, max-snippet:-1, max-image-preview:large, max-video-preview:-1\" \/>\n<link rel=\"canonical\" href=\"https:\/\/ueberlebenskunst.at\/survivalshop\/shop\/faellkniven-a1-armee-survival-messer\/\" \/>\n<meta property=\"og:locale\" content=\"de_DE\" \/>\n<meta property=\"og:type\" content=\"article\" \/>\n<meta property=\"og:title\" content=\"F\u00e4llkniven A1 Armee Survival Messer - Reini Rossmann - Survival Shop\" \/>\n<meta property=\"og:description\" content=\"Das Survival Messer f\u00fcr den harten Einsatz! An die Anforderungen des schwedischen Milit\u00e4rs angepasst macht das A1 Alles mit was im Survival Fall wichtig ist. Schnitzen, Hacken und Spalten. Nicht umsonst wird das F\u00e4llkniven A1 als Allround Messer im Bugout Bag f\u00fcr das Urban Survival empfohlen.\" \/>\n<meta property=\"og:url\" content=\"https:\/\/ueberlebenskunst.at\/survivalshop\/shop\/faellkniven-a1-armee-survival-messer\/\" \/>\n<meta property=\"og:site_name\" content=\"Reini Rossmann - Survival Shop\" \/>\n<meta property=\"article:publisher\" content=\"https:\/\/www.facebook.com\/survival24.org\/\" \/>\n<meta property=\"article:modified_time\" content=\"2025-06-05T09:02:42+00:00\" \/>\n<meta property=\"og:image\" content=\"https:\/\/ueberlebenskunst.at\/survivalshop\/wp-content\/uploads\/2014\/06\/F\u00e4\u00e4lkniven-A1.jpg\" \/>\n\t<meta property=\"og:image:width\" content=\"342\" \/>\n\t<meta property=\"og:image:height\" content=\"342\" \/>\n\t<meta property=\"og:image:type\" content=\"image\/jpeg\" \/>\n<meta name=\"twitter:card\" content=\"summary_large_image\" \/>\n<meta name=\"twitter:label1\" content=\"Gesch\u00e4tzte Lesezeit\" \/>\n\t<meta name=\"twitter:data1\" content=\"1\u00a0Minute\" \/>\n<script type=\"application\/ld+json\" class=\"yoast-schema-graph\">{\"@context\":\"https:\/\/schema.org\",\"@graph\":[{\"@type\":\"WebPage\",\"@id\":\"https:\/\/ueberlebenskunst.at\/survivalshop\/shop\/faellkniven-a1-armee-survival-messer\/\",\"url\":\"https:\/\/ueberlebenskunst.at\/survivalshop\/shop\/faellkniven-a1-armee-survival-messer\/\",\"name\":\"F\u00e4llkniven A1 Armee Survival Messer - Reini Rossmann - Survival Shop\",\"isPartOf\":{\"@id\":\"https:\/\/ueberlebenskunst.at\/survivalshop\/#website\"},\"primaryImageOfPage\":{\"@id\":\"https:\/\/ueberlebenskunst.at\/survivalshop\/shop\/faellkniven-a1-armee-survival-messer\/#primaryimage\"},\"image\":{\"@id\":\"https:\/\/ueberlebenskunst.at\/survivalshop\/shop\/faellkniven-a1-armee-survival-messer\/#primaryimage\"},\"thumbnailUrl\":\"https:\/\/ueberlebenskunst.at\/survivalshop\/wp-content\/uploads\/2014\/06\/F\u00e4\u00e4lkniven-A1.jpg\",\"datePublished\":\"2014-06-17T19:47:10+00:00\",\"dateModified\":\"2025-06-05T09:02:42+00:00\",\"breadcrumb\":{\"@id\":\"https:\/\/ueberlebenskunst.at\/survivalshop\/shop\/faellkniven-a1-armee-survival-messer\/#breadcrumb\"},\"inLanguage\":\"de\",\"potentialAction\":[{\"@type\":\"ReadAction\",\"target\":[\"https:\/\/ueberlebenskunst.at\/survivalshop\/shop\/faellkniven-a1-armee-survival-messer\/\"]}]},{\"@type\":\"ImageObject\",\"inLanguage\":\"de\",\"@id\":\"https:\/\/ueberlebenskunst.at\/survivalshop\/shop\/faellkniven-a1-armee-survival-messer\/#primaryimage\",\"url\":\"https:\/\/ueberlebenskunst.at\/survivalshop\/wp-content\/uploads\/2014\/06\/F\u00e4\u00e4lkniven-A1.jpg\",\"contentUrl\":\"https:\/\/ueberlebenskunst.at\/survivalshop\/wp-content\/uploads\/2014\/06\/F\u00e4\u00e4lkniven-A1.jpg\",\"width\":342,\"height\":342},{\"@type\":\"BreadcrumbList\",\"@id\":\"https:\/\/ueberlebenskunst.at\/survivalshop\/shop\/faellkniven-a1-armee-survival-messer\/#breadcrumb\",\"itemListElement\":[{\"@type\":\"ListItem\",\"position\":1,\"name\":\"Startseite\",\"item\":\"https:\/\/ueberlebenskunst.at\/survivalshop\/\"},{\"@type\":\"ListItem\",\"position\":2,\"name\":\"Shop\",\"item\":\"https:\/\/ueberlebenskunst.at\/survivalshop\/shop\/\"},{\"@type\":\"ListItem\",\"position\":3,\"name\":\"F\u00e4llkniven A1 Armee Survival Messer\"}]},{\"@type\":\"WebSite\",\"@id\":\"https:\/\/ueberlebenskunst.at\/survivalshop\/#website\",\"url\":\"https:\/\/ueberlebenskunst.at\/survivalshop\/\",\"name\":\"Reini Rossmann - Survival Shop\",\"description\":\"Survival Shop f\u00fcr Survival, Bushcraft und Prepper\",\"potentialAction\":[{\"@type\":\"SearchAction\",\"target\":{\"@type\":\"EntryPoint\",\"urlTemplate\":\"https:\/\/ueberlebenskunst.at\/survivalshop\/?s={search_term_string}\"},\"query-input\":{\"@type\":\"PropertyValueSpecification\",\"valueRequired\":true,\"valueName\":\"search_term_string\"}}],\"inLanguage\":\"de\"}]}<\/script>\n<!-- \/ Yoast SEO plugin. -->","yoast_head_json":{"title":"F\u00e4llkniven A1 Armee Survival Messer - Reini Rossmann - Survival Shop","robots":{"index":"index","follow":"follow","max-snippet":"max-snippet:-1","max-image-preview":"max-image-preview:large","max-video-preview":"max-video-preview:-1"},"canonical":"https:\/\/ueberlebenskunst.at\/survivalshop\/shop\/faellkniven-a1-armee-survival-messer\/","og_locale":"de_DE","og_type":"article","og_title":"F\u00e4llkniven A1 Armee Survival Messer - Reini Rossmann - Survival Shop","og_description":"Das Survival Messer f\u00fcr den harten Einsatz! An die Anforderungen des schwedischen Milit\u00e4rs angepasst macht das A1 Alles mit was im Survival Fall wichtig ist. Schnitzen, Hacken und Spalten. Nicht umsonst wird das F\u00e4llkniven A1 als Allround Messer im Bugout Bag f\u00fcr das Urban Survival empfohlen.","og_url":"https:\/\/ueberlebenskunst.at\/survivalshop\/shop\/faellkniven-a1-armee-survival-messer\/","og_site_name":"Reini Rossmann - Survival Shop","article_publisher":"https:\/\/www.facebook.com\/survival24.org\/","article_modified_time":"2025-06-05T09:02:42+00:00","og_image":[{"width":342,"height":342,"url":"https:\/\/ueberlebenskunst.at\/survivalshop\/wp-content\/uploads\/2014\/06\/F\u00e4\u00e4lkniven-A1.jpg","type":"image\/jpeg"}],"twitter_card":"summary_large_image","twitter_misc":{"Gesch\u00e4tzte Lesezeit":"1\u00a0Minute"},"schema":{"@context":"https:\/\/schema.org","@graph":[{"@type":"WebPage","@id":"https:\/\/ueberlebenskunst.at\/survivalshop\/shop\/faellkniven-a1-armee-survival-messer\/","url":"https:\/\/ueberlebenskunst.at\/survivalshop\/shop\/faellkniven-a1-armee-survival-messer\/","name":"F\u00e4llkniven A1 Armee Survival Messer - Reini Rossmann - Survival Shop","isPartOf":{"@id":"https:\/\/ueberlebenskunst.at\/survivalshop\/#website"},"primaryImageOfPage":{"@id":"https:\/\/ueberlebenskunst.at\/survivalshop\/shop\/faellkniven-a1-armee-survival-messer\/#primaryimage"},"image":{"@id":"https:\/\/ueberlebenskunst.at\/survivalshop\/shop\/faellkniven-a1-armee-survival-messer\/#primaryimage"},"thumbnailUrl":"https:\/\/ueberlebenskunst.at\/survivalshop\/wp-content\/uploads\/2014\/06\/F\u00e4\u00e4lkniven-A1.jpg","datePublished":"2014-06-17T19:47:10+00:00","dateModified":"2025-06-05T09:02:42+00:00","breadcrumb":{"@id":"https:\/\/ueberlebenskunst.at\/survivalshop\/shop\/faellkniven-a1-armee-survival-messer\/#breadcrumb"},"inLanguage":"de","potentialAction":[{"@type":"ReadAction","target":["https:\/\/ueberlebenskunst.at\/survivalshop\/shop\/faellkniven-a1-armee-survival-messer\/"]}]},{"@type":"ImageObject","inLanguage":"de","@id":"https:\/\/ueberlebenskunst.at\/survivalshop\/shop\/faellkniven-a1-armee-survival-messer\/#primaryimage","url":"https:\/\/ueberlebenskunst.at\/survivalshop\/wp-content\/uploads\/2014\/06\/F\u00e4\u00e4lkniven-A1.jpg","contentUrl":"https:\/\/ueberlebenskunst.at\/survivalshop\/wp-content\/uploads\/2014\/06\/F\u00e4\u00e4lkniven-A1.jpg","width":342,"height":342},{"@type":"BreadcrumbList","@id":"https:\/\/ueberlebenskunst.at\/survivalshop\/shop\/faellkniven-a1-armee-survival-messer\/#breadcrumb","itemListElement":[{"@type":"ListItem","position":1,"name":"Startseite","item":"https:\/\/ueberlebenskunst.at\/survivalshop\/"},{"@type":"ListItem","position":2,"name":"Shop","item":"https:\/\/ueberlebenskunst.at\/survivalshop\/shop\/"},{"@type":"ListItem","position":3,"name":"F\u00e4llkniven A1 Armee Survival Messer"}]},{"@type":"WebSite","@id":"https:\/\/ueberlebenskunst.at\/survivalshop\/#website","url":"https:\/\/ueberlebenskunst.at\/survivalshop\/","name":"Reini Rossmann - Survival Shop","description":"Survival Shop f\u00fcr Survival, Bushcraft und Prepper","potentialAction":[{"@type":"SearchAction","target":{"@type":"EntryPoint","urlTemplate":"https:\/\/ueberlebenskunst.at\/survivalshop\/?s={search_term_string}"},"query-input":{"@type":"PropertyValueSpecification","valueRequired":true,"valueName":"search_term_string"}}],"inLanguage":"de"}]}},"_links":{"self":[{"href":"https:\/\/ueberlebenskunst.at\/survivalshop\/wp-json\/wp\/v2\/product\/1350","targetHints":{"allow":["GET"]}}],"collection":[{"href":"https:\/\/ueberlebenskunst.at\/survivalshop\/wp-json\/wp\/v2\/product"}],"about":[{"href":"https:\/\/ueberlebenskunst.at\/survivalshop\/wp-json\/wp\/v2\/types\/product"}],"replies":[{"embeddable":true,"href":"https:\/\/ueberlebenskunst.at\/survivalshop\/wp-json\/wp\/v2\/comments?post=1350"}],"wp:featuredmedia":[{"embeddable":true,"href":"https:\/\/ueberlebenskunst.at\/survivalshop\/wp-json\/wp\/v2\/media\/1352"}],"wp:attachment":[{"href":"https:\/\/ueberlebenskunst.at\/survivalshop\/wp-json\/wp\/v2\/media?parent=1350"}],"wp:term":[{"taxonomy":"product_brand","embeddable":true,"href":"https:\/\/ueberlebenskunst.at\/survivalshop\/wp-json\/wp\/v2\/product_brand?post=1350"},{"taxonomy":"product_cat","embeddable":true,"href":"https:\/\/ueberlebenskunst.at\/survivalshop\/wp-json\/wp\/v2\/product_cat?post=1350"},{"taxonomy":"product_tag","embeddable":true,"href":"https:\/\/ueberlebenskunst.at\/survivalshop\/wp-json\/wp\/v2\/product_tag?post=1350"}],"curies":[{"name":"wp","href":"https:\/\/api.w.org\/{rel}","templated":true}]}}