{"id":134854,"date":"2023-05-17T13:36:40","date_gmt":"2023-05-17T11:36:40","guid":{"rendered":"https:\/\/ueberlebenskunst.at\/survivalshop\/?post_type=product&#038;p=134854"},"modified":"2024-03-20T16:58:27","modified_gmt":"2024-03-20T15:58:27","slug":"boeker-plus-slike-otf","status":"seo-produkt","type":"product","link":"https:\/\/ueberlebenskunst.at\/survivalshop\/shop\/boeker-plus-slike-otf\/","title":{"rendered":"B\u00f6ker Plus Slike OTF"},"content":{"rendered":"<p>Das innovative B\u00f6ker Plus Slike ist ein leichtgewichtiger Dolch mit beidseitig geschliffener Klinge aus D2, die frontal aus dem Griff geschoben wird. Vergleichbar mit dem Mechanismus der weit verbreiteten Teppichmesser wird die Verriegelung daf\u00fcr per Knopfdruck gel\u00f6st und die satinierte Klinge dann manuell nach oben oder unten bewegt. Eine Rastung auf halber Strecke erh\u00f6ht die Arbeitssicherheit zus\u00e4tzlich. Sie ist mit einem modernen Flachschliff und einer ausgepr\u00e4gten Hohlkehle versehen. Die CNC-gefr\u00e4ste Griffschale aus schwarzem G10 liegt trotz der geringen Gr\u00f6\u00dfe des Taschenmessers angenehm in der Hand. Mit Fangriemen\u00f6se, gro\u00dfz\u00fcgig dimensioniertem Deep-Carry-Clip (Tip-down).<\/p>\n<h3>Produktdaten:<\/h3>\n<ul>\n<li>Gesamtl\u00e4nge: 17,8 cm<\/li>\n<li>Klingenl\u00e4nge: 7,6 cm<\/li>\n<li>Gewicht: 36 g<\/li>\n<li>Klingenst\u00e4rke: 2,5 mm<\/li>\n<li>Klingenmaterial: D2<\/li>\n<li>Griffmaterial: G10<\/li>\n<li>Verschluss: Druckknopf<\/li>\n<\/ul>\n<h3>Lieferumfang:<\/h3>\n<ul>\n<li>1 Stk.\u00a0 B\u00f6ker Plus Slike OTF (ohne Nylon-Etui)<\/li>\n<\/ul>\n<p><strong>Achtung: Das Messer kann nur an Personen \u00fcber 18 Jahre abgegeben werden. Bitte die Ausweiskopie beim Bestellabschluss hochladen. Ohne Ausweis erfolgt kein Versand!<\/strong><\/p>\n","protected":false},"excerpt":{"rendered":"<p>Das innovative B\u00f6ker Plus Slike ist ein leichtgewichtiger Dolch mit beidseitig geschliffener Klinge aus D2, die frontal aus dem Griff geschoben wird. Vergleichbar mit dem Mechanismus der weit verbreiteten Teppichmesser wird die Verriegelung daf\u00fcr per Knopfdruck gel\u00f6st und die satinierte Klinge dann manuell nach oben oder unten bewegt. Eine Rastung auf halber Strecke erh\u00f6ht die [&hellip;]<\/p>\n","protected":false},"featured_media":134856,"comment_status":"open","ping_status":"closed","template":"","meta":{"_acf_changed":false},"product_brand":[],"product_cat":[1805,1047],"product_tag":[1610,1611],"class_list":{"0":"post-134854","1":"product","2":"type-product","3":"status-seo-produkt","4":"has-post-thumbnail","6":"product_cat-messer-messer-tools","7":"product_cat-messer-tools","8":"product_tag-otf","9":"product_tag-outofthefront","11":"first","12":"outofstock","13":"taxable","14":"shipping-taxable","15":"product-type-simple"},"acf":[],"yoast_head":"<!-- This site is optimized with the Yoast SEO plugin v27.1.1 - https:\/\/yoast.com\/product\/yoast-seo-wordpress\/ -->\n<title>B\u00f6ker Plus Slike OTF - Reini Rossmann - Survival Shop<\/title>\n<meta name=\"robots\" content=\"index, follow, max-snippet:-1, max-image-preview:large, max-video-preview:-1\" \/>\n<link rel=\"canonical\" href=\"https:\/\/ueberlebenskunst.at\/survivalshop\/shop\/boeker-plus-slike-otf\/\" \/>\n<meta property=\"og:locale\" content=\"de_DE\" \/>\n<meta property=\"og:type\" content=\"article\" \/>\n<meta property=\"og:title\" content=\"B\u00f6ker Plus Slike OTF - Reini Rossmann - Survival Shop\" \/>\n<meta property=\"og:description\" content=\"Das innovative B\u00f6ker Plus Slike ist ein leichtgewichtiger Dolch mit beidseitig geschliffener Klinge aus D2, die frontal aus dem Griff geschoben wird. Vergleichbar mit dem Mechanismus der weit verbreiteten Teppichmesser wird die Verriegelung daf\u00fcr per Knopfdruck gel\u00f6st und die satinierte Klinge dann manuell nach oben oder unten bewegt. Eine Rastung auf halber Strecke erh\u00f6ht die [&hellip;]\" \/>\n<meta property=\"og:url\" content=\"https:\/\/ueberlebenskunst.at\/survivalshop\/shop\/boeker-plus-slike-otf\/\" \/>\n<meta property=\"og:site_name\" content=\"Reini Rossmann - Survival Shop\" \/>\n<meta property=\"article:publisher\" content=\"https:\/\/www.facebook.com\/survival24.org\/\" \/>\n<meta property=\"article:modified_time\" content=\"2024-03-20T15:58:27+00:00\" \/>\n<meta property=\"og:image\" content=\"https:\/\/ueberlebenskunst.at\/survivalshop\/wp-content\/uploads\/2023\/05\/Boeker-Plus-Slike-OTF.jpg\" \/>\n\t<meta property=\"og:image:width\" content=\"400\" \/>\n\t<meta property=\"og:image:height\" content=\"329\" \/>\n\t<meta property=\"og:image:type\" content=\"image\/jpeg\" \/>\n<meta name=\"twitter:card\" content=\"summary_large_image\" \/>\n<meta name=\"twitter:label1\" content=\"Gesch\u00e4tzte Lesezeit\" \/>\n\t<meta name=\"twitter:data1\" content=\"1\u00a0Minute\" \/>\n<script type=\"application\/ld+json\" class=\"yoast-schema-graph\">{\"@context\":\"https:\/\/schema.org\",\"@graph\":[{\"@type\":\"WebPage\",\"@id\":\"https:\/\/ueberlebenskunst.at\/survivalshop\/shop\/boeker-plus-slike-otf\/\",\"url\":\"https:\/\/ueberlebenskunst.at\/survivalshop\/shop\/boeker-plus-slike-otf\/\",\"name\":\"B\u00f6ker Plus Slike OTF - Reini Rossmann - Survival Shop\",\"isPartOf\":{\"@id\":\"https:\/\/ueberlebenskunst.at\/survivalshop\/#website\"},\"primaryImageOfPage\":{\"@id\":\"https:\/\/ueberlebenskunst.at\/survivalshop\/shop\/boeker-plus-slike-otf\/#primaryimage\"},\"image\":{\"@id\":\"https:\/\/ueberlebenskunst.at\/survivalshop\/shop\/boeker-plus-slike-otf\/#primaryimage\"},\"thumbnailUrl\":\"https:\/\/ueberlebenskunst.at\/survivalshop\/wp-content\/uploads\/2023\/05\/Boeker-Plus-Slike-OTF.jpg\",\"datePublished\":\"2023-05-17T11:36:40+00:00\",\"dateModified\":\"2024-03-20T15:58:27+00:00\",\"breadcrumb\":{\"@id\":\"https:\/\/ueberlebenskunst.at\/survivalshop\/shop\/boeker-plus-slike-otf\/#breadcrumb\"},\"inLanguage\":\"de\",\"potentialAction\":[{\"@type\":\"ReadAction\",\"target\":[\"https:\/\/ueberlebenskunst.at\/survivalshop\/shop\/boeker-plus-slike-otf\/\"]}]},{\"@type\":\"ImageObject\",\"inLanguage\":\"de\",\"@id\":\"https:\/\/ueberlebenskunst.at\/survivalshop\/shop\/boeker-plus-slike-otf\/#primaryimage\",\"url\":\"https:\/\/ueberlebenskunst.at\/survivalshop\/wp-content\/uploads\/2023\/05\/Boeker-Plus-Slike-OTF.jpg\",\"contentUrl\":\"https:\/\/ueberlebenskunst.at\/survivalshop\/wp-content\/uploads\/2023\/05\/Boeker-Plus-Slike-OTF.jpg\",\"width\":400,\"height\":329},{\"@type\":\"BreadcrumbList\",\"@id\":\"https:\/\/ueberlebenskunst.at\/survivalshop\/shop\/boeker-plus-slike-otf\/#breadcrumb\",\"itemListElement\":[{\"@type\":\"ListItem\",\"position\":1,\"name\":\"Startseite\",\"item\":\"https:\/\/ueberlebenskunst.at\/survivalshop\/\"},{\"@type\":\"ListItem\",\"position\":2,\"name\":\"Shop\",\"item\":\"https:\/\/ueberlebenskunst.at\/survivalshop\/shop\/\"},{\"@type\":\"ListItem\",\"position\":3,\"name\":\"B\u00f6ker Plus Slike OTF\"}]},{\"@type\":\"WebSite\",\"@id\":\"https:\/\/ueberlebenskunst.at\/survivalshop\/#website\",\"url\":\"https:\/\/ueberlebenskunst.at\/survivalshop\/\",\"name\":\"Reini Rossmann - Survival Shop\",\"description\":\"Survival Shop f\u00fcr Survival, Bushcraft und Prepper\",\"potentialAction\":[{\"@type\":\"SearchAction\",\"target\":{\"@type\":\"EntryPoint\",\"urlTemplate\":\"https:\/\/ueberlebenskunst.at\/survivalshop\/?s={search_term_string}\"},\"query-input\":{\"@type\":\"PropertyValueSpecification\",\"valueRequired\":true,\"valueName\":\"search_term_string\"}}],\"inLanguage\":\"de\"}]}<\/script>\n<!-- \/ Yoast SEO plugin. -->","yoast_head_json":{"title":"B\u00f6ker Plus Slike OTF - Reini Rossmann - Survival Shop","robots":{"index":"index","follow":"follow","max-snippet":"max-snippet:-1","max-image-preview":"max-image-preview:large","max-video-preview":"max-video-preview:-1"},"canonical":"https:\/\/ueberlebenskunst.at\/survivalshop\/shop\/boeker-plus-slike-otf\/","og_locale":"de_DE","og_type":"article","og_title":"B\u00f6ker Plus Slike OTF - Reini Rossmann - Survival Shop","og_description":"Das innovative B\u00f6ker Plus Slike ist ein leichtgewichtiger Dolch mit beidseitig geschliffener Klinge aus D2, die frontal aus dem Griff geschoben wird. Vergleichbar mit dem Mechanismus der weit verbreiteten Teppichmesser wird die Verriegelung daf\u00fcr per Knopfdruck gel\u00f6st und die satinierte Klinge dann manuell nach oben oder unten bewegt. Eine Rastung auf halber Strecke erh\u00f6ht die [&hellip;]","og_url":"https:\/\/ueberlebenskunst.at\/survivalshop\/shop\/boeker-plus-slike-otf\/","og_site_name":"Reini Rossmann - Survival Shop","article_publisher":"https:\/\/www.facebook.com\/survival24.org\/","article_modified_time":"2024-03-20T15:58:27+00:00","og_image":[{"width":400,"height":329,"url":"https:\/\/ueberlebenskunst.at\/survivalshop\/wp-content\/uploads\/2023\/05\/Boeker-Plus-Slike-OTF.jpg","type":"image\/jpeg"}],"twitter_card":"summary_large_image","twitter_misc":{"Gesch\u00e4tzte Lesezeit":"1\u00a0Minute"},"schema":{"@context":"https:\/\/schema.org","@graph":[{"@type":"WebPage","@id":"https:\/\/ueberlebenskunst.at\/survivalshop\/shop\/boeker-plus-slike-otf\/","url":"https:\/\/ueberlebenskunst.at\/survivalshop\/shop\/boeker-plus-slike-otf\/","name":"B\u00f6ker Plus Slike OTF - Reini Rossmann - Survival Shop","isPartOf":{"@id":"https:\/\/ueberlebenskunst.at\/survivalshop\/#website"},"primaryImageOfPage":{"@id":"https:\/\/ueberlebenskunst.at\/survivalshop\/shop\/boeker-plus-slike-otf\/#primaryimage"},"image":{"@id":"https:\/\/ueberlebenskunst.at\/survivalshop\/shop\/boeker-plus-slike-otf\/#primaryimage"},"thumbnailUrl":"https:\/\/ueberlebenskunst.at\/survivalshop\/wp-content\/uploads\/2023\/05\/Boeker-Plus-Slike-OTF.jpg","datePublished":"2023-05-17T11:36:40+00:00","dateModified":"2024-03-20T15:58:27+00:00","breadcrumb":{"@id":"https:\/\/ueberlebenskunst.at\/survivalshop\/shop\/boeker-plus-slike-otf\/#breadcrumb"},"inLanguage":"de","potentialAction":[{"@type":"ReadAction","target":["https:\/\/ueberlebenskunst.at\/survivalshop\/shop\/boeker-plus-slike-otf\/"]}]},{"@type":"ImageObject","inLanguage":"de","@id":"https:\/\/ueberlebenskunst.at\/survivalshop\/shop\/boeker-plus-slike-otf\/#primaryimage","url":"https:\/\/ueberlebenskunst.at\/survivalshop\/wp-content\/uploads\/2023\/05\/Boeker-Plus-Slike-OTF.jpg","contentUrl":"https:\/\/ueberlebenskunst.at\/survivalshop\/wp-content\/uploads\/2023\/05\/Boeker-Plus-Slike-OTF.jpg","width":400,"height":329},{"@type":"BreadcrumbList","@id":"https:\/\/ueberlebenskunst.at\/survivalshop\/shop\/boeker-plus-slike-otf\/#breadcrumb","itemListElement":[{"@type":"ListItem","position":1,"name":"Startseite","item":"https:\/\/ueberlebenskunst.at\/survivalshop\/"},{"@type":"ListItem","position":2,"name":"Shop","item":"https:\/\/ueberlebenskunst.at\/survivalshop\/shop\/"},{"@type":"ListItem","position":3,"name":"B\u00f6ker Plus Slike OTF"}]},{"@type":"WebSite","@id":"https:\/\/ueberlebenskunst.at\/survivalshop\/#website","url":"https:\/\/ueberlebenskunst.at\/survivalshop\/","name":"Reini Rossmann - Survival Shop","description":"Survival Shop f\u00fcr Survival, Bushcraft und Prepper","potentialAction":[{"@type":"SearchAction","target":{"@type":"EntryPoint","urlTemplate":"https:\/\/ueberlebenskunst.at\/survivalshop\/?s={search_term_string}"},"query-input":{"@type":"PropertyValueSpecification","valueRequired":true,"valueName":"search_term_string"}}],"inLanguage":"de"}]}},"_links":{"self":[{"href":"https:\/\/ueberlebenskunst.at\/survivalshop\/wp-json\/wp\/v2\/product\/134854","targetHints":{"allow":["GET"]}}],"collection":[{"href":"https:\/\/ueberlebenskunst.at\/survivalshop\/wp-json\/wp\/v2\/product"}],"about":[{"href":"https:\/\/ueberlebenskunst.at\/survivalshop\/wp-json\/wp\/v2\/types\/product"}],"replies":[{"embeddable":true,"href":"https:\/\/ueberlebenskunst.at\/survivalshop\/wp-json\/wp\/v2\/comments?post=134854"}],"wp:featuredmedia":[{"embeddable":true,"href":"https:\/\/ueberlebenskunst.at\/survivalshop\/wp-json\/wp\/v2\/media\/134856"}],"wp:attachment":[{"href":"https:\/\/ueberlebenskunst.at\/survivalshop\/wp-json\/wp\/v2\/media?parent=134854"}],"wp:term":[{"taxonomy":"product_brand","embeddable":true,"href":"https:\/\/ueberlebenskunst.at\/survivalshop\/wp-json\/wp\/v2\/product_brand?post=134854"},{"taxonomy":"product_cat","embeddable":true,"href":"https:\/\/ueberlebenskunst.at\/survivalshop\/wp-json\/wp\/v2\/product_cat?post=134854"},{"taxonomy":"product_tag","embeddable":true,"href":"https:\/\/ueberlebenskunst.at\/survivalshop\/wp-json\/wp\/v2\/product_tag?post=134854"}],"curies":[{"name":"wp","href":"https:\/\/api.w.org\/{rel}","templated":true}]}}