{"id":134581,"date":"2023-05-10T08:00:49","date_gmt":"2023-05-10T06:00:49","guid":{"rendered":"https:\/\/ueberlebenskunst.at\/survivalshop\/?post_type=product&#038;p=134581"},"modified":"2026-04-13T09:55:37","modified_gmt":"2026-04-13T07:55:37","slug":"sehne-fuer-magnum-wurfarm","status":"publish","type":"product","link":"https:\/\/ueberlebenskunst.at\/survivalshop\/shop\/sehne-fuer-magnum-wurfarm\/","title":{"rendered":"Sehne f\u00fcr Magnum Wurfarm"},"content":{"rendered":"<p>Die Sehne ist speziell f\u00fcr die Magnum (120 lbs) und Hunting (150 lbs) Wurfarme konzipiert worden, passt aber auch f\u00fcr die 35, 55, 75 und 90 lbs Wurfarme der Stinger.<\/p>\n<p><strong>Lieferumfang:<\/strong> 1 St\u00fcck Sehne f\u00fcr alle Wurfarm-Typen der AR-6 Serie.<\/p>\n","protected":false},"excerpt":{"rendered":"<p>Die Sehne ist speziell f\u00fcr die Magnum (120 lbs) und Hunting (150 lbs) Wurfarme konzipiert worden, passt aber auch f\u00fcr die 35, 55, 75 und 90 lbs Wurfarme der Stinger. Lieferumfang: 1 St\u00fcck Sehne f\u00fcr alle Wurfarm-Typen der AR-6 Serie.<\/p>\n","protected":false},"featured_media":135283,"comment_status":"open","ping_status":"closed","template":"","meta":{"_acf_changed":false},"product_brand":[],"product_cat":[1925],"product_tag":[995,975],"class_list":{"0":"post-134581","1":"product","2":"type-product","3":"status-publish","4":"has-post-thumbnail","6":"product_cat-sehne","7":"product_tag-sehne","8":"product_tag-stinger-2-zubehoer","10":"first","11":"instock","12":"taxable","13":"shipping-taxable","14":"purchasable","15":"product-type-simple"},"acf":[],"yoast_head":"<!-- This site is optimized with the Yoast SEO plugin v27.1.1 - https:\/\/yoast.com\/product\/yoast-seo-wordpress\/ -->\n<title>Sehne f\u00fcr Magnum Wurfarm - Reini Rossmann - Survival Shop<\/title>\n<meta name=\"description\" content=\"Die Sehne ist speziell f\u00fcr die Magnum (120lbs) und Hunting (150lbs) Wurfarme konzipiert worden, passt aber auch f\u00fcr die 35, 55, 75 und 90lbs Wurfarme der Stinger.\" \/>\n<meta name=\"robots\" content=\"index, follow, max-snippet:-1, max-image-preview:large, max-video-preview:-1\" \/>\n<link rel=\"canonical\" href=\"https:\/\/ueberlebenskunst.at\/survivalshop\/shop\/sehne-fuer-magnum-wurfarm\/\" \/>\n<meta property=\"og:locale\" content=\"de_DE\" \/>\n<meta property=\"og:type\" content=\"article\" \/>\n<meta property=\"og:title\" content=\"Sehne f\u00fcr Magnum Wurfarm - Reini Rossmann - Survival Shop\" \/>\n<meta property=\"og:description\" content=\"Die Sehne ist speziell f\u00fcr die Magnum (120lbs) und Hunting (150lbs) Wurfarme konzipiert worden, passt aber auch f\u00fcr die 35, 55, 75 und 90lbs Wurfarme der Stinger.\" \/>\n<meta property=\"og:url\" content=\"https:\/\/ueberlebenskunst.at\/survivalshop\/shop\/sehne-fuer-magnum-wurfarm\/\" \/>\n<meta property=\"og:site_name\" content=\"Reini Rossmann - Survival Shop\" \/>\n<meta property=\"article:publisher\" content=\"https:\/\/www.facebook.com\/survival24.org\/\" \/>\n<meta property=\"article:modified_time\" content=\"2026-04-13T07:55:37+00:00\" \/>\n<meta property=\"og:image\" content=\"https:\/\/ueberlebenskunst.at\/survivalshop\/wp-content\/uploads\/2023\/05\/Magnumsehne.jpg\" \/>\n\t<meta property=\"og:image:width\" content=\"400\" \/>\n\t<meta property=\"og:image:height\" content=\"400\" \/>\n\t<meta property=\"og:image:type\" content=\"image\/jpeg\" \/>\n<meta name=\"twitter:card\" content=\"summary_large_image\" \/>\n<meta name=\"twitter:label1\" content=\"Gesch\u00e4tzte Lesezeit\" \/>\n\t<meta name=\"twitter:data1\" content=\"1\u00a0Minute\" \/>\n<script type=\"application\/ld+json\" class=\"yoast-schema-graph\">{\"@context\":\"https:\/\/schema.org\",\"@graph\":[{\"@type\":\"WebPage\",\"@id\":\"https:\/\/ueberlebenskunst.at\/survivalshop\/shop\/sehne-fuer-magnum-wurfarm\/\",\"url\":\"https:\/\/ueberlebenskunst.at\/survivalshop\/shop\/sehne-fuer-magnum-wurfarm\/\",\"name\":\"Sehne f\u00fcr Magnum Wurfarm - Reini Rossmann - Survival Shop\",\"isPartOf\":{\"@id\":\"https:\/\/ueberlebenskunst.at\/survivalshop\/#website\"},\"primaryImageOfPage\":{\"@id\":\"https:\/\/ueberlebenskunst.at\/survivalshop\/shop\/sehne-fuer-magnum-wurfarm\/#primaryimage\"},\"image\":{\"@id\":\"https:\/\/ueberlebenskunst.at\/survivalshop\/shop\/sehne-fuer-magnum-wurfarm\/#primaryimage\"},\"thumbnailUrl\":\"https:\/\/ueberlebenskunst.at\/survivalshop\/wp-content\/uploads\/2023\/05\/Magnumsehne.jpg\",\"datePublished\":\"2023-05-10T06:00:49+00:00\",\"dateModified\":\"2026-04-13T07:55:37+00:00\",\"description\":\"Die Sehne ist speziell f\u00fcr die Magnum (120lbs) und Hunting (150lbs) Wurfarme konzipiert worden, passt aber auch f\u00fcr die 35, 55, 75 und 90lbs Wurfarme der Stinger.\",\"breadcrumb\":{\"@id\":\"https:\/\/ueberlebenskunst.at\/survivalshop\/shop\/sehne-fuer-magnum-wurfarm\/#breadcrumb\"},\"inLanguage\":\"de\",\"potentialAction\":[{\"@type\":\"ReadAction\",\"target\":[\"https:\/\/ueberlebenskunst.at\/survivalshop\/shop\/sehne-fuer-magnum-wurfarm\/\"]}]},{\"@type\":\"ImageObject\",\"inLanguage\":\"de\",\"@id\":\"https:\/\/ueberlebenskunst.at\/survivalshop\/shop\/sehne-fuer-magnum-wurfarm\/#primaryimage\",\"url\":\"https:\/\/ueberlebenskunst.at\/survivalshop\/wp-content\/uploads\/2023\/05\/Magnumsehne.jpg\",\"contentUrl\":\"https:\/\/ueberlebenskunst.at\/survivalshop\/wp-content\/uploads\/2023\/05\/Magnumsehne.jpg\",\"width\":400,\"height\":400},{\"@type\":\"BreadcrumbList\",\"@id\":\"https:\/\/ueberlebenskunst.at\/survivalshop\/shop\/sehne-fuer-magnum-wurfarm\/#breadcrumb\",\"itemListElement\":[{\"@type\":\"ListItem\",\"position\":1,\"name\":\"Startseite\",\"item\":\"https:\/\/ueberlebenskunst.at\/survivalshop\/\"},{\"@type\":\"ListItem\",\"position\":2,\"name\":\"Shop\",\"item\":\"https:\/\/ueberlebenskunst.at\/survivalshop\/shop\/\"},{\"@type\":\"ListItem\",\"position\":3,\"name\":\"Sehne f\u00fcr Magnum Wurfarm\"}]},{\"@type\":\"WebSite\",\"@id\":\"https:\/\/ueberlebenskunst.at\/survivalshop\/#website\",\"url\":\"https:\/\/ueberlebenskunst.at\/survivalshop\/\",\"name\":\"Reini Rossmann - Survival Shop\",\"description\":\"Survival Shop f\u00fcr Survival, Bushcraft und Prepper\",\"potentialAction\":[{\"@type\":\"SearchAction\",\"target\":{\"@type\":\"EntryPoint\",\"urlTemplate\":\"https:\/\/ueberlebenskunst.at\/survivalshop\/?s={search_term_string}\"},\"query-input\":{\"@type\":\"PropertyValueSpecification\",\"valueRequired\":true,\"valueName\":\"search_term_string\"}}],\"inLanguage\":\"de\"}]}<\/script>\n<!-- \/ Yoast SEO plugin. -->","yoast_head_json":{"title":"Sehne f\u00fcr Magnum Wurfarm - Reini Rossmann - Survival Shop","description":"Die Sehne ist speziell f\u00fcr die Magnum (120lbs) und Hunting (150lbs) Wurfarme konzipiert worden, passt aber auch f\u00fcr die 35, 55, 75 und 90lbs Wurfarme der Stinger.","robots":{"index":"index","follow":"follow","max-snippet":"max-snippet:-1","max-image-preview":"max-image-preview:large","max-video-preview":"max-video-preview:-1"},"canonical":"https:\/\/ueberlebenskunst.at\/survivalshop\/shop\/sehne-fuer-magnum-wurfarm\/","og_locale":"de_DE","og_type":"article","og_title":"Sehne f\u00fcr Magnum Wurfarm - Reini Rossmann - Survival Shop","og_description":"Die Sehne ist speziell f\u00fcr die Magnum (120lbs) und Hunting (150lbs) Wurfarme konzipiert worden, passt aber auch f\u00fcr die 35, 55, 75 und 90lbs Wurfarme der Stinger.","og_url":"https:\/\/ueberlebenskunst.at\/survivalshop\/shop\/sehne-fuer-magnum-wurfarm\/","og_site_name":"Reini Rossmann - Survival Shop","article_publisher":"https:\/\/www.facebook.com\/survival24.org\/","article_modified_time":"2026-04-13T07:55:37+00:00","og_image":[{"width":400,"height":400,"url":"https:\/\/ueberlebenskunst.at\/survivalshop\/wp-content\/uploads\/2023\/05\/Magnumsehne.jpg","type":"image\/jpeg"}],"twitter_card":"summary_large_image","twitter_misc":{"Gesch\u00e4tzte Lesezeit":"1\u00a0Minute"},"schema":{"@context":"https:\/\/schema.org","@graph":[{"@type":"WebPage","@id":"https:\/\/ueberlebenskunst.at\/survivalshop\/shop\/sehne-fuer-magnum-wurfarm\/","url":"https:\/\/ueberlebenskunst.at\/survivalshop\/shop\/sehne-fuer-magnum-wurfarm\/","name":"Sehne f\u00fcr Magnum Wurfarm - Reini Rossmann - Survival Shop","isPartOf":{"@id":"https:\/\/ueberlebenskunst.at\/survivalshop\/#website"},"primaryImageOfPage":{"@id":"https:\/\/ueberlebenskunst.at\/survivalshop\/shop\/sehne-fuer-magnum-wurfarm\/#primaryimage"},"image":{"@id":"https:\/\/ueberlebenskunst.at\/survivalshop\/shop\/sehne-fuer-magnum-wurfarm\/#primaryimage"},"thumbnailUrl":"https:\/\/ueberlebenskunst.at\/survivalshop\/wp-content\/uploads\/2023\/05\/Magnumsehne.jpg","datePublished":"2023-05-10T06:00:49+00:00","dateModified":"2026-04-13T07:55:37+00:00","description":"Die Sehne ist speziell f\u00fcr die Magnum (120lbs) und Hunting (150lbs) Wurfarme konzipiert worden, passt aber auch f\u00fcr die 35, 55, 75 und 90lbs Wurfarme der Stinger.","breadcrumb":{"@id":"https:\/\/ueberlebenskunst.at\/survivalshop\/shop\/sehne-fuer-magnum-wurfarm\/#breadcrumb"},"inLanguage":"de","potentialAction":[{"@type":"ReadAction","target":["https:\/\/ueberlebenskunst.at\/survivalshop\/shop\/sehne-fuer-magnum-wurfarm\/"]}]},{"@type":"ImageObject","inLanguage":"de","@id":"https:\/\/ueberlebenskunst.at\/survivalshop\/shop\/sehne-fuer-magnum-wurfarm\/#primaryimage","url":"https:\/\/ueberlebenskunst.at\/survivalshop\/wp-content\/uploads\/2023\/05\/Magnumsehne.jpg","contentUrl":"https:\/\/ueberlebenskunst.at\/survivalshop\/wp-content\/uploads\/2023\/05\/Magnumsehne.jpg","width":400,"height":400},{"@type":"BreadcrumbList","@id":"https:\/\/ueberlebenskunst.at\/survivalshop\/shop\/sehne-fuer-magnum-wurfarm\/#breadcrumb","itemListElement":[{"@type":"ListItem","position":1,"name":"Startseite","item":"https:\/\/ueberlebenskunst.at\/survivalshop\/"},{"@type":"ListItem","position":2,"name":"Shop","item":"https:\/\/ueberlebenskunst.at\/survivalshop\/shop\/"},{"@type":"ListItem","position":3,"name":"Sehne f\u00fcr Magnum Wurfarm"}]},{"@type":"WebSite","@id":"https:\/\/ueberlebenskunst.at\/survivalshop\/#website","url":"https:\/\/ueberlebenskunst.at\/survivalshop\/","name":"Reini Rossmann - Survival Shop","description":"Survival Shop f\u00fcr Survival, Bushcraft und Prepper","potentialAction":[{"@type":"SearchAction","target":{"@type":"EntryPoint","urlTemplate":"https:\/\/ueberlebenskunst.at\/survivalshop\/?s={search_term_string}"},"query-input":{"@type":"PropertyValueSpecification","valueRequired":true,"valueName":"search_term_string"}}],"inLanguage":"de"}]}},"_links":{"self":[{"href":"https:\/\/ueberlebenskunst.at\/survivalshop\/wp-json\/wp\/v2\/product\/134581","targetHints":{"allow":["GET"]}}],"collection":[{"href":"https:\/\/ueberlebenskunst.at\/survivalshop\/wp-json\/wp\/v2\/product"}],"about":[{"href":"https:\/\/ueberlebenskunst.at\/survivalshop\/wp-json\/wp\/v2\/types\/product"}],"replies":[{"embeddable":true,"href":"https:\/\/ueberlebenskunst.at\/survivalshop\/wp-json\/wp\/v2\/comments?post=134581"}],"wp:featuredmedia":[{"embeddable":true,"href":"https:\/\/ueberlebenskunst.at\/survivalshop\/wp-json\/wp\/v2\/media\/135283"}],"wp:attachment":[{"href":"https:\/\/ueberlebenskunst.at\/survivalshop\/wp-json\/wp\/v2\/media?parent=134581"}],"wp:term":[{"taxonomy":"product_brand","embeddable":true,"href":"https:\/\/ueberlebenskunst.at\/survivalshop\/wp-json\/wp\/v2\/product_brand?post=134581"},{"taxonomy":"product_cat","embeddable":true,"href":"https:\/\/ueberlebenskunst.at\/survivalshop\/wp-json\/wp\/v2\/product_cat?post=134581"},{"taxonomy":"product_tag","embeddable":true,"href":"https:\/\/ueberlebenskunst.at\/survivalshop\/wp-json\/wp\/v2\/product_tag?post=134581"}],"curies":[{"name":"wp","href":"https:\/\/api.w.org\/{rel}","templated":true}]}}