{"id":133927,"date":"2023-04-28T09:29:44","date_gmt":"2023-04-28T07:29:44","guid":{"rendered":"https:\/\/ueberlebenskunst.at\/survivalshop\/?post_type=product&#038;p=133927"},"modified":"2026-03-24T13:12:54","modified_gmt":"2026-03-24T12:12:54","slug":"fx-airgun-no-limit-scope-mount-picatinny-weaver-1-inch","status":"publish","type":"product","link":"https:\/\/ueberlebenskunst.at\/survivalshop\/shop\/fx-airgun-no-limit-scope-mount-picatinny-weaver-1-inch\/","title":{"rendered":"FX Airguns No Limit Scope Mount &#8211; Picatinny \/ Weaver 1 Inch"},"content":{"rendered":"<p>Die FX Airguns No Limit Zielfernrohrmontage in 1 Inch ist kompatibel mit Picatinny- bzw. Weaverschiene und hat folgenden Vorteil f\u00fcr dich: du kannst die Neigung des Zielfernrohrs durch die Montagen einstellen und so auch auf weitere Distanz mit deiner FX Airgun bzw. allen anderen Systemen mit Picatinnyschienen bzw. Weaverschienen Aufnahmen kombinieren. Das ist besonders f\u00fcr die FX Airgun Dreamline eine wunderbare Erweiterung, um Ziele zwischen 100 und 200 Metern treffen zu k\u00f6nnen.<\/p>\n<p>Nat\u00fcrlich sind diese Montagen f\u00fcr Armbr\u00fcste geeignet.<\/p>\n<p>Die Halterung l\u00f6st eine Vielzahl von Problemen. Mit nur einer Schraube an der Halterung kannst du die optische Mitte halten und das Objektiv leicht neigen. Keine Probleme mehr beim Nullen deiner Optik.<\/p>\n<p><strong>Produktdaten:<\/strong><\/p>\n<ul>\n<li>Einstellbare H\u00f6he: 0,160 Zoll<\/li>\n<li>Einstellbarer Winkel: +\/- 1,5 Grad<\/li>\n<li>Breite: 1,97 Zoll &#8211; 50 mm<\/li>\n<li>Gewicht: 0,130 lbs &#8211; 60 Gramm<\/li>\n<li>H\u00f6he eingefahren: 2,12 Zoll \u2013 54 mm<\/li>\n<li>Zielfernrohrraum eingefahren: 0,78 Zoll &#8211; 20 mm<\/li>\n<\/ul>\n","protected":false},"excerpt":{"rendered":"<p>Die FX Airguns No Limit Zielfernrohrmontage in 1 Inch ist kompatibel mit Picatinny- bzw. Weaverschiene und hat folgenden Vorteil f\u00fcr dich: du kannst die Neigung des Zielfernrohrs durch die Montagen einstellen und so auch auf weitere Distanz mit deiner FX Airgun bzw. allen anderen Systemen mit Picatinnyschienen bzw. Weaverschienen Aufnahmen kombinieren. Das ist besonders f\u00fcr [&hellip;]<\/p>\n","protected":false},"featured_media":133928,"comment_status":"open","ping_status":"closed","template":"","meta":{"_acf_changed":false},"product_brand":[],"product_cat":[2389],"product_tag":[1580,1529],"class_list":{"0":"post-133927","1":"product","2":"type-product","3":"status-publish","4":"has-post-thumbnail","6":"product_cat-flohmarkt","7":"product_tag-fx-airgun","8":"product_tag-fx-dreamline","10":"first","11":"instock","12":"sale","13":"taxable","14":"shipping-taxable","15":"purchasable","16":"product-type-simple"},"acf":[],"yoast_head":"<!-- This site is optimized with the Yoast SEO plugin v27.1.1 - https:\/\/yoast.com\/product\/yoast-seo-wordpress\/ -->\n<title>FX Airguns No Limit Scope Mount - Picatinny \/ Weaver 1 Inch - Reini Rossmann - Survival Shop<\/title>\n<meta name=\"robots\" content=\"index, follow, max-snippet:-1, max-image-preview:large, max-video-preview:-1\" \/>\n<link rel=\"canonical\" href=\"https:\/\/ueberlebenskunst.at\/survivalshop\/shop\/fx-airgun-no-limit-scope-mount-picatinny-weaver-1-inch\/\" \/>\n<meta property=\"og:locale\" content=\"de_DE\" \/>\n<meta property=\"og:type\" content=\"article\" \/>\n<meta property=\"og:title\" content=\"FX Airguns No Limit Scope Mount - Picatinny \/ Weaver 1 Inch - Reini Rossmann - Survival Shop\" \/>\n<meta property=\"og:description\" content=\"Die FX Airguns No Limit Zielfernrohrmontage in 1 Inch ist kompatibel mit Picatinny- bzw. Weaverschiene und hat folgenden Vorteil f\u00fcr dich: du kannst die Neigung des Zielfernrohrs durch die Montagen einstellen und so auch auf weitere Distanz mit deiner FX Airgun bzw. allen anderen Systemen mit Picatinnyschienen bzw. Weaverschienen Aufnahmen kombinieren. Das ist besonders f\u00fcr [&hellip;]\" \/>\n<meta property=\"og:url\" content=\"https:\/\/ueberlebenskunst.at\/survivalshop\/shop\/fx-airgun-no-limit-scope-mount-picatinny-weaver-1-inch\/\" \/>\n<meta property=\"og:site_name\" content=\"Reini Rossmann - Survival Shop\" \/>\n<meta property=\"article:publisher\" content=\"https:\/\/www.facebook.com\/survival24.org\/\" \/>\n<meta property=\"article:modified_time\" content=\"2026-03-24T12:12:54+00:00\" \/>\n<meta property=\"og:image\" content=\"https:\/\/ueberlebenskunst.at\/survivalshop\/wp-content\/uploads\/2023\/04\/FX-Airgun-No-Limit-Scope-Mount.jpg\" \/>\n\t<meta property=\"og:image:width\" content=\"438\" \/>\n\t<meta property=\"og:image:height\" content=\"380\" \/>\n\t<meta property=\"og:image:type\" content=\"image\/jpeg\" \/>\n<meta name=\"twitter:card\" content=\"summary_large_image\" \/>\n<meta name=\"twitter:label1\" content=\"Gesch\u00e4tzte Lesezeit\" \/>\n\t<meta name=\"twitter:data1\" content=\"1\u00a0Minute\" \/>\n<script type=\"application\/ld+json\" class=\"yoast-schema-graph\">{\"@context\":\"https:\/\/schema.org\",\"@graph\":[{\"@type\":\"WebPage\",\"@id\":\"https:\/\/ueberlebenskunst.at\/survivalshop\/shop\/fx-airgun-no-limit-scope-mount-picatinny-weaver-1-inch\/\",\"url\":\"https:\/\/ueberlebenskunst.at\/survivalshop\/shop\/fx-airgun-no-limit-scope-mount-picatinny-weaver-1-inch\/\",\"name\":\"FX Airguns No Limit Scope Mount - Picatinny \/ Weaver 1 Inch - Reini Rossmann - Survival Shop\",\"isPartOf\":{\"@id\":\"https:\/\/ueberlebenskunst.at\/survivalshop\/#website\"},\"primaryImageOfPage\":{\"@id\":\"https:\/\/ueberlebenskunst.at\/survivalshop\/shop\/fx-airgun-no-limit-scope-mount-picatinny-weaver-1-inch\/#primaryimage\"},\"image\":{\"@id\":\"https:\/\/ueberlebenskunst.at\/survivalshop\/shop\/fx-airgun-no-limit-scope-mount-picatinny-weaver-1-inch\/#primaryimage\"},\"thumbnailUrl\":\"https:\/\/ueberlebenskunst.at\/survivalshop\/wp-content\/uploads\/2023\/04\/FX-Airgun-No-Limit-Scope-Mount.jpg\",\"datePublished\":\"2023-04-28T07:29:44+00:00\",\"dateModified\":\"2026-03-24T12:12:54+00:00\",\"breadcrumb\":{\"@id\":\"https:\/\/ueberlebenskunst.at\/survivalshop\/shop\/fx-airgun-no-limit-scope-mount-picatinny-weaver-1-inch\/#breadcrumb\"},\"inLanguage\":\"de\",\"potentialAction\":[{\"@type\":\"ReadAction\",\"target\":[\"https:\/\/ueberlebenskunst.at\/survivalshop\/shop\/fx-airgun-no-limit-scope-mount-picatinny-weaver-1-inch\/\"]}]},{\"@type\":\"ImageObject\",\"inLanguage\":\"de\",\"@id\":\"https:\/\/ueberlebenskunst.at\/survivalshop\/shop\/fx-airgun-no-limit-scope-mount-picatinny-weaver-1-inch\/#primaryimage\",\"url\":\"https:\/\/ueberlebenskunst.at\/survivalshop\/wp-content\/uploads\/2023\/04\/FX-Airgun-No-Limit-Scope-Mount.jpg\",\"contentUrl\":\"https:\/\/ueberlebenskunst.at\/survivalshop\/wp-content\/uploads\/2023\/04\/FX-Airgun-No-Limit-Scope-Mount.jpg\",\"width\":438,\"height\":380},{\"@type\":\"BreadcrumbList\",\"@id\":\"https:\/\/ueberlebenskunst.at\/survivalshop\/shop\/fx-airgun-no-limit-scope-mount-picatinny-weaver-1-inch\/#breadcrumb\",\"itemListElement\":[{\"@type\":\"ListItem\",\"position\":1,\"name\":\"Startseite\",\"item\":\"https:\/\/ueberlebenskunst.at\/survivalshop\/\"},{\"@type\":\"ListItem\",\"position\":2,\"name\":\"Shop\",\"item\":\"https:\/\/ueberlebenskunst.at\/survivalshop\/shop\/\"},{\"@type\":\"ListItem\",\"position\":3,\"name\":\"FX Airguns No Limit Scope Mount &#8211; Picatinny \/ Weaver 1 Inch\"}]},{\"@type\":\"WebSite\",\"@id\":\"https:\/\/ueberlebenskunst.at\/survivalshop\/#website\",\"url\":\"https:\/\/ueberlebenskunst.at\/survivalshop\/\",\"name\":\"Reini Rossmann - Survival Shop\",\"description\":\"Survival Shop f\u00fcr Survival, Bushcraft und Prepper\",\"potentialAction\":[{\"@type\":\"SearchAction\",\"target\":{\"@type\":\"EntryPoint\",\"urlTemplate\":\"https:\/\/ueberlebenskunst.at\/survivalshop\/?s={search_term_string}\"},\"query-input\":{\"@type\":\"PropertyValueSpecification\",\"valueRequired\":true,\"valueName\":\"search_term_string\"}}],\"inLanguage\":\"de\"}]}<\/script>\n<!-- \/ Yoast SEO plugin. -->","yoast_head_json":{"title":"FX Airguns No Limit Scope Mount - Picatinny \/ Weaver 1 Inch - Reini Rossmann - Survival Shop","robots":{"index":"index","follow":"follow","max-snippet":"max-snippet:-1","max-image-preview":"max-image-preview:large","max-video-preview":"max-video-preview:-1"},"canonical":"https:\/\/ueberlebenskunst.at\/survivalshop\/shop\/fx-airgun-no-limit-scope-mount-picatinny-weaver-1-inch\/","og_locale":"de_DE","og_type":"article","og_title":"FX Airguns No Limit Scope Mount - Picatinny \/ Weaver 1 Inch - Reini Rossmann - Survival Shop","og_description":"Die FX Airguns No Limit Zielfernrohrmontage in 1 Inch ist kompatibel mit Picatinny- bzw. Weaverschiene und hat folgenden Vorteil f\u00fcr dich: du kannst die Neigung des Zielfernrohrs durch die Montagen einstellen und so auch auf weitere Distanz mit deiner FX Airgun bzw. allen anderen Systemen mit Picatinnyschienen bzw. Weaverschienen Aufnahmen kombinieren. Das ist besonders f\u00fcr [&hellip;]","og_url":"https:\/\/ueberlebenskunst.at\/survivalshop\/shop\/fx-airgun-no-limit-scope-mount-picatinny-weaver-1-inch\/","og_site_name":"Reini Rossmann - Survival Shop","article_publisher":"https:\/\/www.facebook.com\/survival24.org\/","article_modified_time":"2026-03-24T12:12:54+00:00","og_image":[{"width":438,"height":380,"url":"https:\/\/ueberlebenskunst.at\/survivalshop\/wp-content\/uploads\/2023\/04\/FX-Airgun-No-Limit-Scope-Mount.jpg","type":"image\/jpeg"}],"twitter_card":"summary_large_image","twitter_misc":{"Gesch\u00e4tzte Lesezeit":"1\u00a0Minute"},"schema":{"@context":"https:\/\/schema.org","@graph":[{"@type":"WebPage","@id":"https:\/\/ueberlebenskunst.at\/survivalshop\/shop\/fx-airgun-no-limit-scope-mount-picatinny-weaver-1-inch\/","url":"https:\/\/ueberlebenskunst.at\/survivalshop\/shop\/fx-airgun-no-limit-scope-mount-picatinny-weaver-1-inch\/","name":"FX Airguns No Limit Scope Mount - Picatinny \/ Weaver 1 Inch - Reini Rossmann - Survival Shop","isPartOf":{"@id":"https:\/\/ueberlebenskunst.at\/survivalshop\/#website"},"primaryImageOfPage":{"@id":"https:\/\/ueberlebenskunst.at\/survivalshop\/shop\/fx-airgun-no-limit-scope-mount-picatinny-weaver-1-inch\/#primaryimage"},"image":{"@id":"https:\/\/ueberlebenskunst.at\/survivalshop\/shop\/fx-airgun-no-limit-scope-mount-picatinny-weaver-1-inch\/#primaryimage"},"thumbnailUrl":"https:\/\/ueberlebenskunst.at\/survivalshop\/wp-content\/uploads\/2023\/04\/FX-Airgun-No-Limit-Scope-Mount.jpg","datePublished":"2023-04-28T07:29:44+00:00","dateModified":"2026-03-24T12:12:54+00:00","breadcrumb":{"@id":"https:\/\/ueberlebenskunst.at\/survivalshop\/shop\/fx-airgun-no-limit-scope-mount-picatinny-weaver-1-inch\/#breadcrumb"},"inLanguage":"de","potentialAction":[{"@type":"ReadAction","target":["https:\/\/ueberlebenskunst.at\/survivalshop\/shop\/fx-airgun-no-limit-scope-mount-picatinny-weaver-1-inch\/"]}]},{"@type":"ImageObject","inLanguage":"de","@id":"https:\/\/ueberlebenskunst.at\/survivalshop\/shop\/fx-airgun-no-limit-scope-mount-picatinny-weaver-1-inch\/#primaryimage","url":"https:\/\/ueberlebenskunst.at\/survivalshop\/wp-content\/uploads\/2023\/04\/FX-Airgun-No-Limit-Scope-Mount.jpg","contentUrl":"https:\/\/ueberlebenskunst.at\/survivalshop\/wp-content\/uploads\/2023\/04\/FX-Airgun-No-Limit-Scope-Mount.jpg","width":438,"height":380},{"@type":"BreadcrumbList","@id":"https:\/\/ueberlebenskunst.at\/survivalshop\/shop\/fx-airgun-no-limit-scope-mount-picatinny-weaver-1-inch\/#breadcrumb","itemListElement":[{"@type":"ListItem","position":1,"name":"Startseite","item":"https:\/\/ueberlebenskunst.at\/survivalshop\/"},{"@type":"ListItem","position":2,"name":"Shop","item":"https:\/\/ueberlebenskunst.at\/survivalshop\/shop\/"},{"@type":"ListItem","position":3,"name":"FX Airguns No Limit Scope Mount &#8211; Picatinny \/ Weaver 1 Inch"}]},{"@type":"WebSite","@id":"https:\/\/ueberlebenskunst.at\/survivalshop\/#website","url":"https:\/\/ueberlebenskunst.at\/survivalshop\/","name":"Reini Rossmann - Survival Shop","description":"Survival Shop f\u00fcr Survival, Bushcraft und Prepper","potentialAction":[{"@type":"SearchAction","target":{"@type":"EntryPoint","urlTemplate":"https:\/\/ueberlebenskunst.at\/survivalshop\/?s={search_term_string}"},"query-input":{"@type":"PropertyValueSpecification","valueRequired":true,"valueName":"search_term_string"}}],"inLanguage":"de"}]}},"_links":{"self":[{"href":"https:\/\/ueberlebenskunst.at\/survivalshop\/wp-json\/wp\/v2\/product\/133927","targetHints":{"allow":["GET"]}}],"collection":[{"href":"https:\/\/ueberlebenskunst.at\/survivalshop\/wp-json\/wp\/v2\/product"}],"about":[{"href":"https:\/\/ueberlebenskunst.at\/survivalshop\/wp-json\/wp\/v2\/types\/product"}],"replies":[{"embeddable":true,"href":"https:\/\/ueberlebenskunst.at\/survivalshop\/wp-json\/wp\/v2\/comments?post=133927"}],"wp:featuredmedia":[{"embeddable":true,"href":"https:\/\/ueberlebenskunst.at\/survivalshop\/wp-json\/wp\/v2\/media\/133928"}],"wp:attachment":[{"href":"https:\/\/ueberlebenskunst.at\/survivalshop\/wp-json\/wp\/v2\/media?parent=133927"}],"wp:term":[{"taxonomy":"product_brand","embeddable":true,"href":"https:\/\/ueberlebenskunst.at\/survivalshop\/wp-json\/wp\/v2\/product_brand?post=133927"},{"taxonomy":"product_cat","embeddable":true,"href":"https:\/\/ueberlebenskunst.at\/survivalshop\/wp-json\/wp\/v2\/product_cat?post=133927"},{"taxonomy":"product_tag","embeddable":true,"href":"https:\/\/ueberlebenskunst.at\/survivalshop\/wp-json\/wp\/v2\/product_tag?post=133927"}],"curies":[{"name":"wp","href":"https:\/\/api.w.org\/{rel}","templated":true}]}}