{"id":133874,"date":"2023-04-27T13:13:14","date_gmt":"2023-04-27T11:13:14","guid":{"rendered":"https:\/\/ueberlebenskunst.at\/survivalshop\/?post_type=product&#038;p=133874"},"modified":"2025-12-05T16:00:55","modified_gmt":"2025-12-05T15:00:55","slug":"k4-guertelscheide-fuer-surefire-dbr-guardian","status":"publish","type":"product","link":"https:\/\/ueberlebenskunst.at\/survivalshop\/shop\/k4-guertelscheide-fuer-surefire-dbr-guardian\/","title":{"rendered":"Holster4 Surefire Guardian G\u00fcrtelscheide DBR Guardian"},"content":{"rendered":"<p>Unsere K4 G\u00fcrtelscheide f\u00fcr das originale SureFire Guardian System (f\u00fcr alle Varianten verwendbar) kommt direkt aus der Reini Rossmann Werkstatt und ist passgenau f\u00fcr die SureFire Guardian Lampe geeignet.<\/p>\n<p>Die G\u00fcrtelscheide ist f\u00fcr eine maximal G\u00fcrtelbreite von 4,5 cm geeignet und einer Concealed Carry Variante ausgef\u00fchrt. Die Lampe kann einh\u00e4ndig aus der G\u00fcrtelscheide entnommen werden und auch einh\u00e4ndig eingesetzt werden. Gleichzeitig sitzt die SurFire Guardian perfekt in dem Holster und ist auch bei starker Bewegung sicher in der Scheide verankert.<\/p>\n<p>Die Konstruktion sieht vor, dass die beiden Einschaltkn\u00f6pfe der Lampe zum K\u00f6rper zeigen, um ungewolltes Einschalten der Lampe zu verhindern.<\/p>\n<p>Mit dem K4 Holster ist erstmalig eine durchg\u00e4ngige L\u00f6sung f\u00fcr die SureFire Guardian am Markt erh\u00e4ltlich.<\/p>\n<h3><strong>Produktdaten:<br \/>\n<\/strong><\/h3>\n<ul>\n<li>Gewicht: 55 g<\/li>\n<li>Abmessungen: 50 x 55 x 95 mm<\/li>\n<\/ul>\n<h3><strong>Passt auf:<br \/>\n<\/strong><\/h3>\n<ul>\n<li>G\u00fcrtel mit max. Breite von 45 mm<\/li>\n<\/ul>\n<h3><strong>Lieferumfang:<\/strong><\/h3>\n<ul>\n<li>G\u00fcrtelscheide. Die Lampe auf der Abbildung ist NICHT enthalten.<\/li>\n<\/ul>\n<h3><strong>Bedienungs- &amp; Pflegeanleitung:<\/strong><\/h3>\n<ul>\n<li>Die Reinigung mit Seife und Wasser ist m\u00f6glich.<\/li>\n<li>Du solltest das Produkt nicht direkt in die N\u00e4he von Feuer oder anderen Hitzequellen legen!<\/li>\n<li>Wird es \u00fcber l\u00e4ngere Zeit sehr kalten Temperaturen unter 0 \u00b0C ausgesetzt, solltest du in dem Moment darauf achten, dass keine starken Belastungen darauf einwirken.<\/li>\n<\/ul>\n<p>Unsere Produkte sind nicht f\u00fcr Kinder unter 3 Jahren geeignet. Es besteht Verschluckungsgefahr.<\/p>\n<p><a href=\"https:\/\/ueberlebenskunst.at\/survivalshop\/wp-content\/uploads\/2021\/11\/Logo_Kinder.png\"><img decoding=\"async\" class=\"alignnone size-medium wp-image-179571\" src=\"https:\/\/ueberlebenskunst.at\/survivalshop\/wp-content\/uploads\/2021\/11\/Logo_Kinder-300x126.png\" alt=\"\" width=\"300\" height=\"126\" srcset=\"https:\/\/ueberlebenskunst.at\/survivalshop\/wp-content\/uploads\/2021\/11\/Logo_Kinder-300x126.png 300w, https:\/\/ueberlebenskunst.at\/survivalshop\/wp-content\/uploads\/2021\/11\/Logo_Kinder-64x27.png 64w, https:\/\/ueberlebenskunst.at\/survivalshop\/wp-content\/uploads\/2021\/11\/Logo_Kinder.png 401w\" sizes=\"(max-width: 300px) 100vw, 300px\" \/><\/a><\/p>\n<p><span style=\"color: #99cc00;\">Du willst das Produkt in einer anderen Farbe? Schick uns eine E-Mail an shop@ueberlebenskunst.at und wir pr\u00fcfen, ob dein Farbwunsch\u00a0m\u00f6glich\u00a0ist.<\/span><\/p>\n","protected":false},"excerpt":{"rendered":"<p>Unsere K4 G\u00fcrtelscheide f\u00fcr das originale SureFire Guardian System (f\u00fcr alle Varianten verwendbar) kommt direkt aus der Reini Rossmann Werkstatt und ist passgenau f\u00fcr die SureFire Guardian Lampe geeignet. Die G\u00fcrtelscheide ist f\u00fcr eine maximal G\u00fcrtelbreite von 4,5 cm geeignet und einer Concealed Carry Variante ausgef\u00fchrt. Die Lampe kann einh\u00e4ndig aus der G\u00fcrtelscheide entnommen werden [&hellip;]<\/p>\n","protected":false},"featured_media":137403,"comment_status":"open","ping_status":"closed","template":"","meta":{"_acf_changed":false},"product_brand":[],"product_cat":[1945],"product_tag":[1256,1255,676],"class_list":{"0":"post-133874","1":"product","2":"type-product","3":"status-publish","4":"has-post-thumbnail","6":"product_cat-survivalausruestung","7":"product_tag-k4","8":"product_tag-knives4","9":"product_tag-surefire","11":"first","12":"instock","13":"taxable","14":"shipping-taxable","15":"purchasable","16":"product-type-simple"},"acf":[],"yoast_head":"<!-- This site is optimized with the Yoast SEO plugin v27.1.1 - https:\/\/yoast.com\/product\/yoast-seo-wordpress\/ -->\n<title>Holster4 Surefire Guardian G\u00fcrtelscheide DBR Guardian - Reini Rossmann - Survival Shop<\/title>\n<meta name=\"robots\" content=\"index, follow, max-snippet:-1, max-image-preview:large, max-video-preview:-1\" \/>\n<link rel=\"canonical\" href=\"https:\/\/ueberlebenskunst.at\/survivalshop\/shop\/k4-guertelscheide-fuer-surefire-dbr-guardian\/\" \/>\n<meta property=\"og:locale\" content=\"de_DE\" \/>\n<meta property=\"og:type\" content=\"article\" \/>\n<meta property=\"og:title\" content=\"Holster4 Surefire Guardian G\u00fcrtelscheide DBR Guardian - Reini Rossmann - Survival Shop\" \/>\n<meta property=\"og:description\" content=\"Unsere K4 G\u00fcrtelscheide f\u00fcr das originale SureFire Guardian System (f\u00fcr alle Varianten verwendbar) kommt direkt aus der Reini Rossmann Werkstatt und ist passgenau f\u00fcr die SureFire Guardian Lampe geeignet. Die G\u00fcrtelscheide ist f\u00fcr eine maximal G\u00fcrtelbreite von 4,5 cm geeignet und einer Concealed Carry Variante ausgef\u00fchrt. Die Lampe kann einh\u00e4ndig aus der G\u00fcrtelscheide entnommen werden [&hellip;]\" \/>\n<meta property=\"og:url\" content=\"https:\/\/ueberlebenskunst.at\/survivalshop\/shop\/k4-guertelscheide-fuer-surefire-dbr-guardian\/\" \/>\n<meta property=\"og:site_name\" content=\"Reini Rossmann - Survival Shop\" \/>\n<meta property=\"article:publisher\" content=\"https:\/\/www.facebook.com\/survival24.org\/\" \/>\n<meta property=\"article:modified_time\" content=\"2025-12-05T15:00:55+00:00\" \/>\n<meta property=\"og:image\" content=\"https:\/\/ueberlebenskunst.at\/survivalshop\/wp-content\/uploads\/2023\/04\/K4_Guertelscheide_SureFire_DBR_Guardian.jpg\" \/>\n\t<meta property=\"og:image:width\" content=\"420\" \/>\n\t<meta property=\"og:image:height\" content=\"420\" \/>\n\t<meta property=\"og:image:type\" content=\"image\/jpeg\" \/>\n<meta name=\"twitter:card\" content=\"summary_large_image\" \/>\n<meta name=\"twitter:label1\" content=\"Gesch\u00e4tzte Lesezeit\" \/>\n\t<meta name=\"twitter:data1\" content=\"2\u00a0Minuten\" \/>\n<script type=\"application\/ld+json\" class=\"yoast-schema-graph\">{\"@context\":\"https:\/\/schema.org\",\"@graph\":[{\"@type\":\"WebPage\",\"@id\":\"https:\/\/ueberlebenskunst.at\/survivalshop\/shop\/k4-guertelscheide-fuer-surefire-dbr-guardian\/\",\"url\":\"https:\/\/ueberlebenskunst.at\/survivalshop\/shop\/k4-guertelscheide-fuer-surefire-dbr-guardian\/\",\"name\":\"Holster4 Surefire Guardian G\u00fcrtelscheide DBR Guardian - Reini Rossmann - Survival Shop\",\"isPartOf\":{\"@id\":\"https:\/\/ueberlebenskunst.at\/survivalshop\/#website\"},\"primaryImageOfPage\":{\"@id\":\"https:\/\/ueberlebenskunst.at\/survivalshop\/shop\/k4-guertelscheide-fuer-surefire-dbr-guardian\/#primaryimage\"},\"image\":{\"@id\":\"https:\/\/ueberlebenskunst.at\/survivalshop\/shop\/k4-guertelscheide-fuer-surefire-dbr-guardian\/#primaryimage\"},\"thumbnailUrl\":\"https:\/\/ueberlebenskunst.at\/survivalshop\/wp-content\/uploads\/2023\/04\/K4_Guertelscheide_SureFire_DBR_Guardian.jpg\",\"datePublished\":\"2023-04-27T11:13:14+00:00\",\"dateModified\":\"2025-12-05T15:00:55+00:00\",\"breadcrumb\":{\"@id\":\"https:\/\/ueberlebenskunst.at\/survivalshop\/shop\/k4-guertelscheide-fuer-surefire-dbr-guardian\/#breadcrumb\"},\"inLanguage\":\"de\",\"potentialAction\":[{\"@type\":\"ReadAction\",\"target\":[\"https:\/\/ueberlebenskunst.at\/survivalshop\/shop\/k4-guertelscheide-fuer-surefire-dbr-guardian\/\"]}]},{\"@type\":\"ImageObject\",\"inLanguage\":\"de\",\"@id\":\"https:\/\/ueberlebenskunst.at\/survivalshop\/shop\/k4-guertelscheide-fuer-surefire-dbr-guardian\/#primaryimage\",\"url\":\"https:\/\/ueberlebenskunst.at\/survivalshop\/wp-content\/uploads\/2023\/04\/K4_Guertelscheide_SureFire_DBR_Guardian.jpg\",\"contentUrl\":\"https:\/\/ueberlebenskunst.at\/survivalshop\/wp-content\/uploads\/2023\/04\/K4_Guertelscheide_SureFire_DBR_Guardian.jpg\",\"width\":420,\"height\":420},{\"@type\":\"BreadcrumbList\",\"@id\":\"https:\/\/ueberlebenskunst.at\/survivalshop\/shop\/k4-guertelscheide-fuer-surefire-dbr-guardian\/#breadcrumb\",\"itemListElement\":[{\"@type\":\"ListItem\",\"position\":1,\"name\":\"Startseite\",\"item\":\"https:\/\/ueberlebenskunst.at\/survivalshop\/\"},{\"@type\":\"ListItem\",\"position\":2,\"name\":\"Shop\",\"item\":\"https:\/\/ueberlebenskunst.at\/survivalshop\/shop\/\"},{\"@type\":\"ListItem\",\"position\":3,\"name\":\"Holster4 Surefire Guardian G\u00fcrtelscheide DBR Guardian\"}]},{\"@type\":\"WebSite\",\"@id\":\"https:\/\/ueberlebenskunst.at\/survivalshop\/#website\",\"url\":\"https:\/\/ueberlebenskunst.at\/survivalshop\/\",\"name\":\"Reini Rossmann - Survival Shop\",\"description\":\"Survival Shop f\u00fcr Survival, Bushcraft und Prepper\",\"potentialAction\":[{\"@type\":\"SearchAction\",\"target\":{\"@type\":\"EntryPoint\",\"urlTemplate\":\"https:\/\/ueberlebenskunst.at\/survivalshop\/?s={search_term_string}\"},\"query-input\":{\"@type\":\"PropertyValueSpecification\",\"valueRequired\":true,\"valueName\":\"search_term_string\"}}],\"inLanguage\":\"de\"}]}<\/script>\n<!-- \/ Yoast SEO plugin. -->","yoast_head_json":{"title":"Holster4 Surefire Guardian G\u00fcrtelscheide DBR Guardian - Reini Rossmann - Survival Shop","robots":{"index":"index","follow":"follow","max-snippet":"max-snippet:-1","max-image-preview":"max-image-preview:large","max-video-preview":"max-video-preview:-1"},"canonical":"https:\/\/ueberlebenskunst.at\/survivalshop\/shop\/k4-guertelscheide-fuer-surefire-dbr-guardian\/","og_locale":"de_DE","og_type":"article","og_title":"Holster4 Surefire Guardian G\u00fcrtelscheide DBR Guardian - Reini Rossmann - Survival Shop","og_description":"Unsere K4 G\u00fcrtelscheide f\u00fcr das originale SureFire Guardian System (f\u00fcr alle Varianten verwendbar) kommt direkt aus der Reini Rossmann Werkstatt und ist passgenau f\u00fcr die SureFire Guardian Lampe geeignet. Die G\u00fcrtelscheide ist f\u00fcr eine maximal G\u00fcrtelbreite von 4,5 cm geeignet und einer Concealed Carry Variante ausgef\u00fchrt. Die Lampe kann einh\u00e4ndig aus der G\u00fcrtelscheide entnommen werden [&hellip;]","og_url":"https:\/\/ueberlebenskunst.at\/survivalshop\/shop\/k4-guertelscheide-fuer-surefire-dbr-guardian\/","og_site_name":"Reini Rossmann - Survival Shop","article_publisher":"https:\/\/www.facebook.com\/survival24.org\/","article_modified_time":"2025-12-05T15:00:55+00:00","og_image":[{"width":420,"height":420,"url":"https:\/\/ueberlebenskunst.at\/survivalshop\/wp-content\/uploads\/2023\/04\/K4_Guertelscheide_SureFire_DBR_Guardian.jpg","type":"image\/jpeg"}],"twitter_card":"summary_large_image","twitter_misc":{"Gesch\u00e4tzte Lesezeit":"2\u00a0Minuten"},"schema":{"@context":"https:\/\/schema.org","@graph":[{"@type":"WebPage","@id":"https:\/\/ueberlebenskunst.at\/survivalshop\/shop\/k4-guertelscheide-fuer-surefire-dbr-guardian\/","url":"https:\/\/ueberlebenskunst.at\/survivalshop\/shop\/k4-guertelscheide-fuer-surefire-dbr-guardian\/","name":"Holster4 Surefire Guardian G\u00fcrtelscheide DBR Guardian - Reini Rossmann - Survival Shop","isPartOf":{"@id":"https:\/\/ueberlebenskunst.at\/survivalshop\/#website"},"primaryImageOfPage":{"@id":"https:\/\/ueberlebenskunst.at\/survivalshop\/shop\/k4-guertelscheide-fuer-surefire-dbr-guardian\/#primaryimage"},"image":{"@id":"https:\/\/ueberlebenskunst.at\/survivalshop\/shop\/k4-guertelscheide-fuer-surefire-dbr-guardian\/#primaryimage"},"thumbnailUrl":"https:\/\/ueberlebenskunst.at\/survivalshop\/wp-content\/uploads\/2023\/04\/K4_Guertelscheide_SureFire_DBR_Guardian.jpg","datePublished":"2023-04-27T11:13:14+00:00","dateModified":"2025-12-05T15:00:55+00:00","breadcrumb":{"@id":"https:\/\/ueberlebenskunst.at\/survivalshop\/shop\/k4-guertelscheide-fuer-surefire-dbr-guardian\/#breadcrumb"},"inLanguage":"de","potentialAction":[{"@type":"ReadAction","target":["https:\/\/ueberlebenskunst.at\/survivalshop\/shop\/k4-guertelscheide-fuer-surefire-dbr-guardian\/"]}]},{"@type":"ImageObject","inLanguage":"de","@id":"https:\/\/ueberlebenskunst.at\/survivalshop\/shop\/k4-guertelscheide-fuer-surefire-dbr-guardian\/#primaryimage","url":"https:\/\/ueberlebenskunst.at\/survivalshop\/wp-content\/uploads\/2023\/04\/K4_Guertelscheide_SureFire_DBR_Guardian.jpg","contentUrl":"https:\/\/ueberlebenskunst.at\/survivalshop\/wp-content\/uploads\/2023\/04\/K4_Guertelscheide_SureFire_DBR_Guardian.jpg","width":420,"height":420},{"@type":"BreadcrumbList","@id":"https:\/\/ueberlebenskunst.at\/survivalshop\/shop\/k4-guertelscheide-fuer-surefire-dbr-guardian\/#breadcrumb","itemListElement":[{"@type":"ListItem","position":1,"name":"Startseite","item":"https:\/\/ueberlebenskunst.at\/survivalshop\/"},{"@type":"ListItem","position":2,"name":"Shop","item":"https:\/\/ueberlebenskunst.at\/survivalshop\/shop\/"},{"@type":"ListItem","position":3,"name":"Holster4 Surefire Guardian G\u00fcrtelscheide DBR Guardian"}]},{"@type":"WebSite","@id":"https:\/\/ueberlebenskunst.at\/survivalshop\/#website","url":"https:\/\/ueberlebenskunst.at\/survivalshop\/","name":"Reini Rossmann - Survival Shop","description":"Survival Shop f\u00fcr Survival, Bushcraft und Prepper","potentialAction":[{"@type":"SearchAction","target":{"@type":"EntryPoint","urlTemplate":"https:\/\/ueberlebenskunst.at\/survivalshop\/?s={search_term_string}"},"query-input":{"@type":"PropertyValueSpecification","valueRequired":true,"valueName":"search_term_string"}}],"inLanguage":"de"}]}},"_links":{"self":[{"href":"https:\/\/ueberlebenskunst.at\/survivalshop\/wp-json\/wp\/v2\/product\/133874","targetHints":{"allow":["GET"]}}],"collection":[{"href":"https:\/\/ueberlebenskunst.at\/survivalshop\/wp-json\/wp\/v2\/product"}],"about":[{"href":"https:\/\/ueberlebenskunst.at\/survivalshop\/wp-json\/wp\/v2\/types\/product"}],"replies":[{"embeddable":true,"href":"https:\/\/ueberlebenskunst.at\/survivalshop\/wp-json\/wp\/v2\/comments?post=133874"}],"wp:featuredmedia":[{"embeddable":true,"href":"https:\/\/ueberlebenskunst.at\/survivalshop\/wp-json\/wp\/v2\/media\/137403"}],"wp:attachment":[{"href":"https:\/\/ueberlebenskunst.at\/survivalshop\/wp-json\/wp\/v2\/media?parent=133874"}],"wp:term":[{"taxonomy":"product_brand","embeddable":true,"href":"https:\/\/ueberlebenskunst.at\/survivalshop\/wp-json\/wp\/v2\/product_brand?post=133874"},{"taxonomy":"product_cat","embeddable":true,"href":"https:\/\/ueberlebenskunst.at\/survivalshop\/wp-json\/wp\/v2\/product_cat?post=133874"},{"taxonomy":"product_tag","embeddable":true,"href":"https:\/\/ueberlebenskunst.at\/survivalshop\/wp-json\/wp\/v2\/product_tag?post=133874"}],"curies":[{"name":"wp","href":"https:\/\/api.w.org\/{rel}","templated":true}]}}