{"id":133812,"date":"2023-04-26T13:19:03","date_gmt":"2023-04-26T11:19:03","guid":{"rendered":"https:\/\/ueberlebenskunst.at\/survivalshop\/?post_type=product&#038;p=133812"},"modified":"2026-04-20T13:18:02","modified_gmt":"2026-04-20T11:18:02","slug":"guertelscheide-fuer-nitecore-edc27","status":"publish","type":"product","link":"https:\/\/ueberlebenskunst.at\/survivalshop\/shop\/guertelscheide-fuer-nitecore-edc27\/","title":{"rendered":"G\u00fcrtelscheide f\u00fcr Nitecore EDC27"},"content":{"rendered":"<p>Unsere Concealed Carry G\u00fcrtelscheide f\u00fcr die Nitecore EDC27 passt sich perfekt an die menschlichen Konturen an und tr\u00e4gt weder auf noch steht der Holster unn\u00f6tig ab. Das Holster ist f\u00fcr maximale G\u00fcrtelbreiten von 5 cm geeignet.<\/p>\n<p>Die Nitecore EDC27 sitzt im Holster bombenfest und wird durch den Clip der EDC Lampe noch extra in Position gehalten. Wir m\u00f6chten aber darauf hinweisen, dass durch den idealen Halt und perfekten Sitz die schwarze Beschichtung der Nitecore Lampe etwas zu leiden beginnt. Was bedeutet das konkret? Die schwarze Beschichtung wird durch das Ein- und Ausf\u00fchren in den Holster etwas angekratzt. Das ist f\u00fcr die Funktion nat\u00fcrlich unerheblich, jedoch wollen wir darauf hinweisen, dass dies mitunter passieren kann.<\/p>\n<h3><strong>Produktdaten:<br \/>\n<\/strong><\/h3>\n<ul>\n<li>Gewicht: 38 g<\/li>\n<li>Abmessungen: 34 x 55 x 67 mm<\/li>\n<li>Montageabmessungen: f\u00fcr G\u00fcrtel mit max. 50 mm Breite<\/li>\n<\/ul>\n<h3><strong>Passendes Zubeh\u00f6r:<\/strong><\/h3>\n<ul>\n<li><a href=\"https:\/\/ueberlebenskunst.at\/survivalshop\/shop\/nitecore-edc27-taschenlampe\/\" target=\"_blank\" rel=\"noopener\">Nitecore EDC27<\/a><\/li>\n<\/ul>\n<h3><strong>Lieferumfang:<\/strong><\/h3>\n<ul>\n<li>G\u00fcrtelscheide exklusive Lampe<\/li>\n<\/ul>\n<h3><strong>Bedienungs- &amp; Pflegeanleitung:<\/strong><\/h3>\n<ul>\n<li>Die Reinigung mit Seife und Wasser ist m\u00f6glich.<\/li>\n<li>Du solltest das Produkt nicht direkt in die N\u00e4he von Feuer oder anderen Hitzequellen legen!<\/li>\n<li>Wird es \u00fcber l\u00e4ngere Zeit sehr kalten Temperaturen unter 0 \u00b0C ausgesetzt, solltest du in dem Moment darauf achten, dass keine starken Belastungen darauf einwirken.<\/li>\n<\/ul>\n<p>Unsere Produkte sind nicht f\u00fcr Kinder unter 3 Jahren geeignet. Es besteht Verschluckungsgefahr.<\/p>\n<p><span style=\"color: #99cc00;\">Du willst das Produkt in einer anderen Farbe? Schick uns eine E-Mail an shop@ueberlebenskunst.at und wir pr\u00fcfen, ob dein Farbwunsch\u00a0m\u00f6glich\u00a0ist.<\/span><\/p>\n","protected":false},"excerpt":{"rendered":"<p>Unsere Concealed Carry G\u00fcrtelscheide f\u00fcr die Nitecore EDC27 passt sich perfekt an die menschlichen Konturen an und tr\u00e4gt weder auf noch steht der Holster unn\u00f6tig ab. Das Holster ist f\u00fcr maximale G\u00fcrtelbreiten von 5 cm geeignet. Die Nitecore EDC27 sitzt im Holster bombenfest und wird durch den Clip der EDC Lampe noch extra in Position [&hellip;]<\/p>\n","protected":false},"featured_media":137330,"comment_status":"open","ping_status":"closed","template":"","meta":{"_acf_changed":false},"product_brand":[],"product_cat":[2389],"product_tag":[1579],"class_list":{"0":"post-133812","1":"product","2":"type-product","3":"status-publish","4":"has-post-thumbnail","6":"product_cat-flohmarkt","7":"product_tag-nitecore-edc27","9":"first","10":"instock","11":"sale","12":"taxable","13":"shipping-taxable","14":"purchasable","15":"product-type-simple"},"acf":[],"yoast_head":"<!-- This site is optimized with the Yoast SEO plugin v27.1.1 - https:\/\/yoast.com\/product\/yoast-seo-wordpress\/ -->\n<title>G\u00fcrtelscheide f\u00fcr Nitecore EDC27 - Reini Rossmann - Survival Shop<\/title>\n<meta name=\"robots\" content=\"index, follow, max-snippet:-1, max-image-preview:large, max-video-preview:-1\" \/>\n<link rel=\"canonical\" href=\"https:\/\/ueberlebenskunst.at\/survivalshop\/shop\/guertelscheide-fuer-nitecore-edc27\/\" \/>\n<meta property=\"og:locale\" content=\"de_DE\" \/>\n<meta property=\"og:type\" content=\"article\" \/>\n<meta property=\"og:title\" content=\"G\u00fcrtelscheide f\u00fcr Nitecore EDC27 - Reini Rossmann - Survival Shop\" \/>\n<meta property=\"og:description\" content=\"Unsere Concealed Carry G\u00fcrtelscheide f\u00fcr die Nitecore EDC27 passt sich perfekt an die menschlichen Konturen an und tr\u00e4gt weder auf noch steht der Holster unn\u00f6tig ab. Das Holster ist f\u00fcr maximale G\u00fcrtelbreiten von 5 cm geeignet. Die Nitecore EDC27 sitzt im Holster bombenfest und wird durch den Clip der EDC Lampe noch extra in Position [&hellip;]\" \/>\n<meta property=\"og:url\" content=\"https:\/\/ueberlebenskunst.at\/survivalshop\/shop\/guertelscheide-fuer-nitecore-edc27\/\" \/>\n<meta property=\"og:site_name\" content=\"Reini Rossmann - Survival Shop\" \/>\n<meta property=\"article:publisher\" content=\"https:\/\/www.facebook.com\/survival24.org\/\" \/>\n<meta property=\"article:modified_time\" content=\"2026-04-20T11:18:02+00:00\" \/>\n<meta property=\"og:image\" content=\"https:\/\/ueberlebenskunst.at\/survivalshop\/wp-content\/uploads\/2023\/04\/Guertelscheide_Nitecore_EDC27_NCE01_sk.jpg\" \/>\n\t<meta property=\"og:image:width\" content=\"400\" \/>\n\t<meta property=\"og:image:height\" content=\"400\" \/>\n\t<meta property=\"og:image:type\" content=\"image\/jpeg\" \/>\n<meta name=\"twitter:card\" content=\"summary_large_image\" \/>\n<meta name=\"twitter:label1\" content=\"Gesch\u00e4tzte Lesezeit\" \/>\n\t<meta name=\"twitter:data1\" content=\"2\u00a0Minuten\" \/>\n<script type=\"application\/ld+json\" class=\"yoast-schema-graph\">{\"@context\":\"https:\/\/schema.org\",\"@graph\":[{\"@type\":\"WebPage\",\"@id\":\"https:\/\/ueberlebenskunst.at\/survivalshop\/shop\/guertelscheide-fuer-nitecore-edc27\/\",\"url\":\"https:\/\/ueberlebenskunst.at\/survivalshop\/shop\/guertelscheide-fuer-nitecore-edc27\/\",\"name\":\"G\u00fcrtelscheide f\u00fcr Nitecore EDC27 - Reini Rossmann - Survival Shop\",\"isPartOf\":{\"@id\":\"https:\/\/ueberlebenskunst.at\/survivalshop\/#website\"},\"primaryImageOfPage\":{\"@id\":\"https:\/\/ueberlebenskunst.at\/survivalshop\/shop\/guertelscheide-fuer-nitecore-edc27\/#primaryimage\"},\"image\":{\"@id\":\"https:\/\/ueberlebenskunst.at\/survivalshop\/shop\/guertelscheide-fuer-nitecore-edc27\/#primaryimage\"},\"thumbnailUrl\":\"https:\/\/ueberlebenskunst.at\/survivalshop\/wp-content\/uploads\/2023\/04\/Guertelscheide_Nitecore_EDC27_NCE01_sk.jpg\",\"datePublished\":\"2023-04-26T11:19:03+00:00\",\"dateModified\":\"2026-04-20T11:18:02+00:00\",\"breadcrumb\":{\"@id\":\"https:\/\/ueberlebenskunst.at\/survivalshop\/shop\/guertelscheide-fuer-nitecore-edc27\/#breadcrumb\"},\"inLanguage\":\"de\",\"potentialAction\":[{\"@type\":\"ReadAction\",\"target\":[\"https:\/\/ueberlebenskunst.at\/survivalshop\/shop\/guertelscheide-fuer-nitecore-edc27\/\"]}]},{\"@type\":\"ImageObject\",\"inLanguage\":\"de\",\"@id\":\"https:\/\/ueberlebenskunst.at\/survivalshop\/shop\/guertelscheide-fuer-nitecore-edc27\/#primaryimage\",\"url\":\"https:\/\/ueberlebenskunst.at\/survivalshop\/wp-content\/uploads\/2023\/04\/Guertelscheide_Nitecore_EDC27_NCE01_sk.jpg\",\"contentUrl\":\"https:\/\/ueberlebenskunst.at\/survivalshop\/wp-content\/uploads\/2023\/04\/Guertelscheide_Nitecore_EDC27_NCE01_sk.jpg\",\"width\":400,\"height\":400},{\"@type\":\"BreadcrumbList\",\"@id\":\"https:\/\/ueberlebenskunst.at\/survivalshop\/shop\/guertelscheide-fuer-nitecore-edc27\/#breadcrumb\",\"itemListElement\":[{\"@type\":\"ListItem\",\"position\":1,\"name\":\"Startseite\",\"item\":\"https:\/\/ueberlebenskunst.at\/survivalshop\/\"},{\"@type\":\"ListItem\",\"position\":2,\"name\":\"Shop\",\"item\":\"https:\/\/ueberlebenskunst.at\/survivalshop\/shop\/\"},{\"@type\":\"ListItem\",\"position\":3,\"name\":\"G\u00fcrtelscheide f\u00fcr Nitecore EDC27\"}]},{\"@type\":\"WebSite\",\"@id\":\"https:\/\/ueberlebenskunst.at\/survivalshop\/#website\",\"url\":\"https:\/\/ueberlebenskunst.at\/survivalshop\/\",\"name\":\"Reini Rossmann - Survival Shop\",\"description\":\"Survival Shop f\u00fcr Survival, Bushcraft und Prepper\",\"potentialAction\":[{\"@type\":\"SearchAction\",\"target\":{\"@type\":\"EntryPoint\",\"urlTemplate\":\"https:\/\/ueberlebenskunst.at\/survivalshop\/?s={search_term_string}\"},\"query-input\":{\"@type\":\"PropertyValueSpecification\",\"valueRequired\":true,\"valueName\":\"search_term_string\"}}],\"inLanguage\":\"de\"}]}<\/script>\n<!-- \/ Yoast SEO plugin. -->","yoast_head_json":{"title":"G\u00fcrtelscheide f\u00fcr Nitecore EDC27 - Reini Rossmann - Survival Shop","robots":{"index":"index","follow":"follow","max-snippet":"max-snippet:-1","max-image-preview":"max-image-preview:large","max-video-preview":"max-video-preview:-1"},"canonical":"https:\/\/ueberlebenskunst.at\/survivalshop\/shop\/guertelscheide-fuer-nitecore-edc27\/","og_locale":"de_DE","og_type":"article","og_title":"G\u00fcrtelscheide f\u00fcr Nitecore EDC27 - Reini Rossmann - Survival Shop","og_description":"Unsere Concealed Carry G\u00fcrtelscheide f\u00fcr die Nitecore EDC27 passt sich perfekt an die menschlichen Konturen an und tr\u00e4gt weder auf noch steht der Holster unn\u00f6tig ab. Das Holster ist f\u00fcr maximale G\u00fcrtelbreiten von 5 cm geeignet. Die Nitecore EDC27 sitzt im Holster bombenfest und wird durch den Clip der EDC Lampe noch extra in Position [&hellip;]","og_url":"https:\/\/ueberlebenskunst.at\/survivalshop\/shop\/guertelscheide-fuer-nitecore-edc27\/","og_site_name":"Reini Rossmann - Survival Shop","article_publisher":"https:\/\/www.facebook.com\/survival24.org\/","article_modified_time":"2026-04-20T11:18:02+00:00","og_image":[{"width":400,"height":400,"url":"https:\/\/ueberlebenskunst.at\/survivalshop\/wp-content\/uploads\/2023\/04\/Guertelscheide_Nitecore_EDC27_NCE01_sk.jpg","type":"image\/jpeg"}],"twitter_card":"summary_large_image","twitter_misc":{"Gesch\u00e4tzte Lesezeit":"2\u00a0Minuten"},"schema":{"@context":"https:\/\/schema.org","@graph":[{"@type":"WebPage","@id":"https:\/\/ueberlebenskunst.at\/survivalshop\/shop\/guertelscheide-fuer-nitecore-edc27\/","url":"https:\/\/ueberlebenskunst.at\/survivalshop\/shop\/guertelscheide-fuer-nitecore-edc27\/","name":"G\u00fcrtelscheide f\u00fcr Nitecore EDC27 - Reini Rossmann - Survival Shop","isPartOf":{"@id":"https:\/\/ueberlebenskunst.at\/survivalshop\/#website"},"primaryImageOfPage":{"@id":"https:\/\/ueberlebenskunst.at\/survivalshop\/shop\/guertelscheide-fuer-nitecore-edc27\/#primaryimage"},"image":{"@id":"https:\/\/ueberlebenskunst.at\/survivalshop\/shop\/guertelscheide-fuer-nitecore-edc27\/#primaryimage"},"thumbnailUrl":"https:\/\/ueberlebenskunst.at\/survivalshop\/wp-content\/uploads\/2023\/04\/Guertelscheide_Nitecore_EDC27_NCE01_sk.jpg","datePublished":"2023-04-26T11:19:03+00:00","dateModified":"2026-04-20T11:18:02+00:00","breadcrumb":{"@id":"https:\/\/ueberlebenskunst.at\/survivalshop\/shop\/guertelscheide-fuer-nitecore-edc27\/#breadcrumb"},"inLanguage":"de","potentialAction":[{"@type":"ReadAction","target":["https:\/\/ueberlebenskunst.at\/survivalshop\/shop\/guertelscheide-fuer-nitecore-edc27\/"]}]},{"@type":"ImageObject","inLanguage":"de","@id":"https:\/\/ueberlebenskunst.at\/survivalshop\/shop\/guertelscheide-fuer-nitecore-edc27\/#primaryimage","url":"https:\/\/ueberlebenskunst.at\/survivalshop\/wp-content\/uploads\/2023\/04\/Guertelscheide_Nitecore_EDC27_NCE01_sk.jpg","contentUrl":"https:\/\/ueberlebenskunst.at\/survivalshop\/wp-content\/uploads\/2023\/04\/Guertelscheide_Nitecore_EDC27_NCE01_sk.jpg","width":400,"height":400},{"@type":"BreadcrumbList","@id":"https:\/\/ueberlebenskunst.at\/survivalshop\/shop\/guertelscheide-fuer-nitecore-edc27\/#breadcrumb","itemListElement":[{"@type":"ListItem","position":1,"name":"Startseite","item":"https:\/\/ueberlebenskunst.at\/survivalshop\/"},{"@type":"ListItem","position":2,"name":"Shop","item":"https:\/\/ueberlebenskunst.at\/survivalshop\/shop\/"},{"@type":"ListItem","position":3,"name":"G\u00fcrtelscheide f\u00fcr Nitecore EDC27"}]},{"@type":"WebSite","@id":"https:\/\/ueberlebenskunst.at\/survivalshop\/#website","url":"https:\/\/ueberlebenskunst.at\/survivalshop\/","name":"Reini Rossmann - Survival Shop","description":"Survival Shop f\u00fcr Survival, Bushcraft und Prepper","potentialAction":[{"@type":"SearchAction","target":{"@type":"EntryPoint","urlTemplate":"https:\/\/ueberlebenskunst.at\/survivalshop\/?s={search_term_string}"},"query-input":{"@type":"PropertyValueSpecification","valueRequired":true,"valueName":"search_term_string"}}],"inLanguage":"de"}]}},"_links":{"self":[{"href":"https:\/\/ueberlebenskunst.at\/survivalshop\/wp-json\/wp\/v2\/product\/133812","targetHints":{"allow":["GET"]}}],"collection":[{"href":"https:\/\/ueberlebenskunst.at\/survivalshop\/wp-json\/wp\/v2\/product"}],"about":[{"href":"https:\/\/ueberlebenskunst.at\/survivalshop\/wp-json\/wp\/v2\/types\/product"}],"replies":[{"embeddable":true,"href":"https:\/\/ueberlebenskunst.at\/survivalshop\/wp-json\/wp\/v2\/comments?post=133812"}],"wp:featuredmedia":[{"embeddable":true,"href":"https:\/\/ueberlebenskunst.at\/survivalshop\/wp-json\/wp\/v2\/media\/137330"}],"wp:attachment":[{"href":"https:\/\/ueberlebenskunst.at\/survivalshop\/wp-json\/wp\/v2\/media?parent=133812"}],"wp:term":[{"taxonomy":"product_brand","embeddable":true,"href":"https:\/\/ueberlebenskunst.at\/survivalshop\/wp-json\/wp\/v2\/product_brand?post=133812"},{"taxonomy":"product_cat","embeddable":true,"href":"https:\/\/ueberlebenskunst.at\/survivalshop\/wp-json\/wp\/v2\/product_cat?post=133812"},{"taxonomy":"product_tag","embeddable":true,"href":"https:\/\/ueberlebenskunst.at\/survivalshop\/wp-json\/wp\/v2\/product_tag?post=133812"}],"curies":[{"name":"wp","href":"https:\/\/api.w.org\/{rel}","templated":true}]}}