{"id":133359,"date":"2023-04-21T08:08:21","date_gmt":"2023-04-21T06:08:21","guid":{"rendered":"https:\/\/ueberlebenskunst.at\/survivalshop\/?post_type=product&#038;p=133359"},"modified":"2026-05-02T22:42:38","modified_gmt":"2026-05-02T20:42:38","slug":"ar-6-stinger-ii-klappschaft-adapter","status":"publish","type":"product","link":"https:\/\/ueberlebenskunst.at\/survivalshop\/shop\/ar-6-stinger-ii-klappschaft-adapter\/","title":{"rendered":"AR-6 Stinger 2 Klappschaftadapter"},"content":{"rendered":"<p>Klappschaftadapter, um die Schulterst\u00fctze der Steambow Stinger 2 klappbar zu machen.<\/p>\n<p>Die Montage ist sehr einfach und wird in Reinis Video Schritt f\u00fcr Schritt erkl\u00e4rt.<\/p>\n<p>Der neue Klappschaft ist auch mit dem <a href=\"https:\/\/ueberlebenskunst.at\/survivalshop\/shop\/der-letzte-feuerstahl-deines-lebens-fuer-steambow-stinger-2\/\">Survival Feuerstahl f\u00fcr Armbr\u00fcste<\/a> kompatibel!<\/p>\n<p>Der Klappschaft ist f\u00fcr Stinger 2 <a href=\"https:\/\/ueberlebenskunst.at\/survivalshop\/shop\/steambow-stinger2\/\" target=\"_blank\" rel=\"noopener\">Tactical<\/a>, <a href=\"https:\/\/ueberlebenskunst.at\/survivalshop\/shop\/steambow-stinger2-ar6-survival\/\" target=\"_blank\" rel=\"noopener\">Survival<\/a> und <a href=\"https:\/\/ueberlebenskunst.at\/survivalshop\/shop\/ar-series-m10-tactical-armbrust\/\" target=\"_blank\" rel=\"noopener\">M10<\/a> verwendbar.<\/p>\n<h3>Technische Daten:<\/h3>\n<ul>\n<li>L\u00e4nge: 13,5 cm<\/li>\n<li>Breite: 11,5 cm<\/li>\n<li>H\u00f6he: 5,5 cm<\/li>\n<li>Gewicht: 205 g<\/li>\n<li>Material: schlagfestes, UV-best\u00e4ndiges Polymer<\/li>\n<\/ul>\n<p><strong>Lieferumfang:<\/strong> 1 St\u00fcck Klappschaftadapter + 1 Schutzring f\u00fcr Klappschaftadapter (verhindert das irrt\u00fcmliche \u00d6ffnen der Verriegelung)<\/p>\n","protected":false},"excerpt":{"rendered":"<p>Klappschaftadapter, um die Schulterst\u00fctze der Steambow Stinger 2 klappbar zu machen. Die Montage ist sehr einfach und wird in Reinis Video Schritt f\u00fcr Schritt erkl\u00e4rt. Der neue Klappschaft ist auch mit dem Survival Feuerstahl f\u00fcr Armbr\u00fcste kompatibel! Der Klappschaft ist f\u00fcr Stinger 2 Tactical, Survival und M10 verwendbar. Technische Daten: L\u00e4nge: 13,5 cm Breite: 11,5 [&hellip;]<\/p>\n","protected":false},"featured_media":133360,"comment_status":"open","ping_status":"closed","template":"","meta":{"_acf_changed":false},"product_brand":[],"product_cat":[1893],"product_tag":[961,975],"class_list":{"0":"post-133359","1":"product","2":"type-product","3":"status-publish","4":"has-post-thumbnail","6":"product_cat-steambow-stinger-bogensport-pfeil-kugel","7":"product_tag-stinger-2","8":"product_tag-stinger-2-zubehoer","10":"first","11":"outofstock","12":"taxable","13":"shipping-taxable","14":"purchasable","15":"product-type-simple"},"acf":[],"yoast_head":"<!-- This site is optimized with the Yoast SEO plugin v27.1.1 - https:\/\/yoast.com\/product\/yoast-seo-wordpress\/ -->\n<title>AR-6 Stinger 2 Klappschaftadapter - Reini Rossmann - Survival Shop<\/title>\n<meta name=\"robots\" content=\"index, follow, max-snippet:-1, max-image-preview:large, max-video-preview:-1\" \/>\n<link rel=\"canonical\" href=\"https:\/\/ueberlebenskunst.at\/survivalshop\/shop\/ar-6-stinger-ii-klappschaft-adapter\/\" \/>\n<meta property=\"og:locale\" content=\"de_DE\" \/>\n<meta property=\"og:type\" content=\"article\" \/>\n<meta property=\"og:title\" content=\"AR-6 Stinger 2 Klappschaftadapter - Reini Rossmann - Survival Shop\" \/>\n<meta property=\"og:description\" content=\"Klappschaftadapter, um die Schulterst\u00fctze der Steambow Stinger 2 klappbar zu machen. Die Montage ist sehr einfach und wird in Reinis Video Schritt f\u00fcr Schritt erkl\u00e4rt. Der neue Klappschaft ist auch mit dem Survival Feuerstahl f\u00fcr Armbr\u00fcste kompatibel! Der Klappschaft ist f\u00fcr Stinger 2 Tactical, Survival und M10 verwendbar. Technische Daten: L\u00e4nge: 13,5 cm Breite: 11,5 [&hellip;]\" \/>\n<meta property=\"og:url\" content=\"https:\/\/ueberlebenskunst.at\/survivalshop\/shop\/ar-6-stinger-ii-klappschaft-adapter\/\" \/>\n<meta property=\"og:site_name\" content=\"Reini Rossmann - Survival Shop\" \/>\n<meta property=\"article:publisher\" content=\"https:\/\/www.facebook.com\/survival24.org\/\" \/>\n<meta property=\"article:modified_time\" content=\"2026-05-02T20:42:38+00:00\" \/>\n<meta property=\"og:image\" content=\"https:\/\/ueberlebenskunst.at\/survivalshop\/wp-content\/uploads\/2023\/04\/Klappschaftadapter_0000618.jpg\" \/>\n\t<meta property=\"og:image:width\" content=\"400\" \/>\n\t<meta property=\"og:image:height\" content=\"400\" \/>\n\t<meta property=\"og:image:type\" content=\"image\/jpeg\" \/>\n<meta name=\"twitter:card\" content=\"summary_large_image\" \/>\n<meta name=\"twitter:label1\" content=\"Gesch\u00e4tzte Lesezeit\" \/>\n\t<meta name=\"twitter:data1\" content=\"1\u00a0Minute\" \/>\n<script type=\"application\/ld+json\" class=\"yoast-schema-graph\">{\"@context\":\"https:\/\/schema.org\",\"@graph\":[{\"@type\":\"WebPage\",\"@id\":\"https:\/\/ueberlebenskunst.at\/survivalshop\/shop\/ar-6-stinger-ii-klappschaft-adapter\/\",\"url\":\"https:\/\/ueberlebenskunst.at\/survivalshop\/shop\/ar-6-stinger-ii-klappschaft-adapter\/\",\"name\":\"AR-6 Stinger 2 Klappschaftadapter - Reini Rossmann - Survival Shop\",\"isPartOf\":{\"@id\":\"https:\/\/ueberlebenskunst.at\/survivalshop\/#website\"},\"primaryImageOfPage\":{\"@id\":\"https:\/\/ueberlebenskunst.at\/survivalshop\/shop\/ar-6-stinger-ii-klappschaft-adapter\/#primaryimage\"},\"image\":{\"@id\":\"https:\/\/ueberlebenskunst.at\/survivalshop\/shop\/ar-6-stinger-ii-klappschaft-adapter\/#primaryimage\"},\"thumbnailUrl\":\"https:\/\/ueberlebenskunst.at\/survivalshop\/wp-content\/uploads\/2023\/04\/Klappschaftadapter_0000618.jpg\",\"datePublished\":\"2023-04-21T06:08:21+00:00\",\"dateModified\":\"2026-05-02T20:42:38+00:00\",\"breadcrumb\":{\"@id\":\"https:\/\/ueberlebenskunst.at\/survivalshop\/shop\/ar-6-stinger-ii-klappschaft-adapter\/#breadcrumb\"},\"inLanguage\":\"de\",\"potentialAction\":[{\"@type\":\"ReadAction\",\"target\":[\"https:\/\/ueberlebenskunst.at\/survivalshop\/shop\/ar-6-stinger-ii-klappschaft-adapter\/\"]}]},{\"@type\":\"ImageObject\",\"inLanguage\":\"de\",\"@id\":\"https:\/\/ueberlebenskunst.at\/survivalshop\/shop\/ar-6-stinger-ii-klappschaft-adapter\/#primaryimage\",\"url\":\"https:\/\/ueberlebenskunst.at\/survivalshop\/wp-content\/uploads\/2023\/04\/Klappschaftadapter_0000618.jpg\",\"contentUrl\":\"https:\/\/ueberlebenskunst.at\/survivalshop\/wp-content\/uploads\/2023\/04\/Klappschaftadapter_0000618.jpg\",\"width\":400,\"height\":400},{\"@type\":\"BreadcrumbList\",\"@id\":\"https:\/\/ueberlebenskunst.at\/survivalshop\/shop\/ar-6-stinger-ii-klappschaft-adapter\/#breadcrumb\",\"itemListElement\":[{\"@type\":\"ListItem\",\"position\":1,\"name\":\"Startseite\",\"item\":\"https:\/\/ueberlebenskunst.at\/survivalshop\/\"},{\"@type\":\"ListItem\",\"position\":2,\"name\":\"Shop\",\"item\":\"https:\/\/ueberlebenskunst.at\/survivalshop\/shop\/\"},{\"@type\":\"ListItem\",\"position\":3,\"name\":\"AR-6 Stinger 2 Klappschaftadapter\"}]},{\"@type\":\"WebSite\",\"@id\":\"https:\/\/ueberlebenskunst.at\/survivalshop\/#website\",\"url\":\"https:\/\/ueberlebenskunst.at\/survivalshop\/\",\"name\":\"Reini Rossmann - Survival Shop\",\"description\":\"Survival Shop f\u00fcr Survival, Bushcraft und Prepper\",\"potentialAction\":[{\"@type\":\"SearchAction\",\"target\":{\"@type\":\"EntryPoint\",\"urlTemplate\":\"https:\/\/ueberlebenskunst.at\/survivalshop\/?s={search_term_string}\"},\"query-input\":{\"@type\":\"PropertyValueSpecification\",\"valueRequired\":true,\"valueName\":\"search_term_string\"}}],\"inLanguage\":\"de\"}]}<\/script>\n<!-- \/ Yoast SEO plugin. -->","yoast_head_json":{"title":"AR-6 Stinger 2 Klappschaftadapter - Reini Rossmann - Survival Shop","robots":{"index":"index","follow":"follow","max-snippet":"max-snippet:-1","max-image-preview":"max-image-preview:large","max-video-preview":"max-video-preview:-1"},"canonical":"https:\/\/ueberlebenskunst.at\/survivalshop\/shop\/ar-6-stinger-ii-klappschaft-adapter\/","og_locale":"de_DE","og_type":"article","og_title":"AR-6 Stinger 2 Klappschaftadapter - Reini Rossmann - Survival Shop","og_description":"Klappschaftadapter, um die Schulterst\u00fctze der Steambow Stinger 2 klappbar zu machen. Die Montage ist sehr einfach und wird in Reinis Video Schritt f\u00fcr Schritt erkl\u00e4rt. Der neue Klappschaft ist auch mit dem Survival Feuerstahl f\u00fcr Armbr\u00fcste kompatibel! Der Klappschaft ist f\u00fcr Stinger 2 Tactical, Survival und M10 verwendbar. Technische Daten: L\u00e4nge: 13,5 cm Breite: 11,5 [&hellip;]","og_url":"https:\/\/ueberlebenskunst.at\/survivalshop\/shop\/ar-6-stinger-ii-klappschaft-adapter\/","og_site_name":"Reini Rossmann - Survival Shop","article_publisher":"https:\/\/www.facebook.com\/survival24.org\/","article_modified_time":"2026-05-02T20:42:38+00:00","og_image":[{"width":400,"height":400,"url":"https:\/\/ueberlebenskunst.at\/survivalshop\/wp-content\/uploads\/2023\/04\/Klappschaftadapter_0000618.jpg","type":"image\/jpeg"}],"twitter_card":"summary_large_image","twitter_misc":{"Gesch\u00e4tzte Lesezeit":"1\u00a0Minute"},"schema":{"@context":"https:\/\/schema.org","@graph":[{"@type":"WebPage","@id":"https:\/\/ueberlebenskunst.at\/survivalshop\/shop\/ar-6-stinger-ii-klappschaft-adapter\/","url":"https:\/\/ueberlebenskunst.at\/survivalshop\/shop\/ar-6-stinger-ii-klappschaft-adapter\/","name":"AR-6 Stinger 2 Klappschaftadapter - Reini Rossmann - Survival Shop","isPartOf":{"@id":"https:\/\/ueberlebenskunst.at\/survivalshop\/#website"},"primaryImageOfPage":{"@id":"https:\/\/ueberlebenskunst.at\/survivalshop\/shop\/ar-6-stinger-ii-klappschaft-adapter\/#primaryimage"},"image":{"@id":"https:\/\/ueberlebenskunst.at\/survivalshop\/shop\/ar-6-stinger-ii-klappschaft-adapter\/#primaryimage"},"thumbnailUrl":"https:\/\/ueberlebenskunst.at\/survivalshop\/wp-content\/uploads\/2023\/04\/Klappschaftadapter_0000618.jpg","datePublished":"2023-04-21T06:08:21+00:00","dateModified":"2026-05-02T20:42:38+00:00","breadcrumb":{"@id":"https:\/\/ueberlebenskunst.at\/survivalshop\/shop\/ar-6-stinger-ii-klappschaft-adapter\/#breadcrumb"},"inLanguage":"de","potentialAction":[{"@type":"ReadAction","target":["https:\/\/ueberlebenskunst.at\/survivalshop\/shop\/ar-6-stinger-ii-klappschaft-adapter\/"]}]},{"@type":"ImageObject","inLanguage":"de","@id":"https:\/\/ueberlebenskunst.at\/survivalshop\/shop\/ar-6-stinger-ii-klappschaft-adapter\/#primaryimage","url":"https:\/\/ueberlebenskunst.at\/survivalshop\/wp-content\/uploads\/2023\/04\/Klappschaftadapter_0000618.jpg","contentUrl":"https:\/\/ueberlebenskunst.at\/survivalshop\/wp-content\/uploads\/2023\/04\/Klappschaftadapter_0000618.jpg","width":400,"height":400},{"@type":"BreadcrumbList","@id":"https:\/\/ueberlebenskunst.at\/survivalshop\/shop\/ar-6-stinger-ii-klappschaft-adapter\/#breadcrumb","itemListElement":[{"@type":"ListItem","position":1,"name":"Startseite","item":"https:\/\/ueberlebenskunst.at\/survivalshop\/"},{"@type":"ListItem","position":2,"name":"Shop","item":"https:\/\/ueberlebenskunst.at\/survivalshop\/shop\/"},{"@type":"ListItem","position":3,"name":"AR-6 Stinger 2 Klappschaftadapter"}]},{"@type":"WebSite","@id":"https:\/\/ueberlebenskunst.at\/survivalshop\/#website","url":"https:\/\/ueberlebenskunst.at\/survivalshop\/","name":"Reini Rossmann - Survival Shop","description":"Survival Shop f\u00fcr Survival, Bushcraft und Prepper","potentialAction":[{"@type":"SearchAction","target":{"@type":"EntryPoint","urlTemplate":"https:\/\/ueberlebenskunst.at\/survivalshop\/?s={search_term_string}"},"query-input":{"@type":"PropertyValueSpecification","valueRequired":true,"valueName":"search_term_string"}}],"inLanguage":"de"}]}},"_links":{"self":[{"href":"https:\/\/ueberlebenskunst.at\/survivalshop\/wp-json\/wp\/v2\/product\/133359","targetHints":{"allow":["GET"]}}],"collection":[{"href":"https:\/\/ueberlebenskunst.at\/survivalshop\/wp-json\/wp\/v2\/product"}],"about":[{"href":"https:\/\/ueberlebenskunst.at\/survivalshop\/wp-json\/wp\/v2\/types\/product"}],"replies":[{"embeddable":true,"href":"https:\/\/ueberlebenskunst.at\/survivalshop\/wp-json\/wp\/v2\/comments?post=133359"}],"wp:featuredmedia":[{"embeddable":true,"href":"https:\/\/ueberlebenskunst.at\/survivalshop\/wp-json\/wp\/v2\/media\/133360"}],"wp:attachment":[{"href":"https:\/\/ueberlebenskunst.at\/survivalshop\/wp-json\/wp\/v2\/media?parent=133359"}],"wp:term":[{"taxonomy":"product_brand","embeddable":true,"href":"https:\/\/ueberlebenskunst.at\/survivalshop\/wp-json\/wp\/v2\/product_brand?post=133359"},{"taxonomy":"product_cat","embeddable":true,"href":"https:\/\/ueberlebenskunst.at\/survivalshop\/wp-json\/wp\/v2\/product_cat?post=133359"},{"taxonomy":"product_tag","embeddable":true,"href":"https:\/\/ueberlebenskunst.at\/survivalshop\/wp-json\/wp\/v2\/product_tag?post=133359"}],"curies":[{"name":"wp","href":"https:\/\/api.w.org\/{rel}","templated":true}]}}