{"id":132657,"date":"2023-04-12T13:28:45","date_gmt":"2023-04-12T11:28:45","guid":{"rendered":"https:\/\/ueberlebenskunst.at\/survivalshop\/?post_type=product&#038;p=132657"},"modified":"2026-04-15T08:14:46","modified_gmt":"2026-04-15T06:14:46","slug":"picatinny-schiene-fuer-t4e-tr50-x-tender","status":"publish","type":"product","link":"https:\/\/ueberlebenskunst.at\/survivalshop\/shop\/picatinny-schiene-fuer-t4e-tr50-x-tender\/","title":{"rendered":"Picatinny Schiene f\u00fcr T4E X-Tender f\u00fcr HDR50 \/ TR50"},"content":{"rendered":"<p>Die Front Picatinny Schiene f\u00fcr <a href=\"https:\/\/ueberlebenskunst.at\/survivalshop\/shop\/t4e-tr-50-x-tender\/\" target=\"_blank\" rel=\"noopener\">T4E TR50 X-Tender<\/a> ist die ideale Erg\u00e4nzung, um auf die Laufverl\u00e4ngerung f\u00fcr den TR50 \/ HDR50 \/ PS100 eine Picatinny Schiene f\u00fcr beispielsweise ein Leuchtpunktvisier zu montieren. Eine ideale Erg\u00e4nzung ist die <a href=\"https:\/\/ueberlebenskunst.at\/survivalshop\/shop\/universal-halterung-fuer-hdr50-ps100\/\">Universal Halterung HDR 50<\/a> f\u00fcr Lampe, Laser sowie diverse Container, <a href=\"https:\/\/ueberlebenskunst.at\/survivalshop\/shop\/trommelhalter-kal-50-fuer-nxg-paintball-revolver\/\">Trommelhalterung<\/a> &amp; Co.<\/p>\n<p>Solltest du kein Leuchtpunktvisier montieren, hast du dennoch eine Kimme-Korn-Funktionalit\u00e4t durch die ausgenommene Picatinny Schiene, die es dir erm\u00f6glicht das Ziel sehr intuitiv zu erfassen. Diese Picatinny Schiene kommt aus der Reini Rossmann Werkstatt, ist also Made in Austria und genau an den X-Tender angepasst. Im Lieferumfang sind 2 Montageschrauben enthalten, die daf\u00fcr notwendig sind, um die Front Picatinny Schiene an dem System zu montieren.<\/p>\n<p>Das bedeutet, dass du durch einfaches Aufschrauben der Picatinny Schiene diese auch installierst. Es ist kein Bohren oder eine andere Modifikation des Original Umarex T4E TR50 X-Tenders notwendig. Und auch die Demontage ist mit dem Losl\u00f6sen von 2 Schrauben (die im Lieferumfang enthalten sind) erledigt. Damit hast du eine sehr flexible L\u00f6sung, die deine TR50 \/ HDR50 \/ PS110 noch einmal deutlich aufwertet.<\/p>\n<h3><strong>Produktdaten:<\/strong><\/h3>\n<ul>\n<li>Gewicht: 38 g<\/li>\n<li>Abmessungen: 28 x 36 x 69 mm<\/li>\n<\/ul>\n<h3><strong>Passt auf:<\/strong><\/h3>\n<ul>\n<li><a href=\"https:\/\/ueberlebenskunst.at\/survivalshop\/shop\/t4e-tr-50-x-tender\/\" target=\"_blank\" rel=\"noopener\">T4E TR50 X-Tender<\/a><\/li>\n<\/ul>\n<h3><strong>Passendes Zubeh\u00f6r:<\/strong><\/h3>\n<ul>\n<li><a href=\"https:\/\/ueberlebenskunst.at\/survivalshop\/shop\/universal-halterung-fuer-hdr50-ps100\/\">Universal Halterung HDR 50 f\u00fcr Lampe, Laser und Container<\/a><\/li>\n<li><a href=\"https:\/\/ueberlebenskunst.at\/survivalshop\/shop\/leuchtpunkt-reflexvisier\/\" target=\"_blank\" rel=\"noopener\">Leuchtpunktvisier<\/a><\/li>\n<li><a href=\"https:\/\/ueberlebenskunst.at\/survivalshop\/shop\/taktischer-vertikaler-griff-schwarz\/\">Taktischer Griff\u00a0<\/a><\/li>\n<\/ul>\n<h3><strong>Lieferumfang:<\/strong><\/h3>\n<ul>\n<li>Picatinnyschiene inkl. Montagematerial<\/li>\n<\/ul>\n<h3><strong>Bedienungs- &amp; Pflegeanleitung:<\/strong><\/h3>\n<ul>\n<li>Die Reinigung mit Wasser ist m\u00f6glich.<\/li>\n<li>Du solltest das Produkt nicht direkt in die N\u00e4he von Feuer oder anderen Hitzequellen legen!<\/li>\n<li>Wird es \u00fcber l\u00e4ngere Zeit sehr kalten Temperaturen unter 0 \u00b0C ausgesetzt, solltest du in dem Moment darauf achten, dass keine starken Belastungen darauf einwirken.<\/li>\n<\/ul>\n<p><a href=\"https:\/\/ueberlebenskunst.at\/survivalshop\/wp-content\/uploads\/2021\/11\/Logo_Kinder.png\"><img decoding=\"async\" class=\"alignnone size-medium wp-image-179571\" src=\"https:\/\/ueberlebenskunst.at\/survivalshop\/wp-content\/uploads\/2021\/11\/Logo_Kinder-300x126.png\" alt=\"\" width=\"300\" height=\"126\" srcset=\"https:\/\/ueberlebenskunst.at\/survivalshop\/wp-content\/uploads\/2021\/11\/Logo_Kinder-300x126.png 300w, https:\/\/ueberlebenskunst.at\/survivalshop\/wp-content\/uploads\/2021\/11\/Logo_Kinder-64x27.png 64w, https:\/\/ueberlebenskunst.at\/survivalshop\/wp-content\/uploads\/2021\/11\/Logo_Kinder.png 401w\" sizes=\"(max-width: 300px) 100vw, 300px\" \/><\/a><\/p>\n<p><span style=\"color: #99cc00;\">Du willst das Produkt in einer anderen Farbe? Schick uns eine E-Mail an shop@ueberlebenskunst.at und wir pr\u00fcfen, ob dein Farbwunsch\u00a0m\u00f6glich\u00a0ist.<\/span><\/p>\n","protected":false},"excerpt":{"rendered":"<p>Die Front Picatinny Schiene f\u00fcr T4E TR50 X-Tender ist die ideale Erg\u00e4nzung, um auf die Laufverl\u00e4ngerung f\u00fcr den TR50 \/ HDR50 \/ PS100 eine Picatinny Schiene f\u00fcr beispielsweise ein Leuchtpunktvisier zu montieren. Eine ideale Erg\u00e4nzung ist die Universal Halterung HDR 50 f\u00fcr Lampe, Laser sowie diverse Container, Trommelhalterung &amp; Co. Solltest du kein Leuchtpunktvisier montieren, [&hellip;]<\/p>\n","protected":false},"featured_media":132772,"comment_status":"open","ping_status":"closed","template":"","meta":{"_acf_changed":false},"product_brand":[],"product_cat":[1929],"product_tag":[],"class_list":{"0":"post-132657","1":"product","2":"type-product","3":"status-publish","4":"has-post-thumbnail","6":"product_cat-zielvorrichtung","8":"first","9":"instock","10":"taxable","11":"shipping-taxable","12":"purchasable","13":"product-type-simple"},"acf":[],"yoast_head":"<!-- This site is optimized with the Yoast SEO plugin v27.1.1 - https:\/\/yoast.com\/product\/yoast-seo-wordpress\/ -->\n<title>Picatinny Schiene f\u00fcr T4E X-Tender f\u00fcr HDR50 \/ TR50 - Reini Rossmann - Survival Shop<\/title>\n<meta name=\"robots\" content=\"index, follow, max-snippet:-1, max-image-preview:large, max-video-preview:-1\" \/>\n<link rel=\"canonical\" href=\"https:\/\/ueberlebenskunst.at\/survivalshop\/shop\/picatinny-schiene-fuer-t4e-tr50-x-tender\/\" \/>\n<meta property=\"og:locale\" content=\"de_DE\" \/>\n<meta property=\"og:type\" content=\"article\" \/>\n<meta property=\"og:title\" content=\"Picatinny Schiene f\u00fcr T4E X-Tender f\u00fcr HDR50 \/ TR50 - Reini Rossmann - Survival Shop\" \/>\n<meta property=\"og:description\" content=\"Die Front Picatinny Schiene f\u00fcr T4E TR50 X-Tender ist die ideale Erg\u00e4nzung, um auf die Laufverl\u00e4ngerung f\u00fcr den TR50 \/ HDR50 \/ PS100 eine Picatinny Schiene f\u00fcr beispielsweise ein Leuchtpunktvisier zu montieren. Eine ideale Erg\u00e4nzung ist die Universal Halterung HDR 50 f\u00fcr Lampe, Laser sowie diverse Container, Trommelhalterung &amp; Co. Solltest du kein Leuchtpunktvisier montieren, [&hellip;]\" \/>\n<meta property=\"og:url\" content=\"https:\/\/ueberlebenskunst.at\/survivalshop\/shop\/picatinny-schiene-fuer-t4e-tr50-x-tender\/\" \/>\n<meta property=\"og:site_name\" content=\"Reini Rossmann - Survival Shop\" \/>\n<meta property=\"article:publisher\" content=\"https:\/\/www.facebook.com\/survival24.org\/\" \/>\n<meta property=\"article:modified_time\" content=\"2026-04-15T06:14:46+00:00\" \/>\n<meta property=\"og:image\" content=\"https:\/\/ueberlebenskunst.at\/survivalshop\/wp-content\/uploads\/2023\/04\/AB00-TR50PR.jpg\" \/>\n\t<meta property=\"og:image:width\" content=\"400\" \/>\n\t<meta property=\"og:image:height\" content=\"407\" \/>\n\t<meta property=\"og:image:type\" content=\"image\/jpeg\" \/>\n<meta name=\"twitter:card\" content=\"summary_large_image\" \/>\n<meta name=\"twitter:label1\" content=\"Gesch\u00e4tzte Lesezeit\" \/>\n\t<meta name=\"twitter:data1\" content=\"2\u00a0Minuten\" \/>\n<script type=\"application\/ld+json\" class=\"yoast-schema-graph\">{\"@context\":\"https:\/\/schema.org\",\"@graph\":[{\"@type\":\"WebPage\",\"@id\":\"https:\/\/ueberlebenskunst.at\/survivalshop\/shop\/picatinny-schiene-fuer-t4e-tr50-x-tender\/\",\"url\":\"https:\/\/ueberlebenskunst.at\/survivalshop\/shop\/picatinny-schiene-fuer-t4e-tr50-x-tender\/\",\"name\":\"Picatinny Schiene f\u00fcr T4E X-Tender f\u00fcr HDR50 \/ TR50 - Reini Rossmann - Survival Shop\",\"isPartOf\":{\"@id\":\"https:\/\/ueberlebenskunst.at\/survivalshop\/#website\"},\"primaryImageOfPage\":{\"@id\":\"https:\/\/ueberlebenskunst.at\/survivalshop\/shop\/picatinny-schiene-fuer-t4e-tr50-x-tender\/#primaryimage\"},\"image\":{\"@id\":\"https:\/\/ueberlebenskunst.at\/survivalshop\/shop\/picatinny-schiene-fuer-t4e-tr50-x-tender\/#primaryimage\"},\"thumbnailUrl\":\"https:\/\/ueberlebenskunst.at\/survivalshop\/wp-content\/uploads\/2023\/04\/AB00-TR50PR.jpg\",\"datePublished\":\"2023-04-12T11:28:45+00:00\",\"dateModified\":\"2026-04-15T06:14:46+00:00\",\"breadcrumb\":{\"@id\":\"https:\/\/ueberlebenskunst.at\/survivalshop\/shop\/picatinny-schiene-fuer-t4e-tr50-x-tender\/#breadcrumb\"},\"inLanguage\":\"de\",\"potentialAction\":[{\"@type\":\"ReadAction\",\"target\":[\"https:\/\/ueberlebenskunst.at\/survivalshop\/shop\/picatinny-schiene-fuer-t4e-tr50-x-tender\/\"]}]},{\"@type\":\"ImageObject\",\"inLanguage\":\"de\",\"@id\":\"https:\/\/ueberlebenskunst.at\/survivalshop\/shop\/picatinny-schiene-fuer-t4e-tr50-x-tender\/#primaryimage\",\"url\":\"https:\/\/ueberlebenskunst.at\/survivalshop\/wp-content\/uploads\/2023\/04\/AB00-TR50PR.jpg\",\"contentUrl\":\"https:\/\/ueberlebenskunst.at\/survivalshop\/wp-content\/uploads\/2023\/04\/AB00-TR50PR.jpg\",\"width\":400,\"height\":407},{\"@type\":\"BreadcrumbList\",\"@id\":\"https:\/\/ueberlebenskunst.at\/survivalshop\/shop\/picatinny-schiene-fuer-t4e-tr50-x-tender\/#breadcrumb\",\"itemListElement\":[{\"@type\":\"ListItem\",\"position\":1,\"name\":\"Startseite\",\"item\":\"https:\/\/ueberlebenskunst.at\/survivalshop\/\"},{\"@type\":\"ListItem\",\"position\":2,\"name\":\"Shop\",\"item\":\"https:\/\/ueberlebenskunst.at\/survivalshop\/shop\/\"},{\"@type\":\"ListItem\",\"position\":3,\"name\":\"Picatinny Schiene f\u00fcr T4E X-Tender f\u00fcr HDR50 \/ TR50\"}]},{\"@type\":\"WebSite\",\"@id\":\"https:\/\/ueberlebenskunst.at\/survivalshop\/#website\",\"url\":\"https:\/\/ueberlebenskunst.at\/survivalshop\/\",\"name\":\"Reini Rossmann - Survival Shop\",\"description\":\"Survival Shop f\u00fcr Survival, Bushcraft und Prepper\",\"potentialAction\":[{\"@type\":\"SearchAction\",\"target\":{\"@type\":\"EntryPoint\",\"urlTemplate\":\"https:\/\/ueberlebenskunst.at\/survivalshop\/?s={search_term_string}\"},\"query-input\":{\"@type\":\"PropertyValueSpecification\",\"valueRequired\":true,\"valueName\":\"search_term_string\"}}],\"inLanguage\":\"de\"}]}<\/script>\n<!-- \/ Yoast SEO plugin. -->","yoast_head_json":{"title":"Picatinny Schiene f\u00fcr T4E X-Tender f\u00fcr HDR50 \/ TR50 - Reini Rossmann - Survival Shop","robots":{"index":"index","follow":"follow","max-snippet":"max-snippet:-1","max-image-preview":"max-image-preview:large","max-video-preview":"max-video-preview:-1"},"canonical":"https:\/\/ueberlebenskunst.at\/survivalshop\/shop\/picatinny-schiene-fuer-t4e-tr50-x-tender\/","og_locale":"de_DE","og_type":"article","og_title":"Picatinny Schiene f\u00fcr T4E X-Tender f\u00fcr HDR50 \/ TR50 - Reini Rossmann - Survival Shop","og_description":"Die Front Picatinny Schiene f\u00fcr T4E TR50 X-Tender ist die ideale Erg\u00e4nzung, um auf die Laufverl\u00e4ngerung f\u00fcr den TR50 \/ HDR50 \/ PS100 eine Picatinny Schiene f\u00fcr beispielsweise ein Leuchtpunktvisier zu montieren. Eine ideale Erg\u00e4nzung ist die Universal Halterung HDR 50 f\u00fcr Lampe, Laser sowie diverse Container, Trommelhalterung &amp; Co. Solltest du kein Leuchtpunktvisier montieren, [&hellip;]","og_url":"https:\/\/ueberlebenskunst.at\/survivalshop\/shop\/picatinny-schiene-fuer-t4e-tr50-x-tender\/","og_site_name":"Reini Rossmann - Survival Shop","article_publisher":"https:\/\/www.facebook.com\/survival24.org\/","article_modified_time":"2026-04-15T06:14:46+00:00","og_image":[{"width":400,"height":407,"url":"https:\/\/ueberlebenskunst.at\/survivalshop\/wp-content\/uploads\/2023\/04\/AB00-TR50PR.jpg","type":"image\/jpeg"}],"twitter_card":"summary_large_image","twitter_misc":{"Gesch\u00e4tzte Lesezeit":"2\u00a0Minuten"},"schema":{"@context":"https:\/\/schema.org","@graph":[{"@type":"WebPage","@id":"https:\/\/ueberlebenskunst.at\/survivalshop\/shop\/picatinny-schiene-fuer-t4e-tr50-x-tender\/","url":"https:\/\/ueberlebenskunst.at\/survivalshop\/shop\/picatinny-schiene-fuer-t4e-tr50-x-tender\/","name":"Picatinny Schiene f\u00fcr T4E X-Tender f\u00fcr HDR50 \/ TR50 - Reini Rossmann - Survival Shop","isPartOf":{"@id":"https:\/\/ueberlebenskunst.at\/survivalshop\/#website"},"primaryImageOfPage":{"@id":"https:\/\/ueberlebenskunst.at\/survivalshop\/shop\/picatinny-schiene-fuer-t4e-tr50-x-tender\/#primaryimage"},"image":{"@id":"https:\/\/ueberlebenskunst.at\/survivalshop\/shop\/picatinny-schiene-fuer-t4e-tr50-x-tender\/#primaryimage"},"thumbnailUrl":"https:\/\/ueberlebenskunst.at\/survivalshop\/wp-content\/uploads\/2023\/04\/AB00-TR50PR.jpg","datePublished":"2023-04-12T11:28:45+00:00","dateModified":"2026-04-15T06:14:46+00:00","breadcrumb":{"@id":"https:\/\/ueberlebenskunst.at\/survivalshop\/shop\/picatinny-schiene-fuer-t4e-tr50-x-tender\/#breadcrumb"},"inLanguage":"de","potentialAction":[{"@type":"ReadAction","target":["https:\/\/ueberlebenskunst.at\/survivalshop\/shop\/picatinny-schiene-fuer-t4e-tr50-x-tender\/"]}]},{"@type":"ImageObject","inLanguage":"de","@id":"https:\/\/ueberlebenskunst.at\/survivalshop\/shop\/picatinny-schiene-fuer-t4e-tr50-x-tender\/#primaryimage","url":"https:\/\/ueberlebenskunst.at\/survivalshop\/wp-content\/uploads\/2023\/04\/AB00-TR50PR.jpg","contentUrl":"https:\/\/ueberlebenskunst.at\/survivalshop\/wp-content\/uploads\/2023\/04\/AB00-TR50PR.jpg","width":400,"height":407},{"@type":"BreadcrumbList","@id":"https:\/\/ueberlebenskunst.at\/survivalshop\/shop\/picatinny-schiene-fuer-t4e-tr50-x-tender\/#breadcrumb","itemListElement":[{"@type":"ListItem","position":1,"name":"Startseite","item":"https:\/\/ueberlebenskunst.at\/survivalshop\/"},{"@type":"ListItem","position":2,"name":"Shop","item":"https:\/\/ueberlebenskunst.at\/survivalshop\/shop\/"},{"@type":"ListItem","position":3,"name":"Picatinny Schiene f\u00fcr T4E X-Tender f\u00fcr HDR50 \/ TR50"}]},{"@type":"WebSite","@id":"https:\/\/ueberlebenskunst.at\/survivalshop\/#website","url":"https:\/\/ueberlebenskunst.at\/survivalshop\/","name":"Reini Rossmann - Survival Shop","description":"Survival Shop f\u00fcr Survival, Bushcraft und Prepper","potentialAction":[{"@type":"SearchAction","target":{"@type":"EntryPoint","urlTemplate":"https:\/\/ueberlebenskunst.at\/survivalshop\/?s={search_term_string}"},"query-input":{"@type":"PropertyValueSpecification","valueRequired":true,"valueName":"search_term_string"}}],"inLanguage":"de"}]}},"_links":{"self":[{"href":"https:\/\/ueberlebenskunst.at\/survivalshop\/wp-json\/wp\/v2\/product\/132657","targetHints":{"allow":["GET"]}}],"collection":[{"href":"https:\/\/ueberlebenskunst.at\/survivalshop\/wp-json\/wp\/v2\/product"}],"about":[{"href":"https:\/\/ueberlebenskunst.at\/survivalshop\/wp-json\/wp\/v2\/types\/product"}],"replies":[{"embeddable":true,"href":"https:\/\/ueberlebenskunst.at\/survivalshop\/wp-json\/wp\/v2\/comments?post=132657"}],"wp:featuredmedia":[{"embeddable":true,"href":"https:\/\/ueberlebenskunst.at\/survivalshop\/wp-json\/wp\/v2\/media\/132772"}],"wp:attachment":[{"href":"https:\/\/ueberlebenskunst.at\/survivalshop\/wp-json\/wp\/v2\/media?parent=132657"}],"wp:term":[{"taxonomy":"product_brand","embeddable":true,"href":"https:\/\/ueberlebenskunst.at\/survivalshop\/wp-json\/wp\/v2\/product_brand?post=132657"},{"taxonomy":"product_cat","embeddable":true,"href":"https:\/\/ueberlebenskunst.at\/survivalshop\/wp-json\/wp\/v2\/product_cat?post=132657"},{"taxonomy":"product_tag","embeddable":true,"href":"https:\/\/ueberlebenskunst.at\/survivalshop\/wp-json\/wp\/v2\/product_tag?post=132657"}],"curies":[{"name":"wp","href":"https:\/\/api.w.org\/{rel}","templated":true}]}}