{"id":1326,"date":"2014-06-17T12:17:29","date_gmt":"2014-06-17T10:17:29","guid":{"rendered":"https:\/\/ueberlebenskunst.at\/survivalshop\/survivalshop\/?post_type=product&#038;p=1326"},"modified":"2024-05-21T09:00:12","modified_gmt":"2024-05-21T07:00:12","slug":"faellkniven-dc4-schleifstein","status":"seo-produkt","type":"product","link":"https:\/\/ueberlebenskunst.at\/survivalshop\/shop\/faellkniven-dc4-schleifstein\/","title":{"rendered":"F\u00e4llkniven DC4 Schleifstein"},"content":{"rendered":"<h3>Warum kostet der F\u00e4llkniven DC4 Schleifstein mehr als andere Produkte?<\/h3>\n<p>Der DC4 bietet 2 unterschiedliche Schleifk\u00f6rnungen. Die goldene Seite ist eine 25 Mikron Diamantschleifplatte. Auf der R\u00fcckseite findest du einen sehr feinen Keramikschleifstein. Die Kombination macht den Unterschied. Mit dem goldenen Diamantschleifbereich kannst du deinem stumpfen Messer wieder eine scharfe Klinge verpassen.<br \/>\nHast du bei deinem Messer die Gebrauchssch\u00e4rfe verloren oder willst ein scharfes Messer scharf halten, dann ist die feine Keramikseite goldrichtig.<br \/>\nZudem kannst du mit dem DC4 jede Anschliffvariante anschleifen. Im Vergleich dazu ist beim Keramiksch\u00e4rfer oder anderen Produkten in dieser Kategorie nur der Flachschliff m\u00f6glich.<br \/>\nKlingen mit dem balligen Schliff sind nur mit Schleifsteinen wie dem DC4 nachzusch\u00e4rfen. Diese Vielseitigkeit kostet mehr als einfache Produkte.<\/p>\n<h3>Warum finde ich, dass der DC4 einer der besten Schleifprodukte am Markt ist?<\/h3>\n<p>Der F\u00e4llkniven DC4 Schleifstein ist leicht, kompakt und sehr leistungsstark. Daher ist der DC4 aktuell mein Lieblingsschleifstein, der mich auf meinen <a title=\"\u00dcberlebenstraining\" href=\"https:\/\/ueberlebenskunst.at\/survivalshop\/survival-training\/\" target=\"_blank\" rel=\"noopener noreferrer\">Survival Training<\/a> und Survival Camps begleitet.<\/p>\n<p>Der DC4 besteht aus 2 Elementen. Die eine Seite ist ein feiner Diamant-Stein mit einer Feinheit von 25 Mikron.<br \/>\nDie andere Seite besteht aus einem besonders feinen Keramikstein. Diese Kombination macht stark beanspruchte Klingen wieder scharf wie ein Rasiermesser.<\/p>\n<h3>F\u00fcr den Outdoor-Einsatz gemacht<\/h3>\n<p>Der schwedische Hersteller F\u00e4llkniven hat diesen Schleifstein f\u00fcr den Outdoor Einsatz entwickelt und gebaut.<br \/>\nMit den Abmessungen 3,2 x 10 cm passt der DC4 in jede Tasche und jedes Survival Kit.<br \/>\nDie Ma\u00dfe sind meiner Meinung nach das ideal Mittelma\u00df zwischen kompaktem Design und einer Arbeitsfl\u00e4che, die gro\u00df genug f\u00fcr das Sch\u00e4rfen bleibt. Zum Beispiel ist der kleine Bruder F\u00e4llkniven DC3 zum praktischen Arbeiten zu klein.<\/p>\n<h3>Produktbeschreibung im Detail:<\/h3>\n<ul>\n<li>Abmessungen: 3,2 x 10 cm<\/li>\n<li>Gewicht: ca. 100 Gramm<\/li>\n<li>Lieferumfang: Schleifstein inkl. Lederetui und Sch\u00e4rfanleitung von F\u00e4llkniven<\/li>\n<\/ul>\n","protected":false},"excerpt":{"rendered":"<p>Nur ein scharfes Messer ist ein sicheres Messer. Mit dem DC4 Schleifstein kannst Du auch in der Natur und unterwegs Dein Messer scharf halten.<\/p>\n","protected":false},"featured_media":1327,"comment_status":"open","ping_status":"closed","template":"","meta":{"_acf_changed":false},"product_brand":[],"product_cat":[1047,1100],"product_tag":[133,271],"class_list":{"0":"post-1326","1":"product","2":"type-product","3":"status-seo-produkt","4":"has-post-thumbnail","6":"product_cat-messer-tools","7":"product_cat-schaerfegeraete","8":"product_tag-faellkniven","9":"product_tag-faellkniven-schaerfprodukte","11":"first","12":"outofstock","13":"taxable","14":"shipping-taxable","15":"product-type-simple"},"acf":[],"yoast_head":"<!-- This site is optimized with the Yoast SEO plugin v27.1.1 - https:\/\/yoast.com\/product\/yoast-seo-wordpress\/ -->\n<title>F\u00e4llkniven DC4 Schleifstein - Reini Rossmann - Survival Shop<\/title>\n<meta name=\"robots\" content=\"index, follow, max-snippet:-1, max-image-preview:large, max-video-preview:-1\" \/>\n<link rel=\"canonical\" href=\"https:\/\/ueberlebenskunst.at\/survivalshop\/shop\/faellkniven-dc4-schleifstein\/\" \/>\n<meta property=\"og:locale\" content=\"de_DE\" \/>\n<meta property=\"og:type\" content=\"article\" \/>\n<meta property=\"og:title\" content=\"F\u00e4llkniven DC4 Schleifstein - Reini Rossmann - Survival Shop\" \/>\n<meta property=\"og:description\" content=\"Nur ein scharfes Messer ist ein sicheres Messer. Mit dem DC4 Schleifstein kannst Du auch in der Natur und unterwegs Dein Messer scharf halten.\" \/>\n<meta property=\"og:url\" content=\"https:\/\/ueberlebenskunst.at\/survivalshop\/shop\/faellkniven-dc4-schleifstein\/\" \/>\n<meta property=\"og:site_name\" content=\"Reini Rossmann - Survival Shop\" \/>\n<meta property=\"article:publisher\" content=\"https:\/\/www.facebook.com\/survival24.org\/\" \/>\n<meta property=\"article:modified_time\" content=\"2024-05-21T07:00:12+00:00\" \/>\n<meta property=\"og:image\" content=\"https:\/\/ueberlebenskunst.at\/survivalshop\/wp-content\/uploads\/2014\/06\/F\u00e4llkniven-DC4-Schleifstein.jpg\" \/>\n\t<meta property=\"og:image:width\" content=\"1000\" \/>\n\t<meta property=\"og:image:height\" content=\"1000\" \/>\n\t<meta property=\"og:image:type\" content=\"image\/jpeg\" \/>\n<meta name=\"twitter:card\" content=\"summary_large_image\" \/>\n<meta name=\"twitter:label1\" content=\"Gesch\u00e4tzte Lesezeit\" \/>\n\t<meta name=\"twitter:data1\" content=\"2\u00a0Minuten\" \/>\n<script type=\"application\/ld+json\" class=\"yoast-schema-graph\">{\"@context\":\"https:\/\/schema.org\",\"@graph\":[{\"@type\":\"WebPage\",\"@id\":\"https:\/\/ueberlebenskunst.at\/survivalshop\/shop\/faellkniven-dc4-schleifstein\/\",\"url\":\"https:\/\/ueberlebenskunst.at\/survivalshop\/shop\/faellkniven-dc4-schleifstein\/\",\"name\":\"F\u00e4llkniven DC4 Schleifstein - Reini Rossmann - Survival Shop\",\"isPartOf\":{\"@id\":\"https:\/\/ueberlebenskunst.at\/survivalshop\/#website\"},\"primaryImageOfPage\":{\"@id\":\"https:\/\/ueberlebenskunst.at\/survivalshop\/shop\/faellkniven-dc4-schleifstein\/#primaryimage\"},\"image\":{\"@id\":\"https:\/\/ueberlebenskunst.at\/survivalshop\/shop\/faellkniven-dc4-schleifstein\/#primaryimage\"},\"thumbnailUrl\":\"https:\/\/ueberlebenskunst.at\/survivalshop\/wp-content\/uploads\/2014\/06\/F\u00e4llkniven-DC4-Schleifstein.jpg\",\"datePublished\":\"2014-06-17T10:17:29+00:00\",\"dateModified\":\"2024-05-21T07:00:12+00:00\",\"breadcrumb\":{\"@id\":\"https:\/\/ueberlebenskunst.at\/survivalshop\/shop\/faellkniven-dc4-schleifstein\/#breadcrumb\"},\"inLanguage\":\"de\",\"potentialAction\":[{\"@type\":\"ReadAction\",\"target\":[\"https:\/\/ueberlebenskunst.at\/survivalshop\/shop\/faellkniven-dc4-schleifstein\/\"]}]},{\"@type\":\"ImageObject\",\"inLanguage\":\"de\",\"@id\":\"https:\/\/ueberlebenskunst.at\/survivalshop\/shop\/faellkniven-dc4-schleifstein\/#primaryimage\",\"url\":\"https:\/\/ueberlebenskunst.at\/survivalshop\/wp-content\/uploads\/2014\/06\/F\u00e4llkniven-DC4-Schleifstein.jpg\",\"contentUrl\":\"https:\/\/ueberlebenskunst.at\/survivalshop\/wp-content\/uploads\/2014\/06\/F\u00e4llkniven-DC4-Schleifstein.jpg\",\"width\":1000,\"height\":1000},{\"@type\":\"BreadcrumbList\",\"@id\":\"https:\/\/ueberlebenskunst.at\/survivalshop\/shop\/faellkniven-dc4-schleifstein\/#breadcrumb\",\"itemListElement\":[{\"@type\":\"ListItem\",\"position\":1,\"name\":\"Startseite\",\"item\":\"https:\/\/ueberlebenskunst.at\/survivalshop\/\"},{\"@type\":\"ListItem\",\"position\":2,\"name\":\"Shop\",\"item\":\"https:\/\/ueberlebenskunst.at\/survivalshop\/shop\/\"},{\"@type\":\"ListItem\",\"position\":3,\"name\":\"F\u00e4llkniven DC4 Schleifstein\"}]},{\"@type\":\"WebSite\",\"@id\":\"https:\/\/ueberlebenskunst.at\/survivalshop\/#website\",\"url\":\"https:\/\/ueberlebenskunst.at\/survivalshop\/\",\"name\":\"Reini Rossmann - Survival Shop\",\"description\":\"Survival Shop f\u00fcr Survival, Bushcraft und Prepper\",\"potentialAction\":[{\"@type\":\"SearchAction\",\"target\":{\"@type\":\"EntryPoint\",\"urlTemplate\":\"https:\/\/ueberlebenskunst.at\/survivalshop\/?s={search_term_string}\"},\"query-input\":{\"@type\":\"PropertyValueSpecification\",\"valueRequired\":true,\"valueName\":\"search_term_string\"}}],\"inLanguage\":\"de\"}]}<\/script>\n<!-- \/ Yoast SEO plugin. -->","yoast_head_json":{"title":"F\u00e4llkniven DC4 Schleifstein - Reini Rossmann - Survival Shop","robots":{"index":"index","follow":"follow","max-snippet":"max-snippet:-1","max-image-preview":"max-image-preview:large","max-video-preview":"max-video-preview:-1"},"canonical":"https:\/\/ueberlebenskunst.at\/survivalshop\/shop\/faellkniven-dc4-schleifstein\/","og_locale":"de_DE","og_type":"article","og_title":"F\u00e4llkniven DC4 Schleifstein - Reini Rossmann - Survival Shop","og_description":"Nur ein scharfes Messer ist ein sicheres Messer. Mit dem DC4 Schleifstein kannst Du auch in der Natur und unterwegs Dein Messer scharf halten.","og_url":"https:\/\/ueberlebenskunst.at\/survivalshop\/shop\/faellkniven-dc4-schleifstein\/","og_site_name":"Reini Rossmann - Survival Shop","article_publisher":"https:\/\/www.facebook.com\/survival24.org\/","article_modified_time":"2024-05-21T07:00:12+00:00","og_image":[{"width":1000,"height":1000,"url":"https:\/\/ueberlebenskunst.at\/survivalshop\/wp-content\/uploads\/2014\/06\/F\u00e4llkniven-DC4-Schleifstein.jpg","type":"image\/jpeg"}],"twitter_card":"summary_large_image","twitter_misc":{"Gesch\u00e4tzte Lesezeit":"2\u00a0Minuten"},"schema":{"@context":"https:\/\/schema.org","@graph":[{"@type":"WebPage","@id":"https:\/\/ueberlebenskunst.at\/survivalshop\/shop\/faellkniven-dc4-schleifstein\/","url":"https:\/\/ueberlebenskunst.at\/survivalshop\/shop\/faellkniven-dc4-schleifstein\/","name":"F\u00e4llkniven DC4 Schleifstein - Reini Rossmann - Survival Shop","isPartOf":{"@id":"https:\/\/ueberlebenskunst.at\/survivalshop\/#website"},"primaryImageOfPage":{"@id":"https:\/\/ueberlebenskunst.at\/survivalshop\/shop\/faellkniven-dc4-schleifstein\/#primaryimage"},"image":{"@id":"https:\/\/ueberlebenskunst.at\/survivalshop\/shop\/faellkniven-dc4-schleifstein\/#primaryimage"},"thumbnailUrl":"https:\/\/ueberlebenskunst.at\/survivalshop\/wp-content\/uploads\/2014\/06\/F\u00e4llkniven-DC4-Schleifstein.jpg","datePublished":"2014-06-17T10:17:29+00:00","dateModified":"2024-05-21T07:00:12+00:00","breadcrumb":{"@id":"https:\/\/ueberlebenskunst.at\/survivalshop\/shop\/faellkniven-dc4-schleifstein\/#breadcrumb"},"inLanguage":"de","potentialAction":[{"@type":"ReadAction","target":["https:\/\/ueberlebenskunst.at\/survivalshop\/shop\/faellkniven-dc4-schleifstein\/"]}]},{"@type":"ImageObject","inLanguage":"de","@id":"https:\/\/ueberlebenskunst.at\/survivalshop\/shop\/faellkniven-dc4-schleifstein\/#primaryimage","url":"https:\/\/ueberlebenskunst.at\/survivalshop\/wp-content\/uploads\/2014\/06\/F\u00e4llkniven-DC4-Schleifstein.jpg","contentUrl":"https:\/\/ueberlebenskunst.at\/survivalshop\/wp-content\/uploads\/2014\/06\/F\u00e4llkniven-DC4-Schleifstein.jpg","width":1000,"height":1000},{"@type":"BreadcrumbList","@id":"https:\/\/ueberlebenskunst.at\/survivalshop\/shop\/faellkniven-dc4-schleifstein\/#breadcrumb","itemListElement":[{"@type":"ListItem","position":1,"name":"Startseite","item":"https:\/\/ueberlebenskunst.at\/survivalshop\/"},{"@type":"ListItem","position":2,"name":"Shop","item":"https:\/\/ueberlebenskunst.at\/survivalshop\/shop\/"},{"@type":"ListItem","position":3,"name":"F\u00e4llkniven DC4 Schleifstein"}]},{"@type":"WebSite","@id":"https:\/\/ueberlebenskunst.at\/survivalshop\/#website","url":"https:\/\/ueberlebenskunst.at\/survivalshop\/","name":"Reini Rossmann - Survival Shop","description":"Survival Shop f\u00fcr Survival, Bushcraft und Prepper","potentialAction":[{"@type":"SearchAction","target":{"@type":"EntryPoint","urlTemplate":"https:\/\/ueberlebenskunst.at\/survivalshop\/?s={search_term_string}"},"query-input":{"@type":"PropertyValueSpecification","valueRequired":true,"valueName":"search_term_string"}}],"inLanguage":"de"}]}},"_links":{"self":[{"href":"https:\/\/ueberlebenskunst.at\/survivalshop\/wp-json\/wp\/v2\/product\/1326","targetHints":{"allow":["GET"]}}],"collection":[{"href":"https:\/\/ueberlebenskunst.at\/survivalshop\/wp-json\/wp\/v2\/product"}],"about":[{"href":"https:\/\/ueberlebenskunst.at\/survivalshop\/wp-json\/wp\/v2\/types\/product"}],"replies":[{"embeddable":true,"href":"https:\/\/ueberlebenskunst.at\/survivalshop\/wp-json\/wp\/v2\/comments?post=1326"}],"wp:featuredmedia":[{"embeddable":true,"href":"https:\/\/ueberlebenskunst.at\/survivalshop\/wp-json\/wp\/v2\/media\/1327"}],"wp:attachment":[{"href":"https:\/\/ueberlebenskunst.at\/survivalshop\/wp-json\/wp\/v2\/media?parent=1326"}],"wp:term":[{"taxonomy":"product_brand","embeddable":true,"href":"https:\/\/ueberlebenskunst.at\/survivalshop\/wp-json\/wp\/v2\/product_brand?post=1326"},{"taxonomy":"product_cat","embeddable":true,"href":"https:\/\/ueberlebenskunst.at\/survivalshop\/wp-json\/wp\/v2\/product_cat?post=1326"},{"taxonomy":"product_tag","embeddable":true,"href":"https:\/\/ueberlebenskunst.at\/survivalshop\/wp-json\/wp\/v2\/product_tag?post=1326"}],"curies":[{"name":"wp","href":"https:\/\/api.w.org\/{rel}","templated":true}]}}