{"id":130635,"date":"2023-03-17T14:14:06","date_gmt":"2023-03-17T13:14:06","guid":{"rendered":"https:\/\/ueberlebenskunst.at\/survivalshop\/?post_type=product&#038;p=130635"},"modified":"2025-12-10T14:09:33","modified_gmt":"2025-12-10T13:09:33","slug":"knives4-scheide-fuer-handyman-mit-k4-lampe-mini","status":"publish","type":"product","link":"https:\/\/ueberlebenskunst.at\/survivalshop\/shop\/knives4-scheide-fuer-handyman-mit-k4-lampe-mini\/","title":{"rendered":"K4 Scheide f\u00fcr Victorinox Handyman mit K4 Lampe Mini"},"content":{"rendered":"<h3><strong>Produktdaten:<\/strong><\/h3>\n<ul>\n<li>Gewicht: 37 g<\/li>\n<li>Abmessungen: 41 x 71 x 78 mm<\/li>\n<\/ul>\n<h3><strong>Passt auf:<\/strong><\/h3>\n<ul>\n<li>Kydexscheiden mit 4 mm St\u00e4rke<\/li>\n<li>G\u00fcrtel mit Breite von max. 50 mm<\/li>\n<\/ul>\n<h3><strong>Passendes Zubeh\u00f6r:<\/strong><\/h3>\n<ul>\n<li>Molle G\u00fcrtel<\/li>\n<\/ul>\n<h3><strong>Lieferumfang:<\/strong><\/h3>\n<ul>\n<li>G\u00fcrtelscheide<\/li>\n<li>K4 Lampe Mini<\/li>\n<\/ul>\n<h3><strong>Produktdetails zur K4 EDC Lampe:<\/strong><\/h3>\n<p>Batterie: AAA (nicht im Lieferumfang enthalten)<br \/>\nAbmessungen: 67 x 15 mm<br \/>\n4Modus: (180 Lumen \/ 12 Lumen\/ 0,04 Lumen\/ Strobe mit 180 Lumen)<br \/>\nLeuchtdauer: bis zu 30 Min. bei 180 Lumen \/ 6h bei 12 Lumen<\/p>\n<h3><strong>Bedienungs- &amp; Pflegeanleitung:<\/strong><\/h3>\n<ul>\n<li>Die Reinigung mit Wasser und Seife ist m\u00f6glich.<\/li>\n<li>Du solltest die Steckscheide nicht direkt in die N\u00e4he von Feuer oder anderen Hitzequellen legen!<\/li>\n<li>Wird deine Steckscheide \u00fcber l\u00e4ngere Zeit sehr kalten Temperaturen unter 0 \u00b0C ausgesetzt, solltest du<br \/>\nin dem Moment darauf achten, dass keine starken Belastungen darauf einwirken.<\/li>\n<\/ul>\n<p>Unsere Produkte sind nicht f\u00fcr Kinder unter 3 Jahren geeignet. Es besteht Verschluckungsgefahr.<\/p>\n<p><a href=\"https:\/\/ueberlebenskunst.at\/survivalshop\/wp-content\/uploads\/2021\/11\/Logo_Kinder.png\"><img decoding=\"async\" class=\"alignnone size-medium wp-image-179571\" src=\"https:\/\/ueberlebenskunst.at\/survivalshop\/wp-content\/uploads\/2021\/11\/Logo_Kinder-300x126.png\" alt=\"\" width=\"300\" height=\"126\" srcset=\"https:\/\/ueberlebenskunst.at\/survivalshop\/wp-content\/uploads\/2021\/11\/Logo_Kinder-300x126.png 300w, https:\/\/ueberlebenskunst.at\/survivalshop\/wp-content\/uploads\/2021\/11\/Logo_Kinder-64x27.png 64w, https:\/\/ueberlebenskunst.at\/survivalshop\/wp-content\/uploads\/2021\/11\/Logo_Kinder.png 401w\" sizes=\"(max-width: 300px) 100vw, 300px\" \/><\/a><\/p>\n<p><span style=\"color: #99cc00;\">Du willst das Produkt in einer anderen Farbe? Schick uns eine E-Mail an shop@ueberlebenskunst.at und wir pr\u00fcfen, ob dein Farbwunsch\u00a0m\u00f6glich\u00a0ist.<\/span><\/p>\n","protected":false},"excerpt":{"rendered":"<p>Produktdaten: Gewicht: 37 g Abmessungen: 41 x 71 x 78 mm Passt auf: Kydexscheiden mit 4 mm St\u00e4rke G\u00fcrtel mit Breite von max. 50 mm Passendes Zubeh\u00f6r: Molle G\u00fcrtel Lieferumfang: G\u00fcrtelscheide K4 Lampe Mini Produktdetails zur K4 EDC Lampe: Batterie: AAA (nicht im Lieferumfang enthalten) Abmessungen: 67 x 15 mm 4Modus: (180 Lumen \/ 12 [&hellip;]<\/p>\n","protected":false},"featured_media":137281,"comment_status":"open","ping_status":"closed","template":"","meta":{"_acf_changed":false},"product_brand":[],"product_cat":[1945],"product_tag":[1418,1456,1596,1256,1255,1147],"class_list":{"0":"post-130635","1":"product","2":"type-product","3":"status-publish","4":"has-post-thumbnail","6":"product_cat-survivalausruestung","7":"product_tag-guertelscheide","8":"product_tag-handyman","9":"product_tag-holster4handyman","10":"product_tag-k4","11":"product_tag-knives4","12":"product_tag-victorinox","14":"first","15":"instock","16":"taxable","17":"shipping-taxable","18":"purchasable","19":"product-type-simple"},"acf":[],"yoast_head":"<!-- This site is optimized with the Yoast SEO plugin v27.1.1 - https:\/\/yoast.com\/product\/yoast-seo-wordpress\/ -->\n<title>K4 Scheide f\u00fcr Victorinox Handyman mit K4 Lampe Mini - Reini Rossmann - Survival Shop<\/title>\n<meta name=\"robots\" content=\"index, follow, max-snippet:-1, max-image-preview:large, max-video-preview:-1\" \/>\n<link rel=\"canonical\" href=\"https:\/\/ueberlebenskunst.at\/survivalshop\/shop\/knives4-scheide-fuer-handyman-mit-k4-lampe-mini\/\" \/>\n<meta property=\"og:locale\" content=\"de_DE\" \/>\n<meta property=\"og:type\" content=\"article\" \/>\n<meta property=\"og:title\" content=\"K4 Scheide f\u00fcr Victorinox Handyman mit K4 Lampe Mini - Reini Rossmann - Survival Shop\" \/>\n<meta property=\"og:description\" content=\"Produktdaten: Gewicht: 37 g Abmessungen: 41 x 71 x 78 mm Passt auf: Kydexscheiden mit 4 mm St\u00e4rke G\u00fcrtel mit Breite von max. 50 mm Passendes Zubeh\u00f6r: Molle G\u00fcrtel Lieferumfang: G\u00fcrtelscheide K4 Lampe Mini Produktdetails zur K4 EDC Lampe: Batterie: AAA (nicht im Lieferumfang enthalten) Abmessungen: 67 x 15 mm 4Modus: (180 Lumen \/ 12 [&hellip;]\" \/>\n<meta property=\"og:url\" content=\"https:\/\/ueberlebenskunst.at\/survivalshop\/shop\/knives4-scheide-fuer-handyman-mit-k4-lampe-mini\/\" \/>\n<meta property=\"og:site_name\" content=\"Reini Rossmann - Survival Shop\" \/>\n<meta property=\"article:publisher\" content=\"https:\/\/www.facebook.com\/survival24.org\/\" \/>\n<meta property=\"article:modified_time\" content=\"2025-12-10T13:09:33+00:00\" \/>\n<meta property=\"og:image\" content=\"https:\/\/ueberlebenskunst.at\/survivalshop\/wp-content\/uploads\/2023\/03\/K4_Scheide_Handyman_EDC_Lampe_Mini_HY02_sk.jpg\" \/>\n\t<meta property=\"og:image:width\" content=\"400\" \/>\n\t<meta property=\"og:image:height\" content=\"400\" \/>\n\t<meta property=\"og:image:type\" content=\"image\/jpeg\" \/>\n<meta name=\"twitter:card\" content=\"summary_large_image\" \/>\n<meta name=\"twitter:label1\" content=\"Gesch\u00e4tzte Lesezeit\" \/>\n\t<meta name=\"twitter:data1\" content=\"2\u00a0Minuten\" \/>\n<script type=\"application\/ld+json\" class=\"yoast-schema-graph\">{\"@context\":\"https:\/\/schema.org\",\"@graph\":[{\"@type\":\"WebPage\",\"@id\":\"https:\/\/ueberlebenskunst.at\/survivalshop\/shop\/knives4-scheide-fuer-handyman-mit-k4-lampe-mini\/\",\"url\":\"https:\/\/ueberlebenskunst.at\/survivalshop\/shop\/knives4-scheide-fuer-handyman-mit-k4-lampe-mini\/\",\"name\":\"K4 Scheide f\u00fcr Victorinox Handyman mit K4 Lampe Mini - Reini Rossmann - Survival Shop\",\"isPartOf\":{\"@id\":\"https:\/\/ueberlebenskunst.at\/survivalshop\/#website\"},\"primaryImageOfPage\":{\"@id\":\"https:\/\/ueberlebenskunst.at\/survivalshop\/shop\/knives4-scheide-fuer-handyman-mit-k4-lampe-mini\/#primaryimage\"},\"image\":{\"@id\":\"https:\/\/ueberlebenskunst.at\/survivalshop\/shop\/knives4-scheide-fuer-handyman-mit-k4-lampe-mini\/#primaryimage\"},\"thumbnailUrl\":\"https:\/\/ueberlebenskunst.at\/survivalshop\/wp-content\/uploads\/2023\/03\/K4_Scheide_Handyman_EDC_Lampe_Mini_HY02_sk.jpg\",\"datePublished\":\"2023-03-17T13:14:06+00:00\",\"dateModified\":\"2025-12-10T13:09:33+00:00\",\"breadcrumb\":{\"@id\":\"https:\/\/ueberlebenskunst.at\/survivalshop\/shop\/knives4-scheide-fuer-handyman-mit-k4-lampe-mini\/#breadcrumb\"},\"inLanguage\":\"de\",\"potentialAction\":[{\"@type\":\"ReadAction\",\"target\":[\"https:\/\/ueberlebenskunst.at\/survivalshop\/shop\/knives4-scheide-fuer-handyman-mit-k4-lampe-mini\/\"]}]},{\"@type\":\"ImageObject\",\"inLanguage\":\"de\",\"@id\":\"https:\/\/ueberlebenskunst.at\/survivalshop\/shop\/knives4-scheide-fuer-handyman-mit-k4-lampe-mini\/#primaryimage\",\"url\":\"https:\/\/ueberlebenskunst.at\/survivalshop\/wp-content\/uploads\/2023\/03\/K4_Scheide_Handyman_EDC_Lampe_Mini_HY02_sk.jpg\",\"contentUrl\":\"https:\/\/ueberlebenskunst.at\/survivalshop\/wp-content\/uploads\/2023\/03\/K4_Scheide_Handyman_EDC_Lampe_Mini_HY02_sk.jpg\",\"width\":400,\"height\":400},{\"@type\":\"BreadcrumbList\",\"@id\":\"https:\/\/ueberlebenskunst.at\/survivalshop\/shop\/knives4-scheide-fuer-handyman-mit-k4-lampe-mini\/#breadcrumb\",\"itemListElement\":[{\"@type\":\"ListItem\",\"position\":1,\"name\":\"Startseite\",\"item\":\"https:\/\/ueberlebenskunst.at\/survivalshop\/\"},{\"@type\":\"ListItem\",\"position\":2,\"name\":\"Shop\",\"item\":\"https:\/\/ueberlebenskunst.at\/survivalshop\/shop\/\"},{\"@type\":\"ListItem\",\"position\":3,\"name\":\"K4 Scheide f\u00fcr Victorinox Handyman mit K4 Lampe Mini\"}]},{\"@type\":\"WebSite\",\"@id\":\"https:\/\/ueberlebenskunst.at\/survivalshop\/#website\",\"url\":\"https:\/\/ueberlebenskunst.at\/survivalshop\/\",\"name\":\"Reini Rossmann - Survival Shop\",\"description\":\"Survival Shop f\u00fcr Survival, Bushcraft und Prepper\",\"potentialAction\":[{\"@type\":\"SearchAction\",\"target\":{\"@type\":\"EntryPoint\",\"urlTemplate\":\"https:\/\/ueberlebenskunst.at\/survivalshop\/?s={search_term_string}\"},\"query-input\":{\"@type\":\"PropertyValueSpecification\",\"valueRequired\":true,\"valueName\":\"search_term_string\"}}],\"inLanguage\":\"de\"}]}<\/script>\n<!-- \/ Yoast SEO plugin. -->","yoast_head_json":{"title":"K4 Scheide f\u00fcr Victorinox Handyman mit K4 Lampe Mini - Reini Rossmann - Survival Shop","robots":{"index":"index","follow":"follow","max-snippet":"max-snippet:-1","max-image-preview":"max-image-preview:large","max-video-preview":"max-video-preview:-1"},"canonical":"https:\/\/ueberlebenskunst.at\/survivalshop\/shop\/knives4-scheide-fuer-handyman-mit-k4-lampe-mini\/","og_locale":"de_DE","og_type":"article","og_title":"K4 Scheide f\u00fcr Victorinox Handyman mit K4 Lampe Mini - Reini Rossmann - Survival Shop","og_description":"Produktdaten: Gewicht: 37 g Abmessungen: 41 x 71 x 78 mm Passt auf: Kydexscheiden mit 4 mm St\u00e4rke G\u00fcrtel mit Breite von max. 50 mm Passendes Zubeh\u00f6r: Molle G\u00fcrtel Lieferumfang: G\u00fcrtelscheide K4 Lampe Mini Produktdetails zur K4 EDC Lampe: Batterie: AAA (nicht im Lieferumfang enthalten) Abmessungen: 67 x 15 mm 4Modus: (180 Lumen \/ 12 [&hellip;]","og_url":"https:\/\/ueberlebenskunst.at\/survivalshop\/shop\/knives4-scheide-fuer-handyman-mit-k4-lampe-mini\/","og_site_name":"Reini Rossmann - Survival Shop","article_publisher":"https:\/\/www.facebook.com\/survival24.org\/","article_modified_time":"2025-12-10T13:09:33+00:00","og_image":[{"width":400,"height":400,"url":"https:\/\/ueberlebenskunst.at\/survivalshop\/wp-content\/uploads\/2023\/03\/K4_Scheide_Handyman_EDC_Lampe_Mini_HY02_sk.jpg","type":"image\/jpeg"}],"twitter_card":"summary_large_image","twitter_misc":{"Gesch\u00e4tzte Lesezeit":"2\u00a0Minuten"},"schema":{"@context":"https:\/\/schema.org","@graph":[{"@type":"WebPage","@id":"https:\/\/ueberlebenskunst.at\/survivalshop\/shop\/knives4-scheide-fuer-handyman-mit-k4-lampe-mini\/","url":"https:\/\/ueberlebenskunst.at\/survivalshop\/shop\/knives4-scheide-fuer-handyman-mit-k4-lampe-mini\/","name":"K4 Scheide f\u00fcr Victorinox Handyman mit K4 Lampe Mini - Reini Rossmann - Survival Shop","isPartOf":{"@id":"https:\/\/ueberlebenskunst.at\/survivalshop\/#website"},"primaryImageOfPage":{"@id":"https:\/\/ueberlebenskunst.at\/survivalshop\/shop\/knives4-scheide-fuer-handyman-mit-k4-lampe-mini\/#primaryimage"},"image":{"@id":"https:\/\/ueberlebenskunst.at\/survivalshop\/shop\/knives4-scheide-fuer-handyman-mit-k4-lampe-mini\/#primaryimage"},"thumbnailUrl":"https:\/\/ueberlebenskunst.at\/survivalshop\/wp-content\/uploads\/2023\/03\/K4_Scheide_Handyman_EDC_Lampe_Mini_HY02_sk.jpg","datePublished":"2023-03-17T13:14:06+00:00","dateModified":"2025-12-10T13:09:33+00:00","breadcrumb":{"@id":"https:\/\/ueberlebenskunst.at\/survivalshop\/shop\/knives4-scheide-fuer-handyman-mit-k4-lampe-mini\/#breadcrumb"},"inLanguage":"de","potentialAction":[{"@type":"ReadAction","target":["https:\/\/ueberlebenskunst.at\/survivalshop\/shop\/knives4-scheide-fuer-handyman-mit-k4-lampe-mini\/"]}]},{"@type":"ImageObject","inLanguage":"de","@id":"https:\/\/ueberlebenskunst.at\/survivalshop\/shop\/knives4-scheide-fuer-handyman-mit-k4-lampe-mini\/#primaryimage","url":"https:\/\/ueberlebenskunst.at\/survivalshop\/wp-content\/uploads\/2023\/03\/K4_Scheide_Handyman_EDC_Lampe_Mini_HY02_sk.jpg","contentUrl":"https:\/\/ueberlebenskunst.at\/survivalshop\/wp-content\/uploads\/2023\/03\/K4_Scheide_Handyman_EDC_Lampe_Mini_HY02_sk.jpg","width":400,"height":400},{"@type":"BreadcrumbList","@id":"https:\/\/ueberlebenskunst.at\/survivalshop\/shop\/knives4-scheide-fuer-handyman-mit-k4-lampe-mini\/#breadcrumb","itemListElement":[{"@type":"ListItem","position":1,"name":"Startseite","item":"https:\/\/ueberlebenskunst.at\/survivalshop\/"},{"@type":"ListItem","position":2,"name":"Shop","item":"https:\/\/ueberlebenskunst.at\/survivalshop\/shop\/"},{"@type":"ListItem","position":3,"name":"K4 Scheide f\u00fcr Victorinox Handyman mit K4 Lampe Mini"}]},{"@type":"WebSite","@id":"https:\/\/ueberlebenskunst.at\/survivalshop\/#website","url":"https:\/\/ueberlebenskunst.at\/survivalshop\/","name":"Reini Rossmann - Survival Shop","description":"Survival Shop f\u00fcr Survival, Bushcraft und Prepper","potentialAction":[{"@type":"SearchAction","target":{"@type":"EntryPoint","urlTemplate":"https:\/\/ueberlebenskunst.at\/survivalshop\/?s={search_term_string}"},"query-input":{"@type":"PropertyValueSpecification","valueRequired":true,"valueName":"search_term_string"}}],"inLanguage":"de"}]}},"_links":{"self":[{"href":"https:\/\/ueberlebenskunst.at\/survivalshop\/wp-json\/wp\/v2\/product\/130635","targetHints":{"allow":["GET"]}}],"collection":[{"href":"https:\/\/ueberlebenskunst.at\/survivalshop\/wp-json\/wp\/v2\/product"}],"about":[{"href":"https:\/\/ueberlebenskunst.at\/survivalshop\/wp-json\/wp\/v2\/types\/product"}],"replies":[{"embeddable":true,"href":"https:\/\/ueberlebenskunst.at\/survivalshop\/wp-json\/wp\/v2\/comments?post=130635"}],"wp:featuredmedia":[{"embeddable":true,"href":"https:\/\/ueberlebenskunst.at\/survivalshop\/wp-json\/wp\/v2\/media\/137281"}],"wp:attachment":[{"href":"https:\/\/ueberlebenskunst.at\/survivalshop\/wp-json\/wp\/v2\/media?parent=130635"}],"wp:term":[{"taxonomy":"product_brand","embeddable":true,"href":"https:\/\/ueberlebenskunst.at\/survivalshop\/wp-json\/wp\/v2\/product_brand?post=130635"},{"taxonomy":"product_cat","embeddable":true,"href":"https:\/\/ueberlebenskunst.at\/survivalshop\/wp-json\/wp\/v2\/product_cat?post=130635"},{"taxonomy":"product_tag","embeddable":true,"href":"https:\/\/ueberlebenskunst.at\/survivalshop\/wp-json\/wp\/v2\/product_tag?post=130635"}],"curies":[{"name":"wp","href":"https:\/\/api.w.org\/{rel}","templated":true}]}}