{"id":130617,"date":"2023-03-17T13:20:23","date_gmt":"2023-03-17T12:20:23","guid":{"rendered":"https:\/\/ueberlebenskunst.at\/survivalshop\/?post_type=product&#038;p=130617"},"modified":"2026-04-13T20:24:38","modified_gmt":"2026-04-13T18:24:38","slug":"ar-series-carbon-kriegspfeile","status":"publish","type":"product","link":"https:\/\/ueberlebenskunst.at\/survivalshop\/shop\/ar-series-carbon-kriegspfeile\/","title":{"rendered":"AR-Series Carbon-Kriegspfeile &#8211; 5 Stk. Set"},"content":{"rendered":"<p>In 2 Varianten erh\u00e4ltlich:<\/p>\n<h3>Leichte Carbon-Kriegspfeile<\/h3>\n<h3><strong>Produktdaten:<\/strong><\/h3>\n<ul>\n<li>Leichte Kriegspfeile f\u00fcr die AR-6 Stinger II und I<\/li>\n<li>Dimensionen: 6,2 x 162 mm<\/li>\n<li>Gewicht: 11,3 g \/ 174 grains<\/li>\n<li>Lieferumfang: 5 St\u00fcck<\/li>\n<\/ul>\n<p>Die leichten Kriegspfeile sind ideal f\u00fcr 35 und 55 lbs, sind aber wegen ihres hohen Gewichts auch gut bis 90 lbs geeignet. Sie verf\u00fcgen \u00fcber einen reinen Carbonschaft, eine im Schaft verklebte Klinge aus geh\u00e4rtetem Werkzeugstahl sowie eine Nocke aus hochwertigem Polymer.<\/p>\n<p>Achtung: Beachte die Jagdgesetze in deinem Land bzw. in deiner Region. Die Armbrustjagd ist in Europa gro\u00dfen Einschr\u00e4nkungen unterworfen!<\/p>\n<p>Die Kriegspfeile verf\u00fcgen, genau wie die Jagdpfeile, \u00fcber eine Klinge. Anders als bei unseren Jagdpfeilen sind diese Spitzen jedoch historischen Pfeilspitzen nachempfunden. Die Bezeichnung \u201eKriegspfeile\u201c kommt daher, dass exakt solche Spitzen in der Vergangenheit im Krieg benutzt wurden. Sie sind deutlich robuster als Jagdpfeile und haben durch die schwere, geschmiedete und geh\u00e4rtete Spitze eine viel gr\u00f6\u00dfere Durchdringungsf\u00e4higkeit von harten Hindernissen (bzw. im historischen Kontext von Metallr\u00fcstungen) als die empfindlicheren Jagdpfeile. Dadurch lassen sich diese Pfeile h\u00e4ufiger auch wiederverwenden und sind nicht so anf\u00e4llig f\u00fcr Besch\u00e4digungen. Im Gegenzug sind diese Pfeile nicht im Ansatz so scharf geschliffen wie unsere Jagdpfeile und lassen sich, aufgrund der Klingengeometrie, auch niemals so scharf anschleifen. Wenn die Robustheit der Pfeile im Vordergrund steht, sind unsere Kriegspfeile die erste Wahl.<\/p>\n<p>Achtung: Diese Pfeile, auch wenn die Klinge weit weniger scharf ist, schneiden sich mit Leichtigkeit durch Leder, Haut und Gewebe und verursachen stark blutende Wunden. Ein einzelner Treffer mit einem solchen Pfeil kann leicht zu lebensgef\u00e4hrlichen Verletzungen f\u00fchren, daher ist beim Umgang mit diesen Pfeilen besondere Vorsicht geboten.<\/p>\n<p>&nbsp;<\/p>\n<h3>Schwere Carbon-Kriegspfeile<\/h3>\n<h3><strong>Produktdaten:<\/strong><\/h3>\n<ul>\n<li>Schwere Kriegspfeile f\u00fcr die AR-6 Stinger II und I<\/li>\n<li>Dimensionen: 6,2 x 162 mm<\/li>\n<li>Gewicht: 16 g \/ 247 grains<\/li>\n<li>Lieferumfang: 5 St\u00fcck<\/li>\n<\/ul>\n<p>Die schweren Kriegspfeile (erkennbar an dem zus\u00e4tzlichen Edelstahlring) sind f\u00fcr die st\u00e4rkeren Wurfarme entwickelt (90 bis 150 lbs). Sie verf\u00fcgen \u00fcber eine hochwertige Aluminiumnocke und haben einen Carbon\/Aluminium Hybridschaft, d.h. im Inneren des Carbonschafts befindet sich noch ein zus\u00e4tzlicher Aluminiumschaft. Diese aufwendige Konstruktion ist f\u00fcr die hervorragenden Flugeigenschaften verantwortlich und f\u00fchrt zu extrem robusten Pfeilen. Mit knapp \u00fcber 16 Gramm sind diese Pfeile extrem schwer. Damit verf\u00fcgen sie \u00fcber einen besonders hohen Impuls beim Auftreffen auf das Ziel und erzielen eine hohe Energieausbeute aus dem Wurfarm. Dieser Impuls, in Kombination mit der scharfen Klinge, macht diese Pfeile sehr wirkungsvoll und extrem gef\u00e4hrlich.<\/p>\n<p>Achtung: Beachte die Jagdgesetze in deinem Land bzw. in deiner Region. Die Armbrustjagd ist in Europa gro\u00dfen Einschr\u00e4nkungen unterworfen!<\/p>\n<p>Die Kriegspfeile verf\u00fcgen, genau wie die Jagdpfeile, \u00fcber eine Klinge. Anders als bei unseren Jagdpfeilen sind diese Spitzen jedoch historischen Pfeilspitzen nachempfunden. Die Bezeichnung \u201eKriegspfeile\u201c kommt daher, dass exakt solche Spitzen in der Vergangenheit im Krieg benutzt wurden. Sie sind deutlich robuster als Jagdpfeile und haben durch die schwere, geschmiedete und geh\u00e4rtete Spitze eine viel gr\u00f6\u00dfere Durchdringungsf\u00e4higkeit von harten Hindernissen (bzw. im historischen Kontext von Metallr\u00fcstungen) als die empfindlicheren Jagdpfeile. Dadurch lassen sich diese Pfeile h\u00e4ufiger auch wiederverwenden und sind nicht so anf\u00e4llig f\u00fcr Besch\u00e4digungen. Im Gegenzug sind diese Pfeile nicht im Ansatz so scharf geschliffen wie unsere Jagdpfeile und lassen sich, aufgrund der Klingengeometrie, auch niemals so scharf anschleifen. Wenn die Robustheit der Pfeile im Vordergrund steht, sind unsere Kriegspfeile die erste Wahl.<\/p>\n<p>Achtung: Diese Pfeile, auch wenn die Klinge weit weniger scharf ist, schneiden sich mit Leichtigkeit durch Leder, Haut und Gewebe und verursachen stark blutende Wunden. Ein einzelner Treffer mit einem solchen Pfeil kann leicht zu lebensgef\u00e4hrlichen Verletzungen f\u00fchren, daher ist beim Umgang mit diesen Pfeilen besondere Vorsicht geboten.<\/p>\n","protected":false},"excerpt":{"rendered":"<p>In 2 Varianten erh\u00e4ltlich: Leichte Carbon-Kriegspfeile Produktdaten: Leichte Kriegspfeile f\u00fcr die AR-6 Stinger II und I Dimensionen: 6,2 x 162 mm Gewicht: 11,3 g \/ 174 grains Lieferumfang: 5 St\u00fcck Die leichten Kriegspfeile sind ideal f\u00fcr 35 und 55 lbs, sind aber wegen ihres hohen Gewichts auch gut bis 90 lbs geeignet. Sie verf\u00fcgen \u00fcber [&hellip;]<\/p>\n","protected":false},"featured_media":130660,"comment_status":"open","ping_status":"closed","template":"","meta":{"_acf_changed":false},"product_brand":[],"product_cat":[1919],"product_tag":[1453,1454,1459,826],"class_list":{"0":"post-130617","1":"product","2":"type-product","3":"status-publish","4":"has-post-thumbnail","6":"product_cat-steambow-pfeile-bolzen","7":"product_tag-carbonpfeile","8":"product_tag-kriegspfeile","9":"product_tag-steambow-carbon-bolzen","10":"product_tag-steambow-stinger","11":"pa_platform-leichte-kriegspfeile","12":"pa_platform-schwere-kriegspfeile","14":"first","15":"instock","16":"taxable","17":"shipping-taxable","18":"purchasable","19":"product-type-variable"},"acf":[],"yoast_head":"<!-- This site is optimized with the Yoast SEO plugin v27.1.1 - https:\/\/yoast.com\/product\/yoast-seo-wordpress\/ -->\n<title>AR-Series Carbon-Kriegspfeile - 5 Stk. Set<\/title>\n<meta name=\"robots\" content=\"index, follow, max-snippet:-1, max-image-preview:large, max-video-preview:-1\" \/>\n<link rel=\"canonical\" href=\"https:\/\/ueberlebenskunst.at\/survivalshop\/shop\/ar-series-carbon-kriegspfeile\/\" \/>\n<meta property=\"og:locale\" content=\"de_DE\" \/>\n<meta property=\"og:type\" content=\"article\" \/>\n<meta property=\"og:title\" content=\"AR-Series Carbon-Kriegspfeile - 5 Stk. Set\" \/>\n<meta property=\"og:description\" content=\"In 2 Varianten erh\u00e4ltlich: Leichte Carbon-Kriegspfeile Produktdaten: Leichte Kriegspfeile f\u00fcr die AR-6 Stinger II und I Dimensionen: 6,2 x 162 mm Gewicht: 11,3 g \/ 174 grains Lieferumfang: 5 St\u00fcck Die leichten Kriegspfeile sind ideal f\u00fcr 35 und 55 lbs, sind aber wegen ihres hohen Gewichts auch gut bis 90 lbs geeignet. Sie verf\u00fcgen \u00fcber [&hellip;]\" \/>\n<meta property=\"og:url\" content=\"https:\/\/ueberlebenskunst.at\/survivalshop\/shop\/ar-series-carbon-kriegspfeile\/\" \/>\n<meta property=\"og:site_name\" content=\"Reini Rossmann - Survival Shop\" \/>\n<meta property=\"article:publisher\" content=\"https:\/\/www.facebook.com\/survival24.org\/\" \/>\n<meta property=\"article:modified_time\" content=\"2026-04-13T18:24:38+00:00\" \/>\n<meta property=\"og:image\" content=\"https:\/\/ueberlebenskunst.at\/survivalshop\/wp-content\/uploads\/2023\/03\/leichteKriegspfeile.jpg\" \/>\n\t<meta property=\"og:image:width\" content=\"400\" \/>\n\t<meta property=\"og:image:height\" content=\"400\" \/>\n\t<meta property=\"og:image:type\" content=\"image\/jpeg\" \/>\n<meta name=\"twitter:card\" content=\"summary_large_image\" \/>\n<meta name=\"twitter:label1\" content=\"Gesch\u00e4tzte Lesezeit\" \/>\n\t<meta name=\"twitter:data1\" content=\"4\u00a0Minuten\" \/>\n<script type=\"application\/ld+json\" class=\"yoast-schema-graph\">{\"@context\":\"https:\/\/schema.org\",\"@graph\":[{\"@type\":\"WebPage\",\"@id\":\"https:\/\/ueberlebenskunst.at\/survivalshop\/shop\/ar-series-carbon-kriegspfeile\/\",\"url\":\"https:\/\/ueberlebenskunst.at\/survivalshop\/shop\/ar-series-carbon-kriegspfeile\/\",\"name\":\"AR-Series Carbon-Kriegspfeile - 5 Stk. Set\",\"isPartOf\":{\"@id\":\"https:\/\/ueberlebenskunst.at\/survivalshop\/#website\"},\"primaryImageOfPage\":{\"@id\":\"https:\/\/ueberlebenskunst.at\/survivalshop\/shop\/ar-series-carbon-kriegspfeile\/#primaryimage\"},\"image\":{\"@id\":\"https:\/\/ueberlebenskunst.at\/survivalshop\/shop\/ar-series-carbon-kriegspfeile\/#primaryimage\"},\"thumbnailUrl\":\"https:\/\/ueberlebenskunst.at\/survivalshop\/wp-content\/uploads\/2023\/03\/leichteKriegspfeile.jpg\",\"datePublished\":\"2023-03-17T12:20:23+00:00\",\"dateModified\":\"2026-04-13T18:24:38+00:00\",\"breadcrumb\":{\"@id\":\"https:\/\/ueberlebenskunst.at\/survivalshop\/shop\/ar-series-carbon-kriegspfeile\/#breadcrumb\"},\"inLanguage\":\"de\",\"potentialAction\":[{\"@type\":\"ReadAction\",\"target\":[\"https:\/\/ueberlebenskunst.at\/survivalshop\/shop\/ar-series-carbon-kriegspfeile\/\"]}]},{\"@type\":\"ImageObject\",\"inLanguage\":\"de\",\"@id\":\"https:\/\/ueberlebenskunst.at\/survivalshop\/shop\/ar-series-carbon-kriegspfeile\/#primaryimage\",\"url\":\"https:\/\/ueberlebenskunst.at\/survivalshop\/wp-content\/uploads\/2023\/03\/leichteKriegspfeile.jpg\",\"contentUrl\":\"https:\/\/ueberlebenskunst.at\/survivalshop\/wp-content\/uploads\/2023\/03\/leichteKriegspfeile.jpg\",\"width\":400,\"height\":400},{\"@type\":\"BreadcrumbList\",\"@id\":\"https:\/\/ueberlebenskunst.at\/survivalshop\/shop\/ar-series-carbon-kriegspfeile\/#breadcrumb\",\"itemListElement\":[{\"@type\":\"ListItem\",\"position\":1,\"name\":\"Startseite\",\"item\":\"https:\/\/ueberlebenskunst.at\/survivalshop\/\"},{\"@type\":\"ListItem\",\"position\":2,\"name\":\"Shop\",\"item\":\"https:\/\/ueberlebenskunst.at\/survivalshop\/shop\/\"},{\"@type\":\"ListItem\",\"position\":3,\"name\":\"AR-Series Carbon-Kriegspfeile &#8211; 5 Stk. Set\"}]},{\"@type\":\"WebSite\",\"@id\":\"https:\/\/ueberlebenskunst.at\/survivalshop\/#website\",\"url\":\"https:\/\/ueberlebenskunst.at\/survivalshop\/\",\"name\":\"Reini Rossmann - Survival Shop\",\"description\":\"Survival Shop f\u00fcr Survival, Bushcraft und Prepper\",\"potentialAction\":[{\"@type\":\"SearchAction\",\"target\":{\"@type\":\"EntryPoint\",\"urlTemplate\":\"https:\/\/ueberlebenskunst.at\/survivalshop\/?s={search_term_string}\"},\"query-input\":{\"@type\":\"PropertyValueSpecification\",\"valueRequired\":true,\"valueName\":\"search_term_string\"}}],\"inLanguage\":\"de\"}]}<\/script>\n<!-- \/ Yoast SEO plugin. -->","yoast_head_json":{"title":"AR-Series Carbon-Kriegspfeile - 5 Stk. Set","robots":{"index":"index","follow":"follow","max-snippet":"max-snippet:-1","max-image-preview":"max-image-preview:large","max-video-preview":"max-video-preview:-1"},"canonical":"https:\/\/ueberlebenskunst.at\/survivalshop\/shop\/ar-series-carbon-kriegspfeile\/","og_locale":"de_DE","og_type":"article","og_title":"AR-Series Carbon-Kriegspfeile - 5 Stk. Set","og_description":"In 2 Varianten erh\u00e4ltlich: Leichte Carbon-Kriegspfeile Produktdaten: Leichte Kriegspfeile f\u00fcr die AR-6 Stinger II und I Dimensionen: 6,2 x 162 mm Gewicht: 11,3 g \/ 174 grains Lieferumfang: 5 St\u00fcck Die leichten Kriegspfeile sind ideal f\u00fcr 35 und 55 lbs, sind aber wegen ihres hohen Gewichts auch gut bis 90 lbs geeignet. Sie verf\u00fcgen \u00fcber [&hellip;]","og_url":"https:\/\/ueberlebenskunst.at\/survivalshop\/shop\/ar-series-carbon-kriegspfeile\/","og_site_name":"Reini Rossmann - Survival Shop","article_publisher":"https:\/\/www.facebook.com\/survival24.org\/","article_modified_time":"2026-04-13T18:24:38+00:00","og_image":[{"width":400,"height":400,"url":"https:\/\/ueberlebenskunst.at\/survivalshop\/wp-content\/uploads\/2023\/03\/leichteKriegspfeile.jpg","type":"image\/jpeg"}],"twitter_card":"summary_large_image","twitter_misc":{"Gesch\u00e4tzte Lesezeit":"4\u00a0Minuten"},"schema":{"@context":"https:\/\/schema.org","@graph":[{"@type":"WebPage","@id":"https:\/\/ueberlebenskunst.at\/survivalshop\/shop\/ar-series-carbon-kriegspfeile\/","url":"https:\/\/ueberlebenskunst.at\/survivalshop\/shop\/ar-series-carbon-kriegspfeile\/","name":"AR-Series Carbon-Kriegspfeile - 5 Stk. Set","isPartOf":{"@id":"https:\/\/ueberlebenskunst.at\/survivalshop\/#website"},"primaryImageOfPage":{"@id":"https:\/\/ueberlebenskunst.at\/survivalshop\/shop\/ar-series-carbon-kriegspfeile\/#primaryimage"},"image":{"@id":"https:\/\/ueberlebenskunst.at\/survivalshop\/shop\/ar-series-carbon-kriegspfeile\/#primaryimage"},"thumbnailUrl":"https:\/\/ueberlebenskunst.at\/survivalshop\/wp-content\/uploads\/2023\/03\/leichteKriegspfeile.jpg","datePublished":"2023-03-17T12:20:23+00:00","dateModified":"2026-04-13T18:24:38+00:00","breadcrumb":{"@id":"https:\/\/ueberlebenskunst.at\/survivalshop\/shop\/ar-series-carbon-kriegspfeile\/#breadcrumb"},"inLanguage":"de","potentialAction":[{"@type":"ReadAction","target":["https:\/\/ueberlebenskunst.at\/survivalshop\/shop\/ar-series-carbon-kriegspfeile\/"]}]},{"@type":"ImageObject","inLanguage":"de","@id":"https:\/\/ueberlebenskunst.at\/survivalshop\/shop\/ar-series-carbon-kriegspfeile\/#primaryimage","url":"https:\/\/ueberlebenskunst.at\/survivalshop\/wp-content\/uploads\/2023\/03\/leichteKriegspfeile.jpg","contentUrl":"https:\/\/ueberlebenskunst.at\/survivalshop\/wp-content\/uploads\/2023\/03\/leichteKriegspfeile.jpg","width":400,"height":400},{"@type":"BreadcrumbList","@id":"https:\/\/ueberlebenskunst.at\/survivalshop\/shop\/ar-series-carbon-kriegspfeile\/#breadcrumb","itemListElement":[{"@type":"ListItem","position":1,"name":"Startseite","item":"https:\/\/ueberlebenskunst.at\/survivalshop\/"},{"@type":"ListItem","position":2,"name":"Shop","item":"https:\/\/ueberlebenskunst.at\/survivalshop\/shop\/"},{"@type":"ListItem","position":3,"name":"AR-Series Carbon-Kriegspfeile &#8211; 5 Stk. Set"}]},{"@type":"WebSite","@id":"https:\/\/ueberlebenskunst.at\/survivalshop\/#website","url":"https:\/\/ueberlebenskunst.at\/survivalshop\/","name":"Reini Rossmann - Survival Shop","description":"Survival Shop f\u00fcr Survival, Bushcraft und Prepper","potentialAction":[{"@type":"SearchAction","target":{"@type":"EntryPoint","urlTemplate":"https:\/\/ueberlebenskunst.at\/survivalshop\/?s={search_term_string}"},"query-input":{"@type":"PropertyValueSpecification","valueRequired":true,"valueName":"search_term_string"}}],"inLanguage":"de"}]}},"_links":{"self":[{"href":"https:\/\/ueberlebenskunst.at\/survivalshop\/wp-json\/wp\/v2\/product\/130617","targetHints":{"allow":["GET"]}}],"collection":[{"href":"https:\/\/ueberlebenskunst.at\/survivalshop\/wp-json\/wp\/v2\/product"}],"about":[{"href":"https:\/\/ueberlebenskunst.at\/survivalshop\/wp-json\/wp\/v2\/types\/product"}],"replies":[{"embeddable":true,"href":"https:\/\/ueberlebenskunst.at\/survivalshop\/wp-json\/wp\/v2\/comments?post=130617"}],"wp:featuredmedia":[{"embeddable":true,"href":"https:\/\/ueberlebenskunst.at\/survivalshop\/wp-json\/wp\/v2\/media\/130660"}],"wp:attachment":[{"href":"https:\/\/ueberlebenskunst.at\/survivalshop\/wp-json\/wp\/v2\/media?parent=130617"}],"wp:term":[{"taxonomy":"product_brand","embeddable":true,"href":"https:\/\/ueberlebenskunst.at\/survivalshop\/wp-json\/wp\/v2\/product_brand?post=130617"},{"taxonomy":"product_cat","embeddable":true,"href":"https:\/\/ueberlebenskunst.at\/survivalshop\/wp-json\/wp\/v2\/product_cat?post=130617"},{"taxonomy":"product_tag","embeddable":true,"href":"https:\/\/ueberlebenskunst.at\/survivalshop\/wp-json\/wp\/v2\/product_tag?post=130617"}],"curies":[{"name":"wp","href":"https:\/\/api.w.org\/{rel}","templated":true}]}}