{"id":130563,"date":"2023-03-17T09:39:26","date_gmt":"2023-03-17T08:39:26","guid":{"rendered":"https:\/\/ueberlebenskunst.at\/survivalshop\/?post_type=product&#038;p=130563"},"modified":"2026-05-09T19:43:36","modified_gmt":"2026-05-09T17:43:36","slug":"striker-mit-griff-fuer-den-letzten-feuerstahl-deines-lebens","status":"publish","type":"product","link":"https:\/\/ueberlebenskunst.at\/survivalshop\/shop\/striker-mit-griff-fuer-den-letzten-feuerstahl-deines-lebens\/","title":{"rendered":"Striker mit Griff f\u00fcr den letzten Feuerstahl deines Lebens"},"content":{"rendered":"<p>Bei diesem Produkt gibt es eine kleine Besonderheit: zus\u00e4tzlich zum Schaber (Striker) ist ein passgenauer Griff aufgesetzt. Diesen stellen wir in \u00d6sterreich in der Reini Rossmann Werkstatt her.<\/p>\n<p>Was ist der Sinn hinter diesem zus\u00e4tzlichen Griff? Er soll dir beim Feuermachen (Funken erzeugen) deutlich mehr Gripp geben und ist besonders in schwierigen Situationen wie Regen und bei kalten, nassen H\u00e4nden eine Hilfe, um ein Feuer entz\u00fcnden zu k\u00f6nnen. Im Lieferumfang ist ein Striker, der aufgesetzte Griff aus der Reini Rossmann Werkstatt und ein Flexi-Cord enthalten.<\/p>\n<p>Dieser Schaber ist nat\u00fcrlich auch mit unserem <a href=\"https:\/\/ueberlebenskunst.at\/survivalshop\/shop\/guertelhalter-fuer-xxl-feuerstahl-mit-griff-aus-der-rr-werkstatt\/\" target=\"_blank\" rel=\"noopener\">G\u00fcrtelhalter f\u00fcr den letzten Feuerstahl deines Lebens<\/a> kompatibel.<\/p>\n<p>Verf\u00fcgbare Variationen: Du kannst diesen Schaber f\u00fcr den Feuerstahl entweder mit schwarzer Kappe, in Survival Orange oder in Glow in the Dark bestellen. Die Vorteile liegen bei den unterschiedlichen Farben auf der Hand. W\u00e4hrend die schwarze Version unauff\u00e4llig und dezent ist, f\u00e4llt die Survival Orange Variante deutlich auf. Das hat den Vorteil, dass sie besonders bei \u00dcberlebens- und Extremsituationen am Waldboden oder in der Natur besser gefunden werden kann. Zus\u00e4tzlich bieten wir die Glow in the Dark Variante an, die dir die M\u00f6glichkeit gibt auch bei D\u00e4mmerung oder in der Nacht den Striker und damit deine gesamte Ausr\u00fcstung wieder zu finden. Wir wissen wer die Wahl hat, hat die Qual, aber jede Situation braucht ihre eigene L\u00f6sung. Und das haben wir uns in der Reini Rossmann Werkstatt als Ziel gesetzt.<\/p>\n<h3><strong>Produktdaten:<\/strong><\/h3>\n<ul>\n<li>Gewicht: 18 g<\/li>\n<li>Abmessungen: 6 x 23 x 78 mm<\/li>\n<li>Bohrung im Striker: 5,5 mm im Durchmesser<\/li>\n<\/ul>\n<h3><strong>Passt auf:<\/strong><\/h3>\n<ul>\n<li><a href=\"https:\/\/ueberlebenskunst.at\/survivalshop\/shop\/guertelhalter-fuer-xxl-feuerstahl-mit-griff-aus-der-rr-werkstatt\/\" target=\"_blank\" rel=\"noopener\">G\u00fcrtelhalter f\u00fcr XXL Feuerstahl<\/a><\/li>\n<\/ul>\n<h3><strong>Passendes, separat erh\u00e4ltliches Zubeh\u00f6r:<\/strong><\/h3>\n<ul>\n<li><a href=\"https:\/\/ueberlebenskunst.at\/survivalshop\/shop\/der-letzte-feuerstahl-deines-lebens\/\" target=\"_blank\" rel=\"noopener\">Der letzte Feuerstahl deines Lebens<\/a><\/li>\n<\/ul>\n<h3><strong>Lieferumfang:<\/strong><\/h3>\n<ul>\n<li>Striker mit Griff<\/li>\n<li>Elastisches Cord<\/li>\n<\/ul>\n<h3><strong>Bedienungs- &amp; Pflegeanleitung:<\/strong><\/h3>\n<ul>\n<li>Die Reinigung mit Wasser und Seife ist m\u00f6glich.<\/li>\n<li>Du solltest die Steckscheide nicht direkt in die N\u00e4he von Feuer oder anderen Hitzequellen legen!<\/li>\n<li>Wird deine Steckscheide \u00fcber l\u00e4ngere Zeit sehr kalten Temperaturen unter 0 \u00b0C ausgesetzt, solltest du<br \/>\nin dem Moment darauf achten, dass keine starken Belastungen darauf einwirken.<\/li>\n<\/ul>\n<p>Unsere Produkte sind nicht f\u00fcr Kinder unter 3 Jahren geeignet. Es besteht Verschluckungsgefahr.<\/p>\n<p><a href=\"https:\/\/ueberlebenskunst.at\/survivalshop\/wp-content\/uploads\/2021\/11\/Logo_Kinder.png\"><img decoding=\"async\" class=\"alignnone size-medium wp-image-179571\" src=\"https:\/\/ueberlebenskunst.at\/survivalshop\/wp-content\/uploads\/2021\/11\/Logo_Kinder-300x126.png\" alt=\"\" width=\"300\" height=\"126\" srcset=\"https:\/\/ueberlebenskunst.at\/survivalshop\/wp-content\/uploads\/2021\/11\/Logo_Kinder-300x126.png 300w, https:\/\/ueberlebenskunst.at\/survivalshop\/wp-content\/uploads\/2021\/11\/Logo_Kinder-64x27.png 64w, https:\/\/ueberlebenskunst.at\/survivalshop\/wp-content\/uploads\/2021\/11\/Logo_Kinder.png 401w\" sizes=\"(max-width: 300px) 100vw, 300px\" \/><\/a><\/p>\n","protected":false},"excerpt":{"rendered":"<p>Bei diesem Produkt gibt es eine kleine Besonderheit: zus\u00e4tzlich zum Schaber (Striker) ist ein passgenauer Griff aufgesetzt. Diesen stellen wir in \u00d6sterreich in der Reini Rossmann Werkstatt her. Was ist der Sinn hinter diesem zus\u00e4tzlichen Griff? Er soll dir beim Feuermachen (Funken erzeugen) deutlich mehr Gripp geben und ist besonders in schwierigen Situationen wie Regen [&hellip;]<\/p>\n","protected":false},"featured_media":146059,"comment_status":"open","ping_status":"closed","template":"","meta":{"_acf_changed":false},"product_brand":[],"product_cat":[1101,1945],"product_tag":[236,2135,2051,1441],"class_list":{"0":"post-130563","1":"product","2":"type-product","3":"status-publish","4":"has-post-thumbnail","6":"product_cat-ausruestung","7":"product_cat-survivalausruestung","8":"product_tag-feuerstahl","9":"product_tag-glow-in-the-dark","10":"product_tag-schluesselbund-edc","11":"product_tag-striker","12":"pa_farbe-glow-in-the-dark","13":"pa_farbe-schwarz","14":"pa_farbe-survival-orange","16":"first","17":"instock","18":"taxable","19":"shipping-taxable","20":"purchasable","21":"product-type-variable","22":"has-default-attributes"},"acf":[],"yoast_head":"<!-- This site is optimized with the Yoast SEO plugin v27.1.1 - https:\/\/yoast.com\/product\/yoast-seo-wordpress\/ -->\n<title>Striker mit Griff f\u00fcr den letzten Feuerstahl deines Lebens - Reini Rossmann - Survival Shop<\/title>\n<meta name=\"robots\" content=\"index, follow, max-snippet:-1, max-image-preview:large, max-video-preview:-1\" \/>\n<link rel=\"canonical\" href=\"https:\/\/ueberlebenskunst.at\/survivalshop\/shop\/striker-mit-griff-fuer-den-letzten-feuerstahl-deines-lebens\/\" \/>\n<meta property=\"og:locale\" content=\"de_DE\" \/>\n<meta property=\"og:type\" content=\"article\" \/>\n<meta property=\"og:title\" content=\"Striker mit Griff f\u00fcr den letzten Feuerstahl deines Lebens - Reini Rossmann - Survival Shop\" \/>\n<meta property=\"og:description\" content=\"Bei diesem Produkt gibt es eine kleine Besonderheit: zus\u00e4tzlich zum Schaber (Striker) ist ein passgenauer Griff aufgesetzt. Diesen stellen wir in \u00d6sterreich in der Reini Rossmann Werkstatt her. Was ist der Sinn hinter diesem zus\u00e4tzlichen Griff? Er soll dir beim Feuermachen (Funken erzeugen) deutlich mehr Gripp geben und ist besonders in schwierigen Situationen wie Regen [&hellip;]\" \/>\n<meta property=\"og:url\" content=\"https:\/\/ueberlebenskunst.at\/survivalshop\/shop\/striker-mit-griff-fuer-den-letzten-feuerstahl-deines-lebens\/\" \/>\n<meta property=\"og:site_name\" content=\"Reini Rossmann - Survival Shop\" \/>\n<meta property=\"article:publisher\" content=\"https:\/\/www.facebook.com\/survival24.org\/\" \/>\n<meta property=\"article:modified_time\" content=\"2026-05-09T17:43:36+00:00\" \/>\n<meta property=\"og:image\" content=\"https:\/\/ueberlebenskunst.at\/survivalshop\/wp-content\/uploads\/2022\/06\/Striker_mit_Griff_letzten_Feuerstahl_deines_Lebens_orange_Schluesselbund_sk.jpg\" \/>\n\t<meta property=\"og:image:width\" content=\"400\" \/>\n\t<meta property=\"og:image:height\" content=\"400\" \/>\n\t<meta property=\"og:image:type\" content=\"image\/jpeg\" \/>\n<meta name=\"twitter:card\" content=\"summary_large_image\" \/>\n<meta name=\"twitter:label1\" content=\"Gesch\u00e4tzte Lesezeit\" \/>\n\t<meta name=\"twitter:data1\" content=\"3\u00a0Minuten\" \/>\n<script type=\"application\/ld+json\" class=\"yoast-schema-graph\">{\"@context\":\"https:\/\/schema.org\",\"@graph\":[{\"@type\":\"WebPage\",\"@id\":\"https:\/\/ueberlebenskunst.at\/survivalshop\/shop\/striker-mit-griff-fuer-den-letzten-feuerstahl-deines-lebens\/\",\"url\":\"https:\/\/ueberlebenskunst.at\/survivalshop\/shop\/striker-mit-griff-fuer-den-letzten-feuerstahl-deines-lebens\/\",\"name\":\"Striker mit Griff f\u00fcr den letzten Feuerstahl deines Lebens - Reini Rossmann - Survival Shop\",\"isPartOf\":{\"@id\":\"https:\/\/ueberlebenskunst.at\/survivalshop\/#website\"},\"primaryImageOfPage\":{\"@id\":\"https:\/\/ueberlebenskunst.at\/survivalshop\/shop\/striker-mit-griff-fuer-den-letzten-feuerstahl-deines-lebens\/#primaryimage\"},\"image\":{\"@id\":\"https:\/\/ueberlebenskunst.at\/survivalshop\/shop\/striker-mit-griff-fuer-den-letzten-feuerstahl-deines-lebens\/#primaryimage\"},\"thumbnailUrl\":\"https:\/\/ueberlebenskunst.at\/survivalshop\/wp-content\/uploads\/2022\/06\/Striker_mit_Griff_letzten_Feuerstahl_deines_Lebens_orange_Schluesselbund_sk.jpg\",\"datePublished\":\"2023-03-17T08:39:26+00:00\",\"dateModified\":\"2026-05-09T17:43:36+00:00\",\"breadcrumb\":{\"@id\":\"https:\/\/ueberlebenskunst.at\/survivalshop\/shop\/striker-mit-griff-fuer-den-letzten-feuerstahl-deines-lebens\/#breadcrumb\"},\"inLanguage\":\"de\",\"potentialAction\":[{\"@type\":\"ReadAction\",\"target\":[\"https:\/\/ueberlebenskunst.at\/survivalshop\/shop\/striker-mit-griff-fuer-den-letzten-feuerstahl-deines-lebens\/\"]}]},{\"@type\":\"ImageObject\",\"inLanguage\":\"de\",\"@id\":\"https:\/\/ueberlebenskunst.at\/survivalshop\/shop\/striker-mit-griff-fuer-den-letzten-feuerstahl-deines-lebens\/#primaryimage\",\"url\":\"https:\/\/ueberlebenskunst.at\/survivalshop\/wp-content\/uploads\/2022\/06\/Striker_mit_Griff_letzten_Feuerstahl_deines_Lebens_orange_Schluesselbund_sk.jpg\",\"contentUrl\":\"https:\/\/ueberlebenskunst.at\/survivalshop\/wp-content\/uploads\/2022\/06\/Striker_mit_Griff_letzten_Feuerstahl_deines_Lebens_orange_Schluesselbund_sk.jpg\",\"width\":400,\"height\":400},{\"@type\":\"BreadcrumbList\",\"@id\":\"https:\/\/ueberlebenskunst.at\/survivalshop\/shop\/striker-mit-griff-fuer-den-letzten-feuerstahl-deines-lebens\/#breadcrumb\",\"itemListElement\":[{\"@type\":\"ListItem\",\"position\":1,\"name\":\"Startseite\",\"item\":\"https:\/\/ueberlebenskunst.at\/survivalshop\/\"},{\"@type\":\"ListItem\",\"position\":2,\"name\":\"Shop\",\"item\":\"https:\/\/ueberlebenskunst.at\/survivalshop\/shop\/\"},{\"@type\":\"ListItem\",\"position\":3,\"name\":\"Striker mit Griff f\u00fcr den letzten Feuerstahl deines Lebens\"}]},{\"@type\":\"WebSite\",\"@id\":\"https:\/\/ueberlebenskunst.at\/survivalshop\/#website\",\"url\":\"https:\/\/ueberlebenskunst.at\/survivalshop\/\",\"name\":\"Reini Rossmann - Survival Shop\",\"description\":\"Survival Shop f\u00fcr Survival, Bushcraft und Prepper\",\"potentialAction\":[{\"@type\":\"SearchAction\",\"target\":{\"@type\":\"EntryPoint\",\"urlTemplate\":\"https:\/\/ueberlebenskunst.at\/survivalshop\/?s={search_term_string}\"},\"query-input\":{\"@type\":\"PropertyValueSpecification\",\"valueRequired\":true,\"valueName\":\"search_term_string\"}}],\"inLanguage\":\"de\"}]}<\/script>\n<!-- \/ Yoast SEO plugin. -->","yoast_head_json":{"title":"Striker mit Griff f\u00fcr den letzten Feuerstahl deines Lebens - Reini Rossmann - Survival Shop","robots":{"index":"index","follow":"follow","max-snippet":"max-snippet:-1","max-image-preview":"max-image-preview:large","max-video-preview":"max-video-preview:-1"},"canonical":"https:\/\/ueberlebenskunst.at\/survivalshop\/shop\/striker-mit-griff-fuer-den-letzten-feuerstahl-deines-lebens\/","og_locale":"de_DE","og_type":"article","og_title":"Striker mit Griff f\u00fcr den letzten Feuerstahl deines Lebens - Reini Rossmann - Survival Shop","og_description":"Bei diesem Produkt gibt es eine kleine Besonderheit: zus\u00e4tzlich zum Schaber (Striker) ist ein passgenauer Griff aufgesetzt. Diesen stellen wir in \u00d6sterreich in der Reini Rossmann Werkstatt her. Was ist der Sinn hinter diesem zus\u00e4tzlichen Griff? Er soll dir beim Feuermachen (Funken erzeugen) deutlich mehr Gripp geben und ist besonders in schwierigen Situationen wie Regen [&hellip;]","og_url":"https:\/\/ueberlebenskunst.at\/survivalshop\/shop\/striker-mit-griff-fuer-den-letzten-feuerstahl-deines-lebens\/","og_site_name":"Reini Rossmann - Survival Shop","article_publisher":"https:\/\/www.facebook.com\/survival24.org\/","article_modified_time":"2026-05-09T17:43:36+00:00","og_image":[{"width":400,"height":400,"url":"https:\/\/ueberlebenskunst.at\/survivalshop\/wp-content\/uploads\/2022\/06\/Striker_mit_Griff_letzten_Feuerstahl_deines_Lebens_orange_Schluesselbund_sk.jpg","type":"image\/jpeg"}],"twitter_card":"summary_large_image","twitter_misc":{"Gesch\u00e4tzte Lesezeit":"3\u00a0Minuten"},"schema":{"@context":"https:\/\/schema.org","@graph":[{"@type":"WebPage","@id":"https:\/\/ueberlebenskunst.at\/survivalshop\/shop\/striker-mit-griff-fuer-den-letzten-feuerstahl-deines-lebens\/","url":"https:\/\/ueberlebenskunst.at\/survivalshop\/shop\/striker-mit-griff-fuer-den-letzten-feuerstahl-deines-lebens\/","name":"Striker mit Griff f\u00fcr den letzten Feuerstahl deines Lebens - Reini Rossmann - Survival Shop","isPartOf":{"@id":"https:\/\/ueberlebenskunst.at\/survivalshop\/#website"},"primaryImageOfPage":{"@id":"https:\/\/ueberlebenskunst.at\/survivalshop\/shop\/striker-mit-griff-fuer-den-letzten-feuerstahl-deines-lebens\/#primaryimage"},"image":{"@id":"https:\/\/ueberlebenskunst.at\/survivalshop\/shop\/striker-mit-griff-fuer-den-letzten-feuerstahl-deines-lebens\/#primaryimage"},"thumbnailUrl":"https:\/\/ueberlebenskunst.at\/survivalshop\/wp-content\/uploads\/2022\/06\/Striker_mit_Griff_letzten_Feuerstahl_deines_Lebens_orange_Schluesselbund_sk.jpg","datePublished":"2023-03-17T08:39:26+00:00","dateModified":"2026-05-09T17:43:36+00:00","breadcrumb":{"@id":"https:\/\/ueberlebenskunst.at\/survivalshop\/shop\/striker-mit-griff-fuer-den-letzten-feuerstahl-deines-lebens\/#breadcrumb"},"inLanguage":"de","potentialAction":[{"@type":"ReadAction","target":["https:\/\/ueberlebenskunst.at\/survivalshop\/shop\/striker-mit-griff-fuer-den-letzten-feuerstahl-deines-lebens\/"]}]},{"@type":"ImageObject","inLanguage":"de","@id":"https:\/\/ueberlebenskunst.at\/survivalshop\/shop\/striker-mit-griff-fuer-den-letzten-feuerstahl-deines-lebens\/#primaryimage","url":"https:\/\/ueberlebenskunst.at\/survivalshop\/wp-content\/uploads\/2022\/06\/Striker_mit_Griff_letzten_Feuerstahl_deines_Lebens_orange_Schluesselbund_sk.jpg","contentUrl":"https:\/\/ueberlebenskunst.at\/survivalshop\/wp-content\/uploads\/2022\/06\/Striker_mit_Griff_letzten_Feuerstahl_deines_Lebens_orange_Schluesselbund_sk.jpg","width":400,"height":400},{"@type":"BreadcrumbList","@id":"https:\/\/ueberlebenskunst.at\/survivalshop\/shop\/striker-mit-griff-fuer-den-letzten-feuerstahl-deines-lebens\/#breadcrumb","itemListElement":[{"@type":"ListItem","position":1,"name":"Startseite","item":"https:\/\/ueberlebenskunst.at\/survivalshop\/"},{"@type":"ListItem","position":2,"name":"Shop","item":"https:\/\/ueberlebenskunst.at\/survivalshop\/shop\/"},{"@type":"ListItem","position":3,"name":"Striker mit Griff f\u00fcr den letzten Feuerstahl deines Lebens"}]},{"@type":"WebSite","@id":"https:\/\/ueberlebenskunst.at\/survivalshop\/#website","url":"https:\/\/ueberlebenskunst.at\/survivalshop\/","name":"Reini Rossmann - Survival Shop","description":"Survival Shop f\u00fcr Survival, Bushcraft und Prepper","potentialAction":[{"@type":"SearchAction","target":{"@type":"EntryPoint","urlTemplate":"https:\/\/ueberlebenskunst.at\/survivalshop\/?s={search_term_string}"},"query-input":{"@type":"PropertyValueSpecification","valueRequired":true,"valueName":"search_term_string"}}],"inLanguage":"de"}]}},"_links":{"self":[{"href":"https:\/\/ueberlebenskunst.at\/survivalshop\/wp-json\/wp\/v2\/product\/130563","targetHints":{"allow":["GET"]}}],"collection":[{"href":"https:\/\/ueberlebenskunst.at\/survivalshop\/wp-json\/wp\/v2\/product"}],"about":[{"href":"https:\/\/ueberlebenskunst.at\/survivalshop\/wp-json\/wp\/v2\/types\/product"}],"replies":[{"embeddable":true,"href":"https:\/\/ueberlebenskunst.at\/survivalshop\/wp-json\/wp\/v2\/comments?post=130563"}],"wp:featuredmedia":[{"embeddable":true,"href":"https:\/\/ueberlebenskunst.at\/survivalshop\/wp-json\/wp\/v2\/media\/146059"}],"wp:attachment":[{"href":"https:\/\/ueberlebenskunst.at\/survivalshop\/wp-json\/wp\/v2\/media?parent=130563"}],"wp:term":[{"taxonomy":"product_brand","embeddable":true,"href":"https:\/\/ueberlebenskunst.at\/survivalshop\/wp-json\/wp\/v2\/product_brand?post=130563"},{"taxonomy":"product_cat","embeddable":true,"href":"https:\/\/ueberlebenskunst.at\/survivalshop\/wp-json\/wp\/v2\/product_cat?post=130563"},{"taxonomy":"product_tag","embeddable":true,"href":"https:\/\/ueberlebenskunst.at\/survivalshop\/wp-json\/wp\/v2\/product_tag?post=130563"}],"curies":[{"name":"wp","href":"https:\/\/api.w.org\/{rel}","templated":true}]}}