{"id":130359,"date":"2023-03-17T09:24:05","date_gmt":"2023-03-17T08:24:05","guid":{"rendered":"https:\/\/ueberlebenskunst.at\/survivalshop\/?post_type=product&#038;p=130359"},"modified":"2025-07-11T13:02:30","modified_gmt":"2025-07-11T11:02:30","slug":"guertelhalter-fuer-xxl-feuerstahl-mit-griff-aus-der-rr-werkstatt","status":"seo-produkt","type":"product","link":"https:\/\/ueberlebenskunst.at\/survivalshop\/shop\/guertelhalter-fuer-xxl-feuerstahl-mit-griff-aus-der-rr-werkstatt\/","title":{"rendered":"G\u00fcrtelhalter f\u00fcr den letzten Feuerstahl deines Lebens"},"content":{"rendered":"<p>Der G\u00fcrtelhalter f\u00fcr den letzten Feuerstahl deines Lebens aus der Reini Rossmann Werkstatt ist das ideale Accessiores um deinen Feuerstahl am G\u00fcrtel sicher fixiert tragen zu k\u00f6nnen. F\u00fcr G\u00fcrtel mit einer maximalen Breite von 45 mm anwendbar, hast du somit deinen Feuerstahl immer am K\u00f6rper. Auch dieser G\u00fcrtelhalter (G\u00fcrtelscheide) kommt aus der Reini Rossmann Werkstatt und ist so kreiert, dass der Feuerstahl nicht herausfallen kann. Auch bei starker Bewegung oder kopf\u00fcber kann der Feuerstahl verloren gehen.<\/p>\n<p>Wie schaffen wir das? Indem wir ein elastisches Cord (Flexicord), das im Lieferumfang nat\u00fcrlich enthalten, verwenden, das nochmals f\u00fcr maximale Sicherheit sorgt. Im Lieferumfang ist auch ein einfacher Schaber (Striker) enthalten, damit du auf jeden Fall hei\u00dfe Funken erzeugen kannst. Wenn du auch Interesse an einem Striker mit extra Griff hast, findest du den Link hier: <a href=\"https:\/\/ueberlebenskunst.at\/survivalshop\/shop\/striker-mit-griff-fuer-den-letzten-feuerstahl-deines-lebens\/\" target=\"_blank\" rel=\"noopener\">Striker mit Griff.<\/a><\/p>\n<h3><strong>Produktdaten:<\/strong><\/h3>\n<ul>\n<li>Gewicht: 36 g<\/li>\n<li>Abmessungen: 35 x 40 x 75 mm<\/li>\n<li>Passt auf G\u00fcrtel mit max. Breite von 45 mm<\/li>\n<li>Passt auf den<a href=\"https:\/\/ueberlebenskunst.at\/survivalshop\/shop\/der-letzte-feuerstahl-deines-lebens\/\" target=\"_blank\" rel=\"noopener\"> letzten Feuerstahl deines Lebens<\/a> aus der Reini Rossmann Werkstatt.<\/li>\n<\/ul>\n<h3><strong>Passendes, extra erh\u00e4ltliches Zubeh\u00f6r:<\/strong><\/h3>\n<ul>\n<li><a href=\"https:\/\/ueberlebenskunst.at\/survivalshop\/shop\/der-letzte-feuerstahl-deines-lebens\/\" target=\"_blank\" rel=\"noopener\">Der letzte Feuerstahl deines Lebens<\/a><\/li>\n<\/ul>\n<h3><strong>Lieferumfang:<\/strong><\/h3>\n<ul>\n<li>G\u00fcrtelhalter<\/li>\n<li>Elastisches Cord ca. 20 cm<\/li>\n<li>Striker<\/li>\n<li>Der Feuerstahl ist ausdr\u00fccklich NICHT im Lieferumfang enthalten &#8211; dieser muss EXTRA bestellt werden.<\/li>\n<\/ul>\n<h3><strong>Bedienungs- &amp; Pflegeanleitung:<\/strong><\/h3>\n<ul>\n<li>Die Reinigung mit Wasser und Seife ist m\u00f6glich.<\/li>\n<li>Du solltest die Steckscheide nicht direkt in die N\u00e4he von Feuer oder anderen Hitzequellen legen!<\/li>\n<li>Wird deine Steckscheide \u00fcber l\u00e4ngere Zeit sehr kalten Temperaturen unter 0 \u00b0C ausgesetzt, solltest du<br \/>\nin dem Moment darauf achten, dass keine starken Belastungen darauf einwirken.<\/li>\n<\/ul>\n<p>Unsere Produkte sind nicht f\u00fcr Kinder unter 3 Jahren geeignet. Es besteht Verschluckungsgefahr.<\/p>\n<p><a href=\"https:\/\/ueberlebenskunst.at\/survivalshop\/wp-content\/uploads\/2021\/11\/Logo_Kinder.png\"><img decoding=\"async\" class=\"alignnone size-medium wp-image-179571\" src=\"https:\/\/ueberlebenskunst.at\/survivalshop\/wp-content\/uploads\/2021\/11\/Logo_Kinder-300x126.png\" alt=\"\" width=\"300\" height=\"126\" srcset=\"https:\/\/ueberlebenskunst.at\/survivalshop\/wp-content\/uploads\/2021\/11\/Logo_Kinder-300x126.png 300w, https:\/\/ueberlebenskunst.at\/survivalshop\/wp-content\/uploads\/2021\/11\/Logo_Kinder-64x27.png 64w, https:\/\/ueberlebenskunst.at\/survivalshop\/wp-content\/uploads\/2021\/11\/Logo_Kinder.png 401w\" sizes=\"(max-width: 300px) 100vw, 300px\" \/><\/a><\/p>\n<p><span style=\"color: #99cc00;\">Du willst das Produkt in einer anderen Farbe? Schick uns eine E-Mail an shop@ueberlebenskunst.at und wir pr\u00fcfen, ob dein Farbwunsch\u00a0m\u00f6glich\u00a0ist.<\/span><\/p>\n","protected":false},"excerpt":{"rendered":"<p>Der G\u00fcrtelhalter f\u00fcr den letzten Feuerstahl deines Lebens aus der Reini Rossmann Werkstatt ist das ideale Accessiores um deinen Feuerstahl am G\u00fcrtel sicher fixiert tragen zu k\u00f6nnen. F\u00fcr G\u00fcrtel mit einer maximalen Breite von 45 mm anwendbar, hast du somit deinen Feuerstahl immer am K\u00f6rper. Auch dieser G\u00fcrtelhalter (G\u00fcrtelscheide) kommt aus der Reini Rossmann Werkstatt [&hellip;]<\/p>\n","protected":false},"featured_media":151953,"comment_status":"open","ping_status":"closed","template":"","meta":{"_acf_changed":false},"product_brand":[],"product_cat":[1101,1945],"product_tag":[236,1440],"class_list":{"0":"post-130359","1":"product","2":"type-product","3":"status-seo-produkt","4":"has-post-thumbnail","6":"product_cat-ausruestung","7":"product_cat-survivalausruestung","8":"product_tag-feuerstahl","9":"product_tag-guertelhalter","11":"first","12":"outofstock","13":"taxable","14":"shipping-taxable","15":"product-type-simple"},"acf":[],"yoast_head":"<!-- This site is optimized with the Yoast SEO plugin v27.1.1 - https:\/\/yoast.com\/product\/yoast-seo-wordpress\/ -->\n<title>G\u00fcrtelhalter f\u00fcr den letzten Feuerstahl deines Lebens - Reini Rossmann - Survival Shop<\/title>\n<meta name=\"robots\" content=\"index, follow, max-snippet:-1, max-image-preview:large, max-video-preview:-1\" \/>\n<link rel=\"canonical\" href=\"https:\/\/ueberlebenskunst.at\/survivalshop\/shop\/guertelhalter-fuer-xxl-feuerstahl-mit-griff-aus-der-rr-werkstatt\/\" \/>\n<meta property=\"og:locale\" content=\"de_DE\" \/>\n<meta property=\"og:type\" content=\"article\" \/>\n<meta property=\"og:title\" content=\"G\u00fcrtelhalter f\u00fcr den letzten Feuerstahl deines Lebens - Reini Rossmann - Survival Shop\" \/>\n<meta property=\"og:description\" content=\"Der G\u00fcrtelhalter f\u00fcr den letzten Feuerstahl deines Lebens aus der Reini Rossmann Werkstatt ist das ideale Accessiores um deinen Feuerstahl am G\u00fcrtel sicher fixiert tragen zu k\u00f6nnen. F\u00fcr G\u00fcrtel mit einer maximalen Breite von 45 mm anwendbar, hast du somit deinen Feuerstahl immer am K\u00f6rper. Auch dieser G\u00fcrtelhalter (G\u00fcrtelscheide) kommt aus der Reini Rossmann Werkstatt [&hellip;]\" \/>\n<meta property=\"og:url\" content=\"https:\/\/ueberlebenskunst.at\/survivalshop\/shop\/guertelhalter-fuer-xxl-feuerstahl-mit-griff-aus-der-rr-werkstatt\/\" \/>\n<meta property=\"og:site_name\" content=\"Reini Rossmann - Survival Shop\" \/>\n<meta property=\"article:publisher\" content=\"https:\/\/www.facebook.com\/survival24.org\/\" \/>\n<meta property=\"article:modified_time\" content=\"2025-07-11T11:02:30+00:00\" \/>\n<meta property=\"og:image\" content=\"https:\/\/ueberlebenskunst.at\/survivalshop\/wp-content\/uploads\/2023\/03\/Guertelhalter_letzte_Feuerstahl_deines_Lebens_HFG_lose_sk.jpg\" \/>\n\t<meta property=\"og:image:width\" content=\"400\" \/>\n\t<meta property=\"og:image:height\" content=\"400\" \/>\n\t<meta property=\"og:image:type\" content=\"image\/jpeg\" \/>\n<meta name=\"twitter:card\" content=\"summary_large_image\" \/>\n<meta name=\"twitter:label1\" content=\"Gesch\u00e4tzte Lesezeit\" \/>\n\t<meta name=\"twitter:data1\" content=\"2\u00a0Minuten\" \/>\n<script type=\"application\/ld+json\" class=\"yoast-schema-graph\">{\"@context\":\"https:\/\/schema.org\",\"@graph\":[{\"@type\":\"WebPage\",\"@id\":\"https:\/\/ueberlebenskunst.at\/survivalshop\/shop\/guertelhalter-fuer-xxl-feuerstahl-mit-griff-aus-der-rr-werkstatt\/\",\"url\":\"https:\/\/ueberlebenskunst.at\/survivalshop\/shop\/guertelhalter-fuer-xxl-feuerstahl-mit-griff-aus-der-rr-werkstatt\/\",\"name\":\"G\u00fcrtelhalter f\u00fcr den letzten Feuerstahl deines Lebens - Reini Rossmann - Survival Shop\",\"isPartOf\":{\"@id\":\"https:\/\/ueberlebenskunst.at\/survivalshop\/#website\"},\"primaryImageOfPage\":{\"@id\":\"https:\/\/ueberlebenskunst.at\/survivalshop\/shop\/guertelhalter-fuer-xxl-feuerstahl-mit-griff-aus-der-rr-werkstatt\/#primaryimage\"},\"image\":{\"@id\":\"https:\/\/ueberlebenskunst.at\/survivalshop\/shop\/guertelhalter-fuer-xxl-feuerstahl-mit-griff-aus-der-rr-werkstatt\/#primaryimage\"},\"thumbnailUrl\":\"https:\/\/ueberlebenskunst.at\/survivalshop\/wp-content\/uploads\/2023\/03\/Guertelhalter_letzte_Feuerstahl_deines_Lebens_HFG_lose_sk.jpg\",\"datePublished\":\"2023-03-17T08:24:05+00:00\",\"dateModified\":\"2025-07-11T11:02:30+00:00\",\"breadcrumb\":{\"@id\":\"https:\/\/ueberlebenskunst.at\/survivalshop\/shop\/guertelhalter-fuer-xxl-feuerstahl-mit-griff-aus-der-rr-werkstatt\/#breadcrumb\"},\"inLanguage\":\"de\",\"potentialAction\":[{\"@type\":\"ReadAction\",\"target\":[\"https:\/\/ueberlebenskunst.at\/survivalshop\/shop\/guertelhalter-fuer-xxl-feuerstahl-mit-griff-aus-der-rr-werkstatt\/\"]}]},{\"@type\":\"ImageObject\",\"inLanguage\":\"de\",\"@id\":\"https:\/\/ueberlebenskunst.at\/survivalshop\/shop\/guertelhalter-fuer-xxl-feuerstahl-mit-griff-aus-der-rr-werkstatt\/#primaryimage\",\"url\":\"https:\/\/ueberlebenskunst.at\/survivalshop\/wp-content\/uploads\/2023\/03\/Guertelhalter_letzte_Feuerstahl_deines_Lebens_HFG_lose_sk.jpg\",\"contentUrl\":\"https:\/\/ueberlebenskunst.at\/survivalshop\/wp-content\/uploads\/2023\/03\/Guertelhalter_letzte_Feuerstahl_deines_Lebens_HFG_lose_sk.jpg\",\"width\":400,\"height\":400},{\"@type\":\"BreadcrumbList\",\"@id\":\"https:\/\/ueberlebenskunst.at\/survivalshop\/shop\/guertelhalter-fuer-xxl-feuerstahl-mit-griff-aus-der-rr-werkstatt\/#breadcrumb\",\"itemListElement\":[{\"@type\":\"ListItem\",\"position\":1,\"name\":\"Startseite\",\"item\":\"https:\/\/ueberlebenskunst.at\/survivalshop\/\"},{\"@type\":\"ListItem\",\"position\":2,\"name\":\"Shop\",\"item\":\"https:\/\/ueberlebenskunst.at\/survivalshop\/shop\/\"},{\"@type\":\"ListItem\",\"position\":3,\"name\":\"G\u00fcrtelhalter f\u00fcr den letzten Feuerstahl deines Lebens\"}]},{\"@type\":\"WebSite\",\"@id\":\"https:\/\/ueberlebenskunst.at\/survivalshop\/#website\",\"url\":\"https:\/\/ueberlebenskunst.at\/survivalshop\/\",\"name\":\"Reini Rossmann - Survival Shop\",\"description\":\"Survival Shop f\u00fcr Survival, Bushcraft und Prepper\",\"potentialAction\":[{\"@type\":\"SearchAction\",\"target\":{\"@type\":\"EntryPoint\",\"urlTemplate\":\"https:\/\/ueberlebenskunst.at\/survivalshop\/?s={search_term_string}\"},\"query-input\":{\"@type\":\"PropertyValueSpecification\",\"valueRequired\":true,\"valueName\":\"search_term_string\"}}],\"inLanguage\":\"de\"}]}<\/script>\n<!-- \/ Yoast SEO plugin. -->","yoast_head_json":{"title":"G\u00fcrtelhalter f\u00fcr den letzten Feuerstahl deines Lebens - Reini Rossmann - Survival Shop","robots":{"index":"index","follow":"follow","max-snippet":"max-snippet:-1","max-image-preview":"max-image-preview:large","max-video-preview":"max-video-preview:-1"},"canonical":"https:\/\/ueberlebenskunst.at\/survivalshop\/shop\/guertelhalter-fuer-xxl-feuerstahl-mit-griff-aus-der-rr-werkstatt\/","og_locale":"de_DE","og_type":"article","og_title":"G\u00fcrtelhalter f\u00fcr den letzten Feuerstahl deines Lebens - Reini Rossmann - Survival Shop","og_description":"Der G\u00fcrtelhalter f\u00fcr den letzten Feuerstahl deines Lebens aus der Reini Rossmann Werkstatt ist das ideale Accessiores um deinen Feuerstahl am G\u00fcrtel sicher fixiert tragen zu k\u00f6nnen. F\u00fcr G\u00fcrtel mit einer maximalen Breite von 45 mm anwendbar, hast du somit deinen Feuerstahl immer am K\u00f6rper. Auch dieser G\u00fcrtelhalter (G\u00fcrtelscheide) kommt aus der Reini Rossmann Werkstatt [&hellip;]","og_url":"https:\/\/ueberlebenskunst.at\/survivalshop\/shop\/guertelhalter-fuer-xxl-feuerstahl-mit-griff-aus-der-rr-werkstatt\/","og_site_name":"Reini Rossmann - Survival Shop","article_publisher":"https:\/\/www.facebook.com\/survival24.org\/","article_modified_time":"2025-07-11T11:02:30+00:00","og_image":[{"width":400,"height":400,"url":"https:\/\/ueberlebenskunst.at\/survivalshop\/wp-content\/uploads\/2023\/03\/Guertelhalter_letzte_Feuerstahl_deines_Lebens_HFG_lose_sk.jpg","type":"image\/jpeg"}],"twitter_card":"summary_large_image","twitter_misc":{"Gesch\u00e4tzte Lesezeit":"2\u00a0Minuten"},"schema":{"@context":"https:\/\/schema.org","@graph":[{"@type":"WebPage","@id":"https:\/\/ueberlebenskunst.at\/survivalshop\/shop\/guertelhalter-fuer-xxl-feuerstahl-mit-griff-aus-der-rr-werkstatt\/","url":"https:\/\/ueberlebenskunst.at\/survivalshop\/shop\/guertelhalter-fuer-xxl-feuerstahl-mit-griff-aus-der-rr-werkstatt\/","name":"G\u00fcrtelhalter f\u00fcr den letzten Feuerstahl deines Lebens - Reini Rossmann - Survival Shop","isPartOf":{"@id":"https:\/\/ueberlebenskunst.at\/survivalshop\/#website"},"primaryImageOfPage":{"@id":"https:\/\/ueberlebenskunst.at\/survivalshop\/shop\/guertelhalter-fuer-xxl-feuerstahl-mit-griff-aus-der-rr-werkstatt\/#primaryimage"},"image":{"@id":"https:\/\/ueberlebenskunst.at\/survivalshop\/shop\/guertelhalter-fuer-xxl-feuerstahl-mit-griff-aus-der-rr-werkstatt\/#primaryimage"},"thumbnailUrl":"https:\/\/ueberlebenskunst.at\/survivalshop\/wp-content\/uploads\/2023\/03\/Guertelhalter_letzte_Feuerstahl_deines_Lebens_HFG_lose_sk.jpg","datePublished":"2023-03-17T08:24:05+00:00","dateModified":"2025-07-11T11:02:30+00:00","breadcrumb":{"@id":"https:\/\/ueberlebenskunst.at\/survivalshop\/shop\/guertelhalter-fuer-xxl-feuerstahl-mit-griff-aus-der-rr-werkstatt\/#breadcrumb"},"inLanguage":"de","potentialAction":[{"@type":"ReadAction","target":["https:\/\/ueberlebenskunst.at\/survivalshop\/shop\/guertelhalter-fuer-xxl-feuerstahl-mit-griff-aus-der-rr-werkstatt\/"]}]},{"@type":"ImageObject","inLanguage":"de","@id":"https:\/\/ueberlebenskunst.at\/survivalshop\/shop\/guertelhalter-fuer-xxl-feuerstahl-mit-griff-aus-der-rr-werkstatt\/#primaryimage","url":"https:\/\/ueberlebenskunst.at\/survivalshop\/wp-content\/uploads\/2023\/03\/Guertelhalter_letzte_Feuerstahl_deines_Lebens_HFG_lose_sk.jpg","contentUrl":"https:\/\/ueberlebenskunst.at\/survivalshop\/wp-content\/uploads\/2023\/03\/Guertelhalter_letzte_Feuerstahl_deines_Lebens_HFG_lose_sk.jpg","width":400,"height":400},{"@type":"BreadcrumbList","@id":"https:\/\/ueberlebenskunst.at\/survivalshop\/shop\/guertelhalter-fuer-xxl-feuerstahl-mit-griff-aus-der-rr-werkstatt\/#breadcrumb","itemListElement":[{"@type":"ListItem","position":1,"name":"Startseite","item":"https:\/\/ueberlebenskunst.at\/survivalshop\/"},{"@type":"ListItem","position":2,"name":"Shop","item":"https:\/\/ueberlebenskunst.at\/survivalshop\/shop\/"},{"@type":"ListItem","position":3,"name":"G\u00fcrtelhalter f\u00fcr den letzten Feuerstahl deines Lebens"}]},{"@type":"WebSite","@id":"https:\/\/ueberlebenskunst.at\/survivalshop\/#website","url":"https:\/\/ueberlebenskunst.at\/survivalshop\/","name":"Reini Rossmann - Survival Shop","description":"Survival Shop f\u00fcr Survival, Bushcraft und Prepper","potentialAction":[{"@type":"SearchAction","target":{"@type":"EntryPoint","urlTemplate":"https:\/\/ueberlebenskunst.at\/survivalshop\/?s={search_term_string}"},"query-input":{"@type":"PropertyValueSpecification","valueRequired":true,"valueName":"search_term_string"}}],"inLanguage":"de"}]}},"_links":{"self":[{"href":"https:\/\/ueberlebenskunst.at\/survivalshop\/wp-json\/wp\/v2\/product\/130359","targetHints":{"allow":["GET"]}}],"collection":[{"href":"https:\/\/ueberlebenskunst.at\/survivalshop\/wp-json\/wp\/v2\/product"}],"about":[{"href":"https:\/\/ueberlebenskunst.at\/survivalshop\/wp-json\/wp\/v2\/types\/product"}],"replies":[{"embeddable":true,"href":"https:\/\/ueberlebenskunst.at\/survivalshop\/wp-json\/wp\/v2\/comments?post=130359"}],"wp:featuredmedia":[{"embeddable":true,"href":"https:\/\/ueberlebenskunst.at\/survivalshop\/wp-json\/wp\/v2\/media\/151953"}],"wp:attachment":[{"href":"https:\/\/ueberlebenskunst.at\/survivalshop\/wp-json\/wp\/v2\/media?parent=130359"}],"wp:term":[{"taxonomy":"product_brand","embeddable":true,"href":"https:\/\/ueberlebenskunst.at\/survivalshop\/wp-json\/wp\/v2\/product_brand?post=130359"},{"taxonomy":"product_cat","embeddable":true,"href":"https:\/\/ueberlebenskunst.at\/survivalshop\/wp-json\/wp\/v2\/product_cat?post=130359"},{"taxonomy":"product_tag","embeddable":true,"href":"https:\/\/ueberlebenskunst.at\/survivalshop\/wp-json\/wp\/v2\/product_tag?post=130359"}],"curies":[{"name":"wp","href":"https:\/\/api.w.org\/{rel}","templated":true}]}}