{"id":129744,"date":"2023-03-06T10:54:02","date_gmt":"2023-03-06T09:54:02","guid":{"rendered":"https:\/\/ueberlebenskunst.at\/survivalshop\/?post_type=product&#038;p=129744"},"modified":"2025-05-13T09:39:22","modified_gmt":"2025-05-13T07:39:22","slug":"t4e-tr-50-x-tender","status":"seo-produkt","type":"product","link":"https:\/\/ueberlebenskunst.at\/survivalshop\/shop\/t4e-tr-50-x-tender\/","title":{"rendered":"T4E X-Tender f\u00fcr HDR 50 &#038; TR 50"},"content":{"rendered":"<h3>Zubeh\u00f6r f\u00fcr den HDR 50: Der T4E X-Tender mit M\u00fcndungsgewinde, M\u00fcndungsbremse<\/h3>\n<p>Der eindrucksvolle M\u00fcndungsvorsatz ist passend f\u00fcr T4E TR50\/L-Modelle sowie den HDR 50 und der <a href=\"https:\/\/ueberlebenskunst.at\/survivalshop\/shop\/hdr-50-nxg-ps-100-11-joule\/\" target=\"_blank\" rel=\"noopener\">PS-100<\/a>.<\/p>\n<p>Er dient der einfachen Aufnahme universellen Zubeh\u00f6rs durch drei Picatinny-Schienen und M-LOK-Slots entlang des X-Tenders.<\/p>\n<p>Die robuste Polymerkonstruktion wird sicher an der Picatinny-Schiene der TR50\/L-Modelle montiert.<\/p>\n<p>L\u00e4nge: 236 mm<br \/>\nGewicht: 162 g<\/p>\n<h3>Passendes, extra bestellbares Zubeh\u00f6r:<\/h3>\n<ul>\n<li><a href=\"https:\/\/ueberlebenskunst.at\/survivalshop\/shop\/picatinny-schiene-fuer-t4e-tr50-x-tender\/\">Picatinny Aufsatz<\/a><\/li>\n<li><a href=\"https:\/\/ueberlebenskunst.at\/survivalshop\/shop\/stinger-2-taktischer-vertikaler-vordergriff\/\">Taktischer Griff<\/a><\/li>\n<li><a href=\"https:\/\/ueberlebenskunst.at\/survivalshop\/shop\/leuchtpunkt-reflexvisier\/\">Leuchtpunkt Visier<\/a><\/li>\n<li><a href=\"https:\/\/ueberlebenskunst.at\/survivalshop\/shop\/universal-halterung-fuer-hdr50-ps100\/\">Universal Halterung f\u00fcr HDR 50 \/ TR 50<\/a><\/li>\n<li><a href=\"https:\/\/ueberlebenskunst.at\/survivalshop\/shop\/multi-mount-fuer-umarex-hdx68-ps320\/\">Multimount<\/a><\/li>\n<\/ul>\n","protected":false},"excerpt":{"rendered":"<p>Zubeh\u00f6r f\u00fcr den HDR 50: Der T4E X-Tender mit M\u00fcndungsgewinde, M\u00fcndungsbremse Der eindrucksvolle M\u00fcndungsvorsatz ist passend f\u00fcr T4E TR50\/L-Modelle sowie den HDR 50 und der PS-100. Er dient der einfachen Aufnahme universellen Zubeh\u00f6rs durch drei Picatinny-Schienen und M-LOK-Slots entlang des X-Tenders. Die robuste Polymerkonstruktion wird sicher an der Picatinny-Schiene der TR50\/L-Modelle montiert. L\u00e4nge: 236 mm [&hellip;]<\/p>\n","protected":false},"featured_media":129745,"comment_status":"open","ping_status":"closed","template":"","meta":{"_acf_changed":false},"product_brand":[],"product_cat":[2389],"product_tag":[1475],"class_list":{"0":"post-129744","1":"product","2":"type-product","3":"status-seo-produkt","4":"has-post-thumbnail","6":"product_cat-flohmarkt","7":"product_tag-tr50","9":"first","10":"outofstock","11":"sale","12":"taxable","13":"shipping-taxable","14":"product-type-simple"},"acf":[],"yoast_head":"<!-- This site is optimized with the Yoast SEO plugin v27.1.1 - https:\/\/yoast.com\/product\/yoast-seo-wordpress\/ -->\n<title>T4E X-Tender f\u00fcr HDR 50 &amp; TR 50 - Reini Rossmann - Survival Shop<\/title>\n<meta name=\"robots\" content=\"index, follow, max-snippet:-1, max-image-preview:large, max-video-preview:-1\" \/>\n<link rel=\"canonical\" href=\"https:\/\/ueberlebenskunst.at\/survivalshop\/shop\/t4e-tr-50-x-tender\/\" \/>\n<meta property=\"og:locale\" content=\"de_DE\" \/>\n<meta property=\"og:type\" content=\"article\" \/>\n<meta property=\"og:title\" content=\"T4E X-Tender f\u00fcr HDR 50 &amp; TR 50 - Reini Rossmann - Survival Shop\" \/>\n<meta property=\"og:description\" content=\"Zubeh\u00f6r f\u00fcr den HDR 50: Der T4E X-Tender mit M\u00fcndungsgewinde, M\u00fcndungsbremse Der eindrucksvolle M\u00fcndungsvorsatz ist passend f\u00fcr T4E TR50\/L-Modelle sowie den HDR 50 und der PS-100. Er dient der einfachen Aufnahme universellen Zubeh\u00f6rs durch drei Picatinny-Schienen und M-LOK-Slots entlang des X-Tenders. Die robuste Polymerkonstruktion wird sicher an der Picatinny-Schiene der TR50\/L-Modelle montiert. L\u00e4nge: 236 mm [&hellip;]\" \/>\n<meta property=\"og:url\" content=\"https:\/\/ueberlebenskunst.at\/survivalshop\/shop\/t4e-tr-50-x-tender\/\" \/>\n<meta property=\"og:site_name\" content=\"Reini Rossmann - Survival Shop\" \/>\n<meta property=\"article:publisher\" content=\"https:\/\/www.facebook.com\/survival24.org\/\" \/>\n<meta property=\"article:modified_time\" content=\"2025-05-13T07:39:22+00:00\" \/>\n<meta property=\"og:image\" content=\"https:\/\/ueberlebenskunst.at\/survivalshop\/wp-content\/uploads\/2023\/03\/2.4757.3.jpg\" \/>\n\t<meta property=\"og:image:width\" content=\"450\" \/>\n\t<meta property=\"og:image:height\" content=\"252\" \/>\n\t<meta property=\"og:image:type\" content=\"image\/jpeg\" \/>\n<meta name=\"twitter:card\" content=\"summary_large_image\" \/>\n<meta name=\"twitter:label1\" content=\"Gesch\u00e4tzte Lesezeit\" \/>\n\t<meta name=\"twitter:data1\" content=\"1\u00a0Minute\" \/>\n<script type=\"application\/ld+json\" class=\"yoast-schema-graph\">{\"@context\":\"https:\/\/schema.org\",\"@graph\":[{\"@type\":\"WebPage\",\"@id\":\"https:\/\/ueberlebenskunst.at\/survivalshop\/shop\/t4e-tr-50-x-tender\/\",\"url\":\"https:\/\/ueberlebenskunst.at\/survivalshop\/shop\/t4e-tr-50-x-tender\/\",\"name\":\"T4E X-Tender f\u00fcr HDR 50 & TR 50 - Reini Rossmann - Survival Shop\",\"isPartOf\":{\"@id\":\"https:\/\/ueberlebenskunst.at\/survivalshop\/#website\"},\"primaryImageOfPage\":{\"@id\":\"https:\/\/ueberlebenskunst.at\/survivalshop\/shop\/t4e-tr-50-x-tender\/#primaryimage\"},\"image\":{\"@id\":\"https:\/\/ueberlebenskunst.at\/survivalshop\/shop\/t4e-tr-50-x-tender\/#primaryimage\"},\"thumbnailUrl\":\"https:\/\/ueberlebenskunst.at\/survivalshop\/wp-content\/uploads\/2023\/03\/2.4757.3.jpg\",\"datePublished\":\"2023-03-06T09:54:02+00:00\",\"dateModified\":\"2025-05-13T07:39:22+00:00\",\"breadcrumb\":{\"@id\":\"https:\/\/ueberlebenskunst.at\/survivalshop\/shop\/t4e-tr-50-x-tender\/#breadcrumb\"},\"inLanguage\":\"de\",\"potentialAction\":[{\"@type\":\"ReadAction\",\"target\":[\"https:\/\/ueberlebenskunst.at\/survivalshop\/shop\/t4e-tr-50-x-tender\/\"]}]},{\"@type\":\"ImageObject\",\"inLanguage\":\"de\",\"@id\":\"https:\/\/ueberlebenskunst.at\/survivalshop\/shop\/t4e-tr-50-x-tender\/#primaryimage\",\"url\":\"https:\/\/ueberlebenskunst.at\/survivalshop\/wp-content\/uploads\/2023\/03\/2.4757.3.jpg\",\"contentUrl\":\"https:\/\/ueberlebenskunst.at\/survivalshop\/wp-content\/uploads\/2023\/03\/2.4757.3.jpg\",\"width\":450,\"height\":252},{\"@type\":\"BreadcrumbList\",\"@id\":\"https:\/\/ueberlebenskunst.at\/survivalshop\/shop\/t4e-tr-50-x-tender\/#breadcrumb\",\"itemListElement\":[{\"@type\":\"ListItem\",\"position\":1,\"name\":\"Startseite\",\"item\":\"https:\/\/ueberlebenskunst.at\/survivalshop\/\"},{\"@type\":\"ListItem\",\"position\":2,\"name\":\"Shop\",\"item\":\"https:\/\/ueberlebenskunst.at\/survivalshop\/shop\/\"},{\"@type\":\"ListItem\",\"position\":3,\"name\":\"T4E X-Tender f\u00fcr HDR 50 &#038; TR 50\"}]},{\"@type\":\"WebSite\",\"@id\":\"https:\/\/ueberlebenskunst.at\/survivalshop\/#website\",\"url\":\"https:\/\/ueberlebenskunst.at\/survivalshop\/\",\"name\":\"Reini Rossmann - Survival Shop\",\"description\":\"Survival Shop f\u00fcr Survival, Bushcraft und Prepper\",\"potentialAction\":[{\"@type\":\"SearchAction\",\"target\":{\"@type\":\"EntryPoint\",\"urlTemplate\":\"https:\/\/ueberlebenskunst.at\/survivalshop\/?s={search_term_string}\"},\"query-input\":{\"@type\":\"PropertyValueSpecification\",\"valueRequired\":true,\"valueName\":\"search_term_string\"}}],\"inLanguage\":\"de\"}]}<\/script>\n<!-- \/ Yoast SEO plugin. -->","yoast_head_json":{"title":"T4E X-Tender f\u00fcr HDR 50 & TR 50 - Reini Rossmann - Survival Shop","robots":{"index":"index","follow":"follow","max-snippet":"max-snippet:-1","max-image-preview":"max-image-preview:large","max-video-preview":"max-video-preview:-1"},"canonical":"https:\/\/ueberlebenskunst.at\/survivalshop\/shop\/t4e-tr-50-x-tender\/","og_locale":"de_DE","og_type":"article","og_title":"T4E X-Tender f\u00fcr HDR 50 & TR 50 - Reini Rossmann - Survival Shop","og_description":"Zubeh\u00f6r f\u00fcr den HDR 50: Der T4E X-Tender mit M\u00fcndungsgewinde, M\u00fcndungsbremse Der eindrucksvolle M\u00fcndungsvorsatz ist passend f\u00fcr T4E TR50\/L-Modelle sowie den HDR 50 und der PS-100. Er dient der einfachen Aufnahme universellen Zubeh\u00f6rs durch drei Picatinny-Schienen und M-LOK-Slots entlang des X-Tenders. Die robuste Polymerkonstruktion wird sicher an der Picatinny-Schiene der TR50\/L-Modelle montiert. L\u00e4nge: 236 mm [&hellip;]","og_url":"https:\/\/ueberlebenskunst.at\/survivalshop\/shop\/t4e-tr-50-x-tender\/","og_site_name":"Reini Rossmann - Survival Shop","article_publisher":"https:\/\/www.facebook.com\/survival24.org\/","article_modified_time":"2025-05-13T07:39:22+00:00","og_image":[{"width":450,"height":252,"url":"https:\/\/ueberlebenskunst.at\/survivalshop\/wp-content\/uploads\/2023\/03\/2.4757.3.jpg","type":"image\/jpeg"}],"twitter_card":"summary_large_image","twitter_misc":{"Gesch\u00e4tzte Lesezeit":"1\u00a0Minute"},"schema":{"@context":"https:\/\/schema.org","@graph":[{"@type":"WebPage","@id":"https:\/\/ueberlebenskunst.at\/survivalshop\/shop\/t4e-tr-50-x-tender\/","url":"https:\/\/ueberlebenskunst.at\/survivalshop\/shop\/t4e-tr-50-x-tender\/","name":"T4E X-Tender f\u00fcr HDR 50 & TR 50 - Reini Rossmann - Survival Shop","isPartOf":{"@id":"https:\/\/ueberlebenskunst.at\/survivalshop\/#website"},"primaryImageOfPage":{"@id":"https:\/\/ueberlebenskunst.at\/survivalshop\/shop\/t4e-tr-50-x-tender\/#primaryimage"},"image":{"@id":"https:\/\/ueberlebenskunst.at\/survivalshop\/shop\/t4e-tr-50-x-tender\/#primaryimage"},"thumbnailUrl":"https:\/\/ueberlebenskunst.at\/survivalshop\/wp-content\/uploads\/2023\/03\/2.4757.3.jpg","datePublished":"2023-03-06T09:54:02+00:00","dateModified":"2025-05-13T07:39:22+00:00","breadcrumb":{"@id":"https:\/\/ueberlebenskunst.at\/survivalshop\/shop\/t4e-tr-50-x-tender\/#breadcrumb"},"inLanguage":"de","potentialAction":[{"@type":"ReadAction","target":["https:\/\/ueberlebenskunst.at\/survivalshop\/shop\/t4e-tr-50-x-tender\/"]}]},{"@type":"ImageObject","inLanguage":"de","@id":"https:\/\/ueberlebenskunst.at\/survivalshop\/shop\/t4e-tr-50-x-tender\/#primaryimage","url":"https:\/\/ueberlebenskunst.at\/survivalshop\/wp-content\/uploads\/2023\/03\/2.4757.3.jpg","contentUrl":"https:\/\/ueberlebenskunst.at\/survivalshop\/wp-content\/uploads\/2023\/03\/2.4757.3.jpg","width":450,"height":252},{"@type":"BreadcrumbList","@id":"https:\/\/ueberlebenskunst.at\/survivalshop\/shop\/t4e-tr-50-x-tender\/#breadcrumb","itemListElement":[{"@type":"ListItem","position":1,"name":"Startseite","item":"https:\/\/ueberlebenskunst.at\/survivalshop\/"},{"@type":"ListItem","position":2,"name":"Shop","item":"https:\/\/ueberlebenskunst.at\/survivalshop\/shop\/"},{"@type":"ListItem","position":3,"name":"T4E X-Tender f\u00fcr HDR 50 &#038; TR 50"}]},{"@type":"WebSite","@id":"https:\/\/ueberlebenskunst.at\/survivalshop\/#website","url":"https:\/\/ueberlebenskunst.at\/survivalshop\/","name":"Reini Rossmann - Survival Shop","description":"Survival Shop f\u00fcr Survival, Bushcraft und Prepper","potentialAction":[{"@type":"SearchAction","target":{"@type":"EntryPoint","urlTemplate":"https:\/\/ueberlebenskunst.at\/survivalshop\/?s={search_term_string}"},"query-input":{"@type":"PropertyValueSpecification","valueRequired":true,"valueName":"search_term_string"}}],"inLanguage":"de"}]}},"_links":{"self":[{"href":"https:\/\/ueberlebenskunst.at\/survivalshop\/wp-json\/wp\/v2\/product\/129744","targetHints":{"allow":["GET"]}}],"collection":[{"href":"https:\/\/ueberlebenskunst.at\/survivalshop\/wp-json\/wp\/v2\/product"}],"about":[{"href":"https:\/\/ueberlebenskunst.at\/survivalshop\/wp-json\/wp\/v2\/types\/product"}],"replies":[{"embeddable":true,"href":"https:\/\/ueberlebenskunst.at\/survivalshop\/wp-json\/wp\/v2\/comments?post=129744"}],"wp:featuredmedia":[{"embeddable":true,"href":"https:\/\/ueberlebenskunst.at\/survivalshop\/wp-json\/wp\/v2\/media\/129745"}],"wp:attachment":[{"href":"https:\/\/ueberlebenskunst.at\/survivalshop\/wp-json\/wp\/v2\/media?parent=129744"}],"wp:term":[{"taxonomy":"product_brand","embeddable":true,"href":"https:\/\/ueberlebenskunst.at\/survivalshop\/wp-json\/wp\/v2\/product_brand?post=129744"},{"taxonomy":"product_cat","embeddable":true,"href":"https:\/\/ueberlebenskunst.at\/survivalshop\/wp-json\/wp\/v2\/product_cat?post=129744"},{"taxonomy":"product_tag","embeddable":true,"href":"https:\/\/ueberlebenskunst.at\/survivalshop\/wp-json\/wp\/v2\/product_tag?post=129744"}],"curies":[{"name":"wp","href":"https:\/\/api.w.org\/{rel}","templated":true}]}}