{"id":12952,"date":"2019-10-30T19:40:42","date_gmt":"2019-10-30T17:40:42","guid":{"rendered":"https:\/\/ueberlebenskunst.at\/survivalshop\/survivalshop\/?post_type=product&#038;p=12952"},"modified":"2026-04-01T00:26:54","modified_gmt":"2026-03-31T22:26:54","slug":"ersatzsehne-steambow-stinger-80-pfund","status":"publish","type":"product","link":"https:\/\/ueberlebenskunst.at\/survivalshop\/shop\/ersatzsehne-steambow-stinger-80-pfund\/","title":{"rendered":"Ersatzsehne f\u00fcr Steambow Stinger &amp; Redback"},"content":{"rendered":"<h3>Ersatzsehne f\u00fcr Steambow Stinger &amp;amp; Redback<\/h3>\n<p>Ersatzsehne passend f\u00fcr die <a href=\"https:\/\/ueberlebenskunst.at\/survivalshop\/shop\/steambow-stinger2\/\" target=\"_blank\" rel=\"noopener noreferrer\">Steambow Stinger<\/a>.<\/p>\n<p>Diese Ersatzsehne ist nur f\u00fcr Wurfarme zwischen 30 und 60 Pfund freigegeben.<br \/>\nH\u00f6here Zuggewichte \u00fcber 90 Pfund sind mit dieser Sehne nicht zu empfehlen.<\/p>\n<p>Wahlweise ohne oder mit Endkappen. Das hei\u00dft, du musst entscheiden, ob du die Endkappen ben\u00f6tigst oder eben nicht. Doch bitte bedenke, dass es sich auch bei den Endkappen um Verschlei\u00dfteile handelt.<br \/>\nDu bekommst <a href=\"https:\/\/ueberlebenskunst.at\/survivalshop\/shop\/endkappen-wurfarm\/\" target=\"_blank\" rel=\"noopener\">Endkappen<\/a> auch einzeln ohne Sehne.<\/p>\n<p><strong>ACHTUNG: Diese Sehne ist nicht\u00a0mit Armbr\u00fcsten aus der\u00a0<a href=\"https:\/\/ueberlebenskunst.at\/survivalshop\/shop\/ek-x-bow-cobra-armbrust\/\">X-Bow Serie\u00a0<\/a>kompatibel!<\/strong><br \/>\n<strong>ACHTUNG: Die Endkappen bei der Variante MIT Endkappen passen nicht zur <a href=\"https:\/\/ueberlebenskunst.at\/survivalshop\/shop\/pistolenarmbrust-redback-80-pfund\/\" target=\"_blank\" rel=\"noopener\">Redback.<\/a><\/strong><\/p>\n","protected":false},"excerpt":{"rendered":"<p>Ersatzsehne<\/p>\n","protected":false},"featured_media":15983,"comment_status":"open","ping_status":"closed","template":"","meta":{"_acf_changed":false},"product_brand":[],"product_cat":[2389,1925],"product_tag":[531,519,975],"class_list":{"0":"post-12952","1":"product","2":"type-product","3":"status-publish","4":"has-post-thumbnail","6":"product_cat-flohmarkt","7":"product_cat-sehne","8":"product_tag-ersatzsehne","9":"product_tag-stinger","10":"product_tag-stinger-2-zubehoer","11":"pa_platform-sehne-mit-kappen","12":"pa_platform-sehne-ohne-kappen","14":"first","15":"instock","16":"sale","17":"taxable","18":"shipping-taxable","19":"purchasable","20":"product-type-variable","21":"has-default-attributes"},"acf":[],"yoast_head":"<!-- This site is optimized with the Yoast SEO plugin v27.1.1 - https:\/\/yoast.com\/product\/yoast-seo-wordpress\/ -->\n<title>Ersatzsehne f\u00fcr Steambow Stinger &amp; Redback<\/title>\n<meta name=\"robots\" content=\"index, follow, max-snippet:-1, max-image-preview:large, max-video-preview:-1\" \/>\n<link rel=\"canonical\" href=\"https:\/\/ueberlebenskunst.at\/survivalshop\/shop\/ersatzsehne-steambow-stinger-80-pfund\/\" \/>\n<meta property=\"og:locale\" content=\"de_DE\" \/>\n<meta property=\"og:type\" content=\"article\" \/>\n<meta property=\"og:title\" content=\"Ersatzsehne f\u00fcr Steambow Stinger &amp; Redback\" \/>\n<meta property=\"og:description\" content=\"Ersatzsehne\" \/>\n<meta property=\"og:url\" content=\"https:\/\/ueberlebenskunst.at\/survivalshop\/shop\/ersatzsehne-steambow-stinger-80-pfund\/\" \/>\n<meta property=\"og:site_name\" content=\"Reini Rossmann - Survival Shop\" \/>\n<meta property=\"article:publisher\" content=\"https:\/\/www.facebook.com\/survival24.org\/\" \/>\n<meta property=\"article:modified_time\" content=\"2026-03-31T22:26:54+00:00\" \/>\n<meta property=\"og:image\" content=\"https:\/\/ueberlebenskunst.at\/survivalshop\/wp-content\/uploads\/2019\/10\/Stinger-Ersatzsehne-Ohne-Kappen-rotated.jpg\" \/>\n\t<meta property=\"og:image:width\" content=\"480\" \/>\n\t<meta property=\"og:image:height\" content=\"640\" \/>\n\t<meta property=\"og:image:type\" content=\"image\/jpeg\" \/>\n<meta name=\"twitter:card\" content=\"summary_large_image\" \/>\n<meta name=\"twitter:label1\" content=\"Gesch\u00e4tzte Lesezeit\" \/>\n\t<meta name=\"twitter:data1\" content=\"1\u00a0Minute\" \/>\n<script type=\"application\/ld+json\" class=\"yoast-schema-graph\">{\"@context\":\"https:\/\/schema.org\",\"@graph\":[{\"@type\":\"WebPage\",\"@id\":\"https:\/\/ueberlebenskunst.at\/survivalshop\/shop\/ersatzsehne-steambow-stinger-80-pfund\/\",\"url\":\"https:\/\/ueberlebenskunst.at\/survivalshop\/shop\/ersatzsehne-steambow-stinger-80-pfund\/\",\"name\":\"Ersatzsehne f\u00fcr Steambow Stinger &amp; Redback\",\"isPartOf\":{\"@id\":\"https:\/\/ueberlebenskunst.at\/survivalshop\/#website\"},\"primaryImageOfPage\":{\"@id\":\"https:\/\/ueberlebenskunst.at\/survivalshop\/shop\/ersatzsehne-steambow-stinger-80-pfund\/#primaryimage\"},\"image\":{\"@id\":\"https:\/\/ueberlebenskunst.at\/survivalshop\/shop\/ersatzsehne-steambow-stinger-80-pfund\/#primaryimage\"},\"thumbnailUrl\":\"https:\/\/ueberlebenskunst.at\/survivalshop\/wp-content\/uploads\/2019\/10\/Stinger-Ersatzsehne-Ohne-Kappen-rotated.jpg\",\"datePublished\":\"2019-10-30T17:40:42+00:00\",\"dateModified\":\"2026-03-31T22:26:54+00:00\",\"breadcrumb\":{\"@id\":\"https:\/\/ueberlebenskunst.at\/survivalshop\/shop\/ersatzsehne-steambow-stinger-80-pfund\/#breadcrumb\"},\"inLanguage\":\"de\",\"potentialAction\":[{\"@type\":\"ReadAction\",\"target\":[\"https:\/\/ueberlebenskunst.at\/survivalshop\/shop\/ersatzsehne-steambow-stinger-80-pfund\/\"]}]},{\"@type\":\"ImageObject\",\"inLanguage\":\"de\",\"@id\":\"https:\/\/ueberlebenskunst.at\/survivalshop\/shop\/ersatzsehne-steambow-stinger-80-pfund\/#primaryimage\",\"url\":\"https:\/\/ueberlebenskunst.at\/survivalshop\/wp-content\/uploads\/2019\/10\/Stinger-Ersatzsehne-Ohne-Kappen-rotated.jpg\",\"contentUrl\":\"https:\/\/ueberlebenskunst.at\/survivalshop\/wp-content\/uploads\/2019\/10\/Stinger-Ersatzsehne-Ohne-Kappen-rotated.jpg\",\"width\":480,\"height\":640},{\"@type\":\"BreadcrumbList\",\"@id\":\"https:\/\/ueberlebenskunst.at\/survivalshop\/shop\/ersatzsehne-steambow-stinger-80-pfund\/#breadcrumb\",\"itemListElement\":[{\"@type\":\"ListItem\",\"position\":1,\"name\":\"Startseite\",\"item\":\"https:\/\/ueberlebenskunst.at\/survivalshop\/\"},{\"@type\":\"ListItem\",\"position\":2,\"name\":\"Shop\",\"item\":\"https:\/\/ueberlebenskunst.at\/survivalshop\/shop\/\"},{\"@type\":\"ListItem\",\"position\":3,\"name\":\"Ersatzsehne f\u00fcr Steambow Stinger &amp; Redback\"}]},{\"@type\":\"WebSite\",\"@id\":\"https:\/\/ueberlebenskunst.at\/survivalshop\/#website\",\"url\":\"https:\/\/ueberlebenskunst.at\/survivalshop\/\",\"name\":\"Reini Rossmann - Survival Shop\",\"description\":\"Survival Shop f\u00fcr Survival, Bushcraft und Prepper\",\"potentialAction\":[{\"@type\":\"SearchAction\",\"target\":{\"@type\":\"EntryPoint\",\"urlTemplate\":\"https:\/\/ueberlebenskunst.at\/survivalshop\/?s={search_term_string}\"},\"query-input\":{\"@type\":\"PropertyValueSpecification\",\"valueRequired\":true,\"valueName\":\"search_term_string\"}}],\"inLanguage\":\"de\"}]}<\/script>\n<!-- \/ Yoast SEO plugin. -->","yoast_head_json":{"title":"Ersatzsehne f\u00fcr Steambow Stinger &amp; Redback","robots":{"index":"index","follow":"follow","max-snippet":"max-snippet:-1","max-image-preview":"max-image-preview:large","max-video-preview":"max-video-preview:-1"},"canonical":"https:\/\/ueberlebenskunst.at\/survivalshop\/shop\/ersatzsehne-steambow-stinger-80-pfund\/","og_locale":"de_DE","og_type":"article","og_title":"Ersatzsehne f\u00fcr Steambow Stinger &amp; Redback","og_description":"Ersatzsehne","og_url":"https:\/\/ueberlebenskunst.at\/survivalshop\/shop\/ersatzsehne-steambow-stinger-80-pfund\/","og_site_name":"Reini Rossmann - Survival Shop","article_publisher":"https:\/\/www.facebook.com\/survival24.org\/","article_modified_time":"2026-03-31T22:26:54+00:00","og_image":[{"width":480,"height":640,"url":"https:\/\/ueberlebenskunst.at\/survivalshop\/wp-content\/uploads\/2019\/10\/Stinger-Ersatzsehne-Ohne-Kappen-rotated.jpg","type":"image\/jpeg"}],"twitter_card":"summary_large_image","twitter_misc":{"Gesch\u00e4tzte Lesezeit":"1\u00a0Minute"},"schema":{"@context":"https:\/\/schema.org","@graph":[{"@type":"WebPage","@id":"https:\/\/ueberlebenskunst.at\/survivalshop\/shop\/ersatzsehne-steambow-stinger-80-pfund\/","url":"https:\/\/ueberlebenskunst.at\/survivalshop\/shop\/ersatzsehne-steambow-stinger-80-pfund\/","name":"Ersatzsehne f\u00fcr Steambow Stinger &amp; Redback","isPartOf":{"@id":"https:\/\/ueberlebenskunst.at\/survivalshop\/#website"},"primaryImageOfPage":{"@id":"https:\/\/ueberlebenskunst.at\/survivalshop\/shop\/ersatzsehne-steambow-stinger-80-pfund\/#primaryimage"},"image":{"@id":"https:\/\/ueberlebenskunst.at\/survivalshop\/shop\/ersatzsehne-steambow-stinger-80-pfund\/#primaryimage"},"thumbnailUrl":"https:\/\/ueberlebenskunst.at\/survivalshop\/wp-content\/uploads\/2019\/10\/Stinger-Ersatzsehne-Ohne-Kappen-rotated.jpg","datePublished":"2019-10-30T17:40:42+00:00","dateModified":"2026-03-31T22:26:54+00:00","breadcrumb":{"@id":"https:\/\/ueberlebenskunst.at\/survivalshop\/shop\/ersatzsehne-steambow-stinger-80-pfund\/#breadcrumb"},"inLanguage":"de","potentialAction":[{"@type":"ReadAction","target":["https:\/\/ueberlebenskunst.at\/survivalshop\/shop\/ersatzsehne-steambow-stinger-80-pfund\/"]}]},{"@type":"ImageObject","inLanguage":"de","@id":"https:\/\/ueberlebenskunst.at\/survivalshop\/shop\/ersatzsehne-steambow-stinger-80-pfund\/#primaryimage","url":"https:\/\/ueberlebenskunst.at\/survivalshop\/wp-content\/uploads\/2019\/10\/Stinger-Ersatzsehne-Ohne-Kappen-rotated.jpg","contentUrl":"https:\/\/ueberlebenskunst.at\/survivalshop\/wp-content\/uploads\/2019\/10\/Stinger-Ersatzsehne-Ohne-Kappen-rotated.jpg","width":480,"height":640},{"@type":"BreadcrumbList","@id":"https:\/\/ueberlebenskunst.at\/survivalshop\/shop\/ersatzsehne-steambow-stinger-80-pfund\/#breadcrumb","itemListElement":[{"@type":"ListItem","position":1,"name":"Startseite","item":"https:\/\/ueberlebenskunst.at\/survivalshop\/"},{"@type":"ListItem","position":2,"name":"Shop","item":"https:\/\/ueberlebenskunst.at\/survivalshop\/shop\/"},{"@type":"ListItem","position":3,"name":"Ersatzsehne f\u00fcr Steambow Stinger &amp; Redback"}]},{"@type":"WebSite","@id":"https:\/\/ueberlebenskunst.at\/survivalshop\/#website","url":"https:\/\/ueberlebenskunst.at\/survivalshop\/","name":"Reini Rossmann - Survival Shop","description":"Survival Shop f\u00fcr Survival, Bushcraft und Prepper","potentialAction":[{"@type":"SearchAction","target":{"@type":"EntryPoint","urlTemplate":"https:\/\/ueberlebenskunst.at\/survivalshop\/?s={search_term_string}"},"query-input":{"@type":"PropertyValueSpecification","valueRequired":true,"valueName":"search_term_string"}}],"inLanguage":"de"}]}},"_links":{"self":[{"href":"https:\/\/ueberlebenskunst.at\/survivalshop\/wp-json\/wp\/v2\/product\/12952","targetHints":{"allow":["GET"]}}],"collection":[{"href":"https:\/\/ueberlebenskunst.at\/survivalshop\/wp-json\/wp\/v2\/product"}],"about":[{"href":"https:\/\/ueberlebenskunst.at\/survivalshop\/wp-json\/wp\/v2\/types\/product"}],"replies":[{"embeddable":true,"href":"https:\/\/ueberlebenskunst.at\/survivalshop\/wp-json\/wp\/v2\/comments?post=12952"}],"wp:featuredmedia":[{"embeddable":true,"href":"https:\/\/ueberlebenskunst.at\/survivalshop\/wp-json\/wp\/v2\/media\/15983"}],"wp:attachment":[{"href":"https:\/\/ueberlebenskunst.at\/survivalshop\/wp-json\/wp\/v2\/media?parent=12952"}],"wp:term":[{"taxonomy":"product_brand","embeddable":true,"href":"https:\/\/ueberlebenskunst.at\/survivalshop\/wp-json\/wp\/v2\/product_brand?post=12952"},{"taxonomy":"product_cat","embeddable":true,"href":"https:\/\/ueberlebenskunst.at\/survivalshop\/wp-json\/wp\/v2\/product_cat?post=12952"},{"taxonomy":"product_tag","embeddable":true,"href":"https:\/\/ueberlebenskunst.at\/survivalshop\/wp-json\/wp\/v2\/product_tag?post=12952"}],"curies":[{"name":"wp","href":"https:\/\/api.w.org\/{rel}","templated":true}]}}