{"id":129288,"date":"2023-02-27T16:32:36","date_gmt":"2023-02-27T15:32:36","guid":{"rendered":"https:\/\/ueberlebenskunst.at\/survivalshop\/?post_type=product&#038;p=129288"},"modified":"2026-03-10T13:28:52","modified_gmt":"2026-03-10T12:28:52","slug":"k4-adc-lampen-bic-halterung-inkl-edc-k4-lampe-mini","status":"publish","type":"product","link":"https:\/\/ueberlebenskunst.at\/survivalshop\/shop\/k4-adc-lampen-bic-halterung-inkl-edc-k4-lampe-mini\/","title":{"rendered":"K4 ADC Lampen &#8211; BIC &#8211; Halterung inkl. EDC K4 Lampe Mini"},"content":{"rendered":"<p>Unsere All Day Carry Lampen &#8211; BIC &#8211; Kombination ist genau richtig, wenn du t\u00e4glich ein BIC Feuerzeug mit dir f\u00fchrst und gleichzeitig auf die Leuchtkraft einer kleinen Lampe nicht verzichten willst. Die Kombination ist einerseits f\u00fcr den Hosensack, die EDC Tasche, aber auch als Neckie Kombination gut m\u00f6glich. Da im Lieferumfang eine Kugelkette enthalten ist (ja, es ist auch m\u00f6glich ein Paracord einzuf\u00e4deln), kannst du die ADC Scheide entweder \u00fcber den Hals tragen, aber auch die Kugelkette im Hosensack gesichert mit dir f\u00fchren. Im Lieferumfang ist die Scheide sowie die K4 EDC Lampe Mini enthalten. Gemacht in der Reini Rossmann Werkstatt (Made in Austria) kannst du dich auf hohe Qualit\u00e4t verlassen.<\/p>\n<p>Ob als EDC in der Stadt oder als Survivalausr\u00fcstung in der Natur &#8211; mit dieser formsch\u00f6nen und gleichzeitig gut organisierten Scheide kannst du 2 wichtige Aspekte, zwar Feuer und Licht, immer bei dir haben. Die Halterung passt f\u00fcr alle Standard-BIC-Feuerzeuge und bietet sicheren Halt f\u00fcr Feuerzeug und Lampe.<\/p>\n<p>Wichtiger Hinweis: im Lieferumfang ist das Feuerzeug nicht enhalten, sondern nur die Scheide und die Mini EDC Lampe (ohne AAA Batterie).<\/p>\n<p>Wenn du dieselbe All Day Scheide f\u00fcr ein Clipper suchst, dann habe ich gute Nachrichten f\u00fcr dich, auch das haben wir im Sortiment: <a href=\"https:\/\/ueberlebenskunst.at\/survivalshop\/shop\/k4-adc-lampen-clipper-halterung-inkl-edc-k4-lampe-mini\/\" target=\"_blank\" rel=\"noopener\">K4 ADC Lampen &#8211; Clipper &#8211; Halterung\u00a0<\/a><\/p>\n<h3><strong>Produktdaten:<\/strong><\/h3>\n<ul>\n<li>Gewicht: 18 g<\/li>\n<li>Gesamtgewicht: 38 g<\/li>\n<li>Abmessungen: 26 x 34 x 48 mm<\/li>\n<\/ul>\n<h3><strong>Passendes, extra erh\u00e4ltliches Zubeh\u00f6r:<\/strong><\/h3>\n<ul>\n<li><a href=\"https:\/\/ueberlebenskunst.at\/survivalshop\/shop\/schutzkappe-fuer-bic-maxi-j26-feuerzeug\/\" target=\"_blank\" rel=\"noopener\">Schutzkappe f\u00fcr BIC\u00ae maxi (J26) Feuerzeug<\/a><\/li>\n<li><a href=\"https:\/\/ueberlebenskunst.at\/survivalshop\/shop\/reinis-feuerzeug-sicherungsgummi\/\" target=\"_blank\" rel=\"noopener\">Reini\u00b4s Feuerzeug Sicherungsgummi<\/a><\/li>\n<li><a href=\"https:\/\/ueberlebenskunst.at\/survivalshop\/shop\/k4-guertelscheide-fuer-zippo-ink-k4-lampe-mini\/\" target=\"_blank\" rel=\"noopener\">Zippo Halterung<\/a><\/li>\n<li><a href=\"https:\/\/ueberlebenskunst.at\/survivalshop\/shop\/k4-adclampenhalterung-edc-k4-lampe-mini\/\" target=\"_blank\" rel=\"noopener\">ADC Lampenhalterung<\/a><\/li>\n<\/ul>\n<h3><strong>Lieferumfang:<\/strong><\/h3>\n<ul>\n<li>K4 ADC Halterung<\/li>\n<li>Kugelkette<\/li>\n<li>K4 Lampe Mini (ohne AAA Batterie)<\/li>\n<\/ul>\n<h3><strong>Produktdetails zur K4 EDC Lampe:<\/strong><\/h3>\n<p>Batterie: AAA (nicht im Lieferumfang enthalten)<br \/>\nAbmessungen: 67 x 15 mm<br \/>\n4Modus: (180 Lumen \/ 12 Lumen\/ 0,04 Lumen\/ Strobe mit 180 Lumen)<br \/>\nLeuchtdauer: bis zu 30 Min. bei 180 Lumen \/ 6h bei 12 Lumen<\/p>\n<h3><strong>Bedienungs- &amp; Pflegeanleitung:<\/strong><\/h3>\n<ul>\n<li>Die Reinigung mit Seife und Wasser ist m\u00f6glich.<\/li>\n<li>Du solltest das Produkt nicht direkt in die N\u00e4he von Feuer oder anderen Hitzequellen legen!<\/li>\n<li>Wird es \u00fcber l\u00e4ngere Zeit sehr kalten Temperaturen unter 0 \u00b0C ausgesetzt, solltest du in dem Moment darauf achten, dass keine starken Belastungen darauf einwirken.<\/li>\n<\/ul>\n<p>Unsere Produkte sind nicht f\u00fcr Kinder unter 3 Jahren geeignet. Es besteht Verschluckungsgefahr.<\/p>\n<p><a href=\"https:\/\/ueberlebenskunst.at\/survivalshop\/wp-content\/uploads\/2021\/11\/Logo_Kinder.png\"><img decoding=\"async\" class=\"alignnone size-medium wp-image-179571\" src=\"https:\/\/ueberlebenskunst.at\/survivalshop\/wp-content\/uploads\/2021\/11\/Logo_Kinder-300x126.png\" alt=\"\" width=\"300\" height=\"126\" srcset=\"https:\/\/ueberlebenskunst.at\/survivalshop\/wp-content\/uploads\/2021\/11\/Logo_Kinder-300x126.png 300w, https:\/\/ueberlebenskunst.at\/survivalshop\/wp-content\/uploads\/2021\/11\/Logo_Kinder-64x27.png 64w, https:\/\/ueberlebenskunst.at\/survivalshop\/wp-content\/uploads\/2021\/11\/Logo_Kinder.png 401w\" sizes=\"(max-width: 300px) 100vw, 300px\" \/><\/a><\/p>\n<p><span style=\"color: #99cc00;\">Du willst das Produkt in einer anderen Farbe? Schick uns eine E-Mail an shop@ueberlebenskunst.at und wir pr\u00fcfen, ob dein Farbwunsch\u00a0m\u00f6glich\u00a0ist.<\/span><\/p>\n","protected":false},"excerpt":{"rendered":"<p>Unsere All Day Carry Lampen &#8211; BIC &#8211; Kombination ist genau richtig, wenn du t\u00e4glich ein BIC Feuerzeug mit dir f\u00fchrst und gleichzeitig auf die Leuchtkraft einer kleinen Lampe nicht verzichten willst. Die Kombination ist einerseits f\u00fcr den Hosensack, die EDC Tasche, aber auch als Neckie Kombination gut m\u00f6glich. Da im Lieferumfang eine Kugelkette enthalten [&hellip;]<\/p>\n","protected":false},"featured_media":146062,"comment_status":"open","ping_status":"closed","template":"","meta":{"_acf_changed":false},"product_brand":[],"product_cat":[1945],"product_tag":[1667,1279,1256,1724,2051],"class_list":{"0":"post-129288","1":"product","2":"type-product","3":"status-publish","4":"has-post-thumbnail","6":"product_cat-survivalausruestung","7":"product_tag-adc","8":"product_tag-bic","9":"product_tag-k4","10":"product_tag-k4-feuerzeug-edc","11":"product_tag-schluesselbund-edc","13":"first","14":"instock","15":"taxable","16":"shipping-taxable","17":"purchasable","18":"product-type-simple"},"acf":[],"yoast_head":"<!-- This site is optimized with the Yoast SEO plugin v27.1.1 - https:\/\/yoast.com\/product\/yoast-seo-wordpress\/ -->\n<title>K4 ADC Lampen - BIC - Halterung inkl. EDC K4 Lampe Mini - Reini Rossmann - Survival Shop<\/title>\n<meta name=\"robots\" content=\"index, follow, max-snippet:-1, max-image-preview:large, max-video-preview:-1\" \/>\n<link rel=\"canonical\" href=\"https:\/\/ueberlebenskunst.at\/survivalshop\/shop\/k4-adc-lampen-bic-halterung-inkl-edc-k4-lampe-mini\/\" \/>\n<meta property=\"og:locale\" content=\"de_DE\" \/>\n<meta property=\"og:type\" content=\"article\" \/>\n<meta property=\"og:title\" content=\"K4 ADC Lampen - BIC - Halterung inkl. EDC K4 Lampe Mini - Reini Rossmann - Survival Shop\" \/>\n<meta property=\"og:description\" content=\"Unsere All Day Carry Lampen &#8211; BIC &#8211; Kombination ist genau richtig, wenn du t\u00e4glich ein BIC Feuerzeug mit dir f\u00fchrst und gleichzeitig auf die Leuchtkraft einer kleinen Lampe nicht verzichten willst. Die Kombination ist einerseits f\u00fcr den Hosensack, die EDC Tasche, aber auch als Neckie Kombination gut m\u00f6glich. Da im Lieferumfang eine Kugelkette enthalten [&hellip;]\" \/>\n<meta property=\"og:url\" content=\"https:\/\/ueberlebenskunst.at\/survivalshop\/shop\/k4-adc-lampen-bic-halterung-inkl-edc-k4-lampe-mini\/\" \/>\n<meta property=\"og:site_name\" content=\"Reini Rossmann - Survival Shop\" \/>\n<meta property=\"article:publisher\" content=\"https:\/\/www.facebook.com\/survival24.org\/\" \/>\n<meta property=\"article:modified_time\" content=\"2026-03-10T12:28:52+00:00\" \/>\n<meta property=\"og:image\" content=\"https:\/\/ueberlebenskunst.at\/survivalshop\/wp-content\/uploads\/2023\/02\/K4_ADC_Lampen_BIC_Halterung_Lampe_Mini_Schluesselbund_sk.jpg\" \/>\n\t<meta property=\"og:image:width\" content=\"400\" \/>\n\t<meta property=\"og:image:height\" content=\"400\" \/>\n\t<meta property=\"og:image:type\" content=\"image\/jpeg\" \/>\n<meta name=\"twitter:card\" content=\"summary_large_image\" \/>\n<meta name=\"twitter:label1\" content=\"Gesch\u00e4tzte Lesezeit\" \/>\n\t<meta name=\"twitter:data1\" content=\"3\u00a0Minuten\" \/>\n<script type=\"application\/ld+json\" class=\"yoast-schema-graph\">{\"@context\":\"https:\/\/schema.org\",\"@graph\":[{\"@type\":\"WebPage\",\"@id\":\"https:\/\/ueberlebenskunst.at\/survivalshop\/shop\/k4-adc-lampen-bic-halterung-inkl-edc-k4-lampe-mini\/\",\"url\":\"https:\/\/ueberlebenskunst.at\/survivalshop\/shop\/k4-adc-lampen-bic-halterung-inkl-edc-k4-lampe-mini\/\",\"name\":\"K4 ADC Lampen - BIC - Halterung inkl. EDC K4 Lampe Mini - Reini Rossmann - Survival Shop\",\"isPartOf\":{\"@id\":\"https:\/\/ueberlebenskunst.at\/survivalshop\/#website\"},\"primaryImageOfPage\":{\"@id\":\"https:\/\/ueberlebenskunst.at\/survivalshop\/shop\/k4-adc-lampen-bic-halterung-inkl-edc-k4-lampe-mini\/#primaryimage\"},\"image\":{\"@id\":\"https:\/\/ueberlebenskunst.at\/survivalshop\/shop\/k4-adc-lampen-bic-halterung-inkl-edc-k4-lampe-mini\/#primaryimage\"},\"thumbnailUrl\":\"https:\/\/ueberlebenskunst.at\/survivalshop\/wp-content\/uploads\/2023\/02\/K4_ADC_Lampen_BIC_Halterung_Lampe_Mini_Schluesselbund_sk.jpg\",\"datePublished\":\"2023-02-27T15:32:36+00:00\",\"dateModified\":\"2026-03-10T12:28:52+00:00\",\"breadcrumb\":{\"@id\":\"https:\/\/ueberlebenskunst.at\/survivalshop\/shop\/k4-adc-lampen-bic-halterung-inkl-edc-k4-lampe-mini\/#breadcrumb\"},\"inLanguage\":\"de\",\"potentialAction\":[{\"@type\":\"ReadAction\",\"target\":[\"https:\/\/ueberlebenskunst.at\/survivalshop\/shop\/k4-adc-lampen-bic-halterung-inkl-edc-k4-lampe-mini\/\"]}]},{\"@type\":\"ImageObject\",\"inLanguage\":\"de\",\"@id\":\"https:\/\/ueberlebenskunst.at\/survivalshop\/shop\/k4-adc-lampen-bic-halterung-inkl-edc-k4-lampe-mini\/#primaryimage\",\"url\":\"https:\/\/ueberlebenskunst.at\/survivalshop\/wp-content\/uploads\/2023\/02\/K4_ADC_Lampen_BIC_Halterung_Lampe_Mini_Schluesselbund_sk.jpg\",\"contentUrl\":\"https:\/\/ueberlebenskunst.at\/survivalshop\/wp-content\/uploads\/2023\/02\/K4_ADC_Lampen_BIC_Halterung_Lampe_Mini_Schluesselbund_sk.jpg\",\"width\":400,\"height\":400},{\"@type\":\"BreadcrumbList\",\"@id\":\"https:\/\/ueberlebenskunst.at\/survivalshop\/shop\/k4-adc-lampen-bic-halterung-inkl-edc-k4-lampe-mini\/#breadcrumb\",\"itemListElement\":[{\"@type\":\"ListItem\",\"position\":1,\"name\":\"Startseite\",\"item\":\"https:\/\/ueberlebenskunst.at\/survivalshop\/\"},{\"@type\":\"ListItem\",\"position\":2,\"name\":\"Shop\",\"item\":\"https:\/\/ueberlebenskunst.at\/survivalshop\/shop\/\"},{\"@type\":\"ListItem\",\"position\":3,\"name\":\"K4 ADC Lampen &#8211; BIC &#8211; Halterung inkl. EDC K4 Lampe Mini\"}]},{\"@type\":\"WebSite\",\"@id\":\"https:\/\/ueberlebenskunst.at\/survivalshop\/#website\",\"url\":\"https:\/\/ueberlebenskunst.at\/survivalshop\/\",\"name\":\"Reini Rossmann - Survival Shop\",\"description\":\"Survival Shop f\u00fcr Survival, Bushcraft und Prepper\",\"potentialAction\":[{\"@type\":\"SearchAction\",\"target\":{\"@type\":\"EntryPoint\",\"urlTemplate\":\"https:\/\/ueberlebenskunst.at\/survivalshop\/?s={search_term_string}\"},\"query-input\":{\"@type\":\"PropertyValueSpecification\",\"valueRequired\":true,\"valueName\":\"search_term_string\"}}],\"inLanguage\":\"de\"}]}<\/script>\n<!-- \/ Yoast SEO plugin. -->","yoast_head_json":{"title":"K4 ADC Lampen - BIC - Halterung inkl. EDC K4 Lampe Mini - Reini Rossmann - Survival Shop","robots":{"index":"index","follow":"follow","max-snippet":"max-snippet:-1","max-image-preview":"max-image-preview:large","max-video-preview":"max-video-preview:-1"},"canonical":"https:\/\/ueberlebenskunst.at\/survivalshop\/shop\/k4-adc-lampen-bic-halterung-inkl-edc-k4-lampe-mini\/","og_locale":"de_DE","og_type":"article","og_title":"K4 ADC Lampen - BIC - Halterung inkl. EDC K4 Lampe Mini - Reini Rossmann - Survival Shop","og_description":"Unsere All Day Carry Lampen &#8211; BIC &#8211; Kombination ist genau richtig, wenn du t\u00e4glich ein BIC Feuerzeug mit dir f\u00fchrst und gleichzeitig auf die Leuchtkraft einer kleinen Lampe nicht verzichten willst. Die Kombination ist einerseits f\u00fcr den Hosensack, die EDC Tasche, aber auch als Neckie Kombination gut m\u00f6glich. Da im Lieferumfang eine Kugelkette enthalten [&hellip;]","og_url":"https:\/\/ueberlebenskunst.at\/survivalshop\/shop\/k4-adc-lampen-bic-halterung-inkl-edc-k4-lampe-mini\/","og_site_name":"Reini Rossmann - Survival Shop","article_publisher":"https:\/\/www.facebook.com\/survival24.org\/","article_modified_time":"2026-03-10T12:28:52+00:00","og_image":[{"width":400,"height":400,"url":"https:\/\/ueberlebenskunst.at\/survivalshop\/wp-content\/uploads\/2023\/02\/K4_ADC_Lampen_BIC_Halterung_Lampe_Mini_Schluesselbund_sk.jpg","type":"image\/jpeg"}],"twitter_card":"summary_large_image","twitter_misc":{"Gesch\u00e4tzte Lesezeit":"3\u00a0Minuten"},"schema":{"@context":"https:\/\/schema.org","@graph":[{"@type":"WebPage","@id":"https:\/\/ueberlebenskunst.at\/survivalshop\/shop\/k4-adc-lampen-bic-halterung-inkl-edc-k4-lampe-mini\/","url":"https:\/\/ueberlebenskunst.at\/survivalshop\/shop\/k4-adc-lampen-bic-halterung-inkl-edc-k4-lampe-mini\/","name":"K4 ADC Lampen - BIC - Halterung inkl. EDC K4 Lampe Mini - Reini Rossmann - Survival Shop","isPartOf":{"@id":"https:\/\/ueberlebenskunst.at\/survivalshop\/#website"},"primaryImageOfPage":{"@id":"https:\/\/ueberlebenskunst.at\/survivalshop\/shop\/k4-adc-lampen-bic-halterung-inkl-edc-k4-lampe-mini\/#primaryimage"},"image":{"@id":"https:\/\/ueberlebenskunst.at\/survivalshop\/shop\/k4-adc-lampen-bic-halterung-inkl-edc-k4-lampe-mini\/#primaryimage"},"thumbnailUrl":"https:\/\/ueberlebenskunst.at\/survivalshop\/wp-content\/uploads\/2023\/02\/K4_ADC_Lampen_BIC_Halterung_Lampe_Mini_Schluesselbund_sk.jpg","datePublished":"2023-02-27T15:32:36+00:00","dateModified":"2026-03-10T12:28:52+00:00","breadcrumb":{"@id":"https:\/\/ueberlebenskunst.at\/survivalshop\/shop\/k4-adc-lampen-bic-halterung-inkl-edc-k4-lampe-mini\/#breadcrumb"},"inLanguage":"de","potentialAction":[{"@type":"ReadAction","target":["https:\/\/ueberlebenskunst.at\/survivalshop\/shop\/k4-adc-lampen-bic-halterung-inkl-edc-k4-lampe-mini\/"]}]},{"@type":"ImageObject","inLanguage":"de","@id":"https:\/\/ueberlebenskunst.at\/survivalshop\/shop\/k4-adc-lampen-bic-halterung-inkl-edc-k4-lampe-mini\/#primaryimage","url":"https:\/\/ueberlebenskunst.at\/survivalshop\/wp-content\/uploads\/2023\/02\/K4_ADC_Lampen_BIC_Halterung_Lampe_Mini_Schluesselbund_sk.jpg","contentUrl":"https:\/\/ueberlebenskunst.at\/survivalshop\/wp-content\/uploads\/2023\/02\/K4_ADC_Lampen_BIC_Halterung_Lampe_Mini_Schluesselbund_sk.jpg","width":400,"height":400},{"@type":"BreadcrumbList","@id":"https:\/\/ueberlebenskunst.at\/survivalshop\/shop\/k4-adc-lampen-bic-halterung-inkl-edc-k4-lampe-mini\/#breadcrumb","itemListElement":[{"@type":"ListItem","position":1,"name":"Startseite","item":"https:\/\/ueberlebenskunst.at\/survivalshop\/"},{"@type":"ListItem","position":2,"name":"Shop","item":"https:\/\/ueberlebenskunst.at\/survivalshop\/shop\/"},{"@type":"ListItem","position":3,"name":"K4 ADC Lampen &#8211; BIC &#8211; Halterung inkl. EDC K4 Lampe Mini"}]},{"@type":"WebSite","@id":"https:\/\/ueberlebenskunst.at\/survivalshop\/#website","url":"https:\/\/ueberlebenskunst.at\/survivalshop\/","name":"Reini Rossmann - Survival Shop","description":"Survival Shop f\u00fcr Survival, Bushcraft und Prepper","potentialAction":[{"@type":"SearchAction","target":{"@type":"EntryPoint","urlTemplate":"https:\/\/ueberlebenskunst.at\/survivalshop\/?s={search_term_string}"},"query-input":{"@type":"PropertyValueSpecification","valueRequired":true,"valueName":"search_term_string"}}],"inLanguage":"de"}]}},"_links":{"self":[{"href":"https:\/\/ueberlebenskunst.at\/survivalshop\/wp-json\/wp\/v2\/product\/129288","targetHints":{"allow":["GET"]}}],"collection":[{"href":"https:\/\/ueberlebenskunst.at\/survivalshop\/wp-json\/wp\/v2\/product"}],"about":[{"href":"https:\/\/ueberlebenskunst.at\/survivalshop\/wp-json\/wp\/v2\/types\/product"}],"replies":[{"embeddable":true,"href":"https:\/\/ueberlebenskunst.at\/survivalshop\/wp-json\/wp\/v2\/comments?post=129288"}],"wp:featuredmedia":[{"embeddable":true,"href":"https:\/\/ueberlebenskunst.at\/survivalshop\/wp-json\/wp\/v2\/media\/146062"}],"wp:attachment":[{"href":"https:\/\/ueberlebenskunst.at\/survivalshop\/wp-json\/wp\/v2\/media?parent=129288"}],"wp:term":[{"taxonomy":"product_brand","embeddable":true,"href":"https:\/\/ueberlebenskunst.at\/survivalshop\/wp-json\/wp\/v2\/product_brand?post=129288"},{"taxonomy":"product_cat","embeddable":true,"href":"https:\/\/ueberlebenskunst.at\/survivalshop\/wp-json\/wp\/v2\/product_cat?post=129288"},{"taxonomy":"product_tag","embeddable":true,"href":"https:\/\/ueberlebenskunst.at\/survivalshop\/wp-json\/wp\/v2\/product_tag?post=129288"}],"curies":[{"name":"wp","href":"https:\/\/api.w.org\/{rel}","templated":true}]}}