{"id":129270,"date":"2023-02-27T14:53:54","date_gmt":"2023-02-27T13:53:54","guid":{"rendered":"https:\/\/ueberlebenskunst.at\/survivalshop\/?post_type=product&#038;p=129270"},"modified":"2026-02-14T18:09:34","modified_gmt":"2026-02-14T17:09:34","slug":"multi-mount-fuer-umarex-hdx68-ps320","status":"publish","type":"product","link":"https:\/\/ueberlebenskunst.at\/survivalshop\/shop\/multi-mount-fuer-umarex-hdx68-ps320\/","title":{"rendered":"Multi Mount f\u00fcr TX68 \/ HDX68 \/ PS320"},"content":{"rendered":"<p>Das Multi Mount f\u00fcr die Umarex <a href=\"https:\/\/ueberlebenskunst.at\/survivalshop\/shop\/umarex-nxg-ps-320-shotgun-40-joule\/\" target=\"_blank\" rel=\"noopener\">TX68<\/a> \/ HDX68 \/ <a href=\"https:\/\/ueberlebenskunst.at\/survivalshop\/shop\/umarex-nxg-ps-320-shotgun-40-joule\/\" target=\"_blank\" rel=\"noopener\">NXG PS-320<\/a> ist die ideale Erg\u00e4nzung um auf der seitlichen Picatinnyschiene des Paintball Markierers zus\u00e4tzliche Ausr\u00fcstung montieren zu k\u00f6nnen. Gemacht in der Reini Rossmann Werkstatt also Made in Austria ist dieses Multi Mount einerseits da, um z.B. ein Messer auf der Picatinnyschiene des Paintball Markierers zu montieren bzw. zus\u00e4tzlich erh\u00e4ltliches Zubeh\u00f6r, wie Montage f\u00fcr <a href=\"https:\/\/ueberlebenskunst.at\/survivalshop\/shop\/co2-kapsel-12g\/\" target=\"_blank\" rel=\"noopener\">CO2 Kapseln<\/a> (12g) bzw. Speedloader f\u00fcr die <a href=\"https:\/\/ueberlebenskunst.at\/survivalshop\/shop\/umarex-nxg-ps-320-shotgun-40-joule\/\" target=\"_blank\" rel=\"noopener\">TX68<\/a> \/ HDX68 bzw. <a href=\"https:\/\/ueberlebenskunst.at\/survivalshop\/shop\/umarex-nxg-ps-320-shotgun-40-joule\/\" target=\"_blank\" rel=\"noopener\">NXG PS320<\/a>.<\/p>\n<h3><strong>Produktdaten:<\/strong><\/h3>\n<ul>\n<li>Gewicht: 10 g<\/li>\n<li>Abmessungen: 15 x 30 x 42 mm<\/li>\n<li>Abstand der Bohrungen f\u00fcr die Montage ist 17 &#8211; 22 mm mit einem Durchmesser von 5 mm.<\/li>\n<\/ul>\n<h3><strong>Passt auf:<\/strong><\/h3>\n<ul>\n<li><a href=\"https:\/\/ueberlebenskunst.at\/survivalshop\/shop\/umarex-nxg-ps-320-shotgun-40-joule\/\" target=\"_blank\" rel=\"noopener\">NXG PS320\u00a0<\/a><\/li>\n<li>HDX68<\/li>\n<li><a href=\"https:\/\/ueberlebenskunst.at\/survivalshop\/shop\/umarex-nxg-ps-320-shotgun-40-joule\/\" target=\"_blank\" rel=\"noopener\">TX68<\/a><\/li>\n<\/ul>\n<h3><strong>Passendes Zubeh\u00f6r (extra zu bestellen):<\/strong><\/h3>\n<ul>\n<li><a href=\"https:\/\/ueberlebenskunst.at\/survivalshop\/shop\/2er-schraubenset\/\" target=\"_blank\" rel=\"noopener\">Schrauben 7mm<\/a><\/li>\n<li><a href=\"https:\/\/ueberlebenskunst.at\/survivalshop\/shop\/halter-fuer-co2-kapseln\/\" target=\"_blank\" rel=\"noopener\">CO2 Kapsel Halterung f\u00fcr die 12g Kapseln<\/a><\/li>\n<\/ul>\n<h3><strong>Lieferumfang:<\/strong><\/h3>\n<ul>\n<li>Multi Mount<\/li>\n<li>Schrauben zur Befestigung an der Picatinnyschiene<\/li>\n<li>2er Set TekLok Schrauben zum Befestigen von Zubeh\u00f6r<\/li>\n<\/ul>\n<p>Im Lieferumfang sind nur Multi Mount und Montageschrauben enthalten. Weiteres Zubeh\u00f6r ist extra zu bestellen.<\/p>\n<h3><strong>Bedienungs- &amp; Pflegeanleitung:<\/strong><\/h3>\n<ul>\n<li>Die Reinigung mit Wasser ist m\u00f6glich.<\/li>\n<li>Du solltest das Produkt nicht direkt in die N\u00e4he von Feuer oder anderen Hitzequellen legen!<\/li>\n<li>Wird es \u00fcber l\u00e4ngere Zeit sehr kalten Temperaturen unter 0 \u00b0C ausgesetzt, solltest du in dem Moment darauf achten, dass keine starken Belastungen darauf einwirken.<\/li>\n<\/ul>\n<p>Unsere Produkte sind nicht f\u00fcr Kinder unter 3 Jahren geeignet. Es besteht Verschluckungsgefahr.<\/p>\n<p><a href=\"https:\/\/ueberlebenskunst.at\/survivalshop\/wp-content\/uploads\/2021\/11\/Logo_Kinder.png\"><img decoding=\"async\" class=\"alignnone size-medium wp-image-179571\" src=\"https:\/\/ueberlebenskunst.at\/survivalshop\/wp-content\/uploads\/2021\/11\/Logo_Kinder-300x126.png\" alt=\"\" width=\"300\" height=\"126\" srcset=\"https:\/\/ueberlebenskunst.at\/survivalshop\/wp-content\/uploads\/2021\/11\/Logo_Kinder-300x126.png 300w, https:\/\/ueberlebenskunst.at\/survivalshop\/wp-content\/uploads\/2021\/11\/Logo_Kinder-64x27.png 64w, https:\/\/ueberlebenskunst.at\/survivalshop\/wp-content\/uploads\/2021\/11\/Logo_Kinder.png 401w\" sizes=\"(max-width: 300px) 100vw, 300px\" \/><\/a><\/p>\n<p><span style=\"color: #99cc00;\">Du willst das Produkt in einer anderen Farbe? Schick uns eine E-Mail an shop@ueberlebenskunst.at und wir pr\u00fcfen, ob dein Farbwunsch\u00a0m\u00f6glich\u00a0ist.<\/span><\/p>\n","protected":false},"excerpt":{"rendered":"<p>Das Multi Mount f\u00fcr die Umarex TX68 \/ HDX68 \/ NXG PS-320 ist die ideale Erg\u00e4nzung um auf der seitlichen Picatinnyschiene des Paintball Markierers zus\u00e4tzliche Ausr\u00fcstung montieren zu k\u00f6nnen. Gemacht in der Reini Rossmann Werkstatt also Made in Austria ist dieses Multi Mount einerseits da, um z.B. ein Messer auf der Picatinnyschiene des Paintball Markierers [&hellip;]<\/p>\n","protected":false},"featured_media":144862,"comment_status":"open","ping_status":"closed","template":"","meta":{"_acf_changed":false},"product_brand":[],"product_cat":[2389],"product_tag":[1435,1433,1600,1601],"class_list":{"0":"post-129270","1":"product","2":"type-product","3":"status-publish","4":"has-post-thumbnail","6":"product_cat-flohmarkt","7":"product_tag-hdx68","8":"product_tag-multi-mount","9":"product_tag-ps320","10":"product_tag-tx68","12":"first","13":"instock","14":"sale","15":"taxable","16":"shipping-taxable","17":"purchasable","18":"product-type-simple"},"acf":[],"yoast_head":"<!-- This site is optimized with the Yoast SEO plugin v27.1.1 - https:\/\/yoast.com\/product\/yoast-seo-wordpress\/ -->\n<title>Multi Mount f\u00fcr TX68 \/ HDX68 \/ PS320 - Reini Rossmann - Survival Shop<\/title>\n<meta name=\"robots\" content=\"index, follow, max-snippet:-1, max-image-preview:large, max-video-preview:-1\" \/>\n<link rel=\"canonical\" href=\"https:\/\/ueberlebenskunst.at\/survivalshop\/shop\/multi-mount-fuer-umarex-hdx68-ps320\/\" \/>\n<meta property=\"og:locale\" content=\"de_DE\" \/>\n<meta property=\"og:type\" content=\"article\" \/>\n<meta property=\"og:title\" content=\"Multi Mount f\u00fcr TX68 \/ HDX68 \/ PS320 - Reini Rossmann - Survival Shop\" \/>\n<meta property=\"og:description\" content=\"Das Multi Mount f\u00fcr die Umarex TX68 \/ HDX68 \/ NXG PS-320 ist die ideale Erg\u00e4nzung um auf der seitlichen Picatinnyschiene des Paintball Markierers zus\u00e4tzliche Ausr\u00fcstung montieren zu k\u00f6nnen. Gemacht in der Reini Rossmann Werkstatt also Made in Austria ist dieses Multi Mount einerseits da, um z.B. ein Messer auf der Picatinnyschiene des Paintball Markierers [&hellip;]\" \/>\n<meta property=\"og:url\" content=\"https:\/\/ueberlebenskunst.at\/survivalshop\/shop\/multi-mount-fuer-umarex-hdx68-ps320\/\" \/>\n<meta property=\"og:site_name\" content=\"Reini Rossmann - Survival Shop\" \/>\n<meta property=\"article:publisher\" content=\"https:\/\/www.facebook.com\/survival24.org\/\" \/>\n<meta property=\"article:modified_time\" content=\"2026-02-14T17:09:34+00:00\" \/>\n<meta property=\"og:image\" content=\"https:\/\/ueberlebenskunst.at\/survivalshop\/wp-content\/uploads\/2023\/02\/Multi-Mount-fuer-Umarex-HDX68-PS320-1.jpg\" \/>\n\t<meta property=\"og:image:width\" content=\"400\" \/>\n\t<meta property=\"og:image:height\" content=\"400\" \/>\n\t<meta property=\"og:image:type\" content=\"image\/jpeg\" \/>\n<meta name=\"twitter:card\" content=\"summary_large_image\" \/>\n<meta name=\"twitter:label1\" content=\"Gesch\u00e4tzte Lesezeit\" \/>\n\t<meta name=\"twitter:data1\" content=\"2\u00a0Minuten\" \/>\n<script type=\"application\/ld+json\" class=\"yoast-schema-graph\">{\"@context\":\"https:\/\/schema.org\",\"@graph\":[{\"@type\":\"WebPage\",\"@id\":\"https:\/\/ueberlebenskunst.at\/survivalshop\/shop\/multi-mount-fuer-umarex-hdx68-ps320\/\",\"url\":\"https:\/\/ueberlebenskunst.at\/survivalshop\/shop\/multi-mount-fuer-umarex-hdx68-ps320\/\",\"name\":\"Multi Mount f\u00fcr TX68 \/ HDX68 \/ PS320 - Reini Rossmann - Survival Shop\",\"isPartOf\":{\"@id\":\"https:\/\/ueberlebenskunst.at\/survivalshop\/#website\"},\"primaryImageOfPage\":{\"@id\":\"https:\/\/ueberlebenskunst.at\/survivalshop\/shop\/multi-mount-fuer-umarex-hdx68-ps320\/#primaryimage\"},\"image\":{\"@id\":\"https:\/\/ueberlebenskunst.at\/survivalshop\/shop\/multi-mount-fuer-umarex-hdx68-ps320\/#primaryimage\"},\"thumbnailUrl\":\"https:\/\/ueberlebenskunst.at\/survivalshop\/wp-content\/uploads\/2023\/02\/Multi-Mount-fuer-Umarex-HDX68-PS320-1.jpg\",\"datePublished\":\"2023-02-27T13:53:54+00:00\",\"dateModified\":\"2026-02-14T17:09:34+00:00\",\"breadcrumb\":{\"@id\":\"https:\/\/ueberlebenskunst.at\/survivalshop\/shop\/multi-mount-fuer-umarex-hdx68-ps320\/#breadcrumb\"},\"inLanguage\":\"de\",\"potentialAction\":[{\"@type\":\"ReadAction\",\"target\":[\"https:\/\/ueberlebenskunst.at\/survivalshop\/shop\/multi-mount-fuer-umarex-hdx68-ps320\/\"]}]},{\"@type\":\"ImageObject\",\"inLanguage\":\"de\",\"@id\":\"https:\/\/ueberlebenskunst.at\/survivalshop\/shop\/multi-mount-fuer-umarex-hdx68-ps320\/#primaryimage\",\"url\":\"https:\/\/ueberlebenskunst.at\/survivalshop\/wp-content\/uploads\/2023\/02\/Multi-Mount-fuer-Umarex-HDX68-PS320-1.jpg\",\"contentUrl\":\"https:\/\/ueberlebenskunst.at\/survivalshop\/wp-content\/uploads\/2023\/02\/Multi-Mount-fuer-Umarex-HDX68-PS320-1.jpg\",\"width\":400,\"height\":400},{\"@type\":\"BreadcrumbList\",\"@id\":\"https:\/\/ueberlebenskunst.at\/survivalshop\/shop\/multi-mount-fuer-umarex-hdx68-ps320\/#breadcrumb\",\"itemListElement\":[{\"@type\":\"ListItem\",\"position\":1,\"name\":\"Startseite\",\"item\":\"https:\/\/ueberlebenskunst.at\/survivalshop\/\"},{\"@type\":\"ListItem\",\"position\":2,\"name\":\"Shop\",\"item\":\"https:\/\/ueberlebenskunst.at\/survivalshop\/shop\/\"},{\"@type\":\"ListItem\",\"position\":3,\"name\":\"Multi Mount f\u00fcr TX68 \/ HDX68 \/ PS320\"}]},{\"@type\":\"WebSite\",\"@id\":\"https:\/\/ueberlebenskunst.at\/survivalshop\/#website\",\"url\":\"https:\/\/ueberlebenskunst.at\/survivalshop\/\",\"name\":\"Reini Rossmann - Survival Shop\",\"description\":\"Survival Shop f\u00fcr Survival, Bushcraft und Prepper\",\"potentialAction\":[{\"@type\":\"SearchAction\",\"target\":{\"@type\":\"EntryPoint\",\"urlTemplate\":\"https:\/\/ueberlebenskunst.at\/survivalshop\/?s={search_term_string}\"},\"query-input\":{\"@type\":\"PropertyValueSpecification\",\"valueRequired\":true,\"valueName\":\"search_term_string\"}}],\"inLanguage\":\"de\"}]}<\/script>\n<!-- \/ Yoast SEO plugin. -->","yoast_head_json":{"title":"Multi Mount f\u00fcr TX68 \/ HDX68 \/ PS320 - Reini Rossmann - Survival Shop","robots":{"index":"index","follow":"follow","max-snippet":"max-snippet:-1","max-image-preview":"max-image-preview:large","max-video-preview":"max-video-preview:-1"},"canonical":"https:\/\/ueberlebenskunst.at\/survivalshop\/shop\/multi-mount-fuer-umarex-hdx68-ps320\/","og_locale":"de_DE","og_type":"article","og_title":"Multi Mount f\u00fcr TX68 \/ HDX68 \/ PS320 - Reini Rossmann - Survival Shop","og_description":"Das Multi Mount f\u00fcr die Umarex TX68 \/ HDX68 \/ NXG PS-320 ist die ideale Erg\u00e4nzung um auf der seitlichen Picatinnyschiene des Paintball Markierers zus\u00e4tzliche Ausr\u00fcstung montieren zu k\u00f6nnen. Gemacht in der Reini Rossmann Werkstatt also Made in Austria ist dieses Multi Mount einerseits da, um z.B. ein Messer auf der Picatinnyschiene des Paintball Markierers [&hellip;]","og_url":"https:\/\/ueberlebenskunst.at\/survivalshop\/shop\/multi-mount-fuer-umarex-hdx68-ps320\/","og_site_name":"Reini Rossmann - Survival Shop","article_publisher":"https:\/\/www.facebook.com\/survival24.org\/","article_modified_time":"2026-02-14T17:09:34+00:00","og_image":[{"width":400,"height":400,"url":"https:\/\/ueberlebenskunst.at\/survivalshop\/wp-content\/uploads\/2023\/02\/Multi-Mount-fuer-Umarex-HDX68-PS320-1.jpg","type":"image\/jpeg"}],"twitter_card":"summary_large_image","twitter_misc":{"Gesch\u00e4tzte Lesezeit":"2\u00a0Minuten"},"schema":{"@context":"https:\/\/schema.org","@graph":[{"@type":"WebPage","@id":"https:\/\/ueberlebenskunst.at\/survivalshop\/shop\/multi-mount-fuer-umarex-hdx68-ps320\/","url":"https:\/\/ueberlebenskunst.at\/survivalshop\/shop\/multi-mount-fuer-umarex-hdx68-ps320\/","name":"Multi Mount f\u00fcr TX68 \/ HDX68 \/ PS320 - Reini Rossmann - Survival Shop","isPartOf":{"@id":"https:\/\/ueberlebenskunst.at\/survivalshop\/#website"},"primaryImageOfPage":{"@id":"https:\/\/ueberlebenskunst.at\/survivalshop\/shop\/multi-mount-fuer-umarex-hdx68-ps320\/#primaryimage"},"image":{"@id":"https:\/\/ueberlebenskunst.at\/survivalshop\/shop\/multi-mount-fuer-umarex-hdx68-ps320\/#primaryimage"},"thumbnailUrl":"https:\/\/ueberlebenskunst.at\/survivalshop\/wp-content\/uploads\/2023\/02\/Multi-Mount-fuer-Umarex-HDX68-PS320-1.jpg","datePublished":"2023-02-27T13:53:54+00:00","dateModified":"2026-02-14T17:09:34+00:00","breadcrumb":{"@id":"https:\/\/ueberlebenskunst.at\/survivalshop\/shop\/multi-mount-fuer-umarex-hdx68-ps320\/#breadcrumb"},"inLanguage":"de","potentialAction":[{"@type":"ReadAction","target":["https:\/\/ueberlebenskunst.at\/survivalshop\/shop\/multi-mount-fuer-umarex-hdx68-ps320\/"]}]},{"@type":"ImageObject","inLanguage":"de","@id":"https:\/\/ueberlebenskunst.at\/survivalshop\/shop\/multi-mount-fuer-umarex-hdx68-ps320\/#primaryimage","url":"https:\/\/ueberlebenskunst.at\/survivalshop\/wp-content\/uploads\/2023\/02\/Multi-Mount-fuer-Umarex-HDX68-PS320-1.jpg","contentUrl":"https:\/\/ueberlebenskunst.at\/survivalshop\/wp-content\/uploads\/2023\/02\/Multi-Mount-fuer-Umarex-HDX68-PS320-1.jpg","width":400,"height":400},{"@type":"BreadcrumbList","@id":"https:\/\/ueberlebenskunst.at\/survivalshop\/shop\/multi-mount-fuer-umarex-hdx68-ps320\/#breadcrumb","itemListElement":[{"@type":"ListItem","position":1,"name":"Startseite","item":"https:\/\/ueberlebenskunst.at\/survivalshop\/"},{"@type":"ListItem","position":2,"name":"Shop","item":"https:\/\/ueberlebenskunst.at\/survivalshop\/shop\/"},{"@type":"ListItem","position":3,"name":"Multi Mount f\u00fcr TX68 \/ HDX68 \/ PS320"}]},{"@type":"WebSite","@id":"https:\/\/ueberlebenskunst.at\/survivalshop\/#website","url":"https:\/\/ueberlebenskunst.at\/survivalshop\/","name":"Reini Rossmann - Survival Shop","description":"Survival Shop f\u00fcr Survival, Bushcraft und Prepper","potentialAction":[{"@type":"SearchAction","target":{"@type":"EntryPoint","urlTemplate":"https:\/\/ueberlebenskunst.at\/survivalshop\/?s={search_term_string}"},"query-input":{"@type":"PropertyValueSpecification","valueRequired":true,"valueName":"search_term_string"}}],"inLanguage":"de"}]}},"_links":{"self":[{"href":"https:\/\/ueberlebenskunst.at\/survivalshop\/wp-json\/wp\/v2\/product\/129270","targetHints":{"allow":["GET"]}}],"collection":[{"href":"https:\/\/ueberlebenskunst.at\/survivalshop\/wp-json\/wp\/v2\/product"}],"about":[{"href":"https:\/\/ueberlebenskunst.at\/survivalshop\/wp-json\/wp\/v2\/types\/product"}],"replies":[{"embeddable":true,"href":"https:\/\/ueberlebenskunst.at\/survivalshop\/wp-json\/wp\/v2\/comments?post=129270"}],"wp:featuredmedia":[{"embeddable":true,"href":"https:\/\/ueberlebenskunst.at\/survivalshop\/wp-json\/wp\/v2\/media\/144862"}],"wp:attachment":[{"href":"https:\/\/ueberlebenskunst.at\/survivalshop\/wp-json\/wp\/v2\/media?parent=129270"}],"wp:term":[{"taxonomy":"product_brand","embeddable":true,"href":"https:\/\/ueberlebenskunst.at\/survivalshop\/wp-json\/wp\/v2\/product_brand?post=129270"},{"taxonomy":"product_cat","embeddable":true,"href":"https:\/\/ueberlebenskunst.at\/survivalshop\/wp-json\/wp\/v2\/product_cat?post=129270"},{"taxonomy":"product_tag","embeddable":true,"href":"https:\/\/ueberlebenskunst.at\/survivalshop\/wp-json\/wp\/v2\/product_tag?post=129270"}],"curies":[{"name":"wp","href":"https:\/\/api.w.org\/{rel}","templated":true}]}}