{"id":128801,"date":"2023-02-22T13:26:10","date_gmt":"2023-02-22T12:26:10","guid":{"rendered":"https:\/\/ueberlebenskunst.at\/survivalshop\/?post_type=product&#038;p=128801"},"modified":"2026-02-14T09:22:00","modified_gmt":"2026-02-14T08:22:00","slug":"x-bow-fma-supersonic-picatinny-schiene","status":"publish","type":"product","link":"https:\/\/ueberlebenskunst.at\/survivalshop\/shop\/x-bow-fma-supersonic-picatinny-schiene\/","title":{"rendered":"X-BOW FMA Picatinny Schiene"},"content":{"rendered":"<h3><strong>Wir bieten 4 Varianten an:<\/strong><\/h3>\n<ul>\n<li>kurze Picatinnyschiene f\u00fcr Supersonic<\/li>\n<li>lange Picatinnyschiene f\u00fcr Supersonic<\/li>\n<li>lange Picatinnyschiene f\u00fcr Supersonic XL<\/li>\n<li>lange Picatinnyschiene f\u00fcr Supersonic REV<\/li>\n<\/ul>\n<h3><strong>Info zur jeweiligen Picatinnyschiene:<\/strong><\/h3>\n<p><strong><em>X-BOW FMA <span style=\"color: #0000ff;\">Supersonic<\/span> &#8211; <span style=\"color: #0000ff;\">Short<\/span> Rail &#8211; Picatinny Schiene:<\/em><\/strong><br \/>\nDie Short Rail Picatinny Schiene erm\u00f6glicht den Anbau verschiedener Zubeh\u00f6rteile an die X-BOW FMA Supersonic. Die genormte Picatinny Schiene besteht aus leichtem Aluminium und ist 60mm lang. Zur Montage unterhalb der Supersonic m\u00fcssen der Frontgriff und der Fingerschutz entfernt werden. Anschlie\u00dfend l\u00e4sst sich die Supersonic z.B. mit einem Zweibein oder einem Griff mit Picatinny-Befestigung ausstatten.<br \/>\n<strong>Produktdaten:<\/strong><\/p>\n<ul>\n<li>L\u00e4nge: 60 mm<\/li>\n<li>Breite: 21,2 mm<\/li>\n<li>Gewicht: 23 g<\/li>\n<li>Lieferumfang: 1 St\u00fcck inkl. Befestigungsschrauben<\/li>\n<\/ul>\n<hr \/>\n<p>&nbsp;<\/p>\n<p><em><strong>X-BOW FMA <span style=\"color: #0000ff;\">Supersonic<\/span> &#8211; <span style=\"color: #0000ff;\">Long<\/span> Rail &#8211; Picatinny Schiene<\/strong><\/em><br \/>\nDie Long Rail Picatinny Schiene erm\u00f6glicht den Anbau verschiedener Zubeh\u00f6rteile an die X-BOW FMA Supersonic. Die genormte Picatinny Schiene besteht aus leichtem Aluminium und ist 203mm lang. Zur Montage unterhalb der Supersonic m\u00fcssen der Frontgriff und der Fingerschutz entfernt werden. Anschlie\u00dfend l\u00e4sst sich die Supersonic z.B. mit einem Zweibein oder einem Griff mit Picatinny-Befestigung ausstatten.<br \/>\n<em>Nur geeignet f\u00fcr die X-BOW fma Supersonic.<\/em><br \/>\n<strong>Produktdaten:<\/strong><\/p>\n<ul>\n<li>L\u00e4nge: 203 mm<\/li>\n<li>Breite: 21,2 mm<\/li>\n<li>Gewicht: 71 g<\/li>\n<li>Lieferumfang: 1 St\u00fcck inkl. Befestigungsschrauben<\/li>\n<\/ul>\n<hr \/>\n<p>&nbsp;<\/p>\n<p><em><strong>X-BOW FMA <span style=\"color: #0000ff;\">Supersonic XL<\/span> &#8211; <span style=\"color: #0000ff;\">Long<\/span> Rail &#8211; Picatinny Schiene<\/strong><\/em><br \/>\nDie Long Rail Picatinny Schiene erm\u00f6glicht den Anbau verschiedener Zubeh\u00f6rteile an die X-BOW FMA Supersonic XL. Die genormte Picatinny Schiene besteht aus leichtem Aluminium und ist 203mm lang. Zur Montage unterhalb der Supersonic m\u00fcssen der Frontgriff und der Fingerschutz entfernt werden. Anschlie\u00dfend l\u00e4sst sich die Supersonic z.B. mit einem Zweibein oder einem Griff mit Picatinny-Befestigung ausstatten.<br \/>\n<em>Nur geeignet f\u00fcr die X-BOW fma Supersonic XL.<\/em><br \/>\n<strong>Produktdaten:<\/strong><\/p>\n<ul>\n<li>L\u00e4nge: 203 mm<\/li>\n<li>Breite: 21,2 mm<\/li>\n<li>Gewicht: 71 g<\/li>\n<li>Lieferumfang: 1 St\u00fcck inkl. Befestigungsschrauben<\/li>\n<\/ul>\n<hr \/>\n<p>&nbsp;<\/p>\n<p><em><strong>X-BOW FMA <span style=\"color: #0000ff;\">Supersonic REV<\/span> &#8211; Picatinnyschiene<\/strong><\/em><\/p>\n<p>Die Picatinny Schiene erm\u00f6glicht den Anbau verschiedener Zubeh\u00f6rteile an die X-BOW FMA Supersonic REV. Die genormte Picatinny Schiene besteht aus leichtem Aluminium. Zur Montage unterhalb der Supersonic m\u00fcssen der Frontgriff und der Fingerschutz entfernt werden. Anschlie\u00dfend l\u00e4sst sich die Supersonic z.B. mit einem Zweibein oder einem Griff mit Picatinny-Befestigung ausstatten.<br \/>\n<strong>Produktdaten:<\/strong><\/p>\n<ul>\n<li>L\u00e4nge: 16,4 mm<\/li>\n<li>Breite: 21,2 mm<\/li>\n<li>Gewicht: 63 g<\/li>\n<li>Lieferumfang: 1 St\u00fcck inkl. Befestigungsschrauben<\/li>\n<\/ul>\n","protected":false},"excerpt":{"rendered":"<p>Wir bieten 4 Varianten an: kurze Picatinnyschiene f\u00fcr Supersonic lange Picatinnyschiene f\u00fcr Supersonic lange Picatinnyschiene f\u00fcr Supersonic XL lange Picatinnyschiene f\u00fcr Supersonic REV Info zur jeweiligen Picatinnyschiene: X-BOW FMA Supersonic &#8211; Short Rail &#8211; Picatinny Schiene: Die Short Rail Picatinny Schiene erm\u00f6glicht den Anbau verschiedener Zubeh\u00f6rteile an die X-BOW FMA Supersonic. Die genormte Picatinny Schiene [&hellip;]<\/p>\n","protected":false},"featured_media":144865,"comment_status":"open","ping_status":"closed","template":"","meta":{"_acf_changed":false},"product_brand":[],"product_cat":[2389],"product_tag":[2390,1224],"class_list":{"0":"post-128801","1":"product","2":"type-product","3":"status-publish","4":"has-post-thumbnail","6":"product_cat-flohmarkt","7":"product_tag-flohmarkt","8":"product_tag-supersonic","9":"pa_size-long-rail-fuer-supersonic","10":"pa_size-long-rail-fuer-supersonic-rev","11":"pa_size-long-rail-fuer-supersonic-xl","12":"pa_size-short-rail-fuer-supersonic","14":"first","15":"instock","16":"sale","17":"taxable","18":"shipping-taxable","19":"purchasable","20":"product-type-variable","21":"has-default-attributes"},"acf":[],"yoast_head":"<!-- This site is optimized with the Yoast SEO plugin v27.1.1 - https:\/\/yoast.com\/product\/yoast-seo-wordpress\/ -->\n<title>X-BOW FMA Picatinny Schiene - Reini Rossmann - Survival Shop<\/title>\n<meta name=\"robots\" content=\"index, follow, max-snippet:-1, max-image-preview:large, max-video-preview:-1\" \/>\n<link rel=\"canonical\" href=\"https:\/\/ueberlebenskunst.at\/survivalshop\/shop\/x-bow-fma-supersonic-picatinny-schiene\/\" \/>\n<meta property=\"og:locale\" content=\"de_DE\" \/>\n<meta property=\"og:type\" content=\"article\" \/>\n<meta property=\"og:title\" content=\"X-BOW FMA Picatinny Schiene - Reini Rossmann - Survival Shop\" \/>\n<meta property=\"og:description\" content=\"Wir bieten 4 Varianten an: kurze Picatinnyschiene f\u00fcr Supersonic lange Picatinnyschiene f\u00fcr Supersonic lange Picatinnyschiene f\u00fcr Supersonic XL lange Picatinnyschiene f\u00fcr Supersonic REV Info zur jeweiligen Picatinnyschiene: X-BOW FMA Supersonic &#8211; Short Rail &#8211; Picatinny Schiene: Die Short Rail Picatinny Schiene erm\u00f6glicht den Anbau verschiedener Zubeh\u00f6rteile an die X-BOW FMA Supersonic. Die genormte Picatinny Schiene [&hellip;]\" \/>\n<meta property=\"og:url\" content=\"https:\/\/ueberlebenskunst.at\/survivalshop\/shop\/x-bow-fma-supersonic-picatinny-schiene\/\" \/>\n<meta property=\"og:site_name\" content=\"Reini Rossmann - Survival Shop\" \/>\n<meta property=\"article:publisher\" content=\"https:\/\/www.facebook.com\/survival24.org\/\" \/>\n<meta property=\"article:modified_time\" content=\"2026-02-14T08:22:00+00:00\" \/>\n<meta property=\"og:image\" content=\"https:\/\/ueberlebenskunst.at\/survivalshop\/wp-content\/uploads\/2023\/02\/x-bow-fma-supersonic-short-rail-picatinny-schiene_5-1.jpg\" \/>\n\t<meta property=\"og:image:width\" content=\"400\" \/>\n\t<meta property=\"og:image:height\" content=\"400\" \/>\n\t<meta property=\"og:image:type\" content=\"image\/jpeg\" \/>\n<meta name=\"twitter:card\" content=\"summary_large_image\" \/>\n<meta name=\"twitter:label1\" content=\"Gesch\u00e4tzte Lesezeit\" \/>\n\t<meta name=\"twitter:data1\" content=\"3\u00a0Minuten\" \/>\n<script type=\"application\/ld+json\" class=\"yoast-schema-graph\">{\"@context\":\"https:\/\/schema.org\",\"@graph\":[{\"@type\":\"WebPage\",\"@id\":\"https:\/\/ueberlebenskunst.at\/survivalshop\/shop\/x-bow-fma-supersonic-picatinny-schiene\/\",\"url\":\"https:\/\/ueberlebenskunst.at\/survivalshop\/shop\/x-bow-fma-supersonic-picatinny-schiene\/\",\"name\":\"X-BOW FMA Picatinny Schiene - Reini Rossmann - Survival Shop\",\"isPartOf\":{\"@id\":\"https:\/\/ueberlebenskunst.at\/survivalshop\/#website\"},\"primaryImageOfPage\":{\"@id\":\"https:\/\/ueberlebenskunst.at\/survivalshop\/shop\/x-bow-fma-supersonic-picatinny-schiene\/#primaryimage\"},\"image\":{\"@id\":\"https:\/\/ueberlebenskunst.at\/survivalshop\/shop\/x-bow-fma-supersonic-picatinny-schiene\/#primaryimage\"},\"thumbnailUrl\":\"https:\/\/ueberlebenskunst.at\/survivalshop\/wp-content\/uploads\/2023\/02\/x-bow-fma-supersonic-short-rail-picatinny-schiene_5-1.jpg\",\"datePublished\":\"2023-02-22T12:26:10+00:00\",\"dateModified\":\"2026-02-14T08:22:00+00:00\",\"breadcrumb\":{\"@id\":\"https:\/\/ueberlebenskunst.at\/survivalshop\/shop\/x-bow-fma-supersonic-picatinny-schiene\/#breadcrumb\"},\"inLanguage\":\"de\",\"potentialAction\":[{\"@type\":\"ReadAction\",\"target\":[\"https:\/\/ueberlebenskunst.at\/survivalshop\/shop\/x-bow-fma-supersonic-picatinny-schiene\/\"]}]},{\"@type\":\"ImageObject\",\"inLanguage\":\"de\",\"@id\":\"https:\/\/ueberlebenskunst.at\/survivalshop\/shop\/x-bow-fma-supersonic-picatinny-schiene\/#primaryimage\",\"url\":\"https:\/\/ueberlebenskunst.at\/survivalshop\/wp-content\/uploads\/2023\/02\/x-bow-fma-supersonic-short-rail-picatinny-schiene_5-1.jpg\",\"contentUrl\":\"https:\/\/ueberlebenskunst.at\/survivalshop\/wp-content\/uploads\/2023\/02\/x-bow-fma-supersonic-short-rail-picatinny-schiene_5-1.jpg\",\"width\":400,\"height\":400},{\"@type\":\"BreadcrumbList\",\"@id\":\"https:\/\/ueberlebenskunst.at\/survivalshop\/shop\/x-bow-fma-supersonic-picatinny-schiene\/#breadcrumb\",\"itemListElement\":[{\"@type\":\"ListItem\",\"position\":1,\"name\":\"Startseite\",\"item\":\"https:\/\/ueberlebenskunst.at\/survivalshop\/\"},{\"@type\":\"ListItem\",\"position\":2,\"name\":\"Shop\",\"item\":\"https:\/\/ueberlebenskunst.at\/survivalshop\/shop\/\"},{\"@type\":\"ListItem\",\"position\":3,\"name\":\"X-BOW FMA Picatinny Schiene\"}]},{\"@type\":\"WebSite\",\"@id\":\"https:\/\/ueberlebenskunst.at\/survivalshop\/#website\",\"url\":\"https:\/\/ueberlebenskunst.at\/survivalshop\/\",\"name\":\"Reini Rossmann - Survival Shop\",\"description\":\"Survival Shop f\u00fcr Survival, Bushcraft und Prepper\",\"potentialAction\":[{\"@type\":\"SearchAction\",\"target\":{\"@type\":\"EntryPoint\",\"urlTemplate\":\"https:\/\/ueberlebenskunst.at\/survivalshop\/?s={search_term_string}\"},\"query-input\":{\"@type\":\"PropertyValueSpecification\",\"valueRequired\":true,\"valueName\":\"search_term_string\"}}],\"inLanguage\":\"de\"}]}<\/script>\n<!-- \/ Yoast SEO plugin. -->","yoast_head_json":{"title":"X-BOW FMA Picatinny Schiene - Reini Rossmann - Survival Shop","robots":{"index":"index","follow":"follow","max-snippet":"max-snippet:-1","max-image-preview":"max-image-preview:large","max-video-preview":"max-video-preview:-1"},"canonical":"https:\/\/ueberlebenskunst.at\/survivalshop\/shop\/x-bow-fma-supersonic-picatinny-schiene\/","og_locale":"de_DE","og_type":"article","og_title":"X-BOW FMA Picatinny Schiene - Reini Rossmann - Survival Shop","og_description":"Wir bieten 4 Varianten an: kurze Picatinnyschiene f\u00fcr Supersonic lange Picatinnyschiene f\u00fcr Supersonic lange Picatinnyschiene f\u00fcr Supersonic XL lange Picatinnyschiene f\u00fcr Supersonic REV Info zur jeweiligen Picatinnyschiene: X-BOW FMA Supersonic &#8211; Short Rail &#8211; Picatinny Schiene: Die Short Rail Picatinny Schiene erm\u00f6glicht den Anbau verschiedener Zubeh\u00f6rteile an die X-BOW FMA Supersonic. Die genormte Picatinny Schiene [&hellip;]","og_url":"https:\/\/ueberlebenskunst.at\/survivalshop\/shop\/x-bow-fma-supersonic-picatinny-schiene\/","og_site_name":"Reini Rossmann - Survival Shop","article_publisher":"https:\/\/www.facebook.com\/survival24.org\/","article_modified_time":"2026-02-14T08:22:00+00:00","og_image":[{"width":400,"height":400,"url":"https:\/\/ueberlebenskunst.at\/survivalshop\/wp-content\/uploads\/2023\/02\/x-bow-fma-supersonic-short-rail-picatinny-schiene_5-1.jpg","type":"image\/jpeg"}],"twitter_card":"summary_large_image","twitter_misc":{"Gesch\u00e4tzte Lesezeit":"3\u00a0Minuten"},"schema":{"@context":"https:\/\/schema.org","@graph":[{"@type":"WebPage","@id":"https:\/\/ueberlebenskunst.at\/survivalshop\/shop\/x-bow-fma-supersonic-picatinny-schiene\/","url":"https:\/\/ueberlebenskunst.at\/survivalshop\/shop\/x-bow-fma-supersonic-picatinny-schiene\/","name":"X-BOW FMA Picatinny Schiene - Reini Rossmann - Survival Shop","isPartOf":{"@id":"https:\/\/ueberlebenskunst.at\/survivalshop\/#website"},"primaryImageOfPage":{"@id":"https:\/\/ueberlebenskunst.at\/survivalshop\/shop\/x-bow-fma-supersonic-picatinny-schiene\/#primaryimage"},"image":{"@id":"https:\/\/ueberlebenskunst.at\/survivalshop\/shop\/x-bow-fma-supersonic-picatinny-schiene\/#primaryimage"},"thumbnailUrl":"https:\/\/ueberlebenskunst.at\/survivalshop\/wp-content\/uploads\/2023\/02\/x-bow-fma-supersonic-short-rail-picatinny-schiene_5-1.jpg","datePublished":"2023-02-22T12:26:10+00:00","dateModified":"2026-02-14T08:22:00+00:00","breadcrumb":{"@id":"https:\/\/ueberlebenskunst.at\/survivalshop\/shop\/x-bow-fma-supersonic-picatinny-schiene\/#breadcrumb"},"inLanguage":"de","potentialAction":[{"@type":"ReadAction","target":["https:\/\/ueberlebenskunst.at\/survivalshop\/shop\/x-bow-fma-supersonic-picatinny-schiene\/"]}]},{"@type":"ImageObject","inLanguage":"de","@id":"https:\/\/ueberlebenskunst.at\/survivalshop\/shop\/x-bow-fma-supersonic-picatinny-schiene\/#primaryimage","url":"https:\/\/ueberlebenskunst.at\/survivalshop\/wp-content\/uploads\/2023\/02\/x-bow-fma-supersonic-short-rail-picatinny-schiene_5-1.jpg","contentUrl":"https:\/\/ueberlebenskunst.at\/survivalshop\/wp-content\/uploads\/2023\/02\/x-bow-fma-supersonic-short-rail-picatinny-schiene_5-1.jpg","width":400,"height":400},{"@type":"BreadcrumbList","@id":"https:\/\/ueberlebenskunst.at\/survivalshop\/shop\/x-bow-fma-supersonic-picatinny-schiene\/#breadcrumb","itemListElement":[{"@type":"ListItem","position":1,"name":"Startseite","item":"https:\/\/ueberlebenskunst.at\/survivalshop\/"},{"@type":"ListItem","position":2,"name":"Shop","item":"https:\/\/ueberlebenskunst.at\/survivalshop\/shop\/"},{"@type":"ListItem","position":3,"name":"X-BOW FMA Picatinny Schiene"}]},{"@type":"WebSite","@id":"https:\/\/ueberlebenskunst.at\/survivalshop\/#website","url":"https:\/\/ueberlebenskunst.at\/survivalshop\/","name":"Reini Rossmann - Survival Shop","description":"Survival Shop f\u00fcr Survival, Bushcraft und Prepper","potentialAction":[{"@type":"SearchAction","target":{"@type":"EntryPoint","urlTemplate":"https:\/\/ueberlebenskunst.at\/survivalshop\/?s={search_term_string}"},"query-input":{"@type":"PropertyValueSpecification","valueRequired":true,"valueName":"search_term_string"}}],"inLanguage":"de"}]}},"_links":{"self":[{"href":"https:\/\/ueberlebenskunst.at\/survivalshop\/wp-json\/wp\/v2\/product\/128801","targetHints":{"allow":["GET"]}}],"collection":[{"href":"https:\/\/ueberlebenskunst.at\/survivalshop\/wp-json\/wp\/v2\/product"}],"about":[{"href":"https:\/\/ueberlebenskunst.at\/survivalshop\/wp-json\/wp\/v2\/types\/product"}],"replies":[{"embeddable":true,"href":"https:\/\/ueberlebenskunst.at\/survivalshop\/wp-json\/wp\/v2\/comments?post=128801"}],"wp:featuredmedia":[{"embeddable":true,"href":"https:\/\/ueberlebenskunst.at\/survivalshop\/wp-json\/wp\/v2\/media\/144865"}],"wp:attachment":[{"href":"https:\/\/ueberlebenskunst.at\/survivalshop\/wp-json\/wp\/v2\/media?parent=128801"}],"wp:term":[{"taxonomy":"product_brand","embeddable":true,"href":"https:\/\/ueberlebenskunst.at\/survivalshop\/wp-json\/wp\/v2\/product_brand?post=128801"},{"taxonomy":"product_cat","embeddable":true,"href":"https:\/\/ueberlebenskunst.at\/survivalshop\/wp-json\/wp\/v2\/product_cat?post=128801"},{"taxonomy":"product_tag","embeddable":true,"href":"https:\/\/ueberlebenskunst.at\/survivalshop\/wp-json\/wp\/v2\/product_tag?post=128801"}],"curies":[{"name":"wp","href":"https:\/\/api.w.org\/{rel}","templated":true}]}}