{"id":128326,"date":"2023-02-16T11:41:40","date_gmt":"2023-02-16T10:41:40","guid":{"rendered":"https:\/\/ueberlebenskunst.at\/survivalshop\/?post_type=product&#038;p=128326"},"modified":"2026-04-12T20:01:07","modified_gmt":"2026-04-12T18:01:07","slug":"huntsman-halterung-beaver","status":"publish","type":"product","link":"https:\/\/ueberlebenskunst.at\/survivalshop\/shop\/huntsman-halterung-beaver\/","title":{"rendered":"K4 Beaver Halterung f\u00fcr Victorinox Huntsman \/ Fieldmaster \/ Fisherman \/ Explorer"},"content":{"rendered":"<p>Die Halterung f\u00fcr das Victorinox Huntsman \/ Fisherman \/ Explorer \/ <a href=\"https:\/\/ueberlebenskunst.at\/survivalshop\/shop\/victorinox-fieldmaster\/\" target=\"_blank\" rel=\"noopener\">Fieldmaster<\/a> ist ideal f\u00fcr unseren <a href=\"https:\/\/ueberlebenskunst.at\/survivalshop\/shop\/reini-rossmann-messer-bushcraft-beaver\/\" target=\"_blank\" rel=\"noopener\">Bushcraft Beaver<\/a>, aber auch f\u00fcr den brandneuen Survival Beaver verf\u00fcgbar und passgenau gemacht.<br \/>\nWarum sollst du dar\u00fcber nachdenken diese Halterung \u00fcberhaupt zu montieren? Der Bushcraft und der Survival Beaver sind gro\u00dfartige Messer, wenn um das Thema Hacken, Hauen, Spalten, aber auch klassische Schnitzarbeiten geht. Wenn du aber eine S\u00e4ge und die Multifunktionalit\u00e4t eines modernen Multi-Tools suchst, dann hast du eine perfekte Erg\u00e4nzung. Du kannst beispielsweise dein Victorinox Huntsman direkt auf der Scheide montieren, und somit hast du in einem Paket alle Funktionen vereint: ein grobes Messer f\u00fcr schwere und harte Arbeiten, aber auch ein kleines, feines Multi-Tool, das von der Pinzette, \u00fcber einen Flaschen- oder Dosen\u00f6ffner, einer kleinen Klinge, aber auch einer sehr brauchbaren S\u00e4ge alles dabeihat. Die Halterung ist so ausgef\u00fchrt, dass sie auf den Bushcraft und auch den Survival Beaver mit den im Lieferumfang enthaltenen Schrauben montiert werden kann, perfekt sitzt und auch bei starken Bewegungen nicht von der Scheide f\u00e4llt. Du kannst z.B. den Huntsman oder auch den Explorer in die passgenaue Scheide einbringen, zus\u00e4tzliche Sicherheit erh\u00e4ltst du durch das mitgelieferte Flexi-Cord. Dadurch kannst du das Messer an der Scheide und der Halterung festmachen und somit auf jeden Fall nichts zu verlieren und immer dabeizuhaben. Die Montage dieser Scheide gibt dir eine ideale Kombination aus einem schweren Messer und all den Vorteilen eines Multi-Tools, und das auf einem Messer montiert immer griffbereit und perfekt f\u00fcr deine Bushcraft, Outdoor und Survival Abenteuer.<\/p>\n<p>In den Varianten Rautenmuster und Fuzzy Stil (FS) erh\u00e4ltlich.<\/p>\n<h3><strong>Produktdaten:<\/strong><\/h3>\n<ul>\n<li>Farbe: schwarz<\/li>\n<li>Abmessungen: 37 x 64 x 71 mm<\/li>\n<li>Gewicht: 36 g<\/li>\n<li>Lochabstand zum Befestigen: 48 x 35 (bis 45) mm<\/li>\n<\/ul>\n<h3><strong>Passendes, extra erh\u00e4ltliches Zubeh\u00f6r:<\/strong><\/h3>\n<ul>\n<li><a href=\"https:\/\/ueberlebenskunst.at\/survivalshop\/shop\/k4-2er-schraubenset-9mm\/\" target=\"_blank\" rel=\"noopener\">Schraubenset 9 mm<\/a><\/li>\n<li><a href=\"https:\/\/ueberlebenskunst.at\/survivalshop\/shop\/victorinox-fieldmaster\/\" target=\"_blank\" rel=\"noopener\">Fieldmaster<\/a><\/li>\n<\/ul>\n<h3><strong>Lieferumfang:<\/strong><\/h3>\n<ul>\n<li>Steckscheide<\/li>\n<li>elastisches Cord<\/li>\n<li>Schrauben\/H\u00fclse\/Gummischeibe zur Befestigung am Beaver<\/li>\n<\/ul>\n<p>Am Bild ist Zusatzausstattung ersichtlich, wie z. B. unser <a href=\"https:\/\/ueberlebenskunst.at\/survivalshop\/shop\/universal-feuerstahlhalter\/\" target=\"_blank\" rel=\"noopener\">Universal Feuerstahl Halter<\/a>, die NICHT im Lieferumfang enthalten ist.<br \/>\nBitte beachte, dass das Victorinox Messer NICHT im Lieferumfang enthalten ist.<\/p>\n<h3><strong>Bedienungs- &amp; Pflegeanleitung:<\/strong><\/h3>\n<ul>\n<li>Die Reinigung mit Wasser und Seife ist m\u00f6glich.<\/li>\n<li>Du solltest die Steckscheide nicht direkt in die N\u00e4he von Feuer oder anderen Hitzequellen legen!<\/li>\n<li>Wird deine Steckscheide \u00fcber l\u00e4ngere Zeit sehr kalten Temperaturen unter 0 \u00b0C ausgesetzt, solltest du<br \/>\nin dem Moment darauf achten, dass keine starken Belastungen darauf einwirken.<\/li>\n<\/ul>\n<p>Unsere Produkte sind nicht f\u00fcr Kinder unter 3 Jahren geeignet. Es besteht Verschluckungsgefahr.<\/p>\n<p><a href=\"https:\/\/ueberlebenskunst.at\/survivalshop\/wp-content\/uploads\/2021\/11\/Logo_Kinder.png\"><img decoding=\"async\" class=\"alignnone size-medium wp-image-179571\" src=\"https:\/\/ueberlebenskunst.at\/survivalshop\/wp-content\/uploads\/2021\/11\/Logo_Kinder-300x126.png\" alt=\"\" width=\"300\" height=\"126\" srcset=\"https:\/\/ueberlebenskunst.at\/survivalshop\/wp-content\/uploads\/2021\/11\/Logo_Kinder-300x126.png 300w, https:\/\/ueberlebenskunst.at\/survivalshop\/wp-content\/uploads\/2021\/11\/Logo_Kinder-64x27.png 64w, https:\/\/ueberlebenskunst.at\/survivalshop\/wp-content\/uploads\/2021\/11\/Logo_Kinder.png 401w\" sizes=\"(max-width: 300px) 100vw, 300px\" \/><\/a><\/p>\n<p><span style=\"color: #99cc00;\">Du willst das Produkt in einer anderen Farbe? Schick uns eine E-Mail an shop@ueberlebenskunst.at und wir pr\u00fcfen, ob dein Farbwunsch\u00a0m\u00f6glich\u00a0ist.<\/span><\/p>\n","protected":false},"excerpt":{"rendered":"<p>Die Halterung f\u00fcr das Victorinox Huntsman \/ Fisherman \/ Explorer \/ Fieldmaster ist ideal f\u00fcr unseren Bushcraft Beaver, aber auch f\u00fcr den brandneuen Survival Beaver verf\u00fcgbar und passgenau gemacht. Warum sollst du dar\u00fcber nachdenken diese Halterung \u00fcberhaupt zu montieren? Der Bushcraft und der Survival Beaver sind gro\u00dfartige Messer, wenn um das Thema Hacken, Hauen, Spalten, [&hellip;]<\/p>\n","protected":false},"featured_media":137058,"comment_status":"open","ping_status":"closed","template":"","meta":{"_acf_changed":false},"product_brand":[],"product_cat":[2050,1945],"product_tag":[1932,1398,1256,1255,1147],"class_list":{"0":"post-128326","1":"product","2":"type-product","3":"status-publish","4":"has-post-thumbnail","6":"product_cat-beaver-holster4","7":"product_cat-survivalausruestung","8":"product_tag-holster4huntsman","9":"product_tag-huntsman","10":"product_tag-k4","11":"product_tag-knives4","12":"product_tag-victorinox","14":"first","15":"instock","16":"taxable","17":"shipping-taxable","18":"purchasable","19":"product-type-variable","20":"has-default-attributes"},"acf":[],"yoast_head":"<!-- This site is optimized with the Yoast SEO plugin v27.1.1 - https:\/\/yoast.com\/product\/yoast-seo-wordpress\/ -->\n<title>K4 Beaver Halterung f\u00fcr Victorinox Huntsman \/ Fieldmaster \/ Fisherman \/ Explorer<\/title>\n<meta name=\"description\" content=\"Die Halterung f\u00fcr das Victorinox Huntsman \/ Fisherman \/ Explorer \/ Fieldmaster ist ideal f\u00fcr unseren Bushcraft Beaver, aber auch f\u00fcr den brandneuen Survival Beaver verf\u00fcgbar und passgenau gemacht.\" \/>\n<meta name=\"robots\" content=\"index, follow, max-snippet:-1, max-image-preview:large, max-video-preview:-1\" \/>\n<link rel=\"canonical\" href=\"https:\/\/ueberlebenskunst.at\/survivalshop\/shop\/huntsman-halterung-beaver\/\" \/>\n<meta property=\"og:locale\" content=\"de_DE\" \/>\n<meta property=\"og:type\" content=\"article\" \/>\n<meta property=\"og:title\" content=\"K4 Beaver Halterung f\u00fcr Victorinox Huntsman \/ Fieldmaster \/ Fisherman \/ Explorer\" \/>\n<meta property=\"og:description\" content=\"Die Halterung f\u00fcr das Victorinox Huntsman \/ Fisherman \/ Explorer \/ Fieldmaster ist ideal f\u00fcr unseren Bushcraft Beaver, aber auch f\u00fcr den brandneuen Survival Beaver verf\u00fcgbar und passgenau gemacht.\" \/>\n<meta property=\"og:url\" content=\"https:\/\/ueberlebenskunst.at\/survivalshop\/shop\/huntsman-halterung-beaver\/\" \/>\n<meta property=\"og:site_name\" content=\"Reini Rossmann - Survival Shop\" \/>\n<meta property=\"article:publisher\" content=\"https:\/\/www.facebook.com\/survival24.org\/\" \/>\n<meta property=\"article:modified_time\" content=\"2026-04-12T18:01:07+00:00\" \/>\n<meta property=\"og:image\" content=\"https:\/\/ueberlebenskunst.at\/survivalshop\/wp-content\/uploads\/2023\/02\/K4_Beaver_Halterung_Huntsman_Fieldmaster_Fisherman_Explorer_sk.jpg\" \/>\n\t<meta property=\"og:image:width\" content=\"400\" \/>\n\t<meta property=\"og:image:height\" content=\"400\" \/>\n\t<meta property=\"og:image:type\" content=\"image\/jpeg\" \/>\n<meta name=\"twitter:card\" content=\"summary_large_image\" \/>\n<meta name=\"twitter:label1\" content=\"Gesch\u00e4tzte Lesezeit\" \/>\n\t<meta name=\"twitter:data1\" content=\"3\u00a0Minuten\" \/>\n<script type=\"application\/ld+json\" class=\"yoast-schema-graph\">{\"@context\":\"https:\/\/schema.org\",\"@graph\":[{\"@type\":\"WebPage\",\"@id\":\"https:\/\/ueberlebenskunst.at\/survivalshop\/shop\/huntsman-halterung-beaver\/\",\"url\":\"https:\/\/ueberlebenskunst.at\/survivalshop\/shop\/huntsman-halterung-beaver\/\",\"name\":\"K4 Beaver Halterung f\u00fcr Victorinox Huntsman \/ Fieldmaster \/ Fisherman \/ Explorer\",\"isPartOf\":{\"@id\":\"https:\/\/ueberlebenskunst.at\/survivalshop\/#website\"},\"primaryImageOfPage\":{\"@id\":\"https:\/\/ueberlebenskunst.at\/survivalshop\/shop\/huntsman-halterung-beaver\/#primaryimage\"},\"image\":{\"@id\":\"https:\/\/ueberlebenskunst.at\/survivalshop\/shop\/huntsman-halterung-beaver\/#primaryimage\"},\"thumbnailUrl\":\"https:\/\/ueberlebenskunst.at\/survivalshop\/wp-content\/uploads\/2023\/02\/K4_Beaver_Halterung_Huntsman_Fieldmaster_Fisherman_Explorer_sk.jpg\",\"datePublished\":\"2023-02-16T10:41:40+00:00\",\"dateModified\":\"2026-04-12T18:01:07+00:00\",\"description\":\"Die Halterung f\u00fcr das Victorinox Huntsman \/ Fisherman \/ Explorer \/ Fieldmaster ist ideal f\u00fcr unseren Bushcraft Beaver, aber auch f\u00fcr den brandneuen Survival Beaver verf\u00fcgbar und passgenau gemacht.\",\"breadcrumb\":{\"@id\":\"https:\/\/ueberlebenskunst.at\/survivalshop\/shop\/huntsman-halterung-beaver\/#breadcrumb\"},\"inLanguage\":\"de\",\"potentialAction\":[{\"@type\":\"ReadAction\",\"target\":[\"https:\/\/ueberlebenskunst.at\/survivalshop\/shop\/huntsman-halterung-beaver\/\"]}]},{\"@type\":\"ImageObject\",\"inLanguage\":\"de\",\"@id\":\"https:\/\/ueberlebenskunst.at\/survivalshop\/shop\/huntsman-halterung-beaver\/#primaryimage\",\"url\":\"https:\/\/ueberlebenskunst.at\/survivalshop\/wp-content\/uploads\/2023\/02\/K4_Beaver_Halterung_Huntsman_Fieldmaster_Fisherman_Explorer_sk.jpg\",\"contentUrl\":\"https:\/\/ueberlebenskunst.at\/survivalshop\/wp-content\/uploads\/2023\/02\/K4_Beaver_Halterung_Huntsman_Fieldmaster_Fisherman_Explorer_sk.jpg\",\"width\":400,\"height\":400},{\"@type\":\"BreadcrumbList\",\"@id\":\"https:\/\/ueberlebenskunst.at\/survivalshop\/shop\/huntsman-halterung-beaver\/#breadcrumb\",\"itemListElement\":[{\"@type\":\"ListItem\",\"position\":1,\"name\":\"Startseite\",\"item\":\"https:\/\/ueberlebenskunst.at\/survivalshop\/\"},{\"@type\":\"ListItem\",\"position\":2,\"name\":\"Shop\",\"item\":\"https:\/\/ueberlebenskunst.at\/survivalshop\/shop\/\"},{\"@type\":\"ListItem\",\"position\":3,\"name\":\"K4 Beaver Halterung f\u00fcr Victorinox Huntsman \/ Fieldmaster \/ Fisherman \/ Explorer\"}]},{\"@type\":\"WebSite\",\"@id\":\"https:\/\/ueberlebenskunst.at\/survivalshop\/#website\",\"url\":\"https:\/\/ueberlebenskunst.at\/survivalshop\/\",\"name\":\"Reini Rossmann - Survival Shop\",\"description\":\"Survival Shop f\u00fcr Survival, Bushcraft und Prepper\",\"potentialAction\":[{\"@type\":\"SearchAction\",\"target\":{\"@type\":\"EntryPoint\",\"urlTemplate\":\"https:\/\/ueberlebenskunst.at\/survivalshop\/?s={search_term_string}\"},\"query-input\":{\"@type\":\"PropertyValueSpecification\",\"valueRequired\":true,\"valueName\":\"search_term_string\"}}],\"inLanguage\":\"de\"}]}<\/script>\n<!-- \/ Yoast SEO plugin. -->","yoast_head_json":{"title":"K4 Beaver Halterung f\u00fcr Victorinox Huntsman \/ Fieldmaster \/ Fisherman \/ Explorer","description":"Die Halterung f\u00fcr das Victorinox Huntsman \/ Fisherman \/ Explorer \/ Fieldmaster ist ideal f\u00fcr unseren Bushcraft Beaver, aber auch f\u00fcr den brandneuen Survival Beaver verf\u00fcgbar und passgenau gemacht.","robots":{"index":"index","follow":"follow","max-snippet":"max-snippet:-1","max-image-preview":"max-image-preview:large","max-video-preview":"max-video-preview:-1"},"canonical":"https:\/\/ueberlebenskunst.at\/survivalshop\/shop\/huntsman-halterung-beaver\/","og_locale":"de_DE","og_type":"article","og_title":"K4 Beaver Halterung f\u00fcr Victorinox Huntsman \/ Fieldmaster \/ Fisherman \/ Explorer","og_description":"Die Halterung f\u00fcr das Victorinox Huntsman \/ Fisherman \/ Explorer \/ Fieldmaster ist ideal f\u00fcr unseren Bushcraft Beaver, aber auch f\u00fcr den brandneuen Survival Beaver verf\u00fcgbar und passgenau gemacht.","og_url":"https:\/\/ueberlebenskunst.at\/survivalshop\/shop\/huntsman-halterung-beaver\/","og_site_name":"Reini Rossmann - Survival Shop","article_publisher":"https:\/\/www.facebook.com\/survival24.org\/","article_modified_time":"2026-04-12T18:01:07+00:00","og_image":[{"width":400,"height":400,"url":"https:\/\/ueberlebenskunst.at\/survivalshop\/wp-content\/uploads\/2023\/02\/K4_Beaver_Halterung_Huntsman_Fieldmaster_Fisherman_Explorer_sk.jpg","type":"image\/jpeg"}],"twitter_card":"summary_large_image","twitter_misc":{"Gesch\u00e4tzte Lesezeit":"3\u00a0Minuten"},"schema":{"@context":"https:\/\/schema.org","@graph":[{"@type":"WebPage","@id":"https:\/\/ueberlebenskunst.at\/survivalshop\/shop\/huntsman-halterung-beaver\/","url":"https:\/\/ueberlebenskunst.at\/survivalshop\/shop\/huntsman-halterung-beaver\/","name":"K4 Beaver Halterung f\u00fcr Victorinox Huntsman \/ Fieldmaster \/ Fisherman \/ Explorer","isPartOf":{"@id":"https:\/\/ueberlebenskunst.at\/survivalshop\/#website"},"primaryImageOfPage":{"@id":"https:\/\/ueberlebenskunst.at\/survivalshop\/shop\/huntsman-halterung-beaver\/#primaryimage"},"image":{"@id":"https:\/\/ueberlebenskunst.at\/survivalshop\/shop\/huntsman-halterung-beaver\/#primaryimage"},"thumbnailUrl":"https:\/\/ueberlebenskunst.at\/survivalshop\/wp-content\/uploads\/2023\/02\/K4_Beaver_Halterung_Huntsman_Fieldmaster_Fisherman_Explorer_sk.jpg","datePublished":"2023-02-16T10:41:40+00:00","dateModified":"2026-04-12T18:01:07+00:00","description":"Die Halterung f\u00fcr das Victorinox Huntsman \/ Fisherman \/ Explorer \/ Fieldmaster ist ideal f\u00fcr unseren Bushcraft Beaver, aber auch f\u00fcr den brandneuen Survival Beaver verf\u00fcgbar und passgenau gemacht.","breadcrumb":{"@id":"https:\/\/ueberlebenskunst.at\/survivalshop\/shop\/huntsman-halterung-beaver\/#breadcrumb"},"inLanguage":"de","potentialAction":[{"@type":"ReadAction","target":["https:\/\/ueberlebenskunst.at\/survivalshop\/shop\/huntsman-halterung-beaver\/"]}]},{"@type":"ImageObject","inLanguage":"de","@id":"https:\/\/ueberlebenskunst.at\/survivalshop\/shop\/huntsman-halterung-beaver\/#primaryimage","url":"https:\/\/ueberlebenskunst.at\/survivalshop\/wp-content\/uploads\/2023\/02\/K4_Beaver_Halterung_Huntsman_Fieldmaster_Fisherman_Explorer_sk.jpg","contentUrl":"https:\/\/ueberlebenskunst.at\/survivalshop\/wp-content\/uploads\/2023\/02\/K4_Beaver_Halterung_Huntsman_Fieldmaster_Fisherman_Explorer_sk.jpg","width":400,"height":400},{"@type":"BreadcrumbList","@id":"https:\/\/ueberlebenskunst.at\/survivalshop\/shop\/huntsman-halterung-beaver\/#breadcrumb","itemListElement":[{"@type":"ListItem","position":1,"name":"Startseite","item":"https:\/\/ueberlebenskunst.at\/survivalshop\/"},{"@type":"ListItem","position":2,"name":"Shop","item":"https:\/\/ueberlebenskunst.at\/survivalshop\/shop\/"},{"@type":"ListItem","position":3,"name":"K4 Beaver Halterung f\u00fcr Victorinox Huntsman \/ Fieldmaster \/ Fisherman \/ Explorer"}]},{"@type":"WebSite","@id":"https:\/\/ueberlebenskunst.at\/survivalshop\/#website","url":"https:\/\/ueberlebenskunst.at\/survivalshop\/","name":"Reini Rossmann - Survival Shop","description":"Survival Shop f\u00fcr Survival, Bushcraft und Prepper","potentialAction":[{"@type":"SearchAction","target":{"@type":"EntryPoint","urlTemplate":"https:\/\/ueberlebenskunst.at\/survivalshop\/?s={search_term_string}"},"query-input":{"@type":"PropertyValueSpecification","valueRequired":true,"valueName":"search_term_string"}}],"inLanguage":"de"}]}},"_links":{"self":[{"href":"https:\/\/ueberlebenskunst.at\/survivalshop\/wp-json\/wp\/v2\/product\/128326","targetHints":{"allow":["GET"]}}],"collection":[{"href":"https:\/\/ueberlebenskunst.at\/survivalshop\/wp-json\/wp\/v2\/product"}],"about":[{"href":"https:\/\/ueberlebenskunst.at\/survivalshop\/wp-json\/wp\/v2\/types\/product"}],"replies":[{"embeddable":true,"href":"https:\/\/ueberlebenskunst.at\/survivalshop\/wp-json\/wp\/v2\/comments?post=128326"}],"wp:featuredmedia":[{"embeddable":true,"href":"https:\/\/ueberlebenskunst.at\/survivalshop\/wp-json\/wp\/v2\/media\/137058"}],"wp:attachment":[{"href":"https:\/\/ueberlebenskunst.at\/survivalshop\/wp-json\/wp\/v2\/media?parent=128326"}],"wp:term":[{"taxonomy":"product_brand","embeddable":true,"href":"https:\/\/ueberlebenskunst.at\/survivalshop\/wp-json\/wp\/v2\/product_brand?post=128326"},{"taxonomy":"product_cat","embeddable":true,"href":"https:\/\/ueberlebenskunst.at\/survivalshop\/wp-json\/wp\/v2\/product_cat?post=128326"},{"taxonomy":"product_tag","embeddable":true,"href":"https:\/\/ueberlebenskunst.at\/survivalshop\/wp-json\/wp\/v2\/product_tag?post=128326"}],"curies":[{"name":"wp","href":"https:\/\/api.w.org\/{rel}","templated":true}]}}