{"id":127745,"date":"2023-02-09T08:35:17","date_gmt":"2023-02-09T07:35:17","guid":{"rendered":"https:\/\/ueberlebenskunst.at\/survivalshop\/?post_type=product&#038;p=127745"},"modified":"2024-06-26T10:02:18","modified_gmt":"2024-06-26T08:02:18","slug":"ar-series-modular-back-pack","status":"seo-produkt","type":"product","link":"https:\/\/ueberlebenskunst.at\/survivalshop\/shop\/ar-series-modular-back-pack\/","title":{"rendered":"AR-Series II &#8211; Modular (Back) Pack MBP"},"content":{"rendered":"<h3>AR-Series II &#8211; Modular (Back) Pack MBP<\/h3>\n<p>In die Tasche passen die AR-6 Stinger II in folgenden Konfigurationen:<\/p>\n<ul>\n<li><a href=\"https:\/\/ueberlebenskunst.at\/survivalshop\/shop\/steambow-stinger2\/\" target=\"_blank\" rel=\"noopener\">Tactical<\/a> mit <a href=\"https:\/\/ueberlebenskunst.at\/survivalshop\/shop\/ar-6-stinger-2-upgradekit-schnellwechsel-wurfarme\/\" target=\"_blank\" rel=\"noopener\">Schnellwechsel-Wurfarmen<\/a> und <a href=\"https:\/\/ueberlebenskunst.at\/survivalshop\/shop\/steambow-stinger-2-klappschaft-adapter\/\" target=\"_blank\" rel=\"noopener\">Klappschaftadapter<\/a><\/li>\n<li><a href=\"https:\/\/ueberlebenskunst.at\/survivalshop\/shop\/steambow-stinger2-ar6-survival\/\" target=\"_blank\" rel=\"noopener\">Survival<\/a> mit <a href=\"https:\/\/ueberlebenskunst.at\/survivalshop\/shop\/ar-6-stinger-2-upgradekit-schnellwechsel-wurfarme\/\" target=\"_blank\" rel=\"noopener\">Schnellwechsel-Wurfarmen<\/a> und <a href=\"https:\/\/ueberlebenskunst.at\/survivalshop\/shop\/steambow-stinger-2-klappschaft-adapter\/\" target=\"_blank\" rel=\"noopener\">Klappschaftadapter<\/a> oder <a href=\"https:\/\/ueberlebenskunst.at\/survivalshop\/shop\/stinger-2-survival-adapter-fuer-abnehmbare-schulterstuetze\/\" target=\"_blank\" rel=\"noopener\">Adapter f\u00fcr abnehmbare Schulterst\u00fctze<\/a><\/li>\n<li><a href=\"https:\/\/ueberlebenskunst.at\/survivalshop\/shop\/stinger-2-compact-pistolenarmbrust-schwarz\/\" target=\"_blank\" rel=\"noopener\">Compact<\/a> mit <a href=\"https:\/\/ueberlebenskunst.at\/survivalshop\/shop\/ar-6-stinger-2-upgradekit-schnellwechsel-wurfarme\/\" target=\"_blank\" rel=\"noopener\">Schnellwechsel-Wurfarmen<\/a><\/li>\n<\/ul>\n<p>Die Ausf\u00fchrung als Rucksack bietet anatomisch geformte Schultertrageriemen. Das Tragesystem verf\u00fcgt au\u00dferdem \u00fcber Schnellverschl\u00fcsse, die einen schnellen Abwurf oder auch das Anziehen im Liegen erm\u00f6glichen. Der im Lieferumfang enthaltene Brustgurt erh\u00f6ht zus\u00e4tzlich den Tragekomfort.<\/p>\n<p>Die Innovation jedoch besteht in dem zweiten, ebenfalls im Lieferumfang enthaltenen Trageriemen, mit dem der MBP als Slingbag getragen werden kann, \u00e4hnlich einer Umh\u00e4ngetasche. Diese Trageweise \u00fcberzeugt durch einige Vorteile, die ein Rucksack einfach nicht bieten kann.<\/p>\n<p>So kann die Tasche beim Tragen nach vorn gezogen werden, wenn man nur kurz Zugriff auf Mobiltelefon oder Schl\u00fcssel haben m\u00f6chte, ohne die gesamte Tasche ablegen zu m\u00fcssen. Es kann aber auch in einer Menschenmenge von Vorteil sein, die Tasche vor sich \u201eauf dem Bauch\u201c zu tragen, um Taschendieben erst gar keine Chance zu geben. Auch beim Sitzen mit einer R\u00fcckenlehne muss der MBP nicht abgenommen werden.<\/p>\n<p>Am oberen Ende der Tasche befindet sich ein Durchlass, um einen Trinkschlauch oder ein Kabel hindurchf\u00fchren zu k\u00f6nnen. Im Inneren des Rucksacks gibt es zudem ein Einschubfach mit einer Aufh\u00e4ngung f\u00fcr eine Wasserblase.<\/p>\n<p>Die zwei \u00e4u\u00dferen Kompressionsriemen erm\u00f6glichen ein sicheres und straffes Festzurren der Ladung, k\u00f6nnen aber auch genutzt werden, um z.B. eine Regenjacke an der Tasche zu befestigen.<\/p>\n<h3><strong>Spezifikationen:<\/strong><\/h3>\n<ul>\n<li>Material: 100% Cordura\u00ae Polyamid 6.6<\/li>\n<li>Gurtband: Polyamid 6.6<\/li>\n<li>Verschlussart: Rei\u00dfverschluss<\/li>\n<li>Breite: 25 cm<\/li>\n<li>H\u00f6he: 45 cm<\/li>\n<li>Tiefe: 10 cm<\/li>\n<li>Volumen: 13 Liter<\/li>\n<li>Herstellungsland: Deutschland<\/li>\n<\/ul>\n<h3><strong>In 2 Farben erh\u00e4ltlich:<\/strong><\/h3>\n<ul>\n<li>schwarz<\/li>\n<li>steingrau &#8211; oliv<\/li>\n<\/ul>\n<h3><strong>Lieferumfang:<\/strong><\/h3>\n<ul>\n<li>1 MBP in schwarz oder Steingrau-oliv mit M.O.L.L.E System<\/li>\n<li>2 Trageriemen zur klassischen Rucksacknutzung<\/li>\n<li>1 Trageriemen zur Nutzung als Slingbag<\/li>\n<\/ul>\n","protected":false},"excerpt":{"rendered":"<p>AR-Series II &#8211; Modular (Back) Pack MBP In die Tasche passen die AR-6 Stinger II in folgenden Konfigurationen: Tactical mit Schnellwechsel-Wurfarmen und Klappschaftadapter Survival mit Schnellwechsel-Wurfarmen und Klappschaftadapter oder Adapter f\u00fcr abnehmbare Schulterst\u00fctze Compact mit Schnellwechsel-Wurfarmen Die Ausf\u00fchrung als Rucksack bietet anatomisch geformte Schultertrageriemen. Das Tragesystem verf\u00fcgt au\u00dferdem \u00fcber Schnellverschl\u00fcsse, die einen schnellen Abwurf oder [&hellip;]<\/p>\n","protected":false},"featured_media":128402,"comment_status":"open","ping_status":"closed","template":"","meta":{"_acf_changed":false},"product_brand":[],"product_cat":[1101,1893],"product_tag":[832,1417,975],"class_list":{"0":"post-127745","1":"product","2":"type-product","3":"status-seo-produkt","4":"has-post-thumbnail","6":"product_cat-ausruestung","7":"product_cat-steambow-stinger-bogensport-pfeil-kugel","8":"product_tag-rucksack","9":"product_tag-slingbag","10":"product_tag-stinger-2-zubehoer","11":"pa_farbe-olive","12":"pa_farbe-schwarz","14":"first","15":"outofstock","16":"taxable","17":"shipping-taxable","18":"product-type-variable","19":"has-default-attributes"},"acf":[],"yoast_head":"<!-- This site is optimized with the Yoast SEO plugin v27.1.1 - https:\/\/yoast.com\/product\/yoast-seo-wordpress\/ -->\n<title>AR-Series II - Modular (Back) Pack MBP - Reini Rossmann - Survival Shop<\/title>\n<meta name=\"robots\" content=\"index, follow, max-snippet:-1, max-image-preview:large, max-video-preview:-1\" \/>\n<link rel=\"canonical\" href=\"https:\/\/ueberlebenskunst.at\/survivalshop\/shop\/ar-series-modular-back-pack\/\" \/>\n<meta property=\"og:locale\" content=\"de_DE\" \/>\n<meta property=\"og:type\" content=\"article\" \/>\n<meta property=\"og:title\" content=\"AR-Series II - Modular (Back) Pack MBP - Reini Rossmann - Survival Shop\" \/>\n<meta property=\"og:description\" content=\"AR-Series II &#8211; Modular (Back) Pack MBP In die Tasche passen die AR-6 Stinger II in folgenden Konfigurationen: Tactical mit Schnellwechsel-Wurfarmen und Klappschaftadapter Survival mit Schnellwechsel-Wurfarmen und Klappschaftadapter oder Adapter f\u00fcr abnehmbare Schulterst\u00fctze Compact mit Schnellwechsel-Wurfarmen Die Ausf\u00fchrung als Rucksack bietet anatomisch geformte Schultertrageriemen. Das Tragesystem verf\u00fcgt au\u00dferdem \u00fcber Schnellverschl\u00fcsse, die einen schnellen Abwurf oder [&hellip;]\" \/>\n<meta property=\"og:url\" content=\"https:\/\/ueberlebenskunst.at\/survivalshop\/shop\/ar-series-modular-back-pack\/\" \/>\n<meta property=\"og:site_name\" content=\"Reini Rossmann - Survival Shop\" \/>\n<meta property=\"article:publisher\" content=\"https:\/\/www.facebook.com\/survival24.org\/\" \/>\n<meta property=\"article:modified_time\" content=\"2024-06-26T08:02:18+00:00\" \/>\n<meta property=\"og:image\" content=\"https:\/\/ueberlebenskunst.at\/survivalshop\/wp-content\/uploads\/2023\/02\/AR-Series-II-Modular-Back-Pack-MBP.jpg\" \/>\n\t<meta property=\"og:image:width\" content=\"400\" \/>\n\t<meta property=\"og:image:height\" content=\"400\" \/>\n\t<meta property=\"og:image:type\" content=\"image\/jpeg\" \/>\n<meta name=\"twitter:card\" content=\"summary_large_image\" \/>\n<meta name=\"twitter:label1\" content=\"Gesch\u00e4tzte Lesezeit\" \/>\n\t<meta name=\"twitter:data1\" content=\"2\u00a0Minuten\" \/>\n<script type=\"application\/ld+json\" class=\"yoast-schema-graph\">{\"@context\":\"https:\/\/schema.org\",\"@graph\":[{\"@type\":\"WebPage\",\"@id\":\"https:\/\/ueberlebenskunst.at\/survivalshop\/shop\/ar-series-modular-back-pack\/\",\"url\":\"https:\/\/ueberlebenskunst.at\/survivalshop\/shop\/ar-series-modular-back-pack\/\",\"name\":\"AR-Series II - Modular (Back) Pack MBP - Reini Rossmann - Survival Shop\",\"isPartOf\":{\"@id\":\"https:\/\/ueberlebenskunst.at\/survivalshop\/#website\"},\"primaryImageOfPage\":{\"@id\":\"https:\/\/ueberlebenskunst.at\/survivalshop\/shop\/ar-series-modular-back-pack\/#primaryimage\"},\"image\":{\"@id\":\"https:\/\/ueberlebenskunst.at\/survivalshop\/shop\/ar-series-modular-back-pack\/#primaryimage\"},\"thumbnailUrl\":\"https:\/\/ueberlebenskunst.at\/survivalshop\/wp-content\/uploads\/2023\/02\/AR-Series-II-Modular-Back-Pack-MBP.jpg\",\"datePublished\":\"2023-02-09T07:35:17+00:00\",\"dateModified\":\"2024-06-26T08:02:18+00:00\",\"breadcrumb\":{\"@id\":\"https:\/\/ueberlebenskunst.at\/survivalshop\/shop\/ar-series-modular-back-pack\/#breadcrumb\"},\"inLanguage\":\"de\",\"potentialAction\":[{\"@type\":\"ReadAction\",\"target\":[\"https:\/\/ueberlebenskunst.at\/survivalshop\/shop\/ar-series-modular-back-pack\/\"]}]},{\"@type\":\"ImageObject\",\"inLanguage\":\"de\",\"@id\":\"https:\/\/ueberlebenskunst.at\/survivalshop\/shop\/ar-series-modular-back-pack\/#primaryimage\",\"url\":\"https:\/\/ueberlebenskunst.at\/survivalshop\/wp-content\/uploads\/2023\/02\/AR-Series-II-Modular-Back-Pack-MBP.jpg\",\"contentUrl\":\"https:\/\/ueberlebenskunst.at\/survivalshop\/wp-content\/uploads\/2023\/02\/AR-Series-II-Modular-Back-Pack-MBP.jpg\",\"width\":400,\"height\":400},{\"@type\":\"BreadcrumbList\",\"@id\":\"https:\/\/ueberlebenskunst.at\/survivalshop\/shop\/ar-series-modular-back-pack\/#breadcrumb\",\"itemListElement\":[{\"@type\":\"ListItem\",\"position\":1,\"name\":\"Startseite\",\"item\":\"https:\/\/ueberlebenskunst.at\/survivalshop\/\"},{\"@type\":\"ListItem\",\"position\":2,\"name\":\"Shop\",\"item\":\"https:\/\/ueberlebenskunst.at\/survivalshop\/shop\/\"},{\"@type\":\"ListItem\",\"position\":3,\"name\":\"AR-Series II &#8211; Modular (Back) Pack MBP\"}]},{\"@type\":\"WebSite\",\"@id\":\"https:\/\/ueberlebenskunst.at\/survivalshop\/#website\",\"url\":\"https:\/\/ueberlebenskunst.at\/survivalshop\/\",\"name\":\"Reini Rossmann - Survival Shop\",\"description\":\"Survival Shop f\u00fcr Survival, Bushcraft und Prepper\",\"potentialAction\":[{\"@type\":\"SearchAction\",\"target\":{\"@type\":\"EntryPoint\",\"urlTemplate\":\"https:\/\/ueberlebenskunst.at\/survivalshop\/?s={search_term_string}\"},\"query-input\":{\"@type\":\"PropertyValueSpecification\",\"valueRequired\":true,\"valueName\":\"search_term_string\"}}],\"inLanguage\":\"de\"}]}<\/script>\n<!-- \/ Yoast SEO plugin. -->","yoast_head_json":{"title":"AR-Series II - Modular (Back) Pack MBP - Reini Rossmann - Survival Shop","robots":{"index":"index","follow":"follow","max-snippet":"max-snippet:-1","max-image-preview":"max-image-preview:large","max-video-preview":"max-video-preview:-1"},"canonical":"https:\/\/ueberlebenskunst.at\/survivalshop\/shop\/ar-series-modular-back-pack\/","og_locale":"de_DE","og_type":"article","og_title":"AR-Series II - Modular (Back) Pack MBP - Reini Rossmann - Survival Shop","og_description":"AR-Series II &#8211; Modular (Back) Pack MBP In die Tasche passen die AR-6 Stinger II in folgenden Konfigurationen: Tactical mit Schnellwechsel-Wurfarmen und Klappschaftadapter Survival mit Schnellwechsel-Wurfarmen und Klappschaftadapter oder Adapter f\u00fcr abnehmbare Schulterst\u00fctze Compact mit Schnellwechsel-Wurfarmen Die Ausf\u00fchrung als Rucksack bietet anatomisch geformte Schultertrageriemen. Das Tragesystem verf\u00fcgt au\u00dferdem \u00fcber Schnellverschl\u00fcsse, die einen schnellen Abwurf oder [&hellip;]","og_url":"https:\/\/ueberlebenskunst.at\/survivalshop\/shop\/ar-series-modular-back-pack\/","og_site_name":"Reini Rossmann - Survival Shop","article_publisher":"https:\/\/www.facebook.com\/survival24.org\/","article_modified_time":"2024-06-26T08:02:18+00:00","og_image":[{"width":400,"height":400,"url":"https:\/\/ueberlebenskunst.at\/survivalshop\/wp-content\/uploads\/2023\/02\/AR-Series-II-Modular-Back-Pack-MBP.jpg","type":"image\/jpeg"}],"twitter_card":"summary_large_image","twitter_misc":{"Gesch\u00e4tzte Lesezeit":"2\u00a0Minuten"},"schema":{"@context":"https:\/\/schema.org","@graph":[{"@type":"WebPage","@id":"https:\/\/ueberlebenskunst.at\/survivalshop\/shop\/ar-series-modular-back-pack\/","url":"https:\/\/ueberlebenskunst.at\/survivalshop\/shop\/ar-series-modular-back-pack\/","name":"AR-Series II - Modular (Back) Pack MBP - Reini Rossmann - Survival Shop","isPartOf":{"@id":"https:\/\/ueberlebenskunst.at\/survivalshop\/#website"},"primaryImageOfPage":{"@id":"https:\/\/ueberlebenskunst.at\/survivalshop\/shop\/ar-series-modular-back-pack\/#primaryimage"},"image":{"@id":"https:\/\/ueberlebenskunst.at\/survivalshop\/shop\/ar-series-modular-back-pack\/#primaryimage"},"thumbnailUrl":"https:\/\/ueberlebenskunst.at\/survivalshop\/wp-content\/uploads\/2023\/02\/AR-Series-II-Modular-Back-Pack-MBP.jpg","datePublished":"2023-02-09T07:35:17+00:00","dateModified":"2024-06-26T08:02:18+00:00","breadcrumb":{"@id":"https:\/\/ueberlebenskunst.at\/survivalshop\/shop\/ar-series-modular-back-pack\/#breadcrumb"},"inLanguage":"de","potentialAction":[{"@type":"ReadAction","target":["https:\/\/ueberlebenskunst.at\/survivalshop\/shop\/ar-series-modular-back-pack\/"]}]},{"@type":"ImageObject","inLanguage":"de","@id":"https:\/\/ueberlebenskunst.at\/survivalshop\/shop\/ar-series-modular-back-pack\/#primaryimage","url":"https:\/\/ueberlebenskunst.at\/survivalshop\/wp-content\/uploads\/2023\/02\/AR-Series-II-Modular-Back-Pack-MBP.jpg","contentUrl":"https:\/\/ueberlebenskunst.at\/survivalshop\/wp-content\/uploads\/2023\/02\/AR-Series-II-Modular-Back-Pack-MBP.jpg","width":400,"height":400},{"@type":"BreadcrumbList","@id":"https:\/\/ueberlebenskunst.at\/survivalshop\/shop\/ar-series-modular-back-pack\/#breadcrumb","itemListElement":[{"@type":"ListItem","position":1,"name":"Startseite","item":"https:\/\/ueberlebenskunst.at\/survivalshop\/"},{"@type":"ListItem","position":2,"name":"Shop","item":"https:\/\/ueberlebenskunst.at\/survivalshop\/shop\/"},{"@type":"ListItem","position":3,"name":"AR-Series II &#8211; Modular (Back) Pack MBP"}]},{"@type":"WebSite","@id":"https:\/\/ueberlebenskunst.at\/survivalshop\/#website","url":"https:\/\/ueberlebenskunst.at\/survivalshop\/","name":"Reini Rossmann - Survival Shop","description":"Survival Shop f\u00fcr Survival, Bushcraft und Prepper","potentialAction":[{"@type":"SearchAction","target":{"@type":"EntryPoint","urlTemplate":"https:\/\/ueberlebenskunst.at\/survivalshop\/?s={search_term_string}"},"query-input":{"@type":"PropertyValueSpecification","valueRequired":true,"valueName":"search_term_string"}}],"inLanguage":"de"}]}},"_links":{"self":[{"href":"https:\/\/ueberlebenskunst.at\/survivalshop\/wp-json\/wp\/v2\/product\/127745","targetHints":{"allow":["GET"]}}],"collection":[{"href":"https:\/\/ueberlebenskunst.at\/survivalshop\/wp-json\/wp\/v2\/product"}],"about":[{"href":"https:\/\/ueberlebenskunst.at\/survivalshop\/wp-json\/wp\/v2\/types\/product"}],"replies":[{"embeddable":true,"href":"https:\/\/ueberlebenskunst.at\/survivalshop\/wp-json\/wp\/v2\/comments?post=127745"}],"wp:featuredmedia":[{"embeddable":true,"href":"https:\/\/ueberlebenskunst.at\/survivalshop\/wp-json\/wp\/v2\/media\/128402"}],"wp:attachment":[{"href":"https:\/\/ueberlebenskunst.at\/survivalshop\/wp-json\/wp\/v2\/media?parent=127745"}],"wp:term":[{"taxonomy":"product_brand","embeddable":true,"href":"https:\/\/ueberlebenskunst.at\/survivalshop\/wp-json\/wp\/v2\/product_brand?post=127745"},{"taxonomy":"product_cat","embeddable":true,"href":"https:\/\/ueberlebenskunst.at\/survivalshop\/wp-json\/wp\/v2\/product_cat?post=127745"},{"taxonomy":"product_tag","embeddable":true,"href":"https:\/\/ueberlebenskunst.at\/survivalshop\/wp-json\/wp\/v2\/product_tag?post=127745"}],"curies":[{"name":"wp","href":"https:\/\/api.w.org\/{rel}","templated":true}]}}