{"id":125218,"date":"2023-01-13T10:39:09","date_gmt":"2023-01-13T09:39:09","guid":{"rendered":"https:\/\/ueberlebenskunst.at\/survivalshop\/?post_type=product&#038;p=125218"},"modified":"2026-04-19T18:30:10","modified_gmt":"2026-04-19T16:30:10","slug":"picatinny-praezisionskit","status":"publish","type":"product","link":"https:\/\/ueberlebenskunst.at\/survivalshop\/shop\/picatinny-praezisionskit\/","title":{"rendered":"Picatinny Pr\u00e4zisionskit"},"content":{"rendered":"<p>Das Picatinny Pr\u00e4zisionskit ist eine kleine kompakte Wasserwaage, die daf\u00fcr sorgt, dass deine Armbrust bzw. deinen Bogen tats\u00e4chlich waagrecht h\u00e4ltst. Das ist f\u00fcr Weitschie\u00dfen und hohe Pr\u00e4zision ein wichtiger Bestandteil. Das Picatinny Pr\u00e4zisionskit ist mit allen Picatinnyschienen, aber auch mit Weaver Schienen kompatibel und kann mit dem im Lieferumfang enthaltenen Inbusschl\u00fcssel leicht montiert und demontiert werden. Dieses Pr\u00e4zisionskit ist aufgrund der Universalit\u00e4t nat\u00fcrlich auch mit Paintball und Airsoft kompatibel.<\/p>\n<p>Einzige Voraussetzung ist eine vorhandene Picatinnyschiene in waagrechter Ausf\u00fchrung.<\/p>\n<p><a href=\"https:\/\/ueberlebenskunst.at\/survivalshop\/wp-content\/uploads\/2021\/11\/Logo_Kinder.png\"><img decoding=\"async\" class=\"alignnone size-medium wp-image-179571\" src=\"https:\/\/ueberlebenskunst.at\/survivalshop\/wp-content\/uploads\/2021\/11\/Logo_Kinder-300x126.png\" alt=\"\" width=\"300\" height=\"126\" srcset=\"https:\/\/ueberlebenskunst.at\/survivalshop\/wp-content\/uploads\/2021\/11\/Logo_Kinder-300x126.png 300w, https:\/\/ueberlebenskunst.at\/survivalshop\/wp-content\/uploads\/2021\/11\/Logo_Kinder-64x27.png 64w, https:\/\/ueberlebenskunst.at\/survivalshop\/wp-content\/uploads\/2021\/11\/Logo_Kinder.png 401w\" sizes=\"(max-width: 300px) 100vw, 300px\" \/><\/a><\/p>\n","protected":false},"excerpt":{"rendered":"<p>Das Picatinny Pr\u00e4zisionskit ist eine kleine kompakte Wasserwaage, die daf\u00fcr sorgt, dass deine Armbrust bzw. deinen Bogen tats\u00e4chlich waagrecht h\u00e4ltst. Das ist f\u00fcr Weitschie\u00dfen und hohe Pr\u00e4zision ein wichtiger Bestandteil. Das Picatinny Pr\u00e4zisionskit ist mit allen Picatinnyschienen, aber auch mit Weaver Schienen kompatibel und kann mit dem im Lieferumfang enthaltenen Inbusschl\u00fcssel leicht montiert und demontiert [&hellip;]<\/p>\n","protected":false},"featured_media":125219,"comment_status":"open","ping_status":"closed","template":"","meta":{"_acf_changed":false},"product_brand":[],"product_cat":[2389,1929],"product_tag":[1391,1390],"class_list":{"0":"post-125218","1":"product","2":"type-product","3":"status-publish","4":"has-post-thumbnail","6":"product_cat-flohmarkt","7":"product_cat-zielvorrichtung","8":"product_tag-picatinny","9":"product_tag-wasserwaage","11":"first","12":"instock","13":"sale","14":"taxable","15":"shipping-taxable","16":"purchasable","17":"product-type-simple"},"acf":[],"yoast_head":"<!-- This site is optimized with the Yoast SEO plugin v27.1.1 - https:\/\/yoast.com\/product\/yoast-seo-wordpress\/ -->\n<title>Picatinny Pr\u00e4zisionskit - Reini Rossmann - Survival Shop<\/title>\n<meta name=\"description\" content=\"Das Picatinny Pr\u00e4zisionskit ist eine kleine kompakte Wasserwaage, die daf\u00fcr sorgt, dass deine Armbrust bzw. deinen Bogen tats\u00e4chlich waagrecht h\u00e4ltst.\" \/>\n<meta name=\"robots\" content=\"index, follow, max-snippet:-1, max-image-preview:large, max-video-preview:-1\" \/>\n<link rel=\"canonical\" href=\"https:\/\/ueberlebenskunst.at\/survivalshop\/shop\/picatinny-praezisionskit\/\" \/>\n<meta property=\"og:locale\" content=\"de_DE\" \/>\n<meta property=\"og:type\" content=\"article\" \/>\n<meta property=\"og:title\" content=\"Picatinny Pr\u00e4zisionskit - Reini Rossmann - Survival Shop\" \/>\n<meta property=\"og:description\" content=\"Das Picatinny Pr\u00e4zisionskit ist eine kleine kompakte Wasserwaage, die daf\u00fcr sorgt, dass deine Armbrust bzw. deinen Bogen tats\u00e4chlich waagrecht h\u00e4ltst.\" \/>\n<meta property=\"og:url\" content=\"https:\/\/ueberlebenskunst.at\/survivalshop\/shop\/picatinny-praezisionskit\/\" \/>\n<meta property=\"og:site_name\" content=\"Reini Rossmann - Survival Shop\" \/>\n<meta property=\"article:publisher\" content=\"https:\/\/www.facebook.com\/survival24.org\/\" \/>\n<meta property=\"article:modified_time\" content=\"2026-04-19T16:30:10+00:00\" \/>\n<meta property=\"og:image\" content=\"https:\/\/ueberlebenskunst.at\/survivalshop\/wp-content\/uploads\/2023\/01\/Picatinny-Praezisionskit.jpg\" \/>\n\t<meta property=\"og:image:width\" content=\"400\" \/>\n\t<meta property=\"og:image:height\" content=\"400\" \/>\n\t<meta property=\"og:image:type\" content=\"image\/jpeg\" \/>\n<meta name=\"twitter:card\" content=\"summary_large_image\" \/>\n<meta name=\"twitter:label1\" content=\"Gesch\u00e4tzte Lesezeit\" \/>\n\t<meta name=\"twitter:data1\" content=\"1\u00a0Minute\" \/>\n<script type=\"application\/ld+json\" class=\"yoast-schema-graph\">{\"@context\":\"https:\/\/schema.org\",\"@graph\":[{\"@type\":\"WebPage\",\"@id\":\"https:\/\/ueberlebenskunst.at\/survivalshop\/shop\/picatinny-praezisionskit\/\",\"url\":\"https:\/\/ueberlebenskunst.at\/survivalshop\/shop\/picatinny-praezisionskit\/\",\"name\":\"Picatinny Pr\u00e4zisionskit - Reini Rossmann - Survival Shop\",\"isPartOf\":{\"@id\":\"https:\/\/ueberlebenskunst.at\/survivalshop\/#website\"},\"primaryImageOfPage\":{\"@id\":\"https:\/\/ueberlebenskunst.at\/survivalshop\/shop\/picatinny-praezisionskit\/#primaryimage\"},\"image\":{\"@id\":\"https:\/\/ueberlebenskunst.at\/survivalshop\/shop\/picatinny-praezisionskit\/#primaryimage\"},\"thumbnailUrl\":\"https:\/\/ueberlebenskunst.at\/survivalshop\/wp-content\/uploads\/2023\/01\/Picatinny-Praezisionskit.jpg\",\"datePublished\":\"2023-01-13T09:39:09+00:00\",\"dateModified\":\"2026-04-19T16:30:10+00:00\",\"description\":\"Das Picatinny Pr\u00e4zisionskit ist eine kleine kompakte Wasserwaage, die daf\u00fcr sorgt, dass deine Armbrust bzw. deinen Bogen tats\u00e4chlich waagrecht h\u00e4ltst.\",\"breadcrumb\":{\"@id\":\"https:\/\/ueberlebenskunst.at\/survivalshop\/shop\/picatinny-praezisionskit\/#breadcrumb\"},\"inLanguage\":\"de\",\"potentialAction\":[{\"@type\":\"ReadAction\",\"target\":[\"https:\/\/ueberlebenskunst.at\/survivalshop\/shop\/picatinny-praezisionskit\/\"]}]},{\"@type\":\"ImageObject\",\"inLanguage\":\"de\",\"@id\":\"https:\/\/ueberlebenskunst.at\/survivalshop\/shop\/picatinny-praezisionskit\/#primaryimage\",\"url\":\"https:\/\/ueberlebenskunst.at\/survivalshop\/wp-content\/uploads\/2023\/01\/Picatinny-Praezisionskit.jpg\",\"contentUrl\":\"https:\/\/ueberlebenskunst.at\/survivalshop\/wp-content\/uploads\/2023\/01\/Picatinny-Praezisionskit.jpg\",\"width\":400,\"height\":400},{\"@type\":\"BreadcrumbList\",\"@id\":\"https:\/\/ueberlebenskunst.at\/survivalshop\/shop\/picatinny-praezisionskit\/#breadcrumb\",\"itemListElement\":[{\"@type\":\"ListItem\",\"position\":1,\"name\":\"Startseite\",\"item\":\"https:\/\/ueberlebenskunst.at\/survivalshop\/\"},{\"@type\":\"ListItem\",\"position\":2,\"name\":\"Shop\",\"item\":\"https:\/\/ueberlebenskunst.at\/survivalshop\/shop\/\"},{\"@type\":\"ListItem\",\"position\":3,\"name\":\"Picatinny Pr\u00e4zisionskit\"}]},{\"@type\":\"WebSite\",\"@id\":\"https:\/\/ueberlebenskunst.at\/survivalshop\/#website\",\"url\":\"https:\/\/ueberlebenskunst.at\/survivalshop\/\",\"name\":\"Reini Rossmann - Survival Shop\",\"description\":\"Survival Shop f\u00fcr Survival, Bushcraft und Prepper\",\"potentialAction\":[{\"@type\":\"SearchAction\",\"target\":{\"@type\":\"EntryPoint\",\"urlTemplate\":\"https:\/\/ueberlebenskunst.at\/survivalshop\/?s={search_term_string}\"},\"query-input\":{\"@type\":\"PropertyValueSpecification\",\"valueRequired\":true,\"valueName\":\"search_term_string\"}}],\"inLanguage\":\"de\"}]}<\/script>\n<!-- \/ Yoast SEO plugin. -->","yoast_head_json":{"title":"Picatinny Pr\u00e4zisionskit - Reini Rossmann - Survival Shop","description":"Das Picatinny Pr\u00e4zisionskit ist eine kleine kompakte Wasserwaage, die daf\u00fcr sorgt, dass deine Armbrust bzw. deinen Bogen tats\u00e4chlich waagrecht h\u00e4ltst.","robots":{"index":"index","follow":"follow","max-snippet":"max-snippet:-1","max-image-preview":"max-image-preview:large","max-video-preview":"max-video-preview:-1"},"canonical":"https:\/\/ueberlebenskunst.at\/survivalshop\/shop\/picatinny-praezisionskit\/","og_locale":"de_DE","og_type":"article","og_title":"Picatinny Pr\u00e4zisionskit - Reini Rossmann - Survival Shop","og_description":"Das Picatinny Pr\u00e4zisionskit ist eine kleine kompakte Wasserwaage, die daf\u00fcr sorgt, dass deine Armbrust bzw. deinen Bogen tats\u00e4chlich waagrecht h\u00e4ltst.","og_url":"https:\/\/ueberlebenskunst.at\/survivalshop\/shop\/picatinny-praezisionskit\/","og_site_name":"Reini Rossmann - Survival Shop","article_publisher":"https:\/\/www.facebook.com\/survival24.org\/","article_modified_time":"2026-04-19T16:30:10+00:00","og_image":[{"width":400,"height":400,"url":"https:\/\/ueberlebenskunst.at\/survivalshop\/wp-content\/uploads\/2023\/01\/Picatinny-Praezisionskit.jpg","type":"image\/jpeg"}],"twitter_card":"summary_large_image","twitter_misc":{"Gesch\u00e4tzte Lesezeit":"1\u00a0Minute"},"schema":{"@context":"https:\/\/schema.org","@graph":[{"@type":"WebPage","@id":"https:\/\/ueberlebenskunst.at\/survivalshop\/shop\/picatinny-praezisionskit\/","url":"https:\/\/ueberlebenskunst.at\/survivalshop\/shop\/picatinny-praezisionskit\/","name":"Picatinny Pr\u00e4zisionskit - Reini Rossmann - Survival Shop","isPartOf":{"@id":"https:\/\/ueberlebenskunst.at\/survivalshop\/#website"},"primaryImageOfPage":{"@id":"https:\/\/ueberlebenskunst.at\/survivalshop\/shop\/picatinny-praezisionskit\/#primaryimage"},"image":{"@id":"https:\/\/ueberlebenskunst.at\/survivalshop\/shop\/picatinny-praezisionskit\/#primaryimage"},"thumbnailUrl":"https:\/\/ueberlebenskunst.at\/survivalshop\/wp-content\/uploads\/2023\/01\/Picatinny-Praezisionskit.jpg","datePublished":"2023-01-13T09:39:09+00:00","dateModified":"2026-04-19T16:30:10+00:00","description":"Das Picatinny Pr\u00e4zisionskit ist eine kleine kompakte Wasserwaage, die daf\u00fcr sorgt, dass deine Armbrust bzw. deinen Bogen tats\u00e4chlich waagrecht h\u00e4ltst.","breadcrumb":{"@id":"https:\/\/ueberlebenskunst.at\/survivalshop\/shop\/picatinny-praezisionskit\/#breadcrumb"},"inLanguage":"de","potentialAction":[{"@type":"ReadAction","target":["https:\/\/ueberlebenskunst.at\/survivalshop\/shop\/picatinny-praezisionskit\/"]}]},{"@type":"ImageObject","inLanguage":"de","@id":"https:\/\/ueberlebenskunst.at\/survivalshop\/shop\/picatinny-praezisionskit\/#primaryimage","url":"https:\/\/ueberlebenskunst.at\/survivalshop\/wp-content\/uploads\/2023\/01\/Picatinny-Praezisionskit.jpg","contentUrl":"https:\/\/ueberlebenskunst.at\/survivalshop\/wp-content\/uploads\/2023\/01\/Picatinny-Praezisionskit.jpg","width":400,"height":400},{"@type":"BreadcrumbList","@id":"https:\/\/ueberlebenskunst.at\/survivalshop\/shop\/picatinny-praezisionskit\/#breadcrumb","itemListElement":[{"@type":"ListItem","position":1,"name":"Startseite","item":"https:\/\/ueberlebenskunst.at\/survivalshop\/"},{"@type":"ListItem","position":2,"name":"Shop","item":"https:\/\/ueberlebenskunst.at\/survivalshop\/shop\/"},{"@type":"ListItem","position":3,"name":"Picatinny Pr\u00e4zisionskit"}]},{"@type":"WebSite","@id":"https:\/\/ueberlebenskunst.at\/survivalshop\/#website","url":"https:\/\/ueberlebenskunst.at\/survivalshop\/","name":"Reini Rossmann - Survival Shop","description":"Survival Shop f\u00fcr Survival, Bushcraft und Prepper","potentialAction":[{"@type":"SearchAction","target":{"@type":"EntryPoint","urlTemplate":"https:\/\/ueberlebenskunst.at\/survivalshop\/?s={search_term_string}"},"query-input":{"@type":"PropertyValueSpecification","valueRequired":true,"valueName":"search_term_string"}}],"inLanguage":"de"}]}},"_links":{"self":[{"href":"https:\/\/ueberlebenskunst.at\/survivalshop\/wp-json\/wp\/v2\/product\/125218","targetHints":{"allow":["GET"]}}],"collection":[{"href":"https:\/\/ueberlebenskunst.at\/survivalshop\/wp-json\/wp\/v2\/product"}],"about":[{"href":"https:\/\/ueberlebenskunst.at\/survivalshop\/wp-json\/wp\/v2\/types\/product"}],"replies":[{"embeddable":true,"href":"https:\/\/ueberlebenskunst.at\/survivalshop\/wp-json\/wp\/v2\/comments?post=125218"}],"wp:featuredmedia":[{"embeddable":true,"href":"https:\/\/ueberlebenskunst.at\/survivalshop\/wp-json\/wp\/v2\/media\/125219"}],"wp:attachment":[{"href":"https:\/\/ueberlebenskunst.at\/survivalshop\/wp-json\/wp\/v2\/media?parent=125218"}],"wp:term":[{"taxonomy":"product_brand","embeddable":true,"href":"https:\/\/ueberlebenskunst.at\/survivalshop\/wp-json\/wp\/v2\/product_brand?post=125218"},{"taxonomy":"product_cat","embeddable":true,"href":"https:\/\/ueberlebenskunst.at\/survivalshop\/wp-json\/wp\/v2\/product_cat?post=125218"},{"taxonomy":"product_tag","embeddable":true,"href":"https:\/\/ueberlebenskunst.at\/survivalshop\/wp-json\/wp\/v2\/product_tag?post=125218"}],"curies":[{"name":"wp","href":"https:\/\/api.w.org\/{rel}","templated":true}]}}