{"id":125147,"date":"2023-01-12T15:08:27","date_gmt":"2023-01-12T14:08:27","guid":{"rendered":"https:\/\/ueberlebenskunst.at\/survivalshop\/?post_type=product&#038;p=125147"},"modified":"2026-04-07T11:39:10","modified_gmt":"2026-04-07T09:39:10","slug":"steambow-stinger-2-pro-sehne","status":"publish","type":"product","link":"https:\/\/ueberlebenskunst.at\/survivalshop\/shop\/steambow-stinger-2-pro-sehne\/","title":{"rendered":"Steambow Stinger 2 Pro Sehne"},"content":{"rendered":"<p>Die Steambow Stinger 2 Pro Sehne ist f\u00fcr den 90 Pfund <a href=\"https:\/\/ueberlebenskunst.at\/survivalshop\/shop\/stinger-2-wurfarm-pro\/\" target=\"_blank\" rel=\"noopener\">Pro Wurfarm<\/a> freigegeben und ideal geeignet. Die hohe Qualit\u00e4t und Reissfestigkeit der Sehne ist f\u00fcr den Pro Bogen ideal. Nat\u00fcrlich k\u00f6nnen auch kleinere Zuggewichte wie 35 Pfund und 55 Pfund mit dieser Sehne in Betrieb benommen werden. Jedoch wollen wir ausdr\u00fccklich darauf hinweisen, dass der Pro Wurfarm nur mit der hier angebotenen Ersatzsehne betrieben werden soll.<\/p>\n<p><strong>Lieferumfang:<\/strong> 1 St\u00fcck schwarz\/orange-farbene Ersatzsehne f\u00fcr alle Wurfarm-Typen der AR-6 Series (AR-6 Stinger I und AR-6 Stinger II).<\/p>\n<p>&nbsp;<\/p>\n<p>&nbsp;<\/p>\n","protected":false},"excerpt":{"rendered":"<p>Die Steambow Stinger 2 Pro Sehne ist f\u00fcr den 90 Pfund Pro Wurfarm freigegeben und ideal geeignet. Die hohe Qualit\u00e4t und Reissfestigkeit der Sehne ist f\u00fcr den Pro Bogen ideal. Nat\u00fcrlich k\u00f6nnen auch kleinere Zuggewichte wie 35 Pfund und 55 Pfund mit dieser Sehne in Betrieb benommen werden. Jedoch wollen wir ausdr\u00fccklich darauf hinweisen, dass [&hellip;]<\/p>\n","protected":false},"featured_media":125149,"comment_status":"open","ping_status":"closed","template":"","meta":{"_acf_changed":false},"product_brand":[],"product_cat":[1925],"product_tag":[531,995,975,1388],"class_list":{"0":"post-125147","1":"product","2":"type-product","3":"status-publish","4":"has-post-thumbnail","6":"product_cat-sehne","7":"product_tag-ersatzsehne","8":"product_tag-sehne","9":"product_tag-stinger-2-zubehoer","10":"product_tag-wurfarm-pro","12":"first","13":"instock","14":"taxable","15":"shipping-taxable","16":"purchasable","17":"product-type-simple"},"acf":[],"yoast_head":"<!-- This site is optimized with the Yoast SEO plugin v27.1.1 - https:\/\/yoast.com\/product\/yoast-seo-wordpress\/ -->\n<title>Steambow Stinger 2 Pro Sehne - Reini Rossmann - Survival Shop<\/title>\n<meta name=\"robots\" content=\"index, follow, max-snippet:-1, max-image-preview:large, max-video-preview:-1\" \/>\n<link rel=\"canonical\" href=\"https:\/\/ueberlebenskunst.at\/survivalshop\/shop\/steambow-stinger-2-pro-sehne\/\" \/>\n<meta property=\"og:locale\" content=\"de_DE\" \/>\n<meta property=\"og:type\" content=\"article\" \/>\n<meta property=\"og:title\" content=\"Steambow Stinger 2 Pro Sehne - Reini Rossmann - Survival Shop\" \/>\n<meta property=\"og:description\" content=\"Die Steambow Stinger 2 Pro Sehne ist f\u00fcr den 90 Pfund Pro Wurfarm freigegeben und ideal geeignet. Die hohe Qualit\u00e4t und Reissfestigkeit der Sehne ist f\u00fcr den Pro Bogen ideal. Nat\u00fcrlich k\u00f6nnen auch kleinere Zuggewichte wie 35 Pfund und 55 Pfund mit dieser Sehne in Betrieb benommen werden. Jedoch wollen wir ausdr\u00fccklich darauf hinweisen, dass [&hellip;]\" \/>\n<meta property=\"og:url\" content=\"https:\/\/ueberlebenskunst.at\/survivalshop\/shop\/steambow-stinger-2-pro-sehne\/\" \/>\n<meta property=\"og:site_name\" content=\"Reini Rossmann - Survival Shop\" \/>\n<meta property=\"article:publisher\" content=\"https:\/\/www.facebook.com\/survival24.org\/\" \/>\n<meta property=\"article:modified_time\" content=\"2026-04-07T09:39:10+00:00\" \/>\n<meta property=\"og:image\" content=\"https:\/\/ueberlebenskunst.at\/survivalshop\/wp-content\/uploads\/2023\/01\/Steambow-Stinger-2-Pro-Sehne.jpg\" \/>\n\t<meta property=\"og:image:width\" content=\"400\" \/>\n\t<meta property=\"og:image:height\" content=\"358\" \/>\n\t<meta property=\"og:image:type\" content=\"image\/jpeg\" \/>\n<meta name=\"twitter:card\" content=\"summary_large_image\" \/>\n<meta name=\"twitter:label1\" content=\"Gesch\u00e4tzte Lesezeit\" \/>\n\t<meta name=\"twitter:data1\" content=\"1\u00a0Minute\" \/>\n<script type=\"application\/ld+json\" class=\"yoast-schema-graph\">{\"@context\":\"https:\/\/schema.org\",\"@graph\":[{\"@type\":\"WebPage\",\"@id\":\"https:\/\/ueberlebenskunst.at\/survivalshop\/shop\/steambow-stinger-2-pro-sehne\/\",\"url\":\"https:\/\/ueberlebenskunst.at\/survivalshop\/shop\/steambow-stinger-2-pro-sehne\/\",\"name\":\"Steambow Stinger 2 Pro Sehne - Reini Rossmann - Survival Shop\",\"isPartOf\":{\"@id\":\"https:\/\/ueberlebenskunst.at\/survivalshop\/#website\"},\"primaryImageOfPage\":{\"@id\":\"https:\/\/ueberlebenskunst.at\/survivalshop\/shop\/steambow-stinger-2-pro-sehne\/#primaryimage\"},\"image\":{\"@id\":\"https:\/\/ueberlebenskunst.at\/survivalshop\/shop\/steambow-stinger-2-pro-sehne\/#primaryimage\"},\"thumbnailUrl\":\"https:\/\/ueberlebenskunst.at\/survivalshop\/wp-content\/uploads\/2023\/01\/Steambow-Stinger-2-Pro-Sehne.jpg\",\"datePublished\":\"2023-01-12T14:08:27+00:00\",\"dateModified\":\"2026-04-07T09:39:10+00:00\",\"breadcrumb\":{\"@id\":\"https:\/\/ueberlebenskunst.at\/survivalshop\/shop\/steambow-stinger-2-pro-sehne\/#breadcrumb\"},\"inLanguage\":\"de\",\"potentialAction\":[{\"@type\":\"ReadAction\",\"target\":[\"https:\/\/ueberlebenskunst.at\/survivalshop\/shop\/steambow-stinger-2-pro-sehne\/\"]}]},{\"@type\":\"ImageObject\",\"inLanguage\":\"de\",\"@id\":\"https:\/\/ueberlebenskunst.at\/survivalshop\/shop\/steambow-stinger-2-pro-sehne\/#primaryimage\",\"url\":\"https:\/\/ueberlebenskunst.at\/survivalshop\/wp-content\/uploads\/2023\/01\/Steambow-Stinger-2-Pro-Sehne.jpg\",\"contentUrl\":\"https:\/\/ueberlebenskunst.at\/survivalshop\/wp-content\/uploads\/2023\/01\/Steambow-Stinger-2-Pro-Sehne.jpg\",\"width\":400,\"height\":358},{\"@type\":\"BreadcrumbList\",\"@id\":\"https:\/\/ueberlebenskunst.at\/survivalshop\/shop\/steambow-stinger-2-pro-sehne\/#breadcrumb\",\"itemListElement\":[{\"@type\":\"ListItem\",\"position\":1,\"name\":\"Startseite\",\"item\":\"https:\/\/ueberlebenskunst.at\/survivalshop\/\"},{\"@type\":\"ListItem\",\"position\":2,\"name\":\"Shop\",\"item\":\"https:\/\/ueberlebenskunst.at\/survivalshop\/shop\/\"},{\"@type\":\"ListItem\",\"position\":3,\"name\":\"Steambow Stinger 2 Pro Sehne\"}]},{\"@type\":\"WebSite\",\"@id\":\"https:\/\/ueberlebenskunst.at\/survivalshop\/#website\",\"url\":\"https:\/\/ueberlebenskunst.at\/survivalshop\/\",\"name\":\"Reini Rossmann - Survival Shop\",\"description\":\"Survival Shop f\u00fcr Survival, Bushcraft und Prepper\",\"potentialAction\":[{\"@type\":\"SearchAction\",\"target\":{\"@type\":\"EntryPoint\",\"urlTemplate\":\"https:\/\/ueberlebenskunst.at\/survivalshop\/?s={search_term_string}\"},\"query-input\":{\"@type\":\"PropertyValueSpecification\",\"valueRequired\":true,\"valueName\":\"search_term_string\"}}],\"inLanguage\":\"de\"}]}<\/script>\n<!-- \/ Yoast SEO plugin. -->","yoast_head_json":{"title":"Steambow Stinger 2 Pro Sehne - Reini Rossmann - Survival Shop","robots":{"index":"index","follow":"follow","max-snippet":"max-snippet:-1","max-image-preview":"max-image-preview:large","max-video-preview":"max-video-preview:-1"},"canonical":"https:\/\/ueberlebenskunst.at\/survivalshop\/shop\/steambow-stinger-2-pro-sehne\/","og_locale":"de_DE","og_type":"article","og_title":"Steambow Stinger 2 Pro Sehne - Reini Rossmann - Survival Shop","og_description":"Die Steambow Stinger 2 Pro Sehne ist f\u00fcr den 90 Pfund Pro Wurfarm freigegeben und ideal geeignet. Die hohe Qualit\u00e4t und Reissfestigkeit der Sehne ist f\u00fcr den Pro Bogen ideal. Nat\u00fcrlich k\u00f6nnen auch kleinere Zuggewichte wie 35 Pfund und 55 Pfund mit dieser Sehne in Betrieb benommen werden. Jedoch wollen wir ausdr\u00fccklich darauf hinweisen, dass [&hellip;]","og_url":"https:\/\/ueberlebenskunst.at\/survivalshop\/shop\/steambow-stinger-2-pro-sehne\/","og_site_name":"Reini Rossmann - Survival Shop","article_publisher":"https:\/\/www.facebook.com\/survival24.org\/","article_modified_time":"2026-04-07T09:39:10+00:00","og_image":[{"width":400,"height":358,"url":"https:\/\/ueberlebenskunst.at\/survivalshop\/wp-content\/uploads\/2023\/01\/Steambow-Stinger-2-Pro-Sehne.jpg","type":"image\/jpeg"}],"twitter_card":"summary_large_image","twitter_misc":{"Gesch\u00e4tzte Lesezeit":"1\u00a0Minute"},"schema":{"@context":"https:\/\/schema.org","@graph":[{"@type":"WebPage","@id":"https:\/\/ueberlebenskunst.at\/survivalshop\/shop\/steambow-stinger-2-pro-sehne\/","url":"https:\/\/ueberlebenskunst.at\/survivalshop\/shop\/steambow-stinger-2-pro-sehne\/","name":"Steambow Stinger 2 Pro Sehne - Reini Rossmann - Survival Shop","isPartOf":{"@id":"https:\/\/ueberlebenskunst.at\/survivalshop\/#website"},"primaryImageOfPage":{"@id":"https:\/\/ueberlebenskunst.at\/survivalshop\/shop\/steambow-stinger-2-pro-sehne\/#primaryimage"},"image":{"@id":"https:\/\/ueberlebenskunst.at\/survivalshop\/shop\/steambow-stinger-2-pro-sehne\/#primaryimage"},"thumbnailUrl":"https:\/\/ueberlebenskunst.at\/survivalshop\/wp-content\/uploads\/2023\/01\/Steambow-Stinger-2-Pro-Sehne.jpg","datePublished":"2023-01-12T14:08:27+00:00","dateModified":"2026-04-07T09:39:10+00:00","breadcrumb":{"@id":"https:\/\/ueberlebenskunst.at\/survivalshop\/shop\/steambow-stinger-2-pro-sehne\/#breadcrumb"},"inLanguage":"de","potentialAction":[{"@type":"ReadAction","target":["https:\/\/ueberlebenskunst.at\/survivalshop\/shop\/steambow-stinger-2-pro-sehne\/"]}]},{"@type":"ImageObject","inLanguage":"de","@id":"https:\/\/ueberlebenskunst.at\/survivalshop\/shop\/steambow-stinger-2-pro-sehne\/#primaryimage","url":"https:\/\/ueberlebenskunst.at\/survivalshop\/wp-content\/uploads\/2023\/01\/Steambow-Stinger-2-Pro-Sehne.jpg","contentUrl":"https:\/\/ueberlebenskunst.at\/survivalshop\/wp-content\/uploads\/2023\/01\/Steambow-Stinger-2-Pro-Sehne.jpg","width":400,"height":358},{"@type":"BreadcrumbList","@id":"https:\/\/ueberlebenskunst.at\/survivalshop\/shop\/steambow-stinger-2-pro-sehne\/#breadcrumb","itemListElement":[{"@type":"ListItem","position":1,"name":"Startseite","item":"https:\/\/ueberlebenskunst.at\/survivalshop\/"},{"@type":"ListItem","position":2,"name":"Shop","item":"https:\/\/ueberlebenskunst.at\/survivalshop\/shop\/"},{"@type":"ListItem","position":3,"name":"Steambow Stinger 2 Pro Sehne"}]},{"@type":"WebSite","@id":"https:\/\/ueberlebenskunst.at\/survivalshop\/#website","url":"https:\/\/ueberlebenskunst.at\/survivalshop\/","name":"Reini Rossmann - Survival Shop","description":"Survival Shop f\u00fcr Survival, Bushcraft und Prepper","potentialAction":[{"@type":"SearchAction","target":{"@type":"EntryPoint","urlTemplate":"https:\/\/ueberlebenskunst.at\/survivalshop\/?s={search_term_string}"},"query-input":{"@type":"PropertyValueSpecification","valueRequired":true,"valueName":"search_term_string"}}],"inLanguage":"de"}]}},"_links":{"self":[{"href":"https:\/\/ueberlebenskunst.at\/survivalshop\/wp-json\/wp\/v2\/product\/125147","targetHints":{"allow":["GET"]}}],"collection":[{"href":"https:\/\/ueberlebenskunst.at\/survivalshop\/wp-json\/wp\/v2\/product"}],"about":[{"href":"https:\/\/ueberlebenskunst.at\/survivalshop\/wp-json\/wp\/v2\/types\/product"}],"replies":[{"embeddable":true,"href":"https:\/\/ueberlebenskunst.at\/survivalshop\/wp-json\/wp\/v2\/comments?post=125147"}],"wp:featuredmedia":[{"embeddable":true,"href":"https:\/\/ueberlebenskunst.at\/survivalshop\/wp-json\/wp\/v2\/media\/125149"}],"wp:attachment":[{"href":"https:\/\/ueberlebenskunst.at\/survivalshop\/wp-json\/wp\/v2\/media?parent=125147"}],"wp:term":[{"taxonomy":"product_brand","embeddable":true,"href":"https:\/\/ueberlebenskunst.at\/survivalshop\/wp-json\/wp\/v2\/product_brand?post=125147"},{"taxonomy":"product_cat","embeddable":true,"href":"https:\/\/ueberlebenskunst.at\/survivalshop\/wp-json\/wp\/v2\/product_cat?post=125147"},{"taxonomy":"product_tag","embeddable":true,"href":"https:\/\/ueberlebenskunst.at\/survivalshop\/wp-json\/wp\/v2\/product_tag?post=125147"}],"curies":[{"name":"wp","href":"https:\/\/api.w.org\/{rel}","templated":true}]}}