{"id":12411,"date":"2019-08-24T08:50:58","date_gmt":"2019-08-24T06:50:58","guid":{"rendered":"https:\/\/ueberlebenskunst.at\/survivalshop\/survivalshop\/?post_type=product&#038;p=12411"},"modified":"2026-04-16T06:18:37","modified_gmt":"2026-04-16T04:18:37","slug":"pistolenarmbrust-pfeile-broadhead","status":"publish","type":"product","link":"https:\/\/ueberlebenskunst.at\/survivalshop\/shop\/pistolenarmbrust-pfeile-broadhead\/","title":{"rendered":"Pistolenarmbrust Pfeile Broadhead 3 St\u00fcck"},"content":{"rendered":"<p>Pistolenarmbrust Pfeile Broadhead passend f\u00fcr die Steambow Stinger und die Redback Pistolenarmbrust.<\/p>\n<h3><strong>Passend f\u00fcr folgende Armbr\u00fcste:<\/strong><\/h3>\n<ul>\n<li><a href=\"https:\/\/ueberlebenskunst.at\/survivalshop\/shop\/pistolenarmbrust-redback-80-pfund\/\" target=\"_blank\" rel=\"noopener noreferrer\">Redback Pistolenarmbrust<\/a><\/li>\n<li><a href=\"https:\/\/ueberlebenskunst.at\/survivalshop\/shop\/steambow-stinger-6-schuss-laser-armbrust\/\" target=\"_blank\" rel=\"noopener noreferrer\">Stinger Magazin Armbrust<\/a><\/li>\n<\/ul>\n<h3><strong>Passendes, separat erh\u00e4ltliches Zubeh\u00f6r:<\/strong><\/h3>\n<ul>\n<li><a href=\"https:\/\/ueberlebenskunst.at\/survivalshop\/shop\/modularer-pfeilkoecher\/\" target=\"_blank\" rel=\"noopener\">Modularer Pfeilk\u00f6cher<\/a><\/li>\n<li><a href=\"https:\/\/ueberlebenskunst.at\/survivalshop\/shop\/pfeilkocherpistolenarmbrust\/\" target=\"_blank\" rel=\"noopener\">Pfeilk\u00f6cher mit G\u00fcrtelschlaufe<\/a><\/li>\n<\/ul>\n<h3><strong>Lieferumfang:<\/strong><\/h3>\n<ul>\n<li>3 St\u00fcck Broadhead Pfeile<\/li>\n<\/ul>\n<h3>Technische Daten im \u00dcberblick:<\/h3>\n<ul>\n<li>Das Gewicht liegt bei 10,25 Gramm.<\/li>\n<li>Die Schnittbreite liegt bei 16 mm, die Klingendicke liegt bei 1 mm.<\/li>\n<li>Der Broadhead ist aus rostfreien Stahl gefertig und in den rot eloxierten Aluminium-Schaft festgeklemmt.<\/li>\n<li>Die rote Farbe hat der Hersteller Steambow aus \u00d6sterreich absichtlich gew\u00e4hlt, um die Unterscheidung in der Repetierarmbrust Steambow Stinger zu garantieren.<\/li>\n<\/ul>\n<h4>Mit welcher Armbrust sind die Broadhead einsetzbar?<\/h4>\n<p>Alle Pistolenarmbr\u00fcste wie die Stinger oder die <a href=\"https:\/\/ueberlebenskunst.at\/survivalshop\/shop\/pistolenarmbrust-redback-80-pfund\/\" target=\"_blank\" rel=\"noopener noreferrer\">Redback<\/a> sind kompatibel. ACHTUNG: Mit der <a href=\"https:\/\/ueberlebenskunst.at\/survivalshop\/shop\/ek-x-bow-cobra-armbrust\/\" target=\"_blank\" rel=\"noopener noreferrer\">EK Cobra R9<\/a> oder der <a href=\"https:\/\/ueberlebenskunst.at\/survivalshop\/shop\/ek-cobra-adder-die-taktische-repetier-armbrust\/\" target=\"_blank\" rel=\"noopener\">EK Adder<\/a> sind die Pfeile NICHT verwendbar!<\/p>\n","protected":false},"excerpt":{"rendered":"<p>Pistolenarmbrust Pfeile Broadhead passend f\u00fcr die Steambow Stinger und die Redback Pistolenarmbrust. Passend f\u00fcr folgende Armbr\u00fcste: Redback Pistolenarmbrust Stinger Magazin Armbrust Passendes, separat erh\u00e4ltliches Zubeh\u00f6r: Modularer Pfeilk\u00f6cher Pfeilk\u00f6cher mit G\u00fcrtelschlaufe Lieferumfang: 3 St\u00fcck Broadhead Pfeile Technische Daten im \u00dcberblick: Das Gewicht liegt bei 10,25 Gramm. Die Schnittbreite liegt bei 16 mm, die Klingendicke liegt bei [&hellip;]<\/p>\n","protected":false},"featured_media":30118,"comment_status":"open","ping_status":"closed","template":"","meta":{"_acf_changed":false},"product_brand":[],"product_cat":[1919],"product_tag":[533,898,534,520,519,975],"class_list":{"0":"post-12411","1":"product","2":"type-product","3":"status-publish","4":"has-post-thumbnail","6":"product_cat-steambow-pfeile-bolzen","7":"product_tag-armbrust-pfeile","8":"product_tag-bolzen","9":"product_tag-broadhead","10":"product_tag-redback","11":"product_tag-stinger","12":"product_tag-stinger-2-zubehoer","14":"first","15":"instock","16":"taxable","17":"shipping-taxable","18":"purchasable","19":"product-type-simple"},"acf":[],"yoast_head":"<!-- This site is optimized with the Yoast SEO plugin v27.1.1 - https:\/\/yoast.com\/product\/yoast-seo-wordpress\/ -->\n<title>Pistolenarmbrust Pfeile Broadhead 3 St\u00fcck<\/title>\n<meta name=\"description\" content=\"Die rote Farbe hat der Hersteller Steambow aus \u00d6sterreich absichtlich gew\u00e4hlt, um die Unterscheidung in der Steambow Stinger zu garantieren.\" \/>\n<meta name=\"robots\" content=\"index, follow, max-snippet:-1, max-image-preview:large, max-video-preview:-1\" \/>\n<link rel=\"canonical\" href=\"https:\/\/ueberlebenskunst.at\/survivalshop\/shop\/pistolenarmbrust-pfeile-broadhead\/\" \/>\n<meta property=\"og:locale\" content=\"de_DE\" \/>\n<meta property=\"og:type\" content=\"article\" \/>\n<meta property=\"og:title\" content=\"Pistolenarmbrust Pfeile Broadhead 3 St\u00fcck\" \/>\n<meta property=\"og:description\" content=\"Die rote Farbe hat der Hersteller Steambow aus \u00d6sterreich absichtlich gew\u00e4hlt, um die Unterscheidung in der Steambow Stinger zu garantieren.\" \/>\n<meta property=\"og:url\" content=\"https:\/\/ueberlebenskunst.at\/survivalshop\/shop\/pistolenarmbrust-pfeile-broadhead\/\" \/>\n<meta property=\"og:site_name\" content=\"Reini Rossmann - Survival Shop\" \/>\n<meta property=\"article:publisher\" content=\"https:\/\/www.facebook.com\/survival24.org\/\" \/>\n<meta property=\"article:modified_time\" content=\"2026-04-16T04:18:37+00:00\" \/>\n<meta property=\"og:image\" content=\"https:\/\/ueberlebenskunst.at\/survivalshop\/wp-content\/uploads\/2019\/08\/Steambow-Jagdpfeile_32163.jpg\" \/>\n\t<meta property=\"og:image:width\" content=\"769\" \/>\n\t<meta property=\"og:image:height\" content=\"399\" \/>\n\t<meta property=\"og:image:type\" content=\"image\/jpeg\" \/>\n<meta name=\"twitter:card\" content=\"summary_large_image\" \/>\n<meta name=\"twitter:label1\" content=\"Gesch\u00e4tzte Lesezeit\" \/>\n\t<meta name=\"twitter:data1\" content=\"1\u00a0Minute\" \/>\n<script type=\"application\/ld+json\" class=\"yoast-schema-graph\">{\"@context\":\"https:\/\/schema.org\",\"@graph\":[{\"@type\":\"WebPage\",\"@id\":\"https:\/\/ueberlebenskunst.at\/survivalshop\/shop\/pistolenarmbrust-pfeile-broadhead\/\",\"url\":\"https:\/\/ueberlebenskunst.at\/survivalshop\/shop\/pistolenarmbrust-pfeile-broadhead\/\",\"name\":\"Pistolenarmbrust Pfeile Broadhead 3 St\u00fcck\",\"isPartOf\":{\"@id\":\"https:\/\/ueberlebenskunst.at\/survivalshop\/#website\"},\"primaryImageOfPage\":{\"@id\":\"https:\/\/ueberlebenskunst.at\/survivalshop\/shop\/pistolenarmbrust-pfeile-broadhead\/#primaryimage\"},\"image\":{\"@id\":\"https:\/\/ueberlebenskunst.at\/survivalshop\/shop\/pistolenarmbrust-pfeile-broadhead\/#primaryimage\"},\"thumbnailUrl\":\"https:\/\/ueberlebenskunst.at\/survivalshop\/wp-content\/uploads\/2019\/08\/Steambow-Jagdpfeile_32163.jpg\",\"datePublished\":\"2019-08-24T06:50:58+00:00\",\"dateModified\":\"2026-04-16T04:18:37+00:00\",\"description\":\"Die rote Farbe hat der Hersteller Steambow aus \u00d6sterreich absichtlich gew\u00e4hlt, um die Unterscheidung in der Steambow Stinger zu garantieren.\",\"breadcrumb\":{\"@id\":\"https:\/\/ueberlebenskunst.at\/survivalshop\/shop\/pistolenarmbrust-pfeile-broadhead\/#breadcrumb\"},\"inLanguage\":\"de\",\"potentialAction\":[{\"@type\":\"ReadAction\",\"target\":[\"https:\/\/ueberlebenskunst.at\/survivalshop\/shop\/pistolenarmbrust-pfeile-broadhead\/\"]}]},{\"@type\":\"ImageObject\",\"inLanguage\":\"de\",\"@id\":\"https:\/\/ueberlebenskunst.at\/survivalshop\/shop\/pistolenarmbrust-pfeile-broadhead\/#primaryimage\",\"url\":\"https:\/\/ueberlebenskunst.at\/survivalshop\/wp-content\/uploads\/2019\/08\/Steambow-Jagdpfeile_32163.jpg\",\"contentUrl\":\"https:\/\/ueberlebenskunst.at\/survivalshop\/wp-content\/uploads\/2019\/08\/Steambow-Jagdpfeile_32163.jpg\",\"width\":769,\"height\":399},{\"@type\":\"BreadcrumbList\",\"@id\":\"https:\/\/ueberlebenskunst.at\/survivalshop\/shop\/pistolenarmbrust-pfeile-broadhead\/#breadcrumb\",\"itemListElement\":[{\"@type\":\"ListItem\",\"position\":1,\"name\":\"Startseite\",\"item\":\"https:\/\/ueberlebenskunst.at\/survivalshop\/\"},{\"@type\":\"ListItem\",\"position\":2,\"name\":\"Shop\",\"item\":\"https:\/\/ueberlebenskunst.at\/survivalshop\/shop\/\"},{\"@type\":\"ListItem\",\"position\":3,\"name\":\"Pistolenarmbrust Pfeile Broadhead 3 St\u00fcck\"}]},{\"@type\":\"WebSite\",\"@id\":\"https:\/\/ueberlebenskunst.at\/survivalshop\/#website\",\"url\":\"https:\/\/ueberlebenskunst.at\/survivalshop\/\",\"name\":\"Reini Rossmann - Survival Shop\",\"description\":\"Survival Shop f\u00fcr Survival, Bushcraft und Prepper\",\"potentialAction\":[{\"@type\":\"SearchAction\",\"target\":{\"@type\":\"EntryPoint\",\"urlTemplate\":\"https:\/\/ueberlebenskunst.at\/survivalshop\/?s={search_term_string}\"},\"query-input\":{\"@type\":\"PropertyValueSpecification\",\"valueRequired\":true,\"valueName\":\"search_term_string\"}}],\"inLanguage\":\"de\"}]}<\/script>\n<!-- \/ Yoast SEO plugin. -->","yoast_head_json":{"title":"Pistolenarmbrust Pfeile Broadhead 3 St\u00fcck","description":"Die rote Farbe hat der Hersteller Steambow aus \u00d6sterreich absichtlich gew\u00e4hlt, um die Unterscheidung in der Steambow Stinger zu garantieren.","robots":{"index":"index","follow":"follow","max-snippet":"max-snippet:-1","max-image-preview":"max-image-preview:large","max-video-preview":"max-video-preview:-1"},"canonical":"https:\/\/ueberlebenskunst.at\/survivalshop\/shop\/pistolenarmbrust-pfeile-broadhead\/","og_locale":"de_DE","og_type":"article","og_title":"Pistolenarmbrust Pfeile Broadhead 3 St\u00fcck","og_description":"Die rote Farbe hat der Hersteller Steambow aus \u00d6sterreich absichtlich gew\u00e4hlt, um die Unterscheidung in der Steambow Stinger zu garantieren.","og_url":"https:\/\/ueberlebenskunst.at\/survivalshop\/shop\/pistolenarmbrust-pfeile-broadhead\/","og_site_name":"Reini Rossmann - Survival Shop","article_publisher":"https:\/\/www.facebook.com\/survival24.org\/","article_modified_time":"2026-04-16T04:18:37+00:00","og_image":[{"width":769,"height":399,"url":"https:\/\/ueberlebenskunst.at\/survivalshop\/wp-content\/uploads\/2019\/08\/Steambow-Jagdpfeile_32163.jpg","type":"image\/jpeg"}],"twitter_card":"summary_large_image","twitter_misc":{"Gesch\u00e4tzte Lesezeit":"1\u00a0Minute"},"schema":{"@context":"https:\/\/schema.org","@graph":[{"@type":"WebPage","@id":"https:\/\/ueberlebenskunst.at\/survivalshop\/shop\/pistolenarmbrust-pfeile-broadhead\/","url":"https:\/\/ueberlebenskunst.at\/survivalshop\/shop\/pistolenarmbrust-pfeile-broadhead\/","name":"Pistolenarmbrust Pfeile Broadhead 3 St\u00fcck","isPartOf":{"@id":"https:\/\/ueberlebenskunst.at\/survivalshop\/#website"},"primaryImageOfPage":{"@id":"https:\/\/ueberlebenskunst.at\/survivalshop\/shop\/pistolenarmbrust-pfeile-broadhead\/#primaryimage"},"image":{"@id":"https:\/\/ueberlebenskunst.at\/survivalshop\/shop\/pistolenarmbrust-pfeile-broadhead\/#primaryimage"},"thumbnailUrl":"https:\/\/ueberlebenskunst.at\/survivalshop\/wp-content\/uploads\/2019\/08\/Steambow-Jagdpfeile_32163.jpg","datePublished":"2019-08-24T06:50:58+00:00","dateModified":"2026-04-16T04:18:37+00:00","description":"Die rote Farbe hat der Hersteller Steambow aus \u00d6sterreich absichtlich gew\u00e4hlt, um die Unterscheidung in der Steambow Stinger zu garantieren.","breadcrumb":{"@id":"https:\/\/ueberlebenskunst.at\/survivalshop\/shop\/pistolenarmbrust-pfeile-broadhead\/#breadcrumb"},"inLanguage":"de","potentialAction":[{"@type":"ReadAction","target":["https:\/\/ueberlebenskunst.at\/survivalshop\/shop\/pistolenarmbrust-pfeile-broadhead\/"]}]},{"@type":"ImageObject","inLanguage":"de","@id":"https:\/\/ueberlebenskunst.at\/survivalshop\/shop\/pistolenarmbrust-pfeile-broadhead\/#primaryimage","url":"https:\/\/ueberlebenskunst.at\/survivalshop\/wp-content\/uploads\/2019\/08\/Steambow-Jagdpfeile_32163.jpg","contentUrl":"https:\/\/ueberlebenskunst.at\/survivalshop\/wp-content\/uploads\/2019\/08\/Steambow-Jagdpfeile_32163.jpg","width":769,"height":399},{"@type":"BreadcrumbList","@id":"https:\/\/ueberlebenskunst.at\/survivalshop\/shop\/pistolenarmbrust-pfeile-broadhead\/#breadcrumb","itemListElement":[{"@type":"ListItem","position":1,"name":"Startseite","item":"https:\/\/ueberlebenskunst.at\/survivalshop\/"},{"@type":"ListItem","position":2,"name":"Shop","item":"https:\/\/ueberlebenskunst.at\/survivalshop\/shop\/"},{"@type":"ListItem","position":3,"name":"Pistolenarmbrust Pfeile Broadhead 3 St\u00fcck"}]},{"@type":"WebSite","@id":"https:\/\/ueberlebenskunst.at\/survivalshop\/#website","url":"https:\/\/ueberlebenskunst.at\/survivalshop\/","name":"Reini Rossmann - Survival Shop","description":"Survival Shop f\u00fcr Survival, Bushcraft und Prepper","potentialAction":[{"@type":"SearchAction","target":{"@type":"EntryPoint","urlTemplate":"https:\/\/ueberlebenskunst.at\/survivalshop\/?s={search_term_string}"},"query-input":{"@type":"PropertyValueSpecification","valueRequired":true,"valueName":"search_term_string"}}],"inLanguage":"de"}]}},"_links":{"self":[{"href":"https:\/\/ueberlebenskunst.at\/survivalshop\/wp-json\/wp\/v2\/product\/12411","targetHints":{"allow":["GET"]}}],"collection":[{"href":"https:\/\/ueberlebenskunst.at\/survivalshop\/wp-json\/wp\/v2\/product"}],"about":[{"href":"https:\/\/ueberlebenskunst.at\/survivalshop\/wp-json\/wp\/v2\/types\/product"}],"replies":[{"embeddable":true,"href":"https:\/\/ueberlebenskunst.at\/survivalshop\/wp-json\/wp\/v2\/comments?post=12411"}],"wp:featuredmedia":[{"embeddable":true,"href":"https:\/\/ueberlebenskunst.at\/survivalshop\/wp-json\/wp\/v2\/media\/30118"}],"wp:attachment":[{"href":"https:\/\/ueberlebenskunst.at\/survivalshop\/wp-json\/wp\/v2\/media?parent=12411"}],"wp:term":[{"taxonomy":"product_brand","embeddable":true,"href":"https:\/\/ueberlebenskunst.at\/survivalshop\/wp-json\/wp\/v2\/product_brand?post=12411"},{"taxonomy":"product_cat","embeddable":true,"href":"https:\/\/ueberlebenskunst.at\/survivalshop\/wp-json\/wp\/v2\/product_cat?post=12411"},{"taxonomy":"product_tag","embeddable":true,"href":"https:\/\/ueberlebenskunst.at\/survivalshop\/wp-json\/wp\/v2\/product_tag?post=12411"}],"curies":[{"name":"wp","href":"https:\/\/api.w.org\/{rel}","templated":true}]}}