{"id":121706,"date":"2022-12-19T13:34:40","date_gmt":"2022-12-19T12:34:40","guid":{"rendered":"https:\/\/ueberlebenskunst.at\/survivalshop\/?post_type=product&#038;p=121706"},"modified":"2026-03-18T06:47:46","modified_gmt":"2026-03-18T05:47:46","slug":"k4-guertelscheide-fuer-victorinox-rescue-rettungsmesser","status":"publish","type":"product","link":"https:\/\/ueberlebenskunst.at\/survivalshop\/shop\/k4-guertelscheide-fuer-victorinox-rescue-rettungsmesser\/","title":{"rendered":"K4 G\u00fcrtelscheide f\u00fcr Victorinox Rescue Rettungsmesser"},"content":{"rendered":"<p>Die K4 G\u00fcrtelscheide ist ideal f\u00fcr das F\u00fchren des Victorinox Rescue Rettungsmessers.\u00a0Die Scheide ist Designed bei Reini und auch in der Reini Rossmann Werkstatt in \u00d6sterreich gebaut.<\/p>\n<p>Die Scheide ist aus haltbaren hochwertigen TPU Kunststoff und passt ideal f\u00fcr das Messer. Die zwei seitlichen G\u00fcrtelschlaufen bringen das Messer ganz nah an den K\u00f6rper und sorgen so f\u00fcr idealen Halt und unauff\u00e4lliges Tragen. Sie ist auch f\u00fcr die 2-Hand-Version geeignet.<\/p>\n<h3><strong>Kompatibel mit:<\/strong><\/h3>\n<ul>\n<li>Victorinox Rescue Rettungsmesser<\/li>\n<\/ul>\n<h3>Lieferumfang:<\/h3>\n<ul>\n<li>G\u00fcrtelscheide<\/li>\n<li>K4 EDC Mini Lampe<\/li>\n<\/ul>\n<p>Das am Bild gezeigte Messer ist im Lieferumfang <strong>NICHT<\/strong> enthalten.<\/p>\n<h3><strong>Bedienungs- &amp; Pflegeanleitung:<\/strong><\/h3>\n<ul>\n<li>Die Reinigung mit Wasser ist m\u00f6glich.<\/li>\n<li>Du solltest das Produkt nicht direkt in die N\u00e4he von Feuer oder anderen Hitzequellen legen!<\/li>\n<li>Wird es \u00fcber l\u00e4ngere Zeit sehr kalten Temperaturen unter 0 \u00b0C ausgesetzt, solltest du in dem Moment darauf achten, dass keine starken Belastungen darauf einwirken.<\/li>\n<\/ul>\n<p>Unsere Produkte sind nicht f\u00fcr Kinder unter 3 Jahren geeignet. Es besteht Verschluckungsgefahr.<\/p>\n<p><span style=\"color: #99cc00;\">Du willst das Produkt in einer anderen Farbe? Schick uns eine E-Mail an shop@ueberlebenskunst.at und wir pr\u00fcfen, ob dein Farbwunsch\u00a0m\u00f6glich\u00a0ist.<\/span><\/p>\n","protected":false},"excerpt":{"rendered":"<p>Die K4 G\u00fcrtelscheide ist ideal f\u00fcr das F\u00fchren des Victorinox Rescue Rettungsmessers.\u00a0Die Scheide ist Designed bei Reini und auch in der Reini Rossmann Werkstatt in \u00d6sterreich gebaut. Die Scheide ist aus haltbaren hochwertigen TPU Kunststoff und passt ideal f\u00fcr das Messer. Die zwei seitlichen G\u00fcrtelschlaufen bringen das Messer ganz nah an den K\u00f6rper und sorgen [&hellip;]<\/p>\n","protected":false},"featured_media":136942,"comment_status":"open","ping_status":"closed","template":"","meta":{"_acf_changed":false},"product_brand":[],"product_cat":[1945],"product_tag":[1256,1387,1147,1376],"class_list":{"0":"post-121706","1":"product","2":"type-product","3":"status-publish","4":"has-post-thumbnail","6":"product_cat-survivalausruestung","7":"product_tag-k4","8":"product_tag-rettungsmesser-scheiden","9":"product_tag-victorinox","10":"product_tag-victorinox-rescue","12":"first","13":"instock","14":"taxable","15":"shipping-taxable","16":"purchasable","17":"product-type-variable","18":"has-default-attributes"},"acf":[],"yoast_head":"<!-- This site is optimized with the Yoast SEO plugin v27.1.1 - https:\/\/yoast.com\/product\/yoast-seo-wordpress\/ -->\n<title>K4 G\u00fcrtelscheide f\u00fcr Victorinox Rescue Rettungsmesser<\/title>\n<meta name=\"robots\" content=\"index, follow, max-snippet:-1, max-image-preview:large, max-video-preview:-1\" \/>\n<link rel=\"canonical\" href=\"https:\/\/ueberlebenskunst.at\/survivalshop\/shop\/k4-guertelscheide-fuer-victorinox-rescue-rettungsmesser\/\" \/>\n<meta property=\"og:locale\" content=\"de_DE\" \/>\n<meta property=\"og:type\" content=\"article\" \/>\n<meta property=\"og:title\" content=\"K4 G\u00fcrtelscheide f\u00fcr Victorinox Rescue Rettungsmesser\" \/>\n<meta property=\"og:description\" content=\"Die K4 G\u00fcrtelscheide ist ideal f\u00fcr das F\u00fchren des Victorinox Rescue Rettungsmessers.\u00a0Die Scheide ist Designed bei Reini und auch in der Reini Rossmann Werkstatt in \u00d6sterreich gebaut. Die Scheide ist aus haltbaren hochwertigen TPU Kunststoff und passt ideal f\u00fcr das Messer. Die zwei seitlichen G\u00fcrtelschlaufen bringen das Messer ganz nah an den K\u00f6rper und sorgen [&hellip;]\" \/>\n<meta property=\"og:url\" content=\"https:\/\/ueberlebenskunst.at\/survivalshop\/shop\/k4-guertelscheide-fuer-victorinox-rescue-rettungsmesser\/\" \/>\n<meta property=\"og:site_name\" content=\"Reini Rossmann - Survival Shop\" \/>\n<meta property=\"article:publisher\" content=\"https:\/\/www.facebook.com\/survival24.org\/\" \/>\n<meta property=\"article:modified_time\" content=\"2026-03-18T05:47:46+00:00\" \/>\n<meta property=\"og:image\" content=\"https:\/\/ueberlebenskunst.at\/survivalshop\/wp-content\/uploads\/2022\/12\/K4_Guertelscheide_Victorinox_Rescue_Rettungsmesser_RES02_sk.jpg\" \/>\n\t<meta property=\"og:image:width\" content=\"400\" \/>\n\t<meta property=\"og:image:height\" content=\"400\" \/>\n\t<meta property=\"og:image:type\" content=\"image\/jpeg\" \/>\n<meta name=\"twitter:card\" content=\"summary_large_image\" \/>\n<meta name=\"twitter:label1\" content=\"Gesch\u00e4tzte Lesezeit\" \/>\n\t<meta name=\"twitter:data1\" content=\"2\u00a0Minuten\" \/>\n<script type=\"application\/ld+json\" class=\"yoast-schema-graph\">{\"@context\":\"https:\/\/schema.org\",\"@graph\":[{\"@type\":\"WebPage\",\"@id\":\"https:\/\/ueberlebenskunst.at\/survivalshop\/shop\/k4-guertelscheide-fuer-victorinox-rescue-rettungsmesser\/\",\"url\":\"https:\/\/ueberlebenskunst.at\/survivalshop\/shop\/k4-guertelscheide-fuer-victorinox-rescue-rettungsmesser\/\",\"name\":\"K4 G\u00fcrtelscheide f\u00fcr Victorinox Rescue Rettungsmesser\",\"isPartOf\":{\"@id\":\"https:\/\/ueberlebenskunst.at\/survivalshop\/#website\"},\"primaryImageOfPage\":{\"@id\":\"https:\/\/ueberlebenskunst.at\/survivalshop\/shop\/k4-guertelscheide-fuer-victorinox-rescue-rettungsmesser\/#primaryimage\"},\"image\":{\"@id\":\"https:\/\/ueberlebenskunst.at\/survivalshop\/shop\/k4-guertelscheide-fuer-victorinox-rescue-rettungsmesser\/#primaryimage\"},\"thumbnailUrl\":\"https:\/\/ueberlebenskunst.at\/survivalshop\/wp-content\/uploads\/2022\/12\/K4_Guertelscheide_Victorinox_Rescue_Rettungsmesser_RES02_sk.jpg\",\"datePublished\":\"2022-12-19T12:34:40+00:00\",\"dateModified\":\"2026-03-18T05:47:46+00:00\",\"breadcrumb\":{\"@id\":\"https:\/\/ueberlebenskunst.at\/survivalshop\/shop\/k4-guertelscheide-fuer-victorinox-rescue-rettungsmesser\/#breadcrumb\"},\"inLanguage\":\"de\",\"potentialAction\":[{\"@type\":\"ReadAction\",\"target\":[\"https:\/\/ueberlebenskunst.at\/survivalshop\/shop\/k4-guertelscheide-fuer-victorinox-rescue-rettungsmesser\/\"]}]},{\"@type\":\"ImageObject\",\"inLanguage\":\"de\",\"@id\":\"https:\/\/ueberlebenskunst.at\/survivalshop\/shop\/k4-guertelscheide-fuer-victorinox-rescue-rettungsmesser\/#primaryimage\",\"url\":\"https:\/\/ueberlebenskunst.at\/survivalshop\/wp-content\/uploads\/2022\/12\/K4_Guertelscheide_Victorinox_Rescue_Rettungsmesser_RES02_sk.jpg\",\"contentUrl\":\"https:\/\/ueberlebenskunst.at\/survivalshop\/wp-content\/uploads\/2022\/12\/K4_Guertelscheide_Victorinox_Rescue_Rettungsmesser_RES02_sk.jpg\",\"width\":400,\"height\":400},{\"@type\":\"BreadcrumbList\",\"@id\":\"https:\/\/ueberlebenskunst.at\/survivalshop\/shop\/k4-guertelscheide-fuer-victorinox-rescue-rettungsmesser\/#breadcrumb\",\"itemListElement\":[{\"@type\":\"ListItem\",\"position\":1,\"name\":\"Startseite\",\"item\":\"https:\/\/ueberlebenskunst.at\/survivalshop\/\"},{\"@type\":\"ListItem\",\"position\":2,\"name\":\"Shop\",\"item\":\"https:\/\/ueberlebenskunst.at\/survivalshop\/shop\/\"},{\"@type\":\"ListItem\",\"position\":3,\"name\":\"K4 G\u00fcrtelscheide f\u00fcr Victorinox Rescue Rettungsmesser\"}]},{\"@type\":\"WebSite\",\"@id\":\"https:\/\/ueberlebenskunst.at\/survivalshop\/#website\",\"url\":\"https:\/\/ueberlebenskunst.at\/survivalshop\/\",\"name\":\"Reini Rossmann - Survival Shop\",\"description\":\"Survival Shop f\u00fcr Survival, Bushcraft und Prepper\",\"potentialAction\":[{\"@type\":\"SearchAction\",\"target\":{\"@type\":\"EntryPoint\",\"urlTemplate\":\"https:\/\/ueberlebenskunst.at\/survivalshop\/?s={search_term_string}\"},\"query-input\":{\"@type\":\"PropertyValueSpecification\",\"valueRequired\":true,\"valueName\":\"search_term_string\"}}],\"inLanguage\":\"de\"}]}<\/script>\n<!-- \/ Yoast SEO plugin. -->","yoast_head_json":{"title":"K4 G\u00fcrtelscheide f\u00fcr Victorinox Rescue Rettungsmesser","robots":{"index":"index","follow":"follow","max-snippet":"max-snippet:-1","max-image-preview":"max-image-preview:large","max-video-preview":"max-video-preview:-1"},"canonical":"https:\/\/ueberlebenskunst.at\/survivalshop\/shop\/k4-guertelscheide-fuer-victorinox-rescue-rettungsmesser\/","og_locale":"de_DE","og_type":"article","og_title":"K4 G\u00fcrtelscheide f\u00fcr Victorinox Rescue Rettungsmesser","og_description":"Die K4 G\u00fcrtelscheide ist ideal f\u00fcr das F\u00fchren des Victorinox Rescue Rettungsmessers.\u00a0Die Scheide ist Designed bei Reini und auch in der Reini Rossmann Werkstatt in \u00d6sterreich gebaut. Die Scheide ist aus haltbaren hochwertigen TPU Kunststoff und passt ideal f\u00fcr das Messer. Die zwei seitlichen G\u00fcrtelschlaufen bringen das Messer ganz nah an den K\u00f6rper und sorgen [&hellip;]","og_url":"https:\/\/ueberlebenskunst.at\/survivalshop\/shop\/k4-guertelscheide-fuer-victorinox-rescue-rettungsmesser\/","og_site_name":"Reini Rossmann - Survival Shop","article_publisher":"https:\/\/www.facebook.com\/survival24.org\/","article_modified_time":"2026-03-18T05:47:46+00:00","og_image":[{"width":400,"height":400,"url":"https:\/\/ueberlebenskunst.at\/survivalshop\/wp-content\/uploads\/2022\/12\/K4_Guertelscheide_Victorinox_Rescue_Rettungsmesser_RES02_sk.jpg","type":"image\/jpeg"}],"twitter_card":"summary_large_image","twitter_misc":{"Gesch\u00e4tzte Lesezeit":"2\u00a0Minuten"},"schema":{"@context":"https:\/\/schema.org","@graph":[{"@type":"WebPage","@id":"https:\/\/ueberlebenskunst.at\/survivalshop\/shop\/k4-guertelscheide-fuer-victorinox-rescue-rettungsmesser\/","url":"https:\/\/ueberlebenskunst.at\/survivalshop\/shop\/k4-guertelscheide-fuer-victorinox-rescue-rettungsmesser\/","name":"K4 G\u00fcrtelscheide f\u00fcr Victorinox Rescue Rettungsmesser","isPartOf":{"@id":"https:\/\/ueberlebenskunst.at\/survivalshop\/#website"},"primaryImageOfPage":{"@id":"https:\/\/ueberlebenskunst.at\/survivalshop\/shop\/k4-guertelscheide-fuer-victorinox-rescue-rettungsmesser\/#primaryimage"},"image":{"@id":"https:\/\/ueberlebenskunst.at\/survivalshop\/shop\/k4-guertelscheide-fuer-victorinox-rescue-rettungsmesser\/#primaryimage"},"thumbnailUrl":"https:\/\/ueberlebenskunst.at\/survivalshop\/wp-content\/uploads\/2022\/12\/K4_Guertelscheide_Victorinox_Rescue_Rettungsmesser_RES02_sk.jpg","datePublished":"2022-12-19T12:34:40+00:00","dateModified":"2026-03-18T05:47:46+00:00","breadcrumb":{"@id":"https:\/\/ueberlebenskunst.at\/survivalshop\/shop\/k4-guertelscheide-fuer-victorinox-rescue-rettungsmesser\/#breadcrumb"},"inLanguage":"de","potentialAction":[{"@type":"ReadAction","target":["https:\/\/ueberlebenskunst.at\/survivalshop\/shop\/k4-guertelscheide-fuer-victorinox-rescue-rettungsmesser\/"]}]},{"@type":"ImageObject","inLanguage":"de","@id":"https:\/\/ueberlebenskunst.at\/survivalshop\/shop\/k4-guertelscheide-fuer-victorinox-rescue-rettungsmesser\/#primaryimage","url":"https:\/\/ueberlebenskunst.at\/survivalshop\/wp-content\/uploads\/2022\/12\/K4_Guertelscheide_Victorinox_Rescue_Rettungsmesser_RES02_sk.jpg","contentUrl":"https:\/\/ueberlebenskunst.at\/survivalshop\/wp-content\/uploads\/2022\/12\/K4_Guertelscheide_Victorinox_Rescue_Rettungsmesser_RES02_sk.jpg","width":400,"height":400},{"@type":"BreadcrumbList","@id":"https:\/\/ueberlebenskunst.at\/survivalshop\/shop\/k4-guertelscheide-fuer-victorinox-rescue-rettungsmesser\/#breadcrumb","itemListElement":[{"@type":"ListItem","position":1,"name":"Startseite","item":"https:\/\/ueberlebenskunst.at\/survivalshop\/"},{"@type":"ListItem","position":2,"name":"Shop","item":"https:\/\/ueberlebenskunst.at\/survivalshop\/shop\/"},{"@type":"ListItem","position":3,"name":"K4 G\u00fcrtelscheide f\u00fcr Victorinox Rescue Rettungsmesser"}]},{"@type":"WebSite","@id":"https:\/\/ueberlebenskunst.at\/survivalshop\/#website","url":"https:\/\/ueberlebenskunst.at\/survivalshop\/","name":"Reini Rossmann - Survival Shop","description":"Survival Shop f\u00fcr Survival, Bushcraft und Prepper","potentialAction":[{"@type":"SearchAction","target":{"@type":"EntryPoint","urlTemplate":"https:\/\/ueberlebenskunst.at\/survivalshop\/?s={search_term_string}"},"query-input":{"@type":"PropertyValueSpecification","valueRequired":true,"valueName":"search_term_string"}}],"inLanguage":"de"}]}},"_links":{"self":[{"href":"https:\/\/ueberlebenskunst.at\/survivalshop\/wp-json\/wp\/v2\/product\/121706","targetHints":{"allow":["GET"]}}],"collection":[{"href":"https:\/\/ueberlebenskunst.at\/survivalshop\/wp-json\/wp\/v2\/product"}],"about":[{"href":"https:\/\/ueberlebenskunst.at\/survivalshop\/wp-json\/wp\/v2\/types\/product"}],"replies":[{"embeddable":true,"href":"https:\/\/ueberlebenskunst.at\/survivalshop\/wp-json\/wp\/v2\/comments?post=121706"}],"wp:featuredmedia":[{"embeddable":true,"href":"https:\/\/ueberlebenskunst.at\/survivalshop\/wp-json\/wp\/v2\/media\/136942"}],"wp:attachment":[{"href":"https:\/\/ueberlebenskunst.at\/survivalshop\/wp-json\/wp\/v2\/media?parent=121706"}],"wp:term":[{"taxonomy":"product_brand","embeddable":true,"href":"https:\/\/ueberlebenskunst.at\/survivalshop\/wp-json\/wp\/v2\/product_brand?post=121706"},{"taxonomy":"product_cat","embeddable":true,"href":"https:\/\/ueberlebenskunst.at\/survivalshop\/wp-json\/wp\/v2\/product_cat?post=121706"},{"taxonomy":"product_tag","embeddable":true,"href":"https:\/\/ueberlebenskunst.at\/survivalshop\/wp-json\/wp\/v2\/product_tag?post=121706"}],"curies":[{"name":"wp","href":"https:\/\/api.w.org\/{rel}","templated":true}]}}