{"id":121044,"date":"2022-12-13T13:01:37","date_gmt":"2022-12-13T12:01:37","guid":{"rendered":"https:\/\/ueberlebenskunst.at\/survivalshop\/?post_type=product&#038;p=121044"},"modified":"2026-04-13T10:09:25","modified_gmt":"2026-04-13T08:09:25","slug":"vlad-aufhaengevorrichtung","status":"publish","type":"product","link":"https:\/\/ueberlebenskunst.at\/survivalshop\/shop\/vlad-aufhaengevorrichtung\/","title":{"rendered":"Vlad Aufh\u00e4ngevorrichtung &#038; Front Picatinny"},"content":{"rendered":"<p>Mit dieser Aufh\u00e4ngevorrichtung f\u00fcr die EK Vlad kannst du diese Magazin Pistolenarmbrust jederzeit ganz einfach aufh\u00e4ngen.\u00a0 Zus\u00e4tzlich ist eine Picatinny Schiene verbaut, welche die Montage des <a href=\"https:\/\/ueberlebenskunst.at\/survivalshop\/shop\/ek-archery-vlad-pistolenarmbrust\/\">Vlad Rotpunktvisiers<\/a> erm\u00f6glicht.<\/p>\n<p>Die Aufh\u00e4ngevorrichtung ist mit den seitlichen <a href=\"https:\/\/ueberlebenskunst.at\/survivalshop\/produkt-schlagwort\/vlad-universal-halterung\/\">Vlad Universal Halterungen<\/a> kompatibel.<\/p>\n<h3>Lieferumfang:<\/h3>\n<ul>\n<li>1 Stk. Aufh\u00e4ngevorrichtung<\/li>\n<li>Montageschrauben<\/li>\n<\/ul>\n<p>Leider k\u00f6nnen wir die Aufh\u00e4ngevorrichtung nur mehr ohne die im Video beschriebenen N\u00e4gel (8 mm x 100 mm) ausliefern.<\/p>\n<h3>Passt auf:<\/h3>\n<ul>\n<li>EK Archery Vlad<\/li>\n<\/ul>\n<h3><strong>Bedienungs- &amp; Pflegeanleitung:<\/strong><\/h3>\n<ul>\n<li>Die Reinigung mit Wasser ist m\u00f6glich.<\/li>\n<li>Du solltest das Produkt nicht direkt in die N\u00e4he von Feuer oder anderen Hitzequellen legen!<\/li>\n<li>Wird es \u00fcber l\u00e4ngere Zeit sehr kalten Temperaturen unter 0 \u00b0C ausgesetzt, solltest du in dem Moment darauf achten, dass keine starken Belastungen darauf einwirken.<\/li>\n<\/ul>\n<p><a href=\"https:\/\/ueberlebenskunst.at\/survivalshop\/wp-content\/uploads\/2021\/11\/Logo_Kinder.png\"><img decoding=\"async\" class=\"alignnone size-medium wp-image-179571\" src=\"https:\/\/ueberlebenskunst.at\/survivalshop\/wp-content\/uploads\/2021\/11\/Logo_Kinder-300x126.png\" alt=\"\" width=\"300\" height=\"126\" srcset=\"https:\/\/ueberlebenskunst.at\/survivalshop\/wp-content\/uploads\/2021\/11\/Logo_Kinder-300x126.png 300w, https:\/\/ueberlebenskunst.at\/survivalshop\/wp-content\/uploads\/2021\/11\/Logo_Kinder-64x27.png 64w, https:\/\/ueberlebenskunst.at\/survivalshop\/wp-content\/uploads\/2021\/11\/Logo_Kinder.png 401w\" sizes=\"(max-width: 300px) 100vw, 300px\" \/><\/a><\/p>\n<p><span style=\"color: #99cc00;\">Du willst das Produkt in einer anderen Farbe? Schick uns eine E-Mail an shop@ueberlebenskunst.at und wir pr\u00fcfen, ob dein Farbwunsch\u00a0m\u00f6glich\u00a0ist.<\/span><\/p>\n","protected":false},"excerpt":{"rendered":"<p>Mit dieser Aufh\u00e4ngevorrichtung f\u00fcr die EK Vlad kannst du diese Magazin Pistolenarmbrust jederzeit ganz einfach aufh\u00e4ngen.\u00a0 Zus\u00e4tzlich ist eine Picatinny Schiene verbaut, welche die Montage des Vlad Rotpunktvisiers erm\u00f6glicht. Die Aufh\u00e4ngevorrichtung ist mit den seitlichen Vlad Universal Halterungen kompatibel. Lieferumfang: 1 Stk. Aufh\u00e4ngevorrichtung Montageschrauben Leider k\u00f6nnen wir die Aufh\u00e4ngevorrichtung nur mehr ohne die im Video [&hellip;]<\/p>\n","protected":false},"featured_media":134672,"comment_status":"open","ping_status":"closed","template":"","meta":{"_acf_changed":false},"product_brand":[],"product_cat":[1769,1894],"product_tag":[1212,1378],"class_list":{"0":"post-121044","1":"product","2":"type-product","3":"status-publish","4":"has-post-thumbnail","6":"product_cat-ek-archery-vlad-bogensport-zubehoer","7":"product_cat-ek-archery-vlad-bogensport-pfeil-kugel","8":"product_tag-vlad","9":"product_tag-vlad-universal-halterung","11":"first","12":"instock","13":"taxable","14":"shipping-taxable","15":"purchasable","16":"product-type-simple"},"acf":[],"yoast_head":"<!-- This site is optimized with the Yoast SEO plugin v27.1.1 - https:\/\/yoast.com\/product\/yoast-seo-wordpress\/ -->\n<title>Vlad Aufh\u00e4ngevorrichtung &amp; Front Picatinny<\/title>\n<meta name=\"robots\" content=\"index, follow, max-snippet:-1, max-image-preview:large, max-video-preview:-1\" \/>\n<link rel=\"canonical\" href=\"https:\/\/ueberlebenskunst.at\/survivalshop\/shop\/vlad-aufhaengevorrichtung\/\" \/>\n<meta property=\"og:locale\" content=\"de_DE\" \/>\n<meta property=\"og:type\" content=\"article\" \/>\n<meta property=\"og:title\" content=\"Vlad Aufh\u00e4ngevorrichtung &amp; Front Picatinny\" \/>\n<meta property=\"og:description\" content=\"Mit dieser Aufh\u00e4ngevorrichtung f\u00fcr die EK Vlad kannst du diese Magazin Pistolenarmbrust jederzeit ganz einfach aufh\u00e4ngen.\u00a0 Zus\u00e4tzlich ist eine Picatinny Schiene verbaut, welche die Montage des Vlad Rotpunktvisiers erm\u00f6glicht. Die Aufh\u00e4ngevorrichtung ist mit den seitlichen Vlad Universal Halterungen kompatibel. Lieferumfang: 1 Stk. Aufh\u00e4ngevorrichtung Montageschrauben Leider k\u00f6nnen wir die Aufh\u00e4ngevorrichtung nur mehr ohne die im Video [&hellip;]\" \/>\n<meta property=\"og:url\" content=\"https:\/\/ueberlebenskunst.at\/survivalshop\/shop\/vlad-aufhaengevorrichtung\/\" \/>\n<meta property=\"og:site_name\" content=\"Reini Rossmann - Survival Shop\" \/>\n<meta property=\"article:publisher\" content=\"https:\/\/www.facebook.com\/survival24.org\/\" \/>\n<meta property=\"article:modified_time\" content=\"2026-04-13T08:09:25+00:00\" \/>\n<meta property=\"og:image\" content=\"https:\/\/ueberlebenskunst.at\/survivalshop\/wp-content\/uploads\/2022\/12\/Aufhaengevorrichtung_Front-Picatinny_Vlad_ohne-naegel.jpg\" \/>\n\t<meta property=\"og:image:width\" content=\"400\" \/>\n\t<meta property=\"og:image:height\" content=\"400\" \/>\n\t<meta property=\"og:image:type\" content=\"image\/jpeg\" \/>\n<meta name=\"twitter:card\" content=\"summary_large_image\" \/>\n<meta name=\"twitter:label1\" content=\"Gesch\u00e4tzte Lesezeit\" \/>\n\t<meta name=\"twitter:data1\" content=\"2\u00a0Minuten\" \/>\n<script type=\"application\/ld+json\" class=\"yoast-schema-graph\">{\"@context\":\"https:\/\/schema.org\",\"@graph\":[{\"@type\":\"WebPage\",\"@id\":\"https:\/\/ueberlebenskunst.at\/survivalshop\/shop\/vlad-aufhaengevorrichtung\/\",\"url\":\"https:\/\/ueberlebenskunst.at\/survivalshop\/shop\/vlad-aufhaengevorrichtung\/\",\"name\":\"Vlad Aufh\u00e4ngevorrichtung & Front Picatinny\",\"isPartOf\":{\"@id\":\"https:\/\/ueberlebenskunst.at\/survivalshop\/#website\"},\"primaryImageOfPage\":{\"@id\":\"https:\/\/ueberlebenskunst.at\/survivalshop\/shop\/vlad-aufhaengevorrichtung\/#primaryimage\"},\"image\":{\"@id\":\"https:\/\/ueberlebenskunst.at\/survivalshop\/shop\/vlad-aufhaengevorrichtung\/#primaryimage\"},\"thumbnailUrl\":\"https:\/\/ueberlebenskunst.at\/survivalshop\/wp-content\/uploads\/2022\/12\/Aufhaengevorrichtung_Front-Picatinny_Vlad_ohne-naegel.jpg\",\"datePublished\":\"2022-12-13T12:01:37+00:00\",\"dateModified\":\"2026-04-13T08:09:25+00:00\",\"breadcrumb\":{\"@id\":\"https:\/\/ueberlebenskunst.at\/survivalshop\/shop\/vlad-aufhaengevorrichtung\/#breadcrumb\"},\"inLanguage\":\"de\",\"potentialAction\":[{\"@type\":\"ReadAction\",\"target\":[\"https:\/\/ueberlebenskunst.at\/survivalshop\/shop\/vlad-aufhaengevorrichtung\/\"]}]},{\"@type\":\"ImageObject\",\"inLanguage\":\"de\",\"@id\":\"https:\/\/ueberlebenskunst.at\/survivalshop\/shop\/vlad-aufhaengevorrichtung\/#primaryimage\",\"url\":\"https:\/\/ueberlebenskunst.at\/survivalshop\/wp-content\/uploads\/2022\/12\/Aufhaengevorrichtung_Front-Picatinny_Vlad_ohne-naegel.jpg\",\"contentUrl\":\"https:\/\/ueberlebenskunst.at\/survivalshop\/wp-content\/uploads\/2022\/12\/Aufhaengevorrichtung_Front-Picatinny_Vlad_ohne-naegel.jpg\",\"width\":400,\"height\":400},{\"@type\":\"BreadcrumbList\",\"@id\":\"https:\/\/ueberlebenskunst.at\/survivalshop\/shop\/vlad-aufhaengevorrichtung\/#breadcrumb\",\"itemListElement\":[{\"@type\":\"ListItem\",\"position\":1,\"name\":\"Startseite\",\"item\":\"https:\/\/ueberlebenskunst.at\/survivalshop\/\"},{\"@type\":\"ListItem\",\"position\":2,\"name\":\"Shop\",\"item\":\"https:\/\/ueberlebenskunst.at\/survivalshop\/shop\/\"},{\"@type\":\"ListItem\",\"position\":3,\"name\":\"Vlad Aufh\u00e4ngevorrichtung &#038; Front Picatinny\"}]},{\"@type\":\"WebSite\",\"@id\":\"https:\/\/ueberlebenskunst.at\/survivalshop\/#website\",\"url\":\"https:\/\/ueberlebenskunst.at\/survivalshop\/\",\"name\":\"Reini Rossmann - Survival Shop\",\"description\":\"Survival Shop f\u00fcr Survival, Bushcraft und Prepper\",\"potentialAction\":[{\"@type\":\"SearchAction\",\"target\":{\"@type\":\"EntryPoint\",\"urlTemplate\":\"https:\/\/ueberlebenskunst.at\/survivalshop\/?s={search_term_string}\"},\"query-input\":{\"@type\":\"PropertyValueSpecification\",\"valueRequired\":true,\"valueName\":\"search_term_string\"}}],\"inLanguage\":\"de\"}]}<\/script>\n<!-- \/ Yoast SEO plugin. -->","yoast_head_json":{"title":"Vlad Aufh\u00e4ngevorrichtung & Front Picatinny","robots":{"index":"index","follow":"follow","max-snippet":"max-snippet:-1","max-image-preview":"max-image-preview:large","max-video-preview":"max-video-preview:-1"},"canonical":"https:\/\/ueberlebenskunst.at\/survivalshop\/shop\/vlad-aufhaengevorrichtung\/","og_locale":"de_DE","og_type":"article","og_title":"Vlad Aufh\u00e4ngevorrichtung & Front Picatinny","og_description":"Mit dieser Aufh\u00e4ngevorrichtung f\u00fcr die EK Vlad kannst du diese Magazin Pistolenarmbrust jederzeit ganz einfach aufh\u00e4ngen.\u00a0 Zus\u00e4tzlich ist eine Picatinny Schiene verbaut, welche die Montage des Vlad Rotpunktvisiers erm\u00f6glicht. Die Aufh\u00e4ngevorrichtung ist mit den seitlichen Vlad Universal Halterungen kompatibel. Lieferumfang: 1 Stk. Aufh\u00e4ngevorrichtung Montageschrauben Leider k\u00f6nnen wir die Aufh\u00e4ngevorrichtung nur mehr ohne die im Video [&hellip;]","og_url":"https:\/\/ueberlebenskunst.at\/survivalshop\/shop\/vlad-aufhaengevorrichtung\/","og_site_name":"Reini Rossmann - Survival Shop","article_publisher":"https:\/\/www.facebook.com\/survival24.org\/","article_modified_time":"2026-04-13T08:09:25+00:00","og_image":[{"width":400,"height":400,"url":"https:\/\/ueberlebenskunst.at\/survivalshop\/wp-content\/uploads\/2022\/12\/Aufhaengevorrichtung_Front-Picatinny_Vlad_ohne-naegel.jpg","type":"image\/jpeg"}],"twitter_card":"summary_large_image","twitter_misc":{"Gesch\u00e4tzte Lesezeit":"2\u00a0Minuten"},"schema":{"@context":"https:\/\/schema.org","@graph":[{"@type":"WebPage","@id":"https:\/\/ueberlebenskunst.at\/survivalshop\/shop\/vlad-aufhaengevorrichtung\/","url":"https:\/\/ueberlebenskunst.at\/survivalshop\/shop\/vlad-aufhaengevorrichtung\/","name":"Vlad Aufh\u00e4ngevorrichtung & Front Picatinny","isPartOf":{"@id":"https:\/\/ueberlebenskunst.at\/survivalshop\/#website"},"primaryImageOfPage":{"@id":"https:\/\/ueberlebenskunst.at\/survivalshop\/shop\/vlad-aufhaengevorrichtung\/#primaryimage"},"image":{"@id":"https:\/\/ueberlebenskunst.at\/survivalshop\/shop\/vlad-aufhaengevorrichtung\/#primaryimage"},"thumbnailUrl":"https:\/\/ueberlebenskunst.at\/survivalshop\/wp-content\/uploads\/2022\/12\/Aufhaengevorrichtung_Front-Picatinny_Vlad_ohne-naegel.jpg","datePublished":"2022-12-13T12:01:37+00:00","dateModified":"2026-04-13T08:09:25+00:00","breadcrumb":{"@id":"https:\/\/ueberlebenskunst.at\/survivalshop\/shop\/vlad-aufhaengevorrichtung\/#breadcrumb"},"inLanguage":"de","potentialAction":[{"@type":"ReadAction","target":["https:\/\/ueberlebenskunst.at\/survivalshop\/shop\/vlad-aufhaengevorrichtung\/"]}]},{"@type":"ImageObject","inLanguage":"de","@id":"https:\/\/ueberlebenskunst.at\/survivalshop\/shop\/vlad-aufhaengevorrichtung\/#primaryimage","url":"https:\/\/ueberlebenskunst.at\/survivalshop\/wp-content\/uploads\/2022\/12\/Aufhaengevorrichtung_Front-Picatinny_Vlad_ohne-naegel.jpg","contentUrl":"https:\/\/ueberlebenskunst.at\/survivalshop\/wp-content\/uploads\/2022\/12\/Aufhaengevorrichtung_Front-Picatinny_Vlad_ohne-naegel.jpg","width":400,"height":400},{"@type":"BreadcrumbList","@id":"https:\/\/ueberlebenskunst.at\/survivalshop\/shop\/vlad-aufhaengevorrichtung\/#breadcrumb","itemListElement":[{"@type":"ListItem","position":1,"name":"Startseite","item":"https:\/\/ueberlebenskunst.at\/survivalshop\/"},{"@type":"ListItem","position":2,"name":"Shop","item":"https:\/\/ueberlebenskunst.at\/survivalshop\/shop\/"},{"@type":"ListItem","position":3,"name":"Vlad Aufh\u00e4ngevorrichtung &#038; Front Picatinny"}]},{"@type":"WebSite","@id":"https:\/\/ueberlebenskunst.at\/survivalshop\/#website","url":"https:\/\/ueberlebenskunst.at\/survivalshop\/","name":"Reini Rossmann - Survival Shop","description":"Survival Shop f\u00fcr Survival, Bushcraft und Prepper","potentialAction":[{"@type":"SearchAction","target":{"@type":"EntryPoint","urlTemplate":"https:\/\/ueberlebenskunst.at\/survivalshop\/?s={search_term_string}"},"query-input":{"@type":"PropertyValueSpecification","valueRequired":true,"valueName":"search_term_string"}}],"inLanguage":"de"}]}},"_links":{"self":[{"href":"https:\/\/ueberlebenskunst.at\/survivalshop\/wp-json\/wp\/v2\/product\/121044","targetHints":{"allow":["GET"]}}],"collection":[{"href":"https:\/\/ueberlebenskunst.at\/survivalshop\/wp-json\/wp\/v2\/product"}],"about":[{"href":"https:\/\/ueberlebenskunst.at\/survivalshop\/wp-json\/wp\/v2\/types\/product"}],"replies":[{"embeddable":true,"href":"https:\/\/ueberlebenskunst.at\/survivalshop\/wp-json\/wp\/v2\/comments?post=121044"}],"wp:featuredmedia":[{"embeddable":true,"href":"https:\/\/ueberlebenskunst.at\/survivalshop\/wp-json\/wp\/v2\/media\/134672"}],"wp:attachment":[{"href":"https:\/\/ueberlebenskunst.at\/survivalshop\/wp-json\/wp\/v2\/media?parent=121044"}],"wp:term":[{"taxonomy":"product_brand","embeddable":true,"href":"https:\/\/ueberlebenskunst.at\/survivalshop\/wp-json\/wp\/v2\/product_brand?post=121044"},{"taxonomy":"product_cat","embeddable":true,"href":"https:\/\/ueberlebenskunst.at\/survivalshop\/wp-json\/wp\/v2\/product_cat?post=121044"},{"taxonomy":"product_tag","embeddable":true,"href":"https:\/\/ueberlebenskunst.at\/survivalshop\/wp-json\/wp\/v2\/product_tag?post=121044"}],"curies":[{"name":"wp","href":"https:\/\/api.w.org\/{rel}","templated":true}]}}