{"id":119969,"date":"2022-12-07T09:01:41","date_gmt":"2022-12-07T08:01:41","guid":{"rendered":"https:\/\/ueberlebenskunst.at\/survivalshop\/?post_type=product&#038;p=119969"},"modified":"2026-04-30T09:30:23","modified_gmt":"2026-04-30T07:30:23","slug":"speedshooting-kit-fuer-ek-vlad","status":"publish","type":"product","link":"https:\/\/ueberlebenskunst.at\/survivalshop\/shop\/speedshooting-kit-fuer-ek-vlad\/","title":{"rendered":"Speedshooting Kit f\u00fcr EK Vlad"},"content":{"rendered":"<p>Der Speedshooting Kit f\u00fcr die EK Archery Vlad sorgt daf\u00fcr, dass deine Armbrust beim Repetieren (also dem automatischen Einlegen eines Bolzens aus dem Magazin) ohne dein Zutun entsichert wird.<\/p>\n<p>Was ist der Hintergrund? Bei der Vlad ist eine automatische Standard-Sicherung ab Werk eingebaut. Dies sorgt daf\u00fcr, dass nach jedem Repetiervorgang die Armbrust in einem gesicherten Zustand ist. Dies ist w\u00fcnschenswert und auch ein gro\u00dfer Vorteil. Jedoch entsteht dadurch ein Nachteil: vor jedem Schie\u00dfen musst du die Sicherung manuell bedienen, was f\u00fcr alle Speed-Shooter ein echter Hemmschuh ist. Mit unserer in der Reini Rossmann Werkstatt gemachten automatischen Entsicherungsplatte, die du mit wenigen Handgriffen ohne nennenswertes Werkzeug auf deine Vlad montieren kannst, geh\u00f6rt dieses Problem der Vergangenheit an. Bei jedem Repetieren wird automatisch der Sicherungshebel kurz vor dem Beenden des Repetiervorgang nach vorne geschoben. Du brauchst daher nicht extra entsichern, was beim Hochgeschwindigkeitsschie\u00dfen einen echten Vorteil bietet.<\/p>\n<p>Nat\u00fcrlich ergibt sich daraus auch ein Nachteil. Wenn du dieses Kit installiert (du kannst es mit wenigen Handgriffen wieder abbauen, ohne Besch\u00e4digungen oder Probleme mit der Garantie mit deiner Armbrust zu bekommen), ist nach jedem Repetiervorgang die Armbrust entsichert und das Bet\u00e4tigen des Abzugs f\u00fchrt zur sofortigen Schussausl\u00f6sung.<br \/>\nEin weiterer Nachteil bei der Installation des Speedshooting Kits ist, dass die Sicherung auch manuell nicht zur\u00fcckgeschoben werden kann. Durch die Installion des Speedshooting Kits ist die Armbrust nach jedem Repetiervorgang automatisch entsichert und l\u00e4sst sich nicht durch einen leichten Handgriff in einen gesicherten Zustand zur\u00fcckf\u00fchren. Um die Armbrust dann zu sichern, musst du den Schaft wieder nach hinten ziehen und somit der Sehne kein Spiel f\u00fcr einen Schuss geben.<\/p>\n<p>F\u00fcr wen ist dieses Kit ideal? F\u00fcr all jene, die keine Sicherung w\u00fcnschen und alle Sch\u00fctzen, die auf maximale Schussfolge abzielen.<\/p>\n<h3>Lieferumfang:<\/h3>\n<ul>\n<li>1 Stk. Speedshooting Hebel<\/li>\n<li>1 Stk. Niro-RS-Sicherungsring<\/li>\n<\/ul>\n<h3>Weiteres Zubeh\u00f6r f\u00fcr die EK Archery Vlad:<\/h3>\n<ul>\n<li><a href=\"https:\/\/ueberlebenskunst.at\/survivalshop\/shop\/vlad-lampenhalterung\/\">Universal Halterung Vlad 25 mm<\/a><\/li>\n<li><a href=\"https:\/\/ueberlebenskunst.at\/survivalshop\/shop\/universal-halterung-ek-vlad-armbrust-19mm\/\">Universal Halterung Vlad 19mm<\/a><\/li>\n<\/ul>\n<h3><strong>Bedienungs- &amp; Pflegeanleitung:<\/strong><\/h3>\n<ul>\n<li>Die Reinigung mit Wasser ist m\u00f6glich.<\/li>\n<li>Du solltest das Produkt nicht direkt in die N\u00e4he von Feuer oder anderen Hitzequellen legen!<\/li>\n<li>Wird es \u00fcber l\u00e4ngere Zeit sehr kalten Temperaturen unter 0 \u00b0C ausgesetzt, solltest du in dem Moment darauf achten, dass keine starken Belastungen darauf einwirken.<\/li>\n<\/ul>\n<p>Unsere Produkte sind nicht f\u00fcr Kinder unter 3 Jahren geeignet. Es besteht Verschluckungsgefahr.<\/p>\n<p><a href=\"https:\/\/ueberlebenskunst.at\/survivalshop\/wp-content\/uploads\/2021\/11\/Logo_Kinder.png\"><img decoding=\"async\" class=\"alignnone size-medium wp-image-179571\" src=\"https:\/\/ueberlebenskunst.at\/survivalshop\/wp-content\/uploads\/2021\/11\/Logo_Kinder-300x126.png\" alt=\"\" width=\"300\" height=\"126\" srcset=\"https:\/\/ueberlebenskunst.at\/survivalshop\/wp-content\/uploads\/2021\/11\/Logo_Kinder-300x126.png 300w, https:\/\/ueberlebenskunst.at\/survivalshop\/wp-content\/uploads\/2021\/11\/Logo_Kinder-64x27.png 64w, https:\/\/ueberlebenskunst.at\/survivalshop\/wp-content\/uploads\/2021\/11\/Logo_Kinder.png 401w\" sizes=\"(max-width: 300px) 100vw, 300px\" \/><\/a><\/p>\n<p><span style=\"color: #99cc00;\">Du willst das Produkt in einer anderen Farbe? Schick uns eine E-Mail an shop@ueberlebenskunst.at und wir pr\u00fcfen, ob dein Farbwunsch\u00a0m\u00f6glich\u00a0ist.<\/span><\/p>\n","protected":false},"excerpt":{"rendered":"<p>Der Speedshooting Kit f\u00fcr die EK Archery Vlad sorgt daf\u00fcr, dass deine Armbrust beim Repetieren (also dem automatischen Einlegen eines Bolzens aus dem Magazin) ohne dein Zutun entsichert wird. Was ist der Hintergrund? Bei der Vlad ist eine automatische Standard-Sicherung ab Werk eingebaut. Dies sorgt daf\u00fcr, dass nach jedem Repetiervorgang die Armbrust in einem gesicherten [&hellip;]<\/p>\n","protected":false},"featured_media":144878,"comment_status":"open","ping_status":"closed","template":"","meta":{"_acf_changed":false},"product_brand":[],"product_cat":[1769],"product_tag":[1212],"class_list":{"0":"post-119969","1":"product","2":"type-product","3":"status-publish","4":"has-post-thumbnail","6":"product_cat-ek-archery-vlad-bogensport-zubehoer","7":"product_tag-vlad","9":"first","10":"instock","11":"taxable","12":"shipping-taxable","13":"purchasable","14":"product-type-simple"},"acf":[],"yoast_head":"<!-- This site is optimized with the Yoast SEO plugin v27.1.1 - https:\/\/yoast.com\/product\/yoast-seo-wordpress\/ -->\n<title>Speedshooting Kit f\u00fcr EK Vlad - Reini Rossmann - Survival Shop<\/title>\n<meta name=\"robots\" content=\"index, follow, max-snippet:-1, max-image-preview:large, max-video-preview:-1\" \/>\n<link rel=\"canonical\" href=\"https:\/\/ueberlebenskunst.at\/survivalshop\/shop\/speedshooting-kit-fuer-ek-vlad\/\" \/>\n<meta property=\"og:locale\" content=\"de_DE\" \/>\n<meta property=\"og:type\" content=\"article\" \/>\n<meta property=\"og:title\" content=\"Speedshooting Kit f\u00fcr EK Vlad - Reini Rossmann - Survival Shop\" \/>\n<meta property=\"og:description\" content=\"Der Speedshooting Kit f\u00fcr die EK Archery Vlad sorgt daf\u00fcr, dass deine Armbrust beim Repetieren (also dem automatischen Einlegen eines Bolzens aus dem Magazin) ohne dein Zutun entsichert wird. Was ist der Hintergrund? Bei der Vlad ist eine automatische Standard-Sicherung ab Werk eingebaut. Dies sorgt daf\u00fcr, dass nach jedem Repetiervorgang die Armbrust in einem gesicherten [&hellip;]\" \/>\n<meta property=\"og:url\" content=\"https:\/\/ueberlebenskunst.at\/survivalshop\/shop\/speedshooting-kit-fuer-ek-vlad\/\" \/>\n<meta property=\"og:site_name\" content=\"Reini Rossmann - Survival Shop\" \/>\n<meta property=\"article:publisher\" content=\"https:\/\/www.facebook.com\/survival24.org\/\" \/>\n<meta property=\"article:modified_time\" content=\"2026-04-30T07:30:23+00:00\" \/>\n<meta property=\"og:image\" content=\"https:\/\/ueberlebenskunst.at\/survivalshop\/wp-content\/uploads\/2022\/12\/Speedshooting-Kit-fuer-EK-Vlad-1.jpg\" \/>\n\t<meta property=\"og:image:width\" content=\"400\" \/>\n\t<meta property=\"og:image:height\" content=\"400\" \/>\n\t<meta property=\"og:image:type\" content=\"image\/jpeg\" \/>\n<meta name=\"twitter:card\" content=\"summary_large_image\" \/>\n<meta name=\"twitter:label1\" content=\"Gesch\u00e4tzte Lesezeit\" \/>\n\t<meta name=\"twitter:data1\" content=\"3\u00a0Minuten\" \/>\n<script type=\"application\/ld+json\" class=\"yoast-schema-graph\">{\"@context\":\"https:\/\/schema.org\",\"@graph\":[{\"@type\":\"WebPage\",\"@id\":\"https:\/\/ueberlebenskunst.at\/survivalshop\/shop\/speedshooting-kit-fuer-ek-vlad\/\",\"url\":\"https:\/\/ueberlebenskunst.at\/survivalshop\/shop\/speedshooting-kit-fuer-ek-vlad\/\",\"name\":\"Speedshooting Kit f\u00fcr EK Vlad - Reini Rossmann - Survival Shop\",\"isPartOf\":{\"@id\":\"https:\/\/ueberlebenskunst.at\/survivalshop\/#website\"},\"primaryImageOfPage\":{\"@id\":\"https:\/\/ueberlebenskunst.at\/survivalshop\/shop\/speedshooting-kit-fuer-ek-vlad\/#primaryimage\"},\"image\":{\"@id\":\"https:\/\/ueberlebenskunst.at\/survivalshop\/shop\/speedshooting-kit-fuer-ek-vlad\/#primaryimage\"},\"thumbnailUrl\":\"https:\/\/ueberlebenskunst.at\/survivalshop\/wp-content\/uploads\/2022\/12\/Speedshooting-Kit-fuer-EK-Vlad-1.jpg\",\"datePublished\":\"2022-12-07T08:01:41+00:00\",\"dateModified\":\"2026-04-30T07:30:23+00:00\",\"breadcrumb\":{\"@id\":\"https:\/\/ueberlebenskunst.at\/survivalshop\/shop\/speedshooting-kit-fuer-ek-vlad\/#breadcrumb\"},\"inLanguage\":\"de\",\"potentialAction\":[{\"@type\":\"ReadAction\",\"target\":[\"https:\/\/ueberlebenskunst.at\/survivalshop\/shop\/speedshooting-kit-fuer-ek-vlad\/\"]}]},{\"@type\":\"ImageObject\",\"inLanguage\":\"de\",\"@id\":\"https:\/\/ueberlebenskunst.at\/survivalshop\/shop\/speedshooting-kit-fuer-ek-vlad\/#primaryimage\",\"url\":\"https:\/\/ueberlebenskunst.at\/survivalshop\/wp-content\/uploads\/2022\/12\/Speedshooting-Kit-fuer-EK-Vlad-1.jpg\",\"contentUrl\":\"https:\/\/ueberlebenskunst.at\/survivalshop\/wp-content\/uploads\/2022\/12\/Speedshooting-Kit-fuer-EK-Vlad-1.jpg\",\"width\":400,\"height\":400},{\"@type\":\"BreadcrumbList\",\"@id\":\"https:\/\/ueberlebenskunst.at\/survivalshop\/shop\/speedshooting-kit-fuer-ek-vlad\/#breadcrumb\",\"itemListElement\":[{\"@type\":\"ListItem\",\"position\":1,\"name\":\"Startseite\",\"item\":\"https:\/\/ueberlebenskunst.at\/survivalshop\/\"},{\"@type\":\"ListItem\",\"position\":2,\"name\":\"Shop\",\"item\":\"https:\/\/ueberlebenskunst.at\/survivalshop\/shop\/\"},{\"@type\":\"ListItem\",\"position\":3,\"name\":\"Speedshooting Kit f\u00fcr EK Vlad\"}]},{\"@type\":\"WebSite\",\"@id\":\"https:\/\/ueberlebenskunst.at\/survivalshop\/#website\",\"url\":\"https:\/\/ueberlebenskunst.at\/survivalshop\/\",\"name\":\"Reini Rossmann - Survival Shop\",\"description\":\"Survival Shop f\u00fcr Survival, Bushcraft und Prepper\",\"potentialAction\":[{\"@type\":\"SearchAction\",\"target\":{\"@type\":\"EntryPoint\",\"urlTemplate\":\"https:\/\/ueberlebenskunst.at\/survivalshop\/?s={search_term_string}\"},\"query-input\":{\"@type\":\"PropertyValueSpecification\",\"valueRequired\":true,\"valueName\":\"search_term_string\"}}],\"inLanguage\":\"de\"}]}<\/script>\n<!-- \/ Yoast SEO plugin. -->","yoast_head_json":{"title":"Speedshooting Kit f\u00fcr EK Vlad - Reini Rossmann - Survival Shop","robots":{"index":"index","follow":"follow","max-snippet":"max-snippet:-1","max-image-preview":"max-image-preview:large","max-video-preview":"max-video-preview:-1"},"canonical":"https:\/\/ueberlebenskunst.at\/survivalshop\/shop\/speedshooting-kit-fuer-ek-vlad\/","og_locale":"de_DE","og_type":"article","og_title":"Speedshooting Kit f\u00fcr EK Vlad - Reini Rossmann - Survival Shop","og_description":"Der Speedshooting Kit f\u00fcr die EK Archery Vlad sorgt daf\u00fcr, dass deine Armbrust beim Repetieren (also dem automatischen Einlegen eines Bolzens aus dem Magazin) ohne dein Zutun entsichert wird. Was ist der Hintergrund? Bei der Vlad ist eine automatische Standard-Sicherung ab Werk eingebaut. Dies sorgt daf\u00fcr, dass nach jedem Repetiervorgang die Armbrust in einem gesicherten [&hellip;]","og_url":"https:\/\/ueberlebenskunst.at\/survivalshop\/shop\/speedshooting-kit-fuer-ek-vlad\/","og_site_name":"Reini Rossmann - Survival Shop","article_publisher":"https:\/\/www.facebook.com\/survival24.org\/","article_modified_time":"2026-04-30T07:30:23+00:00","og_image":[{"width":400,"height":400,"url":"https:\/\/ueberlebenskunst.at\/survivalshop\/wp-content\/uploads\/2022\/12\/Speedshooting-Kit-fuer-EK-Vlad-1.jpg","type":"image\/jpeg"}],"twitter_card":"summary_large_image","twitter_misc":{"Gesch\u00e4tzte Lesezeit":"3\u00a0Minuten"},"schema":{"@context":"https:\/\/schema.org","@graph":[{"@type":"WebPage","@id":"https:\/\/ueberlebenskunst.at\/survivalshop\/shop\/speedshooting-kit-fuer-ek-vlad\/","url":"https:\/\/ueberlebenskunst.at\/survivalshop\/shop\/speedshooting-kit-fuer-ek-vlad\/","name":"Speedshooting Kit f\u00fcr EK Vlad - Reini Rossmann - Survival Shop","isPartOf":{"@id":"https:\/\/ueberlebenskunst.at\/survivalshop\/#website"},"primaryImageOfPage":{"@id":"https:\/\/ueberlebenskunst.at\/survivalshop\/shop\/speedshooting-kit-fuer-ek-vlad\/#primaryimage"},"image":{"@id":"https:\/\/ueberlebenskunst.at\/survivalshop\/shop\/speedshooting-kit-fuer-ek-vlad\/#primaryimage"},"thumbnailUrl":"https:\/\/ueberlebenskunst.at\/survivalshop\/wp-content\/uploads\/2022\/12\/Speedshooting-Kit-fuer-EK-Vlad-1.jpg","datePublished":"2022-12-07T08:01:41+00:00","dateModified":"2026-04-30T07:30:23+00:00","breadcrumb":{"@id":"https:\/\/ueberlebenskunst.at\/survivalshop\/shop\/speedshooting-kit-fuer-ek-vlad\/#breadcrumb"},"inLanguage":"de","potentialAction":[{"@type":"ReadAction","target":["https:\/\/ueberlebenskunst.at\/survivalshop\/shop\/speedshooting-kit-fuer-ek-vlad\/"]}]},{"@type":"ImageObject","inLanguage":"de","@id":"https:\/\/ueberlebenskunst.at\/survivalshop\/shop\/speedshooting-kit-fuer-ek-vlad\/#primaryimage","url":"https:\/\/ueberlebenskunst.at\/survivalshop\/wp-content\/uploads\/2022\/12\/Speedshooting-Kit-fuer-EK-Vlad-1.jpg","contentUrl":"https:\/\/ueberlebenskunst.at\/survivalshop\/wp-content\/uploads\/2022\/12\/Speedshooting-Kit-fuer-EK-Vlad-1.jpg","width":400,"height":400},{"@type":"BreadcrumbList","@id":"https:\/\/ueberlebenskunst.at\/survivalshop\/shop\/speedshooting-kit-fuer-ek-vlad\/#breadcrumb","itemListElement":[{"@type":"ListItem","position":1,"name":"Startseite","item":"https:\/\/ueberlebenskunst.at\/survivalshop\/"},{"@type":"ListItem","position":2,"name":"Shop","item":"https:\/\/ueberlebenskunst.at\/survivalshop\/shop\/"},{"@type":"ListItem","position":3,"name":"Speedshooting Kit f\u00fcr EK Vlad"}]},{"@type":"WebSite","@id":"https:\/\/ueberlebenskunst.at\/survivalshop\/#website","url":"https:\/\/ueberlebenskunst.at\/survivalshop\/","name":"Reini Rossmann - Survival Shop","description":"Survival Shop f\u00fcr Survival, Bushcraft und Prepper","potentialAction":[{"@type":"SearchAction","target":{"@type":"EntryPoint","urlTemplate":"https:\/\/ueberlebenskunst.at\/survivalshop\/?s={search_term_string}"},"query-input":{"@type":"PropertyValueSpecification","valueRequired":true,"valueName":"search_term_string"}}],"inLanguage":"de"}]}},"_links":{"self":[{"href":"https:\/\/ueberlebenskunst.at\/survivalshop\/wp-json\/wp\/v2\/product\/119969","targetHints":{"allow":["GET"]}}],"collection":[{"href":"https:\/\/ueberlebenskunst.at\/survivalshop\/wp-json\/wp\/v2\/product"}],"about":[{"href":"https:\/\/ueberlebenskunst.at\/survivalshop\/wp-json\/wp\/v2\/types\/product"}],"replies":[{"embeddable":true,"href":"https:\/\/ueberlebenskunst.at\/survivalshop\/wp-json\/wp\/v2\/comments?post=119969"}],"wp:featuredmedia":[{"embeddable":true,"href":"https:\/\/ueberlebenskunst.at\/survivalshop\/wp-json\/wp\/v2\/media\/144878"}],"wp:attachment":[{"href":"https:\/\/ueberlebenskunst.at\/survivalshop\/wp-json\/wp\/v2\/media?parent=119969"}],"wp:term":[{"taxonomy":"product_brand","embeddable":true,"href":"https:\/\/ueberlebenskunst.at\/survivalshop\/wp-json\/wp\/v2\/product_brand?post=119969"},{"taxonomy":"product_cat","embeddable":true,"href":"https:\/\/ueberlebenskunst.at\/survivalshop\/wp-json\/wp\/v2\/product_cat?post=119969"},{"taxonomy":"product_tag","embeddable":true,"href":"https:\/\/ueberlebenskunst.at\/survivalshop\/wp-json\/wp\/v2\/product_tag?post=119969"}],"curies":[{"name":"wp","href":"https:\/\/api.w.org\/{rel}","templated":true}]}}