{"id":119271,"date":"2022-12-01T08:49:08","date_gmt":"2022-12-01T07:49:08","guid":{"rendered":"https:\/\/ueberlebenskunst.at\/survivalshop\/?post_type=product&#038;p=119271"},"modified":"2026-03-12T08:46:53","modified_gmt":"2026-03-12T07:46:53","slug":"picatinny-montageblock","status":"publish","type":"product","link":"https:\/\/ueberlebenskunst.at\/survivalshop\/shop\/picatinny-montageblock\/","title":{"rendered":"Picatinny Montageblock"},"content":{"rendered":"<h3>Picatinny Montageblock 19<\/h3>\n<p>Der Picatinny Montageblock 19 ist die ideale Erg\u00e4nzung f\u00fcr alle Reini Rossmann Universalhalterungen mit 19 mm Durchmesser. Zum Beispiel f\u00fcr die Universal Halterung der <a href=\"https:\/\/ueberlebenskunst.at\/survivalshop\/shop\/lampen-laserhalterung-fuer-steambow-stinger\/\">Stinger 2<\/a>, <a href=\"https:\/\/ueberlebenskunst.at\/survivalshop\/shop\/universal-halterung-adder\/\">Adder<\/a> und <a href=\"https:\/\/ueberlebenskunst.at\/survivalshop\/shop\/universal-halterung-ek-vlad-armbrust-19mm\/\">Vlad Armbrust<\/a>.<\/p>\n<p>Anwendungen sind f\u00fcr die Montage von Pfeilk\u00f6cher, <a href=\"https:\/\/ueberlebenskunst.at\/survivalshop\/produkt-schlagwort\/armbrust-messer\/\">Armbrust-Messersystemen<\/a> oder anderem Zubeh\u00f6r, das \u00fcber eine Picatinny Aufnahme verf\u00fcgt.<\/p>\n<h3>Lieferumfang:<\/h3>\n<ul>\n<li>1 Stk. Picatinny Montageblock<\/li>\n<li><strong>ACHTUNG: auf den Produktbildern befindet sich optionales Zubeh\u00f6r, das im Lieferumfang NICHT enthalten ist.<\/strong><\/li>\n<\/ul>\n<p>Wichtiger Hinweis: Das Gewinde zur Montage von z. B. dem <a href=\"https:\/\/ueberlebenskunst.at\/survivalshop\/shop\/batterie-container\/\">Batterie-Container<\/a> ist ein Linksgewinde.<\/p>\n<h3><strong>Kompatible, extra erh\u00e4ltliche Produkte:<\/strong><\/h3>\n<ul>\n<li>Der Montageblock 19 ist auch mit unserem <a href=\"https:\/\/ueberlebenskunst.at\/survivalshop\/shop\/batterie-container\/\">Batteriecontainer 19<\/a> kompatibel. Der Batterie-Container kann einfach in den Montageblock eingeschraubt werden.<\/li>\n<li>Im Frontbereich kann zum Beispiel ein <a href=\"https:\/\/ueberlebenskunst.at\/survivalshop\/shop\/modularer-pfeilkoecher\/\">modularer Pfeilk\u00f6cher<\/a> oder ein kleines Messer montiert werden.<\/li>\n<li>Steambow Produkte wie der <a href=\"https:\/\/ueberlebenskunst.at\/survivalshop\/shop\/steambow-stinger-pfeilkoecher\/\">Pfeilk\u00f6cher<\/a> und das <a href=\"https:\/\/ueberlebenskunst.at\/survivalshop\/shop\/ar-series-messer-k-1\/\">Steambow Armbrust Messer<\/a> passen auf unseren Picatinny Montageblock 19<\/li>\n<\/ul>\n<p>&nbsp;<\/p>\n<h3>Picatinny Montageblock 25<\/h3>\n<p>Der Picatinny Montageblock 25 ist die ideale Erg\u00e4nzung f\u00fcr alle Reini Rossmann Universalhalterungen mit 25 mm Klemmdurchmesser. Zum Beispiel f\u00fcr die <a href=\"https:\/\/ueberlebenskunst.at\/survivalshop\/shop\/universal-halterung-adder\/\" target=\"_blank\" rel=\"noopener\">Universal Halterung, <\/a>Adder und <a href=\"https:\/\/ueberlebenskunst.at\/survivalshop\/shop\/vlad-lampenhalterung\/\" target=\"_blank\" rel=\"noopener\">Vlad Armbrust<\/a>. Anwendungen sind f\u00fcr die Montage von Pfeilk\u00f6cher, Armbrust-Messersystemen oder anderem Zubeh\u00f6r, das \u00fcber eine Picatinny Aufnahme verf\u00fcgt.<\/p>\n<p>Wichtiger Hinweis: das Gewinde zum Anschrauben des Batteriecontainers ist ein Linksgewinde.<\/p>\n<h3>Produktdaten:<\/h3>\n<ul>\n<li>Abmessungen: 25 x 38 x 44 mm<\/li>\n<\/ul>\n<h3>Lieferumfang:<\/h3>\n<ul>\n<li>1 Stk. Picatinny Montageblock<\/li>\n<li><strong>ACHTUNG: auf den Produktbildern befindet sich optionales Zubeh\u00f6r, das im Lieferumfang NICHT enthalten ist.<\/strong><\/li>\n<\/ul>\n<h3><strong>Passendes Zubeh\u00f6r (separat erh\u00e4ltlich):<\/strong><\/h3>\n<ul>\n<li><a href=\"https:\/\/ueberlebenskunst.at\/survivalshop\/shop\/batterie-container\/\" target=\"_blank\" rel=\"noopener\">Batterie-Container<\/a><\/li>\n<\/ul>\n<h3><strong>Bedienungs- &amp; Pflegeanleitung:<\/strong><\/h3>\n<ul>\n<li>Die Reinigung mit Wasser ist m\u00f6glich.<\/li>\n<li>Du solltest das Produkt nicht direkt in die N\u00e4he von Feuer oder anderen Hitzequellen legen!<\/li>\n<li>Wird es \u00fcber l\u00e4ngere Zeit sehr kalten Temperaturen unter 0 \u00b0C ausgesetzt, solltest du in dem Moment darauf achten, dass keine starken Belastungen darauf einwirken.<\/li>\n<\/ul>\n<p>Unsere Produkte sind nicht f\u00fcr Kinder unter 3 Jahren geeignet. Es besteht Verschluckungsgefahr.<\/p>\n<p><a href=\"https:\/\/ueberlebenskunst.at\/survivalshop\/wp-content\/uploads\/2021\/11\/Logo_Kinder.png\"><img decoding=\"async\" class=\"alignnone size-medium wp-image-179571\" src=\"https:\/\/ueberlebenskunst.at\/survivalshop\/wp-content\/uploads\/2021\/11\/Logo_Kinder-300x126.png\" alt=\"\" width=\"300\" height=\"126\" srcset=\"https:\/\/ueberlebenskunst.at\/survivalshop\/wp-content\/uploads\/2021\/11\/Logo_Kinder-300x126.png 300w, https:\/\/ueberlebenskunst.at\/survivalshop\/wp-content\/uploads\/2021\/11\/Logo_Kinder-64x27.png 64w, https:\/\/ueberlebenskunst.at\/survivalshop\/wp-content\/uploads\/2021\/11\/Logo_Kinder.png 401w\" sizes=\"(max-width: 300px) 100vw, 300px\" \/><\/a><\/p>\n<p><span style=\"color: #99cc00;\">Du willst das Produkt in einer anderen Farbe? Schick uns eine E-Mail an shop@ueberlebenskunst.at und wir pr\u00fcfen, ob dein Farbwunsch\u00a0m\u00f6glich\u00a0ist.<\/span><\/p>\n","protected":false},"excerpt":{"rendered":"<p>Picatinny Montageblock 19 Der Picatinny Montageblock 19 ist die ideale Erg\u00e4nzung f\u00fcr alle Reini Rossmann Universalhalterungen mit 19 mm Durchmesser. Zum Beispiel f\u00fcr die Universal Halterung der Stinger 2, Adder und Vlad Armbrust. Anwendungen sind f\u00fcr die Montage von Pfeilk\u00f6cher, Armbrust-Messersystemen oder anderem Zubeh\u00f6r, das \u00fcber eine Picatinny Aufnahme verf\u00fcgt. Lieferumfang: 1 Stk. Picatinny Montageblock [&hellip;]<\/p>\n","protected":false},"featured_media":124378,"comment_status":"open","ping_status":"closed","template":"","meta":{"_acf_changed":false},"product_brand":[],"product_cat":[1770,1771,1769,1772,1768,1893],"product_tag":[1386],"class_list":{"0":"post-119271","1":"product","2":"type-product","3":"status-publish","4":"has-post-thumbnail","6":"product_cat-ek-archery-adder","7":"product_cat-ek-archery-siege","8":"product_cat-ek-archery-vlad-bogensport-zubehoer","9":"product_cat-man-kung-alligator","10":"product_cat-steambow-stinger","11":"product_cat-steambow-stinger-bogensport-pfeil-kugel","12":"product_tag-montageblock","14":"first","15":"instock","16":"taxable","17":"shipping-taxable","18":"purchasable","19":"product-type-variable","20":"has-default-attributes"},"acf":[],"yoast_head":"<!-- This site is optimized with the Yoast SEO plugin v27.1.1 - https:\/\/yoast.com\/product\/yoast-seo-wordpress\/ -->\n<title>Picatinny Montageblock - Reini Rossmann - Survival Shop<\/title>\n<meta name=\"robots\" content=\"index, follow, max-snippet:-1, max-image-preview:large, max-video-preview:-1\" \/>\n<link rel=\"canonical\" href=\"https:\/\/ueberlebenskunst.at\/survivalshop\/shop\/picatinny-montageblock\/\" \/>\n<meta property=\"og:locale\" content=\"de_DE\" \/>\n<meta property=\"og:type\" content=\"article\" \/>\n<meta property=\"og:title\" content=\"Picatinny Montageblock - Reini Rossmann - Survival Shop\" \/>\n<meta property=\"og:description\" content=\"Picatinny Montageblock 19 Der Picatinny Montageblock 19 ist die ideale Erg\u00e4nzung f\u00fcr alle Reini Rossmann Universalhalterungen mit 19 mm Durchmesser. Zum Beispiel f\u00fcr die Universal Halterung der Stinger 2, Adder und Vlad Armbrust. Anwendungen sind f\u00fcr die Montage von Pfeilk\u00f6cher, Armbrust-Messersystemen oder anderem Zubeh\u00f6r, das \u00fcber eine Picatinny Aufnahme verf\u00fcgt. Lieferumfang: 1 Stk. Picatinny Montageblock [&hellip;]\" \/>\n<meta property=\"og:url\" content=\"https:\/\/ueberlebenskunst.at\/survivalshop\/shop\/picatinny-montageblock\/\" \/>\n<meta property=\"og:site_name\" content=\"Reini Rossmann - Survival Shop\" \/>\n<meta property=\"article:publisher\" content=\"https:\/\/www.facebook.com\/survival24.org\/\" \/>\n<meta property=\"article:modified_time\" content=\"2026-03-12T07:46:53+00:00\" \/>\n<meta property=\"og:image\" content=\"https:\/\/ueberlebenskunst.at\/survivalshop\/wp-content\/uploads\/2022\/12\/PicatinnyMontageblock19.jpg\" \/>\n\t<meta property=\"og:image:width\" content=\"400\" \/>\n\t<meta property=\"og:image:height\" content=\"426\" \/>\n\t<meta property=\"og:image:type\" content=\"image\/jpeg\" \/>\n<meta name=\"twitter:card\" content=\"summary_large_image\" \/>\n<meta name=\"twitter:label1\" content=\"Gesch\u00e4tzte Lesezeit\" \/>\n\t<meta name=\"twitter:data1\" content=\"3\u00a0Minuten\" \/>\n<script type=\"application\/ld+json\" class=\"yoast-schema-graph\">{\"@context\":\"https:\/\/schema.org\",\"@graph\":[{\"@type\":\"WebPage\",\"@id\":\"https:\/\/ueberlebenskunst.at\/survivalshop\/shop\/picatinny-montageblock\/\",\"url\":\"https:\/\/ueberlebenskunst.at\/survivalshop\/shop\/picatinny-montageblock\/\",\"name\":\"Picatinny Montageblock - Reini Rossmann - Survival Shop\",\"isPartOf\":{\"@id\":\"https:\/\/ueberlebenskunst.at\/survivalshop\/#website\"},\"primaryImageOfPage\":{\"@id\":\"https:\/\/ueberlebenskunst.at\/survivalshop\/shop\/picatinny-montageblock\/#primaryimage\"},\"image\":{\"@id\":\"https:\/\/ueberlebenskunst.at\/survivalshop\/shop\/picatinny-montageblock\/#primaryimage\"},\"thumbnailUrl\":\"https:\/\/ueberlebenskunst.at\/survivalshop\/wp-content\/uploads\/2022\/12\/PicatinnyMontageblock19.jpg\",\"datePublished\":\"2022-12-01T07:49:08+00:00\",\"dateModified\":\"2026-03-12T07:46:53+00:00\",\"breadcrumb\":{\"@id\":\"https:\/\/ueberlebenskunst.at\/survivalshop\/shop\/picatinny-montageblock\/#breadcrumb\"},\"inLanguage\":\"de\",\"potentialAction\":[{\"@type\":\"ReadAction\",\"target\":[\"https:\/\/ueberlebenskunst.at\/survivalshop\/shop\/picatinny-montageblock\/\"]}]},{\"@type\":\"ImageObject\",\"inLanguage\":\"de\",\"@id\":\"https:\/\/ueberlebenskunst.at\/survivalshop\/shop\/picatinny-montageblock\/#primaryimage\",\"url\":\"https:\/\/ueberlebenskunst.at\/survivalshop\/wp-content\/uploads\/2022\/12\/PicatinnyMontageblock19.jpg\",\"contentUrl\":\"https:\/\/ueberlebenskunst.at\/survivalshop\/wp-content\/uploads\/2022\/12\/PicatinnyMontageblock19.jpg\",\"width\":400,\"height\":426},{\"@type\":\"BreadcrumbList\",\"@id\":\"https:\/\/ueberlebenskunst.at\/survivalshop\/shop\/picatinny-montageblock\/#breadcrumb\",\"itemListElement\":[{\"@type\":\"ListItem\",\"position\":1,\"name\":\"Startseite\",\"item\":\"https:\/\/ueberlebenskunst.at\/survivalshop\/\"},{\"@type\":\"ListItem\",\"position\":2,\"name\":\"Shop\",\"item\":\"https:\/\/ueberlebenskunst.at\/survivalshop\/shop\/\"},{\"@type\":\"ListItem\",\"position\":3,\"name\":\"Picatinny Montageblock\"}]},{\"@type\":\"WebSite\",\"@id\":\"https:\/\/ueberlebenskunst.at\/survivalshop\/#website\",\"url\":\"https:\/\/ueberlebenskunst.at\/survivalshop\/\",\"name\":\"Reini Rossmann - Survival Shop\",\"description\":\"Survival Shop f\u00fcr Survival, Bushcraft und Prepper\",\"potentialAction\":[{\"@type\":\"SearchAction\",\"target\":{\"@type\":\"EntryPoint\",\"urlTemplate\":\"https:\/\/ueberlebenskunst.at\/survivalshop\/?s={search_term_string}\"},\"query-input\":{\"@type\":\"PropertyValueSpecification\",\"valueRequired\":true,\"valueName\":\"search_term_string\"}}],\"inLanguage\":\"de\"}]}<\/script>\n<!-- \/ Yoast SEO plugin. -->","yoast_head_json":{"title":"Picatinny Montageblock - Reini Rossmann - Survival Shop","robots":{"index":"index","follow":"follow","max-snippet":"max-snippet:-1","max-image-preview":"max-image-preview:large","max-video-preview":"max-video-preview:-1"},"canonical":"https:\/\/ueberlebenskunst.at\/survivalshop\/shop\/picatinny-montageblock\/","og_locale":"de_DE","og_type":"article","og_title":"Picatinny Montageblock - Reini Rossmann - Survival Shop","og_description":"Picatinny Montageblock 19 Der Picatinny Montageblock 19 ist die ideale Erg\u00e4nzung f\u00fcr alle Reini Rossmann Universalhalterungen mit 19 mm Durchmesser. Zum Beispiel f\u00fcr die Universal Halterung der Stinger 2, Adder und Vlad Armbrust. Anwendungen sind f\u00fcr die Montage von Pfeilk\u00f6cher, Armbrust-Messersystemen oder anderem Zubeh\u00f6r, das \u00fcber eine Picatinny Aufnahme verf\u00fcgt. Lieferumfang: 1 Stk. Picatinny Montageblock [&hellip;]","og_url":"https:\/\/ueberlebenskunst.at\/survivalshop\/shop\/picatinny-montageblock\/","og_site_name":"Reini Rossmann - Survival Shop","article_publisher":"https:\/\/www.facebook.com\/survival24.org\/","article_modified_time":"2026-03-12T07:46:53+00:00","og_image":[{"width":400,"height":426,"url":"https:\/\/ueberlebenskunst.at\/survivalshop\/wp-content\/uploads\/2022\/12\/PicatinnyMontageblock19.jpg","type":"image\/jpeg"}],"twitter_card":"summary_large_image","twitter_misc":{"Gesch\u00e4tzte Lesezeit":"3\u00a0Minuten"},"schema":{"@context":"https:\/\/schema.org","@graph":[{"@type":"WebPage","@id":"https:\/\/ueberlebenskunst.at\/survivalshop\/shop\/picatinny-montageblock\/","url":"https:\/\/ueberlebenskunst.at\/survivalshop\/shop\/picatinny-montageblock\/","name":"Picatinny Montageblock - Reini Rossmann - Survival Shop","isPartOf":{"@id":"https:\/\/ueberlebenskunst.at\/survivalshop\/#website"},"primaryImageOfPage":{"@id":"https:\/\/ueberlebenskunst.at\/survivalshop\/shop\/picatinny-montageblock\/#primaryimage"},"image":{"@id":"https:\/\/ueberlebenskunst.at\/survivalshop\/shop\/picatinny-montageblock\/#primaryimage"},"thumbnailUrl":"https:\/\/ueberlebenskunst.at\/survivalshop\/wp-content\/uploads\/2022\/12\/PicatinnyMontageblock19.jpg","datePublished":"2022-12-01T07:49:08+00:00","dateModified":"2026-03-12T07:46:53+00:00","breadcrumb":{"@id":"https:\/\/ueberlebenskunst.at\/survivalshop\/shop\/picatinny-montageblock\/#breadcrumb"},"inLanguage":"de","potentialAction":[{"@type":"ReadAction","target":["https:\/\/ueberlebenskunst.at\/survivalshop\/shop\/picatinny-montageblock\/"]}]},{"@type":"ImageObject","inLanguage":"de","@id":"https:\/\/ueberlebenskunst.at\/survivalshop\/shop\/picatinny-montageblock\/#primaryimage","url":"https:\/\/ueberlebenskunst.at\/survivalshop\/wp-content\/uploads\/2022\/12\/PicatinnyMontageblock19.jpg","contentUrl":"https:\/\/ueberlebenskunst.at\/survivalshop\/wp-content\/uploads\/2022\/12\/PicatinnyMontageblock19.jpg","width":400,"height":426},{"@type":"BreadcrumbList","@id":"https:\/\/ueberlebenskunst.at\/survivalshop\/shop\/picatinny-montageblock\/#breadcrumb","itemListElement":[{"@type":"ListItem","position":1,"name":"Startseite","item":"https:\/\/ueberlebenskunst.at\/survivalshop\/"},{"@type":"ListItem","position":2,"name":"Shop","item":"https:\/\/ueberlebenskunst.at\/survivalshop\/shop\/"},{"@type":"ListItem","position":3,"name":"Picatinny Montageblock"}]},{"@type":"WebSite","@id":"https:\/\/ueberlebenskunst.at\/survivalshop\/#website","url":"https:\/\/ueberlebenskunst.at\/survivalshop\/","name":"Reini Rossmann - Survival Shop","description":"Survival Shop f\u00fcr Survival, Bushcraft und Prepper","potentialAction":[{"@type":"SearchAction","target":{"@type":"EntryPoint","urlTemplate":"https:\/\/ueberlebenskunst.at\/survivalshop\/?s={search_term_string}"},"query-input":{"@type":"PropertyValueSpecification","valueRequired":true,"valueName":"search_term_string"}}],"inLanguage":"de"}]}},"_links":{"self":[{"href":"https:\/\/ueberlebenskunst.at\/survivalshop\/wp-json\/wp\/v2\/product\/119271","targetHints":{"allow":["GET"]}}],"collection":[{"href":"https:\/\/ueberlebenskunst.at\/survivalshop\/wp-json\/wp\/v2\/product"}],"about":[{"href":"https:\/\/ueberlebenskunst.at\/survivalshop\/wp-json\/wp\/v2\/types\/product"}],"replies":[{"embeddable":true,"href":"https:\/\/ueberlebenskunst.at\/survivalshop\/wp-json\/wp\/v2\/comments?post=119271"}],"wp:featuredmedia":[{"embeddable":true,"href":"https:\/\/ueberlebenskunst.at\/survivalshop\/wp-json\/wp\/v2\/media\/124378"}],"wp:attachment":[{"href":"https:\/\/ueberlebenskunst.at\/survivalshop\/wp-json\/wp\/v2\/media?parent=119271"}],"wp:term":[{"taxonomy":"product_brand","embeddable":true,"href":"https:\/\/ueberlebenskunst.at\/survivalshop\/wp-json\/wp\/v2\/product_brand?post=119271"},{"taxonomy":"product_cat","embeddable":true,"href":"https:\/\/ueberlebenskunst.at\/survivalshop\/wp-json\/wp\/v2\/product_cat?post=119271"},{"taxonomy":"product_tag","embeddable":true,"href":"https:\/\/ueberlebenskunst.at\/survivalshop\/wp-json\/wp\/v2\/product_tag?post=119271"}],"curies":[{"name":"wp","href":"https:\/\/api.w.org\/{rel}","templated":true}]}}