{"id":119190,"date":"2022-11-30T11:13:46","date_gmt":"2022-11-30T10:13:46","guid":{"rendered":"https:\/\/ueberlebenskunst.at\/survivalshop\/?post_type=product&#038;p=119190"},"modified":"2025-04-28T08:19:26","modified_gmt":"2025-04-28T06:19:26","slug":"ar-series-messer-k-1","status":"seo-produkt","type":"product","link":"https:\/\/ueberlebenskunst.at\/survivalshop\/shop\/ar-series-messer-k-1\/","title":{"rendered":"AR-Series Messer &#8220;K-1&#8221; Reini Rossmann Edition"},"content":{"rendered":"<h3>AR-Series Messer &#8220;K-1&#8221; Reini Rossmann Edition<\/h3>\n<p>Wie die Stinger ist auch unser K1 m\u00f6glichst vielseitig: Ein taugliches Einsatzmesser, das du direkt an deiner Tactical anbringen kannst, aber auch ein Jagd- und Gebrauchsmesser, wenn es die Survival in den Wald begleitet. Durch die Drop-Point Klinge und die praktikable L\u00e4nge, aber auch wegen des sehr schnitthaltigen und korrosionsbest\u00e4ndigen B\u00f6hler N690 Stahls ist das K1 ein Messer von hervorragender Qualit\u00e4t.<\/p>\n<p>Das K1 ist ein hochwertiges, taktisches Einsatzmesser und wird in Italien von einem renommierten Traditionshersteller gefertigt. Die Klinge aus B\u00f6hler N690 Stahl bietet eine hervorragende Schnitthaltigkeit, gute Z\u00e4higkeit und Verschlei\u00dffestigkeit \u2013 es h\u00e4lt die Sch\u00e4rfe gut, ist extrem korrosionsbest\u00e4ndig und l\u00e4sst sich dennoch gut nachsch\u00e4rfen. Die Griffschalen sind aus stabilem und rutschfestem, schwarzem Polymer. Griffschalen in weiteren Farben sowie besonders edle Griffschalen aus eloxiertem Aluminium oder Holz sind separat erh\u00e4ltlich. Wir bieten das Messer entweder mit einem hellen oder einem dunklen Stonewashed-Finish an.<\/p>\n<p><a href=\"https:\/\/ueberlebenskunst.at\/survivalshop\/wp-content\/uploads\/2022\/11\/Steambow-Messer.jpg\" target=\"_blank\" rel=\"noopener\"><img decoding=\"async\" class=\"alignnone wp-image-121739\" src=\"https:\/\/ueberlebenskunst.at\/survivalshop\/wp-content\/uploads\/2022\/11\/Steambow-Messer-991x1024.jpg\" alt=\"Steambow Armbrust Messer\" width=\"373\" height=\"385\" srcset=\"https:\/\/ueberlebenskunst.at\/survivalshop\/wp-content\/uploads\/2022\/11\/Steambow-Messer-991x1024.jpg 991w, https:\/\/ueberlebenskunst.at\/survivalshop\/wp-content\/uploads\/2022\/11\/Steambow-Messer-290x300.jpg 290w, https:\/\/ueberlebenskunst.at\/survivalshop\/wp-content\/uploads\/2022\/11\/Steambow-Messer-768x793.jpg 768w, https:\/\/ueberlebenskunst.at\/survivalshop\/wp-content\/uploads\/2022\/11\/Steambow-Messer-1487x1536.jpg 1487w, https:\/\/ueberlebenskunst.at\/survivalshop\/wp-content\/uploads\/2022\/11\/Steambow-Messer-300x310.jpg 300w, https:\/\/ueberlebenskunst.at\/survivalshop\/wp-content\/uploads\/2022\/11\/Steambow-Messer-600x620.jpg 600w, https:\/\/ueberlebenskunst.at\/survivalshop\/wp-content\/uploads\/2022\/11\/Steambow-Messer.jpg 1572w\" sizes=\"(max-width: 373px) 100vw, 373px\" \/><\/a><\/p>\n<p>Die mitgelieferten Messerscheiden (eine rechte und eine linke Version \u2013 f\u00fcr unterschiedliche Trageweisen) lassen sich sowohl am G\u00fcrtel mittels Clip tragen, als auch an einer Picatinny-Schiene montieren. Der M.O.L.L.E. kompatible Clip erm\u00f6glicht eine flexible Befestigung an G\u00fcrtel, Weste, Rucksack, Plattentr\u00e4ger etc. Die Griffschalen lassen sich zur Reinigung leicht und ohne Werkzeug zerlegen.<\/p>\n<p>Als Goodie liegen 3 extra Griffschalen bei: orange, sand und olive &#8211; also ganz Reini Rossmann Edition \ud83d\ude42<\/p>\n<h3><strong>Produktdaten:<\/strong><\/h3>\n<ul>\n<li>Gesamtl\u00e4nge: 230 mm<\/li>\n<li>Klingenl\u00e4nge: 110 mm<\/li>\n<li>Klingenst\u00e4rke: 4 mm<\/li>\n<li>Gewicht: 158 Gramm<\/li>\n<li>H\u00e4rte: 58 &#8211; 60 HRC<\/li>\n<li>Der Schleifwinkel betr\u00e4gt pro Seite ungef\u00e4hr 20 Grad.<\/li>\n<\/ul>\n<h3><strong>Lieferumfang der Reini Rossmann Edition:<\/strong><\/h3>\n<ul>\n<li>Steambow Messer K1<\/li>\n<li>2 Messerscheiden aus Polymer (1 links und 1 rechts)<\/li>\n<li>Block f\u00fcr die Montage an einer Picatinny-Schiene<\/li>\n<li>G\u00fcrtelclip (auch M.O.L.L.E. geeignet)<\/li>\n<li>Montagematerial: Es befinden sich jeweils zwei Schrauben und Muttern f\u00fcr die beiden Befestigungsm\u00f6glichkeiten im Set. Diese werden f\u00fcr einen optimalen Halt diagonal angebracht oder f\u00fcr mehr Flexibilit\u00e4t in Reihe (entweder neben- oder \u00fcbereinander).<\/li>\n<li>3 Griffschalen in orange, sand, olive<\/li>\n<\/ul>\n<h3><strong>In 2 Ausf\u00fchrungen erh\u00e4ltlich:<\/strong><\/h3>\n<ul>\n<li>Stonewash dunkel<\/li>\n<li>Stonewash hell<\/li>\n<\/ul>\n<p><iframe hcb-fetch-image-from=\"https:\/\/www.youtube.com\/watch?v=8eQsKFSmAOU\" title=\"Wie ein Messer auf eine Armbrust montieren? - Steambow Messer K1 Installation\" width=\"640\" height=\"360\" src=\"https:\/\/www.youtube.com\/embed\/8eQsKFSmAOU?feature=oembed\" frameborder=\"0\" allow=\"accelerometer; autoplay; clipboard-write; encrypted-media; gyroscope; picture-in-picture; web-share\" referrerpolicy=\"strict-origin-when-cross-origin\" allowfullscreen><\/iframe><\/p>\n","protected":false},"excerpt":{"rendered":"<p>AR-Series Messer &#8220;K-1&#8221; Reini Rossmann Edition Wie die Stinger ist auch unser K1 m\u00f6glichst vielseitig: Ein taugliches Einsatzmesser, das du direkt an deiner Tactical anbringen kannst, aber auch ein Jagd- und Gebrauchsmesser, wenn es die Survival in den Wald begleitet. Durch die Drop-Point Klinge und die praktikable L\u00e4nge, aber auch wegen des sehr schnitthaltigen und [&hellip;]<\/p>\n","protected":false},"featured_media":121681,"comment_status":"open","ping_status":"closed","template":"","meta":{"_acf_changed":false},"product_brand":[],"product_cat":[1892,1891,1893],"product_tag":[1385,1372,763,975],"class_list":{"0":"post-119190","1":"product","2":"type-product","3":"status-seo-produkt","4":"has-post-thumbnail","6":"product_cat-bogensport-pfeil-kugel","7":"product_cat-pfeil-kugel","8":"product_cat-steambow-stinger-bogensport-pfeil-kugel","9":"product_tag-armbrust-messer","10":"product_tag-k1","11":"product_tag-messer","12":"product_tag-stinger-2-zubehoer","13":"pa_platform-stonewash-dunkel","14":"pa_platform-stonewash-hell","16":"first","17":"outofstock","18":"taxable","19":"shipping-taxable","20":"product-type-variable"},"acf":[],"yoast_head":"<!-- This site is optimized with the Yoast SEO plugin v27.1.1 - https:\/\/yoast.com\/product\/yoast-seo-wordpress\/ -->\n<title>AR-Series Messer &quot;K-1&quot; Reini Rossmann Edition<\/title>\n<meta name=\"robots\" content=\"index, follow, max-snippet:-1, max-image-preview:large, max-video-preview:-1\" \/>\n<link rel=\"canonical\" href=\"https:\/\/ueberlebenskunst.at\/survivalshop\/shop\/ar-series-messer-k-1\/\" \/>\n<meta property=\"og:locale\" content=\"de_DE\" \/>\n<meta property=\"og:type\" content=\"article\" \/>\n<meta property=\"og:title\" content=\"AR-Series Messer &quot;K-1&quot; Reini Rossmann Edition\" \/>\n<meta property=\"og:description\" content=\"AR-Series Messer &#8220;K-1&#8221; Reini Rossmann Edition Wie die Stinger ist auch unser K1 m\u00f6glichst vielseitig: Ein taugliches Einsatzmesser, das du direkt an deiner Tactical anbringen kannst, aber auch ein Jagd- und Gebrauchsmesser, wenn es die Survival in den Wald begleitet. Durch die Drop-Point Klinge und die praktikable L\u00e4nge, aber auch wegen des sehr schnitthaltigen und [&hellip;]\" \/>\n<meta property=\"og:url\" content=\"https:\/\/ueberlebenskunst.at\/survivalshop\/shop\/ar-series-messer-k-1\/\" \/>\n<meta property=\"og:site_name\" content=\"Reini Rossmann - Survival Shop\" \/>\n<meta property=\"article:publisher\" content=\"https:\/\/www.facebook.com\/survival24.org\/\" \/>\n<meta property=\"article:modified_time\" content=\"2025-04-28T06:19:26+00:00\" \/>\n<meta property=\"og:image\" content=\"https:\/\/ueberlebenskunst.at\/survivalshop\/wp-content\/uploads\/2022\/11\/k1.jpg\" \/>\n\t<meta property=\"og:image:width\" content=\"450\" \/>\n\t<meta property=\"og:image:height\" content=\"347\" \/>\n\t<meta property=\"og:image:type\" content=\"image\/jpeg\" \/>\n<meta name=\"twitter:card\" content=\"summary_large_image\" \/>\n<meta name=\"twitter:label1\" content=\"Gesch\u00e4tzte Lesezeit\" \/>\n\t<meta name=\"twitter:data1\" content=\"3\u00a0Minuten\" \/>\n<script type=\"application\/ld+json\" class=\"yoast-schema-graph\">{\"@context\":\"https:\/\/schema.org\",\"@graph\":[{\"@type\":\"WebPage\",\"@id\":\"https:\/\/ueberlebenskunst.at\/survivalshop\/shop\/ar-series-messer-k-1\/\",\"url\":\"https:\/\/ueberlebenskunst.at\/survivalshop\/shop\/ar-series-messer-k-1\/\",\"name\":\"AR-Series Messer \\\"K-1\\\" Reini Rossmann Edition\",\"isPartOf\":{\"@id\":\"https:\/\/ueberlebenskunst.at\/survivalshop\/#website\"},\"primaryImageOfPage\":{\"@id\":\"https:\/\/ueberlebenskunst.at\/survivalshop\/shop\/ar-series-messer-k-1\/#primaryimage\"},\"image\":{\"@id\":\"https:\/\/ueberlebenskunst.at\/survivalshop\/shop\/ar-series-messer-k-1\/#primaryimage\"},\"thumbnailUrl\":\"https:\/\/ueberlebenskunst.at\/survivalshop\/wp-content\/uploads\/2022\/11\/k1.jpg\",\"datePublished\":\"2022-11-30T10:13:46+00:00\",\"dateModified\":\"2025-04-28T06:19:26+00:00\",\"breadcrumb\":{\"@id\":\"https:\/\/ueberlebenskunst.at\/survivalshop\/shop\/ar-series-messer-k-1\/#breadcrumb\"},\"inLanguage\":\"de\",\"potentialAction\":[{\"@type\":\"ReadAction\",\"target\":[\"https:\/\/ueberlebenskunst.at\/survivalshop\/shop\/ar-series-messer-k-1\/\"]}]},{\"@type\":\"ImageObject\",\"inLanguage\":\"de\",\"@id\":\"https:\/\/ueberlebenskunst.at\/survivalshop\/shop\/ar-series-messer-k-1\/#primaryimage\",\"url\":\"https:\/\/ueberlebenskunst.at\/survivalshop\/wp-content\/uploads\/2022\/11\/k1.jpg\",\"contentUrl\":\"https:\/\/ueberlebenskunst.at\/survivalshop\/wp-content\/uploads\/2022\/11\/k1.jpg\",\"width\":450,\"height\":347},{\"@type\":\"BreadcrumbList\",\"@id\":\"https:\/\/ueberlebenskunst.at\/survivalshop\/shop\/ar-series-messer-k-1\/#breadcrumb\",\"itemListElement\":[{\"@type\":\"ListItem\",\"position\":1,\"name\":\"Startseite\",\"item\":\"https:\/\/ueberlebenskunst.at\/survivalshop\/\"},{\"@type\":\"ListItem\",\"position\":2,\"name\":\"Shop\",\"item\":\"https:\/\/ueberlebenskunst.at\/survivalshop\/shop\/\"},{\"@type\":\"ListItem\",\"position\":3,\"name\":\"AR-Series Messer &#8220;K-1&#8221; Reini Rossmann Edition\"}]},{\"@type\":\"WebSite\",\"@id\":\"https:\/\/ueberlebenskunst.at\/survivalshop\/#website\",\"url\":\"https:\/\/ueberlebenskunst.at\/survivalshop\/\",\"name\":\"Reini Rossmann - Survival Shop\",\"description\":\"Survival Shop f\u00fcr Survival, Bushcraft und Prepper\",\"potentialAction\":[{\"@type\":\"SearchAction\",\"target\":{\"@type\":\"EntryPoint\",\"urlTemplate\":\"https:\/\/ueberlebenskunst.at\/survivalshop\/?s={search_term_string}\"},\"query-input\":{\"@type\":\"PropertyValueSpecification\",\"valueRequired\":true,\"valueName\":\"search_term_string\"}}],\"inLanguage\":\"de\"}]}<\/script>\n<!-- \/ Yoast SEO plugin. -->","yoast_head_json":{"title":"AR-Series Messer \"K-1\" Reini Rossmann Edition","robots":{"index":"index","follow":"follow","max-snippet":"max-snippet:-1","max-image-preview":"max-image-preview:large","max-video-preview":"max-video-preview:-1"},"canonical":"https:\/\/ueberlebenskunst.at\/survivalshop\/shop\/ar-series-messer-k-1\/","og_locale":"de_DE","og_type":"article","og_title":"AR-Series Messer \"K-1\" Reini Rossmann Edition","og_description":"AR-Series Messer &#8220;K-1&#8221; Reini Rossmann Edition Wie die Stinger ist auch unser K1 m\u00f6glichst vielseitig: Ein taugliches Einsatzmesser, das du direkt an deiner Tactical anbringen kannst, aber auch ein Jagd- und Gebrauchsmesser, wenn es die Survival in den Wald begleitet. Durch die Drop-Point Klinge und die praktikable L\u00e4nge, aber auch wegen des sehr schnitthaltigen und [&hellip;]","og_url":"https:\/\/ueberlebenskunst.at\/survivalshop\/shop\/ar-series-messer-k-1\/","og_site_name":"Reini Rossmann - Survival Shop","article_publisher":"https:\/\/www.facebook.com\/survival24.org\/","article_modified_time":"2025-04-28T06:19:26+00:00","og_image":[{"width":450,"height":347,"url":"https:\/\/ueberlebenskunst.at\/survivalshop\/wp-content\/uploads\/2022\/11\/k1.jpg","type":"image\/jpeg"}],"twitter_card":"summary_large_image","twitter_misc":{"Gesch\u00e4tzte Lesezeit":"3\u00a0Minuten"},"schema":{"@context":"https:\/\/schema.org","@graph":[{"@type":"WebPage","@id":"https:\/\/ueberlebenskunst.at\/survivalshop\/shop\/ar-series-messer-k-1\/","url":"https:\/\/ueberlebenskunst.at\/survivalshop\/shop\/ar-series-messer-k-1\/","name":"AR-Series Messer \"K-1\" Reini Rossmann Edition","isPartOf":{"@id":"https:\/\/ueberlebenskunst.at\/survivalshop\/#website"},"primaryImageOfPage":{"@id":"https:\/\/ueberlebenskunst.at\/survivalshop\/shop\/ar-series-messer-k-1\/#primaryimage"},"image":{"@id":"https:\/\/ueberlebenskunst.at\/survivalshop\/shop\/ar-series-messer-k-1\/#primaryimage"},"thumbnailUrl":"https:\/\/ueberlebenskunst.at\/survivalshop\/wp-content\/uploads\/2022\/11\/k1.jpg","datePublished":"2022-11-30T10:13:46+00:00","dateModified":"2025-04-28T06:19:26+00:00","breadcrumb":{"@id":"https:\/\/ueberlebenskunst.at\/survivalshop\/shop\/ar-series-messer-k-1\/#breadcrumb"},"inLanguage":"de","potentialAction":[{"@type":"ReadAction","target":["https:\/\/ueberlebenskunst.at\/survivalshop\/shop\/ar-series-messer-k-1\/"]}]},{"@type":"ImageObject","inLanguage":"de","@id":"https:\/\/ueberlebenskunst.at\/survivalshop\/shop\/ar-series-messer-k-1\/#primaryimage","url":"https:\/\/ueberlebenskunst.at\/survivalshop\/wp-content\/uploads\/2022\/11\/k1.jpg","contentUrl":"https:\/\/ueberlebenskunst.at\/survivalshop\/wp-content\/uploads\/2022\/11\/k1.jpg","width":450,"height":347},{"@type":"BreadcrumbList","@id":"https:\/\/ueberlebenskunst.at\/survivalshop\/shop\/ar-series-messer-k-1\/#breadcrumb","itemListElement":[{"@type":"ListItem","position":1,"name":"Startseite","item":"https:\/\/ueberlebenskunst.at\/survivalshop\/"},{"@type":"ListItem","position":2,"name":"Shop","item":"https:\/\/ueberlebenskunst.at\/survivalshop\/shop\/"},{"@type":"ListItem","position":3,"name":"AR-Series Messer &#8220;K-1&#8221; Reini Rossmann Edition"}]},{"@type":"WebSite","@id":"https:\/\/ueberlebenskunst.at\/survivalshop\/#website","url":"https:\/\/ueberlebenskunst.at\/survivalshop\/","name":"Reini Rossmann - Survival Shop","description":"Survival Shop f\u00fcr Survival, Bushcraft und Prepper","potentialAction":[{"@type":"SearchAction","target":{"@type":"EntryPoint","urlTemplate":"https:\/\/ueberlebenskunst.at\/survivalshop\/?s={search_term_string}"},"query-input":{"@type":"PropertyValueSpecification","valueRequired":true,"valueName":"search_term_string"}}],"inLanguage":"de"}]}},"_links":{"self":[{"href":"https:\/\/ueberlebenskunst.at\/survivalshop\/wp-json\/wp\/v2\/product\/119190","targetHints":{"allow":["GET"]}}],"collection":[{"href":"https:\/\/ueberlebenskunst.at\/survivalshop\/wp-json\/wp\/v2\/product"}],"about":[{"href":"https:\/\/ueberlebenskunst.at\/survivalshop\/wp-json\/wp\/v2\/types\/product"}],"replies":[{"embeddable":true,"href":"https:\/\/ueberlebenskunst.at\/survivalshop\/wp-json\/wp\/v2\/comments?post=119190"}],"wp:featuredmedia":[{"embeddable":true,"href":"https:\/\/ueberlebenskunst.at\/survivalshop\/wp-json\/wp\/v2\/media\/121681"}],"wp:attachment":[{"href":"https:\/\/ueberlebenskunst.at\/survivalshop\/wp-json\/wp\/v2\/media?parent=119190"}],"wp:term":[{"taxonomy":"product_brand","embeddable":true,"href":"https:\/\/ueberlebenskunst.at\/survivalshop\/wp-json\/wp\/v2\/product_brand?post=119190"},{"taxonomy":"product_cat","embeddable":true,"href":"https:\/\/ueberlebenskunst.at\/survivalshop\/wp-json\/wp\/v2\/product_cat?post=119190"},{"taxonomy":"product_tag","embeddable":true,"href":"https:\/\/ueberlebenskunst.at\/survivalshop\/wp-json\/wp\/v2\/product_tag?post=119190"}],"curies":[{"name":"wp","href":"https:\/\/api.w.org\/{rel}","templated":true}]}}