{"id":117902,"date":"2022-11-20T18:36:31","date_gmt":"2022-11-20T17:36:31","guid":{"rendered":"https:\/\/ueberlebenskunst.at\/survivalshop\/?post_type=product&#038;p=117902"},"modified":"2025-07-14T07:36:09","modified_gmt":"2025-07-14T05:36:09","slug":"modularer-pfeilkoecher","status":"seo-produkt","type":"product","link":"https:\/\/ueberlebenskunst.at\/survivalshop\/shop\/modularer-pfeilkoecher\/","title":{"rendered":"Modularer Pfeilk\u00f6cher f\u00fcr Pistolen Armbrust Bolzen"},"content":{"rendered":"<p>Unser modularer Pfeilk\u00f6cher ist ein richtiger Tausendsassa. Du kannst den K\u00f6cher auf folgende Arten montieren:<\/p>\n<ul>\n<li>auf unsere Universal Halterungen via <a href=\"https:\/\/ueberlebenskunst.at\/survivalshop\/shop\/montageblock\/\">Montageblock 19<\/a><\/li>\n<li>mit unserem <a href=\"https:\/\/ueberlebenskunst.at\/survivalshop\/shop\/multi-mount-fuer-stinger-2\/\">Multi Mount Pica-Adapter<\/a> auf eine Picatinny Schiene<\/li>\n<li>ein <a href=\"https:\/\/ueberlebenskunst.at\/survivalshop\/shop\/tek-lok\/\">Tek-Lok<\/a> am G\u00fcrtel oder auf einem Molle System<\/li>\n<\/ul>\n<p>Der modulare Pfeilk\u00f6cher ist mit Jagdspitzen, <a href=\"https:\/\/ueberlebenskunst.at\/survivalshop\/shop\/ar-series-carbon-bodkinpfeile-6-stk-set\/\" target=\"_blank\" rel=\"noopener\">Bodkins<\/a> und <a href=\"https:\/\/ueberlebenskunst.at\/survivalshop\/shop\/aluminiumpfeile-6-fuer-pistolenarmbrust\/\">\u00dcbungspfeilen<\/a> mit einem Schaftdurchmesser von ca 6,3 mm von herk\u00f6mmlichen Pistolenarmbr\u00fcsten kompatibel.<\/p>\n<h3>Lieferumfang:<\/h3>\n<ul>\n<li>1 Stk. modularer Pfeilk\u00f6cher<\/li>\n<li>2 Stk. M4 Schrauben inkl. Mutter zur Montage<\/li>\n<li>1 Stk. Inbusschl\u00fcssel<\/li>\n<\/ul>\n<h3><strong>Bedienungs- &amp; Pflegeanleitung:<\/strong><\/h3>\n<ul>\n<li>Die Reinigung mit Wasser ist m\u00f6glich.<\/li>\n<li>Du solltest das Produkt nicht direkt in die N\u00e4he von Feuer oder anderen Hitzequellen legen!<\/li>\n<li>Wird es \u00fcber l\u00e4ngere Zeit sehr kalten Temperaturen unter 0 \u00b0C ausgesetzt, solltest du in dem Moment darauf achten, dass keine starken Belastungen darauf einwirken.<\/li>\n<\/ul>\n<p>Unsere Produkte sind nicht f\u00fcr Kinder unter 3 Jahren geeignet. Es besteht Verschluckungsgefahr.<\/p>\n<p><a href=\"https:\/\/ueberlebenskunst.at\/survivalshop\/wp-content\/uploads\/2021\/11\/Logo_Kinder.png\"><img decoding=\"async\" class=\"alignnone size-medium wp-image-179571\" src=\"https:\/\/ueberlebenskunst.at\/survivalshop\/wp-content\/uploads\/2021\/11\/Logo_Kinder-300x126.png\" alt=\"\" width=\"300\" height=\"126\" srcset=\"https:\/\/ueberlebenskunst.at\/survivalshop\/wp-content\/uploads\/2021\/11\/Logo_Kinder-300x126.png 300w, https:\/\/ueberlebenskunst.at\/survivalshop\/wp-content\/uploads\/2021\/11\/Logo_Kinder-64x27.png 64w, https:\/\/ueberlebenskunst.at\/survivalshop\/wp-content\/uploads\/2021\/11\/Logo_Kinder.png 401w\" sizes=\"(max-width: 300px) 100vw, 300px\" \/><\/a><\/p>\n","protected":false},"excerpt":{"rendered":"<p>Unser modularer Pfeilk\u00f6cher ist ein richtiger Tausendsassa. Du kannst den K\u00f6cher auf folgende Arten montieren: auf unsere Universal Halterungen via Montageblock 19 mit unserem Multi Mount Pica-Adapter auf eine Picatinny Schiene ein Tek-Lok am G\u00fcrtel oder auf einem Molle System Der modulare Pfeilk\u00f6cher ist mit Jagdspitzen, Bodkins und \u00dcbungspfeilen mit einem Schaftdurchmesser von ca 6,3 [&hellip;]<\/p>\n","protected":false},"featured_media":144886,"comment_status":"open","ping_status":"closed","template":"","meta":{"_acf_changed":false},"product_brand":[],"product_cat":[1770,1771,1769,1772,1768],"product_tag":[533,1461,1230],"class_list":{"0":"post-117902","1":"product","2":"type-product","3":"status-seo-produkt","4":"has-post-thumbnail","6":"product_cat-ek-archery-adder","7":"product_cat-ek-archery-siege","8":"product_cat-ek-archery-vlad-bogensport-zubehoer","9":"product_cat-man-kung-alligator","10":"product_cat-steambow-stinger","11":"product_tag-armbrust-pfeile","12":"product_tag-modulare-pfeilkoecher-by-reini-rossmann","13":"product_tag-pfeilkoecher","14":"pa_farbe-gruen","15":"pa_farbe-schwarz","17":"first","18":"outofstock","19":"taxable","20":"shipping-taxable","21":"product-type-variable","22":"has-default-attributes"},"acf":[],"yoast_head":"<!-- This site is optimized with the Yoast SEO plugin v27.1.1 - https:\/\/yoast.com\/product\/yoast-seo-wordpress\/ -->\n<title>Modularer Pfeilk\u00f6cher f\u00fcr Pistolen Armbrust Bolzen - Reini Rossmann - Survival Shop<\/title>\n<meta name=\"description\" content=\"Der modulare Pfeilk\u00f6cher ist mit Jagdspitzen, Bodkins und \u00dcbungspfeilen von herk\u00f6mmlichen Pistolenarmbr\u00fcsten kompatibel.\" \/>\n<meta name=\"robots\" content=\"index, follow, max-snippet:-1, max-image-preview:large, max-video-preview:-1\" \/>\n<link rel=\"canonical\" href=\"https:\/\/ueberlebenskunst.at\/survivalshop\/shop\/modularer-pfeilkoecher\/\" \/>\n<meta property=\"og:locale\" content=\"de_DE\" \/>\n<meta property=\"og:type\" content=\"article\" \/>\n<meta property=\"og:title\" content=\"Modularer Pfeilk\u00f6cher f\u00fcr Pistolen Armbrust Bolzen - Reini Rossmann - Survival Shop\" \/>\n<meta property=\"og:description\" content=\"Der modulare Pfeilk\u00f6cher ist mit Jagdspitzen, Bodkins und \u00dcbungspfeilen von herk\u00f6mmlichen Pistolenarmbr\u00fcsten kompatibel.\" \/>\n<meta property=\"og:url\" content=\"https:\/\/ueberlebenskunst.at\/survivalshop\/shop\/modularer-pfeilkoecher\/\" \/>\n<meta property=\"og:site_name\" content=\"Reini Rossmann - Survival Shop\" \/>\n<meta property=\"article:publisher\" content=\"https:\/\/www.facebook.com\/survival24.org\/\" \/>\n<meta property=\"article:modified_time\" content=\"2025-07-14T05:36:09+00:00\" \/>\n<meta property=\"og:image\" content=\"https:\/\/ueberlebenskunst.at\/survivalshop\/wp-content\/uploads\/2022\/11\/Modularer_Pfeilkoecher_Pistolen_Armbrust_Bolzen_schwarz_3PK_Bolzen_sk.jpg\" \/>\n\t<meta property=\"og:image:width\" content=\"400\" \/>\n\t<meta property=\"og:image:height\" content=\"400\" \/>\n\t<meta property=\"og:image:type\" content=\"image\/jpeg\" \/>\n<meta name=\"twitter:card\" content=\"summary_large_image\" \/>\n<meta name=\"twitter:label1\" content=\"Gesch\u00e4tzte Lesezeit\" \/>\n\t<meta name=\"twitter:data1\" content=\"2\u00a0Minuten\" \/>\n<script type=\"application\/ld+json\" class=\"yoast-schema-graph\">{\"@context\":\"https:\/\/schema.org\",\"@graph\":[{\"@type\":\"WebPage\",\"@id\":\"https:\/\/ueberlebenskunst.at\/survivalshop\/shop\/modularer-pfeilkoecher\/\",\"url\":\"https:\/\/ueberlebenskunst.at\/survivalshop\/shop\/modularer-pfeilkoecher\/\",\"name\":\"Modularer Pfeilk\u00f6cher f\u00fcr Pistolen Armbrust Bolzen - Reini Rossmann - Survival Shop\",\"isPartOf\":{\"@id\":\"https:\/\/ueberlebenskunst.at\/survivalshop\/#website\"},\"primaryImageOfPage\":{\"@id\":\"https:\/\/ueberlebenskunst.at\/survivalshop\/shop\/modularer-pfeilkoecher\/#primaryimage\"},\"image\":{\"@id\":\"https:\/\/ueberlebenskunst.at\/survivalshop\/shop\/modularer-pfeilkoecher\/#primaryimage\"},\"thumbnailUrl\":\"https:\/\/ueberlebenskunst.at\/survivalshop\/wp-content\/uploads\/2022\/11\/Modularer_Pfeilkoecher_Pistolen_Armbrust_Bolzen_schwarz_3PK_Bolzen_sk.jpg\",\"datePublished\":\"2022-11-20T17:36:31+00:00\",\"dateModified\":\"2025-07-14T05:36:09+00:00\",\"description\":\"Der modulare Pfeilk\u00f6cher ist mit Jagdspitzen, Bodkins und \u00dcbungspfeilen von herk\u00f6mmlichen Pistolenarmbr\u00fcsten kompatibel.\",\"breadcrumb\":{\"@id\":\"https:\/\/ueberlebenskunst.at\/survivalshop\/shop\/modularer-pfeilkoecher\/#breadcrumb\"},\"inLanguage\":\"de\",\"potentialAction\":[{\"@type\":\"ReadAction\",\"target\":[\"https:\/\/ueberlebenskunst.at\/survivalshop\/shop\/modularer-pfeilkoecher\/\"]}]},{\"@type\":\"ImageObject\",\"inLanguage\":\"de\",\"@id\":\"https:\/\/ueberlebenskunst.at\/survivalshop\/shop\/modularer-pfeilkoecher\/#primaryimage\",\"url\":\"https:\/\/ueberlebenskunst.at\/survivalshop\/wp-content\/uploads\/2022\/11\/Modularer_Pfeilkoecher_Pistolen_Armbrust_Bolzen_schwarz_3PK_Bolzen_sk.jpg\",\"contentUrl\":\"https:\/\/ueberlebenskunst.at\/survivalshop\/wp-content\/uploads\/2022\/11\/Modularer_Pfeilkoecher_Pistolen_Armbrust_Bolzen_schwarz_3PK_Bolzen_sk.jpg\",\"width\":400,\"height\":400},{\"@type\":\"BreadcrumbList\",\"@id\":\"https:\/\/ueberlebenskunst.at\/survivalshop\/shop\/modularer-pfeilkoecher\/#breadcrumb\",\"itemListElement\":[{\"@type\":\"ListItem\",\"position\":1,\"name\":\"Startseite\",\"item\":\"https:\/\/ueberlebenskunst.at\/survivalshop\/\"},{\"@type\":\"ListItem\",\"position\":2,\"name\":\"Shop\",\"item\":\"https:\/\/ueberlebenskunst.at\/survivalshop\/shop\/\"},{\"@type\":\"ListItem\",\"position\":3,\"name\":\"Modularer Pfeilk\u00f6cher f\u00fcr Pistolen Armbrust Bolzen\"}]},{\"@type\":\"WebSite\",\"@id\":\"https:\/\/ueberlebenskunst.at\/survivalshop\/#website\",\"url\":\"https:\/\/ueberlebenskunst.at\/survivalshop\/\",\"name\":\"Reini Rossmann - Survival Shop\",\"description\":\"Survival Shop f\u00fcr Survival, Bushcraft und Prepper\",\"potentialAction\":[{\"@type\":\"SearchAction\",\"target\":{\"@type\":\"EntryPoint\",\"urlTemplate\":\"https:\/\/ueberlebenskunst.at\/survivalshop\/?s={search_term_string}\"},\"query-input\":{\"@type\":\"PropertyValueSpecification\",\"valueRequired\":true,\"valueName\":\"search_term_string\"}}],\"inLanguage\":\"de\"}]}<\/script>\n<!-- \/ Yoast SEO plugin. -->","yoast_head_json":{"title":"Modularer Pfeilk\u00f6cher f\u00fcr Pistolen Armbrust Bolzen - Reini Rossmann - Survival Shop","description":"Der modulare Pfeilk\u00f6cher ist mit Jagdspitzen, Bodkins und \u00dcbungspfeilen von herk\u00f6mmlichen Pistolenarmbr\u00fcsten kompatibel.","robots":{"index":"index","follow":"follow","max-snippet":"max-snippet:-1","max-image-preview":"max-image-preview:large","max-video-preview":"max-video-preview:-1"},"canonical":"https:\/\/ueberlebenskunst.at\/survivalshop\/shop\/modularer-pfeilkoecher\/","og_locale":"de_DE","og_type":"article","og_title":"Modularer Pfeilk\u00f6cher f\u00fcr Pistolen Armbrust Bolzen - Reini Rossmann - Survival Shop","og_description":"Der modulare Pfeilk\u00f6cher ist mit Jagdspitzen, Bodkins und \u00dcbungspfeilen von herk\u00f6mmlichen Pistolenarmbr\u00fcsten kompatibel.","og_url":"https:\/\/ueberlebenskunst.at\/survivalshop\/shop\/modularer-pfeilkoecher\/","og_site_name":"Reini Rossmann - Survival Shop","article_publisher":"https:\/\/www.facebook.com\/survival24.org\/","article_modified_time":"2025-07-14T05:36:09+00:00","og_image":[{"width":400,"height":400,"url":"https:\/\/ueberlebenskunst.at\/survivalshop\/wp-content\/uploads\/2022\/11\/Modularer_Pfeilkoecher_Pistolen_Armbrust_Bolzen_schwarz_3PK_Bolzen_sk.jpg","type":"image\/jpeg"}],"twitter_card":"summary_large_image","twitter_misc":{"Gesch\u00e4tzte Lesezeit":"2\u00a0Minuten"},"schema":{"@context":"https:\/\/schema.org","@graph":[{"@type":"WebPage","@id":"https:\/\/ueberlebenskunst.at\/survivalshop\/shop\/modularer-pfeilkoecher\/","url":"https:\/\/ueberlebenskunst.at\/survivalshop\/shop\/modularer-pfeilkoecher\/","name":"Modularer Pfeilk\u00f6cher f\u00fcr Pistolen Armbrust Bolzen - Reini Rossmann - Survival Shop","isPartOf":{"@id":"https:\/\/ueberlebenskunst.at\/survivalshop\/#website"},"primaryImageOfPage":{"@id":"https:\/\/ueberlebenskunst.at\/survivalshop\/shop\/modularer-pfeilkoecher\/#primaryimage"},"image":{"@id":"https:\/\/ueberlebenskunst.at\/survivalshop\/shop\/modularer-pfeilkoecher\/#primaryimage"},"thumbnailUrl":"https:\/\/ueberlebenskunst.at\/survivalshop\/wp-content\/uploads\/2022\/11\/Modularer_Pfeilkoecher_Pistolen_Armbrust_Bolzen_schwarz_3PK_Bolzen_sk.jpg","datePublished":"2022-11-20T17:36:31+00:00","dateModified":"2025-07-14T05:36:09+00:00","description":"Der modulare Pfeilk\u00f6cher ist mit Jagdspitzen, Bodkins und \u00dcbungspfeilen von herk\u00f6mmlichen Pistolenarmbr\u00fcsten kompatibel.","breadcrumb":{"@id":"https:\/\/ueberlebenskunst.at\/survivalshop\/shop\/modularer-pfeilkoecher\/#breadcrumb"},"inLanguage":"de","potentialAction":[{"@type":"ReadAction","target":["https:\/\/ueberlebenskunst.at\/survivalshop\/shop\/modularer-pfeilkoecher\/"]}]},{"@type":"ImageObject","inLanguage":"de","@id":"https:\/\/ueberlebenskunst.at\/survivalshop\/shop\/modularer-pfeilkoecher\/#primaryimage","url":"https:\/\/ueberlebenskunst.at\/survivalshop\/wp-content\/uploads\/2022\/11\/Modularer_Pfeilkoecher_Pistolen_Armbrust_Bolzen_schwarz_3PK_Bolzen_sk.jpg","contentUrl":"https:\/\/ueberlebenskunst.at\/survivalshop\/wp-content\/uploads\/2022\/11\/Modularer_Pfeilkoecher_Pistolen_Armbrust_Bolzen_schwarz_3PK_Bolzen_sk.jpg","width":400,"height":400},{"@type":"BreadcrumbList","@id":"https:\/\/ueberlebenskunst.at\/survivalshop\/shop\/modularer-pfeilkoecher\/#breadcrumb","itemListElement":[{"@type":"ListItem","position":1,"name":"Startseite","item":"https:\/\/ueberlebenskunst.at\/survivalshop\/"},{"@type":"ListItem","position":2,"name":"Shop","item":"https:\/\/ueberlebenskunst.at\/survivalshop\/shop\/"},{"@type":"ListItem","position":3,"name":"Modularer Pfeilk\u00f6cher f\u00fcr Pistolen Armbrust Bolzen"}]},{"@type":"WebSite","@id":"https:\/\/ueberlebenskunst.at\/survivalshop\/#website","url":"https:\/\/ueberlebenskunst.at\/survivalshop\/","name":"Reini Rossmann - Survival Shop","description":"Survival Shop f\u00fcr Survival, Bushcraft und Prepper","potentialAction":[{"@type":"SearchAction","target":{"@type":"EntryPoint","urlTemplate":"https:\/\/ueberlebenskunst.at\/survivalshop\/?s={search_term_string}"},"query-input":{"@type":"PropertyValueSpecification","valueRequired":true,"valueName":"search_term_string"}}],"inLanguage":"de"}]}},"_links":{"self":[{"href":"https:\/\/ueberlebenskunst.at\/survivalshop\/wp-json\/wp\/v2\/product\/117902","targetHints":{"allow":["GET"]}}],"collection":[{"href":"https:\/\/ueberlebenskunst.at\/survivalshop\/wp-json\/wp\/v2\/product"}],"about":[{"href":"https:\/\/ueberlebenskunst.at\/survivalshop\/wp-json\/wp\/v2\/types\/product"}],"replies":[{"embeddable":true,"href":"https:\/\/ueberlebenskunst.at\/survivalshop\/wp-json\/wp\/v2\/comments?post=117902"}],"wp:featuredmedia":[{"embeddable":true,"href":"https:\/\/ueberlebenskunst.at\/survivalshop\/wp-json\/wp\/v2\/media\/144886"}],"wp:attachment":[{"href":"https:\/\/ueberlebenskunst.at\/survivalshop\/wp-json\/wp\/v2\/media?parent=117902"}],"wp:term":[{"taxonomy":"product_brand","embeddable":true,"href":"https:\/\/ueberlebenskunst.at\/survivalshop\/wp-json\/wp\/v2\/product_brand?post=117902"},{"taxonomy":"product_cat","embeddable":true,"href":"https:\/\/ueberlebenskunst.at\/survivalshop\/wp-json\/wp\/v2\/product_cat?post=117902"},{"taxonomy":"product_tag","embeddable":true,"href":"https:\/\/ueberlebenskunst.at\/survivalshop\/wp-json\/wp\/v2\/product_tag?post=117902"}],"curies":[{"name":"wp","href":"https:\/\/api.w.org\/{rel}","templated":true}]}}