{"id":117703,"date":"2022-11-18T20:53:43","date_gmt":"2022-11-18T19:53:43","guid":{"rendered":"https:\/\/ueberlebenskunst.at\/survivalshop\/?post_type=product&#038;p=117703"},"modified":"2026-04-17T10:21:43","modified_gmt":"2026-04-17T08:21:43","slug":"ar-series-carbon-bodkinpfeile-6-stk-set","status":"publish","type":"product","link":"https:\/\/ueberlebenskunst.at\/survivalshop\/shop\/ar-series-carbon-bodkinpfeile-6-stk-set\/","title":{"rendered":"AR-Series Carbon-Bodkinpfeile \u2013 6 Stk. Set"},"content":{"rendered":"<p>In diesen Varianten erh\u00e4ltlich:<\/p>\n<h3>Carbonpfeile &#8211; leichte Bodkinpfeile<\/h3>\n<p><strong>Produktdaten:<\/strong><\/p>\n<ul>\n<li>Leichte Bodkinpfeile f\u00fcr die AR-6 Stinger II und I<\/li>\n<li>Dimensionen: 6,2 x 162 mm<\/li>\n<li>Gewicht: 9,8 g \/ 151 grains<\/li>\n<li>Lieferumfang: 6 St\u00fcck<\/li>\n<\/ul>\n<p>Die leichten Bodkinpfeile sind ideal f\u00fcr 35 bis 75 lbs und verf\u00fcgen \u00fcber einen reinen Carbonschaft, eine eingeklebte Spitze aus geh\u00e4rtetem Werkzeugstahl, sowie eine Nocke aus hochwertigem Polymer.<\/p>\n<p>Die schwarz markierten Bodkinpfeile verf\u00fcgen \u00fcber eine scharfkantige Spitze aus geh\u00e4rtetem Werkzeugstahl und sind schwerer als unsere Sportpfeile. Durch das h\u00f6here Gewicht und die harte Spitze haben diese Pfeile eine enorme Durchschlagskraft. Obwohl sie \u00fcber keine Klinge verf\u00fcgen, verursachen diese Pfeile deutlich schwerere Wunden als Sportpfeile. Dies in Kombination mit der Eigenschaft, Ziele besonders gut zu durchdringen, macht diese Pfeile besonders gef\u00e4hrlich. Daher ist im Umgang mit Bodkinpfeilen besondere Vorsicht geboten und es werden bessere Zielmedien ben\u00f6tigt. Achtung: Durch die scharfen Kanten an der Pfeilspitze wird das Zielmedium f\u00f6rmlich zerschnitten, die Bodkinpfeile verursachen damit einen wesentlich h\u00f6heren Verschlei\u00df der Zielscheibe als Sportpfeile. F\u00fcr regelm\u00e4\u00dfiges Training sind diese Pfeile daher nur bedingt zu empfehlen.<\/p>\n<h3><\/h3>\n<h3>Carbonpfeile &#8211; schwere Bodkinpfeile<\/h3>\n<p><strong>Produktdaten:<\/strong><\/p>\n<ul>\n<li>Schwere Bodkinpfeile f\u00fcr die AR-6 Stinger II und I<\/li>\n<li>Dimensionen: 6,2 x 162 mm<\/li>\n<li>Gewicht: 14,8 g \/ 228 grains<\/li>\n<li>Lieferumfang: 6 St\u00fcck<\/li>\n<\/ul>\n<p>Die schweren Bodkinpfeile (erkennbar an dem zus\u00e4tzlichen Edelstahlring) sind f\u00fcr die st\u00e4rkeren Wurfarme entwickelt (90 bis 120 lbs). Sie verf\u00fcgen \u00fcber eine hochwertige Aluminiumnocke und haben einen Carbon\/Aluminium Hybridschaft, d.h. im Inneren des Carbonschafts befindet sich noch ein zus\u00e4tzlicher Aluminiumschaft. Diese aufwendige Konstruktion ist f\u00fcr die hervorragenden Flugeigenschaften verantwortlich und f\u00fchrt zu extrem robusten Pfeilen. Mit fast 15 Gramm sind diese Pfeile deutlich schwerer als die meisten Pistolenarmbrustpfeile und verf\u00fcgen \u00fcber einen besonders hohen Impuls beim Auftreffen auf das Ziel. Harte Zielmedien wie Blech oder Glas lassen sich damit leichter durchdringen.<\/p>\n<p>Die schwarz markierten Bodkinpfeile verf\u00fcgen \u00fcber eine scharfkantige Spitze aus geh\u00e4rtetem Werkzeugstahl und sind schwerer als unsere Sportpfeile. Durch das h\u00f6here Gewicht und die harte Spitze haben diese Pfeile eine enorme Durchschlagskraft. Obwohl sie \u00fcber keine Klinge verf\u00fcgen, verursachen diese Pfeile deutlich schwerere Wunden als Sportpfeile. Dies in Kombination mit der Eigenschaft, Ziele besonders gut zu durchdringen, macht diese Pfeile besonders gef\u00e4hrlich. Daher ist im Umgang mit Bodkinpfeilen besondere Vorsicht geboten und es werden bessere Zielmedien ben\u00f6tigt. Achtung: Durch die scharfen Kanten an der Pfeilspitze wird das Zielmedium f\u00f6rmlich zerschnitten, die Bodkinpfeile verursachen damit einen wesentlich h\u00f6heren Verschlei\u00df der Zielscheibe als Sportpfeile. F\u00fcr regelm\u00e4\u00dfiges Training sind diese Pfeile daher nur bedingt zu empfehlen.<\/p>\n","protected":false},"excerpt":{"rendered":"<p>In diesen Varianten erh\u00e4ltlich: Carbonpfeile &#8211; leichte Bodkinpfeile Produktdaten: Leichte Bodkinpfeile f\u00fcr die AR-6 Stinger II und I Dimensionen: 6,2 x 162 mm Gewicht: 9,8 g \/ 151 grains Lieferumfang: 6 St\u00fcck Die leichten Bodkinpfeile sind ideal f\u00fcr 35 bis 75 lbs und verf\u00fcgen \u00fcber einen reinen Carbonschaft, eine eingeklebte Spitze aus geh\u00e4rtetem Werkzeugstahl, sowie [&hellip;]<\/p>\n","protected":false},"featured_media":130655,"comment_status":"open","ping_status":"closed","template":"","meta":{"_acf_changed":false},"product_brand":[],"product_cat":[1919],"product_tag":[1287,898,1459,826],"class_list":{"0":"post-117703","1":"product","2":"type-product","3":"status-publish","4":"has-post-thumbnail","6":"product_cat-steambow-pfeile-bolzen","7":"product_tag-bodkin","8":"product_tag-bolzen","9":"product_tag-steambow-carbon-bolzen","10":"product_tag-steambow-stinger","11":"pa_platform-carbon-bodkinpfeile","12":"pa_platform-leichte-bodkinpfeile","13":"pa_platform-schwere-bodkinpfeile","15":"first","16":"instock","17":"taxable","18":"shipping-taxable","19":"purchasable","20":"product-type-variable","21":"has-default-attributes"},"acf":[],"yoast_head":"<!-- This site is optimized with the Yoast SEO plugin v27.1.1 - https:\/\/yoast.com\/product\/yoast-seo-wordpress\/ -->\n<title>AR-Series Carbon-Bodkinpfeile \u2013 6 Stk. Set<\/title>\n<meta name=\"robots\" content=\"index, follow, max-snippet:-1, max-image-preview:large, max-video-preview:-1\" \/>\n<link rel=\"canonical\" href=\"https:\/\/ueberlebenskunst.at\/survivalshop\/shop\/ar-series-carbon-bodkinpfeile-6-stk-set\/\" \/>\n<meta property=\"og:locale\" content=\"de_DE\" \/>\n<meta property=\"og:type\" content=\"article\" \/>\n<meta property=\"og:title\" content=\"AR-Series Carbon-Bodkinpfeile \u2013 6 Stk. Set\" \/>\n<meta property=\"og:description\" content=\"In diesen Varianten erh\u00e4ltlich: Carbonpfeile &#8211; leichte Bodkinpfeile Produktdaten: Leichte Bodkinpfeile f\u00fcr die AR-6 Stinger II und I Dimensionen: 6,2 x 162 mm Gewicht: 9,8 g \/ 151 grains Lieferumfang: 6 St\u00fcck Die leichten Bodkinpfeile sind ideal f\u00fcr 35 bis 75 lbs und verf\u00fcgen \u00fcber einen reinen Carbonschaft, eine eingeklebte Spitze aus geh\u00e4rtetem Werkzeugstahl, sowie [&hellip;]\" \/>\n<meta property=\"og:url\" content=\"https:\/\/ueberlebenskunst.at\/survivalshop\/shop\/ar-series-carbon-bodkinpfeile-6-stk-set\/\" \/>\n<meta property=\"og:site_name\" content=\"Reini Rossmann - Survival Shop\" \/>\n<meta property=\"article:publisher\" content=\"https:\/\/www.facebook.com\/survival24.org\/\" \/>\n<meta property=\"article:modified_time\" content=\"2026-04-17T08:21:43+00:00\" \/>\n<meta property=\"og:image\" content=\"https:\/\/ueberlebenskunst.at\/survivalshop\/wp-content\/uploads\/2022\/11\/leichteBodkinpfeile.jpg\" \/>\n\t<meta property=\"og:image:width\" content=\"400\" \/>\n\t<meta property=\"og:image:height\" content=\"400\" \/>\n\t<meta property=\"og:image:type\" content=\"image\/jpeg\" \/>\n<meta name=\"twitter:card\" content=\"summary_large_image\" \/>\n<meta name=\"twitter:label1\" content=\"Gesch\u00e4tzte Lesezeit\" \/>\n\t<meta name=\"twitter:data1\" content=\"3\u00a0Minuten\" \/>\n<script type=\"application\/ld+json\" class=\"yoast-schema-graph\">{\"@context\":\"https:\/\/schema.org\",\"@graph\":[{\"@type\":\"WebPage\",\"@id\":\"https:\/\/ueberlebenskunst.at\/survivalshop\/shop\/ar-series-carbon-bodkinpfeile-6-stk-set\/\",\"url\":\"https:\/\/ueberlebenskunst.at\/survivalshop\/shop\/ar-series-carbon-bodkinpfeile-6-stk-set\/\",\"name\":\"AR-Series Carbon-Bodkinpfeile \u2013 6 Stk. Set\",\"isPartOf\":{\"@id\":\"https:\/\/ueberlebenskunst.at\/survivalshop\/#website\"},\"primaryImageOfPage\":{\"@id\":\"https:\/\/ueberlebenskunst.at\/survivalshop\/shop\/ar-series-carbon-bodkinpfeile-6-stk-set\/#primaryimage\"},\"image\":{\"@id\":\"https:\/\/ueberlebenskunst.at\/survivalshop\/shop\/ar-series-carbon-bodkinpfeile-6-stk-set\/#primaryimage\"},\"thumbnailUrl\":\"https:\/\/ueberlebenskunst.at\/survivalshop\/wp-content\/uploads\/2022\/11\/leichteBodkinpfeile.jpg\",\"datePublished\":\"2022-11-18T19:53:43+00:00\",\"dateModified\":\"2026-04-17T08:21:43+00:00\",\"breadcrumb\":{\"@id\":\"https:\/\/ueberlebenskunst.at\/survivalshop\/shop\/ar-series-carbon-bodkinpfeile-6-stk-set\/#breadcrumb\"},\"inLanguage\":\"de\",\"potentialAction\":[{\"@type\":\"ReadAction\",\"target\":[\"https:\/\/ueberlebenskunst.at\/survivalshop\/shop\/ar-series-carbon-bodkinpfeile-6-stk-set\/\"]}]},{\"@type\":\"ImageObject\",\"inLanguage\":\"de\",\"@id\":\"https:\/\/ueberlebenskunst.at\/survivalshop\/shop\/ar-series-carbon-bodkinpfeile-6-stk-set\/#primaryimage\",\"url\":\"https:\/\/ueberlebenskunst.at\/survivalshop\/wp-content\/uploads\/2022\/11\/leichteBodkinpfeile.jpg\",\"contentUrl\":\"https:\/\/ueberlebenskunst.at\/survivalshop\/wp-content\/uploads\/2022\/11\/leichteBodkinpfeile.jpg\",\"width\":400,\"height\":400},{\"@type\":\"BreadcrumbList\",\"@id\":\"https:\/\/ueberlebenskunst.at\/survivalshop\/shop\/ar-series-carbon-bodkinpfeile-6-stk-set\/#breadcrumb\",\"itemListElement\":[{\"@type\":\"ListItem\",\"position\":1,\"name\":\"Startseite\",\"item\":\"https:\/\/ueberlebenskunst.at\/survivalshop\/\"},{\"@type\":\"ListItem\",\"position\":2,\"name\":\"Shop\",\"item\":\"https:\/\/ueberlebenskunst.at\/survivalshop\/shop\/\"},{\"@type\":\"ListItem\",\"position\":3,\"name\":\"AR-Series Carbon-Bodkinpfeile \u2013 6 Stk. Set\"}]},{\"@type\":\"WebSite\",\"@id\":\"https:\/\/ueberlebenskunst.at\/survivalshop\/#website\",\"url\":\"https:\/\/ueberlebenskunst.at\/survivalshop\/\",\"name\":\"Reini Rossmann - Survival Shop\",\"description\":\"Survival Shop f\u00fcr Survival, Bushcraft und Prepper\",\"potentialAction\":[{\"@type\":\"SearchAction\",\"target\":{\"@type\":\"EntryPoint\",\"urlTemplate\":\"https:\/\/ueberlebenskunst.at\/survivalshop\/?s={search_term_string}\"},\"query-input\":{\"@type\":\"PropertyValueSpecification\",\"valueRequired\":true,\"valueName\":\"search_term_string\"}}],\"inLanguage\":\"de\"}]}<\/script>\n<!-- \/ Yoast SEO plugin. -->","yoast_head_json":{"title":"AR-Series Carbon-Bodkinpfeile \u2013 6 Stk. Set","robots":{"index":"index","follow":"follow","max-snippet":"max-snippet:-1","max-image-preview":"max-image-preview:large","max-video-preview":"max-video-preview:-1"},"canonical":"https:\/\/ueberlebenskunst.at\/survivalshop\/shop\/ar-series-carbon-bodkinpfeile-6-stk-set\/","og_locale":"de_DE","og_type":"article","og_title":"AR-Series Carbon-Bodkinpfeile \u2013 6 Stk. Set","og_description":"In diesen Varianten erh\u00e4ltlich: Carbonpfeile &#8211; leichte Bodkinpfeile Produktdaten: Leichte Bodkinpfeile f\u00fcr die AR-6 Stinger II und I Dimensionen: 6,2 x 162 mm Gewicht: 9,8 g \/ 151 grains Lieferumfang: 6 St\u00fcck Die leichten Bodkinpfeile sind ideal f\u00fcr 35 bis 75 lbs und verf\u00fcgen \u00fcber einen reinen Carbonschaft, eine eingeklebte Spitze aus geh\u00e4rtetem Werkzeugstahl, sowie [&hellip;]","og_url":"https:\/\/ueberlebenskunst.at\/survivalshop\/shop\/ar-series-carbon-bodkinpfeile-6-stk-set\/","og_site_name":"Reini Rossmann - Survival Shop","article_publisher":"https:\/\/www.facebook.com\/survival24.org\/","article_modified_time":"2026-04-17T08:21:43+00:00","og_image":[{"width":400,"height":400,"url":"https:\/\/ueberlebenskunst.at\/survivalshop\/wp-content\/uploads\/2022\/11\/leichteBodkinpfeile.jpg","type":"image\/jpeg"}],"twitter_card":"summary_large_image","twitter_misc":{"Gesch\u00e4tzte Lesezeit":"3\u00a0Minuten"},"schema":{"@context":"https:\/\/schema.org","@graph":[{"@type":"WebPage","@id":"https:\/\/ueberlebenskunst.at\/survivalshop\/shop\/ar-series-carbon-bodkinpfeile-6-stk-set\/","url":"https:\/\/ueberlebenskunst.at\/survivalshop\/shop\/ar-series-carbon-bodkinpfeile-6-stk-set\/","name":"AR-Series Carbon-Bodkinpfeile \u2013 6 Stk. Set","isPartOf":{"@id":"https:\/\/ueberlebenskunst.at\/survivalshop\/#website"},"primaryImageOfPage":{"@id":"https:\/\/ueberlebenskunst.at\/survivalshop\/shop\/ar-series-carbon-bodkinpfeile-6-stk-set\/#primaryimage"},"image":{"@id":"https:\/\/ueberlebenskunst.at\/survivalshop\/shop\/ar-series-carbon-bodkinpfeile-6-stk-set\/#primaryimage"},"thumbnailUrl":"https:\/\/ueberlebenskunst.at\/survivalshop\/wp-content\/uploads\/2022\/11\/leichteBodkinpfeile.jpg","datePublished":"2022-11-18T19:53:43+00:00","dateModified":"2026-04-17T08:21:43+00:00","breadcrumb":{"@id":"https:\/\/ueberlebenskunst.at\/survivalshop\/shop\/ar-series-carbon-bodkinpfeile-6-stk-set\/#breadcrumb"},"inLanguage":"de","potentialAction":[{"@type":"ReadAction","target":["https:\/\/ueberlebenskunst.at\/survivalshop\/shop\/ar-series-carbon-bodkinpfeile-6-stk-set\/"]}]},{"@type":"ImageObject","inLanguage":"de","@id":"https:\/\/ueberlebenskunst.at\/survivalshop\/shop\/ar-series-carbon-bodkinpfeile-6-stk-set\/#primaryimage","url":"https:\/\/ueberlebenskunst.at\/survivalshop\/wp-content\/uploads\/2022\/11\/leichteBodkinpfeile.jpg","contentUrl":"https:\/\/ueberlebenskunst.at\/survivalshop\/wp-content\/uploads\/2022\/11\/leichteBodkinpfeile.jpg","width":400,"height":400},{"@type":"BreadcrumbList","@id":"https:\/\/ueberlebenskunst.at\/survivalshop\/shop\/ar-series-carbon-bodkinpfeile-6-stk-set\/#breadcrumb","itemListElement":[{"@type":"ListItem","position":1,"name":"Startseite","item":"https:\/\/ueberlebenskunst.at\/survivalshop\/"},{"@type":"ListItem","position":2,"name":"Shop","item":"https:\/\/ueberlebenskunst.at\/survivalshop\/shop\/"},{"@type":"ListItem","position":3,"name":"AR-Series Carbon-Bodkinpfeile \u2013 6 Stk. Set"}]},{"@type":"WebSite","@id":"https:\/\/ueberlebenskunst.at\/survivalshop\/#website","url":"https:\/\/ueberlebenskunst.at\/survivalshop\/","name":"Reini Rossmann - Survival Shop","description":"Survival Shop f\u00fcr Survival, Bushcraft und Prepper","potentialAction":[{"@type":"SearchAction","target":{"@type":"EntryPoint","urlTemplate":"https:\/\/ueberlebenskunst.at\/survivalshop\/?s={search_term_string}"},"query-input":{"@type":"PropertyValueSpecification","valueRequired":true,"valueName":"search_term_string"}}],"inLanguage":"de"}]}},"_links":{"self":[{"href":"https:\/\/ueberlebenskunst.at\/survivalshop\/wp-json\/wp\/v2\/product\/117703","targetHints":{"allow":["GET"]}}],"collection":[{"href":"https:\/\/ueberlebenskunst.at\/survivalshop\/wp-json\/wp\/v2\/product"}],"about":[{"href":"https:\/\/ueberlebenskunst.at\/survivalshop\/wp-json\/wp\/v2\/types\/product"}],"replies":[{"embeddable":true,"href":"https:\/\/ueberlebenskunst.at\/survivalshop\/wp-json\/wp\/v2\/comments?post=117703"}],"wp:featuredmedia":[{"embeddable":true,"href":"https:\/\/ueberlebenskunst.at\/survivalshop\/wp-json\/wp\/v2\/media\/130655"}],"wp:attachment":[{"href":"https:\/\/ueberlebenskunst.at\/survivalshop\/wp-json\/wp\/v2\/media?parent=117703"}],"wp:term":[{"taxonomy":"product_brand","embeddable":true,"href":"https:\/\/ueberlebenskunst.at\/survivalshop\/wp-json\/wp\/v2\/product_brand?post=117703"},{"taxonomy":"product_cat","embeddable":true,"href":"https:\/\/ueberlebenskunst.at\/survivalshop\/wp-json\/wp\/v2\/product_cat?post=117703"},{"taxonomy":"product_tag","embeddable":true,"href":"https:\/\/ueberlebenskunst.at\/survivalshop\/wp-json\/wp\/v2\/product_tag?post=117703"}],"curies":[{"name":"wp","href":"https:\/\/api.w.org\/{rel}","templated":true}]}}