{"id":117698,"date":"2022-11-18T20:24:46","date_gmt":"2022-11-18T19:24:46","guid":{"rendered":"https:\/\/ueberlebenskunst.at\/survivalshop\/?post_type=product&#038;p=117698"},"modified":"2026-05-08T12:44:49","modified_gmt":"2026-05-08T10:44:49","slug":"ar-series-carbon-matchpfeile-10-stk-set","status":"publish","type":"product","link":"https:\/\/ueberlebenskunst.at\/survivalshop\/shop\/ar-series-carbon-matchpfeile-10-stk-set\/","title":{"rendered":"AR-Series Carbon-Matchpfeile \u2013 10 Stk. Set"},"content":{"rendered":"<h3>Carbon-Matchpfeile<\/h3>\n<p>Steambow bringt mit den neuen Carbonpfeilen eine Highend Serie an Armbrust Bolzen auf den Markt, die wirklich Premium sind. F\u00fcr die AR-6 Stinger 2 entwickelt, sind diese Armbrustpfeile nicht nur extrem robust, sondern bieten ebenfalls h\u00f6chste Pr\u00e4zision. Der entscheidende Pluspunkt ist und bleibt die Robustheit, denn diese Carbonbolzen verbiegen sich nicht. Das ist bei h\u00f6heren Zuggewichten, harten Zielscheiben oder bei \u00e4u\u00dferst kurzen Distanzen bei herk\u00f6mmlichen Alubolzen ein h\u00e4ufiges Problem. Ein Grund mehr auf <a href=\"https:\/\/ueberlebenskunst.at\/survivalshop\/produkt-schlagwort\/carbon-bolzen\/\">Carbonbolzen<\/a> zu setzen.<\/p>\n<p>F\u00fcr wen sind die Steambow \u201eMatchpfeile\u201c die richtige Wahl? Anspruchsvolle Armbrustsch\u00fctzen, die langlebige Bolzen suchen und denen ein reproduzierbares Treffer-Ergebnis wichtig ist. Steambow setzt auf pr\u00e4zise CNC-Fertigung bei den Edelstahlspitzen, verbaut einen durchgehenden Carbonschaft, der im Inneren eine Alumiuniumverst\u00e4rkung aufweist. Zus\u00e4tzlich bietet eine Aluminiumnocke auch bei h\u00f6heren Zuggewichten Stabilit\u00e4t.<\/p>\n<p>&nbsp;<\/p>\n<h3>Carbonpfeile &#8211; leichte Sportpfeile<\/h3>\n<h3><strong>Produktdaten:<\/strong><\/h3>\n<ul>\n<li>Leichte Sportpfeile f\u00fcr die AR-6 Stinger 2 und 1<\/li>\n<li>Dimensionen: 6,2 x 162 mm<\/li>\n<li>Gewicht: 9,4 g \/ 145 grains<\/li>\n<li>Lieferumfang: 10 Pfeile<\/li>\n<\/ul>\n<p>Die leichten Sportpfeile sind optimal f\u00fcr Wurfarme von 35 bis 75 lbs und bieten dank ihres niedrigen Gewichts eine hohe Pfeilgeschwindigkeit und flache Flugbahn. Sie verf\u00fcgen \u00fcber einen reinen Carbonschaft, eine eingeklebte Spitze und eine Nocke aus hochwertigem Polymer.<\/p>\n<p>Ambitionierten Sportsch\u00fctzen geht es um wiederholgenaue Ergebnisse und um gr\u00f6\u00dftm\u00f6gliche Schonung des Materials. Das regelm\u00e4\u00dfige Training steht im Vordergrund und das Ziel sind m\u00f6glichst gute Treffer beim Wettbewerb. Auf diese Anforderungen hin wurden diese Sportpfeile optimiert. M\u00f6glichst pr\u00e4zises Flugverhalten, auf die Wurfarme abgestimmtes Gewicht, eine sehr stabile Gesamtkonstruktion, sowie eine Spitze, welche die Zielscheibe so weit wie m\u00f6glich schont. Die Pfeile sind optisch sehr ansprechend farblich markiert, im Falle der Sportpfeile mit einem blau eloxierten Aluminiumring, sind aus Carbon gefertigt und verf\u00fcgen \u00fcber eine CNC-gedrehte \u00dcbungsspitze aus Edelstahl.<\/p>\n<p>&nbsp;<\/p>\n<h3>Carbonpfeile &#8211; schwere Sportpfeile<\/h3>\n<h3><strong>Produktdaten:<\/strong><\/h3>\n<ul>\n<li>Schwere Sportpfeile f\u00fcr die AR-6 Stinger 2 und 1<\/li>\n<li>Dimensionen: 6,2 x 162 mm<\/li>\n<li>Gewicht: 11,2 g \/ 172 grains<\/li>\n<li>Lieferumfang: 10 Pfeile<\/li>\n<\/ul>\n<p>Die schweren Sportpfeile (erkennbar an dem zus\u00e4tzlichen Edelstahlring) sind f\u00fcr die st\u00e4rkere Wurfarme entwickelt (90 bis 120 lbs). Sie verf\u00fcgen \u00fcber eine hochwertige Aluminiumnocke und haben einen Carbon\/Aluminium Hybridschaft, d.h. im Inneren des Carbonschafts befindet sich noch ein zus\u00e4tzlicher Aluminiumschaft. Diese aufwendige Konstruktion ist f\u00fcr die hervorragenden Flugeigenschaften verantwortlich und f\u00fchrt zu extrem robusten Pfeilen.<\/p>\n<p>Ambitionierten Sportsch\u00fctzen geht es um wiederholgenaue Ergebnisse und um gr\u00f6\u00dftm\u00f6gliche Schonung des Materials. Das regelm\u00e4\u00dfige Training steht im Vordergrund und das Ziel sind m\u00f6glichst gute Treffer beim Wettbewerb.<br \/>\nAuf diese Anforderungen hin haben wir diese Sportpfeile optimiert. M\u00f6glichst pr\u00e4zises Flugverhalten, auf die Wurfarme abgestimmtes Gewicht, eine sehr stabile Gesamtkonstruktion, sowie eine Spitze, welche die Zielscheibe so weit wie m\u00f6glich schont. Diese Pfeile sind optisch sehr ansprechend farblich markiert, im Falle der Sportpfeile mit einem blau eloxierten Aluminiumring, sind aus Carbon gefertigt und verf\u00fcgen \u00fcber eine CNC-gedrehte \u00dcbungsspitze aus Edelstahl.<\/p>\n","protected":false},"excerpt":{"rendered":"<p>Carbon-Matchpfeile Steambow bringt mit den neuen Carbonpfeilen eine Highend Serie an Armbrust Bolzen auf den Markt, die wirklich Premium sind. F\u00fcr die AR-6 Stinger 2 entwickelt, sind diese Armbrustpfeile nicht nur extrem robust, sondern bieten ebenfalls h\u00f6chste Pr\u00e4zision. Der entscheidende Pluspunkt ist und bleibt die Robustheit, denn diese Carbonbolzen verbiegen sich nicht. Das ist bei [&hellip;]<\/p>\n","protected":false},"featured_media":130651,"comment_status":"open","ping_status":"closed","template":"","meta":{"_acf_changed":false},"product_brand":[],"product_cat":[1919],"product_tag":[898,1462,1459,826],"class_list":{"0":"post-117698","1":"product","2":"type-product","3":"status-publish","4":"has-post-thumbnail","6":"product_cat-steambow-pfeile-bolzen","7":"product_tag-bolzen","8":"product_tag-sportpfeile","9":"product_tag-steambow-carbon-bolzen","10":"product_tag-steambow-stinger","11":"pa_platform-carbon-matchpfeile","12":"pa_platform-leichte-sportpfeile","13":"pa_platform-schwere-sportpfeile","15":"first","16":"instock","17":"taxable","18":"shipping-taxable","19":"purchasable","20":"product-type-variable","21":"has-default-attributes"},"acf":[],"yoast_head":"<!-- This site is optimized with the Yoast SEO plugin v27.1.1 - https:\/\/yoast.com\/product\/yoast-seo-wordpress\/ -->\n<title>AR-Series Carbon-Matchpfeile \u2013 10 Stk. Set<\/title>\n<meta name=\"description\" content=\"Steambow bringt mit den neuen Carbonpfeilen eine Highend Serie an Armbrust Bolzen auf den Markt, die wirklich Premium sind. F\u00fcr die AR-6 Stinger II entwickelt, sind diese Armbrustpfeile nicht nur extrem robust, sondern bieten ebenfalls h\u00f6chste Pr\u00e4zision.\" \/>\n<meta name=\"robots\" content=\"index, follow, max-snippet:-1, max-image-preview:large, max-video-preview:-1\" \/>\n<link rel=\"canonical\" href=\"https:\/\/ueberlebenskunst.at\/survivalshop\/shop\/ar-series-carbon-matchpfeile-10-stk-set\/\" \/>\n<meta property=\"og:locale\" content=\"de_DE\" \/>\n<meta property=\"og:type\" content=\"article\" \/>\n<meta property=\"og:title\" content=\"AR-Series Carbon-Matchpfeile \u2013 10 Stk. Set\" \/>\n<meta property=\"og:description\" content=\"Steambow bringt mit den neuen Carbonpfeilen eine Highend Serie an Armbrust Bolzen auf den Markt, die wirklich Premium sind. F\u00fcr die AR-6 Stinger II entwickelt, sind diese Armbrustpfeile nicht nur extrem robust, sondern bieten ebenfalls h\u00f6chste Pr\u00e4zision.\" \/>\n<meta property=\"og:url\" content=\"https:\/\/ueberlebenskunst.at\/survivalshop\/shop\/ar-series-carbon-matchpfeile-10-stk-set\/\" \/>\n<meta property=\"og:site_name\" content=\"Reini Rossmann - Survival Shop\" \/>\n<meta property=\"article:publisher\" content=\"https:\/\/www.facebook.com\/survival24.org\/\" \/>\n<meta property=\"article:modified_time\" content=\"2026-05-08T10:44:49+00:00\" \/>\n<meta property=\"og:image\" content=\"https:\/\/ueberlebenskunst.at\/survivalshop\/wp-content\/uploads\/2022\/11\/leichteSportpfeile.jpg\" \/>\n\t<meta property=\"og:image:width\" content=\"400\" \/>\n\t<meta property=\"og:image:height\" content=\"400\" \/>\n\t<meta property=\"og:image:type\" content=\"image\/jpeg\" \/>\n<meta name=\"twitter:card\" content=\"summary_large_image\" \/>\n<meta name=\"twitter:label1\" content=\"Gesch\u00e4tzte Lesezeit\" \/>\n\t<meta name=\"twitter:data1\" content=\"3\u00a0Minuten\" \/>\n<script type=\"application\/ld+json\" class=\"yoast-schema-graph\">{\"@context\":\"https:\/\/schema.org\",\"@graph\":[{\"@type\":\"WebPage\",\"@id\":\"https:\/\/ueberlebenskunst.at\/survivalshop\/shop\/ar-series-carbon-matchpfeile-10-stk-set\/\",\"url\":\"https:\/\/ueberlebenskunst.at\/survivalshop\/shop\/ar-series-carbon-matchpfeile-10-stk-set\/\",\"name\":\"AR-Series Carbon-Matchpfeile \u2013 10 Stk. Set\",\"isPartOf\":{\"@id\":\"https:\/\/ueberlebenskunst.at\/survivalshop\/#website\"},\"primaryImageOfPage\":{\"@id\":\"https:\/\/ueberlebenskunst.at\/survivalshop\/shop\/ar-series-carbon-matchpfeile-10-stk-set\/#primaryimage\"},\"image\":{\"@id\":\"https:\/\/ueberlebenskunst.at\/survivalshop\/shop\/ar-series-carbon-matchpfeile-10-stk-set\/#primaryimage\"},\"thumbnailUrl\":\"https:\/\/ueberlebenskunst.at\/survivalshop\/wp-content\/uploads\/2022\/11\/leichteSportpfeile.jpg\",\"datePublished\":\"2022-11-18T19:24:46+00:00\",\"dateModified\":\"2026-05-08T10:44:49+00:00\",\"description\":\"Steambow bringt mit den neuen Carbonpfeilen eine Highend Serie an Armbrust Bolzen auf den Markt, die wirklich Premium sind. F\u00fcr die AR-6 Stinger II entwickelt, sind diese Armbrustpfeile nicht nur extrem robust, sondern bieten ebenfalls h\u00f6chste Pr\u00e4zision.\",\"breadcrumb\":{\"@id\":\"https:\/\/ueberlebenskunst.at\/survivalshop\/shop\/ar-series-carbon-matchpfeile-10-stk-set\/#breadcrumb\"},\"inLanguage\":\"de\",\"potentialAction\":[{\"@type\":\"ReadAction\",\"target\":[\"https:\/\/ueberlebenskunst.at\/survivalshop\/shop\/ar-series-carbon-matchpfeile-10-stk-set\/\"]}]},{\"@type\":\"ImageObject\",\"inLanguage\":\"de\",\"@id\":\"https:\/\/ueberlebenskunst.at\/survivalshop\/shop\/ar-series-carbon-matchpfeile-10-stk-set\/#primaryimage\",\"url\":\"https:\/\/ueberlebenskunst.at\/survivalshop\/wp-content\/uploads\/2022\/11\/leichteSportpfeile.jpg\",\"contentUrl\":\"https:\/\/ueberlebenskunst.at\/survivalshop\/wp-content\/uploads\/2022\/11\/leichteSportpfeile.jpg\",\"width\":400,\"height\":400},{\"@type\":\"BreadcrumbList\",\"@id\":\"https:\/\/ueberlebenskunst.at\/survivalshop\/shop\/ar-series-carbon-matchpfeile-10-stk-set\/#breadcrumb\",\"itemListElement\":[{\"@type\":\"ListItem\",\"position\":1,\"name\":\"Startseite\",\"item\":\"https:\/\/ueberlebenskunst.at\/survivalshop\/\"},{\"@type\":\"ListItem\",\"position\":2,\"name\":\"Shop\",\"item\":\"https:\/\/ueberlebenskunst.at\/survivalshop\/shop\/\"},{\"@type\":\"ListItem\",\"position\":3,\"name\":\"AR-Series Carbon-Matchpfeile \u2013 10 Stk. Set\"}]},{\"@type\":\"WebSite\",\"@id\":\"https:\/\/ueberlebenskunst.at\/survivalshop\/#website\",\"url\":\"https:\/\/ueberlebenskunst.at\/survivalshop\/\",\"name\":\"Reini Rossmann - Survival Shop\",\"description\":\"Survival Shop f\u00fcr Survival, Bushcraft und Prepper\",\"potentialAction\":[{\"@type\":\"SearchAction\",\"target\":{\"@type\":\"EntryPoint\",\"urlTemplate\":\"https:\/\/ueberlebenskunst.at\/survivalshop\/?s={search_term_string}\"},\"query-input\":{\"@type\":\"PropertyValueSpecification\",\"valueRequired\":true,\"valueName\":\"search_term_string\"}}],\"inLanguage\":\"de\"}]}<\/script>\n<!-- \/ Yoast SEO plugin. -->","yoast_head_json":{"title":"AR-Series Carbon-Matchpfeile \u2013 10 Stk. Set","description":"Steambow bringt mit den neuen Carbonpfeilen eine Highend Serie an Armbrust Bolzen auf den Markt, die wirklich Premium sind. F\u00fcr die AR-6 Stinger II entwickelt, sind diese Armbrustpfeile nicht nur extrem robust, sondern bieten ebenfalls h\u00f6chste Pr\u00e4zision.","robots":{"index":"index","follow":"follow","max-snippet":"max-snippet:-1","max-image-preview":"max-image-preview:large","max-video-preview":"max-video-preview:-1"},"canonical":"https:\/\/ueberlebenskunst.at\/survivalshop\/shop\/ar-series-carbon-matchpfeile-10-stk-set\/","og_locale":"de_DE","og_type":"article","og_title":"AR-Series Carbon-Matchpfeile \u2013 10 Stk. Set","og_description":"Steambow bringt mit den neuen Carbonpfeilen eine Highend Serie an Armbrust Bolzen auf den Markt, die wirklich Premium sind. F\u00fcr die AR-6 Stinger II entwickelt, sind diese Armbrustpfeile nicht nur extrem robust, sondern bieten ebenfalls h\u00f6chste Pr\u00e4zision.","og_url":"https:\/\/ueberlebenskunst.at\/survivalshop\/shop\/ar-series-carbon-matchpfeile-10-stk-set\/","og_site_name":"Reini Rossmann - Survival Shop","article_publisher":"https:\/\/www.facebook.com\/survival24.org\/","article_modified_time":"2026-05-08T10:44:49+00:00","og_image":[{"width":400,"height":400,"url":"https:\/\/ueberlebenskunst.at\/survivalshop\/wp-content\/uploads\/2022\/11\/leichteSportpfeile.jpg","type":"image\/jpeg"}],"twitter_card":"summary_large_image","twitter_misc":{"Gesch\u00e4tzte Lesezeit":"3\u00a0Minuten"},"schema":{"@context":"https:\/\/schema.org","@graph":[{"@type":"WebPage","@id":"https:\/\/ueberlebenskunst.at\/survivalshop\/shop\/ar-series-carbon-matchpfeile-10-stk-set\/","url":"https:\/\/ueberlebenskunst.at\/survivalshop\/shop\/ar-series-carbon-matchpfeile-10-stk-set\/","name":"AR-Series Carbon-Matchpfeile \u2013 10 Stk. Set","isPartOf":{"@id":"https:\/\/ueberlebenskunst.at\/survivalshop\/#website"},"primaryImageOfPage":{"@id":"https:\/\/ueberlebenskunst.at\/survivalshop\/shop\/ar-series-carbon-matchpfeile-10-stk-set\/#primaryimage"},"image":{"@id":"https:\/\/ueberlebenskunst.at\/survivalshop\/shop\/ar-series-carbon-matchpfeile-10-stk-set\/#primaryimage"},"thumbnailUrl":"https:\/\/ueberlebenskunst.at\/survivalshop\/wp-content\/uploads\/2022\/11\/leichteSportpfeile.jpg","datePublished":"2022-11-18T19:24:46+00:00","dateModified":"2026-05-08T10:44:49+00:00","description":"Steambow bringt mit den neuen Carbonpfeilen eine Highend Serie an Armbrust Bolzen auf den Markt, die wirklich Premium sind. F\u00fcr die AR-6 Stinger II entwickelt, sind diese Armbrustpfeile nicht nur extrem robust, sondern bieten ebenfalls h\u00f6chste Pr\u00e4zision.","breadcrumb":{"@id":"https:\/\/ueberlebenskunst.at\/survivalshop\/shop\/ar-series-carbon-matchpfeile-10-stk-set\/#breadcrumb"},"inLanguage":"de","potentialAction":[{"@type":"ReadAction","target":["https:\/\/ueberlebenskunst.at\/survivalshop\/shop\/ar-series-carbon-matchpfeile-10-stk-set\/"]}]},{"@type":"ImageObject","inLanguage":"de","@id":"https:\/\/ueberlebenskunst.at\/survivalshop\/shop\/ar-series-carbon-matchpfeile-10-stk-set\/#primaryimage","url":"https:\/\/ueberlebenskunst.at\/survivalshop\/wp-content\/uploads\/2022\/11\/leichteSportpfeile.jpg","contentUrl":"https:\/\/ueberlebenskunst.at\/survivalshop\/wp-content\/uploads\/2022\/11\/leichteSportpfeile.jpg","width":400,"height":400},{"@type":"BreadcrumbList","@id":"https:\/\/ueberlebenskunst.at\/survivalshop\/shop\/ar-series-carbon-matchpfeile-10-stk-set\/#breadcrumb","itemListElement":[{"@type":"ListItem","position":1,"name":"Startseite","item":"https:\/\/ueberlebenskunst.at\/survivalshop\/"},{"@type":"ListItem","position":2,"name":"Shop","item":"https:\/\/ueberlebenskunst.at\/survivalshop\/shop\/"},{"@type":"ListItem","position":3,"name":"AR-Series Carbon-Matchpfeile \u2013 10 Stk. Set"}]},{"@type":"WebSite","@id":"https:\/\/ueberlebenskunst.at\/survivalshop\/#website","url":"https:\/\/ueberlebenskunst.at\/survivalshop\/","name":"Reini Rossmann - Survival Shop","description":"Survival Shop f\u00fcr Survival, Bushcraft und Prepper","potentialAction":[{"@type":"SearchAction","target":{"@type":"EntryPoint","urlTemplate":"https:\/\/ueberlebenskunst.at\/survivalshop\/?s={search_term_string}"},"query-input":{"@type":"PropertyValueSpecification","valueRequired":true,"valueName":"search_term_string"}}],"inLanguage":"de"}]}},"_links":{"self":[{"href":"https:\/\/ueberlebenskunst.at\/survivalshop\/wp-json\/wp\/v2\/product\/117698","targetHints":{"allow":["GET"]}}],"collection":[{"href":"https:\/\/ueberlebenskunst.at\/survivalshop\/wp-json\/wp\/v2\/product"}],"about":[{"href":"https:\/\/ueberlebenskunst.at\/survivalshop\/wp-json\/wp\/v2\/types\/product"}],"replies":[{"embeddable":true,"href":"https:\/\/ueberlebenskunst.at\/survivalshop\/wp-json\/wp\/v2\/comments?post=117698"}],"wp:featuredmedia":[{"embeddable":true,"href":"https:\/\/ueberlebenskunst.at\/survivalshop\/wp-json\/wp\/v2\/media\/130651"}],"wp:attachment":[{"href":"https:\/\/ueberlebenskunst.at\/survivalshop\/wp-json\/wp\/v2\/media?parent=117698"}],"wp:term":[{"taxonomy":"product_brand","embeddable":true,"href":"https:\/\/ueberlebenskunst.at\/survivalshop\/wp-json\/wp\/v2\/product_brand?post=117698"},{"taxonomy":"product_cat","embeddable":true,"href":"https:\/\/ueberlebenskunst.at\/survivalshop\/wp-json\/wp\/v2\/product_cat?post=117698"},{"taxonomy":"product_tag","embeddable":true,"href":"https:\/\/ueberlebenskunst.at\/survivalshop\/wp-json\/wp\/v2\/product_tag?post=117698"}],"curies":[{"name":"wp","href":"https:\/\/api.w.org\/{rel}","templated":true}]}}