{"id":115382,"date":"2022-11-11T08:30:06","date_gmt":"2022-11-11T07:30:06","guid":{"rendered":"https:\/\/ueberlebenskunst.at\/survivalshop\/?post_type=product&#038;p=115382"},"modified":"2025-05-20T16:10:13","modified_gmt":"2025-05-20T14:10:13","slug":"x-bow-fma-carbonbolzen-65-zoll-high-range-6er-pack","status":"seo-produkt","type":"product","link":"https:\/\/ueberlebenskunst.at\/survivalshop\/shop\/x-bow-fma-carbonbolzen-65-zoll-high-range-6er-pack\/","title":{"rendered":"X-BOW FMA Carbonbolzen 6,5 Zoll &#8211; High Range 6er Pack"},"content":{"rendered":"<p>Die X-BOW FMA Carbonbolzen sind f\u00fcr unterschiedliche Anspr\u00fcche und Einsatzzwecke konzipiert und ideal geeignet f\u00fcr alle Pistolenarmbr\u00fcste ohne Leerschusssicherung, die mit 6,5 Zoll Bolzen geschossen werden. Die High Range Variante ist f\u00fcr weitere Distanzen geeignet und verf\u00fcgt \u00fcber eine 55 Grain Spitze, die den Bolzen insgesamt etwas schwerer macht und ihn im Flug besser &#8220;zieht&#8221;.<\/p>\n<p><strong>Nicht mit dem Magazin der STEAMBOW AR-6 Stinger kompatibel.<\/strong><\/p>\n<p><strong>Produkt-Eigenschaften:<\/strong><\/p>\n<ul>\n<li>L\u00e4nge: 15,2 cm \/ ca. 6 Zoll<\/li>\n<li>Material (Schaft): Carbon<\/li>\n<li>\u00d8 au\u00dfen: 6,05 mm<\/li>\n<li>Gewicht: 125 gr<\/li>\n<li>Spitze: 55 gr<\/li>\n<li>Befiederung: 1,75 Zoll, Farbe: Gr\u00fcn<\/li>\n<li>Nocke: FlatNock, Schwarz, 2,8 gr<\/li>\n<\/ul>\n<p><strong>Lieferumfang:<\/strong> 6er Pack<\/p>\n","protected":false},"excerpt":{"rendered":"<p>Die X-BOW FMA Carbonbolzen sind f\u00fcr unterschiedliche Anspr\u00fcche und Einsatzzwecke konzipiert und ideal geeignet f\u00fcr alle Pistolenarmbr\u00fcste ohne Leerschusssicherung, die mit 6,5 Zoll Bolzen geschossen werden. Die High Range Variante ist f\u00fcr weitere Distanzen geeignet und verf\u00fcgt \u00fcber eine 55 Grain Spitze, die den Bolzen insgesamt etwas schwerer macht und ihn im Flug besser &#8220;zieht&#8221;. [&hellip;]<\/p>\n","protected":false},"featured_media":115398,"comment_status":"open","ping_status":"closed","template":"","meta":{"_acf_changed":false},"product_brand":[],"product_cat":[2389,1918],"product_tag":[898,2390,1226],"class_list":{"0":"post-115382","1":"product","2":"type-product","3":"status-seo-produkt","4":"has-post-thumbnail","6":"product_cat-flohmarkt","7":"product_cat-pfeile-bolzen","8":"product_tag-bolzen","9":"product_tag-flohmarkt","10":"product_tag-x-bow-fma","12":"first","13":"outofstock","14":"sale","15":"taxable","16":"shipping-taxable","17":"product-type-simple"},"acf":[],"yoast_head":"<!-- This site is optimized with the Yoast SEO plugin v27.1.1 - https:\/\/yoast.com\/product\/yoast-seo-wordpress\/ -->\n<title>X-BOW FMA Carbonbolzen 6,5 Zoll - High Range 6er Pack<\/title>\n<meta name=\"description\" content=\"Die X-BOW FMA Carbonbolzen sind f\u00fcr unterschiedliche Anspr\u00fcche und Einsatzzwecke konzipiert und ideal geeignet f\u00fcr alle Pistolenarmbr\u00fcste ohne Leerschusssicherung.\" \/>\n<meta name=\"robots\" content=\"index, follow, max-snippet:-1, max-image-preview:large, max-video-preview:-1\" \/>\n<link rel=\"canonical\" href=\"https:\/\/ueberlebenskunst.at\/survivalshop\/shop\/x-bow-fma-carbonbolzen-65-zoll-high-range-6er-pack\/\" \/>\n<meta property=\"og:locale\" content=\"de_DE\" \/>\n<meta property=\"og:type\" content=\"article\" \/>\n<meta property=\"og:title\" content=\"X-BOW FMA Carbonbolzen 6,5 Zoll - High Range 6er Pack\" \/>\n<meta property=\"og:description\" content=\"Die X-BOW FMA Carbonbolzen sind f\u00fcr unterschiedliche Anspr\u00fcche und Einsatzzwecke konzipiert und ideal geeignet f\u00fcr alle Pistolenarmbr\u00fcste ohne Leerschusssicherung.\" \/>\n<meta property=\"og:url\" content=\"https:\/\/ueberlebenskunst.at\/survivalshop\/shop\/x-bow-fma-carbonbolzen-65-zoll-high-range-6er-pack\/\" \/>\n<meta property=\"og:site_name\" content=\"Reini Rossmann - Survival Shop\" \/>\n<meta property=\"article:publisher\" content=\"https:\/\/www.facebook.com\/survival24.org\/\" \/>\n<meta property=\"article:modified_time\" content=\"2025-05-20T14:10:13+00:00\" \/>\n<meta property=\"og:image\" content=\"https:\/\/ueberlebenskunst.at\/survivalshop\/wp-content\/uploads\/2022\/11\/X-Bow-FMA-High-Range.jpg\" \/>\n\t<meta property=\"og:image:width\" content=\"350\" \/>\n\t<meta property=\"og:image:height\" content=\"444\" \/>\n\t<meta property=\"og:image:type\" content=\"image\/jpeg\" \/>\n<meta name=\"twitter:card\" content=\"summary_large_image\" \/>\n<meta name=\"twitter:label1\" content=\"Gesch\u00e4tzte Lesezeit\" \/>\n\t<meta name=\"twitter:data1\" content=\"1\u00a0Minute\" \/>\n<script type=\"application\/ld+json\" class=\"yoast-schema-graph\">{\"@context\":\"https:\/\/schema.org\",\"@graph\":[{\"@type\":\"WebPage\",\"@id\":\"https:\/\/ueberlebenskunst.at\/survivalshop\/shop\/x-bow-fma-carbonbolzen-65-zoll-high-range-6er-pack\/\",\"url\":\"https:\/\/ueberlebenskunst.at\/survivalshop\/shop\/x-bow-fma-carbonbolzen-65-zoll-high-range-6er-pack\/\",\"name\":\"X-BOW FMA Carbonbolzen 6,5 Zoll - High Range 6er Pack\",\"isPartOf\":{\"@id\":\"https:\/\/ueberlebenskunst.at\/survivalshop\/#website\"},\"primaryImageOfPage\":{\"@id\":\"https:\/\/ueberlebenskunst.at\/survivalshop\/shop\/x-bow-fma-carbonbolzen-65-zoll-high-range-6er-pack\/#primaryimage\"},\"image\":{\"@id\":\"https:\/\/ueberlebenskunst.at\/survivalshop\/shop\/x-bow-fma-carbonbolzen-65-zoll-high-range-6er-pack\/#primaryimage\"},\"thumbnailUrl\":\"https:\/\/ueberlebenskunst.at\/survivalshop\/wp-content\/uploads\/2022\/11\/X-Bow-FMA-High-Range.jpg\",\"datePublished\":\"2022-11-11T07:30:06+00:00\",\"dateModified\":\"2025-05-20T14:10:13+00:00\",\"description\":\"Die X-BOW FMA Carbonbolzen sind f\u00fcr unterschiedliche Anspr\u00fcche und Einsatzzwecke konzipiert und ideal geeignet f\u00fcr alle Pistolenarmbr\u00fcste ohne Leerschusssicherung.\",\"breadcrumb\":{\"@id\":\"https:\/\/ueberlebenskunst.at\/survivalshop\/shop\/x-bow-fma-carbonbolzen-65-zoll-high-range-6er-pack\/#breadcrumb\"},\"inLanguage\":\"de\",\"potentialAction\":[{\"@type\":\"ReadAction\",\"target\":[\"https:\/\/ueberlebenskunst.at\/survivalshop\/shop\/x-bow-fma-carbonbolzen-65-zoll-high-range-6er-pack\/\"]}]},{\"@type\":\"ImageObject\",\"inLanguage\":\"de\",\"@id\":\"https:\/\/ueberlebenskunst.at\/survivalshop\/shop\/x-bow-fma-carbonbolzen-65-zoll-high-range-6er-pack\/#primaryimage\",\"url\":\"https:\/\/ueberlebenskunst.at\/survivalshop\/wp-content\/uploads\/2022\/11\/X-Bow-FMA-High-Range.jpg\",\"contentUrl\":\"https:\/\/ueberlebenskunst.at\/survivalshop\/wp-content\/uploads\/2022\/11\/X-Bow-FMA-High-Range.jpg\",\"width\":350,\"height\":444},{\"@type\":\"BreadcrumbList\",\"@id\":\"https:\/\/ueberlebenskunst.at\/survivalshop\/shop\/x-bow-fma-carbonbolzen-65-zoll-high-range-6er-pack\/#breadcrumb\",\"itemListElement\":[{\"@type\":\"ListItem\",\"position\":1,\"name\":\"Startseite\",\"item\":\"https:\/\/ueberlebenskunst.at\/survivalshop\/\"},{\"@type\":\"ListItem\",\"position\":2,\"name\":\"Shop\",\"item\":\"https:\/\/ueberlebenskunst.at\/survivalshop\/shop\/\"},{\"@type\":\"ListItem\",\"position\":3,\"name\":\"X-BOW FMA Carbonbolzen 6,5 Zoll &#8211; High Range 6er Pack\"}]},{\"@type\":\"WebSite\",\"@id\":\"https:\/\/ueberlebenskunst.at\/survivalshop\/#website\",\"url\":\"https:\/\/ueberlebenskunst.at\/survivalshop\/\",\"name\":\"Reini Rossmann - Survival Shop\",\"description\":\"Survival Shop f\u00fcr Survival, Bushcraft und Prepper\",\"potentialAction\":[{\"@type\":\"SearchAction\",\"target\":{\"@type\":\"EntryPoint\",\"urlTemplate\":\"https:\/\/ueberlebenskunst.at\/survivalshop\/?s={search_term_string}\"},\"query-input\":{\"@type\":\"PropertyValueSpecification\",\"valueRequired\":true,\"valueName\":\"search_term_string\"}}],\"inLanguage\":\"de\"}]}<\/script>\n<!-- \/ Yoast SEO plugin. -->","yoast_head_json":{"title":"X-BOW FMA Carbonbolzen 6,5 Zoll - High Range 6er Pack","description":"Die X-BOW FMA Carbonbolzen sind f\u00fcr unterschiedliche Anspr\u00fcche und Einsatzzwecke konzipiert und ideal geeignet f\u00fcr alle Pistolenarmbr\u00fcste ohne Leerschusssicherung.","robots":{"index":"index","follow":"follow","max-snippet":"max-snippet:-1","max-image-preview":"max-image-preview:large","max-video-preview":"max-video-preview:-1"},"canonical":"https:\/\/ueberlebenskunst.at\/survivalshop\/shop\/x-bow-fma-carbonbolzen-65-zoll-high-range-6er-pack\/","og_locale":"de_DE","og_type":"article","og_title":"X-BOW FMA Carbonbolzen 6,5 Zoll - High Range 6er Pack","og_description":"Die X-BOW FMA Carbonbolzen sind f\u00fcr unterschiedliche Anspr\u00fcche und Einsatzzwecke konzipiert und ideal geeignet f\u00fcr alle Pistolenarmbr\u00fcste ohne Leerschusssicherung.","og_url":"https:\/\/ueberlebenskunst.at\/survivalshop\/shop\/x-bow-fma-carbonbolzen-65-zoll-high-range-6er-pack\/","og_site_name":"Reini Rossmann - Survival Shop","article_publisher":"https:\/\/www.facebook.com\/survival24.org\/","article_modified_time":"2025-05-20T14:10:13+00:00","og_image":[{"width":350,"height":444,"url":"https:\/\/ueberlebenskunst.at\/survivalshop\/wp-content\/uploads\/2022\/11\/X-Bow-FMA-High-Range.jpg","type":"image\/jpeg"}],"twitter_card":"summary_large_image","twitter_misc":{"Gesch\u00e4tzte Lesezeit":"1\u00a0Minute"},"schema":{"@context":"https:\/\/schema.org","@graph":[{"@type":"WebPage","@id":"https:\/\/ueberlebenskunst.at\/survivalshop\/shop\/x-bow-fma-carbonbolzen-65-zoll-high-range-6er-pack\/","url":"https:\/\/ueberlebenskunst.at\/survivalshop\/shop\/x-bow-fma-carbonbolzen-65-zoll-high-range-6er-pack\/","name":"X-BOW FMA Carbonbolzen 6,5 Zoll - High Range 6er Pack","isPartOf":{"@id":"https:\/\/ueberlebenskunst.at\/survivalshop\/#website"},"primaryImageOfPage":{"@id":"https:\/\/ueberlebenskunst.at\/survivalshop\/shop\/x-bow-fma-carbonbolzen-65-zoll-high-range-6er-pack\/#primaryimage"},"image":{"@id":"https:\/\/ueberlebenskunst.at\/survivalshop\/shop\/x-bow-fma-carbonbolzen-65-zoll-high-range-6er-pack\/#primaryimage"},"thumbnailUrl":"https:\/\/ueberlebenskunst.at\/survivalshop\/wp-content\/uploads\/2022\/11\/X-Bow-FMA-High-Range.jpg","datePublished":"2022-11-11T07:30:06+00:00","dateModified":"2025-05-20T14:10:13+00:00","description":"Die X-BOW FMA Carbonbolzen sind f\u00fcr unterschiedliche Anspr\u00fcche und Einsatzzwecke konzipiert und ideal geeignet f\u00fcr alle Pistolenarmbr\u00fcste ohne Leerschusssicherung.","breadcrumb":{"@id":"https:\/\/ueberlebenskunst.at\/survivalshop\/shop\/x-bow-fma-carbonbolzen-65-zoll-high-range-6er-pack\/#breadcrumb"},"inLanguage":"de","potentialAction":[{"@type":"ReadAction","target":["https:\/\/ueberlebenskunst.at\/survivalshop\/shop\/x-bow-fma-carbonbolzen-65-zoll-high-range-6er-pack\/"]}]},{"@type":"ImageObject","inLanguage":"de","@id":"https:\/\/ueberlebenskunst.at\/survivalshop\/shop\/x-bow-fma-carbonbolzen-65-zoll-high-range-6er-pack\/#primaryimage","url":"https:\/\/ueberlebenskunst.at\/survivalshop\/wp-content\/uploads\/2022\/11\/X-Bow-FMA-High-Range.jpg","contentUrl":"https:\/\/ueberlebenskunst.at\/survivalshop\/wp-content\/uploads\/2022\/11\/X-Bow-FMA-High-Range.jpg","width":350,"height":444},{"@type":"BreadcrumbList","@id":"https:\/\/ueberlebenskunst.at\/survivalshop\/shop\/x-bow-fma-carbonbolzen-65-zoll-high-range-6er-pack\/#breadcrumb","itemListElement":[{"@type":"ListItem","position":1,"name":"Startseite","item":"https:\/\/ueberlebenskunst.at\/survivalshop\/"},{"@type":"ListItem","position":2,"name":"Shop","item":"https:\/\/ueberlebenskunst.at\/survivalshop\/shop\/"},{"@type":"ListItem","position":3,"name":"X-BOW FMA Carbonbolzen 6,5 Zoll &#8211; High Range 6er Pack"}]},{"@type":"WebSite","@id":"https:\/\/ueberlebenskunst.at\/survivalshop\/#website","url":"https:\/\/ueberlebenskunst.at\/survivalshop\/","name":"Reini Rossmann - Survival Shop","description":"Survival Shop f\u00fcr Survival, Bushcraft und Prepper","potentialAction":[{"@type":"SearchAction","target":{"@type":"EntryPoint","urlTemplate":"https:\/\/ueberlebenskunst.at\/survivalshop\/?s={search_term_string}"},"query-input":{"@type":"PropertyValueSpecification","valueRequired":true,"valueName":"search_term_string"}}],"inLanguage":"de"}]}},"_links":{"self":[{"href":"https:\/\/ueberlebenskunst.at\/survivalshop\/wp-json\/wp\/v2\/product\/115382","targetHints":{"allow":["GET"]}}],"collection":[{"href":"https:\/\/ueberlebenskunst.at\/survivalshop\/wp-json\/wp\/v2\/product"}],"about":[{"href":"https:\/\/ueberlebenskunst.at\/survivalshop\/wp-json\/wp\/v2\/types\/product"}],"replies":[{"embeddable":true,"href":"https:\/\/ueberlebenskunst.at\/survivalshop\/wp-json\/wp\/v2\/comments?post=115382"}],"wp:featuredmedia":[{"embeddable":true,"href":"https:\/\/ueberlebenskunst.at\/survivalshop\/wp-json\/wp\/v2\/media\/115398"}],"wp:attachment":[{"href":"https:\/\/ueberlebenskunst.at\/survivalshop\/wp-json\/wp\/v2\/media?parent=115382"}],"wp:term":[{"taxonomy":"product_brand","embeddable":true,"href":"https:\/\/ueberlebenskunst.at\/survivalshop\/wp-json\/wp\/v2\/product_brand?post=115382"},{"taxonomy":"product_cat","embeddable":true,"href":"https:\/\/ueberlebenskunst.at\/survivalshop\/wp-json\/wp\/v2\/product_cat?post=115382"},{"taxonomy":"product_tag","embeddable":true,"href":"https:\/\/ueberlebenskunst.at\/survivalshop\/wp-json\/wp\/v2\/product_tag?post=115382"}],"curies":[{"name":"wp","href":"https:\/\/api.w.org\/{rel}","templated":true}]}}