{"id":115174,"date":"2022-11-10T11:55:24","date_gmt":"2022-11-10T10:55:24","guid":{"rendered":"https:\/\/ueberlebenskunst.at\/survivalshop\/?post_type=product&#038;p=115174"},"modified":"2025-08-07T10:43:25","modified_gmt":"2025-08-07T08:43:25","slug":"universal-halterung-steambow-stinger-1","status":"publish","type":"product","link":"https:\/\/ueberlebenskunst.at\/survivalshop\/shop\/universal-halterung-steambow-stinger-1\/","title":{"rendered":"Universal Halterung Steambow Stinger 1"},"content":{"rendered":"<p>Die Universal Halterung f\u00fcr Steambow kommt Made in Austria direkt aus der Reini Rossmann Werkstatt und ist ideal f\u00fcr die Steambow Stinger geeignet. Im Lieferumfang ist lediglich die Halterung f\u00fcr die untere Picatinnyschiene enthalten sowie das notwendige Montagematerial.\u00a0 Dann kommt es nur mehr auf deine Fantasie an. Was bedeutet das konkret? Die Universal Halterung kann daf\u00fcr benutzt werden, um eine Lampe oder Laser zu montieren. An der Unterseite befindet sich auch eine Picatinnyschiene, das bedeutet du kannst einen kleinen <a href=\"https:\/\/ueberlebenskunst.at\/survivalshop\/shop\/taktischer-vertikaler-griff-schwarz\/\" target=\"_blank\" rel=\"noopener\">Haltegriff<\/a> (den es nat\u00fcrlich bei uns im Shop gibt) montieren oder die Stinger so lassen wie sie ist.<br \/>\nAls Universal Halterung ist es nat\u00fcrlich auch m\u00f6glich andere Ausr\u00fcstungsgegenst\u00e4nde seitlich zu montieren. Diese Universal Halterung wird ausdr\u00fccklich nur als Stand-Alone-L\u00f6sung angeboten.<\/p>\n<p>Wenn du weiteres Zubeh\u00f6r wie <a href=\"https:\/\/ueberlebenskunst.at\/survivalshop\/shop\/taktischer-vertikaler-griff-schwarz\/\" target=\"_blank\" rel=\"noopener\">Griff<\/a>, <a href=\"https:\/\/ueberlebenskunst.at\/survivalshop\/shop\/stinger-ar-6-lampe-einzeln-ohne-montage\/\" target=\"_blank\" rel=\"noopener\">Lampe<\/a>, <a href=\"https:\/\/ueberlebenskunst.at\/survivalshop\/shop\/gruener-laser\/\" target=\"_blank\" rel=\"noopener\">Laser<\/a> erwerben willst, kannst du dies gern im Shop tun:<\/p>\n<ul>\n<li><a href=\"https:\/\/ueberlebenskunst.at\/survivalshop\/shop\/taktischer-vertikaler-griff-schwarz\/\" target=\"_blank\" rel=\"noopener\">Taktischer vertikaler Griff<\/a><\/li>\n<li>Stinger <a href=\"https:\/\/ueberlebenskunst.at\/survivalshop\/shop\/stinger-ar-6-lampe-einzeln-ohne-montage\/\" target=\"_blank\" rel=\"noopener\">Lampe<\/a><\/li>\n<li>Taktischer <a href=\"https:\/\/ueberlebenskunst.at\/survivalshop\/shop\/taktischer-clip-fuer-steambow-lampe\/\" target=\"_blank\" rel=\"noopener\">Clip f\u00fcr Lampe<\/a><\/li>\n<li><a href=\"https:\/\/ueberlebenskunst.at\/survivalshop\/shop\/gruener-laser\/\" target=\"_blank\" rel=\"noopener\">Laser<\/a><\/li>\n<li><a href=\"https:\/\/ueberlebenskunst.at\/survivalshop\/shop\/wachs-container-fuer-universal-picatinnyhalterung\/\" target=\"_blank\" rel=\"noopener\">Wachs-Container f\u00fcr Universal Halterung 19mm<\/a><\/li>\n<li><a href=\"https:\/\/ueberlebenskunst.at\/survivalshop\/shop\/batterie-container\/\" target=\"_blank\" rel=\"noopener\">Batterie-Container f\u00fcr Universal Halterung 19mm<\/a><\/li>\n<\/ul>\n<h3>Lieferumfang:<\/h3>\n<ul>\n<li>1 Stk. Universal Halterung<\/li>\n<li>Passendes Montagematerial<\/li>\n<li>ACHTUNG: auf den Produktbildern befindet sich optionales Zubeh\u00f6r, das im Lieferumfang NICHT enthalten ist.<\/li>\n<\/ul>\n<h3>Varianten:<\/h3>\n<p>19\/19: 2 Klemmen mit je einem Durchmesser von 19 mm<\/p>\n<h3>Abmessungen:<\/h3>\n<p>Klemmdurchmesser D1: 19-20 mm<\/p>\n<h3>Bedienungs- &amp; Pflegeanleitung:<\/h3>\n<ul>\n<li>Die Reinigung mit Wasser ist m\u00f6glich.<\/li>\n<li>Du solltest das Produkt nicht direkt in die N\u00e4he von Feuer oder anderen Hitzequellen legen!<\/li>\n<\/ul>\n<p>Bitte informiere dich \u00fcber die gesetzlichen Regelungen in deinem Land, welche Ausr\u00fcstung auf deine Halterung montiert werden darf.<\/p>\n<p><a href=\"https:\/\/ueberlebenskunst.at\/survivalshop\/wp-content\/uploads\/2021\/11\/Logo_Kinder.png\"><img decoding=\"async\" class=\"alignnone size-medium wp-image-179571\" src=\"https:\/\/ueberlebenskunst.at\/survivalshop\/wp-content\/uploads\/2021\/11\/Logo_Kinder-300x126.png\" alt=\"\" width=\"300\" height=\"126\" srcset=\"https:\/\/ueberlebenskunst.at\/survivalshop\/wp-content\/uploads\/2021\/11\/Logo_Kinder-300x126.png 300w, https:\/\/ueberlebenskunst.at\/survivalshop\/wp-content\/uploads\/2021\/11\/Logo_Kinder-64x27.png 64w, https:\/\/ueberlebenskunst.at\/survivalshop\/wp-content\/uploads\/2021\/11\/Logo_Kinder.png 401w\" sizes=\"(max-width: 300px) 100vw, 300px\" \/><\/a><\/p>\n<p><span style=\"color: #99cc00;\">Du willst das Produkt in einer anderen Farbe? Schick uns eine E-Mail an shop@ueberlebenskunst.at und wir pr\u00fcfen, ob dein Farbwunsch\u00a0m\u00f6glich\u00a0ist.<\/span><\/p>\n","protected":false},"excerpt":{"rendered":"<p>Die Universal Halterung f\u00fcr Steambow kommt Made in Austria direkt aus der Reini Rossmann Werkstatt und ist ideal f\u00fcr die Steambow Stinger geeignet. Im Lieferumfang ist lediglich die Halterung f\u00fcr die untere Picatinnyschiene enthalten sowie das notwendige Montagematerial.\u00a0 Dann kommt es nur mehr auf deine Fantasie an. Was bedeutet das konkret? Die Universal Halterung kann [&hellip;]<\/p>\n","protected":false},"featured_media":136003,"comment_status":"open","ping_status":"closed","template":"","meta":{"_acf_changed":false},"product_brand":[],"product_cat":[1768],"product_tag":[1331,1311,1350],"class_list":{"0":"post-115174","1":"product","2":"type-product","3":"status-publish","4":"has-post-thumbnail","6":"product_cat-steambow-stinger","7":"product_tag-armbrust-universal-halterung","8":"product_tag-steambow-wechselsystem","9":"product_tag-stinger-1-zubehoer","11":"first","12":"instock","13":"taxable","14":"shipping-taxable","15":"purchasable","16":"product-type-variable","17":"has-default-attributes"},"acf":[],"yoast_head":"<!-- This site is optimized with the Yoast SEO plugin v27.1.1 - https:\/\/yoast.com\/product\/yoast-seo-wordpress\/ -->\n<title>Universal Halterung Steambow Stinger 1<\/title>\n<meta name=\"robots\" content=\"index, follow, max-snippet:-1, max-image-preview:large, max-video-preview:-1\" \/>\n<link rel=\"canonical\" href=\"https:\/\/ueberlebenskunst.at\/survivalshop\/shop\/universal-halterung-steambow-stinger-1\/\" \/>\n<meta property=\"og:locale\" content=\"de_DE\" \/>\n<meta property=\"og:type\" content=\"article\" \/>\n<meta property=\"og:title\" content=\"Universal Halterung Steambow Stinger 1\" \/>\n<meta property=\"og:description\" content=\"Die Universal Halterung f\u00fcr Steambow kommt Made in Austria direkt aus der Reini Rossmann Werkstatt und ist ideal f\u00fcr die Steambow Stinger geeignet. Im Lieferumfang ist lediglich die Halterung f\u00fcr die untere Picatinnyschiene enthalten sowie das notwendige Montagematerial.\u00a0 Dann kommt es nur mehr auf deine Fantasie an. Was bedeutet das konkret? Die Universal Halterung kann [&hellip;]\" \/>\n<meta property=\"og:url\" content=\"https:\/\/ueberlebenskunst.at\/survivalshop\/shop\/universal-halterung-steambow-stinger-1\/\" \/>\n<meta property=\"og:site_name\" content=\"Reini Rossmann - Survival Shop\" \/>\n<meta property=\"article:publisher\" content=\"https:\/\/www.facebook.com\/survival24.org\/\" \/>\n<meta property=\"article:modified_time\" content=\"2025-08-07T08:43:25+00:00\" \/>\n<meta property=\"og:image\" content=\"https:\/\/ueberlebenskunst.at\/survivalshop\/wp-content\/uploads\/2022\/11\/Universalhalterung_Picatinny_Steambow-Stinger_AR-6_U21919_Lampe_Laser_sk.jpg\" \/>\n\t<meta property=\"og:image:width\" content=\"400\" \/>\n\t<meta property=\"og:image:height\" content=\"400\" \/>\n\t<meta property=\"og:image:type\" content=\"image\/jpeg\" \/>\n<meta name=\"twitter:card\" content=\"summary_large_image\" \/>\n<meta name=\"twitter:label1\" content=\"Gesch\u00e4tzte Lesezeit\" \/>\n\t<meta name=\"twitter:data1\" content=\"2\u00a0Minuten\" \/>\n<script type=\"application\/ld+json\" class=\"yoast-schema-graph\">{\"@context\":\"https:\/\/schema.org\",\"@graph\":[{\"@type\":\"WebPage\",\"@id\":\"https:\/\/ueberlebenskunst.at\/survivalshop\/shop\/universal-halterung-steambow-stinger-1\/\",\"url\":\"https:\/\/ueberlebenskunst.at\/survivalshop\/shop\/universal-halterung-steambow-stinger-1\/\",\"name\":\"Universal Halterung Steambow Stinger 1\",\"isPartOf\":{\"@id\":\"https:\/\/ueberlebenskunst.at\/survivalshop\/#website\"},\"primaryImageOfPage\":{\"@id\":\"https:\/\/ueberlebenskunst.at\/survivalshop\/shop\/universal-halterung-steambow-stinger-1\/#primaryimage\"},\"image\":{\"@id\":\"https:\/\/ueberlebenskunst.at\/survivalshop\/shop\/universal-halterung-steambow-stinger-1\/#primaryimage\"},\"thumbnailUrl\":\"https:\/\/ueberlebenskunst.at\/survivalshop\/wp-content\/uploads\/2022\/11\/Universalhalterung_Picatinny_Steambow-Stinger_AR-6_U21919_Lampe_Laser_sk.jpg\",\"datePublished\":\"2022-11-10T10:55:24+00:00\",\"dateModified\":\"2025-08-07T08:43:25+00:00\",\"breadcrumb\":{\"@id\":\"https:\/\/ueberlebenskunst.at\/survivalshop\/shop\/universal-halterung-steambow-stinger-1\/#breadcrumb\"},\"inLanguage\":\"de\",\"potentialAction\":[{\"@type\":\"ReadAction\",\"target\":[\"https:\/\/ueberlebenskunst.at\/survivalshop\/shop\/universal-halterung-steambow-stinger-1\/\"]}]},{\"@type\":\"ImageObject\",\"inLanguage\":\"de\",\"@id\":\"https:\/\/ueberlebenskunst.at\/survivalshop\/shop\/universal-halterung-steambow-stinger-1\/#primaryimage\",\"url\":\"https:\/\/ueberlebenskunst.at\/survivalshop\/wp-content\/uploads\/2022\/11\/Universalhalterung_Picatinny_Steambow-Stinger_AR-6_U21919_Lampe_Laser_sk.jpg\",\"contentUrl\":\"https:\/\/ueberlebenskunst.at\/survivalshop\/wp-content\/uploads\/2022\/11\/Universalhalterung_Picatinny_Steambow-Stinger_AR-6_U21919_Lampe_Laser_sk.jpg\",\"width\":400,\"height\":400},{\"@type\":\"BreadcrumbList\",\"@id\":\"https:\/\/ueberlebenskunst.at\/survivalshop\/shop\/universal-halterung-steambow-stinger-1\/#breadcrumb\",\"itemListElement\":[{\"@type\":\"ListItem\",\"position\":1,\"name\":\"Startseite\",\"item\":\"https:\/\/ueberlebenskunst.at\/survivalshop\/\"},{\"@type\":\"ListItem\",\"position\":2,\"name\":\"Shop\",\"item\":\"https:\/\/ueberlebenskunst.at\/survivalshop\/shop\/\"},{\"@type\":\"ListItem\",\"position\":3,\"name\":\"Universal Halterung Steambow Stinger 1\"}]},{\"@type\":\"WebSite\",\"@id\":\"https:\/\/ueberlebenskunst.at\/survivalshop\/#website\",\"url\":\"https:\/\/ueberlebenskunst.at\/survivalshop\/\",\"name\":\"Reini Rossmann - Survival Shop\",\"description\":\"Survival Shop f\u00fcr Survival, Bushcraft und Prepper\",\"potentialAction\":[{\"@type\":\"SearchAction\",\"target\":{\"@type\":\"EntryPoint\",\"urlTemplate\":\"https:\/\/ueberlebenskunst.at\/survivalshop\/?s={search_term_string}\"},\"query-input\":{\"@type\":\"PropertyValueSpecification\",\"valueRequired\":true,\"valueName\":\"search_term_string\"}}],\"inLanguage\":\"de\"}]}<\/script>\n<!-- \/ Yoast SEO plugin. -->","yoast_head_json":{"title":"Universal Halterung Steambow Stinger 1","robots":{"index":"index","follow":"follow","max-snippet":"max-snippet:-1","max-image-preview":"max-image-preview:large","max-video-preview":"max-video-preview:-1"},"canonical":"https:\/\/ueberlebenskunst.at\/survivalshop\/shop\/universal-halterung-steambow-stinger-1\/","og_locale":"de_DE","og_type":"article","og_title":"Universal Halterung Steambow Stinger 1","og_description":"Die Universal Halterung f\u00fcr Steambow kommt Made in Austria direkt aus der Reini Rossmann Werkstatt und ist ideal f\u00fcr die Steambow Stinger geeignet. Im Lieferumfang ist lediglich die Halterung f\u00fcr die untere Picatinnyschiene enthalten sowie das notwendige Montagematerial.\u00a0 Dann kommt es nur mehr auf deine Fantasie an. Was bedeutet das konkret? Die Universal Halterung kann [&hellip;]","og_url":"https:\/\/ueberlebenskunst.at\/survivalshop\/shop\/universal-halterung-steambow-stinger-1\/","og_site_name":"Reini Rossmann - Survival Shop","article_publisher":"https:\/\/www.facebook.com\/survival24.org\/","article_modified_time":"2025-08-07T08:43:25+00:00","og_image":[{"width":400,"height":400,"url":"https:\/\/ueberlebenskunst.at\/survivalshop\/wp-content\/uploads\/2022\/11\/Universalhalterung_Picatinny_Steambow-Stinger_AR-6_U21919_Lampe_Laser_sk.jpg","type":"image\/jpeg"}],"twitter_card":"summary_large_image","twitter_misc":{"Gesch\u00e4tzte Lesezeit":"2\u00a0Minuten"},"schema":{"@context":"https:\/\/schema.org","@graph":[{"@type":"WebPage","@id":"https:\/\/ueberlebenskunst.at\/survivalshop\/shop\/universal-halterung-steambow-stinger-1\/","url":"https:\/\/ueberlebenskunst.at\/survivalshop\/shop\/universal-halterung-steambow-stinger-1\/","name":"Universal Halterung Steambow Stinger 1","isPartOf":{"@id":"https:\/\/ueberlebenskunst.at\/survivalshop\/#website"},"primaryImageOfPage":{"@id":"https:\/\/ueberlebenskunst.at\/survivalshop\/shop\/universal-halterung-steambow-stinger-1\/#primaryimage"},"image":{"@id":"https:\/\/ueberlebenskunst.at\/survivalshop\/shop\/universal-halterung-steambow-stinger-1\/#primaryimage"},"thumbnailUrl":"https:\/\/ueberlebenskunst.at\/survivalshop\/wp-content\/uploads\/2022\/11\/Universalhalterung_Picatinny_Steambow-Stinger_AR-6_U21919_Lampe_Laser_sk.jpg","datePublished":"2022-11-10T10:55:24+00:00","dateModified":"2025-08-07T08:43:25+00:00","breadcrumb":{"@id":"https:\/\/ueberlebenskunst.at\/survivalshop\/shop\/universal-halterung-steambow-stinger-1\/#breadcrumb"},"inLanguage":"de","potentialAction":[{"@type":"ReadAction","target":["https:\/\/ueberlebenskunst.at\/survivalshop\/shop\/universal-halterung-steambow-stinger-1\/"]}]},{"@type":"ImageObject","inLanguage":"de","@id":"https:\/\/ueberlebenskunst.at\/survivalshop\/shop\/universal-halterung-steambow-stinger-1\/#primaryimage","url":"https:\/\/ueberlebenskunst.at\/survivalshop\/wp-content\/uploads\/2022\/11\/Universalhalterung_Picatinny_Steambow-Stinger_AR-6_U21919_Lampe_Laser_sk.jpg","contentUrl":"https:\/\/ueberlebenskunst.at\/survivalshop\/wp-content\/uploads\/2022\/11\/Universalhalterung_Picatinny_Steambow-Stinger_AR-6_U21919_Lampe_Laser_sk.jpg","width":400,"height":400},{"@type":"BreadcrumbList","@id":"https:\/\/ueberlebenskunst.at\/survivalshop\/shop\/universal-halterung-steambow-stinger-1\/#breadcrumb","itemListElement":[{"@type":"ListItem","position":1,"name":"Startseite","item":"https:\/\/ueberlebenskunst.at\/survivalshop\/"},{"@type":"ListItem","position":2,"name":"Shop","item":"https:\/\/ueberlebenskunst.at\/survivalshop\/shop\/"},{"@type":"ListItem","position":3,"name":"Universal Halterung Steambow Stinger 1"}]},{"@type":"WebSite","@id":"https:\/\/ueberlebenskunst.at\/survivalshop\/#website","url":"https:\/\/ueberlebenskunst.at\/survivalshop\/","name":"Reini Rossmann - Survival Shop","description":"Survival Shop f\u00fcr Survival, Bushcraft und Prepper","potentialAction":[{"@type":"SearchAction","target":{"@type":"EntryPoint","urlTemplate":"https:\/\/ueberlebenskunst.at\/survivalshop\/?s={search_term_string}"},"query-input":{"@type":"PropertyValueSpecification","valueRequired":true,"valueName":"search_term_string"}}],"inLanguage":"de"}]}},"_links":{"self":[{"href":"https:\/\/ueberlebenskunst.at\/survivalshop\/wp-json\/wp\/v2\/product\/115174","targetHints":{"allow":["GET"]}}],"collection":[{"href":"https:\/\/ueberlebenskunst.at\/survivalshop\/wp-json\/wp\/v2\/product"}],"about":[{"href":"https:\/\/ueberlebenskunst.at\/survivalshop\/wp-json\/wp\/v2\/types\/product"}],"replies":[{"embeddable":true,"href":"https:\/\/ueberlebenskunst.at\/survivalshop\/wp-json\/wp\/v2\/comments?post=115174"}],"wp:featuredmedia":[{"embeddable":true,"href":"https:\/\/ueberlebenskunst.at\/survivalshop\/wp-json\/wp\/v2\/media\/136003"}],"wp:attachment":[{"href":"https:\/\/ueberlebenskunst.at\/survivalshop\/wp-json\/wp\/v2\/media?parent=115174"}],"wp:term":[{"taxonomy":"product_brand","embeddable":true,"href":"https:\/\/ueberlebenskunst.at\/survivalshop\/wp-json\/wp\/v2\/product_brand?post=115174"},{"taxonomy":"product_cat","embeddable":true,"href":"https:\/\/ueberlebenskunst.at\/survivalshop\/wp-json\/wp\/v2\/product_cat?post=115174"},{"taxonomy":"product_tag","embeddable":true,"href":"https:\/\/ueberlebenskunst.at\/survivalshop\/wp-json\/wp\/v2\/product_tag?post=115174"}],"curies":[{"name":"wp","href":"https:\/\/api.w.org\/{rel}","templated":true}]}}