{"id":113391,"date":"2022-11-02T14:02:02","date_gmt":"2022-11-02T13:02:02","guid":{"rendered":"https:\/\/ueberlebenskunst.at\/survivalshop\/?post_type=product&#038;p=113391"},"modified":"2025-03-24T11:27:18","modified_gmt":"2025-03-24T10:27:18","slug":"x-bow-fma-supersonic-rev-xl-120-lbs-420-fps-armbrust-mit-triangel-schaft","status":"seo-produkt","type":"product","link":"https:\/\/ueberlebenskunst.at\/survivalshop\/shop\/x-bow-fma-supersonic-rev-xl-120-lbs-420-fps-armbrust-mit-triangel-schaft\/","title":{"rendered":"X-BOW FMA Supersonic REV XL"},"content":{"rendered":"<h3>X-BOW FMA Supersonic REV XL &#8211; 120 lbs \/ 420 fps &#8211; Armbrust mit Triangel-Schaft<\/h3>\n<p>Die X-BOW FMA Supersonic war und ist bis heute eine echte Revolution auf dem Markt der (Pistolen-)Armbr\u00fcste, die man nicht mehr besser machen kann &#8211; eigentlich&#8230; Darauf wollte sich X-BOW fma Engineering allerdings nicht ausruhen und hat sich die Supersonic trotzdem nochmal vorgenommen. Herausgekommen ist eine Reverse-Armbrust, die wieder eine echte Innovation darstellt: Die X-BOW FMA Supersonic REV. Eine kleine, kompakte, wenn nicht sogar DIE kleinste, Reversearmbrust auf dem Markt.<\/p>\n<p>Mit der Supersonic REV kommt eine leistungsstarke Pistolenarmbrust, die das Compoundprinzip konsequent umsetzt und mit der Reverse-Technologie vereint. Auf den ersten Blick mutet die Armbrust seltsam an, da ihre Wurfarme falsch herum montiert zu sein scheinen. Doch das ist Absicht, denn &#8220;Reverse&#8221; bedeutet im Englischen nichts anderes als &#8220;umgekehrt&#8221; und bezeichnet die Bauart und Funktionsweise der Supersonic REV. Die umgekehrten Wurfarme und anders geformten Cams verl\u00e4ngern den Power Stroke und erh\u00f6hen damit die Kraft, die auf den Bolzen wirkt. So erreicht die Armbrust Bolzengeschwindigkeiten von denen normale Armbr\u00fcste nur tr\u00e4umen k\u00f6nnen. Trotz ihrer ultrakompakten Gr\u00f6\u00dfe verf\u00fcgt sie \u00fcber ein Zuggewicht von 120 lbs und erzeugt Bolzengeschwindigkeiten von mehr als 420 fps \/ 460 km\/h (je nach verwendetem Bolzen). Damit eignet sie sich f\u00fcr Schussdistanzen von bis zu 60 m. Solche Werte kannte man bisher nur von deutlich gr\u00f6\u00dferen Armbr\u00fcsten!<\/p>\n<p>Ein weiteres Highlight ist das innovative, bereits bei der Supersonic verwendete, Seilzugsystem, mit dem sich auch die Supersonic REV bequem spannen l\u00e4sst. Dazu wird einfach am hinteren Griff gezogen und die Armbrust gespannt. Das Spannsystem ist dabei so gebaut, dass die maximal aufzuwendende Kraft, \u00fcber die gesamte L\u00e4nge des Power Strokes, 52lbs nicht \u00fcbersteigt.<\/p>\n<p>Aufgrund der schon enormen Nachfrage stattet X-BOW FMA die Supersonic REV auch mit einem verstellbaren Schaft im Triangel-Style aus. Mit dem neuen, verl\u00e4ngerten Schaft liegt die Supersonic noch besser in der Hand und l\u00e4sst sich optimal auf jeden Sch\u00fctzen einstellen. Das Material ist ein hochwertiger, glasfaserverst\u00e4rkter und hitzebest\u00e4ndiger Kunststoff, dessen Oberfl\u00e4che rutschfest ist.<\/p>\n<h3><strong>Technische Daten:<\/strong><\/h3>\n<ul>\n<li>Zuggewicht: 120 lbs<\/li>\n<li>Kinetische Energie: 52 Joule<\/li>\n<li>Mindestbolzengewicht: 100 gr<\/li>\n<li>Gewicht: ca. 1,72 kg<\/li>\n<li>Power stroke: 8,25 Zoll (ca. 21 cm)<\/li>\n<li>Zuggewicht beim Spannen: 52 lbs<\/li>\n<li>L\u00e4nge: ca. 61 &#8211; 67 cm<\/li>\n<li>Breite (gespannt, Achsabstand): 4,9 Zoll (ca. 12,4 cm)<\/li>\n<li>Breite (gespannt, gesamt): 7,5 Zoll (ca. 19 cm)<\/li>\n<li>Breite (ungespannt, Achsabstand): 8.5 Zoll (ca. 21,7 cm)<\/li>\n<li>Breite (ungespannt, gesamt): 11,4 Zoll (ca. 29 cm)<\/li>\n<li>Visierschiene: 19 mm<\/li>\n<li>Sehnen und Kabel: Made in USA<\/li>\n<\/ul>\n<h3><strong>Lieferumfang:<\/strong><\/h3>\n<ul>\n<li>1x Armbust<\/li>\n<li>3x High Impact REV Bolzen<\/li>\n<li>Montagematerial<\/li>\n<li>Deutsche Anleitung<\/li>\n<\/ul>\n<p>Das Komplettset findest du hier:<a href=\"https:\/\/ueberlebenskunst.at\/survivalshop\/shop\/x-bow-fma-supersonic-rev-xl\/\" target=\"_blank\" rel=\"noopener\"> Supersonic REV XL Komplettset<\/a><\/p>\n<p>Bitte beachte: Die X-BOW FMA Supersonic REV darf nur mit den Originalbolzen oder Bolzen, die ausdr\u00fccklich f\u00fcr die X-BOW FMA Supersonic REV geeignet sind, geschossen werden. Sollten andere Bolzen verwendet werden, erlischt die Garantie auf die Armbrust, da es bei der Verwendung anderer Bolzen zu sichtbaren oder unsichtbaren Besch\u00e4digungen an der Armbrust kommen kann.<\/p>\n","protected":false},"excerpt":{"rendered":"<p>X-BOW FMA Supersonic REV XL &#8211; 120 lbs \/ 420 fps &#8211; Armbrust mit Triangel-Schaft Die X-BOW FMA Supersonic war und ist bis heute eine echte Revolution auf dem Markt der (Pistolen-)Armbr\u00fcste, die man nicht mehr besser machen kann &#8211; eigentlich&#8230; Darauf wollte sich X-BOW fma Engineering allerdings nicht ausruhen und hat sich die Supersonic [&hellip;]<\/p>\n","protected":false},"featured_media":113400,"comment_status":"open","ping_status":"closed","template":"","meta":{"_acf_changed":false},"product_brand":[],"product_cat":[2389],"product_tag":[405,1224,1227],"class_list":{"0":"post-113391","1":"product","2":"type-product","3":"status-seo-produkt","4":"has-post-thumbnail","6":"product_cat-flohmarkt","7":"product_tag-armbrust","8":"product_tag-supersonic","9":"product_tag-x-bow","11":"first","12":"outofstock","13":"sale","14":"taxable","15":"shipping-taxable","16":"product-type-simple"},"acf":[],"yoast_head":"<!-- This site is optimized with the Yoast SEO plugin v27.1.1 - https:\/\/yoast.com\/product\/yoast-seo-wordpress\/ -->\n<title>X-BOW FMA Supersonic REV XL - Reini Rossmann - Survival Shop<\/title>\n<meta name=\"robots\" content=\"index, follow, max-snippet:-1, max-image-preview:large, max-video-preview:-1\" \/>\n<link rel=\"canonical\" href=\"https:\/\/ueberlebenskunst.at\/survivalshop\/shop\/x-bow-fma-supersonic-rev-xl-120-lbs-420-fps-armbrust-mit-triangel-schaft\/\" \/>\n<meta property=\"og:locale\" content=\"de_DE\" \/>\n<meta property=\"og:type\" content=\"article\" \/>\n<meta property=\"og:title\" content=\"X-BOW FMA Supersonic REV XL - Reini Rossmann - Survival Shop\" \/>\n<meta property=\"og:description\" content=\"X-BOW FMA Supersonic REV XL &#8211; 120 lbs \/ 420 fps &#8211; Armbrust mit Triangel-Schaft Die X-BOW FMA Supersonic war und ist bis heute eine echte Revolution auf dem Markt der (Pistolen-)Armbr\u00fcste, die man nicht mehr besser machen kann &#8211; eigentlich&#8230; Darauf wollte sich X-BOW fma Engineering allerdings nicht ausruhen und hat sich die Supersonic [&hellip;]\" \/>\n<meta property=\"og:url\" content=\"https:\/\/ueberlebenskunst.at\/survivalshop\/shop\/x-bow-fma-supersonic-rev-xl-120-lbs-420-fps-armbrust-mit-triangel-schaft\/\" \/>\n<meta property=\"og:site_name\" content=\"Reini Rossmann - Survival Shop\" \/>\n<meta property=\"article:publisher\" content=\"https:\/\/www.facebook.com\/survival24.org\/\" \/>\n<meta property=\"article:modified_time\" content=\"2025-03-24T10:27:18+00:00\" \/>\n<meta property=\"og:image\" content=\"https:\/\/ueberlebenskunst.at\/survivalshop\/wp-content\/uploads\/2022\/11\/Supersonic-REV-XL.jpg\" \/>\n\t<meta property=\"og:image:width\" content=\"400\" \/>\n\t<meta property=\"og:image:height\" content=\"305\" \/>\n\t<meta property=\"og:image:type\" content=\"image\/jpeg\" \/>\n<meta name=\"twitter:card\" content=\"summary_large_image\" \/>\n<meta name=\"twitter:label1\" content=\"Gesch\u00e4tzte Lesezeit\" \/>\n\t<meta name=\"twitter:data1\" content=\"3\u00a0Minuten\" \/>\n<script type=\"application\/ld+json\" class=\"yoast-schema-graph\">{\"@context\":\"https:\/\/schema.org\",\"@graph\":[{\"@type\":\"WebPage\",\"@id\":\"https:\/\/ueberlebenskunst.at\/survivalshop\/shop\/x-bow-fma-supersonic-rev-xl-120-lbs-420-fps-armbrust-mit-triangel-schaft\/\",\"url\":\"https:\/\/ueberlebenskunst.at\/survivalshop\/shop\/x-bow-fma-supersonic-rev-xl-120-lbs-420-fps-armbrust-mit-triangel-schaft\/\",\"name\":\"X-BOW FMA Supersonic REV XL - Reini Rossmann - Survival Shop\",\"isPartOf\":{\"@id\":\"https:\/\/ueberlebenskunst.at\/survivalshop\/#website\"},\"primaryImageOfPage\":{\"@id\":\"https:\/\/ueberlebenskunst.at\/survivalshop\/shop\/x-bow-fma-supersonic-rev-xl-120-lbs-420-fps-armbrust-mit-triangel-schaft\/#primaryimage\"},\"image\":{\"@id\":\"https:\/\/ueberlebenskunst.at\/survivalshop\/shop\/x-bow-fma-supersonic-rev-xl-120-lbs-420-fps-armbrust-mit-triangel-schaft\/#primaryimage\"},\"thumbnailUrl\":\"https:\/\/ueberlebenskunst.at\/survivalshop\/wp-content\/uploads\/2022\/11\/Supersonic-REV-XL.jpg\",\"datePublished\":\"2022-11-02T13:02:02+00:00\",\"dateModified\":\"2025-03-24T10:27:18+00:00\",\"breadcrumb\":{\"@id\":\"https:\/\/ueberlebenskunst.at\/survivalshop\/shop\/x-bow-fma-supersonic-rev-xl-120-lbs-420-fps-armbrust-mit-triangel-schaft\/#breadcrumb\"},\"inLanguage\":\"de\",\"potentialAction\":[{\"@type\":\"ReadAction\",\"target\":[\"https:\/\/ueberlebenskunst.at\/survivalshop\/shop\/x-bow-fma-supersonic-rev-xl-120-lbs-420-fps-armbrust-mit-triangel-schaft\/\"]}]},{\"@type\":\"ImageObject\",\"inLanguage\":\"de\",\"@id\":\"https:\/\/ueberlebenskunst.at\/survivalshop\/shop\/x-bow-fma-supersonic-rev-xl-120-lbs-420-fps-armbrust-mit-triangel-schaft\/#primaryimage\",\"url\":\"https:\/\/ueberlebenskunst.at\/survivalshop\/wp-content\/uploads\/2022\/11\/Supersonic-REV-XL.jpg\",\"contentUrl\":\"https:\/\/ueberlebenskunst.at\/survivalshop\/wp-content\/uploads\/2022\/11\/Supersonic-REV-XL.jpg\",\"width\":400,\"height\":305},{\"@type\":\"BreadcrumbList\",\"@id\":\"https:\/\/ueberlebenskunst.at\/survivalshop\/shop\/x-bow-fma-supersonic-rev-xl-120-lbs-420-fps-armbrust-mit-triangel-schaft\/#breadcrumb\",\"itemListElement\":[{\"@type\":\"ListItem\",\"position\":1,\"name\":\"Startseite\",\"item\":\"https:\/\/ueberlebenskunst.at\/survivalshop\/\"},{\"@type\":\"ListItem\",\"position\":2,\"name\":\"Shop\",\"item\":\"https:\/\/ueberlebenskunst.at\/survivalshop\/shop\/\"},{\"@type\":\"ListItem\",\"position\":3,\"name\":\"X-BOW FMA Supersonic REV XL\"}]},{\"@type\":\"WebSite\",\"@id\":\"https:\/\/ueberlebenskunst.at\/survivalshop\/#website\",\"url\":\"https:\/\/ueberlebenskunst.at\/survivalshop\/\",\"name\":\"Reini Rossmann - Survival Shop\",\"description\":\"Survival Shop f\u00fcr Survival, Bushcraft und Prepper\",\"potentialAction\":[{\"@type\":\"SearchAction\",\"target\":{\"@type\":\"EntryPoint\",\"urlTemplate\":\"https:\/\/ueberlebenskunst.at\/survivalshop\/?s={search_term_string}\"},\"query-input\":{\"@type\":\"PropertyValueSpecification\",\"valueRequired\":true,\"valueName\":\"search_term_string\"}}],\"inLanguage\":\"de\"}]}<\/script>\n<!-- \/ Yoast SEO plugin. -->","yoast_head_json":{"title":"X-BOW FMA Supersonic REV XL - Reini Rossmann - Survival Shop","robots":{"index":"index","follow":"follow","max-snippet":"max-snippet:-1","max-image-preview":"max-image-preview:large","max-video-preview":"max-video-preview:-1"},"canonical":"https:\/\/ueberlebenskunst.at\/survivalshop\/shop\/x-bow-fma-supersonic-rev-xl-120-lbs-420-fps-armbrust-mit-triangel-schaft\/","og_locale":"de_DE","og_type":"article","og_title":"X-BOW FMA Supersonic REV XL - Reini Rossmann - Survival Shop","og_description":"X-BOW FMA Supersonic REV XL &#8211; 120 lbs \/ 420 fps &#8211; Armbrust mit Triangel-Schaft Die X-BOW FMA Supersonic war und ist bis heute eine echte Revolution auf dem Markt der (Pistolen-)Armbr\u00fcste, die man nicht mehr besser machen kann &#8211; eigentlich&#8230; Darauf wollte sich X-BOW fma Engineering allerdings nicht ausruhen und hat sich die Supersonic [&hellip;]","og_url":"https:\/\/ueberlebenskunst.at\/survivalshop\/shop\/x-bow-fma-supersonic-rev-xl-120-lbs-420-fps-armbrust-mit-triangel-schaft\/","og_site_name":"Reini Rossmann - Survival Shop","article_publisher":"https:\/\/www.facebook.com\/survival24.org\/","article_modified_time":"2025-03-24T10:27:18+00:00","og_image":[{"width":400,"height":305,"url":"https:\/\/ueberlebenskunst.at\/survivalshop\/wp-content\/uploads\/2022\/11\/Supersonic-REV-XL.jpg","type":"image\/jpeg"}],"twitter_card":"summary_large_image","twitter_misc":{"Gesch\u00e4tzte Lesezeit":"3\u00a0Minuten"},"schema":{"@context":"https:\/\/schema.org","@graph":[{"@type":"WebPage","@id":"https:\/\/ueberlebenskunst.at\/survivalshop\/shop\/x-bow-fma-supersonic-rev-xl-120-lbs-420-fps-armbrust-mit-triangel-schaft\/","url":"https:\/\/ueberlebenskunst.at\/survivalshop\/shop\/x-bow-fma-supersonic-rev-xl-120-lbs-420-fps-armbrust-mit-triangel-schaft\/","name":"X-BOW FMA Supersonic REV XL - Reini Rossmann - Survival Shop","isPartOf":{"@id":"https:\/\/ueberlebenskunst.at\/survivalshop\/#website"},"primaryImageOfPage":{"@id":"https:\/\/ueberlebenskunst.at\/survivalshop\/shop\/x-bow-fma-supersonic-rev-xl-120-lbs-420-fps-armbrust-mit-triangel-schaft\/#primaryimage"},"image":{"@id":"https:\/\/ueberlebenskunst.at\/survivalshop\/shop\/x-bow-fma-supersonic-rev-xl-120-lbs-420-fps-armbrust-mit-triangel-schaft\/#primaryimage"},"thumbnailUrl":"https:\/\/ueberlebenskunst.at\/survivalshop\/wp-content\/uploads\/2022\/11\/Supersonic-REV-XL.jpg","datePublished":"2022-11-02T13:02:02+00:00","dateModified":"2025-03-24T10:27:18+00:00","breadcrumb":{"@id":"https:\/\/ueberlebenskunst.at\/survivalshop\/shop\/x-bow-fma-supersonic-rev-xl-120-lbs-420-fps-armbrust-mit-triangel-schaft\/#breadcrumb"},"inLanguage":"de","potentialAction":[{"@type":"ReadAction","target":["https:\/\/ueberlebenskunst.at\/survivalshop\/shop\/x-bow-fma-supersonic-rev-xl-120-lbs-420-fps-armbrust-mit-triangel-schaft\/"]}]},{"@type":"ImageObject","inLanguage":"de","@id":"https:\/\/ueberlebenskunst.at\/survivalshop\/shop\/x-bow-fma-supersonic-rev-xl-120-lbs-420-fps-armbrust-mit-triangel-schaft\/#primaryimage","url":"https:\/\/ueberlebenskunst.at\/survivalshop\/wp-content\/uploads\/2022\/11\/Supersonic-REV-XL.jpg","contentUrl":"https:\/\/ueberlebenskunst.at\/survivalshop\/wp-content\/uploads\/2022\/11\/Supersonic-REV-XL.jpg","width":400,"height":305},{"@type":"BreadcrumbList","@id":"https:\/\/ueberlebenskunst.at\/survivalshop\/shop\/x-bow-fma-supersonic-rev-xl-120-lbs-420-fps-armbrust-mit-triangel-schaft\/#breadcrumb","itemListElement":[{"@type":"ListItem","position":1,"name":"Startseite","item":"https:\/\/ueberlebenskunst.at\/survivalshop\/"},{"@type":"ListItem","position":2,"name":"Shop","item":"https:\/\/ueberlebenskunst.at\/survivalshop\/shop\/"},{"@type":"ListItem","position":3,"name":"X-BOW FMA Supersonic REV XL"}]},{"@type":"WebSite","@id":"https:\/\/ueberlebenskunst.at\/survivalshop\/#website","url":"https:\/\/ueberlebenskunst.at\/survivalshop\/","name":"Reini Rossmann - Survival Shop","description":"Survival Shop f\u00fcr Survival, Bushcraft und Prepper","potentialAction":[{"@type":"SearchAction","target":{"@type":"EntryPoint","urlTemplate":"https:\/\/ueberlebenskunst.at\/survivalshop\/?s={search_term_string}"},"query-input":{"@type":"PropertyValueSpecification","valueRequired":true,"valueName":"search_term_string"}}],"inLanguage":"de"}]}},"_links":{"self":[{"href":"https:\/\/ueberlebenskunst.at\/survivalshop\/wp-json\/wp\/v2\/product\/113391","targetHints":{"allow":["GET"]}}],"collection":[{"href":"https:\/\/ueberlebenskunst.at\/survivalshop\/wp-json\/wp\/v2\/product"}],"about":[{"href":"https:\/\/ueberlebenskunst.at\/survivalshop\/wp-json\/wp\/v2\/types\/product"}],"replies":[{"embeddable":true,"href":"https:\/\/ueberlebenskunst.at\/survivalshop\/wp-json\/wp\/v2\/comments?post=113391"}],"wp:featuredmedia":[{"embeddable":true,"href":"https:\/\/ueberlebenskunst.at\/survivalshop\/wp-json\/wp\/v2\/media\/113400"}],"wp:attachment":[{"href":"https:\/\/ueberlebenskunst.at\/survivalshop\/wp-json\/wp\/v2\/media?parent=113391"}],"wp:term":[{"taxonomy":"product_brand","embeddable":true,"href":"https:\/\/ueberlebenskunst.at\/survivalshop\/wp-json\/wp\/v2\/product_brand?post=113391"},{"taxonomy":"product_cat","embeddable":true,"href":"https:\/\/ueberlebenskunst.at\/survivalshop\/wp-json\/wp\/v2\/product_cat?post=113391"},{"taxonomy":"product_tag","embeddable":true,"href":"https:\/\/ueberlebenskunst.at\/survivalshop\/wp-json\/wp\/v2\/product_tag?post=113391"}],"curies":[{"name":"wp","href":"https:\/\/api.w.org\/{rel}","templated":true}]}}