{"id":111321,"date":"2022-10-25T14:43:21","date_gmt":"2022-10-25T12:43:21","guid":{"rendered":"https:\/\/ueberlebenskunst.at\/survivalshop\/?post_type=product&#038;p=111321"},"modified":"2024-10-10T18:39:07","modified_gmt":"2024-10-10T16:39:07","slug":"x-bow-fma-adder-bolzen","status":"seo-produkt","type":"product","link":"https:\/\/ueberlebenskunst.at\/survivalshop\/shop\/x-bow-fma-adder-bolzen\/","title":{"rendered":"X-Bow FMA Adder Bolzen"},"content":{"rendered":"<h3>X-BOW FMA Adder Bolzen<\/h3>\n<p>Der 8,5 Zoll lange Jagdbolzen von X-BOW fma eignet sich besonders f\u00fcr die Cobra System Adder und kommt mit einem hochwertigen Carbonschaft. Die Besonderheit des Bolzens ist aber die verbaute Jagdspitze. F\u00fcr diese hat X-BOW fma in die &#8220;normale&#8221; Feldspitze eine Klinge eingelassen, die mit ihren scharfen Schneiden einen Schnittdurchmesser von ca. 17mm hat.<\/p>\n<h3><strong>Produktdetails:<\/strong><\/h3>\n<ul>\n<li>L\u00e4nge: 8,5 Zoll (21,8cm)<\/li>\n<li>Material (Schaft): Carbon<\/li>\n<li>\u00d8 au\u00dfen: 7,6 mm<\/li>\n<li>Gewicht: 220 gr<\/li>\n<li>Spitze: Jagdspitze, 100 gr<\/li>\n<li>Spitzenl\u00e4nge: 33,3 mm<\/li>\n<li>Schnittdurchmesser: 17 mm<\/li>\n<li>Befiederung: 2 Zoll<\/li>\n<li>Nocke: Moon Nock<\/li>\n<\/ul>\n<p style=\"text-align: left;\">Bitte beachten: Mit den Bolzen darf nur auf eine <a href=\"https:\/\/ueberlebenskunst.at\/survivalshop\/shop\/steambow-premium-pfeilfangmatte\/\" target=\"_blank\" rel=\"noopener\">Zielscheibe<\/a> oder ein 3D Tier geschossen werden. Das Schie\u00dfen auf harte Gegenst\u00e4nde wie z.B. Holz kann den Bolzen besch\u00e4digen.<\/p>\n<p><strong>Lieferumfang:<\/strong>\u00a02 St\u00fcck<\/p>\n","protected":false},"excerpt":{"rendered":"<p>X-BOW FMA Adder Bolzen Der 8,5 Zoll lange Jagdbolzen von X-BOW fma eignet sich besonders f\u00fcr die Cobra System Adder und kommt mit einem hochwertigen Carbonschaft. Die Besonderheit des Bolzens ist aber die verbaute Jagdspitze. F\u00fcr diese hat X-BOW fma in die &#8220;normale&#8221; Feldspitze eine Klinge eingelassen, die mit ihren scharfen Schneiden einen Schnittdurchmesser von [&hellip;]<\/p>\n","protected":false},"featured_media":111325,"comment_status":"open","ping_status":"closed","template":"","meta":{"_acf_changed":false},"product_brand":[],"product_cat":[1918],"product_tag":[1185,405,898],"class_list":{"0":"post-111321","1":"product","2":"type-product","3":"status-seo-produkt","4":"has-post-thumbnail","6":"product_cat-pfeile-bolzen","7":"product_tag-adder","8":"product_tag-armbrust","9":"product_tag-bolzen","11":"first","12":"outofstock","13":"taxable","14":"shipping-taxable","15":"product-type-simple"},"acf":[],"yoast_head":"<!-- This site is optimized with the Yoast SEO plugin v27.1.1 - https:\/\/yoast.com\/product\/yoast-seo-wordpress\/ -->\n<title>X-Bow FMA Adder Bolzen - Reini Rossmann - Survival Shop<\/title>\n<meta name=\"description\" content=\"Der 8,5 Zoll lange Jagdbolzen von X-BOW fma eignet sich besonders f\u00fcr die Cobra System Adder und kommt mit einem hochwertigen Carbonschaft.\" \/>\n<meta name=\"robots\" content=\"index, follow, max-snippet:-1, max-image-preview:large, max-video-preview:-1\" \/>\n<link rel=\"canonical\" href=\"https:\/\/ueberlebenskunst.at\/survivalshop\/shop\/x-bow-fma-adder-bolzen\/\" \/>\n<meta property=\"og:locale\" content=\"de_DE\" \/>\n<meta property=\"og:type\" content=\"article\" \/>\n<meta property=\"og:title\" content=\"X-Bow FMA Adder Bolzen - Reini Rossmann - Survival Shop\" \/>\n<meta property=\"og:description\" content=\"Der 8,5 Zoll lange Jagdbolzen von X-BOW fma eignet sich besonders f\u00fcr die Cobra System Adder und kommt mit einem hochwertigen Carbonschaft.\" \/>\n<meta property=\"og:url\" content=\"https:\/\/ueberlebenskunst.at\/survivalshop\/shop\/x-bow-fma-adder-bolzen\/\" \/>\n<meta property=\"og:site_name\" content=\"Reini Rossmann - Survival Shop\" \/>\n<meta property=\"article:publisher\" content=\"https:\/\/www.facebook.com\/survival24.org\/\" \/>\n<meta property=\"article:modified_time\" content=\"2024-10-10T16:39:07+00:00\" \/>\n<meta property=\"og:image\" content=\"https:\/\/ueberlebenskunst.at\/survivalshop\/wp-content\/uploads\/2022\/10\/X-Bow-FMA-AdderBolzen.jpg\" \/>\n\t<meta property=\"og:image:width\" content=\"400\" \/>\n\t<meta property=\"og:image:height\" content=\"438\" \/>\n\t<meta property=\"og:image:type\" content=\"image\/jpeg\" \/>\n<meta name=\"twitter:card\" content=\"summary_large_image\" \/>\n<meta name=\"twitter:label1\" content=\"Gesch\u00e4tzte Lesezeit\" \/>\n\t<meta name=\"twitter:data1\" content=\"1\u00a0Minute\" \/>\n<script type=\"application\/ld+json\" class=\"yoast-schema-graph\">{\"@context\":\"https:\/\/schema.org\",\"@graph\":[{\"@type\":\"WebPage\",\"@id\":\"https:\/\/ueberlebenskunst.at\/survivalshop\/shop\/x-bow-fma-adder-bolzen\/\",\"url\":\"https:\/\/ueberlebenskunst.at\/survivalshop\/shop\/x-bow-fma-adder-bolzen\/\",\"name\":\"X-Bow FMA Adder Bolzen - Reini Rossmann - Survival Shop\",\"isPartOf\":{\"@id\":\"https:\/\/ueberlebenskunst.at\/survivalshop\/#website\"},\"primaryImageOfPage\":{\"@id\":\"https:\/\/ueberlebenskunst.at\/survivalshop\/shop\/x-bow-fma-adder-bolzen\/#primaryimage\"},\"image\":{\"@id\":\"https:\/\/ueberlebenskunst.at\/survivalshop\/shop\/x-bow-fma-adder-bolzen\/#primaryimage\"},\"thumbnailUrl\":\"https:\/\/ueberlebenskunst.at\/survivalshop\/wp-content\/uploads\/2022\/10\/X-Bow-FMA-AdderBolzen.jpg\",\"datePublished\":\"2022-10-25T12:43:21+00:00\",\"dateModified\":\"2024-10-10T16:39:07+00:00\",\"description\":\"Der 8,5 Zoll lange Jagdbolzen von X-BOW fma eignet sich besonders f\u00fcr die Cobra System Adder und kommt mit einem hochwertigen Carbonschaft.\",\"breadcrumb\":{\"@id\":\"https:\/\/ueberlebenskunst.at\/survivalshop\/shop\/x-bow-fma-adder-bolzen\/#breadcrumb\"},\"inLanguage\":\"de\",\"potentialAction\":[{\"@type\":\"ReadAction\",\"target\":[\"https:\/\/ueberlebenskunst.at\/survivalshop\/shop\/x-bow-fma-adder-bolzen\/\"]}]},{\"@type\":\"ImageObject\",\"inLanguage\":\"de\",\"@id\":\"https:\/\/ueberlebenskunst.at\/survivalshop\/shop\/x-bow-fma-adder-bolzen\/#primaryimage\",\"url\":\"https:\/\/ueberlebenskunst.at\/survivalshop\/wp-content\/uploads\/2022\/10\/X-Bow-FMA-AdderBolzen.jpg\",\"contentUrl\":\"https:\/\/ueberlebenskunst.at\/survivalshop\/wp-content\/uploads\/2022\/10\/X-Bow-FMA-AdderBolzen.jpg\",\"width\":400,\"height\":438},{\"@type\":\"BreadcrumbList\",\"@id\":\"https:\/\/ueberlebenskunst.at\/survivalshop\/shop\/x-bow-fma-adder-bolzen\/#breadcrumb\",\"itemListElement\":[{\"@type\":\"ListItem\",\"position\":1,\"name\":\"Startseite\",\"item\":\"https:\/\/ueberlebenskunst.at\/survivalshop\/\"},{\"@type\":\"ListItem\",\"position\":2,\"name\":\"Shop\",\"item\":\"https:\/\/ueberlebenskunst.at\/survivalshop\/shop\/\"},{\"@type\":\"ListItem\",\"position\":3,\"name\":\"X-Bow FMA Adder Bolzen\"}]},{\"@type\":\"WebSite\",\"@id\":\"https:\/\/ueberlebenskunst.at\/survivalshop\/#website\",\"url\":\"https:\/\/ueberlebenskunst.at\/survivalshop\/\",\"name\":\"Reini Rossmann - Survival Shop\",\"description\":\"Survival Shop f\u00fcr Survival, Bushcraft und Prepper\",\"potentialAction\":[{\"@type\":\"SearchAction\",\"target\":{\"@type\":\"EntryPoint\",\"urlTemplate\":\"https:\/\/ueberlebenskunst.at\/survivalshop\/?s={search_term_string}\"},\"query-input\":{\"@type\":\"PropertyValueSpecification\",\"valueRequired\":true,\"valueName\":\"search_term_string\"}}],\"inLanguage\":\"de\"}]}<\/script>\n<!-- \/ Yoast SEO plugin. -->","yoast_head_json":{"title":"X-Bow FMA Adder Bolzen - Reini Rossmann - Survival Shop","description":"Der 8,5 Zoll lange Jagdbolzen von X-BOW fma eignet sich besonders f\u00fcr die Cobra System Adder und kommt mit einem hochwertigen Carbonschaft.","robots":{"index":"index","follow":"follow","max-snippet":"max-snippet:-1","max-image-preview":"max-image-preview:large","max-video-preview":"max-video-preview:-1"},"canonical":"https:\/\/ueberlebenskunst.at\/survivalshop\/shop\/x-bow-fma-adder-bolzen\/","og_locale":"de_DE","og_type":"article","og_title":"X-Bow FMA Adder Bolzen - Reini Rossmann - Survival Shop","og_description":"Der 8,5 Zoll lange Jagdbolzen von X-BOW fma eignet sich besonders f\u00fcr die Cobra System Adder und kommt mit einem hochwertigen Carbonschaft.","og_url":"https:\/\/ueberlebenskunst.at\/survivalshop\/shop\/x-bow-fma-adder-bolzen\/","og_site_name":"Reini Rossmann - Survival Shop","article_publisher":"https:\/\/www.facebook.com\/survival24.org\/","article_modified_time":"2024-10-10T16:39:07+00:00","og_image":[{"width":400,"height":438,"url":"https:\/\/ueberlebenskunst.at\/survivalshop\/wp-content\/uploads\/2022\/10\/X-Bow-FMA-AdderBolzen.jpg","type":"image\/jpeg"}],"twitter_card":"summary_large_image","twitter_misc":{"Gesch\u00e4tzte Lesezeit":"1\u00a0Minute"},"schema":{"@context":"https:\/\/schema.org","@graph":[{"@type":"WebPage","@id":"https:\/\/ueberlebenskunst.at\/survivalshop\/shop\/x-bow-fma-adder-bolzen\/","url":"https:\/\/ueberlebenskunst.at\/survivalshop\/shop\/x-bow-fma-adder-bolzen\/","name":"X-Bow FMA Adder Bolzen - Reini Rossmann - Survival Shop","isPartOf":{"@id":"https:\/\/ueberlebenskunst.at\/survivalshop\/#website"},"primaryImageOfPage":{"@id":"https:\/\/ueberlebenskunst.at\/survivalshop\/shop\/x-bow-fma-adder-bolzen\/#primaryimage"},"image":{"@id":"https:\/\/ueberlebenskunst.at\/survivalshop\/shop\/x-bow-fma-adder-bolzen\/#primaryimage"},"thumbnailUrl":"https:\/\/ueberlebenskunst.at\/survivalshop\/wp-content\/uploads\/2022\/10\/X-Bow-FMA-AdderBolzen.jpg","datePublished":"2022-10-25T12:43:21+00:00","dateModified":"2024-10-10T16:39:07+00:00","description":"Der 8,5 Zoll lange Jagdbolzen von X-BOW fma eignet sich besonders f\u00fcr die Cobra System Adder und kommt mit einem hochwertigen Carbonschaft.","breadcrumb":{"@id":"https:\/\/ueberlebenskunst.at\/survivalshop\/shop\/x-bow-fma-adder-bolzen\/#breadcrumb"},"inLanguage":"de","potentialAction":[{"@type":"ReadAction","target":["https:\/\/ueberlebenskunst.at\/survivalshop\/shop\/x-bow-fma-adder-bolzen\/"]}]},{"@type":"ImageObject","inLanguage":"de","@id":"https:\/\/ueberlebenskunst.at\/survivalshop\/shop\/x-bow-fma-adder-bolzen\/#primaryimage","url":"https:\/\/ueberlebenskunst.at\/survivalshop\/wp-content\/uploads\/2022\/10\/X-Bow-FMA-AdderBolzen.jpg","contentUrl":"https:\/\/ueberlebenskunst.at\/survivalshop\/wp-content\/uploads\/2022\/10\/X-Bow-FMA-AdderBolzen.jpg","width":400,"height":438},{"@type":"BreadcrumbList","@id":"https:\/\/ueberlebenskunst.at\/survivalshop\/shop\/x-bow-fma-adder-bolzen\/#breadcrumb","itemListElement":[{"@type":"ListItem","position":1,"name":"Startseite","item":"https:\/\/ueberlebenskunst.at\/survivalshop\/"},{"@type":"ListItem","position":2,"name":"Shop","item":"https:\/\/ueberlebenskunst.at\/survivalshop\/shop\/"},{"@type":"ListItem","position":3,"name":"X-Bow FMA Adder Bolzen"}]},{"@type":"WebSite","@id":"https:\/\/ueberlebenskunst.at\/survivalshop\/#website","url":"https:\/\/ueberlebenskunst.at\/survivalshop\/","name":"Reini Rossmann - Survival Shop","description":"Survival Shop f\u00fcr Survival, Bushcraft und Prepper","potentialAction":[{"@type":"SearchAction","target":{"@type":"EntryPoint","urlTemplate":"https:\/\/ueberlebenskunst.at\/survivalshop\/?s={search_term_string}"},"query-input":{"@type":"PropertyValueSpecification","valueRequired":true,"valueName":"search_term_string"}}],"inLanguage":"de"}]}},"_links":{"self":[{"href":"https:\/\/ueberlebenskunst.at\/survivalshop\/wp-json\/wp\/v2\/product\/111321","targetHints":{"allow":["GET"]}}],"collection":[{"href":"https:\/\/ueberlebenskunst.at\/survivalshop\/wp-json\/wp\/v2\/product"}],"about":[{"href":"https:\/\/ueberlebenskunst.at\/survivalshop\/wp-json\/wp\/v2\/types\/product"}],"replies":[{"embeddable":true,"href":"https:\/\/ueberlebenskunst.at\/survivalshop\/wp-json\/wp\/v2\/comments?post=111321"}],"wp:featuredmedia":[{"embeddable":true,"href":"https:\/\/ueberlebenskunst.at\/survivalshop\/wp-json\/wp\/v2\/media\/111325"}],"wp:attachment":[{"href":"https:\/\/ueberlebenskunst.at\/survivalshop\/wp-json\/wp\/v2\/media?parent=111321"}],"wp:term":[{"taxonomy":"product_brand","embeddable":true,"href":"https:\/\/ueberlebenskunst.at\/survivalshop\/wp-json\/wp\/v2\/product_brand?post=111321"},{"taxonomy":"product_cat","embeddable":true,"href":"https:\/\/ueberlebenskunst.at\/survivalshop\/wp-json\/wp\/v2\/product_cat?post=111321"},{"taxonomy":"product_tag","embeddable":true,"href":"https:\/\/ueberlebenskunst.at\/survivalshop\/wp-json\/wp\/v2\/product_tag?post=111321"}],"curies":[{"name":"wp","href":"https:\/\/api.w.org\/{rel}","templated":true}]}}