{"id":111205,"date":"2022-10-25T09:24:49","date_gmt":"2022-10-25T07:24:49","guid":{"rendered":"https:\/\/ueberlebenskunst.at\/survivalshop\/?post_type=product&#038;p=111205"},"modified":"2026-05-06T21:23:56","modified_gmt":"2026-05-06T19:23:56","slug":"ek-vlad-sehnenwechsel","status":"publish","type":"product","link":"https:\/\/ueberlebenskunst.at\/survivalshop\/shop\/ek-vlad-sehnenwechsel\/","title":{"rendered":"EK Revo 7 und Vlad Sehnenwechsler"},"content":{"rendered":"<p>Dieser Stringer ist f\u00fcr alle B\u00f6gen der EK Archery Vlad und Revo 7 geeignet und konzipiert und ist als Ersatzteil erh\u00e4ltlich.<\/p>\n<p>Im Standard-Lieferumfang der EK Archery Vlad Armbrust ist so ein Stringer bereits enthalten, doch vielleicht willst du einen zus\u00e4tzlichen als Backup besorgen &#8211; dann bist du hier richtig.<\/p>\n<p><strong>Lieferumfang:<\/strong> 1 St\u00fcck<\/p>\n","protected":false},"excerpt":{"rendered":"<p>Dieser Stringer ist f\u00fcr alle B\u00f6gen der EK Archery Vlad und Revo 7 geeignet und konzipiert und ist als Ersatzteil erh\u00e4ltlich. Im Standard-Lieferumfang der EK Archery Vlad Armbrust ist so ein Stringer bereits enthalten, doch vielleicht willst du einen zus\u00e4tzlichen als Backup besorgen &#8211; dann bist du hier richtig. Lieferumfang: 1 St\u00fcck<\/p>\n","protected":false},"featured_media":111207,"comment_status":"open","ping_status":"closed","template":"","meta":{"_acf_changed":false},"product_brand":[],"product_cat":[2374,2332,1769,1894,1925],"product_tag":[405,2333,1212],"class_list":{"0":"post-111205","1":"product","2":"type-product","3":"status-publish","4":"has-post-thumbnail","6":"product_cat-ek-archery-revo-7-bogensport-zubehoer","7":"product_cat-ek-archery-revo-7","8":"product_cat-ek-archery-vlad-bogensport-zubehoer","9":"product_cat-ek-archery-vlad-bogensport-pfeil-kugel","10":"product_cat-sehne","11":"product_tag-armbrust","12":"product_tag-revo-7","13":"product_tag-vlad","15":"first","16":"instock","17":"taxable","18":"shipping-taxable","19":"purchasable","20":"product-type-simple"},"acf":[],"yoast_head":"<!-- This site is optimized with the Yoast SEO plugin v27.1.1 - https:\/\/yoast.com\/product\/yoast-seo-wordpress\/ -->\n<title>EK Revo 7 und Vlad Sehnenwechsler - Reini Rossmann - Survival Shop<\/title>\n<meta name=\"robots\" content=\"index, follow, max-snippet:-1, max-image-preview:large, max-video-preview:-1\" \/>\n<link rel=\"canonical\" href=\"https:\/\/ueberlebenskunst.at\/survivalshop\/shop\/ek-vlad-sehnenwechsel\/\" \/>\n<meta property=\"og:locale\" content=\"de_DE\" \/>\n<meta property=\"og:type\" content=\"article\" \/>\n<meta property=\"og:title\" content=\"EK Revo 7 und Vlad Sehnenwechsler - Reini Rossmann - Survival Shop\" \/>\n<meta property=\"og:description\" content=\"Dieser Stringer ist f\u00fcr alle B\u00f6gen der EK Archery Vlad und Revo 7 geeignet und konzipiert und ist als Ersatzteil erh\u00e4ltlich. Im Standard-Lieferumfang der EK Archery Vlad Armbrust ist so ein Stringer bereits enthalten, doch vielleicht willst du einen zus\u00e4tzlichen als Backup besorgen &#8211; dann bist du hier richtig. Lieferumfang: 1 St\u00fcck\" \/>\n<meta property=\"og:url\" content=\"https:\/\/ueberlebenskunst.at\/survivalshop\/shop\/ek-vlad-sehnenwechsel\/\" \/>\n<meta property=\"og:site_name\" content=\"Reini Rossmann - Survival Shop\" \/>\n<meta property=\"article:publisher\" content=\"https:\/\/www.facebook.com\/survival24.org\/\" \/>\n<meta property=\"article:modified_time\" content=\"2026-05-06T19:23:56+00:00\" \/>\n<meta property=\"og:image\" content=\"https:\/\/ueberlebenskunst.at\/survivalshop\/wp-content\/uploads\/2022\/10\/StringerVlad.jpg\" \/>\n\t<meta property=\"og:image:width\" content=\"350\" \/>\n\t<meta property=\"og:image:height\" content=\"491\" \/>\n\t<meta property=\"og:image:type\" content=\"image\/jpeg\" \/>\n<meta name=\"twitter:card\" content=\"summary_large_image\" \/>\n<meta name=\"twitter:label1\" content=\"Gesch\u00e4tzte Lesezeit\" \/>\n\t<meta name=\"twitter:data1\" content=\"1\u00a0Minute\" \/>\n<script type=\"application\/ld+json\" class=\"yoast-schema-graph\">{\"@context\":\"https:\/\/schema.org\",\"@graph\":[{\"@type\":\"WebPage\",\"@id\":\"https:\/\/ueberlebenskunst.at\/survivalshop\/shop\/ek-vlad-sehnenwechsel\/\",\"url\":\"https:\/\/ueberlebenskunst.at\/survivalshop\/shop\/ek-vlad-sehnenwechsel\/\",\"name\":\"EK Revo 7 und Vlad Sehnenwechsler - Reini Rossmann - Survival Shop\",\"isPartOf\":{\"@id\":\"https:\/\/ueberlebenskunst.at\/survivalshop\/#website\"},\"primaryImageOfPage\":{\"@id\":\"https:\/\/ueberlebenskunst.at\/survivalshop\/shop\/ek-vlad-sehnenwechsel\/#primaryimage\"},\"image\":{\"@id\":\"https:\/\/ueberlebenskunst.at\/survivalshop\/shop\/ek-vlad-sehnenwechsel\/#primaryimage\"},\"thumbnailUrl\":\"https:\/\/ueberlebenskunst.at\/survivalshop\/wp-content\/uploads\/2022\/10\/StringerVlad.jpg\",\"datePublished\":\"2022-10-25T07:24:49+00:00\",\"dateModified\":\"2026-05-06T19:23:56+00:00\",\"breadcrumb\":{\"@id\":\"https:\/\/ueberlebenskunst.at\/survivalshop\/shop\/ek-vlad-sehnenwechsel\/#breadcrumb\"},\"inLanguage\":\"de\",\"potentialAction\":[{\"@type\":\"ReadAction\",\"target\":[\"https:\/\/ueberlebenskunst.at\/survivalshop\/shop\/ek-vlad-sehnenwechsel\/\"]}]},{\"@type\":\"ImageObject\",\"inLanguage\":\"de\",\"@id\":\"https:\/\/ueberlebenskunst.at\/survivalshop\/shop\/ek-vlad-sehnenwechsel\/#primaryimage\",\"url\":\"https:\/\/ueberlebenskunst.at\/survivalshop\/wp-content\/uploads\/2022\/10\/StringerVlad.jpg\",\"contentUrl\":\"https:\/\/ueberlebenskunst.at\/survivalshop\/wp-content\/uploads\/2022\/10\/StringerVlad.jpg\",\"width\":350,\"height\":491},{\"@type\":\"BreadcrumbList\",\"@id\":\"https:\/\/ueberlebenskunst.at\/survivalshop\/shop\/ek-vlad-sehnenwechsel\/#breadcrumb\",\"itemListElement\":[{\"@type\":\"ListItem\",\"position\":1,\"name\":\"Startseite\",\"item\":\"https:\/\/ueberlebenskunst.at\/survivalshop\/\"},{\"@type\":\"ListItem\",\"position\":2,\"name\":\"Shop\",\"item\":\"https:\/\/ueberlebenskunst.at\/survivalshop\/shop\/\"},{\"@type\":\"ListItem\",\"position\":3,\"name\":\"EK Revo 7 und Vlad Sehnenwechsler\"}]},{\"@type\":\"WebSite\",\"@id\":\"https:\/\/ueberlebenskunst.at\/survivalshop\/#website\",\"url\":\"https:\/\/ueberlebenskunst.at\/survivalshop\/\",\"name\":\"Reini Rossmann - Survival Shop\",\"description\":\"Survival Shop f\u00fcr Survival, Bushcraft und Prepper\",\"potentialAction\":[{\"@type\":\"SearchAction\",\"target\":{\"@type\":\"EntryPoint\",\"urlTemplate\":\"https:\/\/ueberlebenskunst.at\/survivalshop\/?s={search_term_string}\"},\"query-input\":{\"@type\":\"PropertyValueSpecification\",\"valueRequired\":true,\"valueName\":\"search_term_string\"}}],\"inLanguage\":\"de\"}]}<\/script>\n<!-- \/ Yoast SEO plugin. -->","yoast_head_json":{"title":"EK Revo 7 und Vlad Sehnenwechsler - Reini Rossmann - Survival Shop","robots":{"index":"index","follow":"follow","max-snippet":"max-snippet:-1","max-image-preview":"max-image-preview:large","max-video-preview":"max-video-preview:-1"},"canonical":"https:\/\/ueberlebenskunst.at\/survivalshop\/shop\/ek-vlad-sehnenwechsel\/","og_locale":"de_DE","og_type":"article","og_title":"EK Revo 7 und Vlad Sehnenwechsler - Reini Rossmann - Survival Shop","og_description":"Dieser Stringer ist f\u00fcr alle B\u00f6gen der EK Archery Vlad und Revo 7 geeignet und konzipiert und ist als Ersatzteil erh\u00e4ltlich. Im Standard-Lieferumfang der EK Archery Vlad Armbrust ist so ein Stringer bereits enthalten, doch vielleicht willst du einen zus\u00e4tzlichen als Backup besorgen &#8211; dann bist du hier richtig. Lieferumfang: 1 St\u00fcck","og_url":"https:\/\/ueberlebenskunst.at\/survivalshop\/shop\/ek-vlad-sehnenwechsel\/","og_site_name":"Reini Rossmann - Survival Shop","article_publisher":"https:\/\/www.facebook.com\/survival24.org\/","article_modified_time":"2026-05-06T19:23:56+00:00","og_image":[{"width":350,"height":491,"url":"https:\/\/ueberlebenskunst.at\/survivalshop\/wp-content\/uploads\/2022\/10\/StringerVlad.jpg","type":"image\/jpeg"}],"twitter_card":"summary_large_image","twitter_misc":{"Gesch\u00e4tzte Lesezeit":"1\u00a0Minute"},"schema":{"@context":"https:\/\/schema.org","@graph":[{"@type":"WebPage","@id":"https:\/\/ueberlebenskunst.at\/survivalshop\/shop\/ek-vlad-sehnenwechsel\/","url":"https:\/\/ueberlebenskunst.at\/survivalshop\/shop\/ek-vlad-sehnenwechsel\/","name":"EK Revo 7 und Vlad Sehnenwechsler - Reini Rossmann - Survival Shop","isPartOf":{"@id":"https:\/\/ueberlebenskunst.at\/survivalshop\/#website"},"primaryImageOfPage":{"@id":"https:\/\/ueberlebenskunst.at\/survivalshop\/shop\/ek-vlad-sehnenwechsel\/#primaryimage"},"image":{"@id":"https:\/\/ueberlebenskunst.at\/survivalshop\/shop\/ek-vlad-sehnenwechsel\/#primaryimage"},"thumbnailUrl":"https:\/\/ueberlebenskunst.at\/survivalshop\/wp-content\/uploads\/2022\/10\/StringerVlad.jpg","datePublished":"2022-10-25T07:24:49+00:00","dateModified":"2026-05-06T19:23:56+00:00","breadcrumb":{"@id":"https:\/\/ueberlebenskunst.at\/survivalshop\/shop\/ek-vlad-sehnenwechsel\/#breadcrumb"},"inLanguage":"de","potentialAction":[{"@type":"ReadAction","target":["https:\/\/ueberlebenskunst.at\/survivalshop\/shop\/ek-vlad-sehnenwechsel\/"]}]},{"@type":"ImageObject","inLanguage":"de","@id":"https:\/\/ueberlebenskunst.at\/survivalshop\/shop\/ek-vlad-sehnenwechsel\/#primaryimage","url":"https:\/\/ueberlebenskunst.at\/survivalshop\/wp-content\/uploads\/2022\/10\/StringerVlad.jpg","contentUrl":"https:\/\/ueberlebenskunst.at\/survivalshop\/wp-content\/uploads\/2022\/10\/StringerVlad.jpg","width":350,"height":491},{"@type":"BreadcrumbList","@id":"https:\/\/ueberlebenskunst.at\/survivalshop\/shop\/ek-vlad-sehnenwechsel\/#breadcrumb","itemListElement":[{"@type":"ListItem","position":1,"name":"Startseite","item":"https:\/\/ueberlebenskunst.at\/survivalshop\/"},{"@type":"ListItem","position":2,"name":"Shop","item":"https:\/\/ueberlebenskunst.at\/survivalshop\/shop\/"},{"@type":"ListItem","position":3,"name":"EK Revo 7 und Vlad Sehnenwechsler"}]},{"@type":"WebSite","@id":"https:\/\/ueberlebenskunst.at\/survivalshop\/#website","url":"https:\/\/ueberlebenskunst.at\/survivalshop\/","name":"Reini Rossmann - Survival Shop","description":"Survival Shop f\u00fcr Survival, Bushcraft und Prepper","potentialAction":[{"@type":"SearchAction","target":{"@type":"EntryPoint","urlTemplate":"https:\/\/ueberlebenskunst.at\/survivalshop\/?s={search_term_string}"},"query-input":{"@type":"PropertyValueSpecification","valueRequired":true,"valueName":"search_term_string"}}],"inLanguage":"de"}]}},"_links":{"self":[{"href":"https:\/\/ueberlebenskunst.at\/survivalshop\/wp-json\/wp\/v2\/product\/111205","targetHints":{"allow":["GET"]}}],"collection":[{"href":"https:\/\/ueberlebenskunst.at\/survivalshop\/wp-json\/wp\/v2\/product"}],"about":[{"href":"https:\/\/ueberlebenskunst.at\/survivalshop\/wp-json\/wp\/v2\/types\/product"}],"replies":[{"embeddable":true,"href":"https:\/\/ueberlebenskunst.at\/survivalshop\/wp-json\/wp\/v2\/comments?post=111205"}],"wp:featuredmedia":[{"embeddable":true,"href":"https:\/\/ueberlebenskunst.at\/survivalshop\/wp-json\/wp\/v2\/media\/111207"}],"wp:attachment":[{"href":"https:\/\/ueberlebenskunst.at\/survivalshop\/wp-json\/wp\/v2\/media?parent=111205"}],"wp:term":[{"taxonomy":"product_brand","embeddable":true,"href":"https:\/\/ueberlebenskunst.at\/survivalshop\/wp-json\/wp\/v2\/product_brand?post=111205"},{"taxonomy":"product_cat","embeddable":true,"href":"https:\/\/ueberlebenskunst.at\/survivalshop\/wp-json\/wp\/v2\/product_cat?post=111205"},{"taxonomy":"product_tag","embeddable":true,"href":"https:\/\/ueberlebenskunst.at\/survivalshop\/wp-json\/wp\/v2\/product_tag?post=111205"}],"curies":[{"name":"wp","href":"https:\/\/api.w.org\/{rel}","templated":true}]}}