{"id":111186,"date":"2022-10-25T08:15:25","date_gmt":"2022-10-25T06:15:25","guid":{"rendered":"https:\/\/ueberlebenskunst.at\/survivalshop\/?post_type=product&#038;p=111186"},"modified":"2024-03-20T17:05:08","modified_gmt":"2024-03-20T16:05:08","slug":"111186","status":"seo-produkt","type":"product","link":"https:\/\/ueberlebenskunst.at\/survivalshop\/shop\/111186\/","title":{"rendered":"X-BOW FMA Supersonic REV TACTICAL XL 120 lbs"},"content":{"rendered":"<p>Nicht weniger als noch mehr Perfektion war f\u00fcr X-BOW FMA das Ziel, bei der Weiterentwicklung der Supersonic REV. Und dies wurde erreicht! In der neuesten Evolutionsstufe verf\u00fcgt die X-BOW FMA Supersonic REV \u00fcber ein kompaktes, schlankes, einfach geniales Magazin, dass sich mit nur 5,5 cm H\u00f6he optimal in das Design der Armbrust integriert.<\/p>\n<p>Es fasst bis zu sechs Bolzen, die vollkommen automatisch nachgeladen werden und eine schnelle Schussfolge erm\u00f6glichen. Direkt nach dem Spannvorgang f\u00e4llt der n\u00e4chste Bolzen auf den Lauf und ist bereit zum Abschuss. Als besondere Sicherheitsma\u00dfnahme verriegelt das Magazin nach dem letzten Bolzen und l\u00e4sst ein erneutes Spannen der Armbrust nicht zu. So merkt der Sch\u00fctze nicht nur, dass das Magazin leer ist, sondern es wird auch verhindert, dass unbeabsichtigt ein Leerschuss abgegeben werden kann.<\/p>\n<p><strong>Die Basis: X-BOW FMA Supersonic REV &#8211; 120 lbs \/ 420 fps &#8211; Reversearmbrust<\/strong><\/p>\n<p>Die X-BOW FMA Supersonic war und ist bis heute eine echte Revolution auf dem Markt der Armbr\u00fcste, die man nicht mehr besser machen kann &#8211; eigentlich&#8230; Darauf wollte sich X-BOW fma Engineering allerdings nicht ausruhen und hat sich die Supersonic trotzdem nochmal vorgenommen. Herausgekommen ist eine Reverse-Armbrust, die wieder eine echte Innovation darstellt: Die X-BOW FMA Supersonic REV. Eine kleine, kompakte, wenn nicht sogar DIE kleinste, Reversearmbrust auf dem Markt.<\/p>\n<p>Mit der Supersonic REV kommt eine leistungsstarke Armbrust, die das Compoundprinzip konsequent umsetzt und mit der Reverse-Technologie vereint. Auf den ersten Blick mutet die Armbrust seltsam an, da ihre Wurfarme falsch herum montiert zu sein scheinen. Doch das ist Absicht, denn &#8220;Reverse&#8221; bedeutet im Englischen nichts anderes als &#8220;umgekehrt&#8221; und bezeichnet die Bauart und Funktionsweise der Supersonic REV. Die umgekehrten Wurfarme und anders geformten Cams verl\u00e4ngern den Power Stroke und erh\u00f6hen damit die Kraft, die auf den Bolzen wirkt. So erreicht die Armbrust Bolzengeschwindigkeiten von denen normale Armbr\u00fcste nur tr\u00e4umen k\u00f6nnen. Trotz ihrer ultrakompakten Gr\u00f6\u00dfe verf\u00fcgt sie \u00fcber ein Zuggewicht von 120 lbs und erzeugt Bolzengeschwindigkeiten von mehr als 420 fps \/ 460 km\/h (je nach verwendetem Bolzen). Damit eignet sie sich f\u00fcr Schussdistanzen von bis zu 60m. Solche Werte kannte man bisher nur von deutlich gr\u00f6\u00dferen Armbr\u00fcsten!<\/p>\n<p>Ein weiteres Highlight ist das innovative, bereits bei der Supersonic verwendete, Seilzugsystem, mit dem sich auch die Supersonic REV bequem spannen l\u00e4sst. Dazu wird einfach am hinteren Griff gezogen und die Armbrust gespannt. Das Spannsystem ist dabei so gebaut, dass die maximal aufzuwendende Kraft, \u00fcber die gesamte L\u00e4nge des Power Strokes, 52lbs nicht \u00fcbersteigt.<\/p>\n<h3><strong>In 2 Varianten erh\u00e4ltlich:<\/strong><\/h3>\n<p>Nat\u00fcrlich stattet X-BOW FMA auch die Supersonic REV TACTICAL mit den verstellbaren Sch\u00e4ften im Triangel- oder L-Style aus. Mit den verl\u00e4ngerten Sch\u00e4ften liegt die Supersonic REV TACTICAL noch besser in der Hand und l\u00e4sst sich optimal auf jeden Sch\u00fctzen einstellen. Das Material ist ein hochwertiger, glasfaserverst\u00e4rkter und hitzebest\u00e4ndiger Kunststoff, dessen Oberfl\u00e4che rutschfest ist.<\/p>\n<p>Mit dem <strong>Triangel-Schaft<\/strong> kommt die Supersonic REV XL TACTICAL in einer ultrakompakten und minimalistischen Bauweise im A-Frame-Design. Diese Form bietet eine erweiterte Querverstrebung und erzeugt so die markant auff\u00e4llige Triangelform. Eine hohe Stabilit\u00e4t sowie ein einfacher Zugang zur optimal positionierten L\u00e4ngenverstellung der Schulterst\u00fctze sind die Merkmale, die zuk\u00fcnftige Besitzer von Beginn an lieben werden. Der Schaft kombiniert starkes Design mit einer hervorragenden Ergonomie.<\/p>\n<p>Der<strong> L-Schaft<\/strong> bietet dir verschiedene Vorteile und Verwendungsm\u00f6glichkeiten. Die offene Schulterst\u00fctze ist extrem leicht und kann zus\u00e4tzlich als Griff oder zum Anh\u00e4ngen an einer entsprechenden Vorrichtung verwendet werden. Die schlanke Form greift die \u00c4sthetik der Supersonic REV TACTICAL geschickt auf, spannt einen gelungenen Designbogen zwischen Griff und Schulterteil.<\/p>\n<p>Gut zu wissen &#8211; mit dem zus\u00e4tzlichen Schaft bringt es die Supersonic REV XL auf eine maximale L\u00e4nge von 67 cm. Dank der Option, die L\u00e4nge einzustellen, ist eine Anpassung auf minimal 61 cm m\u00f6glich. Durch die Demontage des Rollenhalters k\u00f6nnen weitere 2 cm eingespart werden. Je nach gew\u00e4hlter Konfiguration ist die XL-Version so zwischen 19 und 25 cm l\u00e4nger als die kompakte Supersonic REV ohne Schaft.<\/p>\n<h3><strong>Produktdetails:<\/strong><\/h3>\n<ul>\n<li>Design in L-Form oder Triangelform sorgt f\u00fcr eine ultrakompakte und leichte Bauweise.<\/li>\n<li>Ein stabilerer Stand sorgt f\u00fcr mehr Schussruhe und ein besseres Trefferbild.<\/li>\n<li>Die einstellbare Schulterst\u00fctze l\u00e4sst Anpassungen in der L\u00e4nge zu.<\/li>\n<li>Bis zu 25 cm l\u00e4nger als die urspr\u00fcngliche X-BOW FMA Supersonic REV.<\/li>\n<\/ul>\n<h3><strong>Technische Daten:<\/strong><\/h3>\n<ul>\n<li>Zuggewicht: 120 lbs<\/li>\n<li>Bolzengeschwindigkeit: 310-340 fps mit den Tactical Bolzen (135gr)<\/li>\n<li>Kinetische Energie: 52 Joule<\/li>\n<li>Mindestbolzengewicht: 100 gr<\/li>\n<li>Gewicht:<br \/>\nSupersonic REV XL mit Triangel-Schaft: ca. 2,00 kg<br \/>\nSupersonic REV XL mit L-Schaft: ca. 1,96 kg<\/li>\n<li>Power Stroke: 8,25 Zoll (ca. 21cm)<\/li>\n<li>Zuggewicht beim Spannen: 52 lbs<\/li>\n<li>L\u00e4nge: ca. 61 &#8211; 67 cm<\/li>\n<li>Breite (gespannt, Achsabstand): 4,9 Zoll (ca. 12,4 cm)<\/li>\n<li>Breite (gespannt, gesamt): 7,5 Zoll (ca. 19 cm)<\/li>\n<li>Breite (ungespannt, Achsabstand): 8.5 Zoll (ca. 21,7 cm)<\/li>\n<li>Breite (ungespannt, gesamt): 11,4 Zoll (ca. 29 cm)<\/li>\n<li>Visierschiene: 19 mm<\/li>\n<li>Magazinkapazit\u00e4t: 6 Bolzen<\/li>\n<li>Sehnen und Kabel: Made in USA<\/li>\n<\/ul>\n<h3><strong>Lieferumfang:<\/strong><\/h3>\n<ul>\n<li>1x Armbust<\/li>\n<li>10x REV Tactical Bolzen<\/li>\n<li>1x Red Dot<\/li>\n<li>1x Wax<\/li>\n<li>Montagematerial<\/li>\n<li>Mehrsprachige Anleitung<\/li>\n<\/ul>\n<h3><strong>Passendes Zubeh\u00f6r:<\/strong><\/h3>\n<ul>\n<li><a href=\"https:\/\/ueberlebenskunst.at\/survivalshop\/shop\/universal-halterung-fuer-x-bow-supersonic-rev\/\" target=\"_blank\" rel=\"noopener\">Universal Halterung f\u00fcr X-Bow Supersonic REV<\/a><\/li>\n<li><a href=\"https:\/\/ueberlebenskunst.at\/survivalshop\/shop\/taktischer-frontgriff-mit-zweibein-funktion\/\" target=\"_blank\" rel=\"noopener\">Taktischer Frontgriff mit Zweibein Funktion<\/a><\/li>\n<li><a href=\"https:\/\/ueberlebenskunst.at\/survivalshop\/shop\/hawke-armbrust-zielfernrohr-15-5x32\/\" target=\"_blank\" rel=\"noopener\">Hawke Armbrust Zielfernrohr<\/a><\/li>\n<li><a href=\"https:\/\/ueberlebenskunst.at\/survivalshop\/shop\/x-bow-fma-supersonic-pro-carbonbolzen\/\" target=\"_blank\" rel=\"noopener\">X-BOW FMA Supersonic Pro Carbonbolzen<\/a><\/li>\n<\/ul>\n<p><strong>Bitte beachte:<\/strong> Die X-BOW FMA Supersonic REV TACTICAL darf nur mit Bolzen, die ausdr\u00fccklich f\u00fcr die X-BOW FMA Supersonic REV TACTICAL geeignet sind, geschossen werden. Sollten andere Bolzen verwendet werden, erlischt die Garantie auf die Armbrust, da es bei der Verwendung anderer Bolzen zu sichtbaren oder unsichtbaren Besch\u00e4digungen an der Armbrust kommen kann.<\/p>\n<p><strong>WICHTIG! Verkauf erfolgt erst ab 18 Jahren.<\/strong><br \/>\n<strong>AUSWEIS ERFORDERLICH<\/strong><br \/>\n<strong>Achtung: Die Armbrust kann nur an Personen \u00fcber 18 Jahre abgegeben werden. Bitte deine Ausweiskopie beim Bestellabschluss hochladen.<\/strong><\/p>\n","protected":false},"excerpt":{"rendered":"<p>Nicht weniger als noch mehr Perfektion war f\u00fcr X-BOW FMA das Ziel, bei der Weiterentwicklung der Supersonic REV. Und dies wurde erreicht! In der neuesten Evolutionsstufe verf\u00fcgt die X-BOW FMA Supersonic REV \u00fcber ein kompaktes, schlankes, einfach geniales Magazin, dass sich mit nur 5,5 cm H\u00f6he optimal in das Design der Armbrust integriert. Es fasst [&hellip;]<\/p>\n","protected":false},"featured_media":111199,"comment_status":"open","ping_status":"closed","template":"","meta":{"_acf_changed":false},"product_brand":[],"product_cat":[1892,1891],"product_tag":[405,1224,1227],"class_list":{"0":"post-111186","1":"product","2":"type-product","3":"status-seo-produkt","4":"has-post-thumbnail","6":"product_cat-bogensport-pfeil-kugel","7":"product_cat-pfeil-kugel","8":"product_tag-armbrust","9":"product_tag-supersonic","10":"product_tag-x-bow","11":"pa_platform-l-schaft","12":"pa_platform-triangel-schaft","14":"first","15":"outofstock","16":"taxable","17":"shipping-taxable","18":"product-type-variable"},"acf":[],"yoast_head":"<!-- This site is optimized with the Yoast SEO plugin v27.1.1 - https:\/\/yoast.com\/product\/yoast-seo-wordpress\/ -->\n<title>X-BOW FMA Supersonic REV TACTICAL XL 120 lbs<\/title>\n<meta name=\"description\" content=\"Mit dem zus\u00e4tzlichen Schaft bringt es die Supersonic REV XL auf eine maximale L\u00e4nge von 67 cm. Dank der Option, die L\u00e4nge einzustellen, ist eine Anpassung auf minimal 61 cm m\u00f6glich.\" \/>\n<meta name=\"robots\" content=\"index, follow, max-snippet:-1, max-image-preview:large, max-video-preview:-1\" \/>\n<link rel=\"canonical\" href=\"https:\/\/ueberlebenskunst.at\/survivalshop\/shop\/111186\/\" \/>\n<meta property=\"og:locale\" content=\"de_DE\" \/>\n<meta property=\"og:type\" content=\"article\" \/>\n<meta property=\"og:title\" content=\"X-BOW FMA Supersonic REV TACTICAL XL 120 lbs\" \/>\n<meta property=\"og:description\" content=\"Mit dem zus\u00e4tzlichen Schaft bringt es die Supersonic REV XL auf eine maximale L\u00e4nge von 67 cm. Dank der Option, die L\u00e4nge einzustellen, ist eine Anpassung auf minimal 61 cm m\u00f6glich.\" \/>\n<meta property=\"og:url\" content=\"https:\/\/ueberlebenskunst.at\/survivalshop\/shop\/111186\/\" \/>\n<meta property=\"og:site_name\" content=\"Reini Rossmann - Survival Shop\" \/>\n<meta property=\"article:publisher\" content=\"https:\/\/www.facebook.com\/survival24.org\/\" \/>\n<meta property=\"article:modified_time\" content=\"2024-03-20T16:05:08+00:00\" \/>\n<meta property=\"og:image\" content=\"https:\/\/ueberlebenskunst.at\/survivalshop\/wp-content\/uploads\/2022\/10\/REV_TACTICAL.jpg\" \/>\n\t<meta property=\"og:image:width\" content=\"400\" \/>\n\t<meta property=\"og:image:height\" content=\"415\" \/>\n\t<meta property=\"og:image:type\" content=\"image\/jpeg\" \/>\n<meta name=\"twitter:card\" content=\"summary_large_image\" \/>\n<meta name=\"twitter:label1\" content=\"Gesch\u00e4tzte Lesezeit\" \/>\n\t<meta name=\"twitter:data1\" content=\"6\u00a0Minuten\" \/>\n<script type=\"application\/ld+json\" class=\"yoast-schema-graph\">{\"@context\":\"https:\/\/schema.org\",\"@graph\":[{\"@type\":\"WebPage\",\"@id\":\"https:\/\/ueberlebenskunst.at\/survivalshop\/shop\/111186\/\",\"url\":\"https:\/\/ueberlebenskunst.at\/survivalshop\/shop\/111186\/\",\"name\":\"X-BOW FMA Supersonic REV TACTICAL XL 120 lbs\",\"isPartOf\":{\"@id\":\"https:\/\/ueberlebenskunst.at\/survivalshop\/#website\"},\"primaryImageOfPage\":{\"@id\":\"https:\/\/ueberlebenskunst.at\/survivalshop\/shop\/111186\/#primaryimage\"},\"image\":{\"@id\":\"https:\/\/ueberlebenskunst.at\/survivalshop\/shop\/111186\/#primaryimage\"},\"thumbnailUrl\":\"https:\/\/ueberlebenskunst.at\/survivalshop\/wp-content\/uploads\/2022\/10\/REV_TACTICAL.jpg\",\"datePublished\":\"2022-10-25T06:15:25+00:00\",\"dateModified\":\"2024-03-20T16:05:08+00:00\",\"description\":\"Mit dem zus\u00e4tzlichen Schaft bringt es die Supersonic REV XL auf eine maximale L\u00e4nge von 67 cm. Dank der Option, die L\u00e4nge einzustellen, ist eine Anpassung auf minimal 61 cm m\u00f6glich.\",\"breadcrumb\":{\"@id\":\"https:\/\/ueberlebenskunst.at\/survivalshop\/shop\/111186\/#breadcrumb\"},\"inLanguage\":\"de\",\"potentialAction\":[{\"@type\":\"ReadAction\",\"target\":[\"https:\/\/ueberlebenskunst.at\/survivalshop\/shop\/111186\/\"]}]},{\"@type\":\"ImageObject\",\"inLanguage\":\"de\",\"@id\":\"https:\/\/ueberlebenskunst.at\/survivalshop\/shop\/111186\/#primaryimage\",\"url\":\"https:\/\/ueberlebenskunst.at\/survivalshop\/wp-content\/uploads\/2022\/10\/REV_TACTICAL.jpg\",\"contentUrl\":\"https:\/\/ueberlebenskunst.at\/survivalshop\/wp-content\/uploads\/2022\/10\/REV_TACTICAL.jpg\",\"width\":400,\"height\":415},{\"@type\":\"BreadcrumbList\",\"@id\":\"https:\/\/ueberlebenskunst.at\/survivalshop\/shop\/111186\/#breadcrumb\",\"itemListElement\":[{\"@type\":\"ListItem\",\"position\":1,\"name\":\"Startseite\",\"item\":\"https:\/\/ueberlebenskunst.at\/survivalshop\/\"},{\"@type\":\"ListItem\",\"position\":2,\"name\":\"Shop\",\"item\":\"https:\/\/ueberlebenskunst.at\/survivalshop\/shop\/\"},{\"@type\":\"ListItem\",\"position\":3,\"name\":\"X-BOW FMA Supersonic REV TACTICAL XL 120 lbs\"}]},{\"@type\":\"WebSite\",\"@id\":\"https:\/\/ueberlebenskunst.at\/survivalshop\/#website\",\"url\":\"https:\/\/ueberlebenskunst.at\/survivalshop\/\",\"name\":\"Reini Rossmann - Survival Shop\",\"description\":\"Survival Shop f\u00fcr Survival, Bushcraft und Prepper\",\"potentialAction\":[{\"@type\":\"SearchAction\",\"target\":{\"@type\":\"EntryPoint\",\"urlTemplate\":\"https:\/\/ueberlebenskunst.at\/survivalshop\/?s={search_term_string}\"},\"query-input\":{\"@type\":\"PropertyValueSpecification\",\"valueRequired\":true,\"valueName\":\"search_term_string\"}}],\"inLanguage\":\"de\"}]}<\/script>\n<!-- \/ Yoast SEO plugin. -->","yoast_head_json":{"title":"X-BOW FMA Supersonic REV TACTICAL XL 120 lbs","description":"Mit dem zus\u00e4tzlichen Schaft bringt es die Supersonic REV XL auf eine maximale L\u00e4nge von 67 cm. Dank der Option, die L\u00e4nge einzustellen, ist eine Anpassung auf minimal 61 cm m\u00f6glich.","robots":{"index":"index","follow":"follow","max-snippet":"max-snippet:-1","max-image-preview":"max-image-preview:large","max-video-preview":"max-video-preview:-1"},"canonical":"https:\/\/ueberlebenskunst.at\/survivalshop\/shop\/111186\/","og_locale":"de_DE","og_type":"article","og_title":"X-BOW FMA Supersonic REV TACTICAL XL 120 lbs","og_description":"Mit dem zus\u00e4tzlichen Schaft bringt es die Supersonic REV XL auf eine maximale L\u00e4nge von 67 cm. Dank der Option, die L\u00e4nge einzustellen, ist eine Anpassung auf minimal 61 cm m\u00f6glich.","og_url":"https:\/\/ueberlebenskunst.at\/survivalshop\/shop\/111186\/","og_site_name":"Reini Rossmann - Survival Shop","article_publisher":"https:\/\/www.facebook.com\/survival24.org\/","article_modified_time":"2024-03-20T16:05:08+00:00","og_image":[{"width":400,"height":415,"url":"https:\/\/ueberlebenskunst.at\/survivalshop\/wp-content\/uploads\/2022\/10\/REV_TACTICAL.jpg","type":"image\/jpeg"}],"twitter_card":"summary_large_image","twitter_misc":{"Gesch\u00e4tzte Lesezeit":"6\u00a0Minuten"},"schema":{"@context":"https:\/\/schema.org","@graph":[{"@type":"WebPage","@id":"https:\/\/ueberlebenskunst.at\/survivalshop\/shop\/111186\/","url":"https:\/\/ueberlebenskunst.at\/survivalshop\/shop\/111186\/","name":"X-BOW FMA Supersonic REV TACTICAL XL 120 lbs","isPartOf":{"@id":"https:\/\/ueberlebenskunst.at\/survivalshop\/#website"},"primaryImageOfPage":{"@id":"https:\/\/ueberlebenskunst.at\/survivalshop\/shop\/111186\/#primaryimage"},"image":{"@id":"https:\/\/ueberlebenskunst.at\/survivalshop\/shop\/111186\/#primaryimage"},"thumbnailUrl":"https:\/\/ueberlebenskunst.at\/survivalshop\/wp-content\/uploads\/2022\/10\/REV_TACTICAL.jpg","datePublished":"2022-10-25T06:15:25+00:00","dateModified":"2024-03-20T16:05:08+00:00","description":"Mit dem zus\u00e4tzlichen Schaft bringt es die Supersonic REV XL auf eine maximale L\u00e4nge von 67 cm. Dank der Option, die L\u00e4nge einzustellen, ist eine Anpassung auf minimal 61 cm m\u00f6glich.","breadcrumb":{"@id":"https:\/\/ueberlebenskunst.at\/survivalshop\/shop\/111186\/#breadcrumb"},"inLanguage":"de","potentialAction":[{"@type":"ReadAction","target":["https:\/\/ueberlebenskunst.at\/survivalshop\/shop\/111186\/"]}]},{"@type":"ImageObject","inLanguage":"de","@id":"https:\/\/ueberlebenskunst.at\/survivalshop\/shop\/111186\/#primaryimage","url":"https:\/\/ueberlebenskunst.at\/survivalshop\/wp-content\/uploads\/2022\/10\/REV_TACTICAL.jpg","contentUrl":"https:\/\/ueberlebenskunst.at\/survivalshop\/wp-content\/uploads\/2022\/10\/REV_TACTICAL.jpg","width":400,"height":415},{"@type":"BreadcrumbList","@id":"https:\/\/ueberlebenskunst.at\/survivalshop\/shop\/111186\/#breadcrumb","itemListElement":[{"@type":"ListItem","position":1,"name":"Startseite","item":"https:\/\/ueberlebenskunst.at\/survivalshop\/"},{"@type":"ListItem","position":2,"name":"Shop","item":"https:\/\/ueberlebenskunst.at\/survivalshop\/shop\/"},{"@type":"ListItem","position":3,"name":"X-BOW FMA Supersonic REV TACTICAL XL 120 lbs"}]},{"@type":"WebSite","@id":"https:\/\/ueberlebenskunst.at\/survivalshop\/#website","url":"https:\/\/ueberlebenskunst.at\/survivalshop\/","name":"Reini Rossmann - Survival Shop","description":"Survival Shop f\u00fcr Survival, Bushcraft und Prepper","potentialAction":[{"@type":"SearchAction","target":{"@type":"EntryPoint","urlTemplate":"https:\/\/ueberlebenskunst.at\/survivalshop\/?s={search_term_string}"},"query-input":{"@type":"PropertyValueSpecification","valueRequired":true,"valueName":"search_term_string"}}],"inLanguage":"de"}]}},"_links":{"self":[{"href":"https:\/\/ueberlebenskunst.at\/survivalshop\/wp-json\/wp\/v2\/product\/111186","targetHints":{"allow":["GET"]}}],"collection":[{"href":"https:\/\/ueberlebenskunst.at\/survivalshop\/wp-json\/wp\/v2\/product"}],"about":[{"href":"https:\/\/ueberlebenskunst.at\/survivalshop\/wp-json\/wp\/v2\/types\/product"}],"replies":[{"embeddable":true,"href":"https:\/\/ueberlebenskunst.at\/survivalshop\/wp-json\/wp\/v2\/comments?post=111186"}],"wp:featuredmedia":[{"embeddable":true,"href":"https:\/\/ueberlebenskunst.at\/survivalshop\/wp-json\/wp\/v2\/media\/111199"}],"wp:attachment":[{"href":"https:\/\/ueberlebenskunst.at\/survivalshop\/wp-json\/wp\/v2\/media?parent=111186"}],"wp:term":[{"taxonomy":"product_brand","embeddable":true,"href":"https:\/\/ueberlebenskunst.at\/survivalshop\/wp-json\/wp\/v2\/product_brand?post=111186"},{"taxonomy":"product_cat","embeddable":true,"href":"https:\/\/ueberlebenskunst.at\/survivalshop\/wp-json\/wp\/v2\/product_cat?post=111186"},{"taxonomy":"product_tag","embeddable":true,"href":"https:\/\/ueberlebenskunst.at\/survivalshop\/wp-json\/wp\/v2\/product_tag?post=111186"}],"curies":[{"name":"wp","href":"https:\/\/api.w.org\/{rel}","templated":true}]}}