{"id":107709,"date":"2022-10-10T11:12:05","date_gmt":"2022-10-10T09:12:05","guid":{"rendered":"https:\/\/ueberlebenskunst.at\/survivalshop\/?post_type=product&#038;p=107709"},"modified":"2026-04-13T21:55:22","modified_gmt":"2026-04-13T19:55:22","slug":"k4-universal-keramikschleifstab-halterung-keramikschleifstab","status":"publish","type":"product","link":"https:\/\/ueberlebenskunst.at\/survivalshop\/shop\/k4-universal-keramikschleifstab-halterung-keramikschleifstab\/","title":{"rendered":"K4 Universal Keramikschleifstab Halterung + Keramikschleifstab"},"content":{"rendered":"<p>Mit der Universal-Keramikschleifstab-Halterung hast du dein Schleifger\u00e4t immer direkt am Messer mit dabei.<br \/>\nDank der ausgekl\u00fcgelten Langl\u00f6cher ist er f\u00fcr so gut wie jede Messerscheide mit Bohrungen von mind 5,2 mm Durchmesser geeignet.<br \/>\nWo ein <a href=\"https:\/\/ueberlebenskunst.at\/survivalshop\/shop\/ulticlip-slim-2-2-fuer-knives4-messer\/\" target=\"_blank\" rel=\"noopener\">UltiClip<\/a> oder <a href=\"https:\/\/ueberlebenskunst.at\/survivalshop\/shop\/reini-rossmann-messer-bushcraft-beaver\/\" target=\"_blank\" rel=\"noopener\">Tek Lok (wie der beim Bushcraft Beaver)<\/a>\u00a0 auf die Messerscheide passt, dort ist in jedem Fall auch unser neuer Universal Feuerstahlhalter kompatibel! Ideal f\u00fcr Messerscheiden mit einer Dicke von ca. 4 mm. Durch das flexible Material passt er sich aber auch anderen Dicken sehr gut an.<\/p>\n<p>Mit den mitgelieferten <a href=\"https:\/\/ueberlebenskunst.at\/survivalshop\/shop\/2er-schraubenset\/\" target=\"_blank\" rel=\"noopener\">Schrauben-Sets<\/a> wird der Halter an der Messerscheide montiert. Dank der Kreuzschlitzschrauben ist die Montage mit einfachem Werkzeug m\u00f6glich.<br \/>\nDie Gummischeibe dient zum Ausgleich, solltest du den Halter einmal an einer d\u00fcnnen Messerscheide anbringen wollen. Im Rautenmuster oder im Fuzzy Stil erh\u00e4ltlich.<\/p>\n<h3>Erh\u00e4ltlich in diesen Abmessungen:<\/h3>\n<p>8 mm x 100 mm: f\u00fcr einen Lochabstand zur Montage von 10 bis 75 mm<br \/>\n8 mm x 60 mm: f\u00fcr einen Lochabstand zur Montage von 10 bis 50 mm<\/p>\n<h3>Lieferumfang 8 x 100 mm Keramikschleifstab:<\/h3>\n<ul>\n<li>1 Stk. Keramikschleifstab mit 8 mm Durchmesser und einer L\u00e4nge von 100 mm<\/li>\n<li>1 Stk. Universalhalter aus TPU mit\u00a0 L= 105 mm \/ B= 30 mm\/ H= 12 mm<\/li>\n<li><a href=\"https:\/\/ueberlebenskunst.at\/survivalshop\/shop\/2er-schraubenset\/\" target=\"_blank\" rel=\"noopener\">2er Set Schrauben mit Gummischeibe<\/a><\/li>\n<\/ul>\n<h3>Lieferumfang 8 x 60 mm Keramikschleifstab:<\/h3>\n<ul>\n<li>1 Stk. Keramikschleifstab mit 8mm Durchmesser und einer L\u00e4nge von 60 mm<\/li>\n<li>1 Stk. Universalhalter aus TPU mit\u00a0 L= 68 mm \/ B= 30 mm\/ H= 12 mm<\/li>\n<li><a href=\"https:\/\/ueberlebenskunst.at\/survivalshop\/shop\/2er-schraubenset\/\" target=\"_blank\" rel=\"noopener\">2er Set Schrauben mit Gummischeibe<\/a><\/li>\n<\/ul>\n<p>Verlierst du gerne Schrauben? Dann bestell dir doch gleich ein <a href=\"https:\/\/ueberlebenskunst.at\/survivalshop\/shop\/2er-schraubenset\/\" target=\"_blank\" rel=\"noopener\">2er Schraubenset<\/a> mit.<\/p>\n<h3>Bedienungs- &amp; Pflegeanleitung:<\/h3>\n<ul>\n<li>Die Reinigung mit Wasser und Seife ist m\u00f6glich.<\/li>\n<li>Du solltest die Steckscheide nicht direkt in die N\u00e4he von Feuer oder anderen Hitzequellen legen!<\/li>\n<li>Wird deine Steckscheide \u00fcber l\u00e4ngere Zeit sehr kalten Temperaturen unter 0 \u00b0C ausgesetzt, solltest du<br \/>\nin dem Moment darauf achten, dass keine starken Belastungen darauf einwirken.<\/li>\n<\/ul>\n<p>Unsere Produkte sind nicht f\u00fcr Kinder unter 3 Jahren geeignet. Es besteht Verschluckungsgefahr.<\/p>\n<p><a href=\"https:\/\/ueberlebenskunst.at\/survivalshop\/wp-content\/uploads\/2021\/11\/Logo_Kinder.png\"><img decoding=\"async\" class=\"alignnone size-medium wp-image-179571\" src=\"https:\/\/ueberlebenskunst.at\/survivalshop\/wp-content\/uploads\/2021\/11\/Logo_Kinder-300x126.png\" alt=\"\" width=\"300\" height=\"126\" srcset=\"https:\/\/ueberlebenskunst.at\/survivalshop\/wp-content\/uploads\/2021\/11\/Logo_Kinder-300x126.png 300w, https:\/\/ueberlebenskunst.at\/survivalshop\/wp-content\/uploads\/2021\/11\/Logo_Kinder-64x27.png 64w, https:\/\/ueberlebenskunst.at\/survivalshop\/wp-content\/uploads\/2021\/11\/Logo_Kinder.png 401w\" sizes=\"(max-width: 300px) 100vw, 300px\" \/><\/a><\/p>\n<p><span style=\"color: #99cc00;\">Du willst das Produkt in einer anderen Farbe? Schick uns eine E-Mail an shop@ueberlebenskunst.at und wir pr\u00fcfen, ob dein Farbwunsch\u00a0m\u00f6glich\u00a0ist.<\/span><\/p>\n","protected":false},"excerpt":{"rendered":"<p>Mit der Universal-Keramikschleifstab-Halterung hast du dein Schleifger\u00e4t immer direkt am Messer mit dabei. Dank der ausgekl\u00fcgelten Langl\u00f6cher ist er f\u00fcr so gut wie jede Messerscheide mit Bohrungen von mind 5,2 mm Durchmesser geeignet. Wo ein UltiClip oder Tek Lok (wie der beim Bushcraft Beaver)\u00a0 auf die Messerscheide passt, dort ist in jedem Fall auch unser [&hellip;]<\/p>\n","protected":false},"featured_media":136920,"comment_status":"open","ping_status":"closed","template":"","meta":{"_acf_changed":false},"product_brand":[],"product_cat":[1100],"product_tag":[2135,1256,1631,1632,1291],"class_list":{"0":"post-107709","1":"product","2":"type-product","3":"status-publish","4":"has-post-thumbnail","6":"product_cat-schaerfegeraete","7":"product_tag-glow-in-the-dark","8":"product_tag-k4","9":"product_tag-k4-schleifen","10":"product_tag-k4-schleifstab","11":"product_tag-k4-universal-halterung","12":"pa_farbe-glow-in-the-dark","13":"pa_farbe-gruen","14":"pa_farbe-orange","15":"pa_farbe-schwarz","17":"first","18":"instock","19":"taxable","20":"shipping-taxable","21":"purchasable","22":"product-type-variable"},"acf":[],"yoast_head":"<!-- This site is optimized with the Yoast SEO plugin v27.1.1 - https:\/\/yoast.com\/product\/yoast-seo-wordpress\/ -->\n<title>K4 Universal Keramikschleifstab Halterung + Keramikschleifstab<\/title>\n<meta name=\"description\" content=\"Mit dieser Eg\u00e4nzung deiner Messerscheide hast du dein Schleifger\u00e4t immer mit dabei und kannst dein Messer immer scharf halten\" \/>\n<meta name=\"robots\" content=\"index, follow, max-snippet:-1, max-image-preview:large, max-video-preview:-1\" \/>\n<link rel=\"canonical\" href=\"https:\/\/ueberlebenskunst.at\/survivalshop\/shop\/k4-universal-keramikschleifstab-halterung-keramikschleifstab\/\" \/>\n<meta property=\"og:locale\" content=\"de_DE\" \/>\n<meta property=\"og:type\" content=\"article\" \/>\n<meta property=\"og:title\" content=\"K4 Universal Keramikschleifstab Halterung + Keramikschleifstab\" \/>\n<meta property=\"og:description\" content=\"Mit dieser Eg\u00e4nzung deiner Messerscheide hast du dein Schleifger\u00e4t immer mit dabei und kannst dein Messer immer scharf halten\" \/>\n<meta property=\"og:url\" content=\"https:\/\/ueberlebenskunst.at\/survivalshop\/shop\/k4-universal-keramikschleifstab-halterung-keramikschleifstab\/\" \/>\n<meta property=\"og:site_name\" content=\"Reini Rossmann - Survival Shop\" \/>\n<meta property=\"article:publisher\" content=\"https:\/\/www.facebook.com\/survival24.org\/\" \/>\n<meta property=\"article:modified_time\" content=\"2026-04-13T19:55:22+00:00\" \/>\n<meta property=\"og:image\" content=\"https:\/\/ueberlebenskunst.at\/survivalshop\/wp-content\/uploads\/2022\/10\/Universal_Keramik_Schleifstab_Halterung_KSUNI100_Messer_sk.jpg\" \/>\n\t<meta property=\"og:image:width\" content=\"400\" \/>\n\t<meta property=\"og:image:height\" content=\"400\" \/>\n\t<meta property=\"og:image:type\" content=\"image\/jpeg\" \/>\n<meta name=\"twitter:card\" content=\"summary_large_image\" \/>\n<meta name=\"twitter:label1\" content=\"Gesch\u00e4tzte Lesezeit\" \/>\n\t<meta name=\"twitter:data1\" content=\"3\u00a0Minuten\" \/>\n<script type=\"application\/ld+json\" class=\"yoast-schema-graph\">{\"@context\":\"https:\/\/schema.org\",\"@graph\":[{\"@type\":\"WebPage\",\"@id\":\"https:\/\/ueberlebenskunst.at\/survivalshop\/shop\/k4-universal-keramikschleifstab-halterung-keramikschleifstab\/\",\"url\":\"https:\/\/ueberlebenskunst.at\/survivalshop\/shop\/k4-universal-keramikschleifstab-halterung-keramikschleifstab\/\",\"name\":\"K4 Universal Keramikschleifstab Halterung + Keramikschleifstab\",\"isPartOf\":{\"@id\":\"https:\/\/ueberlebenskunst.at\/survivalshop\/#website\"},\"primaryImageOfPage\":{\"@id\":\"https:\/\/ueberlebenskunst.at\/survivalshop\/shop\/k4-universal-keramikschleifstab-halterung-keramikschleifstab\/#primaryimage\"},\"image\":{\"@id\":\"https:\/\/ueberlebenskunst.at\/survivalshop\/shop\/k4-universal-keramikschleifstab-halterung-keramikschleifstab\/#primaryimage\"},\"thumbnailUrl\":\"https:\/\/ueberlebenskunst.at\/survivalshop\/wp-content\/uploads\/2022\/10\/Universal_Keramik_Schleifstab_Halterung_KSUNI100_Messer_sk.jpg\",\"datePublished\":\"2022-10-10T09:12:05+00:00\",\"dateModified\":\"2026-04-13T19:55:22+00:00\",\"description\":\"Mit dieser Eg\u00e4nzung deiner Messerscheide hast du dein Schleifger\u00e4t immer mit dabei und kannst dein Messer immer scharf halten\",\"breadcrumb\":{\"@id\":\"https:\/\/ueberlebenskunst.at\/survivalshop\/shop\/k4-universal-keramikschleifstab-halterung-keramikschleifstab\/#breadcrumb\"},\"inLanguage\":\"de\",\"potentialAction\":[{\"@type\":\"ReadAction\",\"target\":[\"https:\/\/ueberlebenskunst.at\/survivalshop\/shop\/k4-universal-keramikschleifstab-halterung-keramikschleifstab\/\"]}]},{\"@type\":\"ImageObject\",\"inLanguage\":\"de\",\"@id\":\"https:\/\/ueberlebenskunst.at\/survivalshop\/shop\/k4-universal-keramikschleifstab-halterung-keramikschleifstab\/#primaryimage\",\"url\":\"https:\/\/ueberlebenskunst.at\/survivalshop\/wp-content\/uploads\/2022\/10\/Universal_Keramik_Schleifstab_Halterung_KSUNI100_Messer_sk.jpg\",\"contentUrl\":\"https:\/\/ueberlebenskunst.at\/survivalshop\/wp-content\/uploads\/2022\/10\/Universal_Keramik_Schleifstab_Halterung_KSUNI100_Messer_sk.jpg\",\"width\":400,\"height\":400},{\"@type\":\"BreadcrumbList\",\"@id\":\"https:\/\/ueberlebenskunst.at\/survivalshop\/shop\/k4-universal-keramikschleifstab-halterung-keramikschleifstab\/#breadcrumb\",\"itemListElement\":[{\"@type\":\"ListItem\",\"position\":1,\"name\":\"Startseite\",\"item\":\"https:\/\/ueberlebenskunst.at\/survivalshop\/\"},{\"@type\":\"ListItem\",\"position\":2,\"name\":\"Shop\",\"item\":\"https:\/\/ueberlebenskunst.at\/survivalshop\/shop\/\"},{\"@type\":\"ListItem\",\"position\":3,\"name\":\"K4 Universal Keramikschleifstab Halterung + Keramikschleifstab\"}]},{\"@type\":\"WebSite\",\"@id\":\"https:\/\/ueberlebenskunst.at\/survivalshop\/#website\",\"url\":\"https:\/\/ueberlebenskunst.at\/survivalshop\/\",\"name\":\"Reini Rossmann - Survival Shop\",\"description\":\"Survival Shop f\u00fcr Survival, Bushcraft und Prepper\",\"potentialAction\":[{\"@type\":\"SearchAction\",\"target\":{\"@type\":\"EntryPoint\",\"urlTemplate\":\"https:\/\/ueberlebenskunst.at\/survivalshop\/?s={search_term_string}\"},\"query-input\":{\"@type\":\"PropertyValueSpecification\",\"valueRequired\":true,\"valueName\":\"search_term_string\"}}],\"inLanguage\":\"de\"}]}<\/script>\n<!-- \/ Yoast SEO plugin. -->","yoast_head_json":{"title":"K4 Universal Keramikschleifstab Halterung + Keramikschleifstab","description":"Mit dieser Eg\u00e4nzung deiner Messerscheide hast du dein Schleifger\u00e4t immer mit dabei und kannst dein Messer immer scharf halten","robots":{"index":"index","follow":"follow","max-snippet":"max-snippet:-1","max-image-preview":"max-image-preview:large","max-video-preview":"max-video-preview:-1"},"canonical":"https:\/\/ueberlebenskunst.at\/survivalshop\/shop\/k4-universal-keramikschleifstab-halterung-keramikschleifstab\/","og_locale":"de_DE","og_type":"article","og_title":"K4 Universal Keramikschleifstab Halterung + Keramikschleifstab","og_description":"Mit dieser Eg\u00e4nzung deiner Messerscheide hast du dein Schleifger\u00e4t immer mit dabei und kannst dein Messer immer scharf halten","og_url":"https:\/\/ueberlebenskunst.at\/survivalshop\/shop\/k4-universal-keramikschleifstab-halterung-keramikschleifstab\/","og_site_name":"Reini Rossmann - Survival Shop","article_publisher":"https:\/\/www.facebook.com\/survival24.org\/","article_modified_time":"2026-04-13T19:55:22+00:00","og_image":[{"width":400,"height":400,"url":"https:\/\/ueberlebenskunst.at\/survivalshop\/wp-content\/uploads\/2022\/10\/Universal_Keramik_Schleifstab_Halterung_KSUNI100_Messer_sk.jpg","type":"image\/jpeg"}],"twitter_card":"summary_large_image","twitter_misc":{"Gesch\u00e4tzte Lesezeit":"3\u00a0Minuten"},"schema":{"@context":"https:\/\/schema.org","@graph":[{"@type":"WebPage","@id":"https:\/\/ueberlebenskunst.at\/survivalshop\/shop\/k4-universal-keramikschleifstab-halterung-keramikschleifstab\/","url":"https:\/\/ueberlebenskunst.at\/survivalshop\/shop\/k4-universal-keramikschleifstab-halterung-keramikschleifstab\/","name":"K4 Universal Keramikschleifstab Halterung + Keramikschleifstab","isPartOf":{"@id":"https:\/\/ueberlebenskunst.at\/survivalshop\/#website"},"primaryImageOfPage":{"@id":"https:\/\/ueberlebenskunst.at\/survivalshop\/shop\/k4-universal-keramikschleifstab-halterung-keramikschleifstab\/#primaryimage"},"image":{"@id":"https:\/\/ueberlebenskunst.at\/survivalshop\/shop\/k4-universal-keramikschleifstab-halterung-keramikschleifstab\/#primaryimage"},"thumbnailUrl":"https:\/\/ueberlebenskunst.at\/survivalshop\/wp-content\/uploads\/2022\/10\/Universal_Keramik_Schleifstab_Halterung_KSUNI100_Messer_sk.jpg","datePublished":"2022-10-10T09:12:05+00:00","dateModified":"2026-04-13T19:55:22+00:00","description":"Mit dieser Eg\u00e4nzung deiner Messerscheide hast du dein Schleifger\u00e4t immer mit dabei und kannst dein Messer immer scharf halten","breadcrumb":{"@id":"https:\/\/ueberlebenskunst.at\/survivalshop\/shop\/k4-universal-keramikschleifstab-halterung-keramikschleifstab\/#breadcrumb"},"inLanguage":"de","potentialAction":[{"@type":"ReadAction","target":["https:\/\/ueberlebenskunst.at\/survivalshop\/shop\/k4-universal-keramikschleifstab-halterung-keramikschleifstab\/"]}]},{"@type":"ImageObject","inLanguage":"de","@id":"https:\/\/ueberlebenskunst.at\/survivalshop\/shop\/k4-universal-keramikschleifstab-halterung-keramikschleifstab\/#primaryimage","url":"https:\/\/ueberlebenskunst.at\/survivalshop\/wp-content\/uploads\/2022\/10\/Universal_Keramik_Schleifstab_Halterung_KSUNI100_Messer_sk.jpg","contentUrl":"https:\/\/ueberlebenskunst.at\/survivalshop\/wp-content\/uploads\/2022\/10\/Universal_Keramik_Schleifstab_Halterung_KSUNI100_Messer_sk.jpg","width":400,"height":400},{"@type":"BreadcrumbList","@id":"https:\/\/ueberlebenskunst.at\/survivalshop\/shop\/k4-universal-keramikschleifstab-halterung-keramikschleifstab\/#breadcrumb","itemListElement":[{"@type":"ListItem","position":1,"name":"Startseite","item":"https:\/\/ueberlebenskunst.at\/survivalshop\/"},{"@type":"ListItem","position":2,"name":"Shop","item":"https:\/\/ueberlebenskunst.at\/survivalshop\/shop\/"},{"@type":"ListItem","position":3,"name":"K4 Universal Keramikschleifstab Halterung + Keramikschleifstab"}]},{"@type":"WebSite","@id":"https:\/\/ueberlebenskunst.at\/survivalshop\/#website","url":"https:\/\/ueberlebenskunst.at\/survivalshop\/","name":"Reini Rossmann - Survival Shop","description":"Survival Shop f\u00fcr Survival, Bushcraft und Prepper","potentialAction":[{"@type":"SearchAction","target":{"@type":"EntryPoint","urlTemplate":"https:\/\/ueberlebenskunst.at\/survivalshop\/?s={search_term_string}"},"query-input":{"@type":"PropertyValueSpecification","valueRequired":true,"valueName":"search_term_string"}}],"inLanguage":"de"}]}},"_links":{"self":[{"href":"https:\/\/ueberlebenskunst.at\/survivalshop\/wp-json\/wp\/v2\/product\/107709","targetHints":{"allow":["GET"]}}],"collection":[{"href":"https:\/\/ueberlebenskunst.at\/survivalshop\/wp-json\/wp\/v2\/product"}],"about":[{"href":"https:\/\/ueberlebenskunst.at\/survivalshop\/wp-json\/wp\/v2\/types\/product"}],"replies":[{"embeddable":true,"href":"https:\/\/ueberlebenskunst.at\/survivalshop\/wp-json\/wp\/v2\/comments?post=107709"}],"wp:featuredmedia":[{"embeddable":true,"href":"https:\/\/ueberlebenskunst.at\/survivalshop\/wp-json\/wp\/v2\/media\/136920"}],"wp:attachment":[{"href":"https:\/\/ueberlebenskunst.at\/survivalshop\/wp-json\/wp\/v2\/media?parent=107709"}],"wp:term":[{"taxonomy":"product_brand","embeddable":true,"href":"https:\/\/ueberlebenskunst.at\/survivalshop\/wp-json\/wp\/v2\/product_brand?post=107709"},{"taxonomy":"product_cat","embeddable":true,"href":"https:\/\/ueberlebenskunst.at\/survivalshop\/wp-json\/wp\/v2\/product_cat?post=107709"},{"taxonomy":"product_tag","embeddable":true,"href":"https:\/\/ueberlebenskunst.at\/survivalshop\/wp-json\/wp\/v2\/product_tag?post=107709"}],"curies":[{"name":"wp","href":"https:\/\/api.w.org\/{rel}","templated":true}]}}