{"id":10636,"date":"2019-03-11T11:02:45","date_gmt":"2019-03-11T09:02:45","guid":{"rendered":"https:\/\/ueberlebenskunst.at\/survivalshop\/survivalshop\/?post_type=product&#038;p=10636"},"modified":"2026-01-30T15:03:11","modified_gmt":"2026-01-30T14:03:11","slug":"wasserdichte-box","status":"seo-produkt","type":"product","link":"https:\/\/ueberlebenskunst.at\/survivalshop\/shop\/wasserdichte-box\/","title":{"rendered":"Wasserdichte Box"},"content":{"rendered":"<p>Diese Wasserdichte Box ist vielseitig zum Lagern oder Mitf\u00fchren (zum Beispiel im Auto) von Ausr\u00fcstung einsetzbar.<\/p>\n<p>Wie der Titel bereits verr\u00e4t ist die Box absolut Wasserdicht und sie l\u00e4sst sich dank der zwei angebrachten \u00d6sen mit einem Vorh\u00e4ngeschloss versperren. Der Griff rastet ein und l\u00e4sst sich zum besseren verstauen auch versenken.<\/p>\n<p><strong>Technische Details:<br \/>\n<\/strong>Schnappverschluss<br \/>\nZwei \u00d6sen zum absperren der Box<br \/>\nSchlagfester Kunststoff<br \/>\nWasserdicht<br \/>\nEinrastbarer und versenkbarer Tragegriff<br \/>\nStapelbar<br \/>\nGr\u00f6\u00dfe: in zwei Gr\u00f6\u00dfen erh\u00e4ltlich<br \/>\nGewicht: ca. 1,5 kg<\/p>\n","protected":false},"excerpt":{"rendered":"<p>Diese Wasserdichte Box ist vielseitig zum Lagern oder Mitf\u00fchren (zum Beispiel im Auto) von Ausr\u00fcstung einsetzbar. Wie der Titel bereits verr\u00e4t ist die Box absolut Wasserdicht und sie l\u00e4sst sich dank der zwei angebrachten \u00d6sen mit einem Vorh\u00e4ngeschloss versperren. Der Griff rastet ein und l\u00e4sst sich zum besseren verstauen auch versenken. Technische Details: Schnappverschluss Zwei [&hellip;]<\/p>\n","protected":false},"featured_media":10642,"comment_status":"closed","ping_status":"closed","template":"","meta":{"_acf_changed":false},"product_brand":[],"product_cat":[1101],"product_tag":[],"class_list":{"0":"post-10636","1":"product","2":"type-product","3":"status-seo-produkt","4":"has-post-thumbnail","6":"product_cat-ausruestung","8":"first","9":"outofstock","10":"taxable","11":"shipping-taxable","12":"product-type-variable"},"acf":[],"yoast_head":"<!-- This site is optimized with the Yoast SEO plugin v27.1.1 - https:\/\/yoast.com\/product\/yoast-seo-wordpress\/ -->\n<title>Wasserdichte Box - Reini Rossmann - Survival Shop<\/title>\n<meta name=\"robots\" content=\"index, follow, max-snippet:-1, max-image-preview:large, max-video-preview:-1\" \/>\n<link rel=\"canonical\" href=\"https:\/\/ueberlebenskunst.at\/survivalshop\/shop\/wasserdichte-box\/\" \/>\n<meta property=\"og:locale\" content=\"de_DE\" \/>\n<meta property=\"og:type\" content=\"article\" \/>\n<meta property=\"og:title\" content=\"Wasserdichte Box - Reini Rossmann - Survival Shop\" \/>\n<meta property=\"og:description\" content=\"Diese Wasserdichte Box ist vielseitig zum Lagern oder Mitf\u00fchren (zum Beispiel im Auto) von Ausr\u00fcstung einsetzbar. Wie der Titel bereits verr\u00e4t ist die Box absolut Wasserdicht und sie l\u00e4sst sich dank der zwei angebrachten \u00d6sen mit einem Vorh\u00e4ngeschloss versperren. Der Griff rastet ein und l\u00e4sst sich zum besseren verstauen auch versenken. Technische Details: Schnappverschluss Zwei [&hellip;]\" \/>\n<meta property=\"og:url\" content=\"https:\/\/ueberlebenskunst.at\/survivalshop\/shop\/wasserdichte-box\/\" \/>\n<meta property=\"og:site_name\" content=\"Reini Rossmann - Survival Shop\" \/>\n<meta property=\"article:publisher\" content=\"https:\/\/www.facebook.com\/survival24.org\/\" \/>\n<meta property=\"article:modified_time\" content=\"2026-01-30T14:03:11+00:00\" \/>\n<meta property=\"og:image\" content=\"https:\/\/ueberlebenskunst.at\/survivalshop\/wp-content\/uploads\/2019\/03\/wasserdichte-box-large-geschlossen.jpg\" \/>\n\t<meta property=\"og:image:width\" content=\"882\" \/>\n\t<meta property=\"og:image:height\" content=\"1000\" \/>\n\t<meta property=\"og:image:type\" content=\"image\/jpeg\" \/>\n<meta name=\"twitter:card\" content=\"summary_large_image\" \/>\n<meta name=\"twitter:label1\" content=\"Gesch\u00e4tzte Lesezeit\" \/>\n\t<meta name=\"twitter:data1\" content=\"1\u00a0Minute\" \/>\n<script type=\"application\/ld+json\" class=\"yoast-schema-graph\">{\"@context\":\"https:\/\/schema.org\",\"@graph\":[{\"@type\":\"WebPage\",\"@id\":\"https:\/\/ueberlebenskunst.at\/survivalshop\/shop\/wasserdichte-box\/\",\"url\":\"https:\/\/ueberlebenskunst.at\/survivalshop\/shop\/wasserdichte-box\/\",\"name\":\"Wasserdichte Box - Reini Rossmann - Survival Shop\",\"isPartOf\":{\"@id\":\"https:\/\/ueberlebenskunst.at\/survivalshop\/#website\"},\"primaryImageOfPage\":{\"@id\":\"https:\/\/ueberlebenskunst.at\/survivalshop\/shop\/wasserdichte-box\/#primaryimage\"},\"image\":{\"@id\":\"https:\/\/ueberlebenskunst.at\/survivalshop\/shop\/wasserdichte-box\/#primaryimage\"},\"thumbnailUrl\":\"https:\/\/ueberlebenskunst.at\/survivalshop\/wp-content\/uploads\/2019\/03\/wasserdichte-box-large-geschlossen.jpg\",\"datePublished\":\"2019-03-11T09:02:45+00:00\",\"dateModified\":\"2026-01-30T14:03:11+00:00\",\"breadcrumb\":{\"@id\":\"https:\/\/ueberlebenskunst.at\/survivalshop\/shop\/wasserdichte-box\/#breadcrumb\"},\"inLanguage\":\"de\",\"potentialAction\":[{\"@type\":\"ReadAction\",\"target\":[\"https:\/\/ueberlebenskunst.at\/survivalshop\/shop\/wasserdichte-box\/\"]}]},{\"@type\":\"ImageObject\",\"inLanguage\":\"de\",\"@id\":\"https:\/\/ueberlebenskunst.at\/survivalshop\/shop\/wasserdichte-box\/#primaryimage\",\"url\":\"https:\/\/ueberlebenskunst.at\/survivalshop\/wp-content\/uploads\/2019\/03\/wasserdichte-box-large-geschlossen.jpg\",\"contentUrl\":\"https:\/\/ueberlebenskunst.at\/survivalshop\/wp-content\/uploads\/2019\/03\/wasserdichte-box-large-geschlossen.jpg\",\"width\":882,\"height\":1000,\"caption\":\"wasserdichte box large geschlossen\"},{\"@type\":\"BreadcrumbList\",\"@id\":\"https:\/\/ueberlebenskunst.at\/survivalshop\/shop\/wasserdichte-box\/#breadcrumb\",\"itemListElement\":[{\"@type\":\"ListItem\",\"position\":1,\"name\":\"Startseite\",\"item\":\"https:\/\/ueberlebenskunst.at\/survivalshop\/\"},{\"@type\":\"ListItem\",\"position\":2,\"name\":\"Shop\",\"item\":\"https:\/\/ueberlebenskunst.at\/survivalshop\/shop\/\"},{\"@type\":\"ListItem\",\"position\":3,\"name\":\"Wasserdichte Box\"}]},{\"@type\":\"WebSite\",\"@id\":\"https:\/\/ueberlebenskunst.at\/survivalshop\/#website\",\"url\":\"https:\/\/ueberlebenskunst.at\/survivalshop\/\",\"name\":\"Reini Rossmann - Survival Shop\",\"description\":\"Survival Shop f\u00fcr Survival, Bushcraft und Prepper\",\"potentialAction\":[{\"@type\":\"SearchAction\",\"target\":{\"@type\":\"EntryPoint\",\"urlTemplate\":\"https:\/\/ueberlebenskunst.at\/survivalshop\/?s={search_term_string}\"},\"query-input\":{\"@type\":\"PropertyValueSpecification\",\"valueRequired\":true,\"valueName\":\"search_term_string\"}}],\"inLanguage\":\"de\"}]}<\/script>\n<!-- \/ Yoast SEO plugin. -->","yoast_head_json":{"title":"Wasserdichte Box - Reini Rossmann - Survival Shop","robots":{"index":"index","follow":"follow","max-snippet":"max-snippet:-1","max-image-preview":"max-image-preview:large","max-video-preview":"max-video-preview:-1"},"canonical":"https:\/\/ueberlebenskunst.at\/survivalshop\/shop\/wasserdichte-box\/","og_locale":"de_DE","og_type":"article","og_title":"Wasserdichte Box - Reini Rossmann - Survival Shop","og_description":"Diese Wasserdichte Box ist vielseitig zum Lagern oder Mitf\u00fchren (zum Beispiel im Auto) von Ausr\u00fcstung einsetzbar. Wie der Titel bereits verr\u00e4t ist die Box absolut Wasserdicht und sie l\u00e4sst sich dank der zwei angebrachten \u00d6sen mit einem Vorh\u00e4ngeschloss versperren. Der Griff rastet ein und l\u00e4sst sich zum besseren verstauen auch versenken. Technische Details: Schnappverschluss Zwei [&hellip;]","og_url":"https:\/\/ueberlebenskunst.at\/survivalshop\/shop\/wasserdichte-box\/","og_site_name":"Reini Rossmann - Survival Shop","article_publisher":"https:\/\/www.facebook.com\/survival24.org\/","article_modified_time":"2026-01-30T14:03:11+00:00","og_image":[{"width":882,"height":1000,"url":"https:\/\/ueberlebenskunst.at\/survivalshop\/wp-content\/uploads\/2019\/03\/wasserdichte-box-large-geschlossen.jpg","type":"image\/jpeg"}],"twitter_card":"summary_large_image","twitter_misc":{"Gesch\u00e4tzte Lesezeit":"1\u00a0Minute"},"schema":{"@context":"https:\/\/schema.org","@graph":[{"@type":"WebPage","@id":"https:\/\/ueberlebenskunst.at\/survivalshop\/shop\/wasserdichte-box\/","url":"https:\/\/ueberlebenskunst.at\/survivalshop\/shop\/wasserdichte-box\/","name":"Wasserdichte Box - Reini Rossmann - Survival Shop","isPartOf":{"@id":"https:\/\/ueberlebenskunst.at\/survivalshop\/#website"},"primaryImageOfPage":{"@id":"https:\/\/ueberlebenskunst.at\/survivalshop\/shop\/wasserdichte-box\/#primaryimage"},"image":{"@id":"https:\/\/ueberlebenskunst.at\/survivalshop\/shop\/wasserdichte-box\/#primaryimage"},"thumbnailUrl":"https:\/\/ueberlebenskunst.at\/survivalshop\/wp-content\/uploads\/2019\/03\/wasserdichte-box-large-geschlossen.jpg","datePublished":"2019-03-11T09:02:45+00:00","dateModified":"2026-01-30T14:03:11+00:00","breadcrumb":{"@id":"https:\/\/ueberlebenskunst.at\/survivalshop\/shop\/wasserdichte-box\/#breadcrumb"},"inLanguage":"de","potentialAction":[{"@type":"ReadAction","target":["https:\/\/ueberlebenskunst.at\/survivalshop\/shop\/wasserdichte-box\/"]}]},{"@type":"ImageObject","inLanguage":"de","@id":"https:\/\/ueberlebenskunst.at\/survivalshop\/shop\/wasserdichte-box\/#primaryimage","url":"https:\/\/ueberlebenskunst.at\/survivalshop\/wp-content\/uploads\/2019\/03\/wasserdichte-box-large-geschlossen.jpg","contentUrl":"https:\/\/ueberlebenskunst.at\/survivalshop\/wp-content\/uploads\/2019\/03\/wasserdichte-box-large-geschlossen.jpg","width":882,"height":1000,"caption":"wasserdichte box large geschlossen"},{"@type":"BreadcrumbList","@id":"https:\/\/ueberlebenskunst.at\/survivalshop\/shop\/wasserdichte-box\/#breadcrumb","itemListElement":[{"@type":"ListItem","position":1,"name":"Startseite","item":"https:\/\/ueberlebenskunst.at\/survivalshop\/"},{"@type":"ListItem","position":2,"name":"Shop","item":"https:\/\/ueberlebenskunst.at\/survivalshop\/shop\/"},{"@type":"ListItem","position":3,"name":"Wasserdichte Box"}]},{"@type":"WebSite","@id":"https:\/\/ueberlebenskunst.at\/survivalshop\/#website","url":"https:\/\/ueberlebenskunst.at\/survivalshop\/","name":"Reini Rossmann - Survival Shop","description":"Survival Shop f\u00fcr Survival, Bushcraft und Prepper","potentialAction":[{"@type":"SearchAction","target":{"@type":"EntryPoint","urlTemplate":"https:\/\/ueberlebenskunst.at\/survivalshop\/?s={search_term_string}"},"query-input":{"@type":"PropertyValueSpecification","valueRequired":true,"valueName":"search_term_string"}}],"inLanguage":"de"}]}},"_links":{"self":[{"href":"https:\/\/ueberlebenskunst.at\/survivalshop\/wp-json\/wp\/v2\/product\/10636","targetHints":{"allow":["GET"]}}],"collection":[{"href":"https:\/\/ueberlebenskunst.at\/survivalshop\/wp-json\/wp\/v2\/product"}],"about":[{"href":"https:\/\/ueberlebenskunst.at\/survivalshop\/wp-json\/wp\/v2\/types\/product"}],"replies":[{"embeddable":true,"href":"https:\/\/ueberlebenskunst.at\/survivalshop\/wp-json\/wp\/v2\/comments?post=10636"}],"wp:featuredmedia":[{"embeddable":true,"href":"https:\/\/ueberlebenskunst.at\/survivalshop\/wp-json\/wp\/v2\/media\/10642"}],"wp:attachment":[{"href":"https:\/\/ueberlebenskunst.at\/survivalshop\/wp-json\/wp\/v2\/media?parent=10636"}],"wp:term":[{"taxonomy":"product_brand","embeddable":true,"href":"https:\/\/ueberlebenskunst.at\/survivalshop\/wp-json\/wp\/v2\/product_brand?post=10636"},{"taxonomy":"product_cat","embeddable":true,"href":"https:\/\/ueberlebenskunst.at\/survivalshop\/wp-json\/wp\/v2\/product_cat?post=10636"},{"taxonomy":"product_tag","embeddable":true,"href":"https:\/\/ueberlebenskunst.at\/survivalshop\/wp-json\/wp\/v2\/product_tag?post=10636"}],"curies":[{"name":"wp","href":"https:\/\/api.w.org\/{rel}","templated":true}]}}