{"id":101911,"date":"2022-09-20T12:36:01","date_gmt":"2022-09-20T10:36:01","guid":{"rendered":"https:\/\/ueberlebenskunst.at\/survivalshop\/?post_type=product&#038;p=101911"},"modified":"2026-04-16T19:14:53","modified_gmt":"2026-04-16T17:14:53","slug":"gruener-laser","status":"publish","type":"product","link":"https:\/\/ueberlebenskunst.at\/survivalshop\/shop\/gruener-laser\/","title":{"rendered":"Laser gr\u00fcn f\u00fcr Bogensport Universal Halterungen"},"content":{"rendered":"<p>Der gr\u00fcne Laser passt perfekt auf alle Bogensport Universalhalterungen wie z. B. auf unsere <a href=\"https:\/\/ueberlebenskunst.at\/survivalshop\/shop\/lampen-laserhalterung-fuer-steambow-stinger\/\" target=\"_blank\" rel=\"noopener\">Universal Halterung Steambow Stinger 2<\/a>\u00a0sowie die <a href=\"https:\/\/ueberlebenskunst.at\/survivalshop\/shop\/universal-halterung-ek-vlad-armbrust-19mm\/\">EK Vlad Halterung mit 19 mm<\/a> oder <a href=\"https:\/\/ueberlebenskunst.at\/survivalshop\/shop\/universal-halterung-adder\/\" target=\"_blank\" rel=\"noopener\">Universal Halterung Adder.<\/a><\/p>\n<p>Im Lieferumfang sind der gr\u00fcne Laser (OHNE Halterung) und eine Einwegbatterie im Format ICR14250 mit 300 mAh und 3,7 Volt enthalten.<br \/>\nMit dieser Einwegbatterie hast du gleich die M\u00f6glichkeit deinen gr\u00fcnen Laser in Betrieb zu nehmen.<br \/>\nBitte darauf achten, dass dieses Teil nicht aufgeladen werden kann. Die Ersatzbatterie findest du hier: <a href=\"https:\/\/ueberlebenskunst.at\/survivalshop\/shop\/batterie-fuer-laser-gruen\/\" target=\"_blank\" rel=\"noopener\">Batterie f\u00fcr Laser gr\u00fcn.<\/a><\/p>\n<p>An der R\u00fcckseite des Lasers befindet sich ein Druckknopf, der das Ein- und Ausschalten gew\u00e4hrleistet. Es sind keine unterschiedlichen Leuchtstufen enthalten, das bedeutet 1x dr\u00fccken EIN und ein weiteres Dr\u00fccken AUS. Der Laser kann nat\u00fcrlich mittels mitgeliefertem Inbusschl\u00fcssel in der X- und Y-Achse eingestellt werden und garantiert so eine Feinjustierung.<\/p>\n<p>Direkter Augenkontakt mit dem Laser ist im Betrieb absolut zu vermeiden!<\/p>\n<p>Dieser Laser passt in alle Universalhalterungen mit einem 19 mm Innendurchmesser. Selbstverst\u00e4ndlich ist dieser gr\u00fcne Laser auch als leistungsstarker Stand-Alone-Laserpointer ohne den Einsatz jedweder Halterung voll einsatzbereit.<\/p>\n<h3><strong>Technische Daten:<br \/>\n<\/strong><\/h3>\n<ul>\n<li>Class 2 Laser Product<\/li>\n<li>Wellenl\u00e4nge: rund 520 nm<\/li>\n<li>max. Output &lt;1 mW<\/li>\n<li>Einwegbatterie 14250 (3,7 V, 300 mAh) im Lieferumfang enthalten<\/li>\n<li>Schaftdurchmesser: 19 mm<\/li>\n<\/ul>\n<p><a href=\"https:\/\/ueberlebenskunst.at\/survivalshop\/wp-content\/uploads\/2022\/09\/LaserRadiation.jpeg\"><img decoding=\"async\" class=\"alignnone size-medium wp-image-198502\" src=\"https:\/\/ueberlebenskunst.at\/survivalshop\/wp-content\/uploads\/2022\/09\/LaserRadiation-300x152.jpeg\" alt=\"\" width=\"300\" height=\"152\" srcset=\"https:\/\/ueberlebenskunst.at\/survivalshop\/wp-content\/uploads\/2022\/09\/LaserRadiation-300x152.jpeg 300w, https:\/\/ueberlebenskunst.at\/survivalshop\/wp-content\/uploads\/2022\/09\/LaserRadiation-1024x520.jpeg 1024w, https:\/\/ueberlebenskunst.at\/survivalshop\/wp-content\/uploads\/2022\/09\/LaserRadiation-768x390.jpeg 768w, https:\/\/ueberlebenskunst.at\/survivalshop\/wp-content\/uploads\/2022\/09\/LaserRadiation-600x305.jpeg 600w, https:\/\/ueberlebenskunst.at\/survivalshop\/wp-content\/uploads\/2022\/09\/LaserRadiation-64x32.jpeg 64w, https:\/\/ueberlebenskunst.at\/survivalshop\/wp-content\/uploads\/2022\/09\/LaserRadiation.jpeg 1290w\" sizes=\"(max-width: 300px) 100vw, 300px\" \/><\/a><\/p>\n<p>Bitte informiere dich \u00fcber die gesetzlichen Regelungen in deinem Land, welche Ausr\u00fcstung auf deine Halterung montiert werden darf.<\/p>\n<p><a href=\"https:\/\/ueberlebenskunst.at\/survivalshop\/wp-content\/uploads\/2024\/12\/Beipackzettel_Laser_Lampen_111224.pdf\" target=\"_blank\" rel=\"noopener\">&gt;&gt; Download Sicherheitsdatenblatt &lt;&lt;<\/a><\/p>\n<p><a href=\"https:\/\/ueberlebenskunst.at\/survivalshop\/wp-content\/uploads\/2021\/11\/Logo_Laser.png\"><img decoding=\"async\" class=\"alignnone size-medium wp-image-179574\" src=\"https:\/\/ueberlebenskunst.at\/survivalshop\/wp-content\/uploads\/2021\/11\/Logo_Laser-300x80.png\" alt=\"\" width=\"300\" height=\"80\" srcset=\"https:\/\/ueberlebenskunst.at\/survivalshop\/wp-content\/uploads\/2021\/11\/Logo_Laser-300x80.png 300w, https:\/\/ueberlebenskunst.at\/survivalshop\/wp-content\/uploads\/2021\/11\/Logo_Laser-600x161.png 600w, https:\/\/ueberlebenskunst.at\/survivalshop\/wp-content\/uploads\/2021\/11\/Logo_Laser-64x17.png 64w, https:\/\/ueberlebenskunst.at\/survivalshop\/wp-content\/uploads\/2021\/11\/Logo_Laser.png 639w\" sizes=\"(max-width: 300px) 100vw, 300px\" \/><\/a><\/p>\n","protected":false},"excerpt":{"rendered":"<p>Der gr\u00fcne Laser passt perfekt auf alle Bogensport Universalhalterungen wie z. B. auf unsere Universal Halterung Steambow Stinger 2\u00a0sowie die EK Vlad Halterung mit 19 mm oder Universal Halterung Adder. Im Lieferumfang sind der gr\u00fcne Laser (OHNE Halterung) und eine Einwegbatterie im Format ICR14250 mit 300 mAh und 3,7 Volt enthalten. Mit dieser Einwegbatterie hast [&hellip;]<\/p>\n","protected":false},"featured_media":102180,"comment_status":"open","ping_status":"closed","template":"","meta":{"_acf_changed":false},"product_brand":[],"product_cat":[1770,1895,2332,2374,1771,1769,1894,1897,1772,2402,1768,1893],"product_tag":[825,800],"class_list":{"0":"post-101911","1":"product","2":"type-product","3":"status-publish","4":"has-post-thumbnail","6":"product_cat-ek-archery-adder","7":"product_cat-ek-archery-adder-bogensport-pfeil-kugel","8":"product_cat-ek-archery-revo-7","9":"product_cat-ek-archery-revo-7-bogensport-zubehoer","10":"product_cat-ek-archery-siege","11":"product_cat-ek-archery-vlad-bogensport-zubehoer","12":"product_cat-ek-archery-vlad-bogensport-pfeil-kugel","13":"product_cat-man-kung-alligator-bogensport-pfeil-kugel","14":"product_cat-man-kung-alligator","15":"product_cat-mey-interceptor","16":"product_cat-steambow-stinger","17":"product_cat-steambow-stinger-bogensport-pfeil-kugel","18":"product_tag-ersatzlaser","19":"product_tag-laser","21":"first","22":"instock","23":"taxable","24":"shipping-taxable","25":"purchasable","26":"product-type-simple"},"acf":[],"yoast_head":"<!-- This site is optimized with the Yoast SEO plugin v27.1.1 - https:\/\/yoast.com\/product\/yoast-seo-wordpress\/ -->\n<title>Laser gr\u00fcn f\u00fcr Bogensport Universal Halterungen<\/title>\n<meta name=\"description\" content=\"Der gr\u00fcne Ziellaser passt zum Beispiel perfekt in unsere Universal Halterung Steambow Stinger 2 oder Universal Halterung Adder.\" \/>\n<meta name=\"robots\" content=\"index, follow, max-snippet:-1, max-image-preview:large, max-video-preview:-1\" \/>\n<link rel=\"canonical\" href=\"https:\/\/ueberlebenskunst.at\/survivalshop\/shop\/gruener-laser\/\" \/>\n<meta property=\"og:locale\" content=\"de_DE\" \/>\n<meta property=\"og:type\" content=\"article\" \/>\n<meta property=\"og:title\" content=\"Laser gr\u00fcn f\u00fcr Bogensport Universal Halterungen\" \/>\n<meta property=\"og:description\" content=\"Der gr\u00fcne Ziellaser passt zum Beispiel perfekt in unsere Universal Halterung Steambow Stinger 2 oder Universal Halterung Adder.\" \/>\n<meta property=\"og:url\" content=\"https:\/\/ueberlebenskunst.at\/survivalshop\/shop\/gruener-laser\/\" \/>\n<meta property=\"og:site_name\" content=\"Reini Rossmann - Survival Shop\" \/>\n<meta property=\"article:publisher\" content=\"https:\/\/www.facebook.com\/survival24.org\/\" \/>\n<meta property=\"article:modified_time\" content=\"2026-04-16T17:14:53+00:00\" \/>\n<meta property=\"og:image\" content=\"https:\/\/ueberlebenskunst.at\/survivalshop\/wp-content\/uploads\/2022\/09\/Laser-gru\u0308n-.jpg\" \/>\n\t<meta property=\"og:image:width\" content=\"544\" \/>\n\t<meta property=\"og:image:height\" content=\"474\" \/>\n\t<meta property=\"og:image:type\" content=\"image\/jpeg\" \/>\n<meta name=\"twitter:card\" content=\"summary_large_image\" \/>\n<meta name=\"twitter:label1\" content=\"Gesch\u00e4tzte Lesezeit\" \/>\n\t<meta name=\"twitter:data1\" content=\"2\u00a0Minuten\" \/>\n<script type=\"application\/ld+json\" class=\"yoast-schema-graph\">{\"@context\":\"https:\/\/schema.org\",\"@graph\":[{\"@type\":\"WebPage\",\"@id\":\"https:\/\/ueberlebenskunst.at\/survivalshop\/shop\/gruener-laser\/\",\"url\":\"https:\/\/ueberlebenskunst.at\/survivalshop\/shop\/gruener-laser\/\",\"name\":\"Laser gr\u00fcn f\u00fcr Bogensport Universal Halterungen\",\"isPartOf\":{\"@id\":\"https:\/\/ueberlebenskunst.at\/survivalshop\/#website\"},\"primaryImageOfPage\":{\"@id\":\"https:\/\/ueberlebenskunst.at\/survivalshop\/shop\/gruener-laser\/#primaryimage\"},\"image\":{\"@id\":\"https:\/\/ueberlebenskunst.at\/survivalshop\/shop\/gruener-laser\/#primaryimage\"},\"thumbnailUrl\":\"https:\/\/ueberlebenskunst.at\/survivalshop\/wp-content\/uploads\/2022\/09\/Laser-gru\u0308n-.jpg\",\"datePublished\":\"2022-09-20T10:36:01+00:00\",\"dateModified\":\"2026-04-16T17:14:53+00:00\",\"description\":\"Der gr\u00fcne Ziellaser passt zum Beispiel perfekt in unsere Universal Halterung Steambow Stinger 2 oder Universal Halterung Adder.\",\"breadcrumb\":{\"@id\":\"https:\/\/ueberlebenskunst.at\/survivalshop\/shop\/gruener-laser\/#breadcrumb\"},\"inLanguage\":\"de\",\"potentialAction\":[{\"@type\":\"ReadAction\",\"target\":[\"https:\/\/ueberlebenskunst.at\/survivalshop\/shop\/gruener-laser\/\"]}]},{\"@type\":\"ImageObject\",\"inLanguage\":\"de\",\"@id\":\"https:\/\/ueberlebenskunst.at\/survivalshop\/shop\/gruener-laser\/#primaryimage\",\"url\":\"https:\/\/ueberlebenskunst.at\/survivalshop\/wp-content\/uploads\/2022\/09\/Laser-gru\u0308n-.jpg\",\"contentUrl\":\"https:\/\/ueberlebenskunst.at\/survivalshop\/wp-content\/uploads\/2022\/09\/Laser-gru\u0308n-.jpg\",\"width\":544,\"height\":474},{\"@type\":\"BreadcrumbList\",\"@id\":\"https:\/\/ueberlebenskunst.at\/survivalshop\/shop\/gruener-laser\/#breadcrumb\",\"itemListElement\":[{\"@type\":\"ListItem\",\"position\":1,\"name\":\"Startseite\",\"item\":\"https:\/\/ueberlebenskunst.at\/survivalshop\/\"},{\"@type\":\"ListItem\",\"position\":2,\"name\":\"Shop\",\"item\":\"https:\/\/ueberlebenskunst.at\/survivalshop\/shop\/\"},{\"@type\":\"ListItem\",\"position\":3,\"name\":\"Laser gr\u00fcn f\u00fcr Bogensport Universal Halterungen\"}]},{\"@type\":\"WebSite\",\"@id\":\"https:\/\/ueberlebenskunst.at\/survivalshop\/#website\",\"url\":\"https:\/\/ueberlebenskunst.at\/survivalshop\/\",\"name\":\"Reini Rossmann - Survival Shop\",\"description\":\"Survival Shop f\u00fcr Survival, Bushcraft und Prepper\",\"potentialAction\":[{\"@type\":\"SearchAction\",\"target\":{\"@type\":\"EntryPoint\",\"urlTemplate\":\"https:\/\/ueberlebenskunst.at\/survivalshop\/?s={search_term_string}\"},\"query-input\":{\"@type\":\"PropertyValueSpecification\",\"valueRequired\":true,\"valueName\":\"search_term_string\"}}],\"inLanguage\":\"de\"}]}<\/script>\n<!-- \/ Yoast SEO plugin. -->","yoast_head_json":{"title":"Laser gr\u00fcn f\u00fcr Bogensport Universal Halterungen","description":"Der gr\u00fcne Ziellaser passt zum Beispiel perfekt in unsere Universal Halterung Steambow Stinger 2 oder Universal Halterung Adder.","robots":{"index":"index","follow":"follow","max-snippet":"max-snippet:-1","max-image-preview":"max-image-preview:large","max-video-preview":"max-video-preview:-1"},"canonical":"https:\/\/ueberlebenskunst.at\/survivalshop\/shop\/gruener-laser\/","og_locale":"de_DE","og_type":"article","og_title":"Laser gr\u00fcn f\u00fcr Bogensport Universal Halterungen","og_description":"Der gr\u00fcne Ziellaser passt zum Beispiel perfekt in unsere Universal Halterung Steambow Stinger 2 oder Universal Halterung Adder.","og_url":"https:\/\/ueberlebenskunst.at\/survivalshop\/shop\/gruener-laser\/","og_site_name":"Reini Rossmann - Survival Shop","article_publisher":"https:\/\/www.facebook.com\/survival24.org\/","article_modified_time":"2026-04-16T17:14:53+00:00","og_image":[{"width":544,"height":474,"url":"https:\/\/ueberlebenskunst.at\/survivalshop\/wp-content\/uploads\/2022\/09\/Laser-gru\u0308n-.jpg","type":"image\/jpeg"}],"twitter_card":"summary_large_image","twitter_misc":{"Gesch\u00e4tzte Lesezeit":"2\u00a0Minuten"},"schema":{"@context":"https:\/\/schema.org","@graph":[{"@type":"WebPage","@id":"https:\/\/ueberlebenskunst.at\/survivalshop\/shop\/gruener-laser\/","url":"https:\/\/ueberlebenskunst.at\/survivalshop\/shop\/gruener-laser\/","name":"Laser gr\u00fcn f\u00fcr Bogensport Universal Halterungen","isPartOf":{"@id":"https:\/\/ueberlebenskunst.at\/survivalshop\/#website"},"primaryImageOfPage":{"@id":"https:\/\/ueberlebenskunst.at\/survivalshop\/shop\/gruener-laser\/#primaryimage"},"image":{"@id":"https:\/\/ueberlebenskunst.at\/survivalshop\/shop\/gruener-laser\/#primaryimage"},"thumbnailUrl":"https:\/\/ueberlebenskunst.at\/survivalshop\/wp-content\/uploads\/2022\/09\/Laser-gru\u0308n-.jpg","datePublished":"2022-09-20T10:36:01+00:00","dateModified":"2026-04-16T17:14:53+00:00","description":"Der gr\u00fcne Ziellaser passt zum Beispiel perfekt in unsere Universal Halterung Steambow Stinger 2 oder Universal Halterung Adder.","breadcrumb":{"@id":"https:\/\/ueberlebenskunst.at\/survivalshop\/shop\/gruener-laser\/#breadcrumb"},"inLanguage":"de","potentialAction":[{"@type":"ReadAction","target":["https:\/\/ueberlebenskunst.at\/survivalshop\/shop\/gruener-laser\/"]}]},{"@type":"ImageObject","inLanguage":"de","@id":"https:\/\/ueberlebenskunst.at\/survivalshop\/shop\/gruener-laser\/#primaryimage","url":"https:\/\/ueberlebenskunst.at\/survivalshop\/wp-content\/uploads\/2022\/09\/Laser-gru\u0308n-.jpg","contentUrl":"https:\/\/ueberlebenskunst.at\/survivalshop\/wp-content\/uploads\/2022\/09\/Laser-gru\u0308n-.jpg","width":544,"height":474},{"@type":"BreadcrumbList","@id":"https:\/\/ueberlebenskunst.at\/survivalshop\/shop\/gruener-laser\/#breadcrumb","itemListElement":[{"@type":"ListItem","position":1,"name":"Startseite","item":"https:\/\/ueberlebenskunst.at\/survivalshop\/"},{"@type":"ListItem","position":2,"name":"Shop","item":"https:\/\/ueberlebenskunst.at\/survivalshop\/shop\/"},{"@type":"ListItem","position":3,"name":"Laser gr\u00fcn f\u00fcr Bogensport Universal Halterungen"}]},{"@type":"WebSite","@id":"https:\/\/ueberlebenskunst.at\/survivalshop\/#website","url":"https:\/\/ueberlebenskunst.at\/survivalshop\/","name":"Reini Rossmann - Survival Shop","description":"Survival Shop f\u00fcr Survival, Bushcraft und Prepper","potentialAction":[{"@type":"SearchAction","target":{"@type":"EntryPoint","urlTemplate":"https:\/\/ueberlebenskunst.at\/survivalshop\/?s={search_term_string}"},"query-input":{"@type":"PropertyValueSpecification","valueRequired":true,"valueName":"search_term_string"}}],"inLanguage":"de"}]}},"_links":{"self":[{"href":"https:\/\/ueberlebenskunst.at\/survivalshop\/wp-json\/wp\/v2\/product\/101911","targetHints":{"allow":["GET"]}}],"collection":[{"href":"https:\/\/ueberlebenskunst.at\/survivalshop\/wp-json\/wp\/v2\/product"}],"about":[{"href":"https:\/\/ueberlebenskunst.at\/survivalshop\/wp-json\/wp\/v2\/types\/product"}],"replies":[{"embeddable":true,"href":"https:\/\/ueberlebenskunst.at\/survivalshop\/wp-json\/wp\/v2\/comments?post=101911"}],"wp:featuredmedia":[{"embeddable":true,"href":"https:\/\/ueberlebenskunst.at\/survivalshop\/wp-json\/wp\/v2\/media\/102180"}],"wp:attachment":[{"href":"https:\/\/ueberlebenskunst.at\/survivalshop\/wp-json\/wp\/v2\/media?parent=101911"}],"wp:term":[{"taxonomy":"product_brand","embeddable":true,"href":"https:\/\/ueberlebenskunst.at\/survivalshop\/wp-json\/wp\/v2\/product_brand?post=101911"},{"taxonomy":"product_cat","embeddable":true,"href":"https:\/\/ueberlebenskunst.at\/survivalshop\/wp-json\/wp\/v2\/product_cat?post=101911"},{"taxonomy":"product_tag","embeddable":true,"href":"https:\/\/ueberlebenskunst.at\/survivalshop\/wp-json\/wp\/v2\/product_tag?post=101911"}],"curies":[{"name":"wp","href":"https:\/\/api.w.org\/{rel}","templated":true}]}}