{"id":101276,"date":"2022-09-17T15:02:04","date_gmt":"2022-09-17T13:02:04","guid":{"rendered":"https:\/\/ueberlebenskunst.at\/survivalshop\/?post_type=product&#038;p=101276"},"modified":"2026-03-31T11:16:09","modified_gmt":"2026-03-31T09:16:09","slug":"k4-feuerstahlhalter-fuer-faellkniven-f1z","status":"publish","type":"product","link":"https:\/\/ueberlebenskunst.at\/survivalshop\/shop\/k4-feuerstahlhalter-fuer-faellkniven-f1z\/","title":{"rendered":"K4 Feuerstahl Halterung inkl. Feuerstahl f\u00fcr F\u00e4llkniven F1z Standard + F1z Advanced"},"content":{"rendered":"<p>Der K4 Feuerstahl Halterung f\u00fcr das F\u00e4llkniven F1 in der Zytelscheide ist die ideale Erweiterung f\u00fcr dein F\u00e4llkniven Piloten Survival Messer.<\/p>\n<p>Die Made in Austria Kunststoffscheide passt sich perfekt an die Formen des F\u00e4llkniven F1z an. Die beiden mitgelieferten <a href=\"https:\/\/ueberlebenskunst.at\/survivalshop\/shop\/k4-2er-schraubenset-9mm\/\" target=\"_blank\" rel=\"noopener\">Schrauben<\/a> garantieren 100prozentig sicheren Halt.<\/p>\n<p>Der Feuerstahlhalter ist f\u00fcr Links- und Rechtsh\u00e4nder gleicherma\u00dfen montierbar und bietet sicheren Halt f\u00fcr den Feuerstahl an der Scheide deines F\u00e4llkniven F1.<\/p>\n<p>Verlierst du auch gerne Schrauben? Bestell dir doch gleich die <a href=\"https:\/\/ueberlebenskunst.at\/survivalshop\/shop\/k4-2er-schraubenset-9mm\/\" target=\"_blank\" rel=\"noopener\">passenden 9 mm Ersatzschrauben<\/a> dazu.<\/p>\n<p>In den Varianten Rautenmuster und Fuzzy Stil (FS) erh\u00e4ltlich.<\/p>\n<h3>Lieferumfang F1z Standard Scheide:<\/h3>\n<ul>\n<li>Scheide mit einfachem Feuerstahl<\/li>\n<li><a href=\"https:\/\/ueberlebenskunst.at\/survivalshop\/shop\/k4-2er-schraubenset-9mm\/\" target=\"_blank\" rel=\"noopener\">M5 TekLok Schrauben zur Befestigung<\/a><\/li>\n<li>Das auf den Bildern gezeigte Messer ist NICHT im Lieferumfang enthalten!<\/li>\n<\/ul>\n<p>&nbsp;<\/p>\n<h3>Produktdaten F1z Advanced Scheide:<\/h3>\n<ul>\n<li>Gewicht: 25 g<\/li>\n<li>Abmessungen: 34 x 60 x 62 mm<\/li>\n<\/ul>\n<h3>Lieferumfang F1z Advanced Scheide:<\/h3>\n<ul>\n<li>Scheide inkl. Feuerstahl mit elastischer Kordel und Befestigungsmaterial<\/li>\n<li>Das auf den Bildern gezeigte Messer ist NICHT im Lieferumfang enthalten!<\/li>\n<\/ul>\n<h3>Passendes, extra erh\u00e4ltliches Zubeh\u00f6r:<\/h3>\n<ul>\n<li><a href=\"https:\/\/ueberlebenskunst.at\/survivalshop\/shop\/k4-ersatz-feuerstahl-mit-flexiband\/\" target=\"_blank\" rel=\"noopener\">Ersatz-Feuerstahl<\/a><\/li>\n<\/ul>\n<h3>Bedienungs- &amp; Pflegeanleitung:<\/h3>\n<ul>\n<li>Die Reinigung mit Wasser und Seife ist m\u00f6glich.<\/li>\n<li>Du solltest das Produkt nicht direkt in die N\u00e4he von Feuer oder anderen Hitzequellen legen!<\/li>\n<li>Wird dein Feuerstahlhalter \u00fcber l\u00e4ngere Zeit sehr kalten Temperaturen unter 0 \u00b0C ausgesetzt, solltest du<br \/>\nin dem Moment darauf achten, dass keine starken Belastungen darauf einwirken.<\/li>\n<\/ul>\n<p>Unsere Produkte sind nicht f\u00fcr Kinder unter 3 Jahren geeignet. Es besteht Verschluckungsgefahr.<\/p>\n<p><a href=\"https:\/\/ueberlebenskunst.at\/survivalshop\/wp-content\/uploads\/2021\/11\/Logo_Kinder.png\"><img decoding=\"async\" class=\"alignnone size-medium wp-image-179571\" src=\"https:\/\/ueberlebenskunst.at\/survivalshop\/wp-content\/uploads\/2021\/11\/Logo_Kinder-300x126.png\" alt=\"\" width=\"300\" height=\"126\" srcset=\"https:\/\/ueberlebenskunst.at\/survivalshop\/wp-content\/uploads\/2021\/11\/Logo_Kinder-300x126.png 300w, https:\/\/ueberlebenskunst.at\/survivalshop\/wp-content\/uploads\/2021\/11\/Logo_Kinder-64x27.png 64w, https:\/\/ueberlebenskunst.at\/survivalshop\/wp-content\/uploads\/2021\/11\/Logo_Kinder.png 401w\" sizes=\"(max-width: 300px) 100vw, 300px\" \/><\/a><\/p>\n","protected":false},"excerpt":{"rendered":"<p>Der K4 Feuerstahl Halterung f\u00fcr das F\u00e4llkniven F1 in der Zytelscheide ist die ideale Erweiterung f\u00fcr dein F\u00e4llkniven Piloten Survival Messer. Die Made in Austria Kunststoffscheide passt sich perfekt an die Formen des F\u00e4llkniven F1z an. Die beiden mitgelieferten Schrauben garantieren 100prozentig sicheren Halt. Der Feuerstahlhalter ist f\u00fcr Links- und Rechtsh\u00e4nder gleicherma\u00dfen montierbar und bietet [&hellip;]<\/p>\n","protected":false},"featured_media":136811,"comment_status":"open","ping_status":"closed","template":"","meta":{"_acf_changed":false},"product_brand":[],"product_cat":[1790],"product_tag":[133,1256,1255],"class_list":{"0":"post-101276","1":"product","2":"type-product","3":"status-publish","4":"has-post-thumbnail","6":"product_cat-knives-4","7":"product_tag-faellkniven","8":"product_tag-k4","9":"product_tag-knives4","11":"first","12":"instock","13":"taxable","14":"shipping-taxable","15":"purchasable","16":"product-type-variable"},"acf":[],"yoast_head":"<!-- This site is optimized with the Yoast SEO plugin v27.1.1 - https:\/\/yoast.com\/product\/yoast-seo-wordpress\/ -->\n<title>K4 Feuerstahl Halterung inkl. Feuerstahl f\u00fcr F\u00e4llkniven F1z Standard + F1z Advanced<\/title>\n<meta name=\"description\" content=\"Der K4 Feuerstahl Halterung f\u00fcr F\u00e4llkniven F1z ist die ideale Erweiterung f\u00fcr dein F\u00e4llkniven F1z Messer.\" \/>\n<meta name=\"robots\" content=\"index, follow, max-snippet:-1, max-image-preview:large, max-video-preview:-1\" \/>\n<link rel=\"canonical\" href=\"https:\/\/ueberlebenskunst.at\/survivalshop\/shop\/k4-feuerstahlhalter-fuer-faellkniven-f1z\/\" \/>\n<meta property=\"og:locale\" content=\"de_DE\" \/>\n<meta property=\"og:type\" content=\"article\" \/>\n<meta property=\"og:title\" content=\"K4 Feuerstahl Halterung inkl. Feuerstahl f\u00fcr F\u00e4llkniven F1z Standard + F1z Advanced\" \/>\n<meta property=\"og:description\" content=\"Der K4 Feuerstahl Halterung f\u00fcr F\u00e4llkniven F1z ist die ideale Erweiterung f\u00fcr dein F\u00e4llkniven F1z Messer.\" \/>\n<meta property=\"og:url\" content=\"https:\/\/ueberlebenskunst.at\/survivalshop\/shop\/k4-feuerstahlhalter-fuer-faellkniven-f1z\/\" \/>\n<meta property=\"og:site_name\" content=\"Reini Rossmann - Survival Shop\" \/>\n<meta property=\"article:publisher\" content=\"https:\/\/www.facebook.com\/survival24.org\/\" \/>\n<meta property=\"article:modified_time\" content=\"2026-03-31T09:16:09+00:00\" \/>\n<meta property=\"og:image\" content=\"https:\/\/ueberlebenskunst.at\/survivalshop\/wp-content\/uploads\/2022\/09\/Feuerstahlhalterung_Faellkniven_F1_Kydex_Text_sk-1.jpg\" \/>\n\t<meta property=\"og:image:width\" content=\"400\" \/>\n\t<meta property=\"og:image:height\" content=\"400\" \/>\n\t<meta property=\"og:image:type\" content=\"image\/jpeg\" \/>\n<meta name=\"twitter:card\" content=\"summary_large_image\" \/>\n<meta name=\"twitter:label1\" content=\"Gesch\u00e4tzte Lesezeit\" \/>\n\t<meta name=\"twitter:data1\" content=\"2\u00a0Minuten\" \/>\n<script type=\"application\/ld+json\" class=\"yoast-schema-graph\">{\"@context\":\"https:\/\/schema.org\",\"@graph\":[{\"@type\":\"WebPage\",\"@id\":\"https:\/\/ueberlebenskunst.at\/survivalshop\/shop\/k4-feuerstahlhalter-fuer-faellkniven-f1z\/\",\"url\":\"https:\/\/ueberlebenskunst.at\/survivalshop\/shop\/k4-feuerstahlhalter-fuer-faellkniven-f1z\/\",\"name\":\"K4 Feuerstahl Halterung inkl. Feuerstahl f\u00fcr F\u00e4llkniven F1z Standard + F1z Advanced\",\"isPartOf\":{\"@id\":\"https:\/\/ueberlebenskunst.at\/survivalshop\/#website\"},\"primaryImageOfPage\":{\"@id\":\"https:\/\/ueberlebenskunst.at\/survivalshop\/shop\/k4-feuerstahlhalter-fuer-faellkniven-f1z\/#primaryimage\"},\"image\":{\"@id\":\"https:\/\/ueberlebenskunst.at\/survivalshop\/shop\/k4-feuerstahlhalter-fuer-faellkniven-f1z\/#primaryimage\"},\"thumbnailUrl\":\"https:\/\/ueberlebenskunst.at\/survivalshop\/wp-content\/uploads\/2022\/09\/Feuerstahlhalterung_Faellkniven_F1_Kydex_Text_sk-1.jpg\",\"datePublished\":\"2022-09-17T13:02:04+00:00\",\"dateModified\":\"2026-03-31T09:16:09+00:00\",\"description\":\"Der K4 Feuerstahl Halterung f\u00fcr F\u00e4llkniven F1z ist die ideale Erweiterung f\u00fcr dein F\u00e4llkniven F1z Messer.\",\"breadcrumb\":{\"@id\":\"https:\/\/ueberlebenskunst.at\/survivalshop\/shop\/k4-feuerstahlhalter-fuer-faellkniven-f1z\/#breadcrumb\"},\"inLanguage\":\"de\",\"potentialAction\":[{\"@type\":\"ReadAction\",\"target\":[\"https:\/\/ueberlebenskunst.at\/survivalshop\/shop\/k4-feuerstahlhalter-fuer-faellkniven-f1z\/\"]}]},{\"@type\":\"ImageObject\",\"inLanguage\":\"de\",\"@id\":\"https:\/\/ueberlebenskunst.at\/survivalshop\/shop\/k4-feuerstahlhalter-fuer-faellkniven-f1z\/#primaryimage\",\"url\":\"https:\/\/ueberlebenskunst.at\/survivalshop\/wp-content\/uploads\/2022\/09\/Feuerstahlhalterung_Faellkniven_F1_Kydex_Text_sk-1.jpg\",\"contentUrl\":\"https:\/\/ueberlebenskunst.at\/survivalshop\/wp-content\/uploads\/2022\/09\/Feuerstahlhalterung_Faellkniven_F1_Kydex_Text_sk-1.jpg\",\"width\":400,\"height\":400},{\"@type\":\"BreadcrumbList\",\"@id\":\"https:\/\/ueberlebenskunst.at\/survivalshop\/shop\/k4-feuerstahlhalter-fuer-faellkniven-f1z\/#breadcrumb\",\"itemListElement\":[{\"@type\":\"ListItem\",\"position\":1,\"name\":\"Startseite\",\"item\":\"https:\/\/ueberlebenskunst.at\/survivalshop\/\"},{\"@type\":\"ListItem\",\"position\":2,\"name\":\"Shop\",\"item\":\"https:\/\/ueberlebenskunst.at\/survivalshop\/shop\/\"},{\"@type\":\"ListItem\",\"position\":3,\"name\":\"K4 Feuerstahl Halterung inkl. Feuerstahl f\u00fcr F\u00e4llkniven F1z Standard + F1z Advanced\"}]},{\"@type\":\"WebSite\",\"@id\":\"https:\/\/ueberlebenskunst.at\/survivalshop\/#website\",\"url\":\"https:\/\/ueberlebenskunst.at\/survivalshop\/\",\"name\":\"Reini Rossmann - Survival Shop\",\"description\":\"Survival Shop f\u00fcr Survival, Bushcraft und Prepper\",\"potentialAction\":[{\"@type\":\"SearchAction\",\"target\":{\"@type\":\"EntryPoint\",\"urlTemplate\":\"https:\/\/ueberlebenskunst.at\/survivalshop\/?s={search_term_string}\"},\"query-input\":{\"@type\":\"PropertyValueSpecification\",\"valueRequired\":true,\"valueName\":\"search_term_string\"}}],\"inLanguage\":\"de\"}]}<\/script>\n<!-- \/ Yoast SEO plugin. -->","yoast_head_json":{"title":"K4 Feuerstahl Halterung inkl. Feuerstahl f\u00fcr F\u00e4llkniven F1z Standard + F1z Advanced","description":"Der K4 Feuerstahl Halterung f\u00fcr F\u00e4llkniven F1z ist die ideale Erweiterung f\u00fcr dein F\u00e4llkniven F1z Messer.","robots":{"index":"index","follow":"follow","max-snippet":"max-snippet:-1","max-image-preview":"max-image-preview:large","max-video-preview":"max-video-preview:-1"},"canonical":"https:\/\/ueberlebenskunst.at\/survivalshop\/shop\/k4-feuerstahlhalter-fuer-faellkniven-f1z\/","og_locale":"de_DE","og_type":"article","og_title":"K4 Feuerstahl Halterung inkl. Feuerstahl f\u00fcr F\u00e4llkniven F1z Standard + F1z Advanced","og_description":"Der K4 Feuerstahl Halterung f\u00fcr F\u00e4llkniven F1z ist die ideale Erweiterung f\u00fcr dein F\u00e4llkniven F1z Messer.","og_url":"https:\/\/ueberlebenskunst.at\/survivalshop\/shop\/k4-feuerstahlhalter-fuer-faellkniven-f1z\/","og_site_name":"Reini Rossmann - Survival Shop","article_publisher":"https:\/\/www.facebook.com\/survival24.org\/","article_modified_time":"2026-03-31T09:16:09+00:00","og_image":[{"width":400,"height":400,"url":"https:\/\/ueberlebenskunst.at\/survivalshop\/wp-content\/uploads\/2022\/09\/Feuerstahlhalterung_Faellkniven_F1_Kydex_Text_sk-1.jpg","type":"image\/jpeg"}],"twitter_card":"summary_large_image","twitter_misc":{"Gesch\u00e4tzte Lesezeit":"2\u00a0Minuten"},"schema":{"@context":"https:\/\/schema.org","@graph":[{"@type":"WebPage","@id":"https:\/\/ueberlebenskunst.at\/survivalshop\/shop\/k4-feuerstahlhalter-fuer-faellkniven-f1z\/","url":"https:\/\/ueberlebenskunst.at\/survivalshop\/shop\/k4-feuerstahlhalter-fuer-faellkniven-f1z\/","name":"K4 Feuerstahl Halterung inkl. Feuerstahl f\u00fcr F\u00e4llkniven F1z Standard + F1z Advanced","isPartOf":{"@id":"https:\/\/ueberlebenskunst.at\/survivalshop\/#website"},"primaryImageOfPage":{"@id":"https:\/\/ueberlebenskunst.at\/survivalshop\/shop\/k4-feuerstahlhalter-fuer-faellkniven-f1z\/#primaryimage"},"image":{"@id":"https:\/\/ueberlebenskunst.at\/survivalshop\/shop\/k4-feuerstahlhalter-fuer-faellkniven-f1z\/#primaryimage"},"thumbnailUrl":"https:\/\/ueberlebenskunst.at\/survivalshop\/wp-content\/uploads\/2022\/09\/Feuerstahlhalterung_Faellkniven_F1_Kydex_Text_sk-1.jpg","datePublished":"2022-09-17T13:02:04+00:00","dateModified":"2026-03-31T09:16:09+00:00","description":"Der K4 Feuerstahl Halterung f\u00fcr F\u00e4llkniven F1z ist die ideale Erweiterung f\u00fcr dein F\u00e4llkniven F1z Messer.","breadcrumb":{"@id":"https:\/\/ueberlebenskunst.at\/survivalshop\/shop\/k4-feuerstahlhalter-fuer-faellkniven-f1z\/#breadcrumb"},"inLanguage":"de","potentialAction":[{"@type":"ReadAction","target":["https:\/\/ueberlebenskunst.at\/survivalshop\/shop\/k4-feuerstahlhalter-fuer-faellkniven-f1z\/"]}]},{"@type":"ImageObject","inLanguage":"de","@id":"https:\/\/ueberlebenskunst.at\/survivalshop\/shop\/k4-feuerstahlhalter-fuer-faellkniven-f1z\/#primaryimage","url":"https:\/\/ueberlebenskunst.at\/survivalshop\/wp-content\/uploads\/2022\/09\/Feuerstahlhalterung_Faellkniven_F1_Kydex_Text_sk-1.jpg","contentUrl":"https:\/\/ueberlebenskunst.at\/survivalshop\/wp-content\/uploads\/2022\/09\/Feuerstahlhalterung_Faellkniven_F1_Kydex_Text_sk-1.jpg","width":400,"height":400},{"@type":"BreadcrumbList","@id":"https:\/\/ueberlebenskunst.at\/survivalshop\/shop\/k4-feuerstahlhalter-fuer-faellkniven-f1z\/#breadcrumb","itemListElement":[{"@type":"ListItem","position":1,"name":"Startseite","item":"https:\/\/ueberlebenskunst.at\/survivalshop\/"},{"@type":"ListItem","position":2,"name":"Shop","item":"https:\/\/ueberlebenskunst.at\/survivalshop\/shop\/"},{"@type":"ListItem","position":3,"name":"K4 Feuerstahl Halterung inkl. Feuerstahl f\u00fcr F\u00e4llkniven F1z Standard + F1z Advanced"}]},{"@type":"WebSite","@id":"https:\/\/ueberlebenskunst.at\/survivalshop\/#website","url":"https:\/\/ueberlebenskunst.at\/survivalshop\/","name":"Reini Rossmann - Survival Shop","description":"Survival Shop f\u00fcr Survival, Bushcraft und Prepper","potentialAction":[{"@type":"SearchAction","target":{"@type":"EntryPoint","urlTemplate":"https:\/\/ueberlebenskunst.at\/survivalshop\/?s={search_term_string}"},"query-input":{"@type":"PropertyValueSpecification","valueRequired":true,"valueName":"search_term_string"}}],"inLanguage":"de"}]}},"_links":{"self":[{"href":"https:\/\/ueberlebenskunst.at\/survivalshop\/wp-json\/wp\/v2\/product\/101276","targetHints":{"allow":["GET"]}}],"collection":[{"href":"https:\/\/ueberlebenskunst.at\/survivalshop\/wp-json\/wp\/v2\/product"}],"about":[{"href":"https:\/\/ueberlebenskunst.at\/survivalshop\/wp-json\/wp\/v2\/types\/product"}],"replies":[{"embeddable":true,"href":"https:\/\/ueberlebenskunst.at\/survivalshop\/wp-json\/wp\/v2\/comments?post=101276"}],"wp:featuredmedia":[{"embeddable":true,"href":"https:\/\/ueberlebenskunst.at\/survivalshop\/wp-json\/wp\/v2\/media\/136811"}],"wp:attachment":[{"href":"https:\/\/ueberlebenskunst.at\/survivalshop\/wp-json\/wp\/v2\/media?parent=101276"}],"wp:term":[{"taxonomy":"product_brand","embeddable":true,"href":"https:\/\/ueberlebenskunst.at\/survivalshop\/wp-json\/wp\/v2\/product_brand?post=101276"},{"taxonomy":"product_cat","embeddable":true,"href":"https:\/\/ueberlebenskunst.at\/survivalshop\/wp-json\/wp\/v2\/product_cat?post=101276"},{"taxonomy":"product_tag","embeddable":true,"href":"https:\/\/ueberlebenskunst.at\/survivalshop\/wp-json\/wp\/v2\/product_tag?post=101276"}],"curies":[{"name":"wp","href":"https:\/\/api.w.org\/{rel}","templated":true}]}}